{"id":14088,"date":"2025-09-11T17:13:47","date_gmt":"2025-09-11T15:13:47","guid":{"rendered":"https:\/\/thelyflabs.com\/?post_type=product&#038;p=14088"},"modified":"2026-04-16T11:06:45","modified_gmt":"2026-04-16T09:06:45","slug":"cartucho-desechable-e8h-90-gorilla-glue-1ml","status":"publish","type":"product","link":"https:\/\/thelyflabs.com\/fr\/product\/cartucho-desechable-e8h-90-gorilla-glue-1ml","title":{"rendered":"Cartouche jetable E8H 90% \u2013 Gorilla Glue 1 ml"},"content":{"rendered":"<h2><b>Cartouche Gorilla Glue E8H \u2013 Cartouche CBD jetable aromatis\u00e9e Gorilla Glue\u00a0: ressentez la puissance du cannabis l\u00e9gal<\/b><\/h2>\n<p>D\u00e9couvrez le <b>Cartouche jetable E8H<\/b> avec des terp\u00e8nes de <b>Colle Gorille<\/b>Con\u00e7u pour une exp\u00e9rience de vapotage exceptionnelle. Inspir\u00e9 par le profil aromatique reconnu de la vari\u00e9t\u00e9. <b>Colle Gorille<\/b>, cette cartouche jetable n&#039;est pas n&#039;importe quelle cartouche : elle est charg\u00e9e de la mol\u00e9cule innovante <b>E8H \u00e0 90%<\/b> pour vous offrir une sensation intense, immersive et totalement unique.<\/p>\n<p>Si vous recherchez une saveur terreuse et robuste qui \u00e9veille vos sens, vous \u00eates au bon endroit. Le design du <b>Cartouche jetable Gorilla Glue E8H<\/b> C&#039;est si simple que vous en tomberez amoureux : branchez-le simplement sur votre batterie 510 et plongez-vous dans une nouvelle dimension de saveur et de d\u00e9tente.<\/p>\n<p>&nbsp;<\/p>\n<h3><b>Qu&#039;est-ce que E8H ?<\/b><\/h3>\n<p>Nos cartouches <b>E8H<\/b> contiennent un 90% de cette mol\u00e9cule semi-synth\u00e9tique de derni\u00e8re g\u00e9n\u00e9ration. <b>E8H<\/b> Con\u00e7ue pour offrir une exp\u00e9rience unique, similaire \u00e0 celle du HHC, cette mol\u00e9cule innovante offre une exp\u00e9rience singuli\u00e8re qui r\u00e9volutionne les attentes. Son d\u00e9veloppement r\u00e9cent l&#039;inscrit dans un cadre r\u00e9glementaire en constante \u00e9volution, ouvrant de nouvelles perspectives dans le monde du vapotage.<\/p>\n<p>&nbsp;<\/p>\n<h3><b>Profil terp\u00e9nique de Gorilla Glue<\/b><\/h3>\n<p>La souche <b>Colle Gorille<\/b>, aussi connue sous le nom de GG4, est l&#039;une des vari\u00e9t\u00e9s de cannabis les plus puissantes et les plus c\u00e9l\u00e8bres au monde. Son nom est \u00e9loquent\u00a0: puissante, gluante et inoubliable. C&#039;est pourquoi nous avons souhait\u00e9 reproduire la saveur de cette fleur et la richesse de ses terp\u00e8nes, parmi lesquels\u00a0:<\/p>\n<ul>\n<li><b>Caryophyll\u00e8ne :<\/b> \u00e9pic\u00e9, piquant, aux propri\u00e9t\u00e9s stimulantes.<\/li>\n<li><b>Limon\u00e8ne :<\/b> ar\u00f4me d&#039;agrumes qui am\u00e9liore l&#039;humeur.<\/li>\n<li><b>Humul\u00e8ne :<\/b> touche terreuse et herbac\u00e9e, avec un effet \u00e9quilibrant.<\/li>\n<\/ul>\n<p>Le r\u00e9sultat est une vape robuste avec un ar\u00f4me qui combine <b>sol humide, pin et citronnier, <\/b>Avec une touche finale de \u00ab colle \u00bb ou d&#039;\u00ab adh\u00e9sif \u00bb. Si vous appr\u00e9ciez les ar\u00f4mes intenses et la saveur authentique de la fleur, cette cartouche vous s\u00e9duira.<\/p>\n<p>&nbsp;<\/p>\n<h3><b>Qu&#039;est-ce qu&#039;une cartouche de vape jetable ?<\/b><\/h3>\n<p>Le <b>cartouches de vapotage<\/b>Les cartouches jetables sont de petits contenants pr\u00e9remplis de liquide qui se connectent \u00e0 une batterie de vape. Nos cartouches sont compatibles avec les accus 510 de 1 ml et 2 ml, disponibles sur notre site web. Contrairement aux vapes jetables, les cartouches permettent de changer facilement de saveur et sont tr\u00e8s pratiques \u00e0 transporter.<\/p>\n<p>Il <b>Cartouche jetable E8H \u2013 Gorilla Glue<\/b> est disponible en :<\/p>\n<ul>\n<li>1 ml \u2013 Jusqu\u2019\u00e0 300 bouff\u00e9es.<\/li>\n<li>2 ml \u2013 Jusqu\u2019\u00e0 600 bouff\u00e9es.<\/li>\n<\/ul>\n<p>Profitez d&#039;un liquide innovant et sans impuret\u00e9s avec un profil de saveur complexe et puissant qui vous offre une exp\u00e9rience intense sans compromettre la clart\u00e9.<\/p>\n<p>&nbsp;<\/p>\n<h3><b>La cartouche Gorilla Glue E8H adh\u00e8re-t-elle ?<\/b><\/h3>\n<p>Tout comme le <b>THC<\/b>, il <b>E8H<\/b> Cela procure \u00e0 de nombreuses personnes une sensation agr\u00e9able. Certaines personnes rapportent des effets similaires \u00e0 ceux d&#039;autres <b>THC<\/b> conventionnel, mais les donn\u00e9es sont insuffisantes pour en \u00eatre certain. Il n&#039;existe pas non plus suffisamment de donn\u00e9es pour d\u00e9terminer si l&#039;utilisation de ces m\u00e9dicaments peut entra\u00eener des effets secondaires n\u00e9gatifs ou des effets \u00e0 long terme. <b>E8H<\/b>.<\/p>\n<p>Cependant, conform\u00e9ment \u00e0 la l\u00e9gislation espagnole en vigueur, nous n&#039;encourageons en aucun cas l&#039;utilisation ou l&#039;ingestion des substances susmentionn\u00e9es. Il est d\u00e9conseill\u00e9 de conduire des v\u00e9hicules \u00e0 moteur ni d&#039;utiliser des machines lourdes apr\u00e8s consommation.<\/p>\n<p>&nbsp;<\/p>\n<h3><b>Voici votre cartouche de terp\u00e8ne Gorilla Glue E8H\u00a0: puissance et saveur \u00e0 chaque bouff\u00e9e<\/b><\/h3>\n<p>Ce <b>Cartouche jetable E8H<\/b> avec profil terp\u00e9nique <b>Colle Gorille<\/b> Non seulement il est facile \u00e0 utiliser, mais il vous garantit 300 \u00e0 600 bouff\u00e9es de saveur pure, en formats de 1 ml ou 2 ml. Notre formule exclusive fusionne la mol\u00e9cule <b>E8H<\/b> avec des terp\u00e8nes naturels de qualit\u00e9, obtenant un profil aromatique robuste et terreux qui rend hommage \u00e0 la souche l\u00e9gendaire <b>Colle Gorille<\/b>.<\/p>\n<h6>Une formule propre<\/h6>\n<p>Il est important de noter que ce produit est totalement exempt de <b>THC<\/b>, <b>H.H.C.<\/b>, <b>THC-P<\/b> et <b>nicotine<\/b>, ainsi que des additifs ou des substances de coupe. Tous nos produits sont issus de chanvre industriel certifi\u00e9 et sont strictement conformes \u00e0 la r\u00e9glementation en vigueur, garantissant ainsi une <b>THC inf\u00e9rieur \u00e0 0,3%<\/b>Nous garantissons qu&#039;ils ne contiennent aucun cannabino\u00efde ill\u00e9gal.<\/p>\n<hr \/>\n<p><em>Destin\u00e9 \u00e0 des fins industrielles, techniques et horticoles.<\/em><\/p>\n<p><em>C&#039;est un <b>objet de collection<\/b>. Ne pas consommer directement ni fumer.<\/em><\/p>\n<p><em>Ce produit ne contient pas de cannabino\u00efdes inclus dans l&#039;annexe 1 du d\u00e9cret royal 2829\/1977, mis \u00e0 jour par l&#039;arr\u00eat\u00e9 SND\/380\/2025, du 14 avril, ni de substances contr\u00f4l\u00e9es par la Convention unique sur les stup\u00e9fiants de 1961 et la Convention sur les substances psychotropes de 1971.<\/em><\/p>","protected":false},"excerpt":{"rendered":"<h4>Caract\u00e9ristiques<\/h4>\n<ul>\n<li>Saveur de terp\u00e8ne de cannabis Gorilla Glue<\/li>\n<li>Type de connexion de batterie 510<\/li>\n<li>Capacit\u00e9 : 1 ml<\/li>\n<li>Bouff\u00e9es : 300<\/li>\n<li>Terp\u00e8nes naturels de haute qualit\u00e9<\/li>\n<li>E8H \u00e0 90%<\/li>\n<li>THC : 0%, HHC : 0%, THC-P : 0%, Nicotine : 0%<\/li>\n<li>Ne contient pas de VG, PG, PEG, MCT ou autres agents de coupe.<\/li>\n<li>Produit l\u00e9gal \u00e0 \u00e9tudier ou \u00e0 collectionner.<\/li>\n<li>V\u00e9rifiez le<a href=\"https:\/\/iguanasmoke.com\/analiticas\/\"> Analyse de la qualit\u00e9 ici.<\/a><\/li>\n<\/ul>","protected":false},"featured_media":14092,"comment_status":"open","ping_status":"closed","template":"","meta":{"_acf_changed":false,"site-sidebar-layout":"default","site-content-layout":"","ast-site-content-layout":"default","site-content-style":"default","site-sidebar-style":"default","ast-global-header-display":"","ast-banner-title-visibility":"","ast-main-header-display":"","ast-hfb-above-header-display":"","ast-hfb-below-header-display":"","ast-hfb-mobile-header-display":"","site-post-title":"","ast-breadcrumbs-content":"","ast-featured-img":"","footer-sml-layout":"","theme-transparent-header-meta":"default","adv-header-id-meta":"","stick-header-meta":"","header-above-stick-meta":"","header-main-stick-meta":"","header-below-stick-meta":"","astra-migrate-meta-layouts":"set","ast-page-background-enabled":"default","ast-page-background-meta":{"desktop":{"background-color":"var(--ast-global-color-4)","background-image":"","background-repeat":"repeat","background-position":"center center","background-size":"auto","background-attachment":"scroll","background-type":"","background-media":"","overlay-type":"","overlay-color":"","overlay-opacity":"","overlay-gradient":""},"tablet":{"background-color":"","background-image":"","background-repeat":"repeat","background-position":"center center","background-size":"auto","background-attachment":"scroll","background-type":"","background-media":"","overlay-type":"","overlay-color":"","overlay-opacity":"","overlay-gradient":""},"mobile":{"background-color":"","background-image":"","background-repeat":"repeat","background-position":"center center","background-size":"auto","background-attachment":"scroll","background-type":"","background-media":"","overlay-type":"","overlay-color":"","overlay-opacity":"","overlay-gradient":""}},"ast-content-background-meta":{"desktop":{"background-color":"var(--ast-global-color-5)","background-image":"","background-repeat":"repeat","background-position":"center center","background-size":"auto","background-attachment":"scroll","background-type":"","background-media":"","overlay-type":"","overlay-color":"","overlay-opacity":"","overlay-gradient":""},"tablet":{"background-color":"var(--ast-global-color-5)","background-image":"","background-repeat":"repeat","background-position":"center center","background-size":"auto","background-attachment":"scroll","background-type":"","background-media":"","overlay-type":"","overlay-color":"","overlay-opacity":"","overlay-gradient":""},"mobile":{"background-color":"var(--ast-global-color-5)","background-image":"","background-repeat":"repeat","background-position":"center center","background-size":"auto","background-attachment":"scroll","background-type":"","background-media":"","overlay-type":"","overlay-color":"","overlay-opacity":"","overlay-gradient":""}}},"product_brand":[],"product_cat":[142,91,145,146],"product_tag":[],"class_list":{"0":"post-14088","1":"product","2":"type-product","3":"status-publish","4":"has-post-thumbnail","6":"product_cat-cartuchos-vapers-cbd","7":"product_cat-cartuchos","8":"product_cat-e8h","9":"product_cat-nuevas-moleculas","10":"desktop-align-center","11":"tablet-align-left","12":"mobile-align-left","14":"first","15":"outofstock","16":"taxable","17":"shipping-taxable","18":"purchasable","19":"product-type-simple"},"acf":[],"yoast_head":"<!-- This site is optimized with the Yoast SEO plugin v27.4 - https:\/\/yoast.com\/product\/yoast-seo-wordpress\/ -->\n<title>Cartucho desechable E8H 90% - Gorilla Glue 1ml - THE LYF LABS<\/title>\n<meta name=\"description\" content=\"Cartucho E8H 90% Gorilla Glue. Cartuchos desechables CBD, STV, E8H y 10-OH para vapers y bater\u00edas recargables sin THC, HHC o nicotina.\" \/>\n<meta name=\"robots\" content=\"index, follow, max-snippet:-1, max-image-preview:large, max-video-preview:-1\" \/>\n<link rel=\"canonical\" href=\"https:\/\/thelyflabs.com\/fr\/product\/cartucho-desechable-e8h-90-gorilla-glue-1ml\/\" \/>\n<meta property=\"og:locale\" content=\"fr_FR\" \/>\n<meta property=\"og:type\" content=\"article\" \/>\n<meta property=\"og:title\" content=\"Cartucho desechable E8H 90% - Gorilla Glue 1ml - THE LYF LABS\" \/>\n<meta property=\"og:description\" content=\"Cartucho E8H 90% Gorilla Glue. Cartuchos desechables CBD, STV, E8H y 10-OH para vapers y bater\u00edas recargables sin THC, HHC o nicotina.\" \/>\n<meta property=\"og:url\" content=\"https:\/\/thelyflabs.com\/fr\/product\/cartucho-desechable-e8h-90-gorilla-glue-1ml\/\" \/>\n<meta property=\"og:site_name\" content=\"THE LYF LABS\" \/>\n<meta property=\"article:modified_time\" content=\"2026-04-16T09:06:45+00:00\" \/>\n<meta property=\"og:image\" content=\"https:\/\/thelyflabs.com\/wp-content\/uploads\/2025\/09\/Bolsa-Cart-Gelato-2025-E8H-con-cartucho-2.webp\" \/>\n\t<meta property=\"og:image:width\" content=\"1000\" \/>\n\t<meta property=\"og:image:height\" content=\"1000\" \/>\n\t<meta property=\"og:image:type\" content=\"image\/webp\" \/>\n<meta name=\"twitter:card\" content=\"summary_large_image\" \/>\n<meta name=\"twitter:label1\" content=\"Dur\u00e9e de lecture estim\u00e9e\" \/>\n\t<meta name=\"twitter:data1\" content=\"4 minutes\" \/>\n<script type=\"application\/ld+json\" class=\"yoast-schema-graph\">{\"@context\":\"https:\\\/\\\/schema.org\",\"@graph\":[{\"@type\":\"WebPage\",\"@id\":\"https:\\\/\\\/thelyflabs.com\\\/product\\\/cartucho-desechable-e8h-90-gorilla-glue-1ml\",\"url\":\"https:\\\/\\\/thelyflabs.com\\\/product\\\/cartucho-desechable-e8h-90-gorilla-glue-1ml\",\"name\":\"Cartucho desechable E8H 90% - Gorilla Glue 1ml - THE LYF LABS\",\"isPartOf\":{\"@id\":\"https:\\\/\\\/thelyflabs.com\\\/#website\"},\"primaryImageOfPage\":{\"@id\":\"https:\\\/\\\/thelyflabs.com\\\/product\\\/cartucho-desechable-e8h-90-gorilla-glue-1ml#primaryimage\"},\"image\":{\"@id\":\"https:\\\/\\\/thelyflabs.com\\\/product\\\/cartucho-desechable-e8h-90-gorilla-glue-1ml#primaryimage\"},\"thumbnailUrl\":\"https:\\\/\\\/thelyflabs.com\\\/wp-content\\\/uploads\\\/2025\\\/09\\\/Bolsa-Cart-Gelato-2025-E8H-con-cartucho-2.webp\",\"datePublished\":\"2025-09-11T15:13:47+00:00\",\"dateModified\":\"2026-04-16T09:06:45+00:00\",\"description\":\"Cartucho E8H 90% Gorilla Glue. Cartuchos desechables CBD, STV, E8H y 10-OH para vapers y bater\u00edas recargables sin THC, HHC o nicotina.\",\"breadcrumb\":{\"@id\":\"https:\\\/\\\/thelyflabs.com\\\/product\\\/cartucho-desechable-e8h-90-gorilla-glue-1ml#breadcrumb\"},\"inLanguage\":\"fr-FR\",\"potentialAction\":[{\"@type\":\"ReadAction\",\"target\":[\"https:\\\/\\\/thelyflabs.com\\\/product\\\/cartucho-desechable-e8h-90-gorilla-glue-1ml\"]}]},{\"@type\":\"ImageObject\",\"inLanguage\":\"fr-FR\",\"@id\":\"https:\\\/\\\/thelyflabs.com\\\/product\\\/cartucho-desechable-e8h-90-gorilla-glue-1ml#primaryimage\",\"url\":\"https:\\\/\\\/thelyflabs.com\\\/wp-content\\\/uploads\\\/2025\\\/09\\\/Bolsa-Cart-Gelato-2025-E8H-con-cartucho-2.webp\",\"contentUrl\":\"https:\\\/\\\/thelyflabs.com\\\/wp-content\\\/uploads\\\/2025\\\/09\\\/Bolsa-Cart-Gelato-2025-E8H-con-cartucho-2.webp\",\"width\":1000,\"height\":1000,\"caption\":\"cartucho e8h\"},{\"@type\":\"BreadcrumbList\",\"@id\":\"https:\\\/\\\/thelyflabs.com\\\/product\\\/cartucho-desechable-e8h-90-gorilla-glue-1ml#breadcrumb\",\"itemListElement\":[{\"@type\":\"ListItem\",\"position\":1,\"name\":\"Portada\",\"item\":\"https:\\\/\\\/thelyflabs.com\\\/\"},{\"@type\":\"ListItem\",\"position\":2,\"name\":\"Tienda\",\"item\":\"https:\\\/\\\/thelyflabs.com\\\/tienda\"},{\"@type\":\"ListItem\",\"position\":3,\"name\":\"Cartucho desechable E8H 90% &#8211; Gorilla Glue 1ml\"}]},{\"@type\":\"WebSite\",\"@id\":\"https:\\\/\\\/thelyflabs.com\\\/#website\",\"url\":\"https:\\\/\\\/thelyflabs.com\\\/\",\"name\":\"The LYF Labs\",\"description\":\"CBD al por mayor\",\"publisher\":{\"@id\":\"https:\\\/\\\/thelyflabs.com\\\/#organization\"},\"potentialAction\":[{\"@type\":\"SearchAction\",\"target\":{\"@type\":\"EntryPoint\",\"urlTemplate\":\"https:\\\/\\\/thelyflabs.com\\\/?s={search_term_string}\"},\"query-input\":{\"@type\":\"PropertyValueSpecification\",\"valueRequired\":true,\"valueName\":\"search_term_string\"}}],\"inLanguage\":\"fr-FR\"},{\"@type\":\"Organization\",\"@id\":\"https:\\\/\\\/thelyflabs.com\\\/#organization\",\"name\":\"The LYF Labs\",\"url\":\"https:\\\/\\\/thelyflabs.com\\\/\",\"logo\":{\"@type\":\"ImageObject\",\"inLanguage\":\"fr-FR\",\"@id\":\"https:\\\/\\\/thelyflabs.com\\\/#\\\/schema\\\/logo\\\/image\\\/\",\"url\":\"https:\\\/\\\/thelyflabs.com\\\/wp-content\\\/uploads\\\/2023\\\/01\\\/cropped-LogoTheLYFLabs.png\",\"contentUrl\":\"https:\\\/\\\/thelyflabs.com\\\/wp-content\\\/uploads\\\/2023\\\/01\\\/cropped-LogoTheLYFLabs.png\",\"width\":600,\"height\":180,\"caption\":\"The LYF Labs\"},\"image\":{\"@id\":\"https:\\\/\\\/thelyflabs.com\\\/#\\\/schema\\\/logo\\\/image\\\/\"}}]}<\/script>\n<!-- \/ Yoast SEO plugin. -->","yoast_head_json":{"title":"Cartucho desechable E8H 90% - Gorilla Glue 1ml - THE LYF LABS","description":"Cartucho E8H 90% Gorilla Glue. Cartuchos desechables CBD, STV, E8H y 10-OH para vapers y bater\u00edas recargables sin THC, HHC o nicotina.","robots":{"index":"index","follow":"follow","max-snippet":"max-snippet:-1","max-image-preview":"max-image-preview:large","max-video-preview":"max-video-preview:-1"},"canonical":"https:\/\/thelyflabs.com\/fr\/product\/cartucho-desechable-e8h-90-gorilla-glue-1ml\/","og_locale":"fr_FR","og_type":"article","og_title":"Cartucho desechable E8H 90% - Gorilla Glue 1ml - THE LYF LABS","og_description":"Cartucho E8H 90% Gorilla Glue. Cartuchos desechables CBD, STV, E8H y 10-OH para vapers y bater\u00edas recargables sin THC, HHC o nicotina.","og_url":"https:\/\/thelyflabs.com\/fr\/product\/cartucho-desechable-e8h-90-gorilla-glue-1ml\/","og_site_name":"THE LYF LABS","article_modified_time":"2026-04-16T09:06:45+00:00","og_image":[{"width":1000,"height":1000,"url":"https:\/\/thelyflabs.com\/wp-content\/uploads\/2025\/09\/Bolsa-Cart-Gelato-2025-E8H-con-cartucho-2.webp","type":"image\/webp"}],"twitter_card":"summary_large_image","twitter_misc":{"Dur\u00e9e de lecture estim\u00e9e":"4 minutes"},"schema":{"@context":"https:\/\/schema.org","@graph":[{"@type":"WebPage","@id":"https:\/\/thelyflabs.com\/product\/cartucho-desechable-e8h-90-gorilla-glue-1ml","url":"https:\/\/thelyflabs.com\/product\/cartucho-desechable-e8h-90-gorilla-glue-1ml","name":"Cartucho desechable E8H 90% - Gorilla Glue 1ml - THE LYF LABS","isPartOf":{"@id":"https:\/\/thelyflabs.com\/#website"},"primaryImageOfPage":{"@id":"https:\/\/thelyflabs.com\/product\/cartucho-desechable-e8h-90-gorilla-glue-1ml#primaryimage"},"image":{"@id":"https:\/\/thelyflabs.com\/product\/cartucho-desechable-e8h-90-gorilla-glue-1ml#primaryimage"},"thumbnailUrl":"https:\/\/thelyflabs.com\/wp-content\/uploads\/2025\/09\/Bolsa-Cart-Gelato-2025-E8H-con-cartucho-2.webp","datePublished":"2025-09-11T15:13:47+00:00","dateModified":"2026-04-16T09:06:45+00:00","description":"Cartucho E8H 90% Gorilla Glue. Cartuchos desechables CBD, STV, E8H y 10-OH para vapers y bater\u00edas recargables sin THC, HHC o nicotina.","breadcrumb":{"@id":"https:\/\/thelyflabs.com\/product\/cartucho-desechable-e8h-90-gorilla-glue-1ml#breadcrumb"},"inLanguage":"fr-FR","potentialAction":[{"@type":"ReadAction","target":["https:\/\/thelyflabs.com\/product\/cartucho-desechable-e8h-90-gorilla-glue-1ml"]}]},{"@type":"ImageObject","inLanguage":"fr-FR","@id":"https:\/\/thelyflabs.com\/product\/cartucho-desechable-e8h-90-gorilla-glue-1ml#primaryimage","url":"https:\/\/thelyflabs.com\/wp-content\/uploads\/2025\/09\/Bolsa-Cart-Gelato-2025-E8H-con-cartucho-2.webp","contentUrl":"https:\/\/thelyflabs.com\/wp-content\/uploads\/2025\/09\/Bolsa-Cart-Gelato-2025-E8H-con-cartucho-2.webp","width":1000,"height":1000,"caption":"cartucho e8h"},{"@type":"BreadcrumbList","@id":"https:\/\/thelyflabs.com\/product\/cartucho-desechable-e8h-90-gorilla-glue-1ml#breadcrumb","itemListElement":[{"@type":"ListItem","position":1,"name":"Portada","item":"https:\/\/thelyflabs.com\/"},{"@type":"ListItem","position":2,"name":"Tienda","item":"https:\/\/thelyflabs.com\/tienda"},{"@type":"ListItem","position":3,"name":"Cartucho desechable E8H 90% &#8211; Gorilla Glue 1ml"}]},{"@type":"WebSite","@id":"https:\/\/thelyflabs.com\/#website","url":"https:\/\/thelyflabs.com\/","name":"Les laboratoires LYF","description":"Vente en gros de CBD","publisher":{"@id":"https:\/\/thelyflabs.com\/#organization"},"potentialAction":[{"@type":"SearchAction","target":{"@type":"EntryPoint","urlTemplate":"https:\/\/thelyflabs.com\/?s={search_term_string}"},"query-input":{"@type":"PropertyValueSpecification","valueRequired":true,"valueName":"search_term_string"}}],"inLanguage":"fr-FR"},{"@type":"Organization","@id":"https:\/\/thelyflabs.com\/#organization","name":"Les laboratoires LYF","url":"https:\/\/thelyflabs.com\/","logo":{"@type":"ImageObject","inLanguage":"fr-FR","@id":"https:\/\/thelyflabs.com\/#\/schema\/logo\/image\/","url":"https:\/\/thelyflabs.com\/wp-content\/uploads\/2023\/01\/cropped-LogoTheLYFLabs.png","contentUrl":"https:\/\/thelyflabs.com\/wp-content\/uploads\/2023\/01\/cropped-LogoTheLYFLabs.png","width":600,"height":180,"caption":"The LYF Labs"},"image":{"@id":"https:\/\/thelyflabs.com\/#\/schema\/logo\/image\/"}}]}},"_links":{"self":[{"href":"https:\/\/thelyflabs.com\/fr\/wp-json\/wp\/v2\/product\/14088","targetHints":{"allow":["GET"]}}],"collection":[{"href":"https:\/\/thelyflabs.com\/fr\/wp-json\/wp\/v2\/product"}],"about":[{"href":"https:\/\/thelyflabs.com\/fr\/wp-json\/wp\/v2\/types\/product"}],"replies":[{"embeddable":true,"href":"https:\/\/thelyflabs.com\/fr\/wp-json\/wp\/v2\/comments?post=14088"}],"wp:featuredmedia":[{"embeddable":true,"href":"https:\/\/thelyflabs.com\/fr\/wp-json\/wp\/v2\/media\/14092"}],"wp:attachment":[{"href":"https:\/\/thelyflabs.com\/fr\/wp-json\/wp\/v2\/media?parent=14088"}],"wp:term":[{"taxonomy":"product_brand","embeddable":true,"href":"https:\/\/thelyflabs.com\/fr\/wp-json\/wp\/v2\/product_brand?post=14088"},{"taxonomy":"product_cat","embeddable":true,"href":"https:\/\/thelyflabs.com\/fr\/wp-json\/wp\/v2\/product_cat?post=14088"},{"taxonomy":"product_tag","embeddable":true,"href":"https:\/\/thelyflabs.com\/fr\/wp-json\/wp\/v2\/product_tag?post=14088"}],"curies":[{"name":"wp","href":"https:\/\/api.w.org\/{rel}","templated":true}]}}