{"id":14145,"date":"2025-09-16T10:41:18","date_gmt":"2025-09-16T08:41:18","guid":{"rendered":"https:\/\/thelyflabs.com\/?post_type=product&#038;p=14145"},"modified":"2026-03-19T14:35:57","modified_gmt":"2026-03-19T13:35:57","slug":"vaper-e8h-90-space-vape-red-berries-1ml","status":"publish","type":"product","link":"https:\/\/thelyflabs.com\/fr\/product\/vaper-e8h-90-space-vape-red-berries-1ml","title":{"rendered":"Vaper E8H 90% \u2013 Space Vape Fruits Rouges 1 ml"},"content":{"rendered":"<h2>Vaper E8H Space Vape \u2013 Saveur fruits rouges\u00a0: le futur du vapotage \u00e0 votre port\u00e9e<\/h2>\n<p>D\u00e9couvrez la nouvelle g\u00e9n\u00e9ration de vapotage avec le Vaper E8H, un appareil unique dot\u00e9 de la mol\u00e9cule E8H de pointe. Con\u00e7u pour offrir une exp\u00e9rience \u00e9quilibr\u00e9e et compl\u00e8te, il allie un effet CBD avanc\u00e9 \u00e0 une d\u00e9licieuse saveur de baies.<\/p>\n<h3>Qu&#039;est-ce que E8H ?<\/h3>\n<p>L&#039;E8H est un cannabino\u00efde semi-synth\u00e9tique de nouvelle g\u00e9n\u00e9ration, extrait du chanvre industriel et cr\u00e9\u00e9 pour offrir une exp\u00e9rience unique sans effet euphorisant. Contrairement aux autres cannabino\u00efdes, l&#039;E8H est \u00e0 la pointe de l&#039;innovation dans les produits \u00e0 base de CBD. Son d\u00e9veloppement r\u00e9cent ouvre ainsi de nouvelles perspectives dans le monde du vapotage, offrant une option unique aux plus avertis.<\/p>\n<h3>Votre vape jetable E8H saveur fruits rouges<\/h3>\n<p>Cette vape jetable E8H Space Vape au go\u00fbt de fruits rouges est compacte et tr\u00e8s facile \u00e0 utiliser. Elle est \u00e9quip\u00e9e d&#039;une batterie longue dur\u00e9e et d&#039;un r\u00e9servoir de 1 \u00e0 2 ml, garantissant entre 300 et 600 bouff\u00e9es agr\u00e9ables. Sa formule exclusive contient de l&#039;E8H et des terp\u00e8nes naturels de haute qualit\u00e9 qui lui conf\u00e8rent un d\u00e9licieux et vibrant go\u00fbt de fruits rouges.<\/p>\n<p>Il est important de noter que ce produit ne contient ni THC, ni HHC, ni THC-P, ni nicotine. Tous nos produits sont issus de chanvre certifi\u00e9 et sont conformes \u00e0 la l\u00e9gislation en vigueur, avec un taux de THC inf\u00e9rieur \u00e0 0,3%. Nous garantissons ainsi l&#039;absence de cannabino\u00efdes ill\u00e9gaux.<\/p>\n<h3>Qu&#039;est-ce qu&#039;une vape jetable ?<\/h3>\n<p>Les cigarettes \u00e9lectroniques jetables, aussi appel\u00e9es pods ou vaporisateurs jetables, sont des dispositifs en forme de stylo tr\u00e8s pratiques \u00e0 utiliser et \u00e0 jeter. Elles sont livr\u00e9es avec la batterie et le e-liquide pr\u00e9-remplis\u00a0; inutile donc de les recharger. Elles sont con\u00e7ues pour offrir un nombre pr\u00e9cis de bouff\u00e9es, indiqu\u00e9 sur l\u2019emballage.<\/p>\n<h3>\u00c0 quoi ressemble le Space Vape E8H ?<\/h3>\n<p>L&#039;E8H procurerait une agr\u00e9able sensation de paix, de concentration et de bien-\u00eatre. Certains la comparent aux effets du THC, bien que les donn\u00e9es soient insuffisantes pour le confirmer. Les effets secondaires potentiels \u00e0 long terme sont \u00e9galement inconnus. Par cons\u00e9quent, conform\u00e9ment \u00e0 la l\u00e9gislation espagnole, nous n&#039;en recommandons pas la consommation.<\/p>\n<p>Ne conduisez pas de v\u00e9hicules ni n&#039;utilisez de machines lourdes apr\u00e8s utilisation.<\/p>\n<p>Produit \u00e0 usage technique, industriel ou horticole.<\/p>\n<p>Il s&#039;agit d&#039;un objet de collection, non destin\u00e9 \u00e0 la consommation directe ou au fumage.<\/p>\n<p>Ce produit ne contient pas de cannabino\u00efdes ill\u00e9gaux.<\/p>\n<h3>Space Vape : la derni\u00e8re g\u00e9n\u00e9ration de vapoteurs<\/h3>\n<p>Notre gamme Space Vape Iguana Smoke se compose de vapes fabriqu\u00e9es principalement \u00e0 partir de CBD haute puret\u00e9, auquel nous ajoutons des mol\u00e9cules innovantes con\u00e7ues pour remplacer les effets du THC, conform\u00e9ment \u00e0 la l\u00e9gislation en vigueur. Vous pouvez actuellement choisir parmi plusieurs Space Vapes contenant du Sativanol, du 10-OH et, plus r\u00e9cemment, du E8H. Nous vous invitons \u00e0 les essayer tous et \u00e0 choisir votre effet pr\u00e9f\u00e9r\u00e9. Pour rester inform\u00e9 des derni\u00e8res nouveaut\u00e9s en mati\u00e8re de produits CBD, rendez-vous sur Iguana Smoke, o\u00f9 nous vous offrons un service de qualit\u00e9 et personnalis\u00e9.<\/p>\n<p>&nbsp;<\/p>","protected":false},"excerpt":{"rendered":"<h4>Caract\u00e9ristiques<\/h4>\n<ul>\n<li>Saveur de fruits rouges<\/li>\n<li>Capacit\u00e9 : 1 ml<\/li>\n<li>Bouff\u00e9es : 300<\/li>\n<li>Terp\u00e8nes naturels de haute qualit\u00e9<\/li>\n<li>E8H \u00e0 90%<\/li>\n<li>THC : 0%, HHC : 0%, THC-P : 0%, Nicotine : 0%<\/li>\n<li>Ne contient pas de VG, PG, PEG, MCT ou autres agents de coupe.<\/li>\n<\/ul>\n<p>Produit l\u00e9gal \u00e0 \u00e9tudier ou \u00e0 collectionner. Consultez le <a href=\"https:\/\/iguanasmoke.com\/analiticas\/\">Analyse de la qualit\u00e9 ici<\/a>.<\/p>","protected":false},"featured_media":17172,"comment_status":"open","ping_status":"closed","template":"","meta":{"_acf_changed":false,"site-sidebar-layout":"default","site-content-layout":"","ast-site-content-layout":"default","site-content-style":"default","site-sidebar-style":"default","ast-global-header-display":"","ast-banner-title-visibility":"","ast-main-header-display":"","ast-hfb-above-header-display":"","ast-hfb-below-header-display":"","ast-hfb-mobile-header-display":"","site-post-title":"","ast-breadcrumbs-content":"","ast-featured-img":"","footer-sml-layout":"","theme-transparent-header-meta":"default","adv-header-id-meta":"","stick-header-meta":"","header-above-stick-meta":"","header-main-stick-meta":"","header-below-stick-meta":"","astra-migrate-meta-layouts":"set","ast-page-background-enabled":"default","ast-page-background-meta":{"desktop":{"background-color":"var(--ast-global-color-4)","background-image":"","background-repeat":"repeat","background-position":"center center","background-size":"auto","background-attachment":"scroll","background-type":"","background-media":"","overlay-type":"","overlay-color":"","overlay-opacity":"","overlay-gradient":""},"tablet":{"background-color":"","background-image":"","background-repeat":"repeat","background-position":"center center","background-size":"auto","background-attachment":"scroll","background-type":"","background-media":"","overlay-type":"","overlay-color":"","overlay-opacity":"","overlay-gradient":""},"mobile":{"background-color":"","background-image":"","background-repeat":"repeat","background-position":"center center","background-size":"auto","background-attachment":"scroll","background-type":"","background-media":"","overlay-type":"","overlay-color":"","overlay-opacity":"","overlay-gradient":""}},"ast-content-background-meta":{"desktop":{"background-color":"var(--ast-global-color-5)","background-image":"","background-repeat":"repeat","background-position":"center center","background-size":"auto","background-attachment":"scroll","background-type":"","background-media":"","overlay-type":"","overlay-color":"","overlay-opacity":"","overlay-gradient":""},"tablet":{"background-color":"var(--ast-global-color-5)","background-image":"","background-repeat":"repeat","background-position":"center center","background-size":"auto","background-attachment":"scroll","background-type":"","background-media":"","overlay-type":"","overlay-color":"","overlay-opacity":"","overlay-gradient":""},"mobile":{"background-color":"var(--ast-global-color-5)","background-image":"","background-repeat":"repeat","background-position":"center center","background-size":"auto","background-attachment":"scroll","background-type":"","background-media":"","overlay-type":"","overlay-color":"","overlay-opacity":"","overlay-gradient":""}}},"product_brand":[],"product_cat":[145,146,141],"product_tag":[],"class_list":{"0":"post-14145","1":"product","2":"type-product","3":"status-publish","4":"has-post-thumbnail","6":"product_cat-e8h","7":"product_cat-nuevas-moleculas","8":"product_cat-vapers-cbd","9":"desktop-align-center","10":"tablet-align-left","11":"mobile-align-left","13":"first","14":"instock","15":"taxable","16":"shipping-taxable","17":"purchasable","18":"product-type-simple"},"acf":[],"yoast_head":"<!-- This site is optimized with the Yoast SEO plugin v27.4 - https:\/\/yoast.com\/product\/yoast-seo-wordpress\/ -->\n<title>Vaper E8H 90% - Space Vape Red Berries 1ml - THE LYF LABS - Vapers Mayorista<\/title>\n<meta name=\"description\" content=\"E8H Vaper sabor Red Berries, 90% mol\u00e9cula sin THC ni nicotina. Compra vapers al por mayor CBD y alternativas al THC y HHC para distribuidores y tiendas.\" \/>\n<meta name=\"robots\" content=\"index, follow, max-snippet:-1, max-image-preview:large, max-video-preview:-1\" \/>\n<link rel=\"canonical\" href=\"https:\/\/thelyflabs.com\/fr\/product\/vaper-e8h-90-space-vape-red-berries-1ml\/\" \/>\n<meta property=\"og:locale\" content=\"fr_FR\" \/>\n<meta property=\"og:type\" content=\"article\" \/>\n<meta property=\"og:title\" content=\"Vaper E8H 90% - Space Vape Red Berries 1ml - THE LYF LABS - Vapers Mayorista\" \/>\n<meta property=\"og:description\" content=\"E8H Vaper sabor Red Berries, 90% mol\u00e9cula sin THC ni nicotina. Compra vapers al por mayor CBD y alternativas al THC y HHC para distribuidores y tiendas.\" \/>\n<meta property=\"og:url\" content=\"https:\/\/thelyflabs.com\/fr\/product\/vaper-e8h-90-space-vape-red-berries-1ml\/\" \/>\n<meta property=\"og:site_name\" content=\"THE LYF LABS\" \/>\n<meta property=\"article:modified_time\" content=\"2026-03-19T13:35:57+00:00\" \/>\n<meta property=\"og:image\" content=\"https:\/\/thelyflabs.com\/wp-content\/uploads\/2026\/03\/Bolsa-Space-Vape-Red-Berries-E8H-1ml-con-vape.webp\" \/>\n\t<meta property=\"og:image:width\" content=\"1000\" \/>\n\t<meta property=\"og:image:height\" content=\"1000\" \/>\n\t<meta property=\"og:image:type\" content=\"image\/webp\" \/>\n<meta name=\"twitter:card\" content=\"summary_large_image\" \/>\n<meta name=\"twitter:label1\" content=\"Dur\u00e9e de lecture estim\u00e9e\" \/>\n\t<meta name=\"twitter:data1\" content=\"3 minutes\" \/>\n<script type=\"application\/ld+json\" class=\"yoast-schema-graph\">{\"@context\":\"https:\\\/\\\/schema.org\",\"@graph\":[{\"@type\":\"WebPage\",\"@id\":\"https:\\\/\\\/thelyflabs.com\\\/product\\\/vaper-e8h-90-space-vape-red-berries-1ml\",\"url\":\"https:\\\/\\\/thelyflabs.com\\\/product\\\/vaper-e8h-90-space-vape-red-berries-1ml\",\"name\":\"Vaper E8H 90% - Space Vape Red Berries 1ml - THE LYF LABS - Vapers Mayorista\",\"isPartOf\":{\"@id\":\"https:\\\/\\\/thelyflabs.com\\\/#website\"},\"primaryImageOfPage\":{\"@id\":\"https:\\\/\\\/thelyflabs.com\\\/product\\\/vaper-e8h-90-space-vape-red-berries-1ml#primaryimage\"},\"image\":{\"@id\":\"https:\\\/\\\/thelyflabs.com\\\/product\\\/vaper-e8h-90-space-vape-red-berries-1ml#primaryimage\"},\"thumbnailUrl\":\"https:\\\/\\\/thelyflabs.com\\\/wp-content\\\/uploads\\\/2026\\\/03\\\/Bolsa-Space-Vape-Red-Berries-E8H-1ml-con-vape.webp\",\"datePublished\":\"2025-09-16T08:41:18+00:00\",\"dateModified\":\"2026-03-19T13:35:57+00:00\",\"description\":\"E8H Vaper sabor Red Berries, 90% mol\u00e9cula sin THC ni nicotina. Compra vapers al por mayor CBD y alternativas al THC y HHC para distribuidores y tiendas.\",\"breadcrumb\":{\"@id\":\"https:\\\/\\\/thelyflabs.com\\\/product\\\/vaper-e8h-90-space-vape-red-berries-1ml#breadcrumb\"},\"inLanguage\":\"fr-FR\",\"potentialAction\":[{\"@type\":\"ReadAction\",\"target\":[\"https:\\\/\\\/thelyflabs.com\\\/product\\\/vaper-e8h-90-space-vape-red-berries-1ml\"]}]},{\"@type\":\"ImageObject\",\"inLanguage\":\"fr-FR\",\"@id\":\"https:\\\/\\\/thelyflabs.com\\\/product\\\/vaper-e8h-90-space-vape-red-berries-1ml#primaryimage\",\"url\":\"https:\\\/\\\/thelyflabs.com\\\/wp-content\\\/uploads\\\/2026\\\/03\\\/Bolsa-Space-Vape-Red-Berries-E8H-1ml-con-vape.webp\",\"contentUrl\":\"https:\\\/\\\/thelyflabs.com\\\/wp-content\\\/uploads\\\/2026\\\/03\\\/Bolsa-Space-Vape-Red-Berries-E8H-1ml-con-vape.webp\",\"width\":1000,\"height\":1000,\"caption\":\"Bolsa m\u00e1s vaper azul Red Berries STV 1 ml\"},{\"@type\":\"BreadcrumbList\",\"@id\":\"https:\\\/\\\/thelyflabs.com\\\/product\\\/vaper-e8h-90-space-vape-red-berries-1ml#breadcrumb\",\"itemListElement\":[{\"@type\":\"ListItem\",\"position\":1,\"name\":\"Portada\",\"item\":\"https:\\\/\\\/thelyflabs.com\\\/\"},{\"@type\":\"ListItem\",\"position\":2,\"name\":\"Tienda\",\"item\":\"https:\\\/\\\/thelyflabs.com\\\/tienda\"},{\"@type\":\"ListItem\",\"position\":3,\"name\":\"Vaper E8H 90% &#8211; Space Vape Red Berries 1ml\"}]},{\"@type\":\"WebSite\",\"@id\":\"https:\\\/\\\/thelyflabs.com\\\/#website\",\"url\":\"https:\\\/\\\/thelyflabs.com\\\/\",\"name\":\"The LYF Labs\",\"description\":\"CBD al por mayor\",\"publisher\":{\"@id\":\"https:\\\/\\\/thelyflabs.com\\\/#organization\"},\"potentialAction\":[{\"@type\":\"SearchAction\",\"target\":{\"@type\":\"EntryPoint\",\"urlTemplate\":\"https:\\\/\\\/thelyflabs.com\\\/?s={search_term_string}\"},\"query-input\":{\"@type\":\"PropertyValueSpecification\",\"valueRequired\":true,\"valueName\":\"search_term_string\"}}],\"inLanguage\":\"fr-FR\"},{\"@type\":\"Organization\",\"@id\":\"https:\\\/\\\/thelyflabs.com\\\/#organization\",\"name\":\"The LYF Labs\",\"url\":\"https:\\\/\\\/thelyflabs.com\\\/\",\"logo\":{\"@type\":\"ImageObject\",\"inLanguage\":\"fr-FR\",\"@id\":\"https:\\\/\\\/thelyflabs.com\\\/#\\\/schema\\\/logo\\\/image\\\/\",\"url\":\"https:\\\/\\\/thelyflabs.com\\\/wp-content\\\/uploads\\\/2023\\\/01\\\/cropped-LogoTheLYFLabs.png\",\"contentUrl\":\"https:\\\/\\\/thelyflabs.com\\\/wp-content\\\/uploads\\\/2023\\\/01\\\/cropped-LogoTheLYFLabs.png\",\"width\":600,\"height\":180,\"caption\":\"The LYF Labs\"},\"image\":{\"@id\":\"https:\\\/\\\/thelyflabs.com\\\/#\\\/schema\\\/logo\\\/image\\\/\"}}]}<\/script>\n<!-- \/ Yoast SEO plugin. -->","yoast_head_json":{"title":"Vaper E8H 90% - Space Vape Red Berries 1ml - THE LYF LABS - Vapers Mayorista","description":"E8H Vaper sabor Red Berries, 90% mol\u00e9cula sin THC ni nicotina. Compra vapers al por mayor CBD y alternativas al THC y HHC para distribuidores y tiendas.","robots":{"index":"index","follow":"follow","max-snippet":"max-snippet:-1","max-image-preview":"max-image-preview:large","max-video-preview":"max-video-preview:-1"},"canonical":"https:\/\/thelyflabs.com\/fr\/product\/vaper-e8h-90-space-vape-red-berries-1ml\/","og_locale":"fr_FR","og_type":"article","og_title":"Vaper E8H 90% - Space Vape Red Berries 1ml - THE LYF LABS - Vapers Mayorista","og_description":"E8H Vaper sabor Red Berries, 90% mol\u00e9cula sin THC ni nicotina. Compra vapers al por mayor CBD y alternativas al THC y HHC para distribuidores y tiendas.","og_url":"https:\/\/thelyflabs.com\/fr\/product\/vaper-e8h-90-space-vape-red-berries-1ml\/","og_site_name":"THE LYF LABS","article_modified_time":"2026-03-19T13:35:57+00:00","og_image":[{"width":1000,"height":1000,"url":"https:\/\/thelyflabs.com\/wp-content\/uploads\/2026\/03\/Bolsa-Space-Vape-Red-Berries-E8H-1ml-con-vape.webp","type":"image\/webp"}],"twitter_card":"summary_large_image","twitter_misc":{"Dur\u00e9e de lecture estim\u00e9e":"3 minutes"},"schema":{"@context":"https:\/\/schema.org","@graph":[{"@type":"WebPage","@id":"https:\/\/thelyflabs.com\/product\/vaper-e8h-90-space-vape-red-berries-1ml","url":"https:\/\/thelyflabs.com\/product\/vaper-e8h-90-space-vape-red-berries-1ml","name":"Vaper E8H 90% - Space Vape Red Berries 1ml - THE LYF LABS - Vapers Mayorista","isPartOf":{"@id":"https:\/\/thelyflabs.com\/#website"},"primaryImageOfPage":{"@id":"https:\/\/thelyflabs.com\/product\/vaper-e8h-90-space-vape-red-berries-1ml#primaryimage"},"image":{"@id":"https:\/\/thelyflabs.com\/product\/vaper-e8h-90-space-vape-red-berries-1ml#primaryimage"},"thumbnailUrl":"https:\/\/thelyflabs.com\/wp-content\/uploads\/2026\/03\/Bolsa-Space-Vape-Red-Berries-E8H-1ml-con-vape.webp","datePublished":"2025-09-16T08:41:18+00:00","dateModified":"2026-03-19T13:35:57+00:00","description":"E8H Vaper sabor Red Berries, 90% mol\u00e9cula sin THC ni nicotina. Compra vapers al por mayor CBD y alternativas al THC y HHC para distribuidores y tiendas.","breadcrumb":{"@id":"https:\/\/thelyflabs.com\/product\/vaper-e8h-90-space-vape-red-berries-1ml#breadcrumb"},"inLanguage":"fr-FR","potentialAction":[{"@type":"ReadAction","target":["https:\/\/thelyflabs.com\/product\/vaper-e8h-90-space-vape-red-berries-1ml"]}]},{"@type":"ImageObject","inLanguage":"fr-FR","@id":"https:\/\/thelyflabs.com\/product\/vaper-e8h-90-space-vape-red-berries-1ml#primaryimage","url":"https:\/\/thelyflabs.com\/wp-content\/uploads\/2026\/03\/Bolsa-Space-Vape-Red-Berries-E8H-1ml-con-vape.webp","contentUrl":"https:\/\/thelyflabs.com\/wp-content\/uploads\/2026\/03\/Bolsa-Space-Vape-Red-Berries-E8H-1ml-con-vape.webp","width":1000,"height":1000,"caption":"Bolsa m\u00e1s vaper azul Red Berries STV 1 ml"},{"@type":"BreadcrumbList","@id":"https:\/\/thelyflabs.com\/product\/vaper-e8h-90-space-vape-red-berries-1ml#breadcrumb","itemListElement":[{"@type":"ListItem","position":1,"name":"Portada","item":"https:\/\/thelyflabs.com\/"},{"@type":"ListItem","position":2,"name":"Tienda","item":"https:\/\/thelyflabs.com\/tienda"},{"@type":"ListItem","position":3,"name":"Vaper E8H 90% &#8211; Space Vape Red Berries 1ml"}]},{"@type":"WebSite","@id":"https:\/\/thelyflabs.com\/#website","url":"https:\/\/thelyflabs.com\/","name":"Les laboratoires LYF","description":"Vente en gros de CBD","publisher":{"@id":"https:\/\/thelyflabs.com\/#organization"},"potentialAction":[{"@type":"SearchAction","target":{"@type":"EntryPoint","urlTemplate":"https:\/\/thelyflabs.com\/?s={search_term_string}"},"query-input":{"@type":"PropertyValueSpecification","valueRequired":true,"valueName":"search_term_string"}}],"inLanguage":"fr-FR"},{"@type":"Organization","@id":"https:\/\/thelyflabs.com\/#organization","name":"Les laboratoires LYF","url":"https:\/\/thelyflabs.com\/","logo":{"@type":"ImageObject","inLanguage":"fr-FR","@id":"https:\/\/thelyflabs.com\/#\/schema\/logo\/image\/","url":"https:\/\/thelyflabs.com\/wp-content\/uploads\/2023\/01\/cropped-LogoTheLYFLabs.png","contentUrl":"https:\/\/thelyflabs.com\/wp-content\/uploads\/2023\/01\/cropped-LogoTheLYFLabs.png","width":600,"height":180,"caption":"The LYF Labs"},"image":{"@id":"https:\/\/thelyflabs.com\/#\/schema\/logo\/image\/"}}]}},"_links":{"self":[{"href":"https:\/\/thelyflabs.com\/fr\/wp-json\/wp\/v2\/product\/14145","targetHints":{"allow":["GET"]}}],"collection":[{"href":"https:\/\/thelyflabs.com\/fr\/wp-json\/wp\/v2\/product"}],"about":[{"href":"https:\/\/thelyflabs.com\/fr\/wp-json\/wp\/v2\/types\/product"}],"replies":[{"embeddable":true,"href":"https:\/\/thelyflabs.com\/fr\/wp-json\/wp\/v2\/comments?post=14145"}],"wp:featuredmedia":[{"embeddable":true,"href":"https:\/\/thelyflabs.com\/fr\/wp-json\/wp\/v2\/media\/17172"}],"wp:attachment":[{"href":"https:\/\/thelyflabs.com\/fr\/wp-json\/wp\/v2\/media?parent=14145"}],"wp:term":[{"taxonomy":"product_brand","embeddable":true,"href":"https:\/\/thelyflabs.com\/fr\/wp-json\/wp\/v2\/product_brand?post=14145"},{"taxonomy":"product_cat","embeddable":true,"href":"https:\/\/thelyflabs.com\/fr\/wp-json\/wp\/v2\/product_cat?post=14145"},{"taxonomy":"product_tag","embeddable":true,"href":"https:\/\/thelyflabs.com\/fr\/wp-json\/wp\/v2\/product_tag?post=14145"}],"curies":[{"name":"wp","href":"https:\/\/api.w.org\/{rel}","templated":true}]}}