{"id":14190,"date":"2025-09-16T13:17:28","date_gmt":"2025-09-16T11:17:28","guid":{"rendered":"https:\/\/thelyflabs.com\/?post_type=product&#038;p=14190"},"modified":"2026-04-08T11:52:00","modified_gmt":"2026-04-08T09:52:00","slug":"cartucho-desechable-stv-sativanol-red-berries","status":"publish","type":"product","link":"https:\/\/thelyflabs.com\/fr\/product\/cartucho-desechable-stv-sativanol-red-berries","title":{"rendered":"Cartouche jetable STV Sativanol \u2013 Fruits rouges"},"content":{"rendered":"<h1 data-start=\"302\" data-end=\"345\">Cartouche jetable STV Sativanol \u2013 Fruits rouges<\/h1>\n<p>La cartouche jetable <b>STV Sativanol<\/b> aromatis\u00e9 avec <b>Fruits rouges<\/b> Il vous offre une exp\u00e9rience de vapotage fonctionnelle et simple. Son profil aromatique vibrant de fraise, framboise et myrtille est compl\u00e9t\u00e9 par une formule pure et sans toxines. <b>agents de coupe<\/b>. De plus, il contient <b>STV Sativanol<\/b>, l&#039;une des mol\u00e9cules les plus r\u00e9centes sur le march\u00e9, con\u00e7ue pour fournir de l&#039;\u00e9nergie et de la concentration sans la lourdeur du THC.<\/p>\n<p>D\u00e9sormais disponible chez Iguana Smoke, ce produit est conforme \u00e0 toutes les r\u00e9glementations l\u00e9gales.<\/p>\n<h2 data-start=\"907\" data-end=\"932\">Qu&#039;est-ce que le STV ou Sativanol ?<\/h2>\n<p data-start=\"934\" data-end=\"1198\"><strong data-start=\"934\" data-end=\"953\">Sativanol, STV ou Super Sativa<\/strong>\u00a0Il s&#039;agit d&#039;un cannabino\u00efde semi-synth\u00e9tique de nouvelle g\u00e9n\u00e9ration d\u00e9riv\u00e9 du chanvre qui ne contient pas de THC ni ses d\u00e9riv\u00e9s (HHC, THCP, etc.), mais son effet est comparable \u00e0 celui d&#039;une puissante Sativa : clart\u00e9 mentale, l\u00e9g\u00e8re euphorie et bien-\u00eatre sans le brouillard ni les d\u00e9pressions.<\/p>\n<p data-start=\"1200\" data-end=\"1220\"><strong data-start=\"1200\" data-end=\"1220\">Avantages du STV :<\/strong><\/p>\n<ul data-start=\"1221\" data-end=\"1424\">\n<li data-start=\"1221\" data-end=\"1253\">\n<p data-start=\"1223\" data-end=\"1253\">Stimulation mentale et concentration.<\/p>\n<\/li>\n<li data-start=\"1254\" data-end=\"1298\">\n<p data-start=\"1256\" data-end=\"1298\">Ne g\u00e9n\u00e8re pas de tol\u00e9rance avec une utilisation fr\u00e9quente.<\/p>\n<\/li>\n<li data-start=\"1299\" data-end=\"1342\">\n<p data-start=\"1301\" data-end=\"1342\">Il ne vous laisse pas bloqu\u00e9 et ne provoque pas de somnolence.<\/p>\n<\/li>\n<li data-start=\"1343\" data-end=\"1375\">\n<p data-start=\"1345\" data-end=\"1375\">Effets longue dur\u00e9e (3-4 heures).<\/p>\n<\/li>\n<li data-start=\"1376\" data-end=\"1424\">\n<p data-start=\"1378\" data-end=\"1424\">100% l\u00e9gal et sans substances contr\u00f4l\u00e9es.<\/p>\n<\/li>\n<\/ul>\n<h2 data-start=\"1506\" data-end=\"1530\">Profil de saveur des fruits rouges<\/h2>\n<p data-start=\"1532\" data-end=\"1699\">Le profil de saveur <b>Fruits rouges<\/b> Il se caract\u00e9rise par son ar\u00f4me fruit\u00e9 et juteux avec une touche aigre-douce qui donne \u00e0 chaque bouff\u00e9e l&#039;impression de d\u00e9guster un m\u00e9lange de baies fra\u00eeches.<\/p>\n<h2 data-start=\"2040\" data-end=\"2074\">Qu&#039;est-ce qu&#039;une cartouche jetable ?<\/h2>\n<p data-start=\"2076\" data-end=\"2288\">UN <strong data-start=\"2079\" data-end=\"2102\">cartouche jetable<\/strong> (aussi appel\u00e9 pod ou cartouche) est un appareil pr\u00e9rempli de liquide de vapotage. Pour l&#039;utiliser, il suffit de le connecter \u00e0 une batterie standard \u00e0 filetage 510, et c&#039;est tout\u00a0; pas de recharge ni de souci.<\/p>\n<p data-start=\"2290\" data-end=\"2349\"><strong data-start=\"2290\" data-end=\"2315\">STV Sativanol \u2013 Fruits rouges<\/strong> Il est disponible en deux versions :<\/p>\n<ul data-start=\"2350\" data-end=\"2425\">\n<li data-start=\"2350\" data-end=\"2387\">\n<p data-start=\"2352\" data-end=\"2387\"><strong data-start=\"2352\" data-end=\"2360\">1 ml<\/strong> \u2013 Donne jusqu\u2019\u00e0 300 bouff\u00e9es.<\/p>\n<\/li>\n<li data-start=\"2388\" data-end=\"2425\">\n<p data-start=\"2390\" data-end=\"2425\"><strong data-start=\"2390\" data-end=\"2398\">2 ml<\/strong> \u2013 Donne jusqu\u2019\u00e0 600 bouff\u00e9es.<\/p>\n<\/li>\n<\/ul>\n<h2 data-start=\"2505\" data-end=\"2547\">Pourquoi acheter la cartouche STV Red Berries ?<\/h2>\n<p data-start=\"2549\" data-end=\"2769\">Parce que le <strong data-start=\"2559\" data-end=\"2572\">Cartouche STV<\/strong> C&#039;est la derni\u00e8re nouveaut\u00e9 en mati\u00e8re de vapotage l\u00e9gal de CBD, car son effet est puissant, sans THC ni nicotine. C&#039;est une option id\u00e9ale pour ceux qui recherchent s\u00e9curit\u00e9 et sensations, sans parano\u00efa ni somnolence.<\/p>\n<p data-start=\"2771\" data-end=\"2809\"><strong data-start=\"2771\" data-end=\"2809\">Avantages de la cartouche STV Red Berries :<\/strong><\/p>\n<ul data-start=\"2810\" data-end=\"3020\">\n<li data-start=\"2810\" data-end=\"2849\">\n<p data-start=\"2812\" data-end=\"2849\">Saveur douce et naturelle de fruits rouges.<\/p>\n<\/li>\n<li data-start=\"2850\" data-end=\"2894\">\n<p data-start=\"2852\" data-end=\"2894\">Contient du STV : cannabino\u00efde l\u00e9gal, sans THC.<\/p>\n<\/li>\n<li data-start=\"2895\" data-end=\"2937\">\n<p data-start=\"2897\" data-end=\"2937\">Compatible avec les batteries universelles 510.<\/p>\n<\/li>\n<li data-start=\"2938\" data-end=\"2968\">\n<p data-start=\"2940\" data-end=\"2968\">Sans additifs ni solvants.<\/p>\n<\/li>\n<\/ul>\n<p data-start=\"3022\" data-end=\"3126\">Que vous soyez nouveau dans ce domaine ou que vous ne manquiez jamais une nouvelle version, cette cartouche est faite pour vous.<\/p>\n<h2 data-start=\"3133\" data-end=\"3162\">O\u00f9 acheter STV en ligne ?<\/h2>\n<p data-start=\"3164\" data-end=\"3291\">Dans <strong data-start=\"3167\" data-end=\"3183\">Fum\u00e9e d&#039;iguane<\/strong>, votre site de confiance pour <strong data-start=\"3212\" data-end=\"3243\">acheter une cartouche STV en ligne,<\/strong>\u00a0o\u00f9 nous proposons des produits de vapotage l\u00e9gaux et fonctionnels.<\/p>\n<p data-start=\"3293\" data-end=\"3305\">Ici vous pouvez :<\/p>\n<ul data-start=\"3306\" data-end=\"3497\">\n<li data-start=\"3306\" data-end=\"3346\">\n<p data-start=\"3308\" data-end=\"3346\"><strong data-start=\"3308\" data-end=\"3345\">Achetez des vapes STV au go\u00fbt de fruits rouges<\/strong>.<\/p>\n<\/li>\n<li data-start=\"3347\" data-end=\"3398\">\n<p data-start=\"3349\" data-end=\"3398\"><strong data-start=\"3349\" data-end=\"3397\">Achetez des capsules comme alternative au THC, sans additifs, nicotine ou agents de coupe<\/strong>.<\/p>\n<\/li>\n<li data-start=\"3445\" data-end=\"3497\">\n<p data-start=\"3447\" data-end=\"3497\">Explorez de nouvelles saveurs avec STV comme protagoniste.<\/p>\n<\/li>\n<\/ul>\n<p data-start=\"3499\" data-end=\"3570\">Chez Iguana Smoke, nous proposons une exp\u00e9dition rapide, un service client direct et un catalogue en constante \u00e9volution afin que vous puissiez profiter des derniers d\u00e9veloppements dans le monde du CBD.<\/p>\n<h2 data-start=\"3577\" data-end=\"3633\">Baies rouges STV : fruit\u00e9es, fonctionnelles et pour toutes les occasions<\/h2>\n<p data-start=\"3635\" data-end=\"3833\">Il <strong data-start=\"3638\" data-end=\"3660\">Cartouche STV Red Berries<\/strong> Il vous offre le meilleur des deux mondes\u00a0: un effet mental clair et un go\u00fbt que vous adorerez. De plus, c&#039;est le compagnon id\u00e9al pour les jours o\u00f9 vous avez besoin d&#039;\u00e9nergie et de paix, sans complications.<\/p>\n<hr class=\"\" style=\"--tw-scale-x: 1;--tw-scale-y: 1;--tw-scroll-snap-strictness: proximity;--tw-ring-offset-width: 0px;--tw-ring-offset-color: #fff;--tw-ring-color: #3b82f680;--tw-ring-offset-shadow: 0 0 #0000;--tw-ring-shadow: 0 0 #0000;--tw-shadow: 0 0 #0000;--tw-shadow-colored: 0 0 #0000\" data-start=\"3960\" data-end=\"3963\" \/>\n<p data-start=\"3965\" data-end=\"4047\"><strong data-start=\"3965\" data-end=\"4047\">Ce produit est un objet de collection et ne convient donc pas \u00e0 la combustion ou \u00e0 la consommation directe.<\/strong><\/p>\n<p data-start=\"4049\" data-end=\"4187\"><strong data-start=\"4049\" data-end=\"4187\">Il ne contient pas de cannabino\u00efdes inclus dans l&#039;annexe I du d\u00e9cret royal 2829\/1977 ni de substances contr\u00f4l\u00e9es par des conventions internationales.<\/strong><\/p>","protected":false},"excerpt":{"rendered":"<h4>Cartouche jetable STV Sativanol saveur fruits rouges<\/h4>\n<h4><strong>Caract\u00e9ristiques<\/strong><\/h4>\n<ul>\n<li>Saveur fruit\u00e9e de fruits rouges<\/li>\n<li>Connexion : tapez 510<\/li>\n<li>Capacit\u00e9: <span style=\"font-size: 16px\">1 ml \/ 2 ml<\/span><\/li>\n<li>Bouff\u00e9es : <span style=\"font-size: 16px\">300 \/ 600<\/span><\/li>\n<li>Terp\u00e8nes naturels de haute qualit\u00e9<\/li>\n<li>STV (Sativanol) : 90%<\/li>\n<li>THC\u00a0: 0%<\/li>\n<li>HHC: 0%<\/li>\n<li>THC-P : 0%Nicotine : 0%<\/li>\n<li>Ne contient pas de VG, PG, PEG, MCT ou tout autre agent de coupe<\/li>\n<\/ul>\n<p>Tous nos produits sont issus de chanvre industriel certifi\u00e9. Ils contiennent moins de 0,31 TP3T de THC et sont exempts de cannabino\u00efdes ill\u00e9gaux tels que le HHC, le HHC-P, le THCP, le THCP-O, le H4CBD ou leurs d\u00e9riv\u00e9s. Vous pouvez consulter le <a href=\"https:\/\/iguanasmoke.com\/analiticas\/\" target=\"_blank\" rel=\"noopener\">Certificat d&#039;analyse ici.<\/a><\/p>","protected":false},"featured_media":14199,"comment_status":"open","ping_status":"closed","template":"","meta":{"_acf_changed":false,"site-sidebar-layout":"default","site-content-layout":"","ast-site-content-layout":"default","site-content-style":"default","site-sidebar-style":"default","ast-global-header-display":"","ast-banner-title-visibility":"","ast-main-header-display":"","ast-hfb-above-header-display":"","ast-hfb-below-header-display":"","ast-hfb-mobile-header-display":"","site-post-title":"","ast-breadcrumbs-content":"","ast-featured-img":"","footer-sml-layout":"","theme-transparent-header-meta":"default","adv-header-id-meta":"","stick-header-meta":"","header-above-stick-meta":"","header-main-stick-meta":"","header-below-stick-meta":"","astra-migrate-meta-layouts":"set","ast-page-background-enabled":"default","ast-page-background-meta":{"desktop":{"background-color":"var(--ast-global-color-4)","background-image":"","background-repeat":"repeat","background-position":"center center","background-size":"auto","background-attachment":"scroll","background-type":"","background-media":"","overlay-type":"","overlay-color":"","overlay-opacity":"","overlay-gradient":""},"tablet":{"background-color":"","background-image":"","background-repeat":"repeat","background-position":"center center","background-size":"auto","background-attachment":"scroll","background-type":"","background-media":"","overlay-type":"","overlay-color":"","overlay-opacity":"","overlay-gradient":""},"mobile":{"background-color":"","background-image":"","background-repeat":"repeat","background-position":"center center","background-size":"auto","background-attachment":"scroll","background-type":"","background-media":"","overlay-type":"","overlay-color":"","overlay-opacity":"","overlay-gradient":""}},"ast-content-background-meta":{"desktop":{"background-color":"var(--ast-global-color-5)","background-image":"","background-repeat":"repeat","background-position":"center center","background-size":"auto","background-attachment":"scroll","background-type":"","background-media":"","overlay-type":"","overlay-color":"","overlay-opacity":"","overlay-gradient":""},"tablet":{"background-color":"var(--ast-global-color-5)","background-image":"","background-repeat":"repeat","background-position":"center center","background-size":"auto","background-attachment":"scroll","background-type":"","background-media":"","overlay-type":"","overlay-color":"","overlay-opacity":"","overlay-gradient":""},"mobile":{"background-color":"var(--ast-global-color-5)","background-image":"","background-repeat":"repeat","background-position":"center center","background-size":"auto","background-attachment":"scroll","background-type":"","background-media":"","overlay-type":"","overlay-color":"","overlay-opacity":"","overlay-gradient":""}}},"product_brand":[],"product_cat":[91,146,143,138],"product_tag":[],"class_list":{"0":"post-14190","1":"product","2":"type-product","3":"status-publish","4":"has-post-thumbnail","6":"product_cat-cartuchos","7":"product_cat-nuevas-moleculas","8":"product_cat-stv","9":"product_cat-stv-sativanol","10":"desktop-align-center","11":"tablet-align-left","12":"mobile-align-left","14":"first","15":"instock","16":"taxable","17":"shipping-taxable","18":"purchasable","19":"product-type-variable"},"acf":[],"yoast_head":"<!-- This site is optimized with the Yoast SEO plugin v27.3 - https:\/\/yoast.com\/product\/yoast-seo-wordpress\/ -->\n<title>Cartucho desechable STV Sativanol - Red Berries - THE LYF LABS<\/title>\n<meta name=\"description\" content=\"Compra al por mayor el Cartucho Desechable STV sabor Red Berries, compatible con bater\u00edas 510. Sin THC, HHC, nicotina. Efecto relajante con Sativanol.\" \/>\n<meta name=\"robots\" content=\"index, follow, max-snippet:-1, max-image-preview:large, max-video-preview:-1\" \/>\n<link rel=\"canonical\" href=\"https:\/\/thelyflabs.com\/fr\/product\/cartucho-desechable-stv-sativanol-red-berries\/\" \/>\n<meta property=\"og:locale\" content=\"fr_FR\" \/>\n<meta property=\"og:type\" content=\"article\" \/>\n<meta property=\"og:title\" content=\"Cartucho desechable STV Sativanol - Red Berries - THE LYF LABS\" \/>\n<meta property=\"og:description\" content=\"Compra al por mayor el Cartucho Desechable STV sabor Red Berries, compatible con bater\u00edas 510. Sin THC, HHC, nicotina. Efecto relajante con Sativanol.\" \/>\n<meta property=\"og:url\" content=\"https:\/\/thelyflabs.com\/fr\/product\/cartucho-desechable-stv-sativanol-red-berries\/\" \/>\n<meta property=\"og:site_name\" content=\"THE LYF LABS\" \/>\n<meta property=\"article:modified_time\" content=\"2026-04-08T09:52:00+00:00\" \/>\n<meta property=\"og:image\" content=\"https:\/\/thelyflabs.com\/wp-content\/uploads\/2025\/09\/Bolsa-Cart-Red-Berries-2025-STV-con-cartucho.webp\" \/>\n\t<meta property=\"og:image:width\" content=\"1000\" \/>\n\t<meta property=\"og:image:height\" content=\"1000\" \/>\n\t<meta property=\"og:image:type\" content=\"image\/webp\" \/>\n<meta name=\"twitter:card\" content=\"summary_large_image\" \/>\n<meta name=\"twitter:label1\" content=\"Dur\u00e9e de lecture estim\u00e9e\" \/>\n\t<meta name=\"twitter:data1\" content=\"3 minutes\" \/>\n<script type=\"application\/ld+json\" class=\"yoast-schema-graph\">{\"@context\":\"https:\\\/\\\/schema.org\",\"@graph\":[{\"@type\":\"WebPage\",\"@id\":\"https:\\\/\\\/thelyflabs.com\\\/product\\\/cartucho-desechable-stv-sativanol-red-berries\",\"url\":\"https:\\\/\\\/thelyflabs.com\\\/product\\\/cartucho-desechable-stv-sativanol-red-berries\",\"name\":\"Cartucho desechable STV Sativanol - Red Berries - THE LYF LABS\",\"isPartOf\":{\"@id\":\"https:\\\/\\\/thelyflabs.com\\\/#website\"},\"primaryImageOfPage\":{\"@id\":\"https:\\\/\\\/thelyflabs.com\\\/product\\\/cartucho-desechable-stv-sativanol-red-berries#primaryimage\"},\"image\":{\"@id\":\"https:\\\/\\\/thelyflabs.com\\\/product\\\/cartucho-desechable-stv-sativanol-red-berries#primaryimage\"},\"thumbnailUrl\":\"https:\\\/\\\/thelyflabs.com\\\/wp-content\\\/uploads\\\/2025\\\/09\\\/Bolsa-Cart-Red-Berries-2025-STV-con-cartucho.webp\",\"datePublished\":\"2025-09-16T11:17:28+00:00\",\"dateModified\":\"2026-04-08T09:52:00+00:00\",\"description\":\"Compra al por mayor el Cartucho Desechable STV sabor Red Berries, compatible con bater\u00edas 510. Sin THC, HHC, nicotina. Efecto relajante con Sativanol.\",\"breadcrumb\":{\"@id\":\"https:\\\/\\\/thelyflabs.com\\\/product\\\/cartucho-desechable-stv-sativanol-red-berries#breadcrumb\"},\"inLanguage\":\"fr-FR\",\"potentialAction\":[{\"@type\":\"ReadAction\",\"target\":[\"https:\\\/\\\/thelyflabs.com\\\/product\\\/cartucho-desechable-stv-sativanol-red-berries\"]}]},{\"@type\":\"ImageObject\",\"inLanguage\":\"fr-FR\",\"@id\":\"https:\\\/\\\/thelyflabs.com\\\/product\\\/cartucho-desechable-stv-sativanol-red-berries#primaryimage\",\"url\":\"https:\\\/\\\/thelyflabs.com\\\/wp-content\\\/uploads\\\/2025\\\/09\\\/Bolsa-Cart-Red-Berries-2025-STV-con-cartucho.webp\",\"contentUrl\":\"https:\\\/\\\/thelyflabs.com\\\/wp-content\\\/uploads\\\/2025\\\/09\\\/Bolsa-Cart-Red-Berries-2025-STV-con-cartucho.webp\",\"width\":1000,\"height\":1000,\"caption\":\"cartucho stv\"},{\"@type\":\"BreadcrumbList\",\"@id\":\"https:\\\/\\\/thelyflabs.com\\\/product\\\/cartucho-desechable-stv-sativanol-red-berries#breadcrumb\",\"itemListElement\":[{\"@type\":\"ListItem\",\"position\":1,\"name\":\"Portada\",\"item\":\"https:\\\/\\\/thelyflabs.com\\\/\"},{\"@type\":\"ListItem\",\"position\":2,\"name\":\"Tienda\",\"item\":\"https:\\\/\\\/thelyflabs.com\\\/tienda\"},{\"@type\":\"ListItem\",\"position\":3,\"name\":\"Cartucho desechable STV Sativanol &#8211; Red Berries\"}]},{\"@type\":\"WebSite\",\"@id\":\"https:\\\/\\\/thelyflabs.com\\\/#website\",\"url\":\"https:\\\/\\\/thelyflabs.com\\\/\",\"name\":\"The LYF Labs\",\"description\":\"CBD al por mayor\",\"publisher\":{\"@id\":\"https:\\\/\\\/thelyflabs.com\\\/#organization\"},\"potentialAction\":[{\"@type\":\"SearchAction\",\"target\":{\"@type\":\"EntryPoint\",\"urlTemplate\":\"https:\\\/\\\/thelyflabs.com\\\/?s={search_term_string}\"},\"query-input\":{\"@type\":\"PropertyValueSpecification\",\"valueRequired\":true,\"valueName\":\"search_term_string\"}}],\"inLanguage\":\"fr-FR\"},{\"@type\":\"Organization\",\"@id\":\"https:\\\/\\\/thelyflabs.com\\\/#organization\",\"name\":\"The LYF Labs\",\"url\":\"https:\\\/\\\/thelyflabs.com\\\/\",\"logo\":{\"@type\":\"ImageObject\",\"inLanguage\":\"fr-FR\",\"@id\":\"https:\\\/\\\/thelyflabs.com\\\/#\\\/schema\\\/logo\\\/image\\\/\",\"url\":\"https:\\\/\\\/thelyflabs.com\\\/wp-content\\\/uploads\\\/2023\\\/01\\\/cropped-LogoTheLYFLabs.png\",\"contentUrl\":\"https:\\\/\\\/thelyflabs.com\\\/wp-content\\\/uploads\\\/2023\\\/01\\\/cropped-LogoTheLYFLabs.png\",\"width\":600,\"height\":180,\"caption\":\"The LYF Labs\"},\"image\":{\"@id\":\"https:\\\/\\\/thelyflabs.com\\\/#\\\/schema\\\/logo\\\/image\\\/\"}}]}<\/script>\n<!-- \/ Yoast SEO plugin. -->","yoast_head_json":{"title":"Cartucho desechable STV Sativanol - Red Berries - THE LYF LABS","description":"Compra al por mayor el Cartucho Desechable STV sabor Red Berries, compatible con bater\u00edas 510. Sin THC, HHC, nicotina. Efecto relajante con Sativanol.","robots":{"index":"index","follow":"follow","max-snippet":"max-snippet:-1","max-image-preview":"max-image-preview:large","max-video-preview":"max-video-preview:-1"},"canonical":"https:\/\/thelyflabs.com\/fr\/product\/cartucho-desechable-stv-sativanol-red-berries\/","og_locale":"fr_FR","og_type":"article","og_title":"Cartucho desechable STV Sativanol - Red Berries - THE LYF LABS","og_description":"Compra al por mayor el Cartucho Desechable STV sabor Red Berries, compatible con bater\u00edas 510. Sin THC, HHC, nicotina. Efecto relajante con Sativanol.","og_url":"https:\/\/thelyflabs.com\/fr\/product\/cartucho-desechable-stv-sativanol-red-berries\/","og_site_name":"THE LYF LABS","article_modified_time":"2026-04-08T09:52:00+00:00","og_image":[{"width":1000,"height":1000,"url":"https:\/\/thelyflabs.com\/wp-content\/uploads\/2025\/09\/Bolsa-Cart-Red-Berries-2025-STV-con-cartucho.webp","type":"image\/webp"}],"twitter_card":"summary_large_image","twitter_misc":{"Dur\u00e9e de lecture estim\u00e9e":"3 minutes"},"schema":{"@context":"https:\/\/schema.org","@graph":[{"@type":"WebPage","@id":"https:\/\/thelyflabs.com\/product\/cartucho-desechable-stv-sativanol-red-berries","url":"https:\/\/thelyflabs.com\/product\/cartucho-desechable-stv-sativanol-red-berries","name":"Cartucho desechable STV Sativanol - Red Berries - THE LYF LABS","isPartOf":{"@id":"https:\/\/thelyflabs.com\/#website"},"primaryImageOfPage":{"@id":"https:\/\/thelyflabs.com\/product\/cartucho-desechable-stv-sativanol-red-berries#primaryimage"},"image":{"@id":"https:\/\/thelyflabs.com\/product\/cartucho-desechable-stv-sativanol-red-berries#primaryimage"},"thumbnailUrl":"https:\/\/thelyflabs.com\/wp-content\/uploads\/2025\/09\/Bolsa-Cart-Red-Berries-2025-STV-con-cartucho.webp","datePublished":"2025-09-16T11:17:28+00:00","dateModified":"2026-04-08T09:52:00+00:00","description":"Compra al por mayor el Cartucho Desechable STV sabor Red Berries, compatible con bater\u00edas 510. Sin THC, HHC, nicotina. Efecto relajante con Sativanol.","breadcrumb":{"@id":"https:\/\/thelyflabs.com\/product\/cartucho-desechable-stv-sativanol-red-berries#breadcrumb"},"inLanguage":"fr-FR","potentialAction":[{"@type":"ReadAction","target":["https:\/\/thelyflabs.com\/product\/cartucho-desechable-stv-sativanol-red-berries"]}]},{"@type":"ImageObject","inLanguage":"fr-FR","@id":"https:\/\/thelyflabs.com\/product\/cartucho-desechable-stv-sativanol-red-berries#primaryimage","url":"https:\/\/thelyflabs.com\/wp-content\/uploads\/2025\/09\/Bolsa-Cart-Red-Berries-2025-STV-con-cartucho.webp","contentUrl":"https:\/\/thelyflabs.com\/wp-content\/uploads\/2025\/09\/Bolsa-Cart-Red-Berries-2025-STV-con-cartucho.webp","width":1000,"height":1000,"caption":"cartucho stv"},{"@type":"BreadcrumbList","@id":"https:\/\/thelyflabs.com\/product\/cartucho-desechable-stv-sativanol-red-berries#breadcrumb","itemListElement":[{"@type":"ListItem","position":1,"name":"Portada","item":"https:\/\/thelyflabs.com\/"},{"@type":"ListItem","position":2,"name":"Tienda","item":"https:\/\/thelyflabs.com\/tienda"},{"@type":"ListItem","position":3,"name":"Cartucho desechable STV Sativanol &#8211; Red Berries"}]},{"@type":"WebSite","@id":"https:\/\/thelyflabs.com\/#website","url":"https:\/\/thelyflabs.com\/","name":"Les laboratoires LYF","description":"Vente en gros de CBD","publisher":{"@id":"https:\/\/thelyflabs.com\/#organization"},"potentialAction":[{"@type":"SearchAction","target":{"@type":"EntryPoint","urlTemplate":"https:\/\/thelyflabs.com\/?s={search_term_string}"},"query-input":{"@type":"PropertyValueSpecification","valueRequired":true,"valueName":"search_term_string"}}],"inLanguage":"fr-FR"},{"@type":"Organization","@id":"https:\/\/thelyflabs.com\/#organization","name":"Les laboratoires LYF","url":"https:\/\/thelyflabs.com\/","logo":{"@type":"ImageObject","inLanguage":"fr-FR","@id":"https:\/\/thelyflabs.com\/#\/schema\/logo\/image\/","url":"https:\/\/thelyflabs.com\/wp-content\/uploads\/2023\/01\/cropped-LogoTheLYFLabs.png","contentUrl":"https:\/\/thelyflabs.com\/wp-content\/uploads\/2023\/01\/cropped-LogoTheLYFLabs.png","width":600,"height":180,"caption":"The LYF Labs"},"image":{"@id":"https:\/\/thelyflabs.com\/#\/schema\/logo\/image\/"}}]}},"_links":{"self":[{"href":"https:\/\/thelyflabs.com\/fr\/wp-json\/wp\/v2\/product\/14190","targetHints":{"allow":["GET"]}}],"collection":[{"href":"https:\/\/thelyflabs.com\/fr\/wp-json\/wp\/v2\/product"}],"about":[{"href":"https:\/\/thelyflabs.com\/fr\/wp-json\/wp\/v2\/types\/product"}],"replies":[{"embeddable":true,"href":"https:\/\/thelyflabs.com\/fr\/wp-json\/wp\/v2\/comments?post=14190"}],"wp:featuredmedia":[{"embeddable":true,"href":"https:\/\/thelyflabs.com\/fr\/wp-json\/wp\/v2\/media\/14199"}],"wp:attachment":[{"href":"https:\/\/thelyflabs.com\/fr\/wp-json\/wp\/v2\/media?parent=14190"}],"wp:term":[{"taxonomy":"product_brand","embeddable":true,"href":"https:\/\/thelyflabs.com\/fr\/wp-json\/wp\/v2\/product_brand?post=14190"},{"taxonomy":"product_cat","embeddable":true,"href":"https:\/\/thelyflabs.com\/fr\/wp-json\/wp\/v2\/product_cat?post=14190"},{"taxonomy":"product_tag","embeddable":true,"href":"https:\/\/thelyflabs.com\/fr\/wp-json\/wp\/v2\/product_tag?post=14190"}],"curies":[{"name":"wp","href":"https:\/\/api.w.org\/{rel}","templated":true}]}}