{"id":14237,"date":"2025-09-18T10:39:07","date_gmt":"2025-09-18T08:39:07","guid":{"rendered":"https:\/\/thelyflabs.com\/?post_type=product&#038;p=14237"},"modified":"2026-04-01T09:41:41","modified_gmt":"2026-04-01T07:41:41","slug":"cartucho-desechable-10-oh-red-berries","status":"publish","type":"product","link":"https:\/\/thelyflabs.com\/fr\/product\/cartucho-desechable-10-oh-red-berries","title":{"rendered":"Cartouche jetable 10-OH \u2013 Fruits rouges"},"content":{"rendered":"<h1>Cartouche jetable 10-OH \u2013 Fruits rouges<\/h1>\n<p>Ravissez vos sens avec le <b>Cartouche jetable 10-OH \u2013 Fruits rouges<\/b>Vivez une vague de douceur aux ar\u00f4mes de fruits rouges dans un format innovant. Exclusivement chez Iguana Smoke, votre boutique de confiance.<\/p>\n<p>Si vous recherchez le nec plus ultra en mati\u00e8re de cannabino\u00efdes et une cartouche qui vous fera d\u00e9marrer en douceur, la <b>10-OH \u2013 Baies rouges<\/b> est fait pour vous. Ce pod pr\u00e9rempli combine <b>cannabino\u00efde 10-OH<\/b> Avec son ar\u00f4me sucr\u00e9 et acidul\u00e9 de fruits rouges raffin\u00e9s, elle est id\u00e9ale pour ceux qui recherchent un effet similaire au HHC, sans THC ni sensation lourde. <b>clart\u00e9, saveur et fluidit\u00e9<\/b>.<\/p>\n<h3>Qu&#039;est-ce que 10-OH ?<\/h3>\n<p>Il <b>10-OH (10-hydroxyhaxahydrocannabinol)<\/b> c&#039;est un <b>m\u00e9tabolite du HHC<\/b>, une substance produite par la d\u00e9gradation du HHC par l&#039;organisme. En laboratoire, elle est obtenue par transformation du HHC en sa forme hydroxyl\u00e9e, ce qui donne un cannabino\u00efde plus stable, dot\u00e9 d&#039;une affinit\u00e9 sp\u00e9cifique pour certains r\u00e9cepteurs du syst\u00e8me endocannabino\u00efde.<\/p>\n<p>Bien que les effets puissent varier, les consommateurs qui ont essay\u00e9 le 10-OH (dans les pays o\u00f9 son utilisation est l\u00e9gale) d\u00e9crivent souvent des exp\u00e9riences telles que :<\/p>\n<ul>\n<li><b>Euphorie mod\u00e9r\u00e9e<\/b>, sans l&#039;intensit\u00e9 du THC.<\/li>\n<li><b>D\u00e9tente physique<\/b>, sans produire de s\u00e9dation.<\/li>\n<li><b>Clart\u00e9 mentale.<\/b><\/li>\n<li><b>Moins d&#039;anxi\u00e9t\u00e9<\/b>, \u00e9tant une option int\u00e9ressante pour ceux qui ne tol\u00e8rent pas bien le THC.<\/li>\n<\/ul>\n<p>Ces effets placent le 10-OH \u00e0 mi-chemin entre le HHC et le THC : <b>plus puissant que le premier, mais plus maniable que le second<\/b>Pour cette raison, de nombreuses personnes int\u00e9ress\u00e9es par l\u2019achat de HHC finissent par opter pour le 10-OH comme alternative plus puissante et structur\u00e9e.<\/p>\n<p>Si vous souhaitez d\u00e9couvrir les diff\u00e9rences entre le 10-OH et d&#039;autres mol\u00e9cules comme le HHC, visitez <a href=\"https:\/\/iguanasmoke.com\/que-es-el-10-oh-la-nueva-opcion-en-cannabinoides\/\">notre article<\/a>.<\/p>\n<h3>Profil aromatique des fruits rouges<\/h3>\n<p>Lorsque vous vapotez la cartouche aromatis\u00e9e aux baies rouges 10-OH, vous remarquerez un \u00e9quilibre parfait entre douceur et acidit\u00e9, avec des nuances de baies rouges, de m\u00fbres sauvages et de framboises.<\/p>\n<h3>Qu&#039;est-ce qu&#039;une cartouche jetable ?<\/h3>\n<p>UN <b>cartouche jetable<\/b> (\u00e9galement appel\u00e9 pod ou \u00ab\u00a0cart\u00a0\u00bb) est un appareil de vapotage pr\u00e9-rempli de liquide qui se connecte aux batteries avec un filetage 510 standard. C&#039;est <b>facile \u00e0 utiliser, portable et sans entretien<\/b>.<\/p>\n<p>Il <b>10-OH \u2013 Baies rouges<\/b>\u00a0est disponible en deux formats pratiques :<\/p>\n<ul>\n<li><b>1 ml<\/b> \u2013 Jusqu\u2019\u00e0 300 bouff\u00e9es.<\/li>\n<li><b>2 ml<\/b> \u2013 Jusqu\u2019\u00e0 600 bouff\u00e9es.<\/li>\n<\/ul>\n<p>Id\u00e9al \u00e0 emporter partout avec vous et \u00e0 profiter sans complications. Connectez-vous, inspirez et l\u00e2chez prise.<\/p>\n<h3>Pourquoi choisir la cartouche 10-OH Red Berries ?<\/h3>\n<p><b>Achetez une vape avec 10-OH<\/b> Il s&#039;agit d&#039;\u00eatre \u00e0 l&#039;avant-garde du monde des cannabino\u00efdes d\u00e9riv\u00e9s du chanvre. Nul besoin de THC pour explorer les sensations\u00a0: avec le 10-OH, vous obtiendrez un profil d&#039;effets fonctionnels et une saveur spectaculaire, le tout l\u00e9gal en Espagne pour la collection.<\/p>\n<p><b>Avantages de la cartouche 10-OH :<\/b><\/p>\n<ul>\n<li>Contient <b>10-OH, un cannabino\u00efde d\u00e9riv\u00e9 du chanvre<\/b> 100% sans THC.<\/li>\n<li>Profil aromatique fruit\u00e9 que vous allez adorer.<\/li>\n<li><b>Compatible avec la plupart des batteries 510<\/b>.<\/li>\n<\/ul>\n<h3>O\u00f9 acheter du 10-OH en ligne ?<\/h3>\n<p>Dans <b>Fum\u00e9e d&#039;iguane<\/b>Nous sommes votre boutique en ligne de confiance pour les produits d\u00e9riv\u00e9s du chanvre. Vous pouvez\u00a0:<\/p>\n<ul>\n<li><b>Achetez des cartouches contenant du 10-OH dans diff\u00e9rentes saveurs.<\/b><\/li>\n<li>Explorer <b>capsules alternatives au THC ou au HHC<\/b>, sans THC ni nicotine, mais avec des profils int\u00e9ressants \u00e0 collectionner.<\/li>\n<li><b>Achetez des vapoteurs 10-OH en ligne<\/b> avec une exp\u00e9dition rapide et discr\u00e8te en Espagne.<\/li>\n<\/ul>\n<p>Nous aimons vous proposer des produits non seulement conformes, mais aussi esth\u00e9tiques. <b>Fruits rouges<\/b> est une nouvelle saveur ajout\u00e9e \u00e0 notre collection.<\/p>\n<h3>10-OH Red Berries : la cartouche \u00e0 essayer absolument<\/h3>\n<p>Avec cette cartouche de vape, vous profiterez non seulement d&#039;une saveur riche et fruit\u00e9e, mais aussi d&#039;une exp\u00e9rience mentale claire et douce (dans les pays o\u00f9 elle est l\u00e9gale). Utilisez-la lorsque vous avez besoin d&#039;inspiration, d&#039;\u00e9nergie ou simplement d&#039;un moment de d\u00e9tente.<\/p>\n<h4>Informations l\u00e9gales<\/h4>\n<p>Tous nos produits sont issus de chanvre industriel certifi\u00e9. Ils contiennent moins de 0,31 TP3T de THC et sont exempts de cannabino\u00efdes ill\u00e9gaux tels que le HHC, le HHC-P, le THCP, le THCP-O, le H4CBD ou leurs d\u00e9riv\u00e9s. Vous pouvez consulter le <a href=\"https:\/\/iguanasmoke.com\/analiticas\/\" target=\"_blank\" rel=\"noopener\">Certificat d&#039;analyse ici.<\/a><\/p>\n<p><i>Ce produit est un objet de collection. Il n&#039;est pas con\u00e7u pour la consommation directe ou la combustion.<\/i> <i>Il ne contient pas de cannabino\u00efdes inclus dans l&#039;annexe I du d\u00e9cret royal 2829\/1977 ni de substances contr\u00f4l\u00e9es par des conventions internationales.<\/i><\/p>","protected":false},"excerpt":{"rendered":"<h4>Cartouche jetable 10-OH \u2013 Fruits rouges<\/h4>\n<h4>Caract\u00e9ristiques<\/h4>\n<ul>\n<li>Saveur de fruits rouges<\/li>\n<li>Connexion : tapez 510<\/li>\n<li>Capacit\u00e9 : 1 ml \/ 2 ml<\/li>\n<li>Bouff\u00e9es : 300 \/ 600<\/li>\n<li>Terp\u00e8nes naturels de haute qualit\u00e9<\/li>\n<li>10-OH : 90%<\/li>\n<li>THC : 0%, HHC : 0%, THC-P : 0%, Nicotine : 0%<\/li>\n<li>Ne contient pas de VG, PG, PEG, MCT ou autres agents de coupe.<\/li>\n<\/ul>","protected":false},"featured_media":14174,"comment_status":"open","ping_status":"closed","template":"","meta":{"_acf_changed":false,"site-sidebar-layout":"default","site-content-layout":"","ast-site-content-layout":"default","site-content-style":"default","site-sidebar-style":"default","ast-global-header-display":"","ast-banner-title-visibility":"","ast-main-header-display":"","ast-hfb-above-header-display":"","ast-hfb-below-header-display":"","ast-hfb-mobile-header-display":"","site-post-title":"","ast-breadcrumbs-content":"","ast-featured-img":"","footer-sml-layout":"","theme-transparent-header-meta":"default","adv-header-id-meta":"","stick-header-meta":"","header-above-stick-meta":"","header-main-stick-meta":"","header-below-stick-meta":"","astra-migrate-meta-layouts":"set","ast-page-background-enabled":"default","ast-page-background-meta":{"desktop":{"background-color":"var(--ast-global-color-4)","background-image":"","background-repeat":"repeat","background-position":"center center","background-size":"auto","background-attachment":"scroll","background-type":"","background-media":"","overlay-type":"","overlay-color":"","overlay-opacity":"","overlay-gradient":""},"tablet":{"background-color":"","background-image":"","background-repeat":"repeat","background-position":"center center","background-size":"auto","background-attachment":"scroll","background-type":"","background-media":"","overlay-type":"","overlay-color":"","overlay-opacity":"","overlay-gradient":""},"mobile":{"background-color":"","background-image":"","background-repeat":"repeat","background-position":"center center","background-size":"auto","background-attachment":"scroll","background-type":"","background-media":"","overlay-type":"","overlay-color":"","overlay-opacity":"","overlay-gradient":""}},"ast-content-background-meta":{"desktop":{"background-color":"var(--ast-global-color-5)","background-image":"","background-repeat":"repeat","background-position":"center center","background-size":"auto","background-attachment":"scroll","background-type":"","background-media":"","overlay-type":"","overlay-color":"","overlay-opacity":"","overlay-gradient":""},"tablet":{"background-color":"var(--ast-global-color-5)","background-image":"","background-repeat":"repeat","background-position":"center center","background-size":"auto","background-attachment":"scroll","background-type":"","background-media":"","overlay-type":"","overlay-color":"","overlay-opacity":"","overlay-gradient":""},"mobile":{"background-color":"var(--ast-global-color-5)","background-image":"","background-repeat":"repeat","background-position":"center center","background-size":"auto","background-attachment":"scroll","background-type":"","background-media":"","overlay-type":"","overlay-color":"","overlay-opacity":"","overlay-gradient":""}}},"product_brand":[],"product_cat":[140,91,146],"product_tag":[],"class_list":{"0":"post-14237","1":"product","2":"type-product","3":"status-publish","4":"has-post-thumbnail","6":"product_cat-10oh","7":"product_cat-cartuchos","8":"product_cat-nuevas-moleculas","9":"desktop-align-center","10":"tablet-align-left","11":"mobile-align-left","13":"first","14":"instock","15":"taxable","16":"shipping-taxable","17":"purchasable","18":"product-type-variable"},"acf":[],"yoast_head":"<!-- This site is optimized with the Yoast SEO plugin v27.3 - https:\/\/yoast.com\/product\/yoast-seo-wordpress\/ -->\n<title>Cartucho desechable 10-OH - Red Berries - THE LYF LABS<\/title>\n<meta name=\"description\" content=\"Compra al por mayor Cartucho desechable 10-OH sabor Red Berries para tu vaper y prueba alternativas seguras y legales al THC y HHC.\" \/>\n<meta name=\"robots\" content=\"index, follow, max-snippet:-1, max-image-preview:large, max-video-preview:-1\" \/>\n<link rel=\"canonical\" href=\"https:\/\/thelyflabs.com\/fr\/product\/cartucho-desechable-10-oh-red-berries\/\" \/>\n<meta property=\"og:locale\" content=\"fr_FR\" \/>\n<meta property=\"og:type\" content=\"article\" \/>\n<meta property=\"og:title\" content=\"Cartucho desechable 10-OH - Red Berries - THE LYF LABS\" \/>\n<meta property=\"og:description\" content=\"Compra al por mayor Cartucho desechable 10-OH sabor Red Berries para tu vaper y prueba alternativas seguras y legales al THC y HHC.\" \/>\n<meta property=\"og:url\" content=\"https:\/\/thelyflabs.com\/fr\/product\/cartucho-desechable-10-oh-red-berries\/\" \/>\n<meta property=\"og:site_name\" content=\"THE LYF LABS\" \/>\n<meta property=\"article:modified_time\" content=\"2026-04-01T07:41:41+00:00\" \/>\n<meta property=\"og:image\" content=\"https:\/\/thelyflabs.com\/wp-content\/uploads\/2025\/09\/Bolsa-Cart-HHC-Red-Berries-2025-10-OH-con-cartucho.webp\" \/>\n\t<meta property=\"og:image:width\" content=\"1000\" \/>\n\t<meta property=\"og:image:height\" content=\"1000\" \/>\n\t<meta property=\"og:image:type\" content=\"image\/webp\" \/>\n<meta name=\"twitter:card\" content=\"summary_large_image\" \/>\n<meta name=\"twitter:label1\" content=\"Dur\u00e9e de lecture estim\u00e9e\" \/>\n\t<meta name=\"twitter:data1\" content=\"4 minutes\" \/>\n<script type=\"application\/ld+json\" class=\"yoast-schema-graph\">{\"@context\":\"https:\\\/\\\/schema.org\",\"@graph\":[{\"@type\":\"WebPage\",\"@id\":\"https:\\\/\\\/thelyflabs.com\\\/product\\\/cartucho-desechable-10-oh-red-berries\",\"url\":\"https:\\\/\\\/thelyflabs.com\\\/product\\\/cartucho-desechable-10-oh-red-berries\",\"name\":\"Cartucho desechable 10-OH - Red Berries - THE LYF LABS\",\"isPartOf\":{\"@id\":\"https:\\\/\\\/thelyflabs.com\\\/#website\"},\"primaryImageOfPage\":{\"@id\":\"https:\\\/\\\/thelyflabs.com\\\/product\\\/cartucho-desechable-10-oh-red-berries#primaryimage\"},\"image\":{\"@id\":\"https:\\\/\\\/thelyflabs.com\\\/product\\\/cartucho-desechable-10-oh-red-berries#primaryimage\"},\"thumbnailUrl\":\"https:\\\/\\\/thelyflabs.com\\\/wp-content\\\/uploads\\\/2025\\\/09\\\/Bolsa-Cart-HHC-Red-Berries-2025-10-OH-con-cartucho.webp\",\"datePublished\":\"2025-09-18T08:39:07+00:00\",\"dateModified\":\"2026-04-01T07:41:41+00:00\",\"description\":\"Compra al por mayor Cartucho desechable 10-OH sabor Red Berries para tu vaper y prueba alternativas seguras y legales al THC y HHC.\",\"breadcrumb\":{\"@id\":\"https:\\\/\\\/thelyflabs.com\\\/product\\\/cartucho-desechable-10-oh-red-berries#breadcrumb\"},\"inLanguage\":\"fr-FR\",\"potentialAction\":[{\"@type\":\"ReadAction\",\"target\":[\"https:\\\/\\\/thelyflabs.com\\\/product\\\/cartucho-desechable-10-oh-red-berries\"]}]},{\"@type\":\"ImageObject\",\"inLanguage\":\"fr-FR\",\"@id\":\"https:\\\/\\\/thelyflabs.com\\\/product\\\/cartucho-desechable-10-oh-red-berries#primaryimage\",\"url\":\"https:\\\/\\\/thelyflabs.com\\\/wp-content\\\/uploads\\\/2025\\\/09\\\/Bolsa-Cart-HHC-Red-Berries-2025-10-OH-con-cartucho.webp\",\"contentUrl\":\"https:\\\/\\\/thelyflabs.com\\\/wp-content\\\/uploads\\\/2025\\\/09\\\/Bolsa-Cart-HHC-Red-Berries-2025-10-OH-con-cartucho.webp\",\"width\":1000,\"height\":1000,\"caption\":\"cartucho 10-oh\"},{\"@type\":\"BreadcrumbList\",\"@id\":\"https:\\\/\\\/thelyflabs.com\\\/product\\\/cartucho-desechable-10-oh-red-berries#breadcrumb\",\"itemListElement\":[{\"@type\":\"ListItem\",\"position\":1,\"name\":\"Portada\",\"item\":\"https:\\\/\\\/thelyflabs.com\\\/\"},{\"@type\":\"ListItem\",\"position\":2,\"name\":\"Tienda\",\"item\":\"https:\\\/\\\/thelyflabs.com\\\/tienda\"},{\"@type\":\"ListItem\",\"position\":3,\"name\":\"Cartucho desechable 10-OH &#8211; Red Berries\"}]},{\"@type\":\"WebSite\",\"@id\":\"https:\\\/\\\/thelyflabs.com\\\/#website\",\"url\":\"https:\\\/\\\/thelyflabs.com\\\/\",\"name\":\"The LYF Labs\",\"description\":\"CBD al por mayor\",\"publisher\":{\"@id\":\"https:\\\/\\\/thelyflabs.com\\\/#organization\"},\"potentialAction\":[{\"@type\":\"SearchAction\",\"target\":{\"@type\":\"EntryPoint\",\"urlTemplate\":\"https:\\\/\\\/thelyflabs.com\\\/?s={search_term_string}\"},\"query-input\":{\"@type\":\"PropertyValueSpecification\",\"valueRequired\":true,\"valueName\":\"search_term_string\"}}],\"inLanguage\":\"fr-FR\"},{\"@type\":\"Organization\",\"@id\":\"https:\\\/\\\/thelyflabs.com\\\/#organization\",\"name\":\"The LYF Labs\",\"url\":\"https:\\\/\\\/thelyflabs.com\\\/\",\"logo\":{\"@type\":\"ImageObject\",\"inLanguage\":\"fr-FR\",\"@id\":\"https:\\\/\\\/thelyflabs.com\\\/#\\\/schema\\\/logo\\\/image\\\/\",\"url\":\"https:\\\/\\\/thelyflabs.com\\\/wp-content\\\/uploads\\\/2023\\\/01\\\/cropped-LogoTheLYFLabs.png\",\"contentUrl\":\"https:\\\/\\\/thelyflabs.com\\\/wp-content\\\/uploads\\\/2023\\\/01\\\/cropped-LogoTheLYFLabs.png\",\"width\":600,\"height\":180,\"caption\":\"The LYF Labs\"},\"image\":{\"@id\":\"https:\\\/\\\/thelyflabs.com\\\/#\\\/schema\\\/logo\\\/image\\\/\"}}]}<\/script>\n<!-- \/ Yoast SEO plugin. -->","yoast_head_json":{"title":"Cartucho desechable 10-OH - Red Berries - THE LYF LABS","description":"Compra al por mayor Cartucho desechable 10-OH sabor Red Berries para tu vaper y prueba alternativas seguras y legales al THC y HHC.","robots":{"index":"index","follow":"follow","max-snippet":"max-snippet:-1","max-image-preview":"max-image-preview:large","max-video-preview":"max-video-preview:-1"},"canonical":"https:\/\/thelyflabs.com\/fr\/product\/cartucho-desechable-10-oh-red-berries\/","og_locale":"fr_FR","og_type":"article","og_title":"Cartucho desechable 10-OH - Red Berries - THE LYF LABS","og_description":"Compra al por mayor Cartucho desechable 10-OH sabor Red Berries para tu vaper y prueba alternativas seguras y legales al THC y HHC.","og_url":"https:\/\/thelyflabs.com\/fr\/product\/cartucho-desechable-10-oh-red-berries\/","og_site_name":"THE LYF LABS","article_modified_time":"2026-04-01T07:41:41+00:00","og_image":[{"width":1000,"height":1000,"url":"https:\/\/thelyflabs.com\/wp-content\/uploads\/2025\/09\/Bolsa-Cart-HHC-Red-Berries-2025-10-OH-con-cartucho.webp","type":"image\/webp"}],"twitter_card":"summary_large_image","twitter_misc":{"Dur\u00e9e de lecture estim\u00e9e":"4 minutes"},"schema":{"@context":"https:\/\/schema.org","@graph":[{"@type":"WebPage","@id":"https:\/\/thelyflabs.com\/product\/cartucho-desechable-10-oh-red-berries","url":"https:\/\/thelyflabs.com\/product\/cartucho-desechable-10-oh-red-berries","name":"Cartucho desechable 10-OH - Red Berries - THE LYF LABS","isPartOf":{"@id":"https:\/\/thelyflabs.com\/#website"},"primaryImageOfPage":{"@id":"https:\/\/thelyflabs.com\/product\/cartucho-desechable-10-oh-red-berries#primaryimage"},"image":{"@id":"https:\/\/thelyflabs.com\/product\/cartucho-desechable-10-oh-red-berries#primaryimage"},"thumbnailUrl":"https:\/\/thelyflabs.com\/wp-content\/uploads\/2025\/09\/Bolsa-Cart-HHC-Red-Berries-2025-10-OH-con-cartucho.webp","datePublished":"2025-09-18T08:39:07+00:00","dateModified":"2026-04-01T07:41:41+00:00","description":"Compra al por mayor Cartucho desechable 10-OH sabor Red Berries para tu vaper y prueba alternativas seguras y legales al THC y HHC.","breadcrumb":{"@id":"https:\/\/thelyflabs.com\/product\/cartucho-desechable-10-oh-red-berries#breadcrumb"},"inLanguage":"fr-FR","potentialAction":[{"@type":"ReadAction","target":["https:\/\/thelyflabs.com\/product\/cartucho-desechable-10-oh-red-berries"]}]},{"@type":"ImageObject","inLanguage":"fr-FR","@id":"https:\/\/thelyflabs.com\/product\/cartucho-desechable-10-oh-red-berries#primaryimage","url":"https:\/\/thelyflabs.com\/wp-content\/uploads\/2025\/09\/Bolsa-Cart-HHC-Red-Berries-2025-10-OH-con-cartucho.webp","contentUrl":"https:\/\/thelyflabs.com\/wp-content\/uploads\/2025\/09\/Bolsa-Cart-HHC-Red-Berries-2025-10-OH-con-cartucho.webp","width":1000,"height":1000,"caption":"cartucho 10-oh"},{"@type":"BreadcrumbList","@id":"https:\/\/thelyflabs.com\/product\/cartucho-desechable-10-oh-red-berries#breadcrumb","itemListElement":[{"@type":"ListItem","position":1,"name":"Portada","item":"https:\/\/thelyflabs.com\/"},{"@type":"ListItem","position":2,"name":"Tienda","item":"https:\/\/thelyflabs.com\/tienda"},{"@type":"ListItem","position":3,"name":"Cartucho desechable 10-OH &#8211; Red Berries"}]},{"@type":"WebSite","@id":"https:\/\/thelyflabs.com\/#website","url":"https:\/\/thelyflabs.com\/","name":"Les laboratoires LYF","description":"Vente en gros de CBD","publisher":{"@id":"https:\/\/thelyflabs.com\/#organization"},"potentialAction":[{"@type":"SearchAction","target":{"@type":"EntryPoint","urlTemplate":"https:\/\/thelyflabs.com\/?s={search_term_string}"},"query-input":{"@type":"PropertyValueSpecification","valueRequired":true,"valueName":"search_term_string"}}],"inLanguage":"fr-FR"},{"@type":"Organization","@id":"https:\/\/thelyflabs.com\/#organization","name":"Les laboratoires LYF","url":"https:\/\/thelyflabs.com\/","logo":{"@type":"ImageObject","inLanguage":"fr-FR","@id":"https:\/\/thelyflabs.com\/#\/schema\/logo\/image\/","url":"https:\/\/thelyflabs.com\/wp-content\/uploads\/2023\/01\/cropped-LogoTheLYFLabs.png","contentUrl":"https:\/\/thelyflabs.com\/wp-content\/uploads\/2023\/01\/cropped-LogoTheLYFLabs.png","width":600,"height":180,"caption":"The LYF Labs"},"image":{"@id":"https:\/\/thelyflabs.com\/#\/schema\/logo\/image\/"}}]}},"_links":{"self":[{"href":"https:\/\/thelyflabs.com\/fr\/wp-json\/wp\/v2\/product\/14237","targetHints":{"allow":["GET"]}}],"collection":[{"href":"https:\/\/thelyflabs.com\/fr\/wp-json\/wp\/v2\/product"}],"about":[{"href":"https:\/\/thelyflabs.com\/fr\/wp-json\/wp\/v2\/types\/product"}],"replies":[{"embeddable":true,"href":"https:\/\/thelyflabs.com\/fr\/wp-json\/wp\/v2\/comments?post=14237"}],"wp:featuredmedia":[{"embeddable":true,"href":"https:\/\/thelyflabs.com\/fr\/wp-json\/wp\/v2\/media\/14174"}],"wp:attachment":[{"href":"https:\/\/thelyflabs.com\/fr\/wp-json\/wp\/v2\/media?parent=14237"}],"wp:term":[{"taxonomy":"product_brand","embeddable":true,"href":"https:\/\/thelyflabs.com\/fr\/wp-json\/wp\/v2\/product_brand?post=14237"},{"taxonomy":"product_cat","embeddable":true,"href":"https:\/\/thelyflabs.com\/fr\/wp-json\/wp\/v2\/product_cat?post=14237"},{"taxonomy":"product_tag","embeddable":true,"href":"https:\/\/thelyflabs.com\/fr\/wp-json\/wp\/v2\/product_tag?post=14237"}],"curies":[{"name":"wp","href":"https:\/\/api.w.org\/{rel}","templated":true}]}}