{"id":14445,"date":"2025-09-30T15:21:41","date_gmt":"2025-09-30T13:21:41","guid":{"rendered":"https:\/\/thelyflabs.com\/?post_type=product&#038;p=14445"},"modified":"2026-04-10T10:14:04","modified_gmt":"2026-04-10T08:14:04","slug":"hash-cbd-amnesia","status":"publish","type":"product","link":"https:\/\/thelyflabs.com\/fr\/product\/hash-cbd-amnesia","title":{"rendered":"Hash CBD Amnesia"},"content":{"rendered":"<h1><span style=\"font-weight: 400\">Hash CBD Amnesia 30%\u00a0: D\u00e9couvrez l\u2019excellence suisse<\/span><\/h1>\n<p><span style=\"font-weight: 400\">Nous vous pr\u00e9sentons l&#039;une des r\u00e9sines les plus luxueuses et haut de gamme de notre collection\u00a0: le haschisch CBD Amnesia 30%. Comme vous le savez, chez Iguana Smoke, nous avons \u00e0 c\u0153ur de vous offrir le meilleur du CBD, et ce produit est \u00e9labor\u00e9 \u00e0 partir de\u2026 <strong>plantes vigoureuses<\/strong> et soigneusement s\u00e9lectionn\u00e9s parmi les <strong>Vari\u00e9t\u00e9 Amnesia de qualit\u00e9 suisse<\/strong>, l&#039;un des <strong>fleurs de CBD les plus c\u00e9l\u00e8bres<\/strong> et membres tr\u00e8s appr\u00e9ci\u00e9s du monde du haschisch CBD sans THC.\u00a0<\/span><\/p>\n<p>Ce haschisch CBD Amnesia vous offre une profonde sensation de relaxation et de calme, ce qui en fait une r\u00e9sine puissante pour votre routine du soir ou pour ces moments qui requi\u00e8rent une tranquillit\u00e9 accrue.<\/p>\n<p><span style=\"font-weight: 400\">Il contient \u00e9galement moins de 0,31 % de THC, donc ce haschisch est <strong>l\u00e9gal en Espagne et en Europe<\/strong>Explorez sa texture et savourez ses ar\u00f4mes ! D\u00e9couvrez pourquoi <strong>Hash CBD Amnesia 30% <\/strong>C&#039;est l&#039;une des r\u00e9sines les plus pures, les plus puissantes et de la plus haute qualit\u00e9 que vous puissiez trouver si vous le souhaitez. <strong>haschisch CBD bon march\u00e9<\/strong> mais premium.<\/span><\/p>\n<p>&nbsp;<\/p>\n<h2>Caract\u00e9ristiques du haschisch CBD Amnesia\u00a0:<\/h2>\n<ul>\n<li><b>Aspect et texture : <span style=\"font-size: 16px;font-weight: 400\">Elle a une consistance <strong>mall\u00e9able et r\u00e9sineux<\/strong>Assez tendre pour s&#039;effriter sous la chaleur des doigts, tout en conservant une structure compacte. Au toucher, quelque chose <strong>collant<\/strong> en raison de <strong>forte concentration de r\u00e9sine riche en cannabino\u00efdes et en terp\u00e8nes<\/strong>; indicateur de son <strong>qualit\u00e9 et puret\u00e9 sup\u00e9rieures<\/strong>.<\/span><\/b><\/li>\n<li><span style=\"font-size: 16px;font-weight: 400\"><strong>Ar\u00f4me et saveur :<\/strong> Intense, avec un profil complexe et captivant. Notes principalement <strong>terreux et avec des notes de bois<\/strong>Les nuances peuvent \u00e9galement \u00eatre appr\u00e9ci\u00e9es <strong>agrumes<\/strong> et une touche \u00e9pic\u00e9e qui rappelle l&#039;embl\u00e9matique <strong>Vari\u00e9t\u00e9 de cannabis Amnesia<\/strong>. Son <strong>Le profil olfactif est frais et profond.<\/strong>invitant \u00e0 la d\u00e9tente.<\/span><\/li>\n<li><strong>Origine et puret\u00e9 :<\/strong><span style=\"font-size: 16px;font-weight: 400\">\u00a0Elle conserve toutes ses <strong>terp\u00e8nes naturels<\/strong>offrant un profil unique.<\/span><span style=\"font-size: 16px;font-weight: 400\"> Avec <strong>teneur \u00e9lev\u00e9e en cannabidiol<\/strong>Il est id\u00e9al pour ceux qui recherchent <strong>haschisch<\/strong> <strong>CBD pas cher<\/strong> mais sans perte de qualit\u00e9. Sa texture intense et son ar\u00f4me proviennent de <strong>fleurs de chanvre suisse de haute qualit\u00e9<\/strong> s\u00e9lectionn\u00e9 et un processus d&#039;extraction minutieux de <strong>trichomes<\/strong>qui sont les <strong>glandes riches en CBD et en terp\u00e8nes<\/strong>, par pressage ou tamisage.\u00a0<\/span><\/li>\n<\/ul>\n<p>&nbsp;<\/p>\n<h3>\u00c9laboration<\/h3>\n<p>L&#039;\u00e9laboration de la <b>Hash CBD Amnesia<\/b> commence par la s\u00e9lection de <b>fleurs de chanvre suisse de haute qualit\u00e9<\/b>, r\u00e9put\u00e9s pour leurs normes de culture rigoureuses. De ces plantes, on extrait soigneusement\u00a0: <b>trichomes<\/b>, les glandes riches en CBD et en terp\u00e8nes, en utilisant des techniques de pressage ou de tamisage.<\/p>\n<p>Ce processus artisanal m\u00e9ticuleux garantit un produit final pur, avec une <b>texture parfaite et un ar\u00f4me intense<\/b>. Le r\u00e9sultat est un hachage avec un <b>forte concentration de CBD<\/b> et, surtout, avec des niveaux de THC toujours inf\u00e9rieurs \u00e0 0,2%, conform\u00e9ment \u00e0 la l\u00e9gislation europ\u00e9enne.<\/p>\n<p>&nbsp;<\/p>\n<section class=\"product-description\">\n<h2>Qualit\u00e9 et s\u00e9curit\u00e9<\/h2>\n<p>Dans <strong>Les laboratoires Lyf<\/strong>, nous garantissons que chaque lot de <span style=\"font-weight: 400\"><strong>Hash CBD Amnesia<\/strong><\/span>\u00a0Ce produit fait l&#039;objet d&#039;analyses rigoureuses en laboratoire afin de confirmer sa puret\u00e9, l&#039;absence de pesticides et un taux de THC l\u00e9gal (inf\u00e9rieur \u00e0 0,31 g\/L). Notre engagement envers la qualit\u00e9 et la s\u00e9curit\u00e9 nous permet de proposer un produit fiable, adapt\u00e9 \u00e0 tous les consommateurs soucieux de l\u00e9galit\u00e9 et d&#039;excellence.<\/p>\n<p>&nbsp;<\/p>\n<p><span style=\"font-size: 1.7em;font-weight: bold\">Pourquoi acheter <span style=\"font-weight: 400\"><strong>Hash CBD Amnesia<\/strong><\/span>\u00a0chez Lyf Labs ?<\/span><\/p>\n<\/section>\n<section class=\"product-description\">\n<ul>\n<li>Produit 100% l\u00e9gal dans l&#039;Union Europ\u00e9enne, conforme \u00e0 la r\u00e9glementation en vigueur sur le THC.<\/li>\n<li>Naturel, sans pesticides ni additifs chimiques, garantissant une consommation s\u00fbre et saine.<\/li>\n<li>Test\u00e9 dans des laboratoires certifi\u00e9s pour garantir une puret\u00e9 et une qualit\u00e9 maximales.<\/li>\n<li>Une livraison rapide et un service professionnel accompagnent chaque achat.<\/li>\n<li>Achat s\u00e9curis\u00e9 et support sp\u00e9cialis\u00e9 pour r\u00e9soudre toutes vos questions.<\/li>\n<\/ul>\n<p>Lyf Labs s&#039;engage \u00e0 proposer des produits alliant tradition, innovation et qualit\u00e9 sup\u00e9rieure. <span style=\"font-weight: 400\"><strong>Hash CBD Amnesia<\/strong><\/span>\u00a0C&#039;est un choix exceptionnel pour ceux qui recherchent un haschisch artisanal au profil moderne et \u00e0 l&#039;exp\u00e9rience utilisateur unique. Faites-nous confiance pour ajouter \u00e0 votre collection ou \u00e0 votre catalogue un produit qui se distingue par son authenticit\u00e9, sa saveur et sa fiabilit\u00e9.<\/p>\n<p>&nbsp;<\/p>\n<p><span style=\"font-size: 1.7em;font-weight: bold\">Lyf Labs, c&#039;est de la qualit\u00e9<\/span><\/p>\n<\/section>\n<p>The Lyf Labs repr\u00e9sente l&#039;excellence sur le march\u00e9 de gros des cannabino\u00efdes, proposant des produits innovants, s\u00fbrs et d&#039;une grande puret\u00e9 aux boutiques sp\u00e9cialis\u00e9es et aux distributeurs. Nous nous effor\u00e7ons de r\u00e9pondre aux besoins d&#039;un secteur professionnel en qu\u00eate de qualit\u00e9 constante, de tra\u00e7abilit\u00e9 et de prix comp\u00e9titifs. Si vous recherchez un fournisseur fiable et avant-gardiste, vous trouverez en The Lyf Labs un partenaire strat\u00e9gique pour vous accompagner dans votre croissance sur le march\u00e9 du chanvre.<\/p>","protected":false},"excerpt":{"rendered":"<p>Nous vous pr\u00e9sentons le <b>Hash CBD Amnesia<\/b>, une r\u00e9sine de luxe \u00e9labor\u00e9e \u00e0 partir de fleurs d&#039;Amnesia d&#039;une puret\u00e9 sup\u00e9rieure :<\/p>\n<ul>\n<li><b>Texture douce et mall\u00e9able<\/b>\u00a0et de couleur dor\u00e9e.<\/li>\n<li><b>Ar\u00f4me puissant :<\/b> Saveur Amnesia avec des notes terreuses et d&#039;agrumes.<\/li>\n<li>Teneur \u00e9lev\u00e9e en <b>CBD\u00a0<\/b>et &lt;0,3% de THC.<\/li>\n<\/ul>\n<p>Analyse qualit\u00e9 : cliquez\u00a0<a href=\"https:\/\/iguanasmoke.com\/analiticas\/\" target=\"_blank\" rel=\"noopener\">ici<\/a><\/p>","protected":false},"featured_media":17428,"comment_status":"open","ping_status":"closed","template":"","meta":{"_acf_changed":false,"site-sidebar-layout":"default","site-content-layout":"","ast-site-content-layout":"default","site-content-style":"default","site-sidebar-style":"default","ast-global-header-display":"","ast-banner-title-visibility":"","ast-main-header-display":"","ast-hfb-above-header-display":"","ast-hfb-below-header-display":"","ast-hfb-mobile-header-display":"","site-post-title":"","ast-breadcrumbs-content":"","ast-featured-img":"","footer-sml-layout":"","theme-transparent-header-meta":"default","adv-header-id-meta":"","stick-header-meta":"","header-above-stick-meta":"","header-main-stick-meta":"","header-below-stick-meta":"","astra-migrate-meta-layouts":"set","ast-page-background-enabled":"default","ast-page-background-meta":{"desktop":{"background-color":"var(--ast-global-color-4)","background-image":"","background-repeat":"repeat","background-position":"center center","background-size":"auto","background-attachment":"scroll","background-type":"","background-media":"","overlay-type":"","overlay-color":"","overlay-opacity":"","overlay-gradient":""},"tablet":{"background-color":"","background-image":"","background-repeat":"repeat","background-position":"center center","background-size":"auto","background-attachment":"scroll","background-type":"","background-media":"","overlay-type":"","overlay-color":"","overlay-opacity":"","overlay-gradient":""},"mobile":{"background-color":"","background-image":"","background-repeat":"repeat","background-position":"center center","background-size":"auto","background-attachment":"scroll","background-type":"","background-media":"","overlay-type":"","overlay-color":"","overlay-opacity":"","overlay-gradient":""}},"ast-content-background-meta":{"desktop":{"background-color":"var(--ast-global-color-5)","background-image":"","background-repeat":"repeat","background-position":"center center","background-size":"auto","background-attachment":"scroll","background-type":"","background-media":"","overlay-type":"","overlay-color":"","overlay-opacity":"","overlay-gradient":""},"tablet":{"background-color":"var(--ast-global-color-5)","background-image":"","background-repeat":"repeat","background-position":"center center","background-size":"auto","background-attachment":"scroll","background-type":"","background-media":"","overlay-type":"","overlay-color":"","overlay-opacity":"","overlay-gradient":""},"mobile":{"background-color":"var(--ast-global-color-5)","background-image":"","background-repeat":"repeat","background-position":"center center","background-size":"auto","background-attachment":"scroll","background-type":"","background-media":"","overlay-type":"","overlay-color":"","overlay-opacity":"","overlay-gradient":""}}},"product_brand":[],"product_cat":[66],"product_tag":[],"class_list":{"0":"post-14445","1":"product","2":"type-product","3":"status-publish","4":"has-post-thumbnail","6":"product_cat-resinas","7":"desktop-align-center","8":"tablet-align-left","9":"mobile-align-left","11":"first","12":"instock","13":"taxable","14":"shipping-taxable","15":"purchasable","16":"product-type-variable"},"acf":[],"yoast_head":"<!-- This site is optimized with the Yoast SEO plugin v27.4 - https:\/\/yoast.com\/product\/yoast-seo-wordpress\/ -->\n<title>Hash CBD Amnesia - THE LYF LABS<\/title>\n<meta name=\"description\" content=\"Descubre Hash CBD Amnesia de Iguana Smoke: aroma terroso y c\u00edtrico, textura blanda, 100% legal. Relajaci\u00f3n profunda con calidad Suiza garantizada.\" \/>\n<meta name=\"robots\" content=\"index, follow, max-snippet:-1, max-image-preview:large, max-video-preview:-1\" \/>\n<link rel=\"canonical\" href=\"https:\/\/thelyflabs.com\/fr\/product\/hash-cbd-amnesia\/\" \/>\n<meta property=\"og:locale\" content=\"fr_FR\" \/>\n<meta property=\"og:type\" content=\"article\" \/>\n<meta property=\"og:title\" content=\"Hash CBD Amnesia - THE LYF LABS\" \/>\n<meta property=\"og:description\" content=\"Descubre Hash CBD Amnesia de Iguana Smoke: aroma terroso y c\u00edtrico, textura blanda, 100% legal. Relajaci\u00f3n profunda con calidad Suiza garantizada.\" \/>\n<meta property=\"og:url\" content=\"https:\/\/thelyflabs.com\/fr\/product\/hash-cbd-amnesia\/\" \/>\n<meta property=\"og:site_name\" content=\"THE LYF LABS\" \/>\n<meta property=\"article:modified_time\" content=\"2026-04-10T08:14:04+00:00\" \/>\n<meta property=\"og:image\" content=\"https:\/\/thelyflabs.com\/wp-content\/uploads\/2025\/09\/Amnesia-2g-con-hash.webp\" \/>\n\t<meta property=\"og:image:width\" content=\"1000\" \/>\n\t<meta property=\"og:image:height\" content=\"1000\" \/>\n\t<meta property=\"og:image:type\" content=\"image\/webp\" \/>\n<meta name=\"twitter:card\" content=\"summary_large_image\" \/>\n<meta name=\"twitter:label1\" content=\"Dur\u00e9e de lecture estim\u00e9e\" \/>\n\t<meta name=\"twitter:data1\" content=\"4 minutes\" \/>\n<script type=\"application\/ld+json\" class=\"yoast-schema-graph\">{\"@context\":\"https:\\\/\\\/schema.org\",\"@graph\":[{\"@type\":\"WebPage\",\"@id\":\"https:\\\/\\\/thelyflabs.com\\\/product\\\/hash-cbd-amnesia\",\"url\":\"https:\\\/\\\/thelyflabs.com\\\/product\\\/hash-cbd-amnesia\",\"name\":\"Hash CBD Amnesia - THE LYF LABS\",\"isPartOf\":{\"@id\":\"https:\\\/\\\/thelyflabs.com\\\/#website\"},\"primaryImageOfPage\":{\"@id\":\"https:\\\/\\\/thelyflabs.com\\\/product\\\/hash-cbd-amnesia#primaryimage\"},\"image\":{\"@id\":\"https:\\\/\\\/thelyflabs.com\\\/product\\\/hash-cbd-amnesia#primaryimage\"},\"thumbnailUrl\":\"https:\\\/\\\/thelyflabs.com\\\/wp-content\\\/uploads\\\/2025\\\/09\\\/Amnesia-2g-con-hash.webp\",\"datePublished\":\"2025-09-30T13:21:41+00:00\",\"dateModified\":\"2026-04-10T08:14:04+00:00\",\"description\":\"Descubre Hash CBD Amnesia de Iguana Smoke: aroma terroso y c\u00edtrico, textura blanda, 100% legal. Relajaci\u00f3n profunda con calidad Suiza garantizada.\",\"breadcrumb\":{\"@id\":\"https:\\\/\\\/thelyflabs.com\\\/product\\\/hash-cbd-amnesia#breadcrumb\"},\"inLanguage\":\"fr-FR\",\"potentialAction\":[{\"@type\":\"ReadAction\",\"target\":[\"https:\\\/\\\/thelyflabs.com\\\/product\\\/hash-cbd-amnesia\"]}]},{\"@type\":\"ImageObject\",\"inLanguage\":\"fr-FR\",\"@id\":\"https:\\\/\\\/thelyflabs.com\\\/product\\\/hash-cbd-amnesia#primaryimage\",\"url\":\"https:\\\/\\\/thelyflabs.com\\\/wp-content\\\/uploads\\\/2025\\\/09\\\/Amnesia-2g-con-hash.webp\",\"contentUrl\":\"https:\\\/\\\/thelyflabs.com\\\/wp-content\\\/uploads\\\/2025\\\/09\\\/Amnesia-2g-con-hash.webp\",\"width\":1000,\"height\":1000,\"caption\":\"hash cbd amnesia 2g\"},{\"@type\":\"BreadcrumbList\",\"@id\":\"https:\\\/\\\/thelyflabs.com\\\/product\\\/hash-cbd-amnesia#breadcrumb\",\"itemListElement\":[{\"@type\":\"ListItem\",\"position\":1,\"name\":\"Portada\",\"item\":\"https:\\\/\\\/thelyflabs.com\\\/\"},{\"@type\":\"ListItem\",\"position\":2,\"name\":\"Tienda\",\"item\":\"https:\\\/\\\/thelyflabs.com\\\/tienda\"},{\"@type\":\"ListItem\",\"position\":3,\"name\":\"Hash CBD Amnesia\"}]},{\"@type\":\"WebSite\",\"@id\":\"https:\\\/\\\/thelyflabs.com\\\/#website\",\"url\":\"https:\\\/\\\/thelyflabs.com\\\/\",\"name\":\"The LYF Labs\",\"description\":\"CBD al por mayor\",\"publisher\":{\"@id\":\"https:\\\/\\\/thelyflabs.com\\\/#organization\"},\"potentialAction\":[{\"@type\":\"SearchAction\",\"target\":{\"@type\":\"EntryPoint\",\"urlTemplate\":\"https:\\\/\\\/thelyflabs.com\\\/?s={search_term_string}\"},\"query-input\":{\"@type\":\"PropertyValueSpecification\",\"valueRequired\":true,\"valueName\":\"search_term_string\"}}],\"inLanguage\":\"fr-FR\"},{\"@type\":\"Organization\",\"@id\":\"https:\\\/\\\/thelyflabs.com\\\/#organization\",\"name\":\"The LYF Labs\",\"url\":\"https:\\\/\\\/thelyflabs.com\\\/\",\"logo\":{\"@type\":\"ImageObject\",\"inLanguage\":\"fr-FR\",\"@id\":\"https:\\\/\\\/thelyflabs.com\\\/#\\\/schema\\\/logo\\\/image\\\/\",\"url\":\"https:\\\/\\\/thelyflabs.com\\\/wp-content\\\/uploads\\\/2023\\\/01\\\/cropped-LogoTheLYFLabs.png\",\"contentUrl\":\"https:\\\/\\\/thelyflabs.com\\\/wp-content\\\/uploads\\\/2023\\\/01\\\/cropped-LogoTheLYFLabs.png\",\"width\":600,\"height\":180,\"caption\":\"The LYF Labs\"},\"image\":{\"@id\":\"https:\\\/\\\/thelyflabs.com\\\/#\\\/schema\\\/logo\\\/image\\\/\"}}]}<\/script>\n<!-- \/ Yoast SEO plugin. -->","yoast_head_json":{"title":"Hash CBD Amnesia - THE LYF LABS","description":"Descubre Hash CBD Amnesia de Iguana Smoke: aroma terroso y c\u00edtrico, textura blanda, 100% legal. Relajaci\u00f3n profunda con calidad Suiza garantizada.","robots":{"index":"index","follow":"follow","max-snippet":"max-snippet:-1","max-image-preview":"max-image-preview:large","max-video-preview":"max-video-preview:-1"},"canonical":"https:\/\/thelyflabs.com\/fr\/product\/hash-cbd-amnesia\/","og_locale":"fr_FR","og_type":"article","og_title":"Hash CBD Amnesia - THE LYF LABS","og_description":"Descubre Hash CBD Amnesia de Iguana Smoke: aroma terroso y c\u00edtrico, textura blanda, 100% legal. Relajaci\u00f3n profunda con calidad Suiza garantizada.","og_url":"https:\/\/thelyflabs.com\/fr\/product\/hash-cbd-amnesia\/","og_site_name":"THE LYF LABS","article_modified_time":"2026-04-10T08:14:04+00:00","og_image":[{"width":1000,"height":1000,"url":"https:\/\/thelyflabs.com\/wp-content\/uploads\/2025\/09\/Amnesia-2g-con-hash.webp","type":"image\/webp"}],"twitter_card":"summary_large_image","twitter_misc":{"Dur\u00e9e de lecture estim\u00e9e":"4 minutes"},"schema":{"@context":"https:\/\/schema.org","@graph":[{"@type":"WebPage","@id":"https:\/\/thelyflabs.com\/product\/hash-cbd-amnesia","url":"https:\/\/thelyflabs.com\/product\/hash-cbd-amnesia","name":"Hash CBD Amnesia - THE LYF LABS","isPartOf":{"@id":"https:\/\/thelyflabs.com\/#website"},"primaryImageOfPage":{"@id":"https:\/\/thelyflabs.com\/product\/hash-cbd-amnesia#primaryimage"},"image":{"@id":"https:\/\/thelyflabs.com\/product\/hash-cbd-amnesia#primaryimage"},"thumbnailUrl":"https:\/\/thelyflabs.com\/wp-content\/uploads\/2025\/09\/Amnesia-2g-con-hash.webp","datePublished":"2025-09-30T13:21:41+00:00","dateModified":"2026-04-10T08:14:04+00:00","description":"Descubre Hash CBD Amnesia de Iguana Smoke: aroma terroso y c\u00edtrico, textura blanda, 100% legal. Relajaci\u00f3n profunda con calidad Suiza garantizada.","breadcrumb":{"@id":"https:\/\/thelyflabs.com\/product\/hash-cbd-amnesia#breadcrumb"},"inLanguage":"fr-FR","potentialAction":[{"@type":"ReadAction","target":["https:\/\/thelyflabs.com\/product\/hash-cbd-amnesia"]}]},{"@type":"ImageObject","inLanguage":"fr-FR","@id":"https:\/\/thelyflabs.com\/product\/hash-cbd-amnesia#primaryimage","url":"https:\/\/thelyflabs.com\/wp-content\/uploads\/2025\/09\/Amnesia-2g-con-hash.webp","contentUrl":"https:\/\/thelyflabs.com\/wp-content\/uploads\/2025\/09\/Amnesia-2g-con-hash.webp","width":1000,"height":1000,"caption":"hash cbd amnesia 2g"},{"@type":"BreadcrumbList","@id":"https:\/\/thelyflabs.com\/product\/hash-cbd-amnesia#breadcrumb","itemListElement":[{"@type":"ListItem","position":1,"name":"Portada","item":"https:\/\/thelyflabs.com\/"},{"@type":"ListItem","position":2,"name":"Tienda","item":"https:\/\/thelyflabs.com\/tienda"},{"@type":"ListItem","position":3,"name":"Hash CBD Amnesia"}]},{"@type":"WebSite","@id":"https:\/\/thelyflabs.com\/#website","url":"https:\/\/thelyflabs.com\/","name":"Les laboratoires LYF","description":"Vente en gros de CBD","publisher":{"@id":"https:\/\/thelyflabs.com\/#organization"},"potentialAction":[{"@type":"SearchAction","target":{"@type":"EntryPoint","urlTemplate":"https:\/\/thelyflabs.com\/?s={search_term_string}"},"query-input":{"@type":"PropertyValueSpecification","valueRequired":true,"valueName":"search_term_string"}}],"inLanguage":"fr-FR"},{"@type":"Organization","@id":"https:\/\/thelyflabs.com\/#organization","name":"Les laboratoires LYF","url":"https:\/\/thelyflabs.com\/","logo":{"@type":"ImageObject","inLanguage":"fr-FR","@id":"https:\/\/thelyflabs.com\/#\/schema\/logo\/image\/","url":"https:\/\/thelyflabs.com\/wp-content\/uploads\/2023\/01\/cropped-LogoTheLYFLabs.png","contentUrl":"https:\/\/thelyflabs.com\/wp-content\/uploads\/2023\/01\/cropped-LogoTheLYFLabs.png","width":600,"height":180,"caption":"The LYF Labs"},"image":{"@id":"https:\/\/thelyflabs.com\/#\/schema\/logo\/image\/"}}]}},"_links":{"self":[{"href":"https:\/\/thelyflabs.com\/fr\/wp-json\/wp\/v2\/product\/14445","targetHints":{"allow":["GET"]}}],"collection":[{"href":"https:\/\/thelyflabs.com\/fr\/wp-json\/wp\/v2\/product"}],"about":[{"href":"https:\/\/thelyflabs.com\/fr\/wp-json\/wp\/v2\/types\/product"}],"replies":[{"embeddable":true,"href":"https:\/\/thelyflabs.com\/fr\/wp-json\/wp\/v2\/comments?post=14445"}],"wp:featuredmedia":[{"embeddable":true,"href":"https:\/\/thelyflabs.com\/fr\/wp-json\/wp\/v2\/media\/17428"}],"wp:attachment":[{"href":"https:\/\/thelyflabs.com\/fr\/wp-json\/wp\/v2\/media?parent=14445"}],"wp:term":[{"taxonomy":"product_brand","embeddable":true,"href":"https:\/\/thelyflabs.com\/fr\/wp-json\/wp\/v2\/product_brand?post=14445"},{"taxonomy":"product_cat","embeddable":true,"href":"https:\/\/thelyflabs.com\/fr\/wp-json\/wp\/v2\/product_cat?post=14445"},{"taxonomy":"product_tag","embeddable":true,"href":"https:\/\/thelyflabs.com\/fr\/wp-json\/wp\/v2\/product_tag?post=14445"}],"curies":[{"name":"wp","href":"https:\/\/api.w.org\/{rel}","templated":true}]}}