{"id":14482,"date":"2025-10-01T15:55:33","date_gmt":"2025-10-01T13:55:33","guid":{"rendered":"https:\/\/thelyflabs.com\/?post_type=product&#038;p=14482"},"modified":"2026-04-08T11:51:06","modified_gmt":"2026-04-08T09:51:06","slug":"cartucho-desechable-full-spectrum-red-berries","status":"publish","type":"product","link":"https:\/\/thelyflabs.com\/fr\/product\/cartucho-desechable-full-spectrum-red-berries","title":{"rendered":"Cartouche jetable \u00e0 spectre complet \u2013 Baies rouges"},"content":{"rendered":"<h4><b>Cartouche jetable \u00e0 spectre complet \u2013 Baies rouges<\/b><\/h4>\n<p>D\u00e9couvrez la puissance du CBD avec notre cartouche de vape jetable <b>Spectre complet<\/b> ar\u00f4me de <b>Fruits rouges<\/b>, <span class=\"citation-32 citation-end-32\">Disponible en exclusivit\u00e9 chez Iguana Smoke. Notre formule avanc\u00e9e combine une richesse en cannabino\u00efdes pour vous offrir une exp\u00e9rience de vapotage unique et compl\u00e8te. <\/span><\/p>\n<p><span class=\"citation-32 citation-end-32\">Extrait de chanvre biologique de haute qualit\u00e9, notre CBD \u00e0 spectre complet pr\u00e9serve la synergie naturelle de la plante pour maximiser ses bienfaits. Profitez d&#039;un soulagement rapide et efficace \u00e0 chaque bouff\u00e9e.<\/span>\u00e0.<\/p>\n<p>La cartouche contient <b>700 mg de CBD (concentration 70%)<\/b>, qui fournit jusqu&#039;\u00e0 <b>300 bouff\u00e9es<\/b> dans sa version 1 ml et plus <b>600 bouff\u00e9es<\/b> Dans la version 2 ml, son design compact et sa compatibilit\u00e9 avec les batteries \u00e0 connexion 510 le rendent id\u00e9al pour une utilisation \u00e0 tout moment, n&#039;importe o\u00f9, sans besoin de recharge ni d&#039;entretien.<\/p>\n<p><b>Fonctionnalit\u00e9s en vedette\u00a0:<\/b><\/p>\n<ul>\n<li>CBD \u00e0 spectre complet de haute qualit\u00e9.<\/li>\n<li>Extraction de chanvre biologique.<\/li>\n<li>Disponible en 1 ml et 2 ml.<\/li>\n<li>Jusqu&#039;\u00e0 300 bouff\u00e9es (1 ml) et jusqu&#039;\u00e0 600 bouff\u00e9es (2 ml).<\/li>\n<li>Sans THC.<\/li>\n<li>Qualit\u00e9 garantie par Iguana Smoke.<\/li>\n<\/ul>\n<p><b>Avantages:<\/b><\/p>\n<ul>\n<li>Soulagement rapide et efficace.<\/li>\n<li>Favorise la d\u00e9tente et le bien-\u00eatre.<\/li>\n<li>Aucun effet psychoactif ind\u00e9sirable.<\/li>\n<\/ul>\n<h4><b>Qu&#039;est-ce qu&#039;une cartouche jetable ?<\/b><\/h4>\n<p>Les cartouches jetables sont des appareils de vapotage qui se connectent \u00e0 des batteries avec une connexion de type 510. Ces cartouches sont jet\u00e9es une fois le liquide \u00e9puis\u00e9.<\/p>\n<p>Il s&#039;agit d&#039;un produit de collection. Pas pour la consommation directe ou le tabagisme.<\/p>","protected":false},"excerpt":{"rendered":"<h4><strong>Caract\u00e9ristiques<\/strong><\/h4>\n<ul>\n<li>Connexion : tapez 510<\/li>\n<li>Capacit\u00e9: <span style=\"font-size: 16px\">1 ml \/ 2 ml<\/span><\/li>\n<li>Bouff\u00e9es : <span style=\"font-size: 16px\">300 \/ 600<\/span><\/li>\n<li>Terp\u00e8nes naturels de haute qualit\u00e9<\/li>\n<li>CBD : <span style=\"font-size: 16px\"> 70% \/ 700 mg \/ 1400 mg\u00a0<\/span><\/li>\n<li>THC\u00a0: 0%<\/li>\n<li>Nicotine\u00a0: 0%<\/li>\n<li>Ne contient pas de VG, PG, PEG, MCT ou tout autre agent de coupe<\/li>\n<li><a href=\"https:\/\/iguanasmoke.com\/analiticas\">Analyse de la qualit\u00e9 ici<\/a><\/li>\n<\/ul>","protected":false},"featured_media":14487,"comment_status":"open","ping_status":"closed","template":"","meta":{"_acf_changed":false,"site-sidebar-layout":"default","site-content-layout":"","ast-site-content-layout":"default","site-content-style":"default","site-sidebar-style":"default","ast-global-header-display":"","ast-banner-title-visibility":"","ast-main-header-display":"","ast-hfb-above-header-display":"","ast-hfb-below-header-display":"","ast-hfb-mobile-header-display":"","site-post-title":"","ast-breadcrumbs-content":"","ast-featured-img":"","footer-sml-layout":"","theme-transparent-header-meta":"default","adv-header-id-meta":"","stick-header-meta":"","header-above-stick-meta":"","header-main-stick-meta":"","header-below-stick-meta":"","astra-migrate-meta-layouts":"set","ast-page-background-enabled":"default","ast-page-background-meta":{"desktop":{"background-color":"var(--ast-global-color-4)","background-image":"","background-repeat":"repeat","background-position":"center center","background-size":"auto","background-attachment":"scroll","background-type":"","background-media":"","overlay-type":"","overlay-color":"","overlay-opacity":"","overlay-gradient":""},"tablet":{"background-color":"","background-image":"","background-repeat":"repeat","background-position":"center center","background-size":"auto","background-attachment":"scroll","background-type":"","background-media":"","overlay-type":"","overlay-color":"","overlay-opacity":"","overlay-gradient":""},"mobile":{"background-color":"","background-image":"","background-repeat":"repeat","background-position":"center center","background-size":"auto","background-attachment":"scroll","background-type":"","background-media":"","overlay-type":"","overlay-color":"","overlay-opacity":"","overlay-gradient":""}},"ast-content-background-meta":{"desktop":{"background-color":"var(--ast-global-color-5)","background-image":"","background-repeat":"repeat","background-position":"center center","background-size":"auto","background-attachment":"scroll","background-type":"","background-media":"","overlay-type":"","overlay-color":"","overlay-opacity":"","overlay-gradient":""},"tablet":{"background-color":"var(--ast-global-color-5)","background-image":"","background-repeat":"repeat","background-position":"center center","background-size":"auto","background-attachment":"scroll","background-type":"","background-media":"","overlay-type":"","overlay-color":"","overlay-opacity":"","overlay-gradient":""},"mobile":{"background-color":"var(--ast-global-color-5)","background-image":"","background-repeat":"repeat","background-position":"center center","background-size":"auto","background-attachment":"scroll","background-type":"","background-media":"","overlay-type":"","overlay-color":"","overlay-opacity":"","overlay-gradient":""}}},"product_brand":[],"product_cat":[91,142,126,79],"product_tag":[],"class_list":{"0":"post-14482","1":"product","2":"type-product","3":"status-publish","4":"has-post-thumbnail","6":"product_cat-cartuchos","7":"product_cat-cartuchos-vapers-cbd","8":"product_cat-full-spectrum","9":"product_cat-full-spectrum-cbd","10":"desktop-align-center","11":"tablet-align-left","12":"mobile-align-left","14":"first","15":"instock","16":"taxable","17":"shipping-taxable","18":"purchasable","19":"product-type-variable"},"acf":[],"yoast_head":"<!-- This site is optimized with the Yoast SEO plugin v27.3 - https:\/\/yoast.com\/product\/yoast-seo-wordpress\/ -->\n<title>Cartucho desechable Full Spectrum - Red Berries - THE LYF LABS<\/title>\n<meta name=\"description\" content=\"Cartucho desechable Full Spectrum Iguana Smoke sabor Red Berries con 70% de CBD extracto natural de c\u00e1\u00f1amo. Promueve la relajaci\u00f3n sin efectos psicoactivos.\" \/>\n<meta name=\"robots\" content=\"index, follow, max-snippet:-1, max-image-preview:large, max-video-preview:-1\" \/>\n<link rel=\"canonical\" href=\"https:\/\/thelyflabs.com\/fr\/product\/cartucho-desechable-full-spectrum-red-berries\/\" \/>\n<meta property=\"og:locale\" content=\"fr_FR\" \/>\n<meta property=\"og:type\" content=\"article\" \/>\n<meta property=\"og:title\" content=\"Cartucho desechable Full Spectrum - Red Berries - THE LYF LABS\" \/>\n<meta property=\"og:description\" content=\"Cartucho desechable Full Spectrum Iguana Smoke sabor Red Berries con 70% de CBD extracto natural de c\u00e1\u00f1amo. Promueve la relajaci\u00f3n sin efectos psicoactivos.\" \/>\n<meta property=\"og:url\" content=\"https:\/\/thelyflabs.com\/fr\/product\/cartucho-desechable-full-spectrum-red-berries\/\" \/>\n<meta property=\"og:site_name\" content=\"THE LYF LABS\" \/>\n<meta property=\"article:modified_time\" content=\"2026-04-08T09:51:06+00:00\" \/>\n<meta property=\"og:image\" content=\"https:\/\/thelyflabs.com\/wp-content\/uploads\/2025\/10\/Bolsas-y-Cartucho-Cart-Full-Spectrum-Red-Berries-2025.webp\" \/>\n\t<meta property=\"og:image:width\" content=\"1000\" \/>\n\t<meta property=\"og:image:height\" content=\"1000\" \/>\n\t<meta property=\"og:image:type\" content=\"image\/webp\" \/>\n<meta name=\"twitter:card\" content=\"summary_large_image\" \/>\n<meta name=\"twitter:label1\" content=\"Dur\u00e9e de lecture estim\u00e9e\" \/>\n\t<meta name=\"twitter:data1\" content=\"2 minutes\" \/>\n<script type=\"application\/ld+json\" class=\"yoast-schema-graph\">{\"@context\":\"https:\\\/\\\/schema.org\",\"@graph\":[{\"@type\":\"WebPage\",\"@id\":\"https:\\\/\\\/thelyflabs.com\\\/product\\\/cartucho-desechable-full-spectrum-red-berries\",\"url\":\"https:\\\/\\\/thelyflabs.com\\\/product\\\/cartucho-desechable-full-spectrum-red-berries\",\"name\":\"Cartucho desechable Full Spectrum - Red Berries - THE LYF LABS\",\"isPartOf\":{\"@id\":\"https:\\\/\\\/thelyflabs.com\\\/#website\"},\"primaryImageOfPage\":{\"@id\":\"https:\\\/\\\/thelyflabs.com\\\/product\\\/cartucho-desechable-full-spectrum-red-berries#primaryimage\"},\"image\":{\"@id\":\"https:\\\/\\\/thelyflabs.com\\\/product\\\/cartucho-desechable-full-spectrum-red-berries#primaryimage\"},\"thumbnailUrl\":\"https:\\\/\\\/thelyflabs.com\\\/wp-content\\\/uploads\\\/2025\\\/10\\\/Bolsas-y-Cartucho-Cart-Full-Spectrum-Red-Berries-2025.webp\",\"datePublished\":\"2025-10-01T13:55:33+00:00\",\"dateModified\":\"2026-04-08T09:51:06+00:00\",\"description\":\"Cartucho desechable Full Spectrum Iguana Smoke sabor Red Berries con 70% de CBD extracto natural de c\u00e1\u00f1amo. Promueve la relajaci\u00f3n sin efectos psicoactivos.\",\"breadcrumb\":{\"@id\":\"https:\\\/\\\/thelyflabs.com\\\/product\\\/cartucho-desechable-full-spectrum-red-berries#breadcrumb\"},\"inLanguage\":\"fr-FR\",\"potentialAction\":[{\"@type\":\"ReadAction\",\"target\":[\"https:\\\/\\\/thelyflabs.com\\\/product\\\/cartucho-desechable-full-spectrum-red-berries\"]}]},{\"@type\":\"ImageObject\",\"inLanguage\":\"fr-FR\",\"@id\":\"https:\\\/\\\/thelyflabs.com\\\/product\\\/cartucho-desechable-full-spectrum-red-berries#primaryimage\",\"url\":\"https:\\\/\\\/thelyflabs.com\\\/wp-content\\\/uploads\\\/2025\\\/10\\\/Bolsas-y-Cartucho-Cart-Full-Spectrum-Red-Berries-2025.webp\",\"contentUrl\":\"https:\\\/\\\/thelyflabs.com\\\/wp-content\\\/uploads\\\/2025\\\/10\\\/Bolsas-y-Cartucho-Cart-Full-Spectrum-Red-Berries-2025.webp\",\"width\":1000,\"height\":1000,\"caption\":\"cartucho full spectrum\"},{\"@type\":\"BreadcrumbList\",\"@id\":\"https:\\\/\\\/thelyflabs.com\\\/product\\\/cartucho-desechable-full-spectrum-red-berries#breadcrumb\",\"itemListElement\":[{\"@type\":\"ListItem\",\"position\":1,\"name\":\"Portada\",\"item\":\"https:\\\/\\\/thelyflabs.com\\\/\"},{\"@type\":\"ListItem\",\"position\":2,\"name\":\"Tienda\",\"item\":\"https:\\\/\\\/thelyflabs.com\\\/tienda\"},{\"@type\":\"ListItem\",\"position\":3,\"name\":\"Cartucho desechable Full Spectrum &#8211; Red Berries\"}]},{\"@type\":\"WebSite\",\"@id\":\"https:\\\/\\\/thelyflabs.com\\\/#website\",\"url\":\"https:\\\/\\\/thelyflabs.com\\\/\",\"name\":\"The LYF Labs\",\"description\":\"CBD al por mayor\",\"publisher\":{\"@id\":\"https:\\\/\\\/thelyflabs.com\\\/#organization\"},\"potentialAction\":[{\"@type\":\"SearchAction\",\"target\":{\"@type\":\"EntryPoint\",\"urlTemplate\":\"https:\\\/\\\/thelyflabs.com\\\/?s={search_term_string}\"},\"query-input\":{\"@type\":\"PropertyValueSpecification\",\"valueRequired\":true,\"valueName\":\"search_term_string\"}}],\"inLanguage\":\"fr-FR\"},{\"@type\":\"Organization\",\"@id\":\"https:\\\/\\\/thelyflabs.com\\\/#organization\",\"name\":\"The LYF Labs\",\"url\":\"https:\\\/\\\/thelyflabs.com\\\/\",\"logo\":{\"@type\":\"ImageObject\",\"inLanguage\":\"fr-FR\",\"@id\":\"https:\\\/\\\/thelyflabs.com\\\/#\\\/schema\\\/logo\\\/image\\\/\",\"url\":\"https:\\\/\\\/thelyflabs.com\\\/wp-content\\\/uploads\\\/2023\\\/01\\\/cropped-LogoTheLYFLabs.png\",\"contentUrl\":\"https:\\\/\\\/thelyflabs.com\\\/wp-content\\\/uploads\\\/2023\\\/01\\\/cropped-LogoTheLYFLabs.png\",\"width\":600,\"height\":180,\"caption\":\"The LYF Labs\"},\"image\":{\"@id\":\"https:\\\/\\\/thelyflabs.com\\\/#\\\/schema\\\/logo\\\/image\\\/\"}}]}<\/script>\n<!-- \/ Yoast SEO plugin. -->","yoast_head_json":{"title":"Cartucho desechable Full Spectrum - Red Berries - THE LYF LABS","description":"Cartucho desechable Full Spectrum Iguana Smoke sabor Red Berries con 70% de CBD extracto natural de c\u00e1\u00f1amo. Promueve la relajaci\u00f3n sin efectos psicoactivos.","robots":{"index":"index","follow":"follow","max-snippet":"max-snippet:-1","max-image-preview":"max-image-preview:large","max-video-preview":"max-video-preview:-1"},"canonical":"https:\/\/thelyflabs.com\/fr\/product\/cartucho-desechable-full-spectrum-red-berries\/","og_locale":"fr_FR","og_type":"article","og_title":"Cartucho desechable Full Spectrum - Red Berries - THE LYF LABS","og_description":"Cartucho desechable Full Spectrum Iguana Smoke sabor Red Berries con 70% de CBD extracto natural de c\u00e1\u00f1amo. Promueve la relajaci\u00f3n sin efectos psicoactivos.","og_url":"https:\/\/thelyflabs.com\/fr\/product\/cartucho-desechable-full-spectrum-red-berries\/","og_site_name":"THE LYF LABS","article_modified_time":"2026-04-08T09:51:06+00:00","og_image":[{"width":1000,"height":1000,"url":"https:\/\/thelyflabs.com\/wp-content\/uploads\/2025\/10\/Bolsas-y-Cartucho-Cart-Full-Spectrum-Red-Berries-2025.webp","type":"image\/webp"}],"twitter_card":"summary_large_image","twitter_misc":{"Dur\u00e9e de lecture estim\u00e9e":"2 minutes"},"schema":{"@context":"https:\/\/schema.org","@graph":[{"@type":"WebPage","@id":"https:\/\/thelyflabs.com\/product\/cartucho-desechable-full-spectrum-red-berries","url":"https:\/\/thelyflabs.com\/product\/cartucho-desechable-full-spectrum-red-berries","name":"Cartucho desechable Full Spectrum - Red Berries - THE LYF LABS","isPartOf":{"@id":"https:\/\/thelyflabs.com\/#website"},"primaryImageOfPage":{"@id":"https:\/\/thelyflabs.com\/product\/cartucho-desechable-full-spectrum-red-berries#primaryimage"},"image":{"@id":"https:\/\/thelyflabs.com\/product\/cartucho-desechable-full-spectrum-red-berries#primaryimage"},"thumbnailUrl":"https:\/\/thelyflabs.com\/wp-content\/uploads\/2025\/10\/Bolsas-y-Cartucho-Cart-Full-Spectrum-Red-Berries-2025.webp","datePublished":"2025-10-01T13:55:33+00:00","dateModified":"2026-04-08T09:51:06+00:00","description":"Cartucho desechable Full Spectrum Iguana Smoke sabor Red Berries con 70% de CBD extracto natural de c\u00e1\u00f1amo. Promueve la relajaci\u00f3n sin efectos psicoactivos.","breadcrumb":{"@id":"https:\/\/thelyflabs.com\/product\/cartucho-desechable-full-spectrum-red-berries#breadcrumb"},"inLanguage":"fr-FR","potentialAction":[{"@type":"ReadAction","target":["https:\/\/thelyflabs.com\/product\/cartucho-desechable-full-spectrum-red-berries"]}]},{"@type":"ImageObject","inLanguage":"fr-FR","@id":"https:\/\/thelyflabs.com\/product\/cartucho-desechable-full-spectrum-red-berries#primaryimage","url":"https:\/\/thelyflabs.com\/wp-content\/uploads\/2025\/10\/Bolsas-y-Cartucho-Cart-Full-Spectrum-Red-Berries-2025.webp","contentUrl":"https:\/\/thelyflabs.com\/wp-content\/uploads\/2025\/10\/Bolsas-y-Cartucho-Cart-Full-Spectrum-Red-Berries-2025.webp","width":1000,"height":1000,"caption":"cartucho full spectrum"},{"@type":"BreadcrumbList","@id":"https:\/\/thelyflabs.com\/product\/cartucho-desechable-full-spectrum-red-berries#breadcrumb","itemListElement":[{"@type":"ListItem","position":1,"name":"Portada","item":"https:\/\/thelyflabs.com\/"},{"@type":"ListItem","position":2,"name":"Tienda","item":"https:\/\/thelyflabs.com\/tienda"},{"@type":"ListItem","position":3,"name":"Cartucho desechable Full Spectrum &#8211; Red Berries"}]},{"@type":"WebSite","@id":"https:\/\/thelyflabs.com\/#website","url":"https:\/\/thelyflabs.com\/","name":"Les laboratoires LYF","description":"Vente en gros de CBD","publisher":{"@id":"https:\/\/thelyflabs.com\/#organization"},"potentialAction":[{"@type":"SearchAction","target":{"@type":"EntryPoint","urlTemplate":"https:\/\/thelyflabs.com\/?s={search_term_string}"},"query-input":{"@type":"PropertyValueSpecification","valueRequired":true,"valueName":"search_term_string"}}],"inLanguage":"fr-FR"},{"@type":"Organization","@id":"https:\/\/thelyflabs.com\/#organization","name":"Les laboratoires LYF","url":"https:\/\/thelyflabs.com\/","logo":{"@type":"ImageObject","inLanguage":"fr-FR","@id":"https:\/\/thelyflabs.com\/#\/schema\/logo\/image\/","url":"https:\/\/thelyflabs.com\/wp-content\/uploads\/2023\/01\/cropped-LogoTheLYFLabs.png","contentUrl":"https:\/\/thelyflabs.com\/wp-content\/uploads\/2023\/01\/cropped-LogoTheLYFLabs.png","width":600,"height":180,"caption":"The LYF Labs"},"image":{"@id":"https:\/\/thelyflabs.com\/#\/schema\/logo\/image\/"}}]}},"_links":{"self":[{"href":"https:\/\/thelyflabs.com\/fr\/wp-json\/wp\/v2\/product\/14482","targetHints":{"allow":["GET"]}}],"collection":[{"href":"https:\/\/thelyflabs.com\/fr\/wp-json\/wp\/v2\/product"}],"about":[{"href":"https:\/\/thelyflabs.com\/fr\/wp-json\/wp\/v2\/types\/product"}],"replies":[{"embeddable":true,"href":"https:\/\/thelyflabs.com\/fr\/wp-json\/wp\/v2\/comments?post=14482"}],"wp:featuredmedia":[{"embeddable":true,"href":"https:\/\/thelyflabs.com\/fr\/wp-json\/wp\/v2\/media\/14487"}],"wp:attachment":[{"href":"https:\/\/thelyflabs.com\/fr\/wp-json\/wp\/v2\/media?parent=14482"}],"wp:term":[{"taxonomy":"product_brand","embeddable":true,"href":"https:\/\/thelyflabs.com\/fr\/wp-json\/wp\/v2\/product_brand?post=14482"},{"taxonomy":"product_cat","embeddable":true,"href":"https:\/\/thelyflabs.com\/fr\/wp-json\/wp\/v2\/product_cat?post=14482"},{"taxonomy":"product_tag","embeddable":true,"href":"https:\/\/thelyflabs.com\/fr\/wp-json\/wp\/v2\/product_tag?post=14482"}],"curies":[{"name":"wp","href":"https:\/\/api.w.org\/{rel}","templated":true}]}}