{"id":14498,"date":"2025-10-02T11:18:57","date_gmt":"2025-10-02T09:18:57","guid":{"rendered":"https:\/\/thelyflabs.com\/?post_type=product&#038;p=14498"},"modified":"2026-03-22T12:12:35","modified_gmt":"2026-03-22T11:12:35","slug":"vaper-stv-space-vape-red-berries-2ml-sativanol","status":"publish","type":"product","link":"https:\/\/thelyflabs.com\/fr\/product\/vaper-stv-space-vape-red-berries-2ml-sativanol","title":{"rendered":"Vaper STV \u2013 Space Vape Fruits Rouges 2 ml (Sativanol)"},"content":{"rendered":"<h1 data-start=\"367\" data-end=\"422\">Vaper STV 90% Space Vape Baies Rouges<\/h1>\n<p data-start=\"424\" data-end=\"769\">Il <strong>Vaper STV \u2013 Space Vape Fruits rouges (Sativanol) <\/strong>C&#039;est une vape jetable qui combine la puissance de <strong data-start=\"490\" data-end=\"509\">STV (Sativanol)<\/strong> Avec un d\u00e9licieux go\u00fbt de baies. Si vous cherchez une alternative au THC, cette vape est la meilleure option pour un plaisir sans tracas avec une saveur exceptionnelle.<\/p>\n<h2 data-start=\"776\" data-end=\"808\">Qu&#039;est-ce que le STV (Sativanol) ?<\/h2>\n<p data-start=\"810\" data-end=\"1070\">Il <strong data-start=\"813\" data-end=\"832\">STV ou Sativanol<\/strong> Il s&#039;agit d&#039;un cannabino\u00efde de nouvelle g\u00e9n\u00e9ration devenu l&#039;une des alternatives les plus recherch\u00e9es en Europe. Contrairement au THC, <strong data-start=\"971\" data-end=\"1002\">STV est 100% l\u00e9gal en Espagne<\/strong>, car elle n\u2019est pas consid\u00e9r\u00e9e comme une substance psychoactive interdite.<\/p>\n<p data-start=\"1072\" data-end=\"1329\">Il <strong data-start=\"1075\" data-end=\"1088\">Sativanol<\/strong> Il offre une exp\u00e9rience similaire \u00e0 celle des autres cannabino\u00efdes, mais avec la tranquillit\u00e9 d&#039;esprit d&#039;\u00eatre conforme \u00e0 toutes les r\u00e9glementations en vigueur. C&#039;est pourquoi de plus en plus d&#039;utilisateurs le recherchent. <strong data-start=\"1257\" data-end=\"1272\">acheter STV<\/strong> pour profiter de ses effets en toute s\u00e9curit\u00e9 et l\u00e9galit\u00e9.<\/p>\n<h2 data-start=\"1336\" data-end=\"1386\">Vape STV Red Berries : la puret\u00e9 dans sa composition<\/h2>\n<p data-start=\"1388\" data-end=\"1558\">Il <strong data-start=\"1391\" data-end=\"1430\">Vaper Space Vape Red Berries Jetable<\/strong> se distingue non seulement par son <strong data-start=\"1454\" data-end=\"1491\">teneur \u00e9lev\u00e9e en STV \u00e0 90% (Sativanol)<\/strong>, mais aussi pour la qualit\u00e9 et la puret\u00e9 de sa formulation premium :<\/p>\n<ul>\n<li data-start=\"1562\" data-end=\"1629\"><strong data-start=\"1564\" data-end=\"1584\">STV (Sativanol) 90% :<\/strong> cannabino\u00efde alternatif l\u00e9gal et novateur.<\/li>\n<li>Nicotine 0%<\/li>\n<li data-start=\"1708\" data-end=\"1801\">Agents \u00e9trangers ou substances coupantes 0%<\/li>\n<li data-start=\"1804\" data-end=\"1896\"><strong data-start=\"1806\" data-end=\"1824\">Ar\u00f4me naturel de fraise :<\/strong> une d\u00e9licieuse saveur entre le sucr\u00e9 et l&#039;aigre.<\/li>\n<\/ul>\n<p data-start=\"1976\" data-end=\"2127\">Si vous recherchez la commodit\u00e9 et la puissance dans un seul appareil, cette vape est id\u00e9ale pour ceux qui veulent <strong data-start=\"2070\" data-end=\"2090\">acheter une vape STV<\/strong> avec la plus haute garantie de qualit\u00e9.<\/p>\n<h2 data-start=\"2134\" data-end=\"2166\">L\u00e9galit\u00e9 du vote unique transf\u00e9rable en Espagne<\/h2>\n<p data-start=\"2168\" data-end=\"2451\">L\u2019un des grands avantages de la <strong data-start=\"2200\" data-end=\"2219\">Sativanol (STV)<\/strong> est \u00e0 toi <strong data-start=\"2226\" data-end=\"2249\">l\u00e9galit\u00e9 en Espagne<\/strong>. Contrairement \u00e0 la <strong data-start=\"2268\" data-end=\"2288\">THC, HHC ou THC-P<\/strong>, qui sont consid\u00e9r\u00e9es comme des substances interdites, la <strong data-start=\"2334\" data-end=\"2384\">STV est conforme aux r\u00e9glementations europ\u00e9ennes et espagnoles<\/strong>, ce qui en fait une option s\u00fbre pour les consommateurs.<\/p>\n<p data-start=\"2453\" data-end=\"2625\">Cela signifie que l&#039;achat du Vaper Space Vape Red Berries avec STV (Sativanol) est totalement l\u00e9gal et s\u00fbr en Espagne, \u00e0 condition qu&#039;il soit destin\u00e9 \u00e0 la collection, \u00e0 l&#039;aromath\u00e9rapie ou \u00e0 un usage technique.<\/p>\n<h2 data-start=\"2937\" data-end=\"2990\">Achetez Vaper STV \u2013 Space Vape Red Berries<\/h2>\n<p data-start=\"2992\" data-end=\"3266\">Il <strong data-start=\"2995\" data-end=\"3062\">Vaper Space Vape Fruits rouges avec STV (Sativanol)<\/strong>\u00a0C&#039;est le meilleur choix pour ceux qui recherchent une exp\u00e9rience intense, s\u00fbre et l\u00e9gale. Si vous souhaitez <strong data-start=\"3155\" data-end=\"3175\">acheter une vape STV<\/strong>Cette option r\u00e9unit tout ce dont vous avez besoin : la qualit\u00e9, la l\u00e9galit\u00e9 et le go\u00fbt unique d&#039;Amnesia.<\/p>\n<p data-start=\"3268\" data-end=\"3393\">D\u00e9couvrez la nouvelle g\u00e9n\u00e9ration de cannabino\u00efdes l\u00e9gaux et profitez de la meilleure alternative au THC avec <strong data-start=\"3371\" data-end=\"3390\">Sativanol (STV)<\/strong>.<\/p>","protected":false},"excerpt":{"rendered":"<h5><strong>Caract\u00e9ristiques<\/strong><\/h5>\n<ul>\n<li>Dimensions : 105 mm x 24 mm x 11,2 mm<\/li>\n<li>Batterie : 380 mAh<\/li>\n<li>Capacit\u00e9 : 2 ml<\/li>\n<li>Bouff\u00e9es : 600<\/li>\n<li>Ar\u00f4mes naturels de haute qualit\u00e9<\/li>\n<li>STV (Sativanol) : 90%<\/li>\n<li>Nicotine\u00a0: 0%<\/li>\n<li>Ne contient pas de VG, PG, PEG, MCT ou tout autre agent de coupe<\/li>\n<\/ul>\n<p>Tous nos produits sont issus de chanvre industriel certifi\u00e9. Ils contiennent moins de 0,31 TP3T de THC et sont exempts de cannabino\u00efdes ill\u00e9gaux tels que le HHC, le HHC-P, le THCP, le THCP-O, le H4CBD ou leurs d\u00e9riv\u00e9s. Vous pouvez consulter le <a href=\"https:\/\/iguanasmoke.com\/analiticas\/\" target=\"_blank\" rel=\"noopener\">Certificat d&#039;analyse ici.<\/a><\/p>","protected":false},"featured_media":16967,"comment_status":"open","ping_status":"closed","template":"","meta":{"_acf_changed":false,"site-sidebar-layout":"default","site-content-layout":"","ast-site-content-layout":"default","site-content-style":"default","site-sidebar-style":"default","ast-global-header-display":"","ast-banner-title-visibility":"","ast-main-header-display":"","ast-hfb-above-header-display":"","ast-hfb-below-header-display":"","ast-hfb-mobile-header-display":"","site-post-title":"","ast-breadcrumbs-content":"","ast-featured-img":"","footer-sml-layout":"","theme-transparent-header-meta":"default","adv-header-id-meta":"","stick-header-meta":"","header-above-stick-meta":"","header-main-stick-meta":"","header-below-stick-meta":"","astra-migrate-meta-layouts":"set","ast-page-background-enabled":"default","ast-page-background-meta":{"desktop":{"background-color":"var(--ast-global-color-4)","background-image":"","background-repeat":"repeat","background-position":"center center","background-size":"auto","background-attachment":"scroll","background-type":"","background-media":"","overlay-type":"","overlay-color":"","overlay-opacity":"","overlay-gradient":""},"tablet":{"background-color":"","background-image":"","background-repeat":"repeat","background-position":"center center","background-size":"auto","background-attachment":"scroll","background-type":"","background-media":"","overlay-type":"","overlay-color":"","overlay-opacity":"","overlay-gradient":""},"mobile":{"background-color":"","background-image":"","background-repeat":"repeat","background-position":"center center","background-size":"auto","background-attachment":"scroll","background-type":"","background-media":"","overlay-type":"","overlay-color":"","overlay-opacity":"","overlay-gradient":""}},"ast-content-background-meta":{"desktop":{"background-color":"var(--ast-global-color-5)","background-image":"","background-repeat":"repeat","background-position":"center center","background-size":"auto","background-attachment":"scroll","background-type":"","background-media":"","overlay-type":"","overlay-color":"","overlay-opacity":"","overlay-gradient":""},"tablet":{"background-color":"var(--ast-global-color-5)","background-image":"","background-repeat":"repeat","background-position":"center center","background-size":"auto","background-attachment":"scroll","background-type":"","background-media":"","overlay-type":"","overlay-color":"","overlay-opacity":"","overlay-gradient":""},"mobile":{"background-color":"var(--ast-global-color-5)","background-image":"","background-repeat":"repeat","background-position":"center center","background-size":"auto","background-attachment":"scroll","background-type":"","background-media":"","overlay-type":"","overlay-color":"","overlay-opacity":"","overlay-gradient":""}}},"product_brand":[],"product_cat":[146,143,138],"product_tag":[],"class_list":{"0":"post-14498","1":"product","2":"type-product","3":"status-publish","4":"has-post-thumbnail","6":"product_cat-nuevas-moleculas","7":"product_cat-stv","8":"product_cat-stv-sativanol","9":"desktop-align-center","10":"tablet-align-left","11":"mobile-align-left","13":"first","14":"instock","15":"taxable","16":"shipping-taxable","17":"purchasable","18":"product-type-simple"},"acf":[],"yoast_head":"<!-- This site is optimized with the Yoast SEO plugin v27.4 - https:\/\/yoast.com\/product\/yoast-seo-wordpress\/ -->\n<title>Vaper STV \u2013 Space Vape Red Berries 2ml (Sativanol) - THE LYF LABS<\/title>\n<meta name=\"description\" content=\"Compra al por mayor Vaper STV 90% - Space Vape Red Berries, completamente legal y analizado en laboratorio. STV, 10-OH, E8H. Distribuidor B2B en Espa\u00f1a\" \/>\n<meta name=\"robots\" content=\"index, follow, max-snippet:-1, max-image-preview:large, max-video-preview:-1\" \/>\n<link rel=\"canonical\" href=\"https:\/\/thelyflabs.com\/fr\/product\/vaper-stv-space-vape-red-berries-2ml-sativanol\/\" \/>\n<meta property=\"og:locale\" content=\"fr_FR\" \/>\n<meta property=\"og:type\" content=\"article\" \/>\n<meta property=\"og:title\" content=\"Vaper STV \u2013 Space Vape Red Berries 2ml (Sativanol) - THE LYF LABS\" \/>\n<meta property=\"og:description\" content=\"Compra al por mayor Vaper STV 90% - Space Vape Red Berries, completamente legal y analizado en laboratorio. STV, 10-OH, E8H. Distribuidor B2B en Espa\u00f1a\" \/>\n<meta property=\"og:url\" content=\"https:\/\/thelyflabs.com\/fr\/product\/vaper-stv-space-vape-red-berries-2ml-sativanol\/\" \/>\n<meta property=\"og:site_name\" content=\"THE LYF LABS\" \/>\n<meta property=\"article:modified_time\" content=\"2026-03-22T11:12:35+00:00\" \/>\n<meta property=\"og:image\" content=\"https:\/\/thelyflabs.com\/wp-content\/uploads\/2026\/03\/Mockup-Red-Berries-naranja-der-pod.webp\" \/>\n\t<meta property=\"og:image:width\" content=\"1000\" \/>\n\t<meta property=\"og:image:height\" content=\"1000\" \/>\n\t<meta property=\"og:image:type\" content=\"image\/webp\" \/>\n<meta name=\"twitter:card\" content=\"summary_large_image\" \/>\n<meta name=\"twitter:label1\" content=\"Dur\u00e9e de lecture estim\u00e9e\" \/>\n\t<meta name=\"twitter:data1\" content=\"2 minutes\" \/>\n<script type=\"application\/ld+json\" class=\"yoast-schema-graph\">{\"@context\":\"https:\\\/\\\/schema.org\",\"@graph\":[{\"@type\":\"WebPage\",\"@id\":\"https:\\\/\\\/thelyflabs.com\\\/product\\\/vaper-stv-space-vape-red-berries-2ml-sativanol\",\"url\":\"https:\\\/\\\/thelyflabs.com\\\/product\\\/vaper-stv-space-vape-red-berries-2ml-sativanol\",\"name\":\"Vaper STV \u2013 Space Vape Red Berries 2ml (Sativanol) - THE LYF LABS\",\"isPartOf\":{\"@id\":\"https:\\\/\\\/thelyflabs.com\\\/#website\"},\"primaryImageOfPage\":{\"@id\":\"https:\\\/\\\/thelyflabs.com\\\/product\\\/vaper-stv-space-vape-red-berries-2ml-sativanol#primaryimage\"},\"image\":{\"@id\":\"https:\\\/\\\/thelyflabs.com\\\/product\\\/vaper-stv-space-vape-red-berries-2ml-sativanol#primaryimage\"},\"thumbnailUrl\":\"https:\\\/\\\/thelyflabs.com\\\/wp-content\\\/uploads\\\/2026\\\/03\\\/Mockup-Red-Berries-naranja-der-pod.webp\",\"datePublished\":\"2025-10-02T09:18:57+00:00\",\"dateModified\":\"2026-03-22T11:12:35+00:00\",\"description\":\"Compra al por mayor Vaper STV 90% - Space Vape Red Berries, completamente legal y analizado en laboratorio. STV, 10-OH, E8H. Distribuidor B2B en Espa\u00f1a\",\"breadcrumb\":{\"@id\":\"https:\\\/\\\/thelyflabs.com\\\/product\\\/vaper-stv-space-vape-red-berries-2ml-sativanol#breadcrumb\"},\"inLanguage\":\"fr-FR\",\"potentialAction\":[{\"@type\":\"ReadAction\",\"target\":[\"https:\\\/\\\/thelyflabs.com\\\/product\\\/vaper-stv-space-vape-red-berries-2ml-sativanol\"]}]},{\"@type\":\"ImageObject\",\"inLanguage\":\"fr-FR\",\"@id\":\"https:\\\/\\\/thelyflabs.com\\\/product\\\/vaper-stv-space-vape-red-berries-2ml-sativanol#primaryimage\",\"url\":\"https:\\\/\\\/thelyflabs.com\\\/wp-content\\\/uploads\\\/2026\\\/03\\\/Mockup-Red-Berries-naranja-der-pod.webp\",\"contentUrl\":\"https:\\\/\\\/thelyflabs.com\\\/wp-content\\\/uploads\\\/2026\\\/03\\\/Mockup-Red-Berries-naranja-der-pod.webp\",\"width\":1000,\"height\":1000,\"caption\":\"Caja m\u00e1s vaper naranja Red berries STV 2ml dcha\"},{\"@type\":\"BreadcrumbList\",\"@id\":\"https:\\\/\\\/thelyflabs.com\\\/product\\\/vaper-stv-space-vape-red-berries-2ml-sativanol#breadcrumb\",\"itemListElement\":[{\"@type\":\"ListItem\",\"position\":1,\"name\":\"Portada\",\"item\":\"https:\\\/\\\/thelyflabs.com\\\/\"},{\"@type\":\"ListItem\",\"position\":2,\"name\":\"Tienda\",\"item\":\"https:\\\/\\\/thelyflabs.com\\\/tienda\"},{\"@type\":\"ListItem\",\"position\":3,\"name\":\"Vaper STV \u2013 Space Vape Red Berries 2ml (Sativanol)\"}]},{\"@type\":\"WebSite\",\"@id\":\"https:\\\/\\\/thelyflabs.com\\\/#website\",\"url\":\"https:\\\/\\\/thelyflabs.com\\\/\",\"name\":\"The LYF Labs\",\"description\":\"CBD al por mayor\",\"publisher\":{\"@id\":\"https:\\\/\\\/thelyflabs.com\\\/#organization\"},\"potentialAction\":[{\"@type\":\"SearchAction\",\"target\":{\"@type\":\"EntryPoint\",\"urlTemplate\":\"https:\\\/\\\/thelyflabs.com\\\/?s={search_term_string}\"},\"query-input\":{\"@type\":\"PropertyValueSpecification\",\"valueRequired\":true,\"valueName\":\"search_term_string\"}}],\"inLanguage\":\"fr-FR\"},{\"@type\":\"Organization\",\"@id\":\"https:\\\/\\\/thelyflabs.com\\\/#organization\",\"name\":\"The LYF Labs\",\"url\":\"https:\\\/\\\/thelyflabs.com\\\/\",\"logo\":{\"@type\":\"ImageObject\",\"inLanguage\":\"fr-FR\",\"@id\":\"https:\\\/\\\/thelyflabs.com\\\/#\\\/schema\\\/logo\\\/image\\\/\",\"url\":\"https:\\\/\\\/thelyflabs.com\\\/wp-content\\\/uploads\\\/2023\\\/01\\\/cropped-LogoTheLYFLabs.png\",\"contentUrl\":\"https:\\\/\\\/thelyflabs.com\\\/wp-content\\\/uploads\\\/2023\\\/01\\\/cropped-LogoTheLYFLabs.png\",\"width\":600,\"height\":180,\"caption\":\"The LYF Labs\"},\"image\":{\"@id\":\"https:\\\/\\\/thelyflabs.com\\\/#\\\/schema\\\/logo\\\/image\\\/\"}}]}<\/script>\n<!-- \/ Yoast SEO plugin. -->","yoast_head_json":{"title":"Vaper STV \u2013 Space Vape Red Berries 2ml (Sativanol) - THE LYF LABS","description":"Compra al por mayor Vaper STV 90% - Space Vape Red Berries, completamente legal y analizado en laboratorio. STV, 10-OH, E8H. Distribuidor B2B en Espa\u00f1a","robots":{"index":"index","follow":"follow","max-snippet":"max-snippet:-1","max-image-preview":"max-image-preview:large","max-video-preview":"max-video-preview:-1"},"canonical":"https:\/\/thelyflabs.com\/fr\/product\/vaper-stv-space-vape-red-berries-2ml-sativanol\/","og_locale":"fr_FR","og_type":"article","og_title":"Vaper STV \u2013 Space Vape Red Berries 2ml (Sativanol) - THE LYF LABS","og_description":"Compra al por mayor Vaper STV 90% - Space Vape Red Berries, completamente legal y analizado en laboratorio. STV, 10-OH, E8H. Distribuidor B2B en Espa\u00f1a","og_url":"https:\/\/thelyflabs.com\/fr\/product\/vaper-stv-space-vape-red-berries-2ml-sativanol\/","og_site_name":"THE LYF LABS","article_modified_time":"2026-03-22T11:12:35+00:00","og_image":[{"width":1000,"height":1000,"url":"https:\/\/thelyflabs.com\/wp-content\/uploads\/2026\/03\/Mockup-Red-Berries-naranja-der-pod.webp","type":"image\/webp"}],"twitter_card":"summary_large_image","twitter_misc":{"Dur\u00e9e de lecture estim\u00e9e":"2 minutes"},"schema":{"@context":"https:\/\/schema.org","@graph":[{"@type":"WebPage","@id":"https:\/\/thelyflabs.com\/product\/vaper-stv-space-vape-red-berries-2ml-sativanol","url":"https:\/\/thelyflabs.com\/product\/vaper-stv-space-vape-red-berries-2ml-sativanol","name":"Vaper STV \u2013 Space Vape Red Berries 2ml (Sativanol) - THE LYF LABS","isPartOf":{"@id":"https:\/\/thelyflabs.com\/#website"},"primaryImageOfPage":{"@id":"https:\/\/thelyflabs.com\/product\/vaper-stv-space-vape-red-berries-2ml-sativanol#primaryimage"},"image":{"@id":"https:\/\/thelyflabs.com\/product\/vaper-stv-space-vape-red-berries-2ml-sativanol#primaryimage"},"thumbnailUrl":"https:\/\/thelyflabs.com\/wp-content\/uploads\/2026\/03\/Mockup-Red-Berries-naranja-der-pod.webp","datePublished":"2025-10-02T09:18:57+00:00","dateModified":"2026-03-22T11:12:35+00:00","description":"Compra al por mayor Vaper STV 90% - Space Vape Red Berries, completamente legal y analizado en laboratorio. STV, 10-OH, E8H. Distribuidor B2B en Espa\u00f1a","breadcrumb":{"@id":"https:\/\/thelyflabs.com\/product\/vaper-stv-space-vape-red-berries-2ml-sativanol#breadcrumb"},"inLanguage":"fr-FR","potentialAction":[{"@type":"ReadAction","target":["https:\/\/thelyflabs.com\/product\/vaper-stv-space-vape-red-berries-2ml-sativanol"]}]},{"@type":"ImageObject","inLanguage":"fr-FR","@id":"https:\/\/thelyflabs.com\/product\/vaper-stv-space-vape-red-berries-2ml-sativanol#primaryimage","url":"https:\/\/thelyflabs.com\/wp-content\/uploads\/2026\/03\/Mockup-Red-Berries-naranja-der-pod.webp","contentUrl":"https:\/\/thelyflabs.com\/wp-content\/uploads\/2026\/03\/Mockup-Red-Berries-naranja-der-pod.webp","width":1000,"height":1000,"caption":"Caja m\u00e1s vaper naranja Red berries STV 2ml dcha"},{"@type":"BreadcrumbList","@id":"https:\/\/thelyflabs.com\/product\/vaper-stv-space-vape-red-berries-2ml-sativanol#breadcrumb","itemListElement":[{"@type":"ListItem","position":1,"name":"Portada","item":"https:\/\/thelyflabs.com\/"},{"@type":"ListItem","position":2,"name":"Tienda","item":"https:\/\/thelyflabs.com\/tienda"},{"@type":"ListItem","position":3,"name":"Vaper STV \u2013 Space Vape Red Berries 2ml (Sativanol)"}]},{"@type":"WebSite","@id":"https:\/\/thelyflabs.com\/#website","url":"https:\/\/thelyflabs.com\/","name":"Les laboratoires LYF","description":"Vente en gros de CBD","publisher":{"@id":"https:\/\/thelyflabs.com\/#organization"},"potentialAction":[{"@type":"SearchAction","target":{"@type":"EntryPoint","urlTemplate":"https:\/\/thelyflabs.com\/?s={search_term_string}"},"query-input":{"@type":"PropertyValueSpecification","valueRequired":true,"valueName":"search_term_string"}}],"inLanguage":"fr-FR"},{"@type":"Organization","@id":"https:\/\/thelyflabs.com\/#organization","name":"Les laboratoires LYF","url":"https:\/\/thelyflabs.com\/","logo":{"@type":"ImageObject","inLanguage":"fr-FR","@id":"https:\/\/thelyflabs.com\/#\/schema\/logo\/image\/","url":"https:\/\/thelyflabs.com\/wp-content\/uploads\/2023\/01\/cropped-LogoTheLYFLabs.png","contentUrl":"https:\/\/thelyflabs.com\/wp-content\/uploads\/2023\/01\/cropped-LogoTheLYFLabs.png","width":600,"height":180,"caption":"The LYF Labs"},"image":{"@id":"https:\/\/thelyflabs.com\/#\/schema\/logo\/image\/"}}]}},"_links":{"self":[{"href":"https:\/\/thelyflabs.com\/fr\/wp-json\/wp\/v2\/product\/14498","targetHints":{"allow":["GET"]}}],"collection":[{"href":"https:\/\/thelyflabs.com\/fr\/wp-json\/wp\/v2\/product"}],"about":[{"href":"https:\/\/thelyflabs.com\/fr\/wp-json\/wp\/v2\/types\/product"}],"replies":[{"embeddable":true,"href":"https:\/\/thelyflabs.com\/fr\/wp-json\/wp\/v2\/comments?post=14498"}],"wp:featuredmedia":[{"embeddable":true,"href":"https:\/\/thelyflabs.com\/fr\/wp-json\/wp\/v2\/media\/16967"}],"wp:attachment":[{"href":"https:\/\/thelyflabs.com\/fr\/wp-json\/wp\/v2\/media?parent=14498"}],"wp:term":[{"taxonomy":"product_brand","embeddable":true,"href":"https:\/\/thelyflabs.com\/fr\/wp-json\/wp\/v2\/product_brand?post=14498"},{"taxonomy":"product_cat","embeddable":true,"href":"https:\/\/thelyflabs.com\/fr\/wp-json\/wp\/v2\/product_cat?post=14498"},{"taxonomy":"product_tag","embeddable":true,"href":"https:\/\/thelyflabs.com\/fr\/wp-json\/wp\/v2\/product_tag?post=14498"}],"curies":[{"name":"wp","href":"https:\/\/api.w.org\/{rel}","templated":true}]}}