{"id":15138,"date":"2025-11-07T16:51:55","date_gmt":"2025-11-07T15:51:55","guid":{"rendered":"https:\/\/thelyflabs.com\/?post_type=product&#038;p=15138"},"modified":"2026-01-14T15:37:38","modified_gmt":"2026-01-14T14:37:38","slug":"flores-de-cbd-ready-to-roll-lemon-haze-15gr","status":"publish","type":"product","link":"https:\/\/thelyflabs.com\/fr\/product\/flores-de-cbd-ready-to-roll-lemon-haze-15gr","title":{"rendered":"Fleurs de CBD pr\u00eates \u00e0 rouler \u2013 Lemon Haze 15 g"},"content":{"rendered":"","protected":false},"excerpt":{"rendered":"<p data-start=\"0\" data-end=\"374\">Chacun de nos sacs <strong data-start=\"23\" data-end=\"70\">Fleurs de CBD pr\u00eates \u00e0 rouler <\/strong>contient <strong data-start=\"80\" data-end=\"116\">15 grammes de chanvre hach\u00e9 de premi\u00e8re qualit\u00e9<\/strong>, soigneusement trait\u00e9 par un <strong data-start=\"155\" data-end=\"191\">syst\u00e8me de filtration complet<\/strong>Cela garantit que chaque colis est <strong data-start=\"230\" data-end=\"260\">sans graines ni tiges<\/strong>vous proposant uniquement des fleurs pures, aromatiques et parfaitement broy\u00e9es, <strong data-start=\"338\" data-end=\"371\">pr\u00eat \u00e0 l&#039;emploi imm\u00e9diatement<\/strong>.<\/p>\n<p data-start=\"376\" data-end=\"562\">Con\u00e7u pour le <strong data-start=\"393\" data-end=\"421\">confort et portabilit\u00e9<\/strong>, la gamme <em data-start=\"431\" data-end=\"447\">Pr\u00eat \u00e0 rouler <\/em>Il se pr\u00e9sente sous la forme d&#039;un <strong data-start=\"461\" data-end=\"492\">sac compact et refermable<\/strong>ce qui le rend facile \u00e0 transporter et \u00e0 appr\u00e9cier <strong data-start=\"533\" data-end=\"559\">quand et o\u00f9 vous voulez<\/strong>.<\/p>\n<p data-start=\"564\" data-end=\"930\"><strong data-start=\"564\" data-end=\"602\">Naturellement riche en saveur et en ar\u00f4me<\/strong>Nos fleurs de chanvre CBD capturent la v\u00e9ritable essence de la plante. <strong data-start=\"678\" data-end=\"739\">Cultiv\u00e9 en Italie selon des normes de qualit\u00e9 strictes<\/strong>Chaque lot provient de <strong data-start=\"763\" data-end=\"810\">vari\u00e9t\u00e9s de chanvre certifi\u00e9es UE<\/strong>, enti\u00e8rement analys\u00e9s en laboratoire et garantis pour <strong data-start=\"869\" data-end=\"927\">se conformer \u00e0 la l\u00e9gislation europ\u00e9enne (&lt;0,2% THC)<\/strong>.<\/p>\n<p data-start=\"932\" data-end=\"994\"><strong data-start=\"932\" data-end=\"992\">Toujours frais. Toujours de qualit\u00e9 sup\u00e9rieure. Toujours pr\u00eat \u00e0 rouler.<\/strong><\/p>\n<ul>\n<li data-start=\"998\" data-end=\"1049\"><strong data-start=\"998\" data-end=\"1047\">Fleurs de chanvre de qualit\u00e9 sup\u00e9rieure cultiv\u00e9es en Europe<\/strong><\/li>\n<li data-start=\"1052\" data-end=\"1115\"><strong data-start=\"1052\" data-end=\"1089\">Sac refermable anti-odeurs<\/strong><\/li>\n<li data-start=\"1118\" data-end=\"1189\"><strong data-start=\"1118\" data-end=\"1161\">15 grammes des meilleures fleurs de CBD<\/strong> avec des terp\u00e8nes <strong data-start=\"1175\" data-end=\"1189\" data-is-last-node=\"\">Brume de citron<\/strong><\/li>\n<\/ul>","protected":false},"featured_media":15118,"comment_status":"open","ping_status":"closed","template":"","meta":{"_acf_changed":false,"site-sidebar-layout":"default","site-content-layout":"","ast-site-content-layout":"default","site-content-style":"default","site-sidebar-style":"default","ast-global-header-display":"","ast-banner-title-visibility":"","ast-main-header-display":"","ast-hfb-above-header-display":"","ast-hfb-below-header-display":"","ast-hfb-mobile-header-display":"","site-post-title":"","ast-breadcrumbs-content":"","ast-featured-img":"","footer-sml-layout":"","theme-transparent-header-meta":"default","adv-header-id-meta":"","stick-header-meta":"","header-above-stick-meta":"","header-main-stick-meta":"","header-below-stick-meta":"","astra-migrate-meta-layouts":"set","ast-page-background-enabled":"default","ast-page-background-meta":{"desktop":{"background-color":"var(--ast-global-color-4)","background-image":"","background-repeat":"repeat","background-position":"center center","background-size":"auto","background-attachment":"scroll","background-type":"","background-media":"","overlay-type":"","overlay-color":"","overlay-opacity":"","overlay-gradient":""},"tablet":{"background-color":"","background-image":"","background-repeat":"repeat","background-position":"center center","background-size":"auto","background-attachment":"scroll","background-type":"","background-media":"","overlay-type":"","overlay-color":"","overlay-opacity":"","overlay-gradient":""},"mobile":{"background-color":"","background-image":"","background-repeat":"repeat","background-position":"center center","background-size":"auto","background-attachment":"scroll","background-type":"","background-media":"","overlay-type":"","overlay-color":"","overlay-opacity":"","overlay-gradient":""}},"ast-content-background-meta":{"desktop":{"background-color":"var(--ast-global-color-5)","background-image":"","background-repeat":"repeat","background-position":"center center","background-size":"auto","background-attachment":"scroll","background-type":"","background-media":"","overlay-type":"","overlay-color":"","overlay-opacity":"","overlay-gradient":""},"tablet":{"background-color":"var(--ast-global-color-5)","background-image":"","background-repeat":"repeat","background-position":"center center","background-size":"auto","background-attachment":"scroll","background-type":"","background-media":"","overlay-type":"","overlay-color":"","overlay-opacity":"","overlay-gradient":""},"mobile":{"background-color":"var(--ast-global-color-5)","background-image":"","background-repeat":"repeat","background-position":"center center","background-size":"auto","background-attachment":"scroll","background-type":"","background-media":"","overlay-type":"","overlay-color":"","overlay-opacity":"","overlay-gradient":""}}},"product_brand":[],"product_cat":[116],"product_tag":[],"class_list":{"0":"post-15138","1":"product","2":"type-product","3":"status-publish","4":"has-post-thumbnail","6":"product_cat-ready-to-roll","7":"desktop-align-center","8":"tablet-align-left","9":"mobile-align-left","11":"first","12":"instock","13":"taxable","14":"shipping-taxable","15":"purchasable","16":"product-type-simple"},"acf":[],"yoast_head":"<!-- This site is optimized with the Yoast SEO plugin v27.4 - https:\/\/yoast.com\/product\/yoast-seo-wordpress\/ -->\n<title>Flores de CBD Ready to Roll - Lemon Haze 15gr - THE LYF LABS<\/title>\n<meta name=\"robots\" content=\"index, follow, max-snippet:-1, max-image-preview:large, max-video-preview:-1\" \/>\n<link rel=\"canonical\" href=\"https:\/\/thelyflabs.com\/fr\/product\/flores-de-cbd-ready-to-roll-lemon-haze-15gr\/\" \/>\n<meta property=\"og:locale\" content=\"fr_FR\" \/>\n<meta property=\"og:type\" content=\"article\" \/>\n<meta property=\"og:title\" content=\"Flores de CBD Ready to Roll - Lemon Haze 15gr - THE LYF LABS\" \/>\n<meta property=\"og:description\" content=\"Cada bolsa de nuestras Flores de CBD Ready to Roll contiene 15 gramos de c\u00e1\u00f1amo picado premium, cuidadosamente procesado mediante un exhaustivo sistema de filtraci\u00f3n. Esto garantiza que cada paquete est\u00e9 libre de semillas y tallos, ofreci\u00e9ndote \u00fanicamente flores limpias, arom\u00e1ticas y perfectamente molidas, listas para usar de inmediato. Dise\u00f1ada para la comodidad y portabilidad, la gama Ready to Roll viene en una bolsa compacta y resellable, lo que facilita llevarla y disfrutarla cuando y donde quieras. Naturalmente rica en sabor y aroma, nuestras flores de c\u00e1\u00f1amo CBD capturan la verdadera esencia de la planta. Cultivadas en Italia bajo estrictos est\u00e1ndares de calidad, cada lote proviene de variedades de c\u00e1\u00f1amo certificadas por la UE, totalmente analizadas en laboratorio y garantizadas para cumplir con la legislaci\u00f3n europea (&lt;0.2% THC). Siempre fresca. Siempre premium. Siempre Ready to Roll.    Flores de c\u00e1\u00f1amo premium cultivadas en Europa  Bolsa resellable a prueba de olor  15 gramos de las mejores flores de CBD con terpenos Lemon Haze\" \/>\n<meta property=\"og:url\" content=\"https:\/\/thelyflabs.com\/fr\/product\/flores-de-cbd-ready-to-roll-lemon-haze-15gr\/\" \/>\n<meta property=\"og:site_name\" content=\"THE LYF LABS\" \/>\n<meta property=\"article:modified_time\" content=\"2026-01-14T14:37:38+00:00\" \/>\n<meta property=\"og:image\" content=\"https:\/\/thelyflabs.com\/wp-content\/uploads\/2025\/11\/RTR-Lemon-haze-frente-lado-montoncito-scaled.webp\" \/>\n\t<meta property=\"og:image:width\" content=\"2560\" \/>\n\t<meta property=\"og:image:height\" content=\"2560\" \/>\n\t<meta property=\"og:image:type\" content=\"image\/webp\" \/>\n<meta name=\"twitter:card\" content=\"summary_large_image\" \/>\n<meta name=\"twitter:label1\" content=\"Dur\u00e9e de lecture estim\u00e9e\" \/>\n\t<meta name=\"twitter:data1\" content=\"1 minute\" \/>\n<script type=\"application\/ld+json\" class=\"yoast-schema-graph\">{\"@context\":\"https:\\\/\\\/schema.org\",\"@graph\":[{\"@type\":\"WebPage\",\"@id\":\"https:\\\/\\\/thelyflabs.com\\\/product\\\/flores-de-cbd-ready-to-roll-lemon-haze-15gr\",\"url\":\"https:\\\/\\\/thelyflabs.com\\\/product\\\/flores-de-cbd-ready-to-roll-lemon-haze-15gr\",\"name\":\"Flores de CBD Ready to Roll - Lemon Haze 15gr - THE LYF LABS\",\"isPartOf\":{\"@id\":\"https:\\\/\\\/thelyflabs.com\\\/#website\"},\"primaryImageOfPage\":{\"@id\":\"https:\\\/\\\/thelyflabs.com\\\/product\\\/flores-de-cbd-ready-to-roll-lemon-haze-15gr#primaryimage\"},\"image\":{\"@id\":\"https:\\\/\\\/thelyflabs.com\\\/product\\\/flores-de-cbd-ready-to-roll-lemon-haze-15gr#primaryimage\"},\"thumbnailUrl\":\"https:\\\/\\\/thelyflabs.com\\\/wp-content\\\/uploads\\\/2025\\\/11\\\/RTR-Lemon-haze-frente-lado-montoncito-scaled.webp\",\"datePublished\":\"2025-11-07T15:51:55+00:00\",\"dateModified\":\"2026-01-14T14:37:38+00:00\",\"breadcrumb\":{\"@id\":\"https:\\\/\\\/thelyflabs.com\\\/product\\\/flores-de-cbd-ready-to-roll-lemon-haze-15gr#breadcrumb\"},\"inLanguage\":\"fr-FR\",\"potentialAction\":[{\"@type\":\"ReadAction\",\"target\":[\"https:\\\/\\\/thelyflabs.com\\\/product\\\/flores-de-cbd-ready-to-roll-lemon-haze-15gr\"]}]},{\"@type\":\"ImageObject\",\"inLanguage\":\"fr-FR\",\"@id\":\"https:\\\/\\\/thelyflabs.com\\\/product\\\/flores-de-cbd-ready-to-roll-lemon-haze-15gr#primaryimage\",\"url\":\"https:\\\/\\\/thelyflabs.com\\\/wp-content\\\/uploads\\\/2025\\\/11\\\/RTR-Lemon-haze-frente-lado-montoncito-scaled.webp\",\"contentUrl\":\"https:\\\/\\\/thelyflabs.com\\\/wp-content\\\/uploads\\\/2025\\\/11\\\/RTR-Lemon-haze-frente-lado-montoncito-scaled.webp\",\"width\":2560,\"height\":2560,\"caption\":\"flores de cbd picadas\"},{\"@type\":\"BreadcrumbList\",\"@id\":\"https:\\\/\\\/thelyflabs.com\\\/product\\\/flores-de-cbd-ready-to-roll-lemon-haze-15gr#breadcrumb\",\"itemListElement\":[{\"@type\":\"ListItem\",\"position\":1,\"name\":\"Portada\",\"item\":\"https:\\\/\\\/thelyflabs.com\\\/\"},{\"@type\":\"ListItem\",\"position\":2,\"name\":\"Tienda\",\"item\":\"https:\\\/\\\/thelyflabs.com\\\/tienda\"},{\"@type\":\"ListItem\",\"position\":3,\"name\":\"Flores de CBD Ready to Roll &#8211; Lemon Haze 15gr\"}]},{\"@type\":\"WebSite\",\"@id\":\"https:\\\/\\\/thelyflabs.com\\\/#website\",\"url\":\"https:\\\/\\\/thelyflabs.com\\\/\",\"name\":\"The LYF Labs\",\"description\":\"CBD al por mayor\",\"publisher\":{\"@id\":\"https:\\\/\\\/thelyflabs.com\\\/#organization\"},\"potentialAction\":[{\"@type\":\"SearchAction\",\"target\":{\"@type\":\"EntryPoint\",\"urlTemplate\":\"https:\\\/\\\/thelyflabs.com\\\/?s={search_term_string}\"},\"query-input\":{\"@type\":\"PropertyValueSpecification\",\"valueRequired\":true,\"valueName\":\"search_term_string\"}}],\"inLanguage\":\"fr-FR\"},{\"@type\":\"Organization\",\"@id\":\"https:\\\/\\\/thelyflabs.com\\\/#organization\",\"name\":\"The LYF Labs\",\"url\":\"https:\\\/\\\/thelyflabs.com\\\/\",\"logo\":{\"@type\":\"ImageObject\",\"inLanguage\":\"fr-FR\",\"@id\":\"https:\\\/\\\/thelyflabs.com\\\/#\\\/schema\\\/logo\\\/image\\\/\",\"url\":\"https:\\\/\\\/thelyflabs.com\\\/wp-content\\\/uploads\\\/2023\\\/01\\\/cropped-LogoTheLYFLabs.png\",\"contentUrl\":\"https:\\\/\\\/thelyflabs.com\\\/wp-content\\\/uploads\\\/2023\\\/01\\\/cropped-LogoTheLYFLabs.png\",\"width\":600,\"height\":180,\"caption\":\"The LYF Labs\"},\"image\":{\"@id\":\"https:\\\/\\\/thelyflabs.com\\\/#\\\/schema\\\/logo\\\/image\\\/\"}}]}<\/script>\n<!-- \/ Yoast SEO plugin. -->","yoast_head_json":{"title":"Flores de CBD Ready to Roll - Lemon Haze 15gr - THE LYF LABS","robots":{"index":"index","follow":"follow","max-snippet":"max-snippet:-1","max-image-preview":"max-image-preview:large","max-video-preview":"max-video-preview:-1"},"canonical":"https:\/\/thelyflabs.com\/fr\/product\/flores-de-cbd-ready-to-roll-lemon-haze-15gr\/","og_locale":"fr_FR","og_type":"article","og_title":"Flores de CBD Ready to Roll - Lemon Haze 15gr - THE LYF LABS","og_description":"Cada bolsa de nuestras Flores de CBD Ready to Roll contiene 15 gramos de c\u00e1\u00f1amo picado premium, cuidadosamente procesado mediante un exhaustivo sistema de filtraci\u00f3n. Esto garantiza que cada paquete est\u00e9 libre de semillas y tallos, ofreci\u00e9ndote \u00fanicamente flores limpias, arom\u00e1ticas y perfectamente molidas, listas para usar de inmediato. Dise\u00f1ada para la comodidad y portabilidad, la gama Ready to Roll viene en una bolsa compacta y resellable, lo que facilita llevarla y disfrutarla cuando y donde quieras. Naturalmente rica en sabor y aroma, nuestras flores de c\u00e1\u00f1amo CBD capturan la verdadera esencia de la planta. Cultivadas en Italia bajo estrictos est\u00e1ndares de calidad, cada lote proviene de variedades de c\u00e1\u00f1amo certificadas por la UE, totalmente analizadas en laboratorio y garantizadas para cumplir con la legislaci\u00f3n europea (&lt;0.2% THC). Siempre fresca. Siempre premium. Siempre Ready to Roll.    Flores de c\u00e1\u00f1amo premium cultivadas en Europa  Bolsa resellable a prueba de olor  15 gramos de las mejores flores de CBD con terpenos Lemon Haze","og_url":"https:\/\/thelyflabs.com\/fr\/product\/flores-de-cbd-ready-to-roll-lemon-haze-15gr\/","og_site_name":"THE LYF LABS","article_modified_time":"2026-01-14T14:37:38+00:00","og_image":[{"width":2560,"height":2560,"url":"https:\/\/thelyflabs.com\/wp-content\/uploads\/2025\/11\/RTR-Lemon-haze-frente-lado-montoncito-scaled.webp","type":"image\/webp"}],"twitter_card":"summary_large_image","twitter_misc":{"Dur\u00e9e de lecture estim\u00e9e":"1 minute"},"schema":{"@context":"https:\/\/schema.org","@graph":[{"@type":"WebPage","@id":"https:\/\/thelyflabs.com\/product\/flores-de-cbd-ready-to-roll-lemon-haze-15gr","url":"https:\/\/thelyflabs.com\/product\/flores-de-cbd-ready-to-roll-lemon-haze-15gr","name":"Flores de CBD Ready to Roll - Lemon Haze 15gr - THE LYF LABS","isPartOf":{"@id":"https:\/\/thelyflabs.com\/#website"},"primaryImageOfPage":{"@id":"https:\/\/thelyflabs.com\/product\/flores-de-cbd-ready-to-roll-lemon-haze-15gr#primaryimage"},"image":{"@id":"https:\/\/thelyflabs.com\/product\/flores-de-cbd-ready-to-roll-lemon-haze-15gr#primaryimage"},"thumbnailUrl":"https:\/\/thelyflabs.com\/wp-content\/uploads\/2025\/11\/RTR-Lemon-haze-frente-lado-montoncito-scaled.webp","datePublished":"2025-11-07T15:51:55+00:00","dateModified":"2026-01-14T14:37:38+00:00","breadcrumb":{"@id":"https:\/\/thelyflabs.com\/product\/flores-de-cbd-ready-to-roll-lemon-haze-15gr#breadcrumb"},"inLanguage":"fr-FR","potentialAction":[{"@type":"ReadAction","target":["https:\/\/thelyflabs.com\/product\/flores-de-cbd-ready-to-roll-lemon-haze-15gr"]}]},{"@type":"ImageObject","inLanguage":"fr-FR","@id":"https:\/\/thelyflabs.com\/product\/flores-de-cbd-ready-to-roll-lemon-haze-15gr#primaryimage","url":"https:\/\/thelyflabs.com\/wp-content\/uploads\/2025\/11\/RTR-Lemon-haze-frente-lado-montoncito-scaled.webp","contentUrl":"https:\/\/thelyflabs.com\/wp-content\/uploads\/2025\/11\/RTR-Lemon-haze-frente-lado-montoncito-scaled.webp","width":2560,"height":2560,"caption":"flores de cbd picadas"},{"@type":"BreadcrumbList","@id":"https:\/\/thelyflabs.com\/product\/flores-de-cbd-ready-to-roll-lemon-haze-15gr#breadcrumb","itemListElement":[{"@type":"ListItem","position":1,"name":"Portada","item":"https:\/\/thelyflabs.com\/"},{"@type":"ListItem","position":2,"name":"Tienda","item":"https:\/\/thelyflabs.com\/tienda"},{"@type":"ListItem","position":3,"name":"Flores de CBD Ready to Roll &#8211; Lemon Haze 15gr"}]},{"@type":"WebSite","@id":"https:\/\/thelyflabs.com\/#website","url":"https:\/\/thelyflabs.com\/","name":"Les laboratoires LYF","description":"Vente en gros de CBD","publisher":{"@id":"https:\/\/thelyflabs.com\/#organization"},"potentialAction":[{"@type":"SearchAction","target":{"@type":"EntryPoint","urlTemplate":"https:\/\/thelyflabs.com\/?s={search_term_string}"},"query-input":{"@type":"PropertyValueSpecification","valueRequired":true,"valueName":"search_term_string"}}],"inLanguage":"fr-FR"},{"@type":"Organization","@id":"https:\/\/thelyflabs.com\/#organization","name":"Les laboratoires LYF","url":"https:\/\/thelyflabs.com\/","logo":{"@type":"ImageObject","inLanguage":"fr-FR","@id":"https:\/\/thelyflabs.com\/#\/schema\/logo\/image\/","url":"https:\/\/thelyflabs.com\/wp-content\/uploads\/2023\/01\/cropped-LogoTheLYFLabs.png","contentUrl":"https:\/\/thelyflabs.com\/wp-content\/uploads\/2023\/01\/cropped-LogoTheLYFLabs.png","width":600,"height":180,"caption":"The LYF Labs"},"image":{"@id":"https:\/\/thelyflabs.com\/#\/schema\/logo\/image\/"}}]}},"_links":{"self":[{"href":"https:\/\/thelyflabs.com\/fr\/wp-json\/wp\/v2\/product\/15138","targetHints":{"allow":["GET"]}}],"collection":[{"href":"https:\/\/thelyflabs.com\/fr\/wp-json\/wp\/v2\/product"}],"about":[{"href":"https:\/\/thelyflabs.com\/fr\/wp-json\/wp\/v2\/types\/product"}],"replies":[{"embeddable":true,"href":"https:\/\/thelyflabs.com\/fr\/wp-json\/wp\/v2\/comments?post=15138"}],"wp:featuredmedia":[{"embeddable":true,"href":"https:\/\/thelyflabs.com\/fr\/wp-json\/wp\/v2\/media\/15118"}],"wp:attachment":[{"href":"https:\/\/thelyflabs.com\/fr\/wp-json\/wp\/v2\/media?parent=15138"}],"wp:term":[{"taxonomy":"product_brand","embeddable":true,"href":"https:\/\/thelyflabs.com\/fr\/wp-json\/wp\/v2\/product_brand?post=15138"},{"taxonomy":"product_cat","embeddable":true,"href":"https:\/\/thelyflabs.com\/fr\/wp-json\/wp\/v2\/product_cat?post=15138"},{"taxonomy":"product_tag","embeddable":true,"href":"https:\/\/thelyflabs.com\/fr\/wp-json\/wp\/v2\/product_tag?post=15138"}],"curies":[{"name":"wp","href":"https:\/\/api.w.org\/{rel}","templated":true}]}}