{"id":15256,"date":"2025-11-13T15:53:45","date_gmt":"2025-11-13T14:53:45","guid":{"rendered":"https:\/\/thelyflabs.com\/?post_type=product&#038;p=15256"},"modified":"2026-03-19T13:53:17","modified_gmt":"2026-03-19T12:53:17","slug":"space-hash-bubblegum-e8h","status":"publish","type":"product","link":"https:\/\/thelyflabs.com\/fr\/product\/space-hash-bubblegum-e8h","title":{"rendered":"Chewing-gum Space Hash E8H"},"content":{"rendered":"<h1><span style=\"font-weight: 400\">Space Hash Bubblegum E8H : la nouvelle mol\u00e9cule<\/span><\/h1>\n<p><span style=\"font-weight: 400\">Bienvenue dans le futur, nous vous pr\u00e9sentons le tout dernier membre de la famille <em>Hachage spatial<\/em>qui vous offrira une exp\u00e9rience hors du commun (haschich sans THC). <strong>Chewing-gum Space Hash E8H<\/strong> C&#039;est le joyau de la couronne.<\/span><\/p>\n<ul>\n<li>Il s&#039;agit d&#039;un produit s\u00fbr qui r\u00e9pond aux normes l\u00e9gales, avec moins de 0,3% de THC.<\/li>\n<li>De plus, il ne contient aucun produit chimique ni additif artificiel.<\/li>\n<li>Enrichi en mol\u00e9cule E8H.<\/li>\n<li>Id\u00e9al pour les consommateurs exigeants et les amateurs de haschisch de qualit\u00e9 sup\u00e9rieure.<\/li>\n<li>Qualit\u00e9 test\u00e9e par des laboratoires ind\u00e9pendants <a href=\"https:\/\/iguanasmoke.com\/analiticas-2\/\">ici<\/a>.<\/li>\n<\/ul>\n<p>&nbsp;<\/p>\n<h2><em>Space Hash : Un voyage dans l&#039;autre monde<\/em><\/h2>\n<p><span style=\"font-weight: 400\">Le terme \u00ab espace \u00bb n&#039;est pas un hasard. <strong>Les r\u00e9sines Space Hash sont de haute puret\u00e9.<\/strong>, <strong>enrichi en mol\u00e9cules suppl\u00e9mentaires<\/strong> qui vous invitent \u00e0 un <strong>un voyage sensoriel unique<\/strong>D\u00e9couvrez une exp\u00e9rience hors du commun qui combine <strong>tradition artisanale du haschisch<\/strong> avec le <strong>innovation<\/strong> le plus avant-gardiste au monde <strong>CBD<\/strong>.\u00a0<\/span><\/p>\n<p>&nbsp;<\/p>\n<h2><strong>Qu&#039;est-ce que la mol\u00e9cule E8H\u00a0?<\/strong><\/h2>\n<p><span style=\"font-weight: 400\">Il a \u00e9t\u00e9 con\u00e7u pour offrir un <strong>exp\u00e9rience<\/strong> <strong>unique<\/strong>, <strong>tr\u00e8s similaire \u00e0 celle du HHC<\/strong>Cependant, contrairement \u00e0 ce que vous savez d\u00e9j\u00e0, cette mol\u00e9cule de pointe offre une exp\u00e9rience unique qui changera vos attentes\u00a0: c\u2019est votre haschisch sans THC. <\/span><\/p>\n<p><span style=\"font-weight: 400\">C&#039;est unique, il faut l&#039;essayer pour le croire ! Son d\u00e9veloppement r\u00e9cent l&#039;inscrit dans un cadre r\u00e9glementaire en constante \u00e9volution, ouvrant ainsi de nouvelles perspectives dans le monde du vapotage. <\/span><\/p>\n<p><span style=\"font-weight: 400\">Bien que les effets puissent varier d&#039;une personne \u00e0 l&#039;autre, les exp\u00e9riences comprennent g\u00e9n\u00e9ralement\u00a0:<\/span><\/p>\n<ul>\n<li>Des exp\u00e9riences similaires \u00e0 celles ressenties avec le THC, une sensation agr\u00e9able.<\/li>\n<li>Relaxation g\u00e9n\u00e9rale et r\u00e9duction du stress<\/li>\n<li>Un sentiment de calme ou de bien-\u00eatre.<\/li>\n<\/ul>\n<p>&nbsp;<\/p>\n<h2>Caract\u00e9ristiques du chewing-gum Space Hash E8H\u00a0:<\/h2>\n<ul>\n<li><span style=\"font-size: 16px;font-weight: 400\"><strong>Ar\u00f4me et saveur :<\/strong> Il d\u00e9gage une <strong>un ar\u00f4me subtil et un go\u00fbt<\/strong> <strong>enveloppant<\/strong> D\u00e8s la premi\u00e8re bouch\u00e9e, ce n&#039;est pas \u00e9c\u0153urant. Savoureux et avec un effet \u00e9quilibr\u00e9.<\/span><\/li>\n<li><strong>Origine et puret\u00e9 :<\/strong> <span style=\"font-size: 16px;font-weight: 400\">Cette r\u00e9sine de haute puret\u00e9 capture les trichomes des plus belles fleurs fra\u00eeches (\u00e0 l&#039;aide de glace et d&#039;eau). Une extraction propre qui pr\u00e9serve tous les terp\u00e8nes du cannabis. L&#039;E8H, un cannabino\u00efde similaire au HHC, est ensuite ajout\u00e9 pour cr\u00e9er un haschisch unique.<\/span><\/li>\n<li><span style=\"font-size: 16px;font-weight: 400\"><strong>Aspect et texture :<\/strong>\u00a0 Sa couleur brun fonc\u00e9 et son aspect compact mais mall\u00e9able en font un haschisch attrayant pour ceux qui appr\u00e9cient l&#039;esth\u00e9tique. Sa texture facile \u00e0 manipuler le rend id\u00e9al \u00e0 d\u00e9guster seul ou \u00e0 plusieurs.\u00a0<\/span><\/li>\n<\/ul>\n<p>&nbsp;<\/p>\n<section class=\"product-description\">\n<h2>Qualit\u00e9 et s\u00e9curit\u00e9<\/h2>\n<p>Dans <strong>Les laboratoires Lyf<\/strong>, nous garantissons que chaque lot de <span style=\"font-weight: 400\"><strong>Chewing-gum Space Hash E8H<\/strong><\/span>\u00a0Ce produit fait l&#039;objet d&#039;analyses rigoureuses en laboratoire afin de confirmer sa puret\u00e9, l&#039;absence de pesticides et un taux de THC l\u00e9gal (inf\u00e9rieur \u00e0 0,31 g\/L). Notre engagement envers la qualit\u00e9 et la s\u00e9curit\u00e9 nous permet de proposer un produit fiable, adapt\u00e9 \u00e0 tous les consommateurs soucieux de l\u00e9galit\u00e9 et d&#039;excellence.<\/p>\n<p>&nbsp;<\/p>\n<p><span style=\"font-size: 1.7em;font-weight: bold\">Pourquoi acheter <span style=\"font-weight: 400\"><strong>Chewing-gum Space Hash E8H<\/strong><\/span>\u00a0chez Lyf Labs ?<\/span><\/p>\n<\/section>\n<section class=\"product-description\">\n<ul>\n<li>Produit 100% l\u00e9gal dans l&#039;Union Europ\u00e9enne, conforme \u00e0 la r\u00e9glementation en vigueur sur le THC.<\/li>\n<li>Naturel, sans pesticides ni additifs chimiques, garantissant une consommation s\u00fbre et saine.<\/li>\n<li>Test\u00e9 dans des laboratoires certifi\u00e9s pour garantir une puret\u00e9 et une qualit\u00e9 maximales.<\/li>\n<li>Une livraison rapide et un service professionnel accompagnent chaque achat.<\/li>\n<li>Achat s\u00e9curis\u00e9 et support sp\u00e9cialis\u00e9 pour r\u00e9soudre toutes vos questions.<\/li>\n<\/ul>\n<p>Lyf Labs s&#039;engage \u00e0 proposer des produits alliant tradition, innovation et qualit\u00e9 sup\u00e9rieure. <span style=\"font-weight: 400\"><strong>Chewing-gum Space Hash E8H<\/strong><\/span>\u00a0C&#039;est un choix exceptionnel pour ceux qui recherchent un haschisch artisanal au profil moderne et \u00e0 l&#039;exp\u00e9rience utilisateur unique. Faites-nous confiance pour ajouter \u00e0 votre collection ou \u00e0 votre catalogue un produit qui se distingue par son authenticit\u00e9, sa saveur et sa fiabilit\u00e9.<\/p>\n<p>&nbsp;<\/p>\n<p><span style=\"font-size: 1.7em;font-weight: bold\">Lyf Labs, c&#039;est de la qualit\u00e9<\/span><\/p>\n<\/section>\n<p>The Lyf Labs repr\u00e9sente l&#039;excellence sur le march\u00e9 de gros des cannabino\u00efdes, proposant des produits innovants, s\u00fbrs et d&#039;une grande puret\u00e9 aux boutiques sp\u00e9cialis\u00e9es et aux distributeurs. Nous nous effor\u00e7ons de r\u00e9pondre aux besoins d&#039;un secteur professionnel en qu\u00eate de qualit\u00e9 constante, de tra\u00e7abilit\u00e9 et de prix comp\u00e9titifs. Si vous recherchez un fournisseur fiable et avant-gardiste, vous trouverez en The Lyf Labs un partenaire strat\u00e9gique pour vous accompagner dans votre croissance sur le march\u00e9 du chanvre.<\/p>","protected":false},"excerpt":{"rendered":"<p><span style=\"font-weight: 400\">Le chewing-gum Space Hash E8H est aromatique et savoureux. Enrichi en mol\u00e9cule E8H, il vous procurera une sensation de bien-\u00eatre et de plaisir intense.\u00a0<\/span><\/p>\n<ul>\n<li><strong style=\"font-size: 16px;font-style: normal\">Couleur brun fonc\u00e9 et texture agr\u00e9able<\/strong><\/li>\n<li><strong>Moins de 0,31 TP3T de THC \u2013 1001 TP3T l\u00e9gal dans toute l&#039;Europe<\/strong><\/li>\n<li><strong>Production naturelle<\/strong>\u2013 Pas de pesticides ni de produits chimiques artificiels<\/li>\n<\/ul>\n<p>Analyse qualit\u00e9 : cliquez\u00a0<a href=\"https:\/\/iguanasmoke.com\/analiticas\/\" target=\"_blank\" rel=\"noopener\">ici<\/a><\/p>","protected":false},"featured_media":15258,"comment_status":"open","ping_status":"closed","template":"","meta":{"_acf_changed":false,"site-sidebar-layout":"default","site-content-layout":"","ast-site-content-layout":"default","site-content-style":"default","site-sidebar-style":"default","ast-global-header-display":"","ast-banner-title-visibility":"","ast-main-header-display":"","ast-hfb-above-header-display":"","ast-hfb-below-header-display":"","ast-hfb-mobile-header-display":"","site-post-title":"","ast-breadcrumbs-content":"","ast-featured-img":"","footer-sml-layout":"","theme-transparent-header-meta":"default","adv-header-id-meta":"","stick-header-meta":"","header-above-stick-meta":"","header-main-stick-meta":"","header-below-stick-meta":"","astra-migrate-meta-layouts":"set","ast-page-background-enabled":"default","ast-page-background-meta":{"desktop":{"background-color":"var(--ast-global-color-4)","background-image":"","background-repeat":"repeat","background-position":"center center","background-size":"auto","background-attachment":"scroll","background-type":"","background-media":"","overlay-type":"","overlay-color":"","overlay-opacity":"","overlay-gradient":""},"tablet":{"background-color":"","background-image":"","background-repeat":"repeat","background-position":"center center","background-size":"auto","background-attachment":"scroll","background-type":"","background-media":"","overlay-type":"","overlay-color":"","overlay-opacity":"","overlay-gradient":""},"mobile":{"background-color":"","background-image":"","background-repeat":"repeat","background-position":"center center","background-size":"auto","background-attachment":"scroll","background-type":"","background-media":"","overlay-type":"","overlay-color":"","overlay-opacity":"","overlay-gradient":""}},"ast-content-background-meta":{"desktop":{"background-color":"var(--ast-global-color-5)","background-image":"","background-repeat":"repeat","background-position":"center center","background-size":"auto","background-attachment":"scroll","background-type":"","background-media":"","overlay-type":"","overlay-color":"","overlay-opacity":"","overlay-gradient":""},"tablet":{"background-color":"var(--ast-global-color-5)","background-image":"","background-repeat":"repeat","background-position":"center center","background-size":"auto","background-attachment":"scroll","background-type":"","background-media":"","overlay-type":"","overlay-color":"","overlay-opacity":"","overlay-gradient":""},"mobile":{"background-color":"var(--ast-global-color-5)","background-image":"","background-repeat":"repeat","background-position":"center center","background-size":"auto","background-attachment":"scroll","background-type":"","background-media":"","overlay-type":"","overlay-color":"","overlay-opacity":"","overlay-gradient":""}}},"product_brand":[],"product_cat":[145,146,66],"product_tag":[],"class_list":{"0":"post-15256","1":"product","2":"type-product","3":"status-publish","4":"has-post-thumbnail","6":"product_cat-e8h","7":"product_cat-nuevas-moleculas","8":"product_cat-resinas","9":"desktop-align-center","10":"tablet-align-left","11":"mobile-align-left","13":"first","14":"instock","15":"taxable","16":"shipping-taxable","17":"purchasable","18":"product-type-variable"},"acf":[],"yoast_head":"<!-- This site is optimized with the Yoast SEO plugin v27.4 - https:\/\/yoast.com\/product\/yoast-seo-wordpress\/ -->\n<title>Space Hash Bubblegum E8H - THE LYF LABS<\/title>\n<meta name=\"robots\" content=\"index, follow, max-snippet:-1, max-image-preview:large, max-video-preview:-1\" \/>\n<link rel=\"canonical\" href=\"https:\/\/thelyflabs.com\/fr\/product\/space-hash-bubblegum-e8h\/\" \/>\n<meta property=\"og:locale\" content=\"fr_FR\" \/>\n<meta property=\"og:type\" content=\"article\" \/>\n<meta property=\"og:title\" content=\"Space Hash Bubblegum E8H - THE LYF LABS\" \/>\n<meta property=\"og:description\" content=\"El Space Hash Bubblegum E8H es arom\u00e1tico, sabroso. Enriquecido con la mol\u00e9cula E8H, que te har\u00e1 volar y disfrutar.\u00a0   Color marr\u00f3n oscuro y textura agradable  Menos de 0,3% de THC \u2013 100% legal en toda Europa  Producci\u00f3n natural\u2013 Sin pesticidas ni qu\u00edmicos artificiales  An\u00e1lisis de calidad: pincha\u00a0aqu\u00ed\" \/>\n<meta property=\"og:url\" content=\"https:\/\/thelyflabs.com\/fr\/product\/space-hash-bubblegum-e8h\/\" \/>\n<meta property=\"og:site_name\" content=\"THE LYF LABS\" \/>\n<meta property=\"article:modified_time\" content=\"2026-03-19T12:53:17+00:00\" \/>\n<meta property=\"og:image\" content=\"https:\/\/thelyflabs.com\/wp-content\/uploads\/2025\/11\/Bubllegum-2g-con-resina.webp\" \/>\n\t<meta property=\"og:image:width\" content=\"1000\" \/>\n\t<meta property=\"og:image:height\" content=\"1000\" \/>\n\t<meta property=\"og:image:type\" content=\"image\/webp\" \/>\n<meta name=\"twitter:card\" content=\"summary_large_image\" \/>\n<meta name=\"twitter:label1\" content=\"Dur\u00e9e de lecture estim\u00e9e\" \/>\n\t<meta name=\"twitter:data1\" content=\"4 minutes\" \/>\n<script type=\"application\/ld+json\" class=\"yoast-schema-graph\">{\"@context\":\"https:\\\/\\\/schema.org\",\"@graph\":[{\"@type\":\"WebPage\",\"@id\":\"https:\\\/\\\/thelyflabs.com\\\/product\\\/space-hash-bubblegum-e8h\",\"url\":\"https:\\\/\\\/thelyflabs.com\\\/product\\\/space-hash-bubblegum-e8h\",\"name\":\"Space Hash Bubblegum E8H - THE LYF LABS\",\"isPartOf\":{\"@id\":\"https:\\\/\\\/thelyflabs.com\\\/#website\"},\"primaryImageOfPage\":{\"@id\":\"https:\\\/\\\/thelyflabs.com\\\/product\\\/space-hash-bubblegum-e8h#primaryimage\"},\"image\":{\"@id\":\"https:\\\/\\\/thelyflabs.com\\\/product\\\/space-hash-bubblegum-e8h#primaryimage\"},\"thumbnailUrl\":\"https:\\\/\\\/thelyflabs.com\\\/wp-content\\\/uploads\\\/2025\\\/11\\\/Bubllegum-2g-con-resina.webp\",\"datePublished\":\"2025-11-13T14:53:45+00:00\",\"dateModified\":\"2026-03-19T12:53:17+00:00\",\"breadcrumb\":{\"@id\":\"https:\\\/\\\/thelyflabs.com\\\/product\\\/space-hash-bubblegum-e8h#breadcrumb\"},\"inLanguage\":\"fr-FR\",\"potentialAction\":[{\"@type\":\"ReadAction\",\"target\":[\"https:\\\/\\\/thelyflabs.com\\\/product\\\/space-hash-bubblegum-e8h\"]}]},{\"@type\":\"ImageObject\",\"inLanguage\":\"fr-FR\",\"@id\":\"https:\\\/\\\/thelyflabs.com\\\/product\\\/space-hash-bubblegum-e8h#primaryimage\",\"url\":\"https:\\\/\\\/thelyflabs.com\\\/wp-content\\\/uploads\\\/2025\\\/11\\\/Bubllegum-2g-con-resina.webp\",\"contentUrl\":\"https:\\\/\\\/thelyflabs.com\\\/wp-content\\\/uploads\\\/2025\\\/11\\\/Bubllegum-2g-con-resina.webp\",\"width\":1000,\"height\":1000,\"caption\":\"hachis hhc\"},{\"@type\":\"BreadcrumbList\",\"@id\":\"https:\\\/\\\/thelyflabs.com\\\/product\\\/space-hash-bubblegum-e8h#breadcrumb\",\"itemListElement\":[{\"@type\":\"ListItem\",\"position\":1,\"name\":\"Portada\",\"item\":\"https:\\\/\\\/thelyflabs.com\\\/\"},{\"@type\":\"ListItem\",\"position\":2,\"name\":\"Tienda\",\"item\":\"https:\\\/\\\/thelyflabs.com\\\/tienda\"},{\"@type\":\"ListItem\",\"position\":3,\"name\":\"Space Hash Bubblegum E8H\"}]},{\"@type\":\"WebSite\",\"@id\":\"https:\\\/\\\/thelyflabs.com\\\/#website\",\"url\":\"https:\\\/\\\/thelyflabs.com\\\/\",\"name\":\"The LYF Labs\",\"description\":\"CBD al por mayor\",\"publisher\":{\"@id\":\"https:\\\/\\\/thelyflabs.com\\\/#organization\"},\"potentialAction\":[{\"@type\":\"SearchAction\",\"target\":{\"@type\":\"EntryPoint\",\"urlTemplate\":\"https:\\\/\\\/thelyflabs.com\\\/?s={search_term_string}\"},\"query-input\":{\"@type\":\"PropertyValueSpecification\",\"valueRequired\":true,\"valueName\":\"search_term_string\"}}],\"inLanguage\":\"fr-FR\"},{\"@type\":\"Organization\",\"@id\":\"https:\\\/\\\/thelyflabs.com\\\/#organization\",\"name\":\"The LYF Labs\",\"url\":\"https:\\\/\\\/thelyflabs.com\\\/\",\"logo\":{\"@type\":\"ImageObject\",\"inLanguage\":\"fr-FR\",\"@id\":\"https:\\\/\\\/thelyflabs.com\\\/#\\\/schema\\\/logo\\\/image\\\/\",\"url\":\"https:\\\/\\\/thelyflabs.com\\\/wp-content\\\/uploads\\\/2023\\\/01\\\/cropped-LogoTheLYFLabs.png\",\"contentUrl\":\"https:\\\/\\\/thelyflabs.com\\\/wp-content\\\/uploads\\\/2023\\\/01\\\/cropped-LogoTheLYFLabs.png\",\"width\":600,\"height\":180,\"caption\":\"The LYF Labs\"},\"image\":{\"@id\":\"https:\\\/\\\/thelyflabs.com\\\/#\\\/schema\\\/logo\\\/image\\\/\"}}]}<\/script>\n<!-- \/ Yoast SEO plugin. -->","yoast_head_json":{"title":"Space Hash Bubblegum E8H - THE LYF LABS","robots":{"index":"index","follow":"follow","max-snippet":"max-snippet:-1","max-image-preview":"max-image-preview:large","max-video-preview":"max-video-preview:-1"},"canonical":"https:\/\/thelyflabs.com\/fr\/product\/space-hash-bubblegum-e8h\/","og_locale":"fr_FR","og_type":"article","og_title":"Space Hash Bubblegum E8H - THE LYF LABS","og_description":"El Space Hash Bubblegum E8H es arom\u00e1tico, sabroso. Enriquecido con la mol\u00e9cula E8H, que te har\u00e1 volar y disfrutar.\u00a0   Color marr\u00f3n oscuro y textura agradable  Menos de 0,3% de THC \u2013 100% legal en toda Europa  Producci\u00f3n natural\u2013 Sin pesticidas ni qu\u00edmicos artificiales  An\u00e1lisis de calidad: pincha\u00a0aqu\u00ed","og_url":"https:\/\/thelyflabs.com\/fr\/product\/space-hash-bubblegum-e8h\/","og_site_name":"THE LYF LABS","article_modified_time":"2026-03-19T12:53:17+00:00","og_image":[{"width":1000,"height":1000,"url":"https:\/\/thelyflabs.com\/wp-content\/uploads\/2025\/11\/Bubllegum-2g-con-resina.webp","type":"image\/webp"}],"twitter_card":"summary_large_image","twitter_misc":{"Dur\u00e9e de lecture estim\u00e9e":"4 minutes"},"schema":{"@context":"https:\/\/schema.org","@graph":[{"@type":"WebPage","@id":"https:\/\/thelyflabs.com\/product\/space-hash-bubblegum-e8h","url":"https:\/\/thelyflabs.com\/product\/space-hash-bubblegum-e8h","name":"Space Hash Bubblegum E8H - THE LYF LABS","isPartOf":{"@id":"https:\/\/thelyflabs.com\/#website"},"primaryImageOfPage":{"@id":"https:\/\/thelyflabs.com\/product\/space-hash-bubblegum-e8h#primaryimage"},"image":{"@id":"https:\/\/thelyflabs.com\/product\/space-hash-bubblegum-e8h#primaryimage"},"thumbnailUrl":"https:\/\/thelyflabs.com\/wp-content\/uploads\/2025\/11\/Bubllegum-2g-con-resina.webp","datePublished":"2025-11-13T14:53:45+00:00","dateModified":"2026-03-19T12:53:17+00:00","breadcrumb":{"@id":"https:\/\/thelyflabs.com\/product\/space-hash-bubblegum-e8h#breadcrumb"},"inLanguage":"fr-FR","potentialAction":[{"@type":"ReadAction","target":["https:\/\/thelyflabs.com\/product\/space-hash-bubblegum-e8h"]}]},{"@type":"ImageObject","inLanguage":"fr-FR","@id":"https:\/\/thelyflabs.com\/product\/space-hash-bubblegum-e8h#primaryimage","url":"https:\/\/thelyflabs.com\/wp-content\/uploads\/2025\/11\/Bubllegum-2g-con-resina.webp","contentUrl":"https:\/\/thelyflabs.com\/wp-content\/uploads\/2025\/11\/Bubllegum-2g-con-resina.webp","width":1000,"height":1000,"caption":"hachis hhc"},{"@type":"BreadcrumbList","@id":"https:\/\/thelyflabs.com\/product\/space-hash-bubblegum-e8h#breadcrumb","itemListElement":[{"@type":"ListItem","position":1,"name":"Portada","item":"https:\/\/thelyflabs.com\/"},{"@type":"ListItem","position":2,"name":"Tienda","item":"https:\/\/thelyflabs.com\/tienda"},{"@type":"ListItem","position":3,"name":"Space Hash Bubblegum E8H"}]},{"@type":"WebSite","@id":"https:\/\/thelyflabs.com\/#website","url":"https:\/\/thelyflabs.com\/","name":"Les laboratoires LYF","description":"Vente en gros de CBD","publisher":{"@id":"https:\/\/thelyflabs.com\/#organization"},"potentialAction":[{"@type":"SearchAction","target":{"@type":"EntryPoint","urlTemplate":"https:\/\/thelyflabs.com\/?s={search_term_string}"},"query-input":{"@type":"PropertyValueSpecification","valueRequired":true,"valueName":"search_term_string"}}],"inLanguage":"fr-FR"},{"@type":"Organization","@id":"https:\/\/thelyflabs.com\/#organization","name":"Les laboratoires LYF","url":"https:\/\/thelyflabs.com\/","logo":{"@type":"ImageObject","inLanguage":"fr-FR","@id":"https:\/\/thelyflabs.com\/#\/schema\/logo\/image\/","url":"https:\/\/thelyflabs.com\/wp-content\/uploads\/2023\/01\/cropped-LogoTheLYFLabs.png","contentUrl":"https:\/\/thelyflabs.com\/wp-content\/uploads\/2023\/01\/cropped-LogoTheLYFLabs.png","width":600,"height":180,"caption":"The LYF Labs"},"image":{"@id":"https:\/\/thelyflabs.com\/#\/schema\/logo\/image\/"}}]}},"_links":{"self":[{"href":"https:\/\/thelyflabs.com\/fr\/wp-json\/wp\/v2\/product\/15256","targetHints":{"allow":["GET"]}}],"collection":[{"href":"https:\/\/thelyflabs.com\/fr\/wp-json\/wp\/v2\/product"}],"about":[{"href":"https:\/\/thelyflabs.com\/fr\/wp-json\/wp\/v2\/types\/product"}],"replies":[{"embeddable":true,"href":"https:\/\/thelyflabs.com\/fr\/wp-json\/wp\/v2\/comments?post=15256"}],"wp:featuredmedia":[{"embeddable":true,"href":"https:\/\/thelyflabs.com\/fr\/wp-json\/wp\/v2\/media\/15258"}],"wp:attachment":[{"href":"https:\/\/thelyflabs.com\/fr\/wp-json\/wp\/v2\/media?parent=15256"}],"wp:term":[{"taxonomy":"product_brand","embeddable":true,"href":"https:\/\/thelyflabs.com\/fr\/wp-json\/wp\/v2\/product_brand?post=15256"},{"taxonomy":"product_cat","embeddable":true,"href":"https:\/\/thelyflabs.com\/fr\/wp-json\/wp\/v2\/product_cat?post=15256"},{"taxonomy":"product_tag","embeddable":true,"href":"https:\/\/thelyflabs.com\/fr\/wp-json\/wp\/v2\/product_tag?post=15256"}],"curies":[{"name":"wp","href":"https:\/\/api.w.org\/{rel}","templated":true}]}}