{"id":16940,"date":"2026-03-09T11:30:19","date_gmt":"2026-03-09T10:30:19","guid":{"rendered":"https:\/\/thelyflabs.com\/?post_type=product&#038;p=16940"},"modified":"2026-03-19T13:50:22","modified_gmt":"2026-03-19T12:50:22","slug":"hash-cbd-carte-dor","status":"publish","type":"product","link":"https:\/\/thelyflabs.com\/fr\/product\/hash-cbd-carte-dor","title":{"rendered":"Carte d&#039;or Hash CBD 43%"},"content":{"rendered":"<h1><span style=\"font-weight: 400\">Carte d&#039;Or Hash CBD 43% : un chef-d&#039;\u0153uvre dor\u00e9<\/span><\/h1>\n<p><span style=\"font-weight: 400\">Bienvenue dans une nouvelle exp\u00e9rience de qualit\u00e9 sup\u00e9rieure avec <strong>Carte d&#039;Or Hash CBD<\/strong>Ce haschisch r\u00e9volutionne le march\u00e9 car il contient un <strong>43% de CBD <\/strong>et c&#039;est un<strong> haschisch sans THC<\/strong> et vous offre une combinaison unique de propri\u00e9t\u00e9s relaxantes et d&#039;un ar\u00f4me enveloppant : elle poss\u00e8de un <strong>finition artisanale<\/strong> Digne des palais les plus experts.<\/span><\/p>\n<p>C&#039;est id\u00e9al pour ceux qui recherchent l&#039;authenticit\u00e9 et cette saveur \u00e9quilibr\u00e9e rappelant le caramel fondu et la vanille, caract\u00e9ristique des cr\u00e8mes glac\u00e9es c\u00e9l\u00e8bres ; le tout avec un <strong>forte concentration de CBD<\/strong>. <span style=\"font-weight: 400\">Il contient \u00e9galement moins de 0,31 % de THC, donc ce haschisch est <strong>l\u00e9gal en Espagne et en Europe<\/strong>.<\/span><\/p>\n<p>C&#039;est bien plus qu&#039;un simple haschisch CBD. C&#039;est un produit d&#039;exception qui allie qualit\u00e9, puret\u00e9 et un ar\u00f4me incomparable\u00a0; une option de choix sur le march\u00e9. <span style=\"font-weight: 400\"> Explorez sa texture et savourez ses ar\u00f4mes \u00e9pic\u00e9s ! D\u00e9couvrez pourquoi <strong>Carte d&#039;Or de haschisch CBD <\/strong>C&#039;est l&#039;une des r\u00e9sines les plus authentiques et de la plus haute qualit\u00e9 que vous puissiez trouver si vous le souhaitez. <strong>haschisch CBD bon march\u00e9<\/strong> mais premium.<\/span><\/p>\n<p>&nbsp;<\/p>\n<h2>Caract\u00e9ristiques du haschisch CBD Carte D&#039;Or\u00a0:<\/h2>\n<ul>\n<li><b>Aspect et texture : <span style=\"font-size: 16px;font-weight: 400\">Il se distingue par son <strong>Texture douce et compacte, un peu comme du miel<\/strong>De couleur brun dor\u00e9 fonc\u00e9, ce haschisch a une couleur c<strong>consistance mall\u00e9able <\/strong>qui en facilite l&#039;utilisation, t\u00e9moignant du soin et de la pr\u00e9cision apport\u00e9s \u00e0 sa fabrication artisanale.\u00a0<\/span><\/b><\/li>\n<li><span style=\"font-size: 16px;font-weight: 400\"><strong>Ar\u00f4me et saveur :<\/strong> <strong>\u00e9pices fines<\/strong>; Avec des touches olfactives orientales.<\/span><\/li>\n<li><strong>Origine et puret\u00e9 :<\/strong><span style=\"font-size: 16px;font-weight: 400\"> Il est fabriqu\u00e9 avec <strong>m\u00e9thodes traditionnelles <\/strong>qui permettent de pr\u00e9server les cannabino\u00efdes et les terp\u00e8nes naturels du chanvre.\u00a0<\/span><\/li>\n<\/ul>\n<p>&nbsp;<\/p>\n<h3><b>Pourquoi acheter du haschisch CBD ? <\/b>Carte d&#039;Or <b><\/b><b>dans Iguana Smoke ?<\/b><\/h3>\n<p><span style=\"font-weight: 400\">Chez Iguana Smoke, la qualit\u00e9 est notre priorit\u00e9. Nos produits \u00e0 base de haschisch CBD sont 100 % naturels et biologiques, sans produits chimiques ni pesticides. En achetant chez nous, vous faites un choix \u00e9clair\u00e9. <strong>r\u00e9sine de haschisch et de CBD pure et s\u00fbre<\/strong>Comme c&#039;est le cas pour notre <strong>Carte d&#039;Or de haschisch CBD<\/strong><strong>.<\/strong><\/span><\/p>\n<p><span style=\"font-weight: 400\">C&#039;est l&#039;endroit s\u00fbr pour <strong>Achetez du haschisch CBD en ligne en Espagne.<\/strong> Tous nos produits sont homologu\u00e9s par l&#039;UE, ce qui garantit leur l\u00e9galit\u00e9 et leur s\u00e9curit\u00e9. Avec moins de 0,3 % de THC, vous pouvez profiter des nombreux bienfaits du CBD sans effets psychoactifs. <strong>Haschisch CBD sans THC et \u00e0 forte teneur en CBD<\/strong> Elle r\u00e9pond aux normes de qualit\u00e9, dont vous pouvez consulter l&#039;analyse.<\/span><span style=\"font-weight: 400\">\u00a0<a href=\"https:\/\/iguanasmoke.com\/analiticas\/\">ici<\/a>.\u00a0<\/span><\/p>\n<p><em><span style=\"font-weight: 400\">*\u00c0 noter\u00a0: son utilisation est destin\u00e9e \u00e0 la collection ou \u00e0 l\u2019aromath\u00e9rapie conform\u00e9ment \u00e0 la l\u00e9gislation espagnole.\u00a0<\/span><\/em><\/p>\n<p><span style=\"font-weight: 400\">De plus, si vous appr\u00e9ciez nos r\u00e9sines de CBD plus traditionnelles comme la <a href=\"https:\/\/iguanasmoke.com\/producto\/hash-cbd-nepal-cream-20\/\">haschisch CBD N\u00e9pal<\/a> ou le <a href=\"https:\/\/iguanasmoke.com\/producto\/hash-cbd-triple-filtrado\/\">Haschisch CBD triple filtr\u00e9<\/a>, th\u00e9 <\/span><span style=\"font-weight: 400\">nous assurons que le <strong>Carte d&#039;Or Hash CBD<\/strong>\u00a0Vous allez adorer. Et n&#039;oubliez pas d&#039;en essayer d&#039;autres. <strong>Produits phares<\/strong> comme le <a href=\"https:\/\/iguanasmoke.com\/producto\/live-resin-cbd-84-live-terpenes\/\">Extrait de r\u00e9sine vivante<\/a> ou le <a href=\"https:\/\/iguanasmoke.com\/producto\/vape-cbd-full-spectrum-iguana-pod-lemon-haze\/\">Vapeur CBD \u00e0 spectre complet<\/a>. <\/span><span style=\"font-weight: 400\">En bref, explorez notre gamme et trouvez vos articles pr\u00e9f\u00e9r\u00e9s d\u00e8s maintenant.\u00a0<\/span><\/p>\n<p>&nbsp;<\/p>\n<h3><b>Iguana Smoke est synonyme de qualit\u00e9 et de confiance.<\/b><\/h3>\n<p><span style=\"font-weight: 400\">Chez Iguana Smoke, nous pensons que consommer du CBD doit \u00eatre une exp\u00e9rience s\u00fbre et agr\u00e9able. C&#039;est pourquoi nous proposons des produits de haute qualit\u00e9 qui s\u00e9duisent les nouvelles g\u00e9n\u00e9rations\u00a0: des personnes en qu\u00eate de bien-\u00eatre simple et authentique, avec des marques de confiance. Sachez que tous nos produits sont <strong>haschisch CBD sans THC<\/strong>, comme le <strong>Carte d&#039;Or Hash CBD 43% <\/strong>que vous allez essayer.<\/span><\/p>\n<p>Comme vous le savez, notre mission est claire\u00a0: vous offrir le meilleur des cannabino\u00efdes \u00e0 un prix juste, en toute s\u00e9r\u00e9nit\u00e9 gr\u00e2ce \u00e0 des produits certifi\u00e9s, efficaces et 100\u00a0% l\u00e9gaux. Nous sommes \u00e0 la pointe des produits \u00e0 base de CBD.<\/p>\n<p>Vous avez encore des questions\u00a0? \u00c9crivez-nous et nous serons ravis de vous aider \u00e0 trouver le produit id\u00e9al.<\/p>","protected":false},"excerpt":{"rendered":"<p>Essayez Hash CBD Carte D&#039;Or, une r\u00e9sine de CBD unique \u00e0 l&#039;ar\u00f4me particulier, id\u00e9ale pour les plus exigeants.<\/p>\n<ul>\n<li>Texture dense et cr\u00e9meuse, d&#039;une \u00e9l\u00e9gante teinte dor\u00e9e<\/li>\n<li>Ar\u00f4me d\u00e9licat : terreux, avec de subtiles notes florales<\/li>\n<li>100% l\u00e9gal en Espagne\u00a0: THC &lt;0,3% et CBD 43%<\/li>\n<\/ul>\n<p>Analyse qualit\u00e9 : cliquez <a href=\"https:\/\/iguanasmoke.com\/analiticas\/\">ici<\/a><\/p>","protected":false},"featured_media":17422,"comment_status":"open","ping_status":"closed","template":"","meta":{"_acf_changed":false,"site-sidebar-layout":"default","site-content-layout":"","ast-site-content-layout":"default","site-content-style":"default","site-sidebar-style":"default","ast-global-header-display":"","ast-banner-title-visibility":"","ast-main-header-display":"","ast-hfb-above-header-display":"","ast-hfb-below-header-display":"","ast-hfb-mobile-header-display":"","site-post-title":"","ast-breadcrumbs-content":"","ast-featured-img":"","footer-sml-layout":"","theme-transparent-header-meta":"default","adv-header-id-meta":"","stick-header-meta":"","header-above-stick-meta":"","header-main-stick-meta":"","header-below-stick-meta":"","astra-migrate-meta-layouts":"set","ast-page-background-enabled":"default","ast-page-background-meta":{"desktop":{"background-color":"var(--ast-global-color-4)","background-image":"","background-repeat":"repeat","background-position":"center center","background-size":"auto","background-attachment":"scroll","background-type":"","background-media":"","overlay-type":"","overlay-color":"","overlay-opacity":"","overlay-gradient":""},"tablet":{"background-color":"","background-image":"","background-repeat":"repeat","background-position":"center center","background-size":"auto","background-attachment":"scroll","background-type":"","background-media":"","overlay-type":"","overlay-color":"","overlay-opacity":"","overlay-gradient":""},"mobile":{"background-color":"","background-image":"","background-repeat":"repeat","background-position":"center center","background-size":"auto","background-attachment":"scroll","background-type":"","background-media":"","overlay-type":"","overlay-color":"","overlay-opacity":"","overlay-gradient":""}},"ast-content-background-meta":{"desktop":{"background-color":"var(--ast-global-color-5)","background-image":"","background-repeat":"repeat","background-position":"center center","background-size":"auto","background-attachment":"scroll","background-type":"","background-media":"","overlay-type":"","overlay-color":"","overlay-opacity":"","overlay-gradient":""},"tablet":{"background-color":"var(--ast-global-color-5)","background-image":"","background-repeat":"repeat","background-position":"center center","background-size":"auto","background-attachment":"scroll","background-type":"","background-media":"","overlay-type":"","overlay-color":"","overlay-opacity":"","overlay-gradient":""},"mobile":{"background-color":"var(--ast-global-color-5)","background-image":"","background-repeat":"repeat","background-position":"center center","background-size":"auto","background-attachment":"scroll","background-type":"","background-media":"","overlay-type":"","overlay-color":"","overlay-opacity":"","overlay-gradient":""}}},"product_brand":[],"product_cat":[66,86],"product_tag":[],"class_list":{"0":"post-16940","1":"product","2":"type-product","3":"status-publish","4":"has-post-thumbnail","6":"product_cat-resinas","7":"product_cat-resinas-cbd","8":"desktop-align-center","9":"tablet-align-left","10":"mobile-align-left","12":"first","13":"instock","14":"taxable","15":"shipping-taxable","16":"purchasable","17":"product-type-variable"},"acf":[],"yoast_head":"<!-- This site is optimized with the Yoast SEO plugin v27.4 - https:\/\/yoast.com\/product\/yoast-seo-wordpress\/ -->\n<title>Hash CBD Carte D&#039;or 43% - Resinas CBD Mayoristas y Tiendas - THE LYF LABS<\/title>\n<meta name=\"description\" content=\"Prueba el nuevo hash CBD Carte D&#039;Or: irresistible y potente. Compra CBD online para tiendas y empieza a disfrutar de la calidad del hach\u00eds CBD Carte d&#039;or.\" \/>\n<meta name=\"robots\" content=\"index, follow, max-snippet:-1, max-image-preview:large, max-video-preview:-1\" \/>\n<link rel=\"canonical\" href=\"https:\/\/thelyflabs.com\/fr\/product\/hash-cbd-carte-dor\/\" \/>\n<meta property=\"og:locale\" content=\"fr_FR\" \/>\n<meta property=\"og:type\" content=\"article\" \/>\n<meta property=\"og:title\" content=\"Hash CBD Carte D&#039;or 43% - Resinas CBD Mayoristas y Tiendas - THE LYF LABS\" \/>\n<meta property=\"og:description\" content=\"Prueba el nuevo hash CBD Carte D&#039;Or: irresistible y potente. Compra CBD online para tiendas y empieza a disfrutar de la calidad del hach\u00eds CBD Carte d&#039;or.\" \/>\n<meta property=\"og:url\" content=\"https:\/\/thelyflabs.com\/fr\/product\/hash-cbd-carte-dor\/\" \/>\n<meta property=\"og:site_name\" content=\"THE LYF LABS\" \/>\n<meta property=\"article:modified_time\" content=\"2026-03-19T12:50:22+00:00\" \/>\n<meta property=\"og:image\" content=\"https:\/\/thelyflabs.com\/wp-content\/uploads\/2026\/03\/Carte-dor-2g-con-hash.webp\" \/>\n\t<meta property=\"og:image:width\" content=\"1000\" \/>\n\t<meta property=\"og:image:height\" content=\"1000\" \/>\n\t<meta property=\"og:image:type\" content=\"image\/webp\" \/>\n<meta name=\"twitter:card\" content=\"summary_large_image\" \/>\n<meta name=\"twitter:label1\" content=\"Dur\u00e9e de lecture estim\u00e9e\" \/>\n\t<meta name=\"twitter:data1\" content=\"3 minutes\" \/>\n<script type=\"application\/ld+json\" class=\"yoast-schema-graph\">{\"@context\":\"https:\\\/\\\/schema.org\",\"@graph\":[{\"@type\":\"WebPage\",\"@id\":\"https:\\\/\\\/thelyflabs.com\\\/product\\\/hash-cbd-carte-dor\",\"url\":\"https:\\\/\\\/thelyflabs.com\\\/product\\\/hash-cbd-carte-dor\",\"name\":\"Hash CBD Carte D'or 43% - Resinas CBD Mayoristas y Tiendas - THE LYF LABS\",\"isPartOf\":{\"@id\":\"https:\\\/\\\/thelyflabs.com\\\/#website\"},\"primaryImageOfPage\":{\"@id\":\"https:\\\/\\\/thelyflabs.com\\\/product\\\/hash-cbd-carte-dor#primaryimage\"},\"image\":{\"@id\":\"https:\\\/\\\/thelyflabs.com\\\/product\\\/hash-cbd-carte-dor#primaryimage\"},\"thumbnailUrl\":\"https:\\\/\\\/thelyflabs.com\\\/wp-content\\\/uploads\\\/2026\\\/03\\\/Carte-dor-2g-con-hash.webp\",\"datePublished\":\"2026-03-09T10:30:19+00:00\",\"dateModified\":\"2026-03-19T12:50:22+00:00\",\"description\":\"Prueba el nuevo hash CBD Carte D'Or: irresistible y potente. Compra CBD online para tiendas y empieza a disfrutar de la calidad del hach\u00eds CBD Carte d'or.\",\"breadcrumb\":{\"@id\":\"https:\\\/\\\/thelyflabs.com\\\/product\\\/hash-cbd-carte-dor#breadcrumb\"},\"inLanguage\":\"fr-FR\",\"potentialAction\":[{\"@type\":\"ReadAction\",\"target\":[\"https:\\\/\\\/thelyflabs.com\\\/product\\\/hash-cbd-carte-dor\"]}]},{\"@type\":\"ImageObject\",\"inLanguage\":\"fr-FR\",\"@id\":\"https:\\\/\\\/thelyflabs.com\\\/product\\\/hash-cbd-carte-dor#primaryimage\",\"url\":\"https:\\\/\\\/thelyflabs.com\\\/wp-content\\\/uploads\\\/2026\\\/03\\\/Carte-dor-2g-con-hash.webp\",\"contentUrl\":\"https:\\\/\\\/thelyflabs.com\\\/wp-content\\\/uploads\\\/2026\\\/03\\\/Carte-dor-2g-con-hash.webp\",\"width\":1000,\"height\":1000,\"caption\":\"Hash CBD Carte D'or-2g\"},{\"@type\":\"BreadcrumbList\",\"@id\":\"https:\\\/\\\/thelyflabs.com\\\/product\\\/hash-cbd-carte-dor#breadcrumb\",\"itemListElement\":[{\"@type\":\"ListItem\",\"position\":1,\"name\":\"Portada\",\"item\":\"https:\\\/\\\/thelyflabs.com\\\/\"},{\"@type\":\"ListItem\",\"position\":2,\"name\":\"Tienda\",\"item\":\"https:\\\/\\\/thelyflabs.com\\\/tienda\"},{\"@type\":\"ListItem\",\"position\":3,\"name\":\"Hash CBD Carte D&#8217;or 43%\"}]},{\"@type\":\"WebSite\",\"@id\":\"https:\\\/\\\/thelyflabs.com\\\/#website\",\"url\":\"https:\\\/\\\/thelyflabs.com\\\/\",\"name\":\"The LYF Labs\",\"description\":\"CBD al por mayor\",\"publisher\":{\"@id\":\"https:\\\/\\\/thelyflabs.com\\\/#organization\"},\"potentialAction\":[{\"@type\":\"SearchAction\",\"target\":{\"@type\":\"EntryPoint\",\"urlTemplate\":\"https:\\\/\\\/thelyflabs.com\\\/?s={search_term_string}\"},\"query-input\":{\"@type\":\"PropertyValueSpecification\",\"valueRequired\":true,\"valueName\":\"search_term_string\"}}],\"inLanguage\":\"fr-FR\"},{\"@type\":\"Organization\",\"@id\":\"https:\\\/\\\/thelyflabs.com\\\/#organization\",\"name\":\"The LYF Labs\",\"url\":\"https:\\\/\\\/thelyflabs.com\\\/\",\"logo\":{\"@type\":\"ImageObject\",\"inLanguage\":\"fr-FR\",\"@id\":\"https:\\\/\\\/thelyflabs.com\\\/#\\\/schema\\\/logo\\\/image\\\/\",\"url\":\"https:\\\/\\\/thelyflabs.com\\\/wp-content\\\/uploads\\\/2023\\\/01\\\/cropped-LogoTheLYFLabs.png\",\"contentUrl\":\"https:\\\/\\\/thelyflabs.com\\\/wp-content\\\/uploads\\\/2023\\\/01\\\/cropped-LogoTheLYFLabs.png\",\"width\":600,\"height\":180,\"caption\":\"The LYF Labs\"},\"image\":{\"@id\":\"https:\\\/\\\/thelyflabs.com\\\/#\\\/schema\\\/logo\\\/image\\\/\"}}]}<\/script>\n<!-- \/ Yoast SEO plugin. -->","yoast_head_json":{"title":"Hash CBD Carte D'or 43% - Resinas CBD Mayoristas y Tiendas - THE LYF LABS","description":"Prueba el nuevo hash CBD Carte D'Or: irresistible y potente. Compra CBD online para tiendas y empieza a disfrutar de la calidad del hach\u00eds CBD Carte d'or.","robots":{"index":"index","follow":"follow","max-snippet":"max-snippet:-1","max-image-preview":"max-image-preview:large","max-video-preview":"max-video-preview:-1"},"canonical":"https:\/\/thelyflabs.com\/fr\/product\/hash-cbd-carte-dor\/","og_locale":"fr_FR","og_type":"article","og_title":"Hash CBD Carte D'or 43% - Resinas CBD Mayoristas y Tiendas - THE LYF LABS","og_description":"Prueba el nuevo hash CBD Carte D'Or: irresistible y potente. Compra CBD online para tiendas y empieza a disfrutar de la calidad del hach\u00eds CBD Carte d'or.","og_url":"https:\/\/thelyflabs.com\/fr\/product\/hash-cbd-carte-dor\/","og_site_name":"THE LYF LABS","article_modified_time":"2026-03-19T12:50:22+00:00","og_image":[{"width":1000,"height":1000,"url":"https:\/\/thelyflabs.com\/wp-content\/uploads\/2026\/03\/Carte-dor-2g-con-hash.webp","type":"image\/webp"}],"twitter_card":"summary_large_image","twitter_misc":{"Dur\u00e9e de lecture estim\u00e9e":"3 minutes"},"schema":{"@context":"https:\/\/schema.org","@graph":[{"@type":"WebPage","@id":"https:\/\/thelyflabs.com\/product\/hash-cbd-carte-dor","url":"https:\/\/thelyflabs.com\/product\/hash-cbd-carte-dor","name":"Hash CBD Carte D'or 43% - Resinas CBD Mayoristas y Tiendas - THE LYF LABS","isPartOf":{"@id":"https:\/\/thelyflabs.com\/#website"},"primaryImageOfPage":{"@id":"https:\/\/thelyflabs.com\/product\/hash-cbd-carte-dor#primaryimage"},"image":{"@id":"https:\/\/thelyflabs.com\/product\/hash-cbd-carte-dor#primaryimage"},"thumbnailUrl":"https:\/\/thelyflabs.com\/wp-content\/uploads\/2026\/03\/Carte-dor-2g-con-hash.webp","datePublished":"2026-03-09T10:30:19+00:00","dateModified":"2026-03-19T12:50:22+00:00","description":"Prueba el nuevo hash CBD Carte D'Or: irresistible y potente. Compra CBD online para tiendas y empieza a disfrutar de la calidad del hach\u00eds CBD Carte d'or.","breadcrumb":{"@id":"https:\/\/thelyflabs.com\/product\/hash-cbd-carte-dor#breadcrumb"},"inLanguage":"fr-FR","potentialAction":[{"@type":"ReadAction","target":["https:\/\/thelyflabs.com\/product\/hash-cbd-carte-dor"]}]},{"@type":"ImageObject","inLanguage":"fr-FR","@id":"https:\/\/thelyflabs.com\/product\/hash-cbd-carte-dor#primaryimage","url":"https:\/\/thelyflabs.com\/wp-content\/uploads\/2026\/03\/Carte-dor-2g-con-hash.webp","contentUrl":"https:\/\/thelyflabs.com\/wp-content\/uploads\/2026\/03\/Carte-dor-2g-con-hash.webp","width":1000,"height":1000,"caption":"Hash CBD Carte D'or-2g"},{"@type":"BreadcrumbList","@id":"https:\/\/thelyflabs.com\/product\/hash-cbd-carte-dor#breadcrumb","itemListElement":[{"@type":"ListItem","position":1,"name":"Portada","item":"https:\/\/thelyflabs.com\/"},{"@type":"ListItem","position":2,"name":"Tienda","item":"https:\/\/thelyflabs.com\/tienda"},{"@type":"ListItem","position":3,"name":"Hash CBD Carte D&#8217;or 43%"}]},{"@type":"WebSite","@id":"https:\/\/thelyflabs.com\/#website","url":"https:\/\/thelyflabs.com\/","name":"Les laboratoires LYF","description":"Vente en gros de CBD","publisher":{"@id":"https:\/\/thelyflabs.com\/#organization"},"potentialAction":[{"@type":"SearchAction","target":{"@type":"EntryPoint","urlTemplate":"https:\/\/thelyflabs.com\/?s={search_term_string}"},"query-input":{"@type":"PropertyValueSpecification","valueRequired":true,"valueName":"search_term_string"}}],"inLanguage":"fr-FR"},{"@type":"Organization","@id":"https:\/\/thelyflabs.com\/#organization","name":"Les laboratoires LYF","url":"https:\/\/thelyflabs.com\/","logo":{"@type":"ImageObject","inLanguage":"fr-FR","@id":"https:\/\/thelyflabs.com\/#\/schema\/logo\/image\/","url":"https:\/\/thelyflabs.com\/wp-content\/uploads\/2023\/01\/cropped-LogoTheLYFLabs.png","contentUrl":"https:\/\/thelyflabs.com\/wp-content\/uploads\/2023\/01\/cropped-LogoTheLYFLabs.png","width":600,"height":180,"caption":"The LYF Labs"},"image":{"@id":"https:\/\/thelyflabs.com\/#\/schema\/logo\/image\/"}}]}},"_links":{"self":[{"href":"https:\/\/thelyflabs.com\/fr\/wp-json\/wp\/v2\/product\/16940","targetHints":{"allow":["GET"]}}],"collection":[{"href":"https:\/\/thelyflabs.com\/fr\/wp-json\/wp\/v2\/product"}],"about":[{"href":"https:\/\/thelyflabs.com\/fr\/wp-json\/wp\/v2\/types\/product"}],"replies":[{"embeddable":true,"href":"https:\/\/thelyflabs.com\/fr\/wp-json\/wp\/v2\/comments?post=16940"}],"wp:featuredmedia":[{"embeddable":true,"href":"https:\/\/thelyflabs.com\/fr\/wp-json\/wp\/v2\/media\/17422"}],"wp:attachment":[{"href":"https:\/\/thelyflabs.com\/fr\/wp-json\/wp\/v2\/media?parent=16940"}],"wp:term":[{"taxonomy":"product_brand","embeddable":true,"href":"https:\/\/thelyflabs.com\/fr\/wp-json\/wp\/v2\/product_brand?post=16940"},{"taxonomy":"product_cat","embeddable":true,"href":"https:\/\/thelyflabs.com\/fr\/wp-json\/wp\/v2\/product_cat?post=16940"},{"taxonomy":"product_tag","embeddable":true,"href":"https:\/\/thelyflabs.com\/fr\/wp-json\/wp\/v2\/product_tag?post=16940"}],"curies":[{"name":"wp","href":"https:\/\/api.w.org\/{rel}","templated":true}]}}