{"id":16959,"date":"2026-03-12T10:22:51","date_gmt":"2026-03-12T09:22:51","guid":{"rendered":"https:\/\/thelyflabs.com\/?post_type=product&#038;p=16959"},"modified":"2026-03-30T11:07:26","modified_gmt":"2026-03-30T09:07:26","slug":"flor-e8h-amnesia-space-flowers","status":"publish","type":"product","link":"https:\/\/thelyflabs.com\/fr\/product\/flor-e8h-amnesia-space-flowers","title":{"rendered":"Fleur E8H Amn\u00e9sie Fleurs spatiales"},"content":{"rendered":"<h1 data-start=\"1609\" data-end=\"1642\"><span style=\"font-weight: 400\">Flor E8H Amn\u00e9sie <\/span><span style=\"font-weight: 400\">Fleurs spatiales<\/span><\/h1>\n<p data-start=\"549\" data-end=\"976\"><span style=\"font-weight: 400\">Si vous cherchez \u00e0 acheter en ligne des fleurs de CBD de la plus haute qualit\u00e9, <strong>Fleur E8H Amn\u00e9sie Fleurs spatiales <\/strong>C&#039;est le choix id\u00e9al pour celles et ceux qui recherchent clart\u00e9 mentale et bonne humeur sans les effets psychoactifs du THC. Enrichie en mol\u00e9cule E8H, cette fleur de CBD offre des bienfaits exceptionnels.<\/span><\/p>\n<p data-start=\"549\" data-end=\"976\"><span style=\"font-weight: 400\">Merci \u00e0 vous <strong>agriculture biologique sans pesticides<\/strong>S\u00e9ch\u00e9e naturellement et dot\u00e9e d&#039;une apparence compacte et r\u00e9sineuse, la fleur E8H Amnesia est parfaite pour ceux qui recherchent une fleur puissante et pure, aux effets \u00e9quilibr\u00e9s.<\/span><\/p>\n<p data-start=\"549\" data-end=\"976\"><span style=\"font-weight: 400\"> Dans <strong>Fum\u00e9e d&#039;iguane<\/strong>Nous s\u00e9lectionnons soigneusement chaque lot pour vous offrir un <strong>Amn\u00e9sie E8H <\/strong><\/span><span style=\"font-weight: 400\"><b>incroyable<\/b>Con\u00e7u pour les v\u00e9ritables connaisseurs de fleurs et de cannabidiol.<\/span><\/p>\n<p>&nbsp;<\/p>\n<h2><strong>\u00c0 quoi ressemble la fleur E8H Amnesia ?<\/strong><\/h2>\n<p><span style=\"font-weight: 400\">Cette fleur de CBD est devenue un incontournable pour ceux qui souhaitent <strong>Achetez des fleurs de CBD de haute qualit\u00e9 en ligne<\/strong>Et ce n&#039;est pas un hasard, car cette vari\u00e9t\u00e9 \u00e9blouit par son <strong>apparence vibrante<\/strong>, son <strong>puissant ar\u00f4me d&#039;agrumes<\/strong> et son <strong>profil terp\u00e9nique<\/strong> caract\u00e9ristique des classiques <strong><em>Brume<\/em><\/strong>.<\/span><\/p>\n<ul>\n<li><span style=\"font-weight: 400\"><strong>Type et pourcentage de CBD\u00a0:<\/strong> Cette fleur est \u00e0 dominance Sativa et contient environ 121 % de CBD et 18 % d&#039;E8H.<\/span><\/li>\n<li><span style=\"font-weight: 400\"><strong>Apparence<\/strong>bourgeons <strong>compacts<\/strong> de <strong>couleur verte intense<\/strong>Plein de <strong>pistils<\/strong> <strong>orange<\/strong> et une pluie de trichomes scintillants. Oui, visuellement, c&#039;est un spectacle.<\/span><\/li>\n<li><span style=\"font-weight: 400\"><strong>Parfum<\/strong>: m\u00e9lange explosif de <strong>citron<\/strong>fruits sucr\u00e9s, notes <strong>terreux<\/strong> et notes <strong>herbes<\/strong>; parfait pour les amateurs d&#039;ar\u00f4mes intenses.\u00a0<\/span><\/li>\n<li><span style=\"font-weight: 400\"><strong>Origine<\/strong>: provient d&#039;un <strong>g\u00e9n\u00e9tique<\/strong> <strong>choisi<\/strong> pour maximiser le CBD et pr\u00e9server <strong>l&#039;\u00e2me du jeu original Amnesia<\/strong>Une fleur de CBD l\u00e9gale, cultiv\u00e9e de mani\u00e8re durable et avec une tra\u00e7abilit\u00e9 garantie.\u00a0<\/span><\/li>\n<\/ul>\n<p><span style=\"font-weight: 400\">Gr\u00e2ce \u00e0 la combinaison de CBD et d&#039;E8H, vous ressentirez une sensation naturelle de bien-\u00eatre : elle am\u00e9liore votre humeur, vous apporte concentration et s\u00e9r\u00e9nit\u00e9 sans d\u00e9connexion ni somnolence.\u00a0<\/span><\/p>\n<p>&nbsp;<\/p>\n<h2><strong>Guide rapide pour choisir les bonnes fleurs de CBD <\/strong><\/h2>\n<ul>\n<li><span style=\"font-weight: 400\">V\u00e9rifiez la teneur en CBD et en THC <\/span><\/li>\n<li><span style=\"font-weight: 400\">Choisissez des marques fiables et transparentes <\/span><\/li>\n<li><span style=\"font-weight: 400\">V\u00e9rifier les certifications et les contr\u00f4les de qualit\u00e9 <\/span><\/li>\n<li><span style=\"font-weight: 400\">Lisez les avis de vrais clients <\/span><\/li>\n<\/ul>\n<p><span style=\"font-weight: 400\">Dans <strong>Fum\u00e9e d&#039;iguane<\/strong>Notre communaut\u00e9 est la meilleure garantie de confiance. Ne manquez pas notre <strong>Fleur E8H Amn\u00e9sie Fleurs spatiales<\/strong><strong>\u00a0<\/strong>plus authentique.<\/span><\/p>\n<p>&nbsp;<\/p>\n<h2 data-start=\"1548\" data-end=\"1601\">Pourquoi acheter <span style=\"font-weight: 400\"><strong>Flor E8H Amn\u00e9sie <\/strong><\/span>chez Lyf Labs ?<\/h2>\n<p data-start=\"2504\" data-end=\"2696\"><span style=\"font-weight: 400\">Si vous vous demandez o\u00f9 acheter des fleurs de CBD en ligne, chez Iguana Smoke, nous vous donnons plusieurs raisons d&#039;acheter chez nous\u00a0: <\/span><\/p>\n<ol>\n<li style=\"list-style-type: none\">\n<ol>\n<li data-start=\"2504\" data-end=\"2696\"><span style=\"font-weight: 400\">\u2705 <strong>Fleurs de CBD abordables et de qualit\u00e9 sup\u00e9rieure\u00a0:<\/strong> Qualit\u00e9 sup\u00e9rieure \u00e0 prix justes.<\/span><\/li>\n<li data-start=\"2504\" data-end=\"2696\"><span style=\"font-weight: 400\">\u2705 <strong>Agriculture biologique :<\/strong> Sans pesticides, sans produits chimiques, sans OGM<\/span><\/li>\n<li data-start=\"2504\" data-end=\"2696\"><span style=\"font-weight: 400\">\u2705 <strong>Teneur en THC &lt;0,3%\u00a0:<\/strong> 100% l\u00e9gal en Espagne et en Europe<\/span><\/li>\n<li data-start=\"2504\" data-end=\"2696\"><span style=\"font-weight: 400\">\u2705 <strong>Livraison rapide et discr\u00e8te\u00a0:<\/strong> Vous le recevrez chez vous dans 24\/48 heures.<\/span><\/li>\n<li data-start=\"2504\" data-end=\"2696\"><span style=\"font-weight: 400\"> \u2705 <strong>Plateforme de paiement s\u00e9curis\u00e9e<\/strong><\/span><\/li>\n<li data-start=\"2504\" data-end=\"2696\"><span style=\"font-weight: 400\">\u2705 <strong>experts en produits CBD<\/strong>: <strong><a href=\"https:\/\/iguanasmoke.com\/categoria\/hash-cbd\/\">R\u00e9sines<\/a><\/strong>, <a href=\"https:\/\/iguanasmoke.com\/categoria\/aceite-de-cbd\/\"><strong>Huiles<\/strong><\/a>, <a href=\"https:\/\/iguanasmoke.com\/categoria\/pop-corn-cbd-cogollos-pequenos-cbd-mini-buds-cbd\/\"><strong>Popcorn<\/strong><\/a>, <a href=\"https:\/\/iguanasmoke.com\/categoria\/extractos-cbd\/\"><strong>Extraits<\/strong><\/a>, <a href=\"https:\/\/iguanasmoke.com\/categoria\/vaper-cbd\/\"><strong>Vapoteurs<\/strong> <\/a>et bien plus encore<\/span><\/li>\n<\/ol>\n<\/li>\n<\/ol>\n<p><span style=\"font-weight: 400\">De plus, toutes nos fleurs de CBD sont<strong> approuv\u00e9 par l&#039;UE<\/strong>garantissant ainsi sa l\u00e9galit\u00e9 et sa s\u00e9curit\u00e9. Nous avons<a href=\"https:\/\/iguanasmoke.com\/analiticas\/\"><strong> rapports de laboratoire ind\u00e9pendants<\/strong><\/a> pour v\u00e9rifier sa qualit\u00e9 et sa tra\u00e7abilit\u00e9. <\/span><\/p>\n<p><span style=\"font-weight: 400\">Avez-vous essay\u00e9 notre <strong style=\"font-weight: 400\"><a href=\"https:\/\/iguanasmoke.com\/producto\/flor-gelato-e8h-space-flowers\/\">Flor E8H Gelato<\/a><\/strong>, notre <a style=\"font-weight: 400\" href=\"https:\/\/iguanasmoke.com\/categoria\/nuevas-moleculas\/\"><strong>Vapes E8H <\/strong><\/a>ou notre <a style=\"font-weight: 400\" href=\"https:\/\/iguanasmoke.com\/producto\/space-hash-bubblegum-e8h\/\"><strong>Chewing-gum Space Hash E8H<\/strong><\/a>Ne manquez pas le <strong style=\"font-weight: 400\"><a href=\"https:\/\/iguanasmoke.com\/categoria\/flores-cbd\/flores-cbd-indoor\/\">Fleurs d&#039;int\u00e9rieur de qualit\u00e9 sup\u00e9rieure<\/a> <\/strong>ou le <a style=\"font-weight: 400\" href=\"https:\/\/iguanasmoke.com\/categoria\/pop-corn-cbd-cogollos-pequenos-cbd-mini-buds-cbd\/\"><strong>Petites fleurs de CBD \u2013 Popcorn<\/strong><\/a> le plus c\u00e9l\u00e8bre du march\u00e9.<\/span><\/p>\n<p>&nbsp;<\/p>\n<h2><\/h2>\n<p>&nbsp;<\/p>\n<section class=\"product-description\">\n<h2>Qualit\u00e9 et s\u00e9curit\u00e9<\/h2>\n<p>Dans <strong>Les laboratoires Lyf<\/strong>, nous garantissons que chaque lot de <span style=\"font-weight: 400\"><strong>Flor E8H Amn\u00e9sie<\/strong><\/span>\u00a0Ce produit fait l&#039;objet d&#039;analyses rigoureuses en laboratoire afin de confirmer sa puret\u00e9, l&#039;absence de pesticides et un taux de THC l\u00e9gal (inf\u00e9rieur \u00e0 0,31 g\/L). Notre engagement envers la qualit\u00e9 et la s\u00e9curit\u00e9 nous permet de proposer un produit fiable, adapt\u00e9 \u00e0 tous les consommateurs soucieux de l\u00e9galit\u00e9 et d&#039;excellence.<\/p>\n<\/section>\n<section class=\"product-description\">Lyf Labs s&#039;engage \u00e0 proposer des produits qui allient tradition, innovation et qualit\u00e9 sup\u00e9rieure. <span style=\"font-weight: 400\"><strong>Flor E8H Amn\u00e9sie <\/strong><\/span>C&#039;est un choix exceptionnel pour ceux qui recherchent une fleur de CBD de haute qualit\u00e9, au profil moderne et offrant une exp\u00e9rience utilisateur unique. Faites-nous confiance pour enrichir votre collection ou votre catalogue d&#039;un produit qui se distingue par son authenticit\u00e9, sa saveur et sa fiabilit\u00e9.\u00a0<\/section>\n<section><\/section>\n<section><\/section>\n<section><\/section>\n<section><\/section>\n<section class=\"product-description\"><span style=\"font-size: 1.7em;font-weight: bold\">Lyf Labs, c&#039;est de la qualit\u00e9<\/span><\/section>\n<p>The Lyf Labs repr\u00e9sente l&#039;excellence sur le march\u00e9 de gros des cannabino\u00efdes, proposant des produits innovants, s\u00fbrs et d&#039;une grande puret\u00e9 aux boutiques sp\u00e9cialis\u00e9es et aux distributeurs. Nous nous effor\u00e7ons de r\u00e9pondre aux besoins d&#039;un secteur professionnel en qu\u00eate de qualit\u00e9 constante, de tra\u00e7abilit\u00e9 et de prix comp\u00e9titifs. Si vous recherchez un fournisseur fiable et avant-gardiste, vous trouverez en The Lyf Labs un partenaire strat\u00e9gique pour vous accompagner dans votre croissance sur le march\u00e9 du chanvre.<\/p>","protected":false},"excerpt":{"rendered":"<p><span style=\"font-weight: 400\">Cette fleur E8H <span style=\"font-size: 16px;font-weight: 400\">Elle se distingue par ses notes d&#039;agrumes, d&#039;herbes et de terre, et enrichie en E8H, elle am\u00e9liore la clart\u00e9 mentale et la concentration ;<\/span><\/span><\/p>\n<ul>\n<li>Fleur de CBD de qualit\u00e9 sup\u00e9rieure enrichie en E8H<\/li>\n<li>THC : &lt;0,3%<\/li>\n<li>ar\u00f4me p\u00e9n\u00e9trant<\/li>\n<li>100% l\u00e9gal Espagne et Europe<\/li>\n<\/ul>\n<p><span style=\"font-weight: 400\">Consultation<strong> <a href=\"https:\/\/iguanasmoke.com\/analiticas\/\">Analyses de laboratoire.<\/a><\/strong><\/span><\/p>","protected":false},"featured_media":17016,"comment_status":"open","ping_status":"closed","template":"","meta":{"_acf_changed":false,"site-sidebar-layout":"default","site-content-layout":"","ast-site-content-layout":"default","site-content-style":"default","site-sidebar-style":"default","ast-global-header-display":"","ast-banner-title-visibility":"","ast-main-header-display":"","ast-hfb-above-header-display":"","ast-hfb-below-header-display":"","ast-hfb-mobile-header-display":"","site-post-title":"","ast-breadcrumbs-content":"","ast-featured-img":"","footer-sml-layout":"","theme-transparent-header-meta":"default","adv-header-id-meta":"","stick-header-meta":"","header-above-stick-meta":"","header-main-stick-meta":"","header-below-stick-meta":"","astra-migrate-meta-layouts":"set","ast-page-background-enabled":"default","ast-page-background-meta":{"desktop":{"background-color":"var(--ast-global-color-4)","background-image":"","background-repeat":"repeat","background-position":"center center","background-size":"auto","background-attachment":"scroll","background-type":"","background-media":"","overlay-type":"","overlay-color":"","overlay-opacity":"","overlay-gradient":""},"tablet":{"background-color":"","background-image":"","background-repeat":"repeat","background-position":"center center","background-size":"auto","background-attachment":"scroll","background-type":"","background-media":"","overlay-type":"","overlay-color":"","overlay-opacity":"","overlay-gradient":""},"mobile":{"background-color":"","background-image":"","background-repeat":"repeat","background-position":"center center","background-size":"auto","background-attachment":"scroll","background-type":"","background-media":"","overlay-type":"","overlay-color":"","overlay-opacity":"","overlay-gradient":""}},"ast-content-background-meta":{"desktop":{"background-color":"var(--ast-global-color-5)","background-image":"","background-repeat":"repeat","background-position":"center center","background-size":"auto","background-attachment":"scroll","background-type":"","background-media":"","overlay-type":"","overlay-color":"","overlay-opacity":"","overlay-gradient":""},"tablet":{"background-color":"var(--ast-global-color-5)","background-image":"","background-repeat":"repeat","background-position":"center center","background-size":"auto","background-attachment":"scroll","background-type":"","background-media":"","overlay-type":"","overlay-color":"","overlay-opacity":"","overlay-gradient":""},"mobile":{"background-color":"var(--ast-global-color-5)","background-image":"","background-repeat":"repeat","background-position":"center center","background-size":"auto","background-attachment":"scroll","background-type":"","background-media":"","overlay-type":"","overlay-color":"","overlay-opacity":"","overlay-gradient":""}}},"product_brand":[],"product_cat":[145,150,40,146],"product_tag":[],"class_list":{"0":"post-16959","1":"product","2":"type-product","3":"status-publish","4":"has-post-thumbnail","6":"product_cat-e8h","7":"product_cat-flores-de-e8h","8":"product_cat-iguanasmoke","9":"product_cat-nuevas-moleculas","10":"desktop-align-center","11":"tablet-align-left","12":"mobile-align-left","14":"first","15":"outofstock","16":"taxable","17":"shipping-taxable","18":"purchasable","19":"product-type-variable"},"acf":[],"yoast_head":"<!-- This site is optimized with the Yoast SEO plugin v27.3 - https:\/\/yoast.com\/product\/yoast-seo-wordpress\/ -->\n<title>Flor E8H Amnesia Space Flowers - THE LYF LABS<\/title>\n<meta name=\"description\" content=\"Eleva tu estado de \u00e1nimo con la Flor E8H Amnesia Space Flowers. Compra flores CBD online y experimenta una funcionalidad \u00fanica y pura.\" \/>\n<meta name=\"robots\" content=\"index, follow, max-snippet:-1, max-image-preview:large, max-video-preview:-1\" \/>\n<link rel=\"canonical\" href=\"https:\/\/thelyflabs.com\/fr\/product\/flor-e8h-amnesia-space-flowers\/\" \/>\n<meta property=\"og:locale\" content=\"fr_FR\" \/>\n<meta property=\"og:type\" content=\"article\" \/>\n<meta property=\"og:title\" content=\"Flor E8H Amnesia Space Flowers - THE LYF LABS\" \/>\n<meta property=\"og:description\" content=\"Eleva tu estado de \u00e1nimo con la Flor E8H Amnesia Space Flowers. Compra flores CBD online y experimenta una funcionalidad \u00fanica y pura.\" \/>\n<meta property=\"og:url\" content=\"https:\/\/thelyflabs.com\/fr\/product\/flor-e8h-amnesia-space-flowers\/\" \/>\n<meta property=\"og:site_name\" content=\"THE LYF LABS\" \/>\n<meta property=\"article:modified_time\" content=\"2026-03-30T09:07:26+00:00\" \/>\n<meta property=\"og:image\" content=\"https:\/\/thelyflabs.com\/wp-content\/uploads\/2026\/03\/Space-Flowers-amnesia-1g-con-cogollo.webp\" \/>\n\t<meta property=\"og:image:width\" content=\"1000\" \/>\n\t<meta property=\"og:image:height\" content=\"1000\" \/>\n\t<meta property=\"og:image:type\" content=\"image\/webp\" \/>\n<meta name=\"twitter:card\" content=\"summary_large_image\" \/>\n<meta name=\"twitter:label1\" content=\"Dur\u00e9e de lecture estim\u00e9e\" \/>\n\t<meta name=\"twitter:data1\" content=\"4 minutes\" \/>\n<script type=\"application\/ld+json\" class=\"yoast-schema-graph\">{\"@context\":\"https:\\\/\\\/schema.org\",\"@graph\":[{\"@type\":\"WebPage\",\"@id\":\"https:\\\/\\\/thelyflabs.com\\\/product\\\/flor-e8h-amnesia-space-flowers\",\"url\":\"https:\\\/\\\/thelyflabs.com\\\/product\\\/flor-e8h-amnesia-space-flowers\",\"name\":\"Flor E8H Amnesia Space Flowers - THE LYF LABS\",\"isPartOf\":{\"@id\":\"https:\\\/\\\/thelyflabs.com\\\/#website\"},\"primaryImageOfPage\":{\"@id\":\"https:\\\/\\\/thelyflabs.com\\\/product\\\/flor-e8h-amnesia-space-flowers#primaryimage\"},\"image\":{\"@id\":\"https:\\\/\\\/thelyflabs.com\\\/product\\\/flor-e8h-amnesia-space-flowers#primaryimage\"},\"thumbnailUrl\":\"https:\\\/\\\/thelyflabs.com\\\/wp-content\\\/uploads\\\/2026\\\/03\\\/Space-Flowers-amnesia-1g-con-cogollo.webp\",\"datePublished\":\"2026-03-12T09:22:51+00:00\",\"dateModified\":\"2026-03-30T09:07:26+00:00\",\"description\":\"Eleva tu estado de \u00e1nimo con la Flor E8H Amnesia Space Flowers. Compra flores CBD online y experimenta una funcionalidad \u00fanica y pura.\",\"breadcrumb\":{\"@id\":\"https:\\\/\\\/thelyflabs.com\\\/product\\\/flor-e8h-amnesia-space-flowers#breadcrumb\"},\"inLanguage\":\"fr-FR\",\"potentialAction\":[{\"@type\":\"ReadAction\",\"target\":[\"https:\\\/\\\/thelyflabs.com\\\/product\\\/flor-e8h-amnesia-space-flowers\"]}]},{\"@type\":\"ImageObject\",\"inLanguage\":\"fr-FR\",\"@id\":\"https:\\\/\\\/thelyflabs.com\\\/product\\\/flor-e8h-amnesia-space-flowers#primaryimage\",\"url\":\"https:\\\/\\\/thelyflabs.com\\\/wp-content\\\/uploads\\\/2026\\\/03\\\/Space-Flowers-amnesia-1g-con-cogollo.webp\",\"contentUrl\":\"https:\\\/\\\/thelyflabs.com\\\/wp-content\\\/uploads\\\/2026\\\/03\\\/Space-Flowers-amnesia-1g-con-cogollo.webp\",\"width\":1000,\"height\":1000,\"caption\":\"flor cbd e8h amnesia 1g\"},{\"@type\":\"BreadcrumbList\",\"@id\":\"https:\\\/\\\/thelyflabs.com\\\/product\\\/flor-e8h-amnesia-space-flowers#breadcrumb\",\"itemListElement\":[{\"@type\":\"ListItem\",\"position\":1,\"name\":\"Portada\",\"item\":\"https:\\\/\\\/thelyflabs.com\\\/\"},{\"@type\":\"ListItem\",\"position\":2,\"name\":\"Tienda\",\"item\":\"https:\\\/\\\/thelyflabs.com\\\/tienda\"},{\"@type\":\"ListItem\",\"position\":3,\"name\":\"Flor E8H Amnesia Space Flowers\"}]},{\"@type\":\"WebSite\",\"@id\":\"https:\\\/\\\/thelyflabs.com\\\/#website\",\"url\":\"https:\\\/\\\/thelyflabs.com\\\/\",\"name\":\"The LYF Labs\",\"description\":\"CBD al por mayor\",\"publisher\":{\"@id\":\"https:\\\/\\\/thelyflabs.com\\\/#organization\"},\"potentialAction\":[{\"@type\":\"SearchAction\",\"target\":{\"@type\":\"EntryPoint\",\"urlTemplate\":\"https:\\\/\\\/thelyflabs.com\\\/?s={search_term_string}\"},\"query-input\":{\"@type\":\"PropertyValueSpecification\",\"valueRequired\":true,\"valueName\":\"search_term_string\"}}],\"inLanguage\":\"fr-FR\"},{\"@type\":\"Organization\",\"@id\":\"https:\\\/\\\/thelyflabs.com\\\/#organization\",\"name\":\"The LYF Labs\",\"url\":\"https:\\\/\\\/thelyflabs.com\\\/\",\"logo\":{\"@type\":\"ImageObject\",\"inLanguage\":\"fr-FR\",\"@id\":\"https:\\\/\\\/thelyflabs.com\\\/#\\\/schema\\\/logo\\\/image\\\/\",\"url\":\"https:\\\/\\\/thelyflabs.com\\\/wp-content\\\/uploads\\\/2023\\\/01\\\/cropped-LogoTheLYFLabs.png\",\"contentUrl\":\"https:\\\/\\\/thelyflabs.com\\\/wp-content\\\/uploads\\\/2023\\\/01\\\/cropped-LogoTheLYFLabs.png\",\"width\":600,\"height\":180,\"caption\":\"The LYF Labs\"},\"image\":{\"@id\":\"https:\\\/\\\/thelyflabs.com\\\/#\\\/schema\\\/logo\\\/image\\\/\"}}]}<\/script>\n<!-- \/ Yoast SEO plugin. -->","yoast_head_json":{"title":"Flor E8H Amnesia Space Flowers - THE LYF LABS","description":"Eleva tu estado de \u00e1nimo con la Flor E8H Amnesia Space Flowers. Compra flores CBD online y experimenta una funcionalidad \u00fanica y pura.","robots":{"index":"index","follow":"follow","max-snippet":"max-snippet:-1","max-image-preview":"max-image-preview:large","max-video-preview":"max-video-preview:-1"},"canonical":"https:\/\/thelyflabs.com\/fr\/product\/flor-e8h-amnesia-space-flowers\/","og_locale":"fr_FR","og_type":"article","og_title":"Flor E8H Amnesia Space Flowers - THE LYF LABS","og_description":"Eleva tu estado de \u00e1nimo con la Flor E8H Amnesia Space Flowers. Compra flores CBD online y experimenta una funcionalidad \u00fanica y pura.","og_url":"https:\/\/thelyflabs.com\/fr\/product\/flor-e8h-amnesia-space-flowers\/","og_site_name":"THE LYF LABS","article_modified_time":"2026-03-30T09:07:26+00:00","og_image":[{"width":1000,"height":1000,"url":"https:\/\/thelyflabs.com\/wp-content\/uploads\/2026\/03\/Space-Flowers-amnesia-1g-con-cogollo.webp","type":"image\/webp"}],"twitter_card":"summary_large_image","twitter_misc":{"Dur\u00e9e de lecture estim\u00e9e":"4 minutes"},"schema":{"@context":"https:\/\/schema.org","@graph":[{"@type":"WebPage","@id":"https:\/\/thelyflabs.com\/product\/flor-e8h-amnesia-space-flowers","url":"https:\/\/thelyflabs.com\/product\/flor-e8h-amnesia-space-flowers","name":"Flor E8H Amnesia Space Flowers - THE LYF LABS","isPartOf":{"@id":"https:\/\/thelyflabs.com\/#website"},"primaryImageOfPage":{"@id":"https:\/\/thelyflabs.com\/product\/flor-e8h-amnesia-space-flowers#primaryimage"},"image":{"@id":"https:\/\/thelyflabs.com\/product\/flor-e8h-amnesia-space-flowers#primaryimage"},"thumbnailUrl":"https:\/\/thelyflabs.com\/wp-content\/uploads\/2026\/03\/Space-Flowers-amnesia-1g-con-cogollo.webp","datePublished":"2026-03-12T09:22:51+00:00","dateModified":"2026-03-30T09:07:26+00:00","description":"Eleva tu estado de \u00e1nimo con la Flor E8H Amnesia Space Flowers. Compra flores CBD online y experimenta una funcionalidad \u00fanica y pura.","breadcrumb":{"@id":"https:\/\/thelyflabs.com\/product\/flor-e8h-amnesia-space-flowers#breadcrumb"},"inLanguage":"fr-FR","potentialAction":[{"@type":"ReadAction","target":["https:\/\/thelyflabs.com\/product\/flor-e8h-amnesia-space-flowers"]}]},{"@type":"ImageObject","inLanguage":"fr-FR","@id":"https:\/\/thelyflabs.com\/product\/flor-e8h-amnesia-space-flowers#primaryimage","url":"https:\/\/thelyflabs.com\/wp-content\/uploads\/2026\/03\/Space-Flowers-amnesia-1g-con-cogollo.webp","contentUrl":"https:\/\/thelyflabs.com\/wp-content\/uploads\/2026\/03\/Space-Flowers-amnesia-1g-con-cogollo.webp","width":1000,"height":1000,"caption":"flor cbd e8h amnesia 1g"},{"@type":"BreadcrumbList","@id":"https:\/\/thelyflabs.com\/product\/flor-e8h-amnesia-space-flowers#breadcrumb","itemListElement":[{"@type":"ListItem","position":1,"name":"Portada","item":"https:\/\/thelyflabs.com\/"},{"@type":"ListItem","position":2,"name":"Tienda","item":"https:\/\/thelyflabs.com\/tienda"},{"@type":"ListItem","position":3,"name":"Flor E8H Amnesia Space Flowers"}]},{"@type":"WebSite","@id":"https:\/\/thelyflabs.com\/#website","url":"https:\/\/thelyflabs.com\/","name":"Les laboratoires LYF","description":"Vente en gros de CBD","publisher":{"@id":"https:\/\/thelyflabs.com\/#organization"},"potentialAction":[{"@type":"SearchAction","target":{"@type":"EntryPoint","urlTemplate":"https:\/\/thelyflabs.com\/?s={search_term_string}"},"query-input":{"@type":"PropertyValueSpecification","valueRequired":true,"valueName":"search_term_string"}}],"inLanguage":"fr-FR"},{"@type":"Organization","@id":"https:\/\/thelyflabs.com\/#organization","name":"Les laboratoires LYF","url":"https:\/\/thelyflabs.com\/","logo":{"@type":"ImageObject","inLanguage":"fr-FR","@id":"https:\/\/thelyflabs.com\/#\/schema\/logo\/image\/","url":"https:\/\/thelyflabs.com\/wp-content\/uploads\/2023\/01\/cropped-LogoTheLYFLabs.png","contentUrl":"https:\/\/thelyflabs.com\/wp-content\/uploads\/2023\/01\/cropped-LogoTheLYFLabs.png","width":600,"height":180,"caption":"The LYF Labs"},"image":{"@id":"https:\/\/thelyflabs.com\/#\/schema\/logo\/image\/"}}]}},"_links":{"self":[{"href":"https:\/\/thelyflabs.com\/fr\/wp-json\/wp\/v2\/product\/16959","targetHints":{"allow":["GET"]}}],"collection":[{"href":"https:\/\/thelyflabs.com\/fr\/wp-json\/wp\/v2\/product"}],"about":[{"href":"https:\/\/thelyflabs.com\/fr\/wp-json\/wp\/v2\/types\/product"}],"replies":[{"embeddable":true,"href":"https:\/\/thelyflabs.com\/fr\/wp-json\/wp\/v2\/comments?post=16959"}],"wp:featuredmedia":[{"embeddable":true,"href":"https:\/\/thelyflabs.com\/fr\/wp-json\/wp\/v2\/media\/17016"}],"wp:attachment":[{"href":"https:\/\/thelyflabs.com\/fr\/wp-json\/wp\/v2\/media?parent=16959"}],"wp:term":[{"taxonomy":"product_brand","embeddable":true,"href":"https:\/\/thelyflabs.com\/fr\/wp-json\/wp\/v2\/product_brand?post=16959"},{"taxonomy":"product_cat","embeddable":true,"href":"https:\/\/thelyflabs.com\/fr\/wp-json\/wp\/v2\/product_cat?post=16959"},{"taxonomy":"product_tag","embeddable":true,"href":"https:\/\/thelyflabs.com\/fr\/wp-json\/wp\/v2\/product_tag?post=16959"}],"curies":[{"name":"wp","href":"https:\/\/api.w.org\/{rel}","templated":true}]}}