{"id":17263,"date":"2026-03-13T15:22:04","date_gmt":"2026-03-13T14:22:04","guid":{"rendered":"https:\/\/thelyflabs.com\/?post_type=product&#038;p=17263"},"modified":"2026-04-01T10:20:49","modified_gmt":"2026-04-01T08:20:49","slug":"flor-10-oh-gelato-space-flowers","status":"publish","type":"product","link":"https:\/\/thelyflabs.com\/fr\/product\/flor-10-oh-gelato-space-flowers","title":{"rendered":"Fleurs spatiales Gelato 10-OH"},"content":{"rendered":"<h1 data-start=\"1609\" data-end=\"1642\"><span style=\"font-weight: 400\">Flor 10-OH Gelato <\/span><span style=\"font-weight: 400\">Fleurs spatiales<\/span><\/h1>\n<p data-start=\"549\" data-end=\"976\"><span style=\"font-weight: 400\">Si est\u00e1s buscando comprar flores 10-OH online de la m\u00e1s alta calidad, la <strong>Fleurs spatiales Gelato 10-OH <\/strong>es la opci\u00f3n perfecta para quienes valoran cogollos con gran presencia, aroma intenso y est\u00e9tica premium. Esta variedad,<strong> enriquecida con la mol\u00e9cula de 10-OH<\/strong> destaca dentro del mercado de cogollos 10-OH y va un paso m\u00e1s all\u00e1 en funcionalidad gracias a su estructura compacta.<\/span><\/p>\n<p data-start=\"549\" data-end=\"976\"><span style=\"font-weight: 400\">Merci \u00e0 vous <strong>agriculture biologique sans pesticides<\/strong>, curada de forma natural y con una est\u00e9tica resinosamente compacta, la flor 10-OH Gelato es perfecta para quienes desean una flor potente, limpia y con un efecto equilibrado, similar a los cogollos cl\u00e1sicos del cannabis pero sin efectos psicoactivos del THC.\u00a0 Por eso, muchas personas optan por<strong> comprar flores 10-OH<\/strong> porque esta flor es una alternativa legal a los cogollos de marihuana.<\/span><\/p>\n<p data-start=\"549\" data-end=\"976\"><span style=\"font-weight: 400\"> Dans <strong>Fum\u00e9e d&#039;iguane<\/strong>Nous s\u00e9lectionnons soigneusement chaque lot pour vous offrir un <strong>Gelato 10-OH <\/strong><\/span><span style=\"font-weight: 400\"><b>impresionante<\/b>, pensada para aut\u00e9nticos amantes de las flores.<\/span><\/p>\n<p>&nbsp;<\/p>\n<h2 data-section-id=\"gmpuro\" data-start=\"837\" data-end=\"870\">\u00bfC\u00f3mo es la Flor 10-OH Gelato?<\/h2>\n<p><span style=\"font-weight: 400\">Esta Flor CBD se ha convertido en una opci\u00f3n muy buscada para quienes quieren <strong>Achetez des fleurs de CBD de haute qualit\u00e9 en ligne<\/strong>Et ce n&#039;est pas un hasard, puisque cette vari\u00e9t\u00e9 se distingue par son <strong>puissant ar\u00f4me sucr\u00e9 <\/strong>et son <strong>profil terp\u00e9nique<\/strong> Caract\u00e9ristique de Flor Gelato. <\/span><\/p>\n<ul>\n<li><span style=\"font-weight: 400\"><strong>Type et pourcentage de CBD\u00a0:<\/strong> Esta flor es dominante Sativa y contiene 15% CBD y est\u00e1 enriquecida con 10-OH.<\/span><\/li>\n<li><span style=\"font-weight: 400\"><strong>Apparence<\/strong>bourgeons <\/span><span style=\"font-weight: 400\">densos color verde intenso y\u00a0pistilos anaranjados<strong style=\"font-weight: 400\">;\u00a0<\/strong>con una capa resinosa que recuerda a la flor de cannabis.<\/span><\/li>\n<li><span style=\"font-weight: 400\"><strong>Parfum<\/strong>: un m\u00e9lange onctueux aux notes d&#039;agrumes et aux touches terreuses ; parfait pour les amateurs d&#039;ar\u00f4mes intenses.\u00a0<\/span><\/li>\n<li><span style=\"font-weight: 400\"><strong>Origine<\/strong>: provient d&#039;un <strong>g\u00e9n\u00e9tique<\/strong> <strong>choisi<\/strong> pour maximiser le CBD et pr\u00e9server <strong>l&#039;\u00e2me du Gelato original<\/strong>Une fleur de CBD l\u00e9gale, cultiv\u00e9e de mani\u00e8re durable et avec une tra\u00e7abilit\u00e9 garantie. <\/span><\/li>\n<\/ul>\n<p><span style=\"font-weight: 400\">Le <strong>flores 10-OH son cada vez m\u00e1s populares<\/strong> ya que visualmente recuerdan a los <strong>cogollos de la marihuana tradicional<\/strong>. Adem\u00e1s, en pa\u00edses donde el cannabis es legal, algunos usuarios <strong>reportan sensaciones que pueden recordar<\/strong> a las asociadas al THC o la marihuana.\u00a0<\/span><\/p>\n<p>&nbsp;<\/p>\n<h2><strong>Gu\u00eda r\u00e1pida para elegir bien cogollos 10-OH<\/strong><\/h2>\n<ul>\n<li><span style=\"font-weight: 400\">V\u00e9rifiez la teneur en CBD et en THC <\/span><\/li>\n<li><span style=\"font-weight: 400\">Choisissez des marques fiables et transparentes<\/span><\/li>\n<li>Revisa la apariencia de los cogollos<\/li>\n<li><span style=\"font-weight: 400\">V\u00e9rifier les certifications et les contr\u00f4les de qualit\u00e9 <\/span><\/li>\n<li><span style=\"font-weight: 400\">Lisez les avis de vrais clients <\/span><\/li>\n<\/ul>\n<p><span style=\"font-weight: 400\">Dans <strong>Fum\u00e9e d&#039;iguane<\/strong>Notre communaut\u00e9 est la meilleure garantie de confiance. Ne manquez pas notre <strong>Fleurs spatiales Gelato 10-OH<\/strong><strong>\u00a0<\/strong>plus authentique.<\/span><\/p>\n<p>&nbsp;<\/p>\n<p>&nbsp;<\/p>\n<h2 data-start=\"1548\" data-end=\"1601\">Pourquoi acheter <span style=\"font-weight: 400\"><strong>Flor 10-OH Gelato <\/strong><\/span>dans Iguana Smoke ?<\/h2>\n<p data-start=\"2504\" data-end=\"2696\"><span style=\"font-weight: 400\">Si te preguntas d\u00f3nde comprar flores 10-OH online, en Iguana Smoke te damos varias razones para hacerlo con nosotros: <\/span><\/p>\n<ol>\n<li style=\"list-style-type: none\">\n<ol>\n<li data-start=\"2504\" data-end=\"2696\"><span style=\"font-weight: 400\">\u2705 <strong>Fleurs de CBD abordables et de qualit\u00e9 sup\u00e9rieure\u00a0:<\/strong> Qualit\u00e9 sup\u00e9rieure \u00e0 prix justes.<\/span><\/li>\n<li data-start=\"2504\" data-end=\"2696\"><span style=\"font-weight: 400\">\u2705 <strong>Agriculture biologique :<\/strong> Sans pesticides, sans produits chimiques, sans OGM<\/span><\/li>\n<li data-start=\"2504\" data-end=\"2696\"><span style=\"font-weight: 400\">\u2705 <strong>Selecci\u00f3n de variedades populares<\/strong>\u00a0como Gelato, Amnesia y Gorilla Glue<\/span><\/li>\n<li data-start=\"2504\" data-end=\"2696\"><span style=\"font-weight: 400\">\u2705 <strong>Teneur en THC &lt;0,3%\u00a0:<\/strong> 100% l\u00e9gal en Espagne et en Europe<\/span><\/li>\n<li data-start=\"2504\" data-end=\"2696\"><span style=\"font-weight: 400\">\u2705 <strong>Livraison rapide et discr\u00e8te\u00a0:<\/strong> Vous le recevrez chez vous dans 24\/48 heures.<\/span><\/li>\n<li data-start=\"2504\" data-end=\"2696\"><span style=\"font-weight: 400\"> \u2705 <strong>Plateforme de paiement s\u00e9curis\u00e9e<\/strong><\/span><\/li>\n<li data-start=\"2504\" data-end=\"2696\"><span style=\"font-weight: 400\">\u2705 <strong>experts en produits CBD<\/strong>: <strong><a href=\"https:\/\/iguanasmoke.com\/categoria\/hash-cbd\/\">R\u00e9sines<\/a><\/strong>, <a href=\"https:\/\/iguanasmoke.com\/categoria\/aceite-de-cbd\/\"><strong>Huiles<\/strong><\/a>, <a href=\"https:\/\/iguanasmoke.com\/categoria\/pop-corn-cbd-cogollos-pequenos-cbd-mini-buds-cbd\/\"><strong>Popcorn<\/strong><\/a>, <a href=\"https:\/\/iguanasmoke.com\/categoria\/extractos-cbd\/\"><strong>Extraits<\/strong><\/a>, <a href=\"https:\/\/iguanasmoke.com\/categoria\/vaper-cbd\/\"><strong>Vapoteurs<\/strong> <\/a>et bien plus encore<\/span><\/li>\n<\/ol>\n<\/li>\n<\/ol>\n<p><span style=\"font-weight: 400\">De plus, toutes nos fleurs de CBD sont<strong> approuv\u00e9 par l&#039;UE<\/strong>garantissant ainsi sa l\u00e9galit\u00e9 et sa s\u00e9curit\u00e9. Nous avons<a href=\"https:\/\/iguanasmoke.com\/analiticas\/\"><strong> rapports de laboratoire ind\u00e9pendants<\/strong><\/a> pour v\u00e9rifier sa qualit\u00e9 et sa tra\u00e7abilit\u00e9. <\/span><\/p>\n<p><span style=\"font-weight: 400\">Avez-vous essay\u00e9 notre <strong style=\"font-weight: 400\"><a href=\"https:\/\/iguanasmoke.com\/producto\/flor-10-oh-gorilla-glue-space-flowers\/\">Flor 10-OH Gorilla Glue<\/a><\/strong>, notre <a style=\"font-weight: 400\" href=\"https:\/\/iguanasmoke.com\/categoria\/nuevas-moleculas\/\"><strong>Vapers 10-OH <\/strong><\/a>ou notre <a style=\"font-weight: 400\" href=\"https:\/\/iguanasmoke.com\/producto\/space-hash-dry-sift-10-oh\/\"><strong>Hash spatial tamis\u00e9 \u00e0 sec 10-OH<\/strong><\/a>Ne manquez pas le <strong><a href=\"https:\/\/iguanasmoke.com\/categoria\/cbd\/ready-to-roll\/\">Picaduras de Flores CBD m\u00e1s premium<\/a><\/strong> ou le <a style=\"font-weight: 400\" href=\"https:\/\/iguanasmoke.com\/categoria\/pop-corn-cbd-cogollos-pequenos-cbd-mini-buds-cbd\/\"><strong>Petites fleurs de CBD \u2013 Popcorn<\/strong><\/a> le plus c\u00e9l\u00e8bre du march\u00e9.<\/span><\/p>\n<p>&nbsp;<\/p>\n<h3><b>Iguana Smoke es tu tienda de cannabinoides legales online\u00a0<\/b><\/h3>\n<p><span style=\"font-weight: 400\">Dans<strong> Fum\u00e9e d&#039;iguane<\/strong>, creemos que disfrutar del CBD debe ser una experiencia segura. Por eso tenemos productos como esta <strong>Flor 10-OH Gelato <\/strong><strong>Fleurs spatiales<\/strong>, que conecta con las nuevas generaciones: personas que buscan bienestar sin complicaciones, con marcas aut\u00e9nticas y fiables. <\/span><\/p>\n<p><span style=\"font-weight: 400\">Ya sabes, nuestra misi\u00f3n es clara:<strong> llevarte lo mejor del mundo del CBD a un precio justo<\/strong>. Adem\u00e1s, te damos la tranquilidad de saber que est\u00e1s eligiendo un <strong>producto certificado, efectivo y 100% legal<\/strong>. Da el paso; Compra tu Flor CBD hoy y eleva tu experiencia a otro nivel.\u00a0<\/span><\/p>\n<p>Vous avez encore des questions\u00a0? \u00c9crivez-nous et nous serons ravis de vous aider \u00e0 trouver le produit id\u00e9al.<\/p>\n<p>&nbsp;<\/p>\n<p>&nbsp;<\/p>\n<h6>\u2139\ufe0f<strong> Informations l\u00e9gales<\/strong><\/h6>\n<p><em><span style=\"font-weight: 400\">*Producto destinado a coleccionismo o aromaterapia, conforme a la legislaci\u00f3n espa\u00f1ola vigente. <\/span><\/em><\/p>\n<p><em><span style=\"font-weight: 400\">**Derivados del c\u00e1\u00f1amo industrial certificado. Contiene menos del 0,3 THC y no incluye cannabinoides ilegales como HHC, HHC-P, THCP, THCP-O, H4CBD ni sustancias recogidas en el Anexo I del Real Decreto 2829\/1977, as\u00ed como tampoco contiene sustancias fiscalizadas por convenios internacionales.\u00a0\u00a0<\/span><\/em><\/p>","protected":false},"excerpt":{"rendered":"<p><span style=\"font-weight: 400\">Esta Flor 10-OH destaca por sus tonos c\u00edtricos y frescos, creando una experiencia olfativa memorable:<\/span><\/p>\n<ul>\n<li>Flor CBD premium enriquecida con 10-OH<\/li>\n<li>THC : &lt;0,3%<\/li>\n<li>Ar\u00f4me p\u00e9n\u00e9trant et doux-amer<\/li>\n<li>100% l\u00e9gal Espagne et Europe<\/li>\n<\/ul>\n<p><span style=\"font-weight: 400\">Consultation<strong> <a href=\"https:\/\/iguanasmoke.com\/analiticas\/\">Analyses de laboratoire.<\/a><\/strong><\/span><\/p>","protected":false},"featured_media":17274,"comment_status":"open","ping_status":"closed","template":"","meta":{"_acf_changed":false,"site-sidebar-layout":"default","site-content-layout":"","ast-site-content-layout":"default","site-content-style":"default","site-sidebar-style":"default","ast-global-header-display":"","ast-banner-title-visibility":"","ast-main-header-display":"","ast-hfb-above-header-display":"","ast-hfb-below-header-display":"","ast-hfb-mobile-header-display":"","site-post-title":"","ast-breadcrumbs-content":"","ast-featured-img":"","footer-sml-layout":"","theme-transparent-header-meta":"default","adv-header-id-meta":"","stick-header-meta":"","header-above-stick-meta":"","header-main-stick-meta":"","header-below-stick-meta":"","astra-migrate-meta-layouts":"set","ast-page-background-enabled":"default","ast-page-background-meta":{"desktop":{"background-color":"var(--ast-global-color-4)","background-image":"","background-repeat":"repeat","background-position":"center center","background-size":"auto","background-attachment":"scroll","background-type":"","background-media":"","overlay-type":"","overlay-color":"","overlay-opacity":"","overlay-gradient":""},"tablet":{"background-color":"","background-image":"","background-repeat":"repeat","background-position":"center center","background-size":"auto","background-attachment":"scroll","background-type":"","background-media":"","overlay-type":"","overlay-color":"","overlay-opacity":"","overlay-gradient":""},"mobile":{"background-color":"","background-image":"","background-repeat":"repeat","background-position":"center center","background-size":"auto","background-attachment":"scroll","background-type":"","background-media":"","overlay-type":"","overlay-color":"","overlay-opacity":"","overlay-gradient":""}},"ast-content-background-meta":{"desktop":{"background-color":"var(--ast-global-color-5)","background-image":"","background-repeat":"repeat","background-position":"center center","background-size":"auto","background-attachment":"scroll","background-type":"","background-media":"","overlay-type":"","overlay-color":"","overlay-opacity":"","overlay-gradient":""},"tablet":{"background-color":"var(--ast-global-color-5)","background-image":"","background-repeat":"repeat","background-position":"center center","background-size":"auto","background-attachment":"scroll","background-type":"","background-media":"","overlay-type":"","overlay-color":"","overlay-opacity":"","overlay-gradient":""},"mobile":{"background-color":"var(--ast-global-color-5)","background-image":"","background-repeat":"repeat","background-position":"center center","background-size":"auto","background-attachment":"scroll","background-type":"","background-media":"","overlay-type":"","overlay-color":"","overlay-opacity":"","overlay-gradient":""}}},"product_brand":[],"product_cat":[140,151,146],"product_tag":[],"class_list":{"0":"post-17263","1":"product","2":"type-product","3":"status-publish","4":"has-post-thumbnail","6":"product_cat-10oh","7":"product_cat-flores-de-10-oh","8":"product_cat-nuevas-moleculas","9":"desktop-align-center","10":"tablet-align-left","11":"mobile-align-left","13":"first","14":"instock","15":"taxable","16":"shipping-taxable","17":"purchasable","18":"product-type-variable"},"acf":[],"yoast_head":"<!-- This site is optimized with the Yoast SEO plugin v27.3 - https:\/\/yoast.com\/product\/yoast-seo-wordpress\/ -->\n<title>Flor 10-OH Gelato Space Flowers - THE LYF LABS<\/title>\n<meta name=\"description\" content=\"Si buscas flores 10-OH con caracter\u00edsticas premium, la Flor 10-OH Gelato es para ti. Siente la diferencia y adquiere la tuya!\" \/>\n<meta name=\"robots\" content=\"index, follow, max-snippet:-1, max-image-preview:large, max-video-preview:-1\" \/>\n<link rel=\"canonical\" href=\"https:\/\/thelyflabs.com\/fr\/product\/flor-10-oh-gelato-space-flowers\/\" \/>\n<meta property=\"og:locale\" content=\"fr_FR\" \/>\n<meta property=\"og:type\" content=\"article\" \/>\n<meta property=\"og:title\" content=\"Flor 10-OH Gelato Space Flowers - THE LYF LABS\" \/>\n<meta property=\"og:description\" content=\"Si buscas flores 10-OH con caracter\u00edsticas premium, la Flor 10-OH Gelato es para ti. Siente la diferencia y adquiere la tuya!\" \/>\n<meta property=\"og:url\" content=\"https:\/\/thelyflabs.com\/fr\/product\/flor-10-oh-gelato-space-flowers\/\" \/>\n<meta property=\"og:site_name\" content=\"THE LYF LABS\" \/>\n<meta property=\"article:modified_time\" content=\"2026-04-01T08:20:49+00:00\" \/>\n<meta property=\"og:image\" content=\"https:\/\/thelyflabs.com\/wp-content\/uploads\/2026\/03\/Space-Flowers-Gelato-5g-10-OH-con-cogollo.webp\" \/>\n\t<meta property=\"og:image:width\" content=\"1000\" \/>\n\t<meta property=\"og:image:height\" content=\"1000\" \/>\n\t<meta property=\"og:image:type\" content=\"image\/webp\" \/>\n<meta name=\"twitter:card\" content=\"summary_large_image\" \/>\n<meta name=\"twitter:label1\" content=\"Dur\u00e9e de lecture estim\u00e9e\" \/>\n\t<meta name=\"twitter:data1\" content=\"4 minutes\" \/>\n<script type=\"application\/ld+json\" class=\"yoast-schema-graph\">{\"@context\":\"https:\\\/\\\/schema.org\",\"@graph\":[{\"@type\":\"WebPage\",\"@id\":\"https:\\\/\\\/thelyflabs.com\\\/product\\\/flor-10-oh-gelato-space-flowers\",\"url\":\"https:\\\/\\\/thelyflabs.com\\\/product\\\/flor-10-oh-gelato-space-flowers\",\"name\":\"Flor 10-OH Gelato Space Flowers - THE LYF LABS\",\"isPartOf\":{\"@id\":\"https:\\\/\\\/thelyflabs.com\\\/#website\"},\"primaryImageOfPage\":{\"@id\":\"https:\\\/\\\/thelyflabs.com\\\/product\\\/flor-10-oh-gelato-space-flowers#primaryimage\"},\"image\":{\"@id\":\"https:\\\/\\\/thelyflabs.com\\\/product\\\/flor-10-oh-gelato-space-flowers#primaryimage\"},\"thumbnailUrl\":\"https:\\\/\\\/thelyflabs.com\\\/wp-content\\\/uploads\\\/2026\\\/03\\\/Space-Flowers-Gelato-5g-10-OH-con-cogollo.webp\",\"datePublished\":\"2026-03-13T14:22:04+00:00\",\"dateModified\":\"2026-04-01T08:20:49+00:00\",\"description\":\"Si buscas flores 10-OH con caracter\u00edsticas premium, la Flor 10-OH Gelato es para ti. Siente la diferencia y adquiere la tuya!\",\"breadcrumb\":{\"@id\":\"https:\\\/\\\/thelyflabs.com\\\/product\\\/flor-10-oh-gelato-space-flowers#breadcrumb\"},\"inLanguage\":\"fr-FR\",\"potentialAction\":[{\"@type\":\"ReadAction\",\"target\":[\"https:\\\/\\\/thelyflabs.com\\\/product\\\/flor-10-oh-gelato-space-flowers\"]}]},{\"@type\":\"ImageObject\",\"inLanguage\":\"fr-FR\",\"@id\":\"https:\\\/\\\/thelyflabs.com\\\/product\\\/flor-10-oh-gelato-space-flowers#primaryimage\",\"url\":\"https:\\\/\\\/thelyflabs.com\\\/wp-content\\\/uploads\\\/2026\\\/03\\\/Space-Flowers-Gelato-5g-10-OH-con-cogollo.webp\",\"contentUrl\":\"https:\\\/\\\/thelyflabs.com\\\/wp-content\\\/uploads\\\/2026\\\/03\\\/Space-Flowers-Gelato-5g-10-OH-con-cogollo.webp\",\"width\":1000,\"height\":1000},{\"@type\":\"BreadcrumbList\",\"@id\":\"https:\\\/\\\/thelyflabs.com\\\/product\\\/flor-10-oh-gelato-space-flowers#breadcrumb\",\"itemListElement\":[{\"@type\":\"ListItem\",\"position\":1,\"name\":\"Portada\",\"item\":\"https:\\\/\\\/thelyflabs.com\\\/\"},{\"@type\":\"ListItem\",\"position\":2,\"name\":\"Tienda\",\"item\":\"https:\\\/\\\/thelyflabs.com\\\/tienda\"},{\"@type\":\"ListItem\",\"position\":3,\"name\":\"Flor 10-OH Gelato Space Flowers\"}]},{\"@type\":\"WebSite\",\"@id\":\"https:\\\/\\\/thelyflabs.com\\\/#website\",\"url\":\"https:\\\/\\\/thelyflabs.com\\\/\",\"name\":\"The LYF Labs\",\"description\":\"CBD al por mayor\",\"publisher\":{\"@id\":\"https:\\\/\\\/thelyflabs.com\\\/#organization\"},\"potentialAction\":[{\"@type\":\"SearchAction\",\"target\":{\"@type\":\"EntryPoint\",\"urlTemplate\":\"https:\\\/\\\/thelyflabs.com\\\/?s={search_term_string}\"},\"query-input\":{\"@type\":\"PropertyValueSpecification\",\"valueRequired\":true,\"valueName\":\"search_term_string\"}}],\"inLanguage\":\"fr-FR\"},{\"@type\":\"Organization\",\"@id\":\"https:\\\/\\\/thelyflabs.com\\\/#organization\",\"name\":\"The LYF Labs\",\"url\":\"https:\\\/\\\/thelyflabs.com\\\/\",\"logo\":{\"@type\":\"ImageObject\",\"inLanguage\":\"fr-FR\",\"@id\":\"https:\\\/\\\/thelyflabs.com\\\/#\\\/schema\\\/logo\\\/image\\\/\",\"url\":\"https:\\\/\\\/thelyflabs.com\\\/wp-content\\\/uploads\\\/2023\\\/01\\\/cropped-LogoTheLYFLabs.png\",\"contentUrl\":\"https:\\\/\\\/thelyflabs.com\\\/wp-content\\\/uploads\\\/2023\\\/01\\\/cropped-LogoTheLYFLabs.png\",\"width\":600,\"height\":180,\"caption\":\"The LYF Labs\"},\"image\":{\"@id\":\"https:\\\/\\\/thelyflabs.com\\\/#\\\/schema\\\/logo\\\/image\\\/\"}}]}<\/script>\n<!-- \/ Yoast SEO plugin. -->","yoast_head_json":{"title":"Flor 10-OH Gelato Space Flowers - THE LYF LABS","description":"Si buscas flores 10-OH con caracter\u00edsticas premium, la Flor 10-OH Gelato es para ti. Siente la diferencia y adquiere la tuya!","robots":{"index":"index","follow":"follow","max-snippet":"max-snippet:-1","max-image-preview":"max-image-preview:large","max-video-preview":"max-video-preview:-1"},"canonical":"https:\/\/thelyflabs.com\/fr\/product\/flor-10-oh-gelato-space-flowers\/","og_locale":"fr_FR","og_type":"article","og_title":"Flor 10-OH Gelato Space Flowers - THE LYF LABS","og_description":"Si buscas flores 10-OH con caracter\u00edsticas premium, la Flor 10-OH Gelato es para ti. Siente la diferencia y adquiere la tuya!","og_url":"https:\/\/thelyflabs.com\/fr\/product\/flor-10-oh-gelato-space-flowers\/","og_site_name":"THE LYF LABS","article_modified_time":"2026-04-01T08:20:49+00:00","og_image":[{"width":1000,"height":1000,"url":"https:\/\/thelyflabs.com\/wp-content\/uploads\/2026\/03\/Space-Flowers-Gelato-5g-10-OH-con-cogollo.webp","type":"image\/webp"}],"twitter_card":"summary_large_image","twitter_misc":{"Dur\u00e9e de lecture estim\u00e9e":"4 minutes"},"schema":{"@context":"https:\/\/schema.org","@graph":[{"@type":"WebPage","@id":"https:\/\/thelyflabs.com\/product\/flor-10-oh-gelato-space-flowers","url":"https:\/\/thelyflabs.com\/product\/flor-10-oh-gelato-space-flowers","name":"Flor 10-OH Gelato Space Flowers - THE LYF LABS","isPartOf":{"@id":"https:\/\/thelyflabs.com\/#website"},"primaryImageOfPage":{"@id":"https:\/\/thelyflabs.com\/product\/flor-10-oh-gelato-space-flowers#primaryimage"},"image":{"@id":"https:\/\/thelyflabs.com\/product\/flor-10-oh-gelato-space-flowers#primaryimage"},"thumbnailUrl":"https:\/\/thelyflabs.com\/wp-content\/uploads\/2026\/03\/Space-Flowers-Gelato-5g-10-OH-con-cogollo.webp","datePublished":"2026-03-13T14:22:04+00:00","dateModified":"2026-04-01T08:20:49+00:00","description":"Si buscas flores 10-OH con caracter\u00edsticas premium, la Flor 10-OH Gelato es para ti. Siente la diferencia y adquiere la tuya!","breadcrumb":{"@id":"https:\/\/thelyflabs.com\/product\/flor-10-oh-gelato-space-flowers#breadcrumb"},"inLanguage":"fr-FR","potentialAction":[{"@type":"ReadAction","target":["https:\/\/thelyflabs.com\/product\/flor-10-oh-gelato-space-flowers"]}]},{"@type":"ImageObject","inLanguage":"fr-FR","@id":"https:\/\/thelyflabs.com\/product\/flor-10-oh-gelato-space-flowers#primaryimage","url":"https:\/\/thelyflabs.com\/wp-content\/uploads\/2026\/03\/Space-Flowers-Gelato-5g-10-OH-con-cogollo.webp","contentUrl":"https:\/\/thelyflabs.com\/wp-content\/uploads\/2026\/03\/Space-Flowers-Gelato-5g-10-OH-con-cogollo.webp","width":1000,"height":1000},{"@type":"BreadcrumbList","@id":"https:\/\/thelyflabs.com\/product\/flor-10-oh-gelato-space-flowers#breadcrumb","itemListElement":[{"@type":"ListItem","position":1,"name":"Portada","item":"https:\/\/thelyflabs.com\/"},{"@type":"ListItem","position":2,"name":"Tienda","item":"https:\/\/thelyflabs.com\/tienda"},{"@type":"ListItem","position":3,"name":"Flor 10-OH Gelato Space Flowers"}]},{"@type":"WebSite","@id":"https:\/\/thelyflabs.com\/#website","url":"https:\/\/thelyflabs.com\/","name":"Les laboratoires LYF","description":"Vente en gros de CBD","publisher":{"@id":"https:\/\/thelyflabs.com\/#organization"},"potentialAction":[{"@type":"SearchAction","target":{"@type":"EntryPoint","urlTemplate":"https:\/\/thelyflabs.com\/?s={search_term_string}"},"query-input":{"@type":"PropertyValueSpecification","valueRequired":true,"valueName":"search_term_string"}}],"inLanguage":"fr-FR"},{"@type":"Organization","@id":"https:\/\/thelyflabs.com\/#organization","name":"Les laboratoires LYF","url":"https:\/\/thelyflabs.com\/","logo":{"@type":"ImageObject","inLanguage":"fr-FR","@id":"https:\/\/thelyflabs.com\/#\/schema\/logo\/image\/","url":"https:\/\/thelyflabs.com\/wp-content\/uploads\/2023\/01\/cropped-LogoTheLYFLabs.png","contentUrl":"https:\/\/thelyflabs.com\/wp-content\/uploads\/2023\/01\/cropped-LogoTheLYFLabs.png","width":600,"height":180,"caption":"The LYF Labs"},"image":{"@id":"https:\/\/thelyflabs.com\/#\/schema\/logo\/image\/"}}]}},"_links":{"self":[{"href":"https:\/\/thelyflabs.com\/fr\/wp-json\/wp\/v2\/product\/17263","targetHints":{"allow":["GET"]}}],"collection":[{"href":"https:\/\/thelyflabs.com\/fr\/wp-json\/wp\/v2\/product"}],"about":[{"href":"https:\/\/thelyflabs.com\/fr\/wp-json\/wp\/v2\/types\/product"}],"replies":[{"embeddable":true,"href":"https:\/\/thelyflabs.com\/fr\/wp-json\/wp\/v2\/comments?post=17263"}],"wp:featuredmedia":[{"embeddable":true,"href":"https:\/\/thelyflabs.com\/fr\/wp-json\/wp\/v2\/media\/17274"}],"wp:attachment":[{"href":"https:\/\/thelyflabs.com\/fr\/wp-json\/wp\/v2\/media?parent=17263"}],"wp:term":[{"taxonomy":"product_brand","embeddable":true,"href":"https:\/\/thelyflabs.com\/fr\/wp-json\/wp\/v2\/product_brand?post=17263"},{"taxonomy":"product_cat","embeddable":true,"href":"https:\/\/thelyflabs.com\/fr\/wp-json\/wp\/v2\/product_cat?post=17263"},{"taxonomy":"product_tag","embeddable":true,"href":"https:\/\/thelyflabs.com\/fr\/wp-json\/wp\/v2\/product_tag?post=17263"}],"curies":[{"name":"wp","href":"https:\/\/api.w.org\/{rel}","templated":true}]}}