{"id":17608,"date":"2026-03-24T11:59:09","date_gmt":"2026-03-24T10:59:09","guid":{"rendered":"https:\/\/thelyflabs.com\/?post_type=product&#038;p=17608"},"modified":"2026-04-24T12:51:53","modified_gmt":"2026-04-24T10:51:53","slug":"pre-roll-e8h-king-size-15g","status":"publish","type":"product","link":"https:\/\/thelyflabs.com\/fr\/product\/pre-roll-e8h-king-size-15g","title":{"rendered":"Space Pre Roll E8H &#8211; Cono King Size"},"content":{"rendered":"<h1><span style=\"font-weight: 400\">Space Pre Roll E8H &#8211; Cono King Size<\/span><\/h1>\n<p data-start=\"277\" data-end=\"346\"><span style=\"font-weight: 400\">Descubre ahora el nuevo <strong>Space<\/strong> <strong>Pre Roll E8H: <\/strong>Es potente y con la calidad perfecta de una flor premium. El <strong>Cono King Size de E8H mayorista <\/strong>de <strong>Fum\u00e9e d&#039;iguane<\/strong> es la versi\u00f3n enriquecida con la mol\u00e9cula E8H que acaba de llegar. Perfectamente liado, molido y filtrado para disfrutar sin complicaciones: abrir, encender y relajarse. <\/span><\/p>\n<p data-start=\"277\" data-end=\"346\"><span style=\"font-weight: 400\">Este cono preliado contiene <strong>1,5g de flor de CBD<\/strong>\u00a0cultivada de forma ecol\u00f3gica y <strong>sin restos, trim ni mezclas<\/strong>. Solo <strong>flor premium lista<\/strong> para ofrecerte una <strong>experiencia suave, natural y muy chill<\/strong>.<\/span><\/p>\n<p data-start=\"277\" data-end=\"346\">En pocas palabras: Un \u00abporro E8H\u00bb limpio, estable y con personalidad propia, para quienes quieren algo m\u00e1s intenso que el CBD convencional. <span style=\"font-weight: 400\">Descubre m\u00e1s formatos para <a href=\"https:\/\/iguanasmoke.com\/categoria\/flores\/flores-cbd\/\"><strong>comprar flores CBD<\/strong><\/a>, donde descubrir\u00e1s nuestra amplia selecci\u00f3n de flores CBD premium.<\/span><\/p>\n<h2><\/h2>\n<h2><strong>Space Pre Rolls E8H de calidad\u00a0<\/strong><\/h2>\n<p><span style=\"font-weight: 400\">Notre <strong>Cono King Size E8H mayorista <\/strong>est\u00e1 liado con <strong>papel Raw org\u00e1nico<\/strong>, libre de qu\u00edmicos, aditivos o colorantes. En su interior encontrar\u00e1s flores seleccionadas con <strong>15% CBD<\/strong> y menos del <strong>0,3% THC<\/strong>. As\u00ed, son 100% legales en Espa\u00f1a y Europa.<\/span><\/p>\n<p><span style=\"font-weight: 400\">Este formato XL es ideal para quienes quieren <strong>comprar flores CBD<\/strong> ya preliadas sin renunciar al aroma, la potencia y la calidad de una buena flor. No es un Pre Roll cualquiera, es de <strong>calidad premium<\/strong>, pensado para quienes buscan comodidad sin perder intensidad.\u00a0<\/span><\/p>\n<p>&nbsp;<\/p>\n<h2><strong>Qu&#039;est-ce que E8H ?<\/strong><\/h2>\n<p><span style=\"font-weight: 400\">Esta mol\u00e9cula ha sido dise\u00f1ada para ofrecer una <strong>exp\u00e9rience<\/strong> <strong>unique<\/strong>, <strong>muy similar a la del HHC, <\/strong>como si fuera una versi\u00f3n del \u00abchill legal\u00bb.<\/span><\/p>\n<p><span style=\"font-weight: 400\">\u00a1Es \u00fanica, tienes que probarla para experimentarla! Su reciente desarrollo lo sit\u00faa en un marco regulatorio en evoluci\u00f3n, abriendo as\u00ed nuevas posibilidades en el mundo del vapeo de nuevos cannabinoides.<\/span><\/p>\n<p>&nbsp;<\/p>\n<h2 data-start=\"1495\" data-end=\"1540\">Caracter\u00edsticas del Cono King Size E8H <span style=\"font-weight: 400\"><strong>mayorista <\/strong><\/span>:<\/h2>\n<ul>\n<li><span style=\"font-weight: 400\"><strong>1,5g<\/strong>\u00a0de aut\u00e9ntica flor <strong>CBD<\/strong><\/span><\/li>\n<li>Mezcla arom\u00e1tica <strong>E8H<\/strong><\/li>\n<li><span style=\"font-weight: 400\"><strong>CBD<\/strong> al <strong>15%<\/strong> et <strong>THC &lt;0,3%<\/strong> -Producto legal sin efectos psicoactivos <\/span><\/li>\n<li><span style=\"font-weight: 400\"><strong>Papeles Raw<\/strong> org\u00e1nicos y sin qu\u00edmicos <\/span><\/li>\n<li><span style=\"font-weight: 400\"><strong>Dominante Sativa<\/strong>, con aroma dulce e intenso <\/span><\/li>\n<li><span style=\"font-weight: 400\"><strong>Agriculture biologique<\/strong>, sin pesticidas ni transg\u00e9nicos<\/span><\/li>\n<li><span style=\"font-weight: 400\">Listo para usar con una <strong>combusti\u00f3n estable<\/strong><\/span><\/li>\n<\/ul>\n<p>&nbsp;<\/p>\n<section class=\"product-description\">\n<h2><b>\u00bfD\u00f3nde comprar tus <\/b>Cono King Size E8H <b>mayorista<\/b><b>?<\/b><\/h2>\n<p><span style=\"font-weight: 400\">Si vous cherchez <strong>Pr\u00e9-rouleaux<\/strong><strong>, <\/strong>este es tu lugar seguro en Espa\u00f1a<strong>.<\/strong> Todos nuestros productos est\u00e1n aprobados por la UE, garantizando su legalidad y seguridad. Adem\u00e1s, si quieres puedes consultar <\/span><strong><a href=\"https:\/\/iguanasmoke.com\/analiticas\/\">Analyses de laboratoire.<\/a><\/strong><\/p>\n<p><span style=\"font-weight: 400\">No te olvides de explorar <\/span><span style=\"font-weight: 400\">nuestra variedad y encontrar ya tus favoritos.<\/span><\/p>\n<p><strong data-start=\"303\" data-end=\"345\">Env\u00edo r\u00e1pido y discreto en toda Espa\u00f1a<\/strong>, avec <strong data-start=\"351\" data-end=\"387\">atenci\u00f3n cercana y personalizada<\/strong> para resolver cualquier duda antes y despu\u00e9s de tu compra.<\/p>\n<p>&nbsp;<\/p>\n<h2>Qualit\u00e9 et s\u00e9curit\u00e9<\/h2>\n<p>Dans <strong>Les laboratoires Lyf<\/strong>, nous garantissons que chaque lot de <span style=\"font-weight: 400\"><strong>Cono King Size E8H mayorista<\/strong><\/span>\u00a0Ce produit fait l&#039;objet d&#039;analyses rigoureuses en laboratoire afin de confirmer sa puret\u00e9, l&#039;absence de pesticides et un taux de THC l\u00e9gal (inf\u00e9rieur \u00e0 0,31 g\/L). Notre engagement envers la qualit\u00e9 et la s\u00e9curit\u00e9 nous permet de proposer un produit fiable, adapt\u00e9 \u00e0 tous les consommateurs soucieux de l\u00e9galit\u00e9 et d&#039;excellence.<\/p>\n<\/section>\n<section class=\"product-description\">The Lyf Labs se compromete a ofrecer <strong>productos que combinan tradici\u00f3n, innovaci\u00f3n y m\u00e1xima calidad<\/strong>. Conf\u00eda en nosotros para llevar a tu colecci\u00f3n o cat\u00e1logo un producto que destaca por su autenticidad, sabor y fiabilidad.<\/section>\n<section><\/section>\n<section><\/section>\n<section><\/section>\n<section><\/section>\n<section><\/section>\n<section><\/section>\n<section><\/section>\n<section><\/section>\n<section><\/section>\n<p>&nbsp;<\/p>\n<h3 class=\"product-description\"><span style=\"font-size: 1.7em;font-weight: bold\">Lyf Labs, c&#039;est de la qualit\u00e9<\/span><\/h3>\n<p>The Lyf Labs representa la excelencia en el <strong>mercado mayorista de cannabinoides,<\/strong> ofreciendo productos innovadores, seguros y de alta pureza para <strong>tiendas especializadas y distribuidores<\/strong>. Nos enfocamos en satisfacer las necesidades de un sector profesional que busca calidad constante, trazabilidad y <strong>precios competitivos<\/strong>. Si buscas un proveedor confiable y con visi\u00f3n de futuro, en The Lyf Labs encontrar\u00e1s un aliado estrat\u00e9gico para crecer en el mercado del c\u00e1\u00f1amo.<\/p>\n<p>&nbsp;<\/p>\n<h6>\u2139\ufe0f<strong> Informations l\u00e9gales<\/strong><\/h6>\n<p><em><span style=\"font-weight: 400\">*Producto destinado a coleccionismo o aromaterapia, conforme a la legislaci\u00f3n espa\u00f1ola vigente. <\/span><\/em><\/p>\n<p><em><span style=\"font-weight: 400\">**Derivados del c\u00e1\u00f1amo industrial certificado. Contiene menos del 0,3 THC y no incluye cannabinoides ilegales como HHC, HHC-P, THCP, THCP-O, H4CBD ni sustancias recogidas en el Anexo I del Real Decreto 2829\/1977, as\u00ed como tampoco contiene sustancias fiscalizadas por convenios internacionales.<\/span><\/em><\/p>","protected":false},"excerpt":{"rendered":"<p>Su formato XL combina el potente E8H legal y flores de CBD premium, listo para usar:<\/p>\n<ul>\n<li>Nous n&#039;utilisons pas de garniture, uniquement des fleurs de premi\u00e8re qualit\u00e9<\/li>\n<li>Aderezado con la mol\u00e9cula E8H<\/li>\n<li style=\"text-align: justify\">Quantit\u00e9 approximative de fleurs : 1,5 grammes<\/li>\n<li style=\"text-align: justify\">CBD: 15% \/ THC: &lt;0,3%<\/li>\n<li style=\"text-align: justify\">100% l\u00e9gal en Europe<\/li>\n<\/ul>\n<p>An\u00e1lisis de calidad <a href=\"https:\/\/iguanasmoke.com\/analiticas\/\" target=\"_blank\" rel=\"noopener\">ici<\/a><\/p>","protected":false},"featured_media":17609,"comment_status":"open","ping_status":"closed","template":"","meta":{"_acf_changed":false,"site-sidebar-layout":"default","site-content-layout":"","ast-site-content-layout":"default","site-content-style":"default","site-sidebar-style":"default","ast-global-header-display":"","ast-banner-title-visibility":"","ast-main-header-display":"","ast-hfb-above-header-display":"","ast-hfb-below-header-display":"","ast-hfb-mobile-header-display":"","site-post-title":"","ast-breadcrumbs-content":"","ast-featured-img":"","footer-sml-layout":"","theme-transparent-header-meta":"default","adv-header-id-meta":"","stick-header-meta":"","header-above-stick-meta":"","header-main-stick-meta":"","header-below-stick-meta":"","astra-migrate-meta-layouts":"set","ast-page-background-enabled":"default","ast-page-background-meta":{"desktop":{"background-color":"var(--ast-global-color-4)","background-image":"","background-repeat":"repeat","background-position":"center center","background-size":"auto","background-attachment":"scroll","background-type":"","background-media":"","overlay-type":"","overlay-color":"","overlay-opacity":"","overlay-gradient":""},"tablet":{"background-color":"","background-image":"","background-repeat":"repeat","background-position":"center center","background-size":"auto","background-attachment":"scroll","background-type":"","background-media":"","overlay-type":"","overlay-color":"","overlay-opacity":"","overlay-gradient":""},"mobile":{"background-color":"","background-image":"","background-repeat":"repeat","background-position":"center center","background-size":"auto","background-attachment":"scroll","background-type":"","background-media":"","overlay-type":"","overlay-color":"","overlay-opacity":"","overlay-gradient":""}},"ast-content-background-meta":{"desktop":{"background-color":"var(--ast-global-color-5)","background-image":"","background-repeat":"repeat","background-position":"center center","background-size":"auto","background-attachment":"scroll","background-type":"","background-media":"","overlay-type":"","overlay-color":"","overlay-opacity":"","overlay-gradient":""},"tablet":{"background-color":"var(--ast-global-color-5)","background-image":"","background-repeat":"repeat","background-position":"center center","background-size":"auto","background-attachment":"scroll","background-type":"","background-media":"","overlay-type":"","overlay-color":"","overlay-opacity":"","overlay-gradient":""},"mobile":{"background-color":"var(--ast-global-color-5)","background-image":"","background-repeat":"repeat","background-position":"center center","background-size":"auto","background-attachment":"scroll","background-type":"","background-media":"","overlay-type":"","overlay-color":"","overlay-opacity":"","overlay-gradient":""}}},"product_brand":[],"product_cat":[145,27],"product_tag":[],"class_list":{"0":"post-17608","1":"product","2":"type-product","3":"status-publish","4":"has-post-thumbnail","6":"product_cat-e8h","7":"product_cat-pre-rolls","8":"desktop-align-center","9":"tablet-align-left","10":"mobile-align-left","12":"first","13":"instock","14":"taxable","15":"shipping-taxable","16":"purchasable","17":"product-type-simple"},"acf":[],"yoast_head":"<!-- This site is optimized with the Yoast SEO plugin v27.4 - https:\/\/yoast.com\/product\/yoast-seo-wordpress\/ -->\n<title>Cono King Size de E8H mayorista - THE LYF LABS<\/title>\n<meta name=\"description\" content=\"Space Pre-Roll E8H - Cono King Size de E8H mayorista 1,5g. Aromas intensos, flores de CBD premium y cannabinoide E8H legal en Espa\u00f1a con &lt;0,3% THC.\" \/>\n<meta name=\"robots\" content=\"index, follow, max-snippet:-1, max-image-preview:large, max-video-preview:-1\" \/>\n<link rel=\"canonical\" href=\"https:\/\/thelyflabs.com\/fr\/product\/pre-roll-e8h-king-size-15g\/\" \/>\n<meta property=\"og:locale\" content=\"fr_FR\" \/>\n<meta property=\"og:type\" content=\"article\" \/>\n<meta property=\"og:title\" content=\"Cono King Size de E8H mayorista - THE LYF LABS\" \/>\n<meta property=\"og:description\" content=\"Space Pre-Roll E8H - Cono King Size de E8H mayorista 1,5g. Aromas intensos, flores de CBD premium y cannabinoide E8H legal en Espa\u00f1a con &lt;0,3% THC.\" \/>\n<meta property=\"og:url\" content=\"https:\/\/thelyflabs.com\/fr\/product\/pre-roll-e8h-king-size-15g\/\" \/>\n<meta property=\"og:site_name\" content=\"THE LYF LABS\" \/>\n<meta property=\"article:modified_time\" content=\"2026-04-24T10:51:53+00:00\" \/>\n<meta property=\"og:image\" content=\"https:\/\/thelyflabs.com\/wp-content\/uploads\/2026\/03\/mockup-pre-roll-e8h-con-cono-scaled.webp\" \/>\n\t<meta property=\"og:image:width\" content=\"2560\" \/>\n\t<meta property=\"og:image:height\" content=\"2560\" \/>\n\t<meta property=\"og:image:type\" content=\"image\/webp\" \/>\n<meta name=\"twitter:card\" content=\"summary_large_image\" \/>\n<meta name=\"twitter:label1\" content=\"Dur\u00e9e de lecture estim\u00e9e\" \/>\n\t<meta name=\"twitter:data1\" content=\"4 minutes\" \/>\n<script type=\"application\/ld+json\" class=\"yoast-schema-graph\">{\"@context\":\"https:\\\/\\\/schema.org\",\"@graph\":[{\"@type\":\"WebPage\",\"@id\":\"https:\\\/\\\/thelyflabs.com\\\/product\\\/pre-roll-e8h-king-size-15g\",\"url\":\"https:\\\/\\\/thelyflabs.com\\\/product\\\/pre-roll-e8h-king-size-15g\",\"name\":\"Cono King Size de E8H mayorista - THE LYF LABS\",\"isPartOf\":{\"@id\":\"https:\\\/\\\/thelyflabs.com\\\/#website\"},\"primaryImageOfPage\":{\"@id\":\"https:\\\/\\\/thelyflabs.com\\\/product\\\/pre-roll-e8h-king-size-15g#primaryimage\"},\"image\":{\"@id\":\"https:\\\/\\\/thelyflabs.com\\\/product\\\/pre-roll-e8h-king-size-15g#primaryimage\"},\"thumbnailUrl\":\"https:\\\/\\\/thelyflabs.com\\\/wp-content\\\/uploads\\\/2026\\\/03\\\/mockup-pre-roll-e8h-con-cono-scaled.webp\",\"datePublished\":\"2026-03-24T10:59:09+00:00\",\"dateModified\":\"2026-04-24T10:51:53+00:00\",\"description\":\"Space Pre-Roll E8H - Cono King Size de E8H mayorista 1,5g. Aromas intensos, flores de CBD premium y cannabinoide E8H legal en Espa\u00f1a con &lt;0,3% THC.\",\"breadcrumb\":{\"@id\":\"https:\\\/\\\/thelyflabs.com\\\/product\\\/pre-roll-e8h-king-size-15g#breadcrumb\"},\"inLanguage\":\"fr-FR\",\"potentialAction\":[{\"@type\":\"ReadAction\",\"target\":[\"https:\\\/\\\/thelyflabs.com\\\/product\\\/pre-roll-e8h-king-size-15g\"]}]},{\"@type\":\"ImageObject\",\"inLanguage\":\"fr-FR\",\"@id\":\"https:\\\/\\\/thelyflabs.com\\\/product\\\/pre-roll-e8h-king-size-15g#primaryimage\",\"url\":\"https:\\\/\\\/thelyflabs.com\\\/wp-content\\\/uploads\\\/2026\\\/03\\\/mockup-pre-roll-e8h-con-cono-scaled.webp\",\"contentUrl\":\"https:\\\/\\\/thelyflabs.com\\\/wp-content\\\/uploads\\\/2026\\\/03\\\/mockup-pre-roll-e8h-con-cono-scaled.webp\",\"width\":2560,\"height\":2560,\"caption\":\"Cono King Size de E8H mayorista\"},{\"@type\":\"BreadcrumbList\",\"@id\":\"https:\\\/\\\/thelyflabs.com\\\/product\\\/pre-roll-e8h-king-size-15g#breadcrumb\",\"itemListElement\":[{\"@type\":\"ListItem\",\"position\":1,\"name\":\"Portada\",\"item\":\"https:\\\/\\\/thelyflabs.com\\\/\"},{\"@type\":\"ListItem\",\"position\":2,\"name\":\"Tienda\",\"item\":\"https:\\\/\\\/thelyflabs.com\\\/tienda\"},{\"@type\":\"ListItem\",\"position\":3,\"name\":\"Space Pre Roll E8H &#8211; Cono King Size\"}]},{\"@type\":\"WebSite\",\"@id\":\"https:\\\/\\\/thelyflabs.com\\\/#website\",\"url\":\"https:\\\/\\\/thelyflabs.com\\\/\",\"name\":\"The LYF Labs\",\"description\":\"CBD al por mayor\",\"publisher\":{\"@id\":\"https:\\\/\\\/thelyflabs.com\\\/#organization\"},\"potentialAction\":[{\"@type\":\"SearchAction\",\"target\":{\"@type\":\"EntryPoint\",\"urlTemplate\":\"https:\\\/\\\/thelyflabs.com\\\/?s={search_term_string}\"},\"query-input\":{\"@type\":\"PropertyValueSpecification\",\"valueRequired\":true,\"valueName\":\"search_term_string\"}}],\"inLanguage\":\"fr-FR\"},{\"@type\":\"Organization\",\"@id\":\"https:\\\/\\\/thelyflabs.com\\\/#organization\",\"name\":\"The LYF Labs\",\"url\":\"https:\\\/\\\/thelyflabs.com\\\/\",\"logo\":{\"@type\":\"ImageObject\",\"inLanguage\":\"fr-FR\",\"@id\":\"https:\\\/\\\/thelyflabs.com\\\/#\\\/schema\\\/logo\\\/image\\\/\",\"url\":\"https:\\\/\\\/thelyflabs.com\\\/wp-content\\\/uploads\\\/2023\\\/01\\\/cropped-LogoTheLYFLabs.png\",\"contentUrl\":\"https:\\\/\\\/thelyflabs.com\\\/wp-content\\\/uploads\\\/2023\\\/01\\\/cropped-LogoTheLYFLabs.png\",\"width\":600,\"height\":180,\"caption\":\"The LYF Labs\"},\"image\":{\"@id\":\"https:\\\/\\\/thelyflabs.com\\\/#\\\/schema\\\/logo\\\/image\\\/\"}}]}<\/script>\n<!-- \/ Yoast SEO plugin. -->","yoast_head_json":{"title":"Cono King Size de E8H mayorista - THE LYF LABS","description":"Space Pre-Roll E8H - Cono King Size de E8H mayorista 1,5g. Aromas intensos, flores de CBD premium y cannabinoide E8H legal en Espa\u00f1a con &lt;0,3% THC.","robots":{"index":"index","follow":"follow","max-snippet":"max-snippet:-1","max-image-preview":"max-image-preview:large","max-video-preview":"max-video-preview:-1"},"canonical":"https:\/\/thelyflabs.com\/fr\/product\/pre-roll-e8h-king-size-15g\/","og_locale":"fr_FR","og_type":"article","og_title":"Cono King Size de E8H mayorista - THE LYF LABS","og_description":"Space Pre-Roll E8H - Cono King Size de E8H mayorista 1,5g. Aromas intensos, flores de CBD premium y cannabinoide E8H legal en Espa\u00f1a con &lt;0,3% THC.","og_url":"https:\/\/thelyflabs.com\/fr\/product\/pre-roll-e8h-king-size-15g\/","og_site_name":"THE LYF LABS","article_modified_time":"2026-04-24T10:51:53+00:00","og_image":[{"width":2560,"height":2560,"url":"https:\/\/thelyflabs.com\/wp-content\/uploads\/2026\/03\/mockup-pre-roll-e8h-con-cono-scaled.webp","type":"image\/webp"}],"twitter_card":"summary_large_image","twitter_misc":{"Dur\u00e9e de lecture estim\u00e9e":"4 minutes"},"schema":{"@context":"https:\/\/schema.org","@graph":[{"@type":"WebPage","@id":"https:\/\/thelyflabs.com\/product\/pre-roll-e8h-king-size-15g","url":"https:\/\/thelyflabs.com\/product\/pre-roll-e8h-king-size-15g","name":"Cono King Size de E8H mayorista - THE LYF LABS","isPartOf":{"@id":"https:\/\/thelyflabs.com\/#website"},"primaryImageOfPage":{"@id":"https:\/\/thelyflabs.com\/product\/pre-roll-e8h-king-size-15g#primaryimage"},"image":{"@id":"https:\/\/thelyflabs.com\/product\/pre-roll-e8h-king-size-15g#primaryimage"},"thumbnailUrl":"https:\/\/thelyflabs.com\/wp-content\/uploads\/2026\/03\/mockup-pre-roll-e8h-con-cono-scaled.webp","datePublished":"2026-03-24T10:59:09+00:00","dateModified":"2026-04-24T10:51:53+00:00","description":"Space Pre-Roll E8H - Cono King Size de E8H mayorista 1,5g. Aromas intensos, flores de CBD premium y cannabinoide E8H legal en Espa\u00f1a con &lt;0,3% THC.","breadcrumb":{"@id":"https:\/\/thelyflabs.com\/product\/pre-roll-e8h-king-size-15g#breadcrumb"},"inLanguage":"fr-FR","potentialAction":[{"@type":"ReadAction","target":["https:\/\/thelyflabs.com\/product\/pre-roll-e8h-king-size-15g"]}]},{"@type":"ImageObject","inLanguage":"fr-FR","@id":"https:\/\/thelyflabs.com\/product\/pre-roll-e8h-king-size-15g#primaryimage","url":"https:\/\/thelyflabs.com\/wp-content\/uploads\/2026\/03\/mockup-pre-roll-e8h-con-cono-scaled.webp","contentUrl":"https:\/\/thelyflabs.com\/wp-content\/uploads\/2026\/03\/mockup-pre-roll-e8h-con-cono-scaled.webp","width":2560,"height":2560,"caption":"Cono King Size de E8H mayorista"},{"@type":"BreadcrumbList","@id":"https:\/\/thelyflabs.com\/product\/pre-roll-e8h-king-size-15g#breadcrumb","itemListElement":[{"@type":"ListItem","position":1,"name":"Portada","item":"https:\/\/thelyflabs.com\/"},{"@type":"ListItem","position":2,"name":"Tienda","item":"https:\/\/thelyflabs.com\/tienda"},{"@type":"ListItem","position":3,"name":"Space Pre Roll E8H &#8211; Cono King Size"}]},{"@type":"WebSite","@id":"https:\/\/thelyflabs.com\/#website","url":"https:\/\/thelyflabs.com\/","name":"Les laboratoires LYF","description":"Vente en gros de CBD","publisher":{"@id":"https:\/\/thelyflabs.com\/#organization"},"potentialAction":[{"@type":"SearchAction","target":{"@type":"EntryPoint","urlTemplate":"https:\/\/thelyflabs.com\/?s={search_term_string}"},"query-input":{"@type":"PropertyValueSpecification","valueRequired":true,"valueName":"search_term_string"}}],"inLanguage":"fr-FR"},{"@type":"Organization","@id":"https:\/\/thelyflabs.com\/#organization","name":"Les laboratoires LYF","url":"https:\/\/thelyflabs.com\/","logo":{"@type":"ImageObject","inLanguage":"fr-FR","@id":"https:\/\/thelyflabs.com\/#\/schema\/logo\/image\/","url":"https:\/\/thelyflabs.com\/wp-content\/uploads\/2023\/01\/cropped-LogoTheLYFLabs.png","contentUrl":"https:\/\/thelyflabs.com\/wp-content\/uploads\/2023\/01\/cropped-LogoTheLYFLabs.png","width":600,"height":180,"caption":"The LYF Labs"},"image":{"@id":"https:\/\/thelyflabs.com\/#\/schema\/logo\/image\/"}}]}},"_links":{"self":[{"href":"https:\/\/thelyflabs.com\/fr\/wp-json\/wp\/v2\/product\/17608","targetHints":{"allow":["GET"]}}],"collection":[{"href":"https:\/\/thelyflabs.com\/fr\/wp-json\/wp\/v2\/product"}],"about":[{"href":"https:\/\/thelyflabs.com\/fr\/wp-json\/wp\/v2\/types\/product"}],"replies":[{"embeddable":true,"href":"https:\/\/thelyflabs.com\/fr\/wp-json\/wp\/v2\/comments?post=17608"}],"wp:featuredmedia":[{"embeddable":true,"href":"https:\/\/thelyflabs.com\/fr\/wp-json\/wp\/v2\/media\/17609"}],"wp:attachment":[{"href":"https:\/\/thelyflabs.com\/fr\/wp-json\/wp\/v2\/media?parent=17608"}],"wp:term":[{"taxonomy":"product_brand","embeddable":true,"href":"https:\/\/thelyflabs.com\/fr\/wp-json\/wp\/v2\/product_brand?post=17608"},{"taxonomy":"product_cat","embeddable":true,"href":"https:\/\/thelyflabs.com\/fr\/wp-json\/wp\/v2\/product_cat?post=17608"},{"taxonomy":"product_tag","embeddable":true,"href":"https:\/\/thelyflabs.com\/fr\/wp-json\/wp\/v2\/product_tag?post=17608"}],"curies":[{"name":"wp","href":"https:\/\/api.w.org\/{rel}","templated":true}]}}