{"id":1949,"date":"2023-05-30T17:13:22","date_gmt":"2023-05-30T17:13:22","guid":{"rendered":"https:\/\/thelyflabs.com\/?post_type=product&#038;p=1949"},"modified":"2026-03-13T14:56:45","modified_gmt":"2026-03-13T13:56:45","slug":"papel-de-liar-de-canamo-1-1-4-con-filtros","status":"publish","type":"product","link":"https:\/\/thelyflabs.com\/fr\/product\/papel-de-liar-de-canamo-1-1-4-con-filtros","title":{"rendered":"Feuilles \u00e0 rouler en chanvre 1 1\/4 avec filtres x 24 unit\u00e9s"},"content":{"rendered":"<h1>Papier \u00e0 rouler chanvre 1 1\/4 avec filtres<\/h1>\n<p>Le papier \u00e0 rouler Iguana Smoke contient 32 feuilles et 32 filtres.<\/p>\n<h3>POURQUOI L&#039;IGUANE FUME\u00a0?<\/h3>\n<p>Iguana Smoke est synonyme de qualit\u00e9 ; une marque attrayante qui connecte avec les nouvelles g\u00e9n\u00e9rations de consommateurs de CBD qui recherchent un produit s\u00fbr, fiable et abordable, qui poss\u00e8de toutes les caract\u00e9ristiques pour se positionner avec succ\u00e8s sur le march\u00e9 florissant du CBD. Si vous avez des questions, contactez-nous et nous serons heureux de vous aider.<\/p>\n<p>Achetez des fleurs de CBD au meilleur prix sur notre site et d\u00e9couvrez toute notre gamme de produits d\u00e9riv\u00e9s du chanvre que nous mettons \u00e0 votre disposition.<\/p>\n<p>&nbsp;<\/p>\n<p>&nbsp;<\/p>\n<p>&nbsp;<\/p>","protected":false},"excerpt":{"rendered":"<ul>\n<li>Feuilles \u00e0 rouler en chanvre naturel<\/li>\n<li>Taille 1 1\/4<\/li>\n<li>Combustion lente<\/li>\n<li>32 papiers et 32 filtres en carton<\/li>\n<li>Caoutchouc naturel<\/li>\n<li>Sans colorants<\/li>\n<\/ul>","protected":false},"featured_media":17255,"comment_status":"closed","ping_status":"closed","template":"","meta":{"_acf_changed":false,"site-sidebar-layout":"default","site-content-layout":"default","ast-site-content-layout":"default","site-content-style":"default","site-sidebar-style":"default","ast-global-header-display":"","ast-banner-title-visibility":"","ast-main-header-display":"","ast-hfb-above-header-display":"","ast-hfb-below-header-display":"","ast-hfb-mobile-header-display":"","site-post-title":"","ast-breadcrumbs-content":"","ast-featured-img":"","footer-sml-layout":"","theme-transparent-header-meta":"default","adv-header-id-meta":"","stick-header-meta":"","header-above-stick-meta":"","header-main-stick-meta":"","header-below-stick-meta":"","astra-migrate-meta-layouts":"set","ast-page-background-enabled":"default","ast-page-background-meta":{"desktop":{"background-color":"var(--ast-global-color-4)","background-image":"","background-repeat":"repeat","background-position":"center center","background-size":"auto","background-attachment":"scroll","background-type":"","background-media":"","overlay-type":"","overlay-color":"","overlay-opacity":"","overlay-gradient":""},"tablet":{"background-color":"","background-image":"","background-repeat":"repeat","background-position":"center center","background-size":"auto","background-attachment":"scroll","background-type":"","background-media":"","overlay-type":"","overlay-color":"","overlay-opacity":"","overlay-gradient":""},"mobile":{"background-color":"","background-image":"","background-repeat":"repeat","background-position":"center center","background-size":"auto","background-attachment":"scroll","background-type":"","background-media":"","overlay-type":"","overlay-color":"","overlay-opacity":"","overlay-gradient":""}},"ast-content-background-meta":{"desktop":{"background-color":"var(--ast-global-color-5)","background-image":"","background-repeat":"repeat","background-position":"center center","background-size":"auto","background-attachment":"scroll","background-type":"","background-media":"","overlay-type":"","overlay-color":"","overlay-opacity":"","overlay-gradient":""},"tablet":{"background-color":"var(--ast-global-color-5)","background-image":"","background-repeat":"repeat","background-position":"center center","background-size":"auto","background-attachment":"scroll","background-type":"","background-media":"","overlay-type":"","overlay-color":"","overlay-opacity":"","overlay-gradient":""},"mobile":{"background-color":"var(--ast-global-color-5)","background-image":"","background-repeat":"repeat","background-position":"center center","background-size":"auto","background-attachment":"scroll","background-type":"","background-media":"","overlay-type":"","overlay-color":"","overlay-opacity":"","overlay-gradient":""}}},"product_brand":[],"product_cat":[100,40,95],"product_tag":[],"class_list":{"0":"post-1949","1":"product","2":"type-product","3":"status-publish","4":"has-post-thumbnail","6":"product_cat-accesorios-merch","7":"product_cat-iguanasmoke","8":"product_cat-papel-de-liar","9":"desktop-align-center","10":"tablet-align-left","11":"mobile-align-left","13":"first","14":"instock","15":"taxable","16":"shipping-taxable","17":"purchasable","18":"product-type-simple"},"acf":[],"yoast_head":"<!-- This site is optimized with the Yoast SEO plugin v27.4 - https:\/\/yoast.com\/product\/yoast-seo-wordpress\/ -->\n<title>Papel de Liar de C\u00e1\u00f1amo 1 1\/4 con filtros x 24 unidades - THE LYF LABS<\/title>\n<meta name=\"description\" content=\"Articulos CBD al mejor precio mayorista. Venta de productos de CBD y HHC por mayor con descuentos exclusivos para tiendas.\" \/>\n<meta name=\"robots\" content=\"index, follow, max-snippet:-1, max-image-preview:large, max-video-preview:-1\" \/>\n<link rel=\"canonical\" href=\"https:\/\/thelyflabs.com\/fr\/product\/papel-de-liar-de-canamo-1-1-4-con-filtros\/\" \/>\n<meta property=\"og:locale\" content=\"fr_FR\" \/>\n<meta property=\"og:type\" content=\"article\" \/>\n<meta property=\"og:title\" content=\"Papel de Liar de C\u00e1\u00f1amo 1 1\/4 con filtros x 24 unidades - THE LYF LABS\" \/>\n<meta property=\"og:description\" content=\"Articulos CBD al mejor precio mayorista. Venta de productos de CBD y HHC por mayor con descuentos exclusivos para tiendas.\" \/>\n<meta property=\"og:url\" content=\"https:\/\/thelyflabs.com\/fr\/product\/papel-de-liar-de-canamo-1-1-4-con-filtros\/\" \/>\n<meta property=\"og:site_name\" content=\"THE LYF LABS\" \/>\n<meta property=\"article:modified_time\" content=\"2026-03-13T13:56:45+00:00\" \/>\n<meta property=\"og:image\" content=\"https:\/\/thelyflabs.com\/wp-content\/uploads\/2023\/05\/X_OpenedJAPAN-1024x1024.png\" \/>\n\t<meta property=\"og:image:width\" content=\"1024\" \/>\n\t<meta property=\"og:image:height\" content=\"1024\" \/>\n\t<meta property=\"og:image:type\" content=\"image\/png\" \/>\n<meta name=\"twitter:card\" content=\"summary_large_image\" \/>\n<meta name=\"twitter:label1\" content=\"Dur\u00e9e de lecture estim\u00e9e\" \/>\n\t<meta name=\"twitter:data1\" content=\"1 minute\" \/>\n<script type=\"application\/ld+json\" class=\"yoast-schema-graph\">{\"@context\":\"https:\\\/\\\/schema.org\",\"@graph\":[{\"@type\":\"WebPage\",\"@id\":\"https:\\\/\\\/thelyflabs.com\\\/product\\\/papel-de-liar-de-canamo-1-1-4-con-filtros\",\"url\":\"https:\\\/\\\/thelyflabs.com\\\/product\\\/papel-de-liar-de-canamo-1-1-4-con-filtros\",\"name\":\"Papel de Liar de C\u00e1\u00f1amo 1 1\\\/4 con filtros x 24 unidades - THE LYF LABS\",\"isPartOf\":{\"@id\":\"https:\\\/\\\/thelyflabs.com\\\/#website\"},\"primaryImageOfPage\":{\"@id\":\"https:\\\/\\\/thelyflabs.com\\\/product\\\/papel-de-liar-de-canamo-1-1-4-con-filtros#primaryimage\"},\"image\":{\"@id\":\"https:\\\/\\\/thelyflabs.com\\\/product\\\/papel-de-liar-de-canamo-1-1-4-con-filtros#primaryimage\"},\"thumbnailUrl\":\"https:\\\/\\\/thelyflabs.com\\\/wp-content\\\/uploads\\\/2023\\\/05\\\/X_OpenedJAPAN.png\",\"datePublished\":\"2023-05-30T17:13:22+00:00\",\"dateModified\":\"2026-03-13T13:56:45+00:00\",\"description\":\"Articulos CBD al mejor precio mayorista. Venta de productos de CBD y HHC por mayor con descuentos exclusivos para tiendas.\",\"breadcrumb\":{\"@id\":\"https:\\\/\\\/thelyflabs.com\\\/product\\\/papel-de-liar-de-canamo-1-1-4-con-filtros#breadcrumb\"},\"inLanguage\":\"fr-FR\",\"potentialAction\":[{\"@type\":\"ReadAction\",\"target\":[\"https:\\\/\\\/thelyflabs.com\\\/product\\\/papel-de-liar-de-canamo-1-1-4-con-filtros\"]}]},{\"@type\":\"ImageObject\",\"inLanguage\":\"fr-FR\",\"@id\":\"https:\\\/\\\/thelyflabs.com\\\/product\\\/papel-de-liar-de-canamo-1-1-4-con-filtros#primaryimage\",\"url\":\"https:\\\/\\\/thelyflabs.com\\\/wp-content\\\/uploads\\\/2023\\\/05\\\/X_OpenedJAPAN.png\",\"contentUrl\":\"https:\\\/\\\/thelyflabs.com\\\/wp-content\\\/uploads\\\/2023\\\/05\\\/X_OpenedJAPAN.png\",\"width\":2048,\"height\":2048,\"caption\":\"24 papel liar japon 1\\\/4 abierto\"},{\"@type\":\"BreadcrumbList\",\"@id\":\"https:\\\/\\\/thelyflabs.com\\\/product\\\/papel-de-liar-de-canamo-1-1-4-con-filtros#breadcrumb\",\"itemListElement\":[{\"@type\":\"ListItem\",\"position\":1,\"name\":\"Portada\",\"item\":\"https:\\\/\\\/thelyflabs.com\\\/\"},{\"@type\":\"ListItem\",\"position\":2,\"name\":\"Tienda\",\"item\":\"https:\\\/\\\/thelyflabs.com\\\/tienda\"},{\"@type\":\"ListItem\",\"position\":3,\"name\":\"Papel de Liar de C\u00e1\u00f1amo 1 1\\\/4 con filtros x 24 unidades\"}]},{\"@type\":\"WebSite\",\"@id\":\"https:\\\/\\\/thelyflabs.com\\\/#website\",\"url\":\"https:\\\/\\\/thelyflabs.com\\\/\",\"name\":\"The LYF Labs\",\"description\":\"CBD al por mayor\",\"publisher\":{\"@id\":\"https:\\\/\\\/thelyflabs.com\\\/#organization\"},\"potentialAction\":[{\"@type\":\"SearchAction\",\"target\":{\"@type\":\"EntryPoint\",\"urlTemplate\":\"https:\\\/\\\/thelyflabs.com\\\/?s={search_term_string}\"},\"query-input\":{\"@type\":\"PropertyValueSpecification\",\"valueRequired\":true,\"valueName\":\"search_term_string\"}}],\"inLanguage\":\"fr-FR\"},{\"@type\":\"Organization\",\"@id\":\"https:\\\/\\\/thelyflabs.com\\\/#organization\",\"name\":\"The LYF Labs\",\"url\":\"https:\\\/\\\/thelyflabs.com\\\/\",\"logo\":{\"@type\":\"ImageObject\",\"inLanguage\":\"fr-FR\",\"@id\":\"https:\\\/\\\/thelyflabs.com\\\/#\\\/schema\\\/logo\\\/image\\\/\",\"url\":\"https:\\\/\\\/thelyflabs.com\\\/wp-content\\\/uploads\\\/2023\\\/01\\\/cropped-LogoTheLYFLabs.png\",\"contentUrl\":\"https:\\\/\\\/thelyflabs.com\\\/wp-content\\\/uploads\\\/2023\\\/01\\\/cropped-LogoTheLYFLabs.png\",\"width\":600,\"height\":180,\"caption\":\"The LYF Labs\"},\"image\":{\"@id\":\"https:\\\/\\\/thelyflabs.com\\\/#\\\/schema\\\/logo\\\/image\\\/\"}}]}<\/script>\n<!-- \/ Yoast SEO plugin. -->","yoast_head_json":{"title":"Papel de Liar de C\u00e1\u00f1amo 1 1\/4 con filtros x 24 unidades - THE LYF LABS","description":"Produits CBD aux meilleurs prix de gros. Vente en gros de produits CBD et HHC avec remises exclusives en magasin.","robots":{"index":"index","follow":"follow","max-snippet":"max-snippet:-1","max-image-preview":"max-image-preview:large","max-video-preview":"max-video-preview:-1"},"canonical":"https:\/\/thelyflabs.com\/fr\/product\/papel-de-liar-de-canamo-1-1-4-con-filtros\/","og_locale":"fr_FR","og_type":"article","og_title":"Papel de Liar de C\u00e1\u00f1amo 1 1\/4 con filtros x 24 unidades - THE LYF LABS","og_description":"Articulos CBD al mejor precio mayorista. Venta de productos de CBD y HHC por mayor con descuentos exclusivos para tiendas.","og_url":"https:\/\/thelyflabs.com\/fr\/product\/papel-de-liar-de-canamo-1-1-4-con-filtros\/","og_site_name":"THE LYF LABS","article_modified_time":"2026-03-13T13:56:45+00:00","og_image":[{"width":1024,"height":1024,"url":"https:\/\/thelyflabs.com\/wp-content\/uploads\/2023\/05\/X_OpenedJAPAN-1024x1024.png","type":"image\/png"}],"twitter_card":"summary_large_image","twitter_misc":{"Dur\u00e9e de lecture estim\u00e9e":"1 minute"},"schema":{"@context":"https:\/\/schema.org","@graph":[{"@type":"WebPage","@id":"https:\/\/thelyflabs.com\/product\/papel-de-liar-de-canamo-1-1-4-con-filtros","url":"https:\/\/thelyflabs.com\/product\/papel-de-liar-de-canamo-1-1-4-con-filtros","name":"Papel de Liar de C\u00e1\u00f1amo 1 1\/4 con filtros x 24 unidades - THE LYF LABS","isPartOf":{"@id":"https:\/\/thelyflabs.com\/#website"},"primaryImageOfPage":{"@id":"https:\/\/thelyflabs.com\/product\/papel-de-liar-de-canamo-1-1-4-con-filtros#primaryimage"},"image":{"@id":"https:\/\/thelyflabs.com\/product\/papel-de-liar-de-canamo-1-1-4-con-filtros#primaryimage"},"thumbnailUrl":"https:\/\/thelyflabs.com\/wp-content\/uploads\/2023\/05\/X_OpenedJAPAN.png","datePublished":"2023-05-30T17:13:22+00:00","dateModified":"2026-03-13T13:56:45+00:00","description":"Produits CBD aux meilleurs prix de gros. Vente en gros de produits CBD et HHC avec remises exclusives en magasin.","breadcrumb":{"@id":"https:\/\/thelyflabs.com\/product\/papel-de-liar-de-canamo-1-1-4-con-filtros#breadcrumb"},"inLanguage":"fr-FR","potentialAction":[{"@type":"ReadAction","target":["https:\/\/thelyflabs.com\/product\/papel-de-liar-de-canamo-1-1-4-con-filtros"]}]},{"@type":"ImageObject","inLanguage":"fr-FR","@id":"https:\/\/thelyflabs.com\/product\/papel-de-liar-de-canamo-1-1-4-con-filtros#primaryimage","url":"https:\/\/thelyflabs.com\/wp-content\/uploads\/2023\/05\/X_OpenedJAPAN.png","contentUrl":"https:\/\/thelyflabs.com\/wp-content\/uploads\/2023\/05\/X_OpenedJAPAN.png","width":2048,"height":2048,"caption":"24 papel liar japon 1\/4 abierto"},{"@type":"BreadcrumbList","@id":"https:\/\/thelyflabs.com\/product\/papel-de-liar-de-canamo-1-1-4-con-filtros#breadcrumb","itemListElement":[{"@type":"ListItem","position":1,"name":"Portada","item":"https:\/\/thelyflabs.com\/"},{"@type":"ListItem","position":2,"name":"Tienda","item":"https:\/\/thelyflabs.com\/tienda"},{"@type":"ListItem","position":3,"name":"Papel de Liar de C\u00e1\u00f1amo 1 1\/4 con filtros x 24 unidades"}]},{"@type":"WebSite","@id":"https:\/\/thelyflabs.com\/#website","url":"https:\/\/thelyflabs.com\/","name":"Les laboratoires LYF","description":"Vente en gros de CBD","publisher":{"@id":"https:\/\/thelyflabs.com\/#organization"},"potentialAction":[{"@type":"SearchAction","target":{"@type":"EntryPoint","urlTemplate":"https:\/\/thelyflabs.com\/?s={search_term_string}"},"query-input":{"@type":"PropertyValueSpecification","valueRequired":true,"valueName":"search_term_string"}}],"inLanguage":"fr-FR"},{"@type":"Organization","@id":"https:\/\/thelyflabs.com\/#organization","name":"Les laboratoires LYF","url":"https:\/\/thelyflabs.com\/","logo":{"@type":"ImageObject","inLanguage":"fr-FR","@id":"https:\/\/thelyflabs.com\/#\/schema\/logo\/image\/","url":"https:\/\/thelyflabs.com\/wp-content\/uploads\/2023\/01\/cropped-LogoTheLYFLabs.png","contentUrl":"https:\/\/thelyflabs.com\/wp-content\/uploads\/2023\/01\/cropped-LogoTheLYFLabs.png","width":600,"height":180,"caption":"The LYF Labs"},"image":{"@id":"https:\/\/thelyflabs.com\/#\/schema\/logo\/image\/"}}]}},"_links":{"self":[{"href":"https:\/\/thelyflabs.com\/fr\/wp-json\/wp\/v2\/product\/1949","targetHints":{"allow":["GET"]}}],"collection":[{"href":"https:\/\/thelyflabs.com\/fr\/wp-json\/wp\/v2\/product"}],"about":[{"href":"https:\/\/thelyflabs.com\/fr\/wp-json\/wp\/v2\/types\/product"}],"replies":[{"embeddable":true,"href":"https:\/\/thelyflabs.com\/fr\/wp-json\/wp\/v2\/comments?post=1949"}],"wp:featuredmedia":[{"embeddable":true,"href":"https:\/\/thelyflabs.com\/fr\/wp-json\/wp\/v2\/media\/17255"}],"wp:attachment":[{"href":"https:\/\/thelyflabs.com\/fr\/wp-json\/wp\/v2\/media?parent=1949"}],"wp:term":[{"taxonomy":"product_brand","embeddable":true,"href":"https:\/\/thelyflabs.com\/fr\/wp-json\/wp\/v2\/product_brand?post=1949"},{"taxonomy":"product_cat","embeddable":true,"href":"https:\/\/thelyflabs.com\/fr\/wp-json\/wp\/v2\/product_cat?post=1949"},{"taxonomy":"product_tag","embeddable":true,"href":"https:\/\/thelyflabs.com\/fr\/wp-json\/wp\/v2\/product_tag?post=1949"}],"curies":[{"name":"wp","href":"https:\/\/api.w.org\/{rel}","templated":true}]}}