{"id":2051,"date":"2023-06-13T15:02:10","date_gmt":"2023-06-13T15:02:10","guid":{"rendered":"https:\/\/thelyflabs.com\/?post_type=product&#038;p=2051"},"modified":"2026-03-02T10:37:29","modified_gmt":"2026-03-02T09:37:29","slug":"grinder-eco-bio","status":"publish","type":"product","link":"https:\/\/thelyflabs.com\/fr\/product\/grinder-eco-bio","title":{"rendered":"Iguana Smoke Grinder Biod\u00e9gradable \u00c9cologique \u2013 24 unit\u00e9s"},"content":{"rendered":"<h1>Iguana Smoke Grinder Biod\u00e9gradable \u00c9cologique \u2013 Bo\u00eete de 24 unit\u00e9s<\/h1>\n<p>Pr\u00e9sentation de notre broyeur \u00e0 fum\u00e9e d&#039;iguane \u00e9cologique et biod\u00e9gradable. Ces broyeurs innovants sont soigneusement con\u00e7us dans le respect de l&#039;environnement, alliant fonctionnalit\u00e9 et engagement \u00e0 r\u00e9duire les d\u00e9chets et \u00e0 promouvoir des pratiques durables.<\/p>\n<p>Le broyeur \u00e9cologique biod\u00e9gradable Iguana Smoke est disponible en 6 couleurs diff\u00e9rentes : Noir, Rouge, Bleu, Orange, Jaune ou Vert. Ce paquet de vente en gros comprend 24 moulins de couleurs assorties<\/p>\n<h3>POURQUOI L&#039;IGUANE FUME\u00a0?<\/h3>\n<p>Iguana Smoke est synonyme de qualit\u00e9 ; une marque attrayante qui connecte avec les nouvelles g\u00e9n\u00e9rations de consommateurs de CBD qui recherchent un produit s\u00fbr, fiable et abordable, qui poss\u00e8de toutes les caract\u00e9ristiques pour se positionner avec succ\u00e8s sur le march\u00e9 florissant du CBD. Si vous avez des questions, contactez-nous et nous serons heureux de vous aider.<\/p>\n<p>Achetez des fleurs de CBD au meilleur prix sur notre site et d\u00e9couvrez toute notre gamme de produits d\u00e9riv\u00e9s du chanvre que nous mettons \u00e0 votre disposition.<\/p>\n<p>&nbsp;<\/p>\n<p>&nbsp;<\/p>\n<p>&nbsp;<\/p>","protected":false},"excerpt":{"rendered":"<ul>\n<li>Broyeur de fum\u00e9e Iguana Biod\u00e9grable \u00c9cologique :\n<ul>\n<li>Fabriqu\u00e9 avec des fibres v\u00e9g\u00e9tales biod\u00e9gradables<\/li>\n<li>Disponible en 6 couleurs<\/li>\n<li>Noir<\/li>\n<li>Rouge<\/li>\n<li>Bleu<\/li>\n<li>Orange<\/li>\n<li>Jaune<\/li>\n<li>Vert<\/li>\n<\/ul>\n<\/li>\n<\/ul>","protected":false},"featured_media":2054,"comment_status":"closed","ping_status":"closed","template":"","meta":{"_acf_changed":false,"site-sidebar-layout":"default","site-content-layout":"default","ast-site-content-layout":"default","site-content-style":"default","site-sidebar-style":"default","ast-global-header-display":"","ast-banner-title-visibility":"","ast-main-header-display":"","ast-hfb-above-header-display":"","ast-hfb-below-header-display":"","ast-hfb-mobile-header-display":"","site-post-title":"","ast-breadcrumbs-content":"","ast-featured-img":"","footer-sml-layout":"","theme-transparent-header-meta":"default","adv-header-id-meta":"","stick-header-meta":"","header-above-stick-meta":"","header-main-stick-meta":"","header-below-stick-meta":"","astra-migrate-meta-layouts":"set","ast-page-background-enabled":"default","ast-page-background-meta":{"desktop":{"background-color":"var(--ast-global-color-4)","background-image":"","background-repeat":"repeat","background-position":"center center","background-size":"auto","background-attachment":"scroll","background-type":"","background-media":"","overlay-type":"","overlay-color":"","overlay-opacity":"","overlay-gradient":""},"tablet":{"background-color":"","background-image":"","background-repeat":"repeat","background-position":"center center","background-size":"auto","background-attachment":"scroll","background-type":"","background-media":"","overlay-type":"","overlay-color":"","overlay-opacity":"","overlay-gradient":""},"mobile":{"background-color":"","background-image":"","background-repeat":"repeat","background-position":"center center","background-size":"auto","background-attachment":"scroll","background-type":"","background-media":"","overlay-type":"","overlay-color":"","overlay-opacity":"","overlay-gradient":""}},"ast-content-background-meta":{"desktop":{"background-color":"var(--ast-global-color-5)","background-image":"","background-repeat":"repeat","background-position":"center center","background-size":"auto","background-attachment":"scroll","background-type":"","background-media":"","overlay-type":"","overlay-color":"","overlay-opacity":"","overlay-gradient":""},"tablet":{"background-color":"var(--ast-global-color-5)","background-image":"","background-repeat":"repeat","background-position":"center center","background-size":"auto","background-attachment":"scroll","background-type":"","background-media":"","overlay-type":"","overlay-color":"","overlay-opacity":"","overlay-gradient":""},"mobile":{"background-color":"var(--ast-global-color-5)","background-image":"","background-repeat":"repeat","background-position":"center center","background-size":"auto","background-attachment":"scroll","background-type":"","background-media":"","overlay-type":"","overlay-color":"","overlay-opacity":"","overlay-gradient":""}}},"product_brand":[],"product_cat":[100,93,40],"product_tag":[],"class_list":{"0":"post-2051","1":"product","2":"type-product","3":"status-publish","4":"has-post-thumbnail","6":"product_cat-accesorios-merch","7":"product_cat-grinders","8":"product_cat-iguanasmoke","9":"desktop-align-center","10":"tablet-align-left","11":"mobile-align-left","13":"first","14":"outofstock","15":"taxable","16":"shipping-taxable","17":"purchasable","18":"product-type-simple"},"acf":[],"yoast_head":"<!-- This site is optimized with the Yoast SEO plugin v27.4 - https:\/\/yoast.com\/product\/yoast-seo-wordpress\/ -->\n<title>Grinder Iguana Smoke Biodegradable Ecol\u00f3gico - 24 unidades - THE LYF LABS<\/title>\n<meta name=\"description\" content=\"Compra el Grinder Biodegradable al mejor precio y con una calidad inigualable en Iguana Smoke. Tienda exclusiva para mayoristas de CBD\" \/>\n<meta name=\"robots\" content=\"index, follow, max-snippet:-1, max-image-preview:large, max-video-preview:-1\" \/>\n<link rel=\"canonical\" href=\"https:\/\/thelyflabs.com\/fr\/product\/grinder-eco-bio\/\" \/>\n<meta property=\"og:locale\" content=\"fr_FR\" \/>\n<meta property=\"og:type\" content=\"article\" \/>\n<meta property=\"og:title\" content=\"Grinder Iguana Smoke Biodegradable Ecol\u00f3gico - 24 unidades - THE LYF LABS\" \/>\n<meta property=\"og:description\" content=\"Compra el Grinder Biodegradable al mejor precio y con una calidad inigualable en Iguana Smoke. Tienda exclusiva para mayoristas de CBD\" \/>\n<meta property=\"og:url\" content=\"https:\/\/thelyflabs.com\/fr\/product\/grinder-eco-bio\/\" \/>\n<meta property=\"og:site_name\" content=\"THE LYF LABS\" \/>\n<meta property=\"article:modified_time\" content=\"2026-03-02T09:37:29+00:00\" \/>\n<meta property=\"og:image\" content=\"https:\/\/thelyflabs.com\/wp-content\/uploads\/2023\/06\/ALL2.png\" \/>\n\t<meta property=\"og:image:width\" content=\"1000\" \/>\n\t<meta property=\"og:image:height\" content=\"1000\" \/>\n\t<meta property=\"og:image:type\" content=\"image\/png\" \/>\n<meta name=\"twitter:card\" content=\"summary_large_image\" \/>\n<meta name=\"twitter:label1\" content=\"Dur\u00e9e de lecture estim\u00e9e\" \/>\n\t<meta name=\"twitter:data1\" content=\"4 minutes\" \/>\n<script type=\"application\/ld+json\" class=\"yoast-schema-graph\">{\"@context\":\"https:\\\/\\\/schema.org\",\"@graph\":[{\"@type\":\"WebPage\",\"@id\":\"https:\\\/\\\/thelyflabs.com\\\/product\\\/grinder-eco-bio\",\"url\":\"https:\\\/\\\/thelyflabs.com\\\/product\\\/grinder-eco-bio\",\"name\":\"Grinder Iguana Smoke Biodegradable Ecol\u00f3gico - 24 unidades - THE LYF LABS\",\"isPartOf\":{\"@id\":\"https:\\\/\\\/thelyflabs.com\\\/#website\"},\"primaryImageOfPage\":{\"@id\":\"https:\\\/\\\/thelyflabs.com\\\/product\\\/grinder-eco-bio#primaryimage\"},\"image\":{\"@id\":\"https:\\\/\\\/thelyflabs.com\\\/product\\\/grinder-eco-bio#primaryimage\"},\"thumbnailUrl\":\"https:\\\/\\\/thelyflabs.com\\\/wp-content\\\/uploads\\\/2023\\\/06\\\/ALL2.png\",\"datePublished\":\"2023-06-13T15:02:10+00:00\",\"dateModified\":\"2026-03-02T09:37:29+00:00\",\"description\":\"Compra el Grinder Biodegradable al mejor precio y con una calidad inigualable en Iguana Smoke. Tienda exclusiva para mayoristas de CBD\",\"breadcrumb\":{\"@id\":\"https:\\\/\\\/thelyflabs.com\\\/product\\\/grinder-eco-bio#breadcrumb\"},\"inLanguage\":\"fr-FR\",\"potentialAction\":[{\"@type\":\"ReadAction\",\"target\":[\"https:\\\/\\\/thelyflabs.com\\\/product\\\/grinder-eco-bio\"]}]},{\"@type\":\"ImageObject\",\"inLanguage\":\"fr-FR\",\"@id\":\"https:\\\/\\\/thelyflabs.com\\\/product\\\/grinder-eco-bio#primaryimage\",\"url\":\"https:\\\/\\\/thelyflabs.com\\\/wp-content\\\/uploads\\\/2023\\\/06\\\/ALL2.png\",\"contentUrl\":\"https:\\\/\\\/thelyflabs.com\\\/wp-content\\\/uploads\\\/2023\\\/06\\\/ALL2.png\",\"width\":1000,\"height\":1000,\"caption\":\"grinder biodegradable\"},{\"@type\":\"BreadcrumbList\",\"@id\":\"https:\\\/\\\/thelyflabs.com\\\/product\\\/grinder-eco-bio#breadcrumb\",\"itemListElement\":[{\"@type\":\"ListItem\",\"position\":1,\"name\":\"Portada\",\"item\":\"https:\\\/\\\/thelyflabs.com\\\/\"},{\"@type\":\"ListItem\",\"position\":2,\"name\":\"Tienda\",\"item\":\"https:\\\/\\\/thelyflabs.com\\\/tienda\"},{\"@type\":\"ListItem\",\"position\":3,\"name\":\"Grinder Iguana Smoke Biodegradable Ecol\u00f3gico &#8211; 24 unidades\"}]},{\"@type\":\"WebSite\",\"@id\":\"https:\\\/\\\/thelyflabs.com\\\/#website\",\"url\":\"https:\\\/\\\/thelyflabs.com\\\/\",\"name\":\"The LYF Labs\",\"description\":\"CBD al por mayor\",\"publisher\":{\"@id\":\"https:\\\/\\\/thelyflabs.com\\\/#organization\"},\"potentialAction\":[{\"@type\":\"SearchAction\",\"target\":{\"@type\":\"EntryPoint\",\"urlTemplate\":\"https:\\\/\\\/thelyflabs.com\\\/?s={search_term_string}\"},\"query-input\":{\"@type\":\"PropertyValueSpecification\",\"valueRequired\":true,\"valueName\":\"search_term_string\"}}],\"inLanguage\":\"fr-FR\"},{\"@type\":\"Organization\",\"@id\":\"https:\\\/\\\/thelyflabs.com\\\/#organization\",\"name\":\"The LYF Labs\",\"url\":\"https:\\\/\\\/thelyflabs.com\\\/\",\"logo\":{\"@type\":\"ImageObject\",\"inLanguage\":\"fr-FR\",\"@id\":\"https:\\\/\\\/thelyflabs.com\\\/#\\\/schema\\\/logo\\\/image\\\/\",\"url\":\"https:\\\/\\\/thelyflabs.com\\\/wp-content\\\/uploads\\\/2023\\\/01\\\/cropped-LogoTheLYFLabs.png\",\"contentUrl\":\"https:\\\/\\\/thelyflabs.com\\\/wp-content\\\/uploads\\\/2023\\\/01\\\/cropped-LogoTheLYFLabs.png\",\"width\":600,\"height\":180,\"caption\":\"The LYF Labs\"},\"image\":{\"@id\":\"https:\\\/\\\/thelyflabs.com\\\/#\\\/schema\\\/logo\\\/image\\\/\"}}]}<\/script>\n<!-- \/ Yoast SEO plugin. -->","yoast_head_json":{"title":"Broyeur \u00e0 fum\u00e9e Iguana biod\u00e9gradable et \u00e9cologique - 24 unit\u00e9s - THE LYF LABS","description":"Achetez le grinder biod\u00e9gradable au meilleur prix et avec une qualit\u00e9 in\u00e9gal\u00e9e chez Iguana Smoke. Boutique exclusive pour les grossistes en CBD.","robots":{"index":"index","follow":"follow","max-snippet":"max-snippet:-1","max-image-preview":"max-image-preview:large","max-video-preview":"max-video-preview:-1"},"canonical":"https:\/\/thelyflabs.com\/fr\/product\/grinder-eco-bio\/","og_locale":"fr_FR","og_type":"article","og_title":"Grinder Iguana Smoke Biodegradable Ecol\u00f3gico - 24 unidades - THE LYF LABS","og_description":"Compra el Grinder Biodegradable al mejor precio y con una calidad inigualable en Iguana Smoke. Tienda exclusiva para mayoristas de CBD","og_url":"https:\/\/thelyflabs.com\/fr\/product\/grinder-eco-bio\/","og_site_name":"THE LYF LABS","article_modified_time":"2026-03-02T09:37:29+00:00","og_image":[{"width":1000,"height":1000,"url":"https:\/\/thelyflabs.com\/wp-content\/uploads\/2023\/06\/ALL2.png","type":"image\/png"}],"twitter_card":"summary_large_image","twitter_misc":{"Dur\u00e9e de lecture estim\u00e9e":"4 minutes"},"schema":{"@context":"https:\/\/schema.org","@graph":[{"@type":"WebPage","@id":"https:\/\/thelyflabs.com\/product\/grinder-eco-bio","url":"https:\/\/thelyflabs.com\/product\/grinder-eco-bio","name":"Broyeur \u00e0 fum\u00e9e Iguana biod\u00e9gradable et \u00e9cologique - 24 unit\u00e9s - THE LYF LABS","isPartOf":{"@id":"https:\/\/thelyflabs.com\/#website"},"primaryImageOfPage":{"@id":"https:\/\/thelyflabs.com\/product\/grinder-eco-bio#primaryimage"},"image":{"@id":"https:\/\/thelyflabs.com\/product\/grinder-eco-bio#primaryimage"},"thumbnailUrl":"https:\/\/thelyflabs.com\/wp-content\/uploads\/2023\/06\/ALL2.png","datePublished":"2023-06-13T15:02:10+00:00","dateModified":"2026-03-02T09:37:29+00:00","description":"Achetez le grinder biod\u00e9gradable au meilleur prix et avec une qualit\u00e9 in\u00e9gal\u00e9e chez Iguana Smoke. Boutique exclusive pour les grossistes en CBD.","breadcrumb":{"@id":"https:\/\/thelyflabs.com\/product\/grinder-eco-bio#breadcrumb"},"inLanguage":"fr-FR","potentialAction":[{"@type":"ReadAction","target":["https:\/\/thelyflabs.com\/product\/grinder-eco-bio"]}]},{"@type":"ImageObject","inLanguage":"fr-FR","@id":"https:\/\/thelyflabs.com\/product\/grinder-eco-bio#primaryimage","url":"https:\/\/thelyflabs.com\/wp-content\/uploads\/2023\/06\/ALL2.png","contentUrl":"https:\/\/thelyflabs.com\/wp-content\/uploads\/2023\/06\/ALL2.png","width":1000,"height":1000,"caption":"grinder biodegradable"},{"@type":"BreadcrumbList","@id":"https:\/\/thelyflabs.com\/product\/grinder-eco-bio#breadcrumb","itemListElement":[{"@type":"ListItem","position":1,"name":"Portada","item":"https:\/\/thelyflabs.com\/"},{"@type":"ListItem","position":2,"name":"Tienda","item":"https:\/\/thelyflabs.com\/tienda"},{"@type":"ListItem","position":3,"name":"Grinder Iguana Smoke Biodegradable Ecol\u00f3gico &#8211; 24 unidades"}]},{"@type":"WebSite","@id":"https:\/\/thelyflabs.com\/#website","url":"https:\/\/thelyflabs.com\/","name":"Les laboratoires LYF","description":"Vente en gros de CBD","publisher":{"@id":"https:\/\/thelyflabs.com\/#organization"},"potentialAction":[{"@type":"SearchAction","target":{"@type":"EntryPoint","urlTemplate":"https:\/\/thelyflabs.com\/?s={search_term_string}"},"query-input":{"@type":"PropertyValueSpecification","valueRequired":true,"valueName":"search_term_string"}}],"inLanguage":"fr-FR"},{"@type":"Organization","@id":"https:\/\/thelyflabs.com\/#organization","name":"Les laboratoires LYF","url":"https:\/\/thelyflabs.com\/","logo":{"@type":"ImageObject","inLanguage":"fr-FR","@id":"https:\/\/thelyflabs.com\/#\/schema\/logo\/image\/","url":"https:\/\/thelyflabs.com\/wp-content\/uploads\/2023\/01\/cropped-LogoTheLYFLabs.png","contentUrl":"https:\/\/thelyflabs.com\/wp-content\/uploads\/2023\/01\/cropped-LogoTheLYFLabs.png","width":600,"height":180,"caption":"The LYF Labs"},"image":{"@id":"https:\/\/thelyflabs.com\/#\/schema\/logo\/image\/"}}]}},"_links":{"self":[{"href":"https:\/\/thelyflabs.com\/fr\/wp-json\/wp\/v2\/product\/2051","targetHints":{"allow":["GET"]}}],"collection":[{"href":"https:\/\/thelyflabs.com\/fr\/wp-json\/wp\/v2\/product"}],"about":[{"href":"https:\/\/thelyflabs.com\/fr\/wp-json\/wp\/v2\/types\/product"}],"replies":[{"embeddable":true,"href":"https:\/\/thelyflabs.com\/fr\/wp-json\/wp\/v2\/comments?post=2051"}],"wp:featuredmedia":[{"embeddable":true,"href":"https:\/\/thelyflabs.com\/fr\/wp-json\/wp\/v2\/media\/2054"}],"wp:attachment":[{"href":"https:\/\/thelyflabs.com\/fr\/wp-json\/wp\/v2\/media?parent=2051"}],"wp:term":[{"taxonomy":"product_brand","embeddable":true,"href":"https:\/\/thelyflabs.com\/fr\/wp-json\/wp\/v2\/product_brand?post=2051"},{"taxonomy":"product_cat","embeddable":true,"href":"https:\/\/thelyflabs.com\/fr\/wp-json\/wp\/v2\/product_cat?post=2051"},{"taxonomy":"product_tag","embeddable":true,"href":"https:\/\/thelyflabs.com\/fr\/wp-json\/wp\/v2\/product_tag?post=2051"}],"curies":[{"name":"wp","href":"https:\/\/api.w.org\/{rel}","templated":true}]}}