{"id":2143,"date":"2023-06-19T17:52:43","date_gmt":"2023-06-19T17:52:43","guid":{"rendered":"https:\/\/thelyflabs.com\/?post_type=product&#038;p=2143"},"modified":"2026-02-22T12:26:28","modified_gmt":"2026-02-22T11:26:28","slug":"alien-og-cbd","status":"publish","type":"product","link":"https:\/\/thelyflabs.com\/fr\/product\/alien-og-cbd","title":{"rendered":"Alien OG CBD"},"content":{"rendered":"<h3>Alien OG CBD<\/h3>\n<p style=\"text-align: justify\">Les fleurs de CBD Iguana Smoke sont r\u00e9colt\u00e9es 100% de mani\u00e8re biologique, sans pesticides ni OGM.<\/p>\n<p>Vari\u00e9t\u00e9 <strong>Alien OG CBD<\/strong> Il a une saveur tr\u00e8s citronn\u00e9e, avec des notes de tarte au citron, tandis qu&#039;\u00e0 l&#039;expiration, la bouche est remplie d&#039;ar\u00f4mes frais et herbac\u00e9s de pin.<\/p>\n<p style=\"text-align: justify\">Toutes les fleurs d&#039;Iguana Smoke sont l\u00e9gales 100% car elles sont r\u00e9colt\u00e9es \u00e0 partir de plantes de Cannabis Sativa approuv\u00e9es par l&#039;Union europ\u00e9enne et contiennent moins de 0,2% de THC, elles n&#039;ont donc aucun effet psychoactif.<\/p>\n<h4>POURQUOI L&#039;IGUANE FUME\u00a0?<\/h4>\n<p>Iguana Smoke est synonyme de qualit\u00e9 ; une marque attrayante qui connecte avec les nouvelles g\u00e9n\u00e9rations de consommateurs de CBD qui recherchent un produit s\u00fbr, fiable et abordable, qui poss\u00e8de toutes les caract\u00e9ristiques pour se positionner avec succ\u00e8s sur le march\u00e9 florissant du CBD. Si vous avez des questions, contactez-nous et nous serons heureux de vous aider.<\/p>","protected":false},"excerpt":{"rendered":"<ul>\n<li>\n<ul>\n<li>CBD : 15% \/ THC : &lt; 0,2%<\/li>\n<li>Dominante Sativa<\/li>\n<li>Ar\u00f4me intense et p\u00e9n\u00e9trant, avec une odeur de terre et de pin associ\u00e9e \u00e0 des notes sucr\u00e9es et \u00e9pic\u00e9es.<\/li>\n<\/ul>\n<p>100% l\u00e9gal en Europe<\/p>\n<p>Analyse qualit\u00e9 : cliquez <a href=\"https:\/\/iguanasmoke.com\/wp-content\/uploads\/2018\/02\/Flor-Gorilla-Glue.pdf\" target=\"_blank\" rel=\"noopener\">ici<\/a><\/li>\n<\/ul>","protected":false},"featured_media":8025,"comment_status":"open","ping_status":"closed","template":"","meta":{"_acf_changed":false,"site-sidebar-layout":"default","site-content-layout":"default","ast-site-content-layout":"default","site-content-style":"default","site-sidebar-style":"default","ast-global-header-display":"","ast-banner-title-visibility":"","ast-main-header-display":"","ast-hfb-above-header-display":"","ast-hfb-below-header-display":"","ast-hfb-mobile-header-display":"","site-post-title":"","ast-breadcrumbs-content":"","ast-featured-img":"","footer-sml-layout":"","theme-transparent-header-meta":"default","adv-header-id-meta":"","stick-header-meta":"","header-above-stick-meta":"","header-main-stick-meta":"","header-below-stick-meta":"","astra-migrate-meta-layouts":"set","ast-page-background-enabled":"default","ast-page-background-meta":{"desktop":{"background-color":"var(--ast-global-color-4)","background-image":"","background-repeat":"repeat","background-position":"center center","background-size":"auto","background-attachment":"scroll","background-type":"","background-media":"","overlay-type":"","overlay-color":"","overlay-opacity":"","overlay-gradient":""},"tablet":{"background-color":"","background-image":"","background-repeat":"repeat","background-position":"center center","background-size":"auto","background-attachment":"scroll","background-type":"","background-media":"","overlay-type":"","overlay-color":"","overlay-opacity":"","overlay-gradient":""},"mobile":{"background-color":"","background-image":"","background-repeat":"repeat","background-position":"center center","background-size":"auto","background-attachment":"scroll","background-type":"","background-media":"","overlay-type":"","overlay-color":"","overlay-opacity":"","overlay-gradient":""}},"ast-content-background-meta":{"desktop":{"background-color":"var(--ast-global-color-5)","background-image":"","background-repeat":"repeat","background-position":"center center","background-size":"auto","background-attachment":"scroll","background-type":"","background-media":"","overlay-type":"","overlay-color":"","overlay-opacity":"","overlay-gradient":""},"tablet":{"background-color":"var(--ast-global-color-5)","background-image":"","background-repeat":"repeat","background-position":"center center","background-size":"auto","background-attachment":"scroll","background-type":"","background-media":"","overlay-type":"","overlay-color":"","overlay-opacity":"","overlay-gradient":""},"mobile":{"background-color":"var(--ast-global-color-5)","background-image":"","background-repeat":"repeat","background-position":"center center","background-size":"auto","background-attachment":"scroll","background-type":"","background-media":"","overlay-type":"","overlay-color":"","overlay-opacity":"","overlay-gradient":""}}},"product_brand":[],"product_cat":[24,40],"product_tag":[],"class_list":{"0":"post-2143","1":"product","2":"type-product","3":"status-publish","4":"has-post-thumbnail","6":"product_cat-flores-de-cbd","7":"product_cat-iguanasmoke","8":"desktop-align-center","9":"tablet-align-left","10":"mobile-align-left","12":"first","13":"instock","14":"taxable","15":"shipping-taxable","16":"purchasable","17":"product-type-variable"},"acf":[],"yoast_head":"<!-- This site is optimized with the Yoast SEO plugin v27.4 - https:\/\/yoast.com\/product\/yoast-seo-wordpress\/ -->\n<title>Alien OG CBD - THE LYF LABS<\/title>\n<meta name=\"robots\" content=\"index, follow, max-snippet:-1, max-image-preview:large, max-video-preview:-1\" \/>\n<link rel=\"canonical\" href=\"https:\/\/thelyflabs.com\/fr\/product\/alien-og-cbd\/\" \/>\n<meta property=\"og:locale\" content=\"fr_FR\" \/>\n<meta property=\"og:type\" content=\"article\" \/>\n<meta property=\"og:title\" content=\"Alien OG CBD - THE LYF LABS\" \/>\n<meta property=\"og:description\" content=\"CBD: 15% \/ THC: &lt; 0,2%  Dominante Sativa  Aroma\u00a0intenso y penetrante, con un olor a tierra y pino combinado con notas dulces y especiadas.  100% legal en Europa  An\u00e1lisis de calidad: pincha aqu\u00ed\" \/>\n<meta property=\"og:url\" content=\"https:\/\/thelyflabs.com\/fr\/product\/alien-og-cbd\/\" \/>\n<meta property=\"og:site_name\" content=\"THE LYF LABS\" \/>\n<meta property=\"article:modified_time\" content=\"2026-02-22T11:26:28+00:00\" \/>\n<meta property=\"og:image\" content=\"https:\/\/thelyflabs.com\/wp-content\/uploads\/2023\/06\/Alien-OG-1.webp\" \/>\n\t<meta property=\"og:image:width\" content=\"1000\" \/>\n\t<meta property=\"og:image:height\" content=\"1000\" \/>\n\t<meta property=\"og:image:type\" content=\"image\/webp\" \/>\n<meta name=\"twitter:card\" content=\"summary_large_image\" \/>\n<meta name=\"twitter:label1\" content=\"Dur\u00e9e de lecture estim\u00e9e\" \/>\n\t<meta name=\"twitter:data1\" content=\"1 minute\" \/>\n<script type=\"application\/ld+json\" class=\"yoast-schema-graph\">{\"@context\":\"https:\\\/\\\/schema.org\",\"@graph\":[{\"@type\":\"WebPage\",\"@id\":\"https:\\\/\\\/thelyflabs.com\\\/product\\\/alien-og-cbd\",\"url\":\"https:\\\/\\\/thelyflabs.com\\\/product\\\/alien-og-cbd\",\"name\":\"Alien OG CBD - THE LYF LABS\",\"isPartOf\":{\"@id\":\"https:\\\/\\\/thelyflabs.com\\\/#website\"},\"primaryImageOfPage\":{\"@id\":\"https:\\\/\\\/thelyflabs.com\\\/product\\\/alien-og-cbd#primaryimage\"},\"image\":{\"@id\":\"https:\\\/\\\/thelyflabs.com\\\/product\\\/alien-og-cbd#primaryimage\"},\"thumbnailUrl\":\"https:\\\/\\\/thelyflabs.com\\\/wp-content\\\/uploads\\\/2023\\\/06\\\/Alien-OG-1.webp\",\"datePublished\":\"2023-06-19T17:52:43+00:00\",\"dateModified\":\"2026-02-22T11:26:28+00:00\",\"breadcrumb\":{\"@id\":\"https:\\\/\\\/thelyflabs.com\\\/product\\\/alien-og-cbd#breadcrumb\"},\"inLanguage\":\"fr-FR\",\"potentialAction\":[{\"@type\":\"ReadAction\",\"target\":[\"https:\\\/\\\/thelyflabs.com\\\/product\\\/alien-og-cbd\"]}]},{\"@type\":\"ImageObject\",\"inLanguage\":\"fr-FR\",\"@id\":\"https:\\\/\\\/thelyflabs.com\\\/product\\\/alien-og-cbd#primaryimage\",\"url\":\"https:\\\/\\\/thelyflabs.com\\\/wp-content\\\/uploads\\\/2023\\\/06\\\/Alien-OG-1.webp\",\"contentUrl\":\"https:\\\/\\\/thelyflabs.com\\\/wp-content\\\/uploads\\\/2023\\\/06\\\/Alien-OG-1.webp\",\"width\":1000,\"height\":1000,\"caption\":\"bolsa alien og\"},{\"@type\":\"BreadcrumbList\",\"@id\":\"https:\\\/\\\/thelyflabs.com\\\/product\\\/alien-og-cbd#breadcrumb\",\"itemListElement\":[{\"@type\":\"ListItem\",\"position\":1,\"name\":\"Portada\",\"item\":\"https:\\\/\\\/thelyflabs.com\\\/\"},{\"@type\":\"ListItem\",\"position\":2,\"name\":\"Tienda\",\"item\":\"https:\\\/\\\/thelyflabs.com\\\/tienda\"},{\"@type\":\"ListItem\",\"position\":3,\"name\":\"Alien OG CBD\"}]},{\"@type\":\"WebSite\",\"@id\":\"https:\\\/\\\/thelyflabs.com\\\/#website\",\"url\":\"https:\\\/\\\/thelyflabs.com\\\/\",\"name\":\"The LYF Labs\",\"description\":\"CBD al por mayor\",\"publisher\":{\"@id\":\"https:\\\/\\\/thelyflabs.com\\\/#organization\"},\"potentialAction\":[{\"@type\":\"SearchAction\",\"target\":{\"@type\":\"EntryPoint\",\"urlTemplate\":\"https:\\\/\\\/thelyflabs.com\\\/?s={search_term_string}\"},\"query-input\":{\"@type\":\"PropertyValueSpecification\",\"valueRequired\":true,\"valueName\":\"search_term_string\"}}],\"inLanguage\":\"fr-FR\"},{\"@type\":\"Organization\",\"@id\":\"https:\\\/\\\/thelyflabs.com\\\/#organization\",\"name\":\"The LYF Labs\",\"url\":\"https:\\\/\\\/thelyflabs.com\\\/\",\"logo\":{\"@type\":\"ImageObject\",\"inLanguage\":\"fr-FR\",\"@id\":\"https:\\\/\\\/thelyflabs.com\\\/#\\\/schema\\\/logo\\\/image\\\/\",\"url\":\"https:\\\/\\\/thelyflabs.com\\\/wp-content\\\/uploads\\\/2023\\\/01\\\/cropped-LogoTheLYFLabs.png\",\"contentUrl\":\"https:\\\/\\\/thelyflabs.com\\\/wp-content\\\/uploads\\\/2023\\\/01\\\/cropped-LogoTheLYFLabs.png\",\"width\":600,\"height\":180,\"caption\":\"The LYF Labs\"},\"image\":{\"@id\":\"https:\\\/\\\/thelyflabs.com\\\/#\\\/schema\\\/logo\\\/image\\\/\"}}]}<\/script>\n<!-- \/ Yoast SEO plugin. -->","yoast_head_json":{"title":"Alien OG CBD - THE LYF LABS","robots":{"index":"index","follow":"follow","max-snippet":"max-snippet:-1","max-image-preview":"max-image-preview:large","max-video-preview":"max-video-preview:-1"},"canonical":"https:\/\/thelyflabs.com\/fr\/product\/alien-og-cbd\/","og_locale":"fr_FR","og_type":"article","og_title":"Alien OG CBD - THE LYF LABS","og_description":"CBD: 15% \/ THC: &lt; 0,2%  Dominante Sativa  Aroma\u00a0intenso y penetrante, con un olor a tierra y pino combinado con notas dulces y especiadas.  100% legal en Europa  An\u00e1lisis de calidad: pincha aqu\u00ed","og_url":"https:\/\/thelyflabs.com\/fr\/product\/alien-og-cbd\/","og_site_name":"THE LYF LABS","article_modified_time":"2026-02-22T11:26:28+00:00","og_image":[{"width":1000,"height":1000,"url":"https:\/\/thelyflabs.com\/wp-content\/uploads\/2023\/06\/Alien-OG-1.webp","type":"image\/webp"}],"twitter_card":"summary_large_image","twitter_misc":{"Dur\u00e9e de lecture estim\u00e9e":"1 minute"},"schema":{"@context":"https:\/\/schema.org","@graph":[{"@type":"WebPage","@id":"https:\/\/thelyflabs.com\/product\/alien-og-cbd","url":"https:\/\/thelyflabs.com\/product\/alien-og-cbd","name":"Alien OG CBD - THE LYF LABS","isPartOf":{"@id":"https:\/\/thelyflabs.com\/#website"},"primaryImageOfPage":{"@id":"https:\/\/thelyflabs.com\/product\/alien-og-cbd#primaryimage"},"image":{"@id":"https:\/\/thelyflabs.com\/product\/alien-og-cbd#primaryimage"},"thumbnailUrl":"https:\/\/thelyflabs.com\/wp-content\/uploads\/2023\/06\/Alien-OG-1.webp","datePublished":"2023-06-19T17:52:43+00:00","dateModified":"2026-02-22T11:26:28+00:00","breadcrumb":{"@id":"https:\/\/thelyflabs.com\/product\/alien-og-cbd#breadcrumb"},"inLanguage":"fr-FR","potentialAction":[{"@type":"ReadAction","target":["https:\/\/thelyflabs.com\/product\/alien-og-cbd"]}]},{"@type":"ImageObject","inLanguage":"fr-FR","@id":"https:\/\/thelyflabs.com\/product\/alien-og-cbd#primaryimage","url":"https:\/\/thelyflabs.com\/wp-content\/uploads\/2023\/06\/Alien-OG-1.webp","contentUrl":"https:\/\/thelyflabs.com\/wp-content\/uploads\/2023\/06\/Alien-OG-1.webp","width":1000,"height":1000,"caption":"bolsa alien og"},{"@type":"BreadcrumbList","@id":"https:\/\/thelyflabs.com\/product\/alien-og-cbd#breadcrumb","itemListElement":[{"@type":"ListItem","position":1,"name":"Portada","item":"https:\/\/thelyflabs.com\/"},{"@type":"ListItem","position":2,"name":"Tienda","item":"https:\/\/thelyflabs.com\/tienda"},{"@type":"ListItem","position":3,"name":"Alien OG CBD"}]},{"@type":"WebSite","@id":"https:\/\/thelyflabs.com\/#website","url":"https:\/\/thelyflabs.com\/","name":"Les laboratoires LYF","description":"Vente en gros de CBD","publisher":{"@id":"https:\/\/thelyflabs.com\/#organization"},"potentialAction":[{"@type":"SearchAction","target":{"@type":"EntryPoint","urlTemplate":"https:\/\/thelyflabs.com\/?s={search_term_string}"},"query-input":{"@type":"PropertyValueSpecification","valueRequired":true,"valueName":"search_term_string"}}],"inLanguage":"fr-FR"},{"@type":"Organization","@id":"https:\/\/thelyflabs.com\/#organization","name":"Les laboratoires LYF","url":"https:\/\/thelyflabs.com\/","logo":{"@type":"ImageObject","inLanguage":"fr-FR","@id":"https:\/\/thelyflabs.com\/#\/schema\/logo\/image\/","url":"https:\/\/thelyflabs.com\/wp-content\/uploads\/2023\/01\/cropped-LogoTheLYFLabs.png","contentUrl":"https:\/\/thelyflabs.com\/wp-content\/uploads\/2023\/01\/cropped-LogoTheLYFLabs.png","width":600,"height":180,"caption":"The LYF Labs"},"image":{"@id":"https:\/\/thelyflabs.com\/#\/schema\/logo\/image\/"}}]}},"_links":{"self":[{"href":"https:\/\/thelyflabs.com\/fr\/wp-json\/wp\/v2\/product\/2143","targetHints":{"allow":["GET"]}}],"collection":[{"href":"https:\/\/thelyflabs.com\/fr\/wp-json\/wp\/v2\/product"}],"about":[{"href":"https:\/\/thelyflabs.com\/fr\/wp-json\/wp\/v2\/types\/product"}],"replies":[{"embeddable":true,"href":"https:\/\/thelyflabs.com\/fr\/wp-json\/wp\/v2\/comments?post=2143"}],"wp:featuredmedia":[{"embeddable":true,"href":"https:\/\/thelyflabs.com\/fr\/wp-json\/wp\/v2\/media\/8025"}],"wp:attachment":[{"href":"https:\/\/thelyflabs.com\/fr\/wp-json\/wp\/v2\/media?parent=2143"}],"wp:term":[{"taxonomy":"product_brand","embeddable":true,"href":"https:\/\/thelyflabs.com\/fr\/wp-json\/wp\/v2\/product_brand?post=2143"},{"taxonomy":"product_cat","embeddable":true,"href":"https:\/\/thelyflabs.com\/fr\/wp-json\/wp\/v2\/product_cat?post=2143"},{"taxonomy":"product_tag","embeddable":true,"href":"https:\/\/thelyflabs.com\/fr\/wp-json\/wp\/v2\/product_tag?post=2143"}],"curies":[{"name":"wp","href":"https:\/\/api.w.org\/{rel}","templated":true}]}}