{"id":2334,"date":"2023-07-06T19:35:01","date_gmt":"2023-07-06T19:35:01","guid":{"rendered":"https:\/\/thelyflabs.com\/?post_type=product&#038;p=2334"},"modified":"2025-05-27T18:44:31","modified_gmt":"2025-05-27T16:44:31","slug":"eye-vape-pocket-watermelon-600-puffs","status":"publish","type":"product","link":"https:\/\/thelyflabs.com\/fr\/product\/eye-vape-pocket-watermelon-600-puffs","title":{"rendered":"Eye Vape Pocket \u2013 Past\u00e8que 600 Puffs"},"content":{"rendered":"<h2><strong>Pod jetable nicotine Eye vape Pocket Past\u00e8que<\/strong><\/h2>\n<p>Pr\u00e9sentation de la nouvelle dosette de nicotine jetable Eye Vape Pocket au go\u00fbt de past\u00e8que ! Sa saveur Past\u00e8que sera la plus proche que vous puissiez trouver du fruit et de sa fra\u00eecheur. Ses 600 bouff\u00e9es en font un accompagnement parfait. Existe en 8 saveurs diff\u00e9rentes :<\/p>\n<ul style=\"font-weight: 400;\">\n<li>bleuets<\/li>\n<li>Glace aux cerises<\/li>\n<li>Barbe \u00e0 papa<\/li>\n<li>Glace aux raisins<\/li>\n<li>Goyave<\/li>\n<li>Limonade rose<\/li>\n<li>\u00c9nergie Fraise<\/li>\n<li>Past\u00e8que<\/li>\n<\/ul>\n<p>Choisissez-le et commencez \u00e0 en profiter\u00a0!<\/p>","protected":false},"excerpt":{"rendered":"<h2>Eye vape Pocket saveur Fraise<\/h2>\n<p>Caract\u00e9ristiques:<\/p>\n<ul>\n<li style=\"font-weight: 400;\">Taille: 93x14mm<\/li>\n<li style=\"font-weight: 400;\">Batterie : 400 mAh<\/li>\n<li style=\"font-weight: 400;\">Capacit\u00e9 : 2 ml<\/li>\n<li style=\"font-weight: 400;\">Poufs\u00a0: 600<\/li>\n<li style=\"font-weight: 400;\">Mat\u00e9riau ext\u00e9rieur : caoutchouc<\/li>\n<li style=\"font-weight: 400;\">Nicotine : 20 mg\/ml \u2013 2%<\/li>\n<li style=\"font-weight: 400;\">Conditionnement : Bo\u00eete \u00e0 tabac 88x55x23 (pr\u00eate \u00e0 la vente)<\/li>\n<\/ul>\n<p>Consulter pour de grandes quantit\u00e9s<\/p>","protected":false},"featured_media":2338,"comment_status":"open","ping_status":"closed","template":"","meta":{"_acf_changed":false,"site-sidebar-layout":"default","site-content-layout":"default","ast-site-content-layout":"default","site-content-style":"default","site-sidebar-style":"default","ast-global-header-display":"","ast-banner-title-visibility":"","ast-main-header-display":"","ast-hfb-above-header-display":"","ast-hfb-below-header-display":"","ast-hfb-mobile-header-display":"","site-post-title":"","ast-breadcrumbs-content":"","ast-featured-img":"","footer-sml-layout":"","theme-transparent-header-meta":"default","adv-header-id-meta":"","stick-header-meta":"","header-above-stick-meta":"","header-main-stick-meta":"","header-below-stick-meta":"","astra-migrate-meta-layouts":"default","ast-page-background-enabled":"default","ast-page-background-meta":{"desktop":{"background-color":"var(--ast-global-color-4)","background-image":"","background-repeat":"repeat","background-position":"center center","background-size":"auto","background-attachment":"scroll","background-type":"","background-media":"","overlay-type":"","overlay-color":"","overlay-opacity":"","overlay-gradient":""},"tablet":{"background-color":"","background-image":"","background-repeat":"repeat","background-position":"center center","background-size":"auto","background-attachment":"scroll","background-type":"","background-media":"","overlay-type":"","overlay-color":"","overlay-opacity":"","overlay-gradient":""},"mobile":{"background-color":"","background-image":"","background-repeat":"repeat","background-position":"center center","background-size":"auto","background-attachment":"scroll","background-type":"","background-media":"","overlay-type":"","overlay-color":"","overlay-opacity":"","overlay-gradient":""}},"ast-content-background-meta":{"desktop":{"background-color":"var(--ast-global-color-5)","background-image":"","background-repeat":"repeat","background-position":"center center","background-size":"auto","background-attachment":"scroll","background-type":"","background-media":"","overlay-type":"","overlay-color":"","overlay-opacity":"","overlay-gradient":""},"tablet":{"background-color":"var(--ast-global-color-5)","background-image":"","background-repeat":"repeat","background-position":"center center","background-size":"auto","background-attachment":"scroll","background-type":"","background-media":"","overlay-type":"","overlay-color":"","overlay-opacity":"","overlay-gradient":""},"mobile":{"background-color":"var(--ast-global-color-5)","background-image":"","background-repeat":"repeat","background-position":"center center","background-size":"auto","background-attachment":"scroll","background-type":"","background-media":"","overlay-type":"","overlay-color":"","overlay-opacity":"","overlay-gradient":""}}},"product_brand":[],"product_cat":[73],"product_tag":[],"class_list":{"0":"post-2334","1":"product","2":"type-product","3":"status-publish","4":"has-post-thumbnail","6":"product_cat-pod-desechable-nicotina","7":"desktop-align-center","8":"tablet-align-left","9":"mobile-align-left","11":"first","12":"outofstock","13":"taxable","14":"shipping-taxable","15":"purchasable","16":"product-type-simple"},"acf":[],"yoast_head":"<!-- This site is optimized with the Yoast SEO plugin v27.3 - https:\/\/yoast.com\/product\/yoast-seo-wordpress\/ -->\n<title>Eye Vape Pocket - Watermelon 600 Puffs - THE LYF LABS<\/title>\n<meta name=\"description\" content=\"Pod desechable con nicotina Eye Vape Pocket Watermelon. El Eye Vape de nicotina contiene 600 caladas y una tasa de 20mg\/ml.\" \/>\n<meta name=\"robots\" content=\"index, follow, max-snippet:-1, max-image-preview:large, max-video-preview:-1\" \/>\n<link rel=\"canonical\" href=\"https:\/\/thelyflabs.com\/fr\/product\/eye-vape-pocket-watermelon-600-puffs\/\" \/>\n<meta property=\"og:locale\" content=\"fr_FR\" \/>\n<meta property=\"og:type\" content=\"article\" \/>\n<meta property=\"og:title\" content=\"Eye Vape Pocket - Watermelon 600 Puffs - THE LYF LABS\" \/>\n<meta property=\"og:description\" content=\"Pod desechable con nicotina Eye Vape Pocket Watermelon. El Eye Vape de nicotina contiene 600 caladas y una tasa de 20mg\/ml.\" \/>\n<meta property=\"og:url\" content=\"https:\/\/thelyflabs.com\/fr\/product\/eye-vape-pocket-watermelon-600-puffs\/\" \/>\n<meta property=\"og:site_name\" content=\"THE LYF LABS\" \/>\n<meta property=\"article:modified_time\" content=\"2025-05-27T16:44:31+00:00\" \/>\n<meta property=\"og:image\" content=\"https:\/\/thelyflabs.com\/wp-content\/uploads\/2023\/07\/eye-vape-watermelon.webp\" \/>\n\t<meta property=\"og:image:width\" content=\"500\" \/>\n\t<meta property=\"og:image:height\" content=\"500\" \/>\n\t<meta property=\"og:image:type\" content=\"image\/webp\" \/>\n<meta name=\"twitter:card\" content=\"summary_large_image\" \/>\n<meta name=\"twitter:label1\" content=\"Dur\u00e9e de lecture estim\u00e9e\" \/>\n\t<meta name=\"twitter:data1\" content=\"1 minute\" \/>\n<script type=\"application\/ld+json\" class=\"yoast-schema-graph\">{\"@context\":\"https:\\\/\\\/schema.org\",\"@graph\":[{\"@type\":\"WebPage\",\"@id\":\"https:\\\/\\\/thelyflabs.com\\\/product\\\/eye-vape-pocket-watermelon-600-puffs\",\"url\":\"https:\\\/\\\/thelyflabs.com\\\/product\\\/eye-vape-pocket-watermelon-600-puffs\",\"name\":\"Eye Vape Pocket - Watermelon 600 Puffs - THE LYF LABS\",\"isPartOf\":{\"@id\":\"https:\\\/\\\/thelyflabs.com\\\/#website\"},\"primaryImageOfPage\":{\"@id\":\"https:\\\/\\\/thelyflabs.com\\\/product\\\/eye-vape-pocket-watermelon-600-puffs#primaryimage\"},\"image\":{\"@id\":\"https:\\\/\\\/thelyflabs.com\\\/product\\\/eye-vape-pocket-watermelon-600-puffs#primaryimage\"},\"thumbnailUrl\":\"https:\\\/\\\/thelyflabs.com\\\/wp-content\\\/uploads\\\/2023\\\/07\\\/eye-vape-watermelon.webp\",\"datePublished\":\"2023-07-06T19:35:01+00:00\",\"dateModified\":\"2025-05-27T16:44:31+00:00\",\"description\":\"Pod desechable con nicotina Eye Vape Pocket Watermelon. El Eye Vape de nicotina contiene 600 caladas y una tasa de 20mg\\\/ml.\",\"breadcrumb\":{\"@id\":\"https:\\\/\\\/thelyflabs.com\\\/product\\\/eye-vape-pocket-watermelon-600-puffs#breadcrumb\"},\"inLanguage\":\"fr-FR\",\"potentialAction\":[{\"@type\":\"ReadAction\",\"target\":[\"https:\\\/\\\/thelyflabs.com\\\/product\\\/eye-vape-pocket-watermelon-600-puffs\"]}]},{\"@type\":\"ImageObject\",\"inLanguage\":\"fr-FR\",\"@id\":\"https:\\\/\\\/thelyflabs.com\\\/product\\\/eye-vape-pocket-watermelon-600-puffs#primaryimage\",\"url\":\"https:\\\/\\\/thelyflabs.com\\\/wp-content\\\/uploads\\\/2023\\\/07\\\/eye-vape-watermelon.webp\",\"contentUrl\":\"https:\\\/\\\/thelyflabs.com\\\/wp-content\\\/uploads\\\/2023\\\/07\\\/eye-vape-watermelon.webp\",\"width\":500,\"height\":500,\"caption\":\"eye vape pocket nicotina al por mayor\"},{\"@type\":\"BreadcrumbList\",\"@id\":\"https:\\\/\\\/thelyflabs.com\\\/product\\\/eye-vape-pocket-watermelon-600-puffs#breadcrumb\",\"itemListElement\":[{\"@type\":\"ListItem\",\"position\":1,\"name\":\"Portada\",\"item\":\"https:\\\/\\\/thelyflabs.com\\\/\"},{\"@type\":\"ListItem\",\"position\":2,\"name\":\"Tienda\",\"item\":\"https:\\\/\\\/thelyflabs.com\\\/tienda\"},{\"@type\":\"ListItem\",\"position\":3,\"name\":\"Eye Vape Pocket &#8211; Watermelon 600 Puffs\"}]},{\"@type\":\"WebSite\",\"@id\":\"https:\\\/\\\/thelyflabs.com\\\/#website\",\"url\":\"https:\\\/\\\/thelyflabs.com\\\/\",\"name\":\"The LYF Labs\",\"description\":\"CBD al por mayor\",\"publisher\":{\"@id\":\"https:\\\/\\\/thelyflabs.com\\\/#organization\"},\"potentialAction\":[{\"@type\":\"SearchAction\",\"target\":{\"@type\":\"EntryPoint\",\"urlTemplate\":\"https:\\\/\\\/thelyflabs.com\\\/?s={search_term_string}\"},\"query-input\":{\"@type\":\"PropertyValueSpecification\",\"valueRequired\":true,\"valueName\":\"search_term_string\"}}],\"inLanguage\":\"fr-FR\"},{\"@type\":\"Organization\",\"@id\":\"https:\\\/\\\/thelyflabs.com\\\/#organization\",\"name\":\"The LYF Labs\",\"url\":\"https:\\\/\\\/thelyflabs.com\\\/\",\"logo\":{\"@type\":\"ImageObject\",\"inLanguage\":\"fr-FR\",\"@id\":\"https:\\\/\\\/thelyflabs.com\\\/#\\\/schema\\\/logo\\\/image\\\/\",\"url\":\"https:\\\/\\\/thelyflabs.com\\\/wp-content\\\/uploads\\\/2023\\\/01\\\/cropped-LogoTheLYFLabs.png\",\"contentUrl\":\"https:\\\/\\\/thelyflabs.com\\\/wp-content\\\/uploads\\\/2023\\\/01\\\/cropped-LogoTheLYFLabs.png\",\"width\":600,\"height\":180,\"caption\":\"The LYF Labs\"},\"image\":{\"@id\":\"https:\\\/\\\/thelyflabs.com\\\/#\\\/schema\\\/logo\\\/image\\\/\"}}]}<\/script>\n<!-- \/ Yoast SEO plugin. -->","yoast_head_json":{"title":"Eye Vape Pocket - Watermelon 600 Puffs - THE LYF LABS","description":"Pod desechable con nicotina Eye Vape Pocket Watermelon. El Eye Vape de nicotina contiene 600 caladas y una tasa de 20mg\/ml.","robots":{"index":"index","follow":"follow","max-snippet":"max-snippet:-1","max-image-preview":"max-image-preview:large","max-video-preview":"max-video-preview:-1"},"canonical":"https:\/\/thelyflabs.com\/fr\/product\/eye-vape-pocket-watermelon-600-puffs\/","og_locale":"fr_FR","og_type":"article","og_title":"Eye Vape Pocket - Watermelon 600 Puffs - THE LYF LABS","og_description":"Pod desechable con nicotina Eye Vape Pocket Watermelon. El Eye Vape de nicotina contiene 600 caladas y una tasa de 20mg\/ml.","og_url":"https:\/\/thelyflabs.com\/fr\/product\/eye-vape-pocket-watermelon-600-puffs\/","og_site_name":"THE LYF LABS","article_modified_time":"2025-05-27T16:44:31+00:00","og_image":[{"width":500,"height":500,"url":"https:\/\/thelyflabs.com\/wp-content\/uploads\/2023\/07\/eye-vape-watermelon.webp","type":"image\/webp"}],"twitter_card":"summary_large_image","twitter_misc":{"Dur\u00e9e de lecture estim\u00e9e":"1 minute"},"schema":{"@context":"https:\/\/schema.org","@graph":[{"@type":"WebPage","@id":"https:\/\/thelyflabs.com\/product\/eye-vape-pocket-watermelon-600-puffs","url":"https:\/\/thelyflabs.com\/product\/eye-vape-pocket-watermelon-600-puffs","name":"Eye Vape Pocket - Watermelon 600 Puffs - THE LYF LABS","isPartOf":{"@id":"https:\/\/thelyflabs.com\/#website"},"primaryImageOfPage":{"@id":"https:\/\/thelyflabs.com\/product\/eye-vape-pocket-watermelon-600-puffs#primaryimage"},"image":{"@id":"https:\/\/thelyflabs.com\/product\/eye-vape-pocket-watermelon-600-puffs#primaryimage"},"thumbnailUrl":"https:\/\/thelyflabs.com\/wp-content\/uploads\/2023\/07\/eye-vape-watermelon.webp","datePublished":"2023-07-06T19:35:01+00:00","dateModified":"2025-05-27T16:44:31+00:00","description":"Pod desechable con nicotina Eye Vape Pocket Watermelon. El Eye Vape de nicotina contiene 600 caladas y una tasa de 20mg\/ml.","breadcrumb":{"@id":"https:\/\/thelyflabs.com\/product\/eye-vape-pocket-watermelon-600-puffs#breadcrumb"},"inLanguage":"fr-FR","potentialAction":[{"@type":"ReadAction","target":["https:\/\/thelyflabs.com\/product\/eye-vape-pocket-watermelon-600-puffs"]}]},{"@type":"ImageObject","inLanguage":"fr-FR","@id":"https:\/\/thelyflabs.com\/product\/eye-vape-pocket-watermelon-600-puffs#primaryimage","url":"https:\/\/thelyflabs.com\/wp-content\/uploads\/2023\/07\/eye-vape-watermelon.webp","contentUrl":"https:\/\/thelyflabs.com\/wp-content\/uploads\/2023\/07\/eye-vape-watermelon.webp","width":500,"height":500,"caption":"eye vape pocket nicotina al por mayor"},{"@type":"BreadcrumbList","@id":"https:\/\/thelyflabs.com\/product\/eye-vape-pocket-watermelon-600-puffs#breadcrumb","itemListElement":[{"@type":"ListItem","position":1,"name":"Portada","item":"https:\/\/thelyflabs.com\/"},{"@type":"ListItem","position":2,"name":"Tienda","item":"https:\/\/thelyflabs.com\/tienda"},{"@type":"ListItem","position":3,"name":"Eye Vape Pocket &#8211; Watermelon 600 Puffs"}]},{"@type":"WebSite","@id":"https:\/\/thelyflabs.com\/#website","url":"https:\/\/thelyflabs.com\/","name":"Les laboratoires LYF","description":"Vente en gros de CBD","publisher":{"@id":"https:\/\/thelyflabs.com\/#organization"},"potentialAction":[{"@type":"SearchAction","target":{"@type":"EntryPoint","urlTemplate":"https:\/\/thelyflabs.com\/?s={search_term_string}"},"query-input":{"@type":"PropertyValueSpecification","valueRequired":true,"valueName":"search_term_string"}}],"inLanguage":"fr-FR"},{"@type":"Organization","@id":"https:\/\/thelyflabs.com\/#organization","name":"Les laboratoires LYF","url":"https:\/\/thelyflabs.com\/","logo":{"@type":"ImageObject","inLanguage":"fr-FR","@id":"https:\/\/thelyflabs.com\/#\/schema\/logo\/image\/","url":"https:\/\/thelyflabs.com\/wp-content\/uploads\/2023\/01\/cropped-LogoTheLYFLabs.png","contentUrl":"https:\/\/thelyflabs.com\/wp-content\/uploads\/2023\/01\/cropped-LogoTheLYFLabs.png","width":600,"height":180,"caption":"The LYF Labs"},"image":{"@id":"https:\/\/thelyflabs.com\/#\/schema\/logo\/image\/"}}]}},"_links":{"self":[{"href":"https:\/\/thelyflabs.com\/fr\/wp-json\/wp\/v2\/product\/2334","targetHints":{"allow":["GET"]}}],"collection":[{"href":"https:\/\/thelyflabs.com\/fr\/wp-json\/wp\/v2\/product"}],"about":[{"href":"https:\/\/thelyflabs.com\/fr\/wp-json\/wp\/v2\/types\/product"}],"replies":[{"embeddable":true,"href":"https:\/\/thelyflabs.com\/fr\/wp-json\/wp\/v2\/comments?post=2334"}],"wp:featuredmedia":[{"embeddable":true,"href":"https:\/\/thelyflabs.com\/fr\/wp-json\/wp\/v2\/media\/2338"}],"wp:attachment":[{"href":"https:\/\/thelyflabs.com\/fr\/wp-json\/wp\/v2\/media?parent=2334"}],"wp:term":[{"taxonomy":"product_brand","embeddable":true,"href":"https:\/\/thelyflabs.com\/fr\/wp-json\/wp\/v2\/product_brand?post=2334"},{"taxonomy":"product_cat","embeddable":true,"href":"https:\/\/thelyflabs.com\/fr\/wp-json\/wp\/v2\/product_cat?post=2334"},{"taxonomy":"product_tag","embeddable":true,"href":"https:\/\/thelyflabs.com\/fr\/wp-json\/wp\/v2\/product_tag?post=2334"}],"curies":[{"name":"wp","href":"https:\/\/api.w.org\/{rel}","templated":true}]}}