{"id":2533,"date":"2023-08-04T13:02:14","date_gmt":"2023-08-04T13:02:14","guid":{"rendered":"https:\/\/thelyflabs.com\/?post_type=product&#038;p=2533"},"modified":"2026-02-17T12:43:40","modified_gmt":"2026-02-17T11:43:40","slug":"pop-corn-sour-tsunami-cbd-10gr","status":"publish","type":"product","link":"https:\/\/thelyflabs.com\/fr\/product\/pop-corn-sour-tsunami-cbd-10gr","title":{"rendered":"Pop Corn Sour Tsunami CBD 10gr"},"content":{"rendered":"<h1 data-start=\"537\" data-end=\"595\">Popcorn Sour Tsunami CBD 10 g\u00a0: mini-bourgeons de haute qualit\u00e9<\/h1>\n<p data-start=\"597\" data-end=\"806\">Chez Iguana Smoke, vous pouvez acheter du CBD l\u00e9gal et de haute qualit\u00e9. Le Popcorn Sour Tsunami CBD 10 g est un format mini-bud pratique, riche en CBD et aux ar\u00f4mes d&#039;agrumes et d&#039;herbes.<\/p>\n<p data-start=\"808\" data-end=\"926\">Parfait pour ceux qui recherchent des Mini Buds puissants \u00e0 un prix raisonnable, sans sacrifier la puret\u00e9 ou la l\u00e9galit\u00e9.<\/p>\n<h2 data-start=\"928\" data-end=\"952\">D\u00e9tails du produit<\/h2>\n<ul data-start=\"954\" data-end=\"1170\">\n<li data-start=\"954\" data-end=\"995\">\n<p data-start=\"956\" data-end=\"995\">Format : Mini Buds (Pop Corn)<\/p>\n<\/li>\n<li data-start=\"996\" data-end=\"1019\">\n<p data-start=\"998\" data-end=\"1019\">Poids : 10 grammes<\/p>\n<\/li>\n<li data-start=\"1020\" data-end=\"1043\">\n<p data-start=\"1022\" data-end=\"1043\">CBD : 15% environ.<\/p>\n<\/li>\n<li data-start=\"1044\" data-end=\"1081\">\n<p data-start=\"1046\" data-end=\"1081\">THC : &lt; 0,2% (l\u00e9gal en Espagne)<\/p>\n<\/li>\n<li data-start=\"1082\" data-end=\"1122\">\n<p data-start=\"1084\" data-end=\"1122\">Ar\u00f4me : Agrumes, terreux et herbac\u00e9<\/p>\n<\/li>\n<li data-start=\"1123\" data-end=\"1170\">\n<p data-start=\"1125\" data-end=\"1170\">Culture : Biologique, sans pesticides<\/p>\n<\/li>\n<\/ul>\n<h2 data-start=\"1172\" data-end=\"1193\">CBD l\u00e9gal et s\u00fbr<\/h2>\n<p data-start=\"1195\" data-end=\"1420\">Nos Mini Buds sont conformes aux r\u00e9glementations en vigueur en Espagne et dans l&#039;UE. Ils sont cultiv\u00e9s sans produits chimiques, \u00e0 partir de semences certifi\u00e9es et analys\u00e9s en laboratoire. Exp\u00e9dition rapide et discr\u00e8te avec tra\u00e7abilit\u00e9 garantie.<\/p>\n<p data-start=\"1427\" data-end=\"1595\" data-is-last-node=\"\" data-is-only-node=\"\">Achetez d\u00e8s maintenant du Popcorn Sour Tsunami CBD 10 g chez Iguana Smoke et profitez de mini-bouches de CBD l\u00e9gales, aromatiques et abordables. Qualit\u00e9 et confiance sont \u00e0 port\u00e9e de clic.<\/p>","protected":false},"excerpt":{"rendered":"<h2><\/h2>\n<ul>\n<li>CBD : 15% \/ THC : &lt; 0,2%<\/li>\n<li>Petits bourgeons (Mini Buds)<\/li>\n<li>Dominante Sativa<\/li>\n<li>Ar\u00f4me fort avec des tons doux<\/li>\n<\/ul>\n<p>100% l\u00e9gal en Europe<\/p>\n<p>Analyse qualit\u00e9 : cliquez <a href=\"https:\/\/iguanasmoke.com\/wp-content\/uploads\/2018\/02\/Flor-Sour-Tsunami.pdf\" target=\"_blank\" rel=\"noopener\">ici<\/a><\/p>\n<p style=\"text-align: justify\">Popcorn Sour Tsunami CBD est connu pour son odeur distinctive : sucr\u00e9e et diesel. Certains remarqueront peut-\u00eatre un ar\u00f4me de chocolat.<\/p>","protected":false},"featured_media":13065,"comment_status":"open","ping_status":"closed","template":"","meta":{"_acf_changed":false,"site-sidebar-layout":"default","site-content-layout":"default","ast-site-content-layout":"default","site-content-style":"default","site-sidebar-style":"default","ast-global-header-display":"","ast-banner-title-visibility":"","ast-main-header-display":"","ast-hfb-above-header-display":"","ast-hfb-below-header-display":"","ast-hfb-mobile-header-display":"","site-post-title":"","ast-breadcrumbs-content":"","ast-featured-img":"","footer-sml-layout":"","theme-transparent-header-meta":"default","adv-header-id-meta":"","stick-header-meta":"","header-above-stick-meta":"","header-main-stick-meta":"","header-below-stick-meta":"","astra-migrate-meta-layouts":"set","ast-page-background-enabled":"default","ast-page-background-meta":{"desktop":{"background-color":"var(--ast-global-color-4)","background-image":"","background-repeat":"repeat","background-position":"center center","background-size":"auto","background-attachment":"scroll","background-type":"","background-media":"","overlay-type":"","overlay-color":"","overlay-opacity":"","overlay-gradient":""},"tablet":{"background-color":"","background-image":"","background-repeat":"repeat","background-position":"center center","background-size":"auto","background-attachment":"scroll","background-type":"","background-media":"","overlay-type":"","overlay-color":"","overlay-opacity":"","overlay-gradient":""},"mobile":{"background-color":"","background-image":"","background-repeat":"repeat","background-position":"center center","background-size":"auto","background-attachment":"scroll","background-type":"","background-media":"","overlay-type":"","overlay-color":"","overlay-opacity":"","overlay-gradient":""}},"ast-content-background-meta":{"desktop":{"background-color":"var(--ast-global-color-5)","background-image":"","background-repeat":"repeat","background-position":"center center","background-size":"auto","background-attachment":"scroll","background-type":"","background-media":"","overlay-type":"","overlay-color":"","overlay-opacity":"","overlay-gradient":""},"tablet":{"background-color":"var(--ast-global-color-5)","background-image":"","background-repeat":"repeat","background-position":"center center","background-size":"auto","background-attachment":"scroll","background-type":"","background-media":"","overlay-type":"","overlay-color":"","overlay-opacity":"","overlay-gradient":""},"mobile":{"background-color":"var(--ast-global-color-5)","background-image":"","background-repeat":"repeat","background-position":"center center","background-size":"auto","background-attachment":"scroll","background-type":"","background-media":"","overlay-type":"","overlay-color":"","overlay-opacity":"","overlay-gradient":""}}},"product_brand":[],"product_cat":[24,40,110],"product_tag":[],"class_list":{"0":"post-2533","1":"product","2":"type-product","3":"status-publish","4":"has-post-thumbnail","6":"product_cat-flores-de-cbd","7":"product_cat-iguanasmoke","8":"product_cat-pop-corn-mini-buds","9":"desktop-align-center","10":"tablet-align-left","11":"mobile-align-left","13":"first","14":"instock","15":"taxable","16":"shipping-taxable","17":"purchasable","18":"product-type-simple"},"acf":[],"yoast_head":"<!-- This site is optimized with the Yoast SEO plugin v27.4 - https:\/\/yoast.com\/product\/yoast-seo-wordpress\/ -->\n<title>Comprar Pop Corn Sour Tsunami CBD 10g | Mini Cogollos CBD Legales<\/title>\n<meta name=\"description\" content=\"Mini Buds Sour Tsunami CBD 10g disponibles en Iguana Smoke. Flores legales, compactas y arom\u00e1ticas. Comprar CBD con env\u00edo r\u00e1pido y discreto en Espa\u00f1a.\" \/>\n<meta name=\"robots\" content=\"index, follow, max-snippet:-1, max-image-preview:large, max-video-preview:-1\" \/>\n<link rel=\"canonical\" href=\"https:\/\/thelyflabs.com\/fr\/product\/pop-corn-sour-tsunami-cbd-10gr\/\" \/>\n<meta property=\"og:locale\" content=\"fr_FR\" \/>\n<meta property=\"og:type\" content=\"article\" \/>\n<meta property=\"og:title\" content=\"Comprar Pop Corn Sour Tsunami CBD 10g | Mini Cogollos CBD Legales\" \/>\n<meta property=\"og:description\" content=\"Mini Buds Sour Tsunami CBD 10g disponibles en Iguana Smoke. Flores legales, compactas y arom\u00e1ticas. Comprar CBD con env\u00edo r\u00e1pido y discreto en Espa\u00f1a.\" \/>\n<meta property=\"og:url\" content=\"https:\/\/thelyflabs.com\/fr\/product\/pop-corn-sour-tsunami-cbd-10gr\/\" \/>\n<meta property=\"og:site_name\" content=\"THE LYF LABS\" \/>\n<meta property=\"article:modified_time\" content=\"2026-02-17T11:43:40+00:00\" \/>\n<meta property=\"og:image\" content=\"https:\/\/thelyflabs.com\/wp-content\/uploads\/2023\/08\/Pop-corn-negativo-10g-con-mini-buds.webp\" \/>\n\t<meta property=\"og:image:width\" content=\"1000\" \/>\n\t<meta property=\"og:image:height\" content=\"1000\" \/>\n\t<meta property=\"og:image:type\" content=\"image\/webp\" \/>\n<meta name=\"twitter:card\" content=\"summary_large_image\" \/>\n<meta name=\"twitter:label1\" content=\"Dur\u00e9e de lecture estim\u00e9e\" \/>\n\t<meta name=\"twitter:data1\" content=\"2 minutes\" \/>\n<script type=\"application\/ld+json\" class=\"yoast-schema-graph\">{\"@context\":\"https:\\\/\\\/schema.org\",\"@graph\":[{\"@type\":\"WebPage\",\"@id\":\"https:\\\/\\\/thelyflabs.com\\\/product\\\/pop-corn-sour-tsunami-cbd-10gr\",\"url\":\"https:\\\/\\\/thelyflabs.com\\\/product\\\/pop-corn-sour-tsunami-cbd-10gr\",\"name\":\"Comprar Pop Corn Sour Tsunami CBD 10g | Mini Cogollos CBD Legales\",\"isPartOf\":{\"@id\":\"https:\\\/\\\/thelyflabs.com\\\/#website\"},\"primaryImageOfPage\":{\"@id\":\"https:\\\/\\\/thelyflabs.com\\\/product\\\/pop-corn-sour-tsunami-cbd-10gr#primaryimage\"},\"image\":{\"@id\":\"https:\\\/\\\/thelyflabs.com\\\/product\\\/pop-corn-sour-tsunami-cbd-10gr#primaryimage\"},\"thumbnailUrl\":\"https:\\\/\\\/thelyflabs.com\\\/wp-content\\\/uploads\\\/2023\\\/08\\\/Pop-corn-negativo-10g-con-mini-buds.webp\",\"datePublished\":\"2023-08-04T13:02:14+00:00\",\"dateModified\":\"2026-02-17T11:43:40+00:00\",\"description\":\"Mini Buds Sour Tsunami CBD 10g disponibles en Iguana Smoke. Flores legales, compactas y arom\u00e1ticas. Comprar CBD con env\u00edo r\u00e1pido y discreto en Espa\u00f1a.\",\"breadcrumb\":{\"@id\":\"https:\\\/\\\/thelyflabs.com\\\/product\\\/pop-corn-sour-tsunami-cbd-10gr#breadcrumb\"},\"inLanguage\":\"fr-FR\",\"potentialAction\":[{\"@type\":\"ReadAction\",\"target\":[\"https:\\\/\\\/thelyflabs.com\\\/product\\\/pop-corn-sour-tsunami-cbd-10gr\"]}]},{\"@type\":\"ImageObject\",\"inLanguage\":\"fr-FR\",\"@id\":\"https:\\\/\\\/thelyflabs.com\\\/product\\\/pop-corn-sour-tsunami-cbd-10gr#primaryimage\",\"url\":\"https:\\\/\\\/thelyflabs.com\\\/wp-content\\\/uploads\\\/2023\\\/08\\\/Pop-corn-negativo-10g-con-mini-buds.webp\",\"contentUrl\":\"https:\\\/\\\/thelyflabs.com\\\/wp-content\\\/uploads\\\/2023\\\/08\\\/Pop-corn-negativo-10g-con-mini-buds.webp\",\"width\":1000,\"height\":1000,\"caption\":\"mini buds cbd\"},{\"@type\":\"BreadcrumbList\",\"@id\":\"https:\\\/\\\/thelyflabs.com\\\/product\\\/pop-corn-sour-tsunami-cbd-10gr#breadcrumb\",\"itemListElement\":[{\"@type\":\"ListItem\",\"position\":1,\"name\":\"Portada\",\"item\":\"https:\\\/\\\/thelyflabs.com\\\/\"},{\"@type\":\"ListItem\",\"position\":2,\"name\":\"Tienda\",\"item\":\"https:\\\/\\\/thelyflabs.com\\\/tienda\"},{\"@type\":\"ListItem\",\"position\":3,\"name\":\"Pop Corn Sour Tsunami CBD 10gr\"}]},{\"@type\":\"WebSite\",\"@id\":\"https:\\\/\\\/thelyflabs.com\\\/#website\",\"url\":\"https:\\\/\\\/thelyflabs.com\\\/\",\"name\":\"The LYF Labs\",\"description\":\"CBD al por mayor\",\"publisher\":{\"@id\":\"https:\\\/\\\/thelyflabs.com\\\/#organization\"},\"potentialAction\":[{\"@type\":\"SearchAction\",\"target\":{\"@type\":\"EntryPoint\",\"urlTemplate\":\"https:\\\/\\\/thelyflabs.com\\\/?s={search_term_string}\"},\"query-input\":{\"@type\":\"PropertyValueSpecification\",\"valueRequired\":true,\"valueName\":\"search_term_string\"}}],\"inLanguage\":\"fr-FR\"},{\"@type\":\"Organization\",\"@id\":\"https:\\\/\\\/thelyflabs.com\\\/#organization\",\"name\":\"The LYF Labs\",\"url\":\"https:\\\/\\\/thelyflabs.com\\\/\",\"logo\":{\"@type\":\"ImageObject\",\"inLanguage\":\"fr-FR\",\"@id\":\"https:\\\/\\\/thelyflabs.com\\\/#\\\/schema\\\/logo\\\/image\\\/\",\"url\":\"https:\\\/\\\/thelyflabs.com\\\/wp-content\\\/uploads\\\/2023\\\/01\\\/cropped-LogoTheLYFLabs.png\",\"contentUrl\":\"https:\\\/\\\/thelyflabs.com\\\/wp-content\\\/uploads\\\/2023\\\/01\\\/cropped-LogoTheLYFLabs.png\",\"width\":600,\"height\":180,\"caption\":\"The LYF Labs\"},\"image\":{\"@id\":\"https:\\\/\\\/thelyflabs.com\\\/#\\\/schema\\\/logo\\\/image\\\/\"}}]}<\/script>\n<!-- \/ Yoast SEO plugin. -->","yoast_head_json":{"title":"Achetez du Popcorn Sour Tsunami CBD 10 g | Mini-bouchons CBD l\u00e9gaux","description":"Mini-bourgeons de CBD Sour Tsunami 10 g disponibles chez Iguana Smoke. Fleurs l\u00e9gales, compactes et aromatiques. Achetez du CBD avec une livraison rapide et discr\u00e8te en Espagne.","robots":{"index":"index","follow":"follow","max-snippet":"max-snippet:-1","max-image-preview":"max-image-preview:large","max-video-preview":"max-video-preview:-1"},"canonical":"https:\/\/thelyflabs.com\/fr\/product\/pop-corn-sour-tsunami-cbd-10gr\/","og_locale":"fr_FR","og_type":"article","og_title":"Comprar Pop Corn Sour Tsunami CBD 10g | Mini Cogollos CBD Legales","og_description":"Mini Buds Sour Tsunami CBD 10g disponibles en Iguana Smoke. Flores legales, compactas y arom\u00e1ticas. Comprar CBD con env\u00edo r\u00e1pido y discreto en Espa\u00f1a.","og_url":"https:\/\/thelyflabs.com\/fr\/product\/pop-corn-sour-tsunami-cbd-10gr\/","og_site_name":"THE LYF LABS","article_modified_time":"2026-02-17T11:43:40+00:00","og_image":[{"width":1000,"height":1000,"url":"https:\/\/thelyflabs.com\/wp-content\/uploads\/2023\/08\/Pop-corn-negativo-10g-con-mini-buds.webp","type":"image\/webp"}],"twitter_card":"summary_large_image","twitter_misc":{"Dur\u00e9e de lecture estim\u00e9e":"2 minutes"},"schema":{"@context":"https:\/\/schema.org","@graph":[{"@type":"WebPage","@id":"https:\/\/thelyflabs.com\/product\/pop-corn-sour-tsunami-cbd-10gr","url":"https:\/\/thelyflabs.com\/product\/pop-corn-sour-tsunami-cbd-10gr","name":"Achetez du Popcorn Sour Tsunami CBD 10 g | Mini-bouchons CBD l\u00e9gaux","isPartOf":{"@id":"https:\/\/thelyflabs.com\/#website"},"primaryImageOfPage":{"@id":"https:\/\/thelyflabs.com\/product\/pop-corn-sour-tsunami-cbd-10gr#primaryimage"},"image":{"@id":"https:\/\/thelyflabs.com\/product\/pop-corn-sour-tsunami-cbd-10gr#primaryimage"},"thumbnailUrl":"https:\/\/thelyflabs.com\/wp-content\/uploads\/2023\/08\/Pop-corn-negativo-10g-con-mini-buds.webp","datePublished":"2023-08-04T13:02:14+00:00","dateModified":"2026-02-17T11:43:40+00:00","description":"Mini-bourgeons de CBD Sour Tsunami 10 g disponibles chez Iguana Smoke. Fleurs l\u00e9gales, compactes et aromatiques. Achetez du CBD avec une livraison rapide et discr\u00e8te en Espagne.","breadcrumb":{"@id":"https:\/\/thelyflabs.com\/product\/pop-corn-sour-tsunami-cbd-10gr#breadcrumb"},"inLanguage":"fr-FR","potentialAction":[{"@type":"ReadAction","target":["https:\/\/thelyflabs.com\/product\/pop-corn-sour-tsunami-cbd-10gr"]}]},{"@type":"ImageObject","inLanguage":"fr-FR","@id":"https:\/\/thelyflabs.com\/product\/pop-corn-sour-tsunami-cbd-10gr#primaryimage","url":"https:\/\/thelyflabs.com\/wp-content\/uploads\/2023\/08\/Pop-corn-negativo-10g-con-mini-buds.webp","contentUrl":"https:\/\/thelyflabs.com\/wp-content\/uploads\/2023\/08\/Pop-corn-negativo-10g-con-mini-buds.webp","width":1000,"height":1000,"caption":"mini buds cbd"},{"@type":"BreadcrumbList","@id":"https:\/\/thelyflabs.com\/product\/pop-corn-sour-tsunami-cbd-10gr#breadcrumb","itemListElement":[{"@type":"ListItem","position":1,"name":"Portada","item":"https:\/\/thelyflabs.com\/"},{"@type":"ListItem","position":2,"name":"Tienda","item":"https:\/\/thelyflabs.com\/tienda"},{"@type":"ListItem","position":3,"name":"Pop Corn Sour Tsunami CBD 10gr"}]},{"@type":"WebSite","@id":"https:\/\/thelyflabs.com\/#website","url":"https:\/\/thelyflabs.com\/","name":"Les laboratoires LYF","description":"Vente en gros de CBD","publisher":{"@id":"https:\/\/thelyflabs.com\/#organization"},"potentialAction":[{"@type":"SearchAction","target":{"@type":"EntryPoint","urlTemplate":"https:\/\/thelyflabs.com\/?s={search_term_string}"},"query-input":{"@type":"PropertyValueSpecification","valueRequired":true,"valueName":"search_term_string"}}],"inLanguage":"fr-FR"},{"@type":"Organization","@id":"https:\/\/thelyflabs.com\/#organization","name":"Les laboratoires LYF","url":"https:\/\/thelyflabs.com\/","logo":{"@type":"ImageObject","inLanguage":"fr-FR","@id":"https:\/\/thelyflabs.com\/#\/schema\/logo\/image\/","url":"https:\/\/thelyflabs.com\/wp-content\/uploads\/2023\/01\/cropped-LogoTheLYFLabs.png","contentUrl":"https:\/\/thelyflabs.com\/wp-content\/uploads\/2023\/01\/cropped-LogoTheLYFLabs.png","width":600,"height":180,"caption":"The LYF Labs"},"image":{"@id":"https:\/\/thelyflabs.com\/#\/schema\/logo\/image\/"}}]}},"_links":{"self":[{"href":"https:\/\/thelyflabs.com\/fr\/wp-json\/wp\/v2\/product\/2533","targetHints":{"allow":["GET"]}}],"collection":[{"href":"https:\/\/thelyflabs.com\/fr\/wp-json\/wp\/v2\/product"}],"about":[{"href":"https:\/\/thelyflabs.com\/fr\/wp-json\/wp\/v2\/types\/product"}],"replies":[{"embeddable":true,"href":"https:\/\/thelyflabs.com\/fr\/wp-json\/wp\/v2\/comments?post=2533"}],"wp:featuredmedia":[{"embeddable":true,"href":"https:\/\/thelyflabs.com\/fr\/wp-json\/wp\/v2\/media\/13065"}],"wp:attachment":[{"href":"https:\/\/thelyflabs.com\/fr\/wp-json\/wp\/v2\/media?parent=2533"}],"wp:term":[{"taxonomy":"product_brand","embeddable":true,"href":"https:\/\/thelyflabs.com\/fr\/wp-json\/wp\/v2\/product_brand?post=2533"},{"taxonomy":"product_cat","embeddable":true,"href":"https:\/\/thelyflabs.com\/fr\/wp-json\/wp\/v2\/product_cat?post=2533"},{"taxonomy":"product_tag","embeddable":true,"href":"https:\/\/thelyflabs.com\/fr\/wp-json\/wp\/v2\/product_tag?post=2533"}],"curies":[{"name":"wp","href":"https:\/\/api.w.org\/{rel}","templated":true}]}}