{"id":2653,"date":"2023-08-17T04:55:36","date_gmt":"2023-08-17T04:55:36","guid":{"rendered":"https:\/\/thelyflabs.com\/?post_type=product&#038;p=2653"},"modified":"2026-03-27T10:55:07","modified_gmt":"2026-03-27T09:55:07","slug":"e-liquid-cbd-broad-spectrum-gorilla-glue-1500-2500mg-liquido-vaper","status":"publish","type":"product","link":"https:\/\/thelyflabs.com\/fr\/product\/e-liquid-cbd-broad-spectrum-gorilla-glue-1500-2500mg-liquido-vaper","title":{"rendered":"E-Liquide CBD Gorilla Glue \u00e0 large spectre 1500\/2500mg Vaper Liquid"},"content":{"rendered":"<h2>E-Liquide CBD Gorilla Glue \u00e0 large spectre 1500\/2500mg Vaper Liquid<\/h2>\n<p>Le e-liquide CBD Broad Spectrum Gorilla Glue a une saveur terreuse et de pin, semblable \u00e0 l&#039;odeur des for\u00eats, qui est m\u00e9lang\u00e9e \u00e0 des notes d&#039;agrumes et d&#039;\u00e9pices. Certaines personnes peuvent \u00e9galement remarquer de subtiles notes de chocolat ou de caf\u00e9, qui ajoutent une composante de douceur et de profondeur au profil de saveur.<\/p>\n<p>Notre e-liquide CBD \u00e0 large spectre 1500\/2500 mg repr\u00e9sente l&#039;aboutissement parfait de la science et de la nature. Chaque goutte exquise est soigneusement formul\u00e9e pour vous offrir une exp\u00e9rience premium et coh\u00e9rente \u00e0 chaque vaporisation.<\/p>\n<p>Il est important de souligner que les e-liquides \u00e0 large spectre ont le potentiel d\u2019offrir une gamme plus large d\u2019avantages par rapport \u00e0 l\u2019isolat de CBD, gr\u00e2ce \u00e0 la collaboration synergique de plusieurs compos\u00e9s actifs.<\/p>\n<p>Les e-liquides CBD Broad Spectrum 1500\/2500mg sont sans aucun doute le choix parfait pour ceux qui recherchent une solution globale de bien-\u00eatre. Profitez pleinement des bienfaits du CBD et des autres cannabino\u00efdes dans une exp\u00e9rience vaporis\u00e9e v\u00e9ritablement unique. \u00c9levez votre routine de bien-\u00eatre en profitant du pouvoir inn\u00e9 de la nature et explorez un tout nouveau niveau de soulagement.<\/p>\n<p>Nos nouveaux liquides de vapotage ont 5 saveurs diff\u00e9rentes :<\/p>\n<ul>\n<li>AK 47<\/li>\n<li>Amn\u00e9sie<\/li>\n<li>Banane Kush<\/li>\n<li>Colle Gorille<\/li>\n<li>Brume de citron<\/li>\n<\/ul>\n<p>La nouvelle formulation CBD \u00e0 large spectre contient plus de cannabino\u00efdes que jamais !<\/p>\n<p class=\"p1\">Les e-liquides Iguana Smoke sont l\u2019\u00e9quilibre parfait entre un produit de qualit\u00e9 et un prix abordable.<\/p>\n<p class=\"p1\">Leurs ingr\u00e9dients soigneusement s\u00e9lectionn\u00e9s et leur processus de fabrication rigoureux en font une excellente option pour vapoter du CBD en toute s\u00e9curit\u00e9.<\/p>\n<p class=\"p1\">Aucun produit Iguana Smoke n&#039;est psychoactif et dans le cas des E-liquides, tous contiennent du 0% THC.<\/p>\n<p>Obtenez des E-Liquides CBD \u00e0 Large Spectre en Gros chez LyfLabs au meilleur prix pour les distributeurs et les grossistes !<\/p>","protected":false},"excerpt":{"rendered":"<h2>E-Liquide CBD Gorilla Glue \u00e0 Large Spectre<\/h2>\n<p>Ingr\u00e9dients:<\/p>\n<ul>\n<li>Prop\u00e9nylglycol 80%<\/li>\n<li>Glyc\u00e9rine v\u00e9g\u00e9tale 20%<\/li>\n<li>Ar\u00f4mes<\/li>\n<li>CBD \u00e0 large spectre<\/li>\n<li>0%THC<\/li>\n<\/ul>","protected":false},"featured_media":2640,"comment_status":"open","ping_status":"closed","template":"","meta":{"_acf_changed":false,"site-sidebar-layout":"default","site-content-layout":"default","ast-site-content-layout":"default","site-content-style":"default","site-sidebar-style":"default","ast-global-header-display":"","ast-banner-title-visibility":"","ast-main-header-display":"","ast-hfb-above-header-display":"","ast-hfb-below-header-display":"","ast-hfb-mobile-header-display":"","site-post-title":"","ast-breadcrumbs-content":"","ast-featured-img":"","footer-sml-layout":"","theme-transparent-header-meta":"default","adv-header-id-meta":"","stick-header-meta":"","header-above-stick-meta":"","header-main-stick-meta":"","header-below-stick-meta":"","astra-migrate-meta-layouts":"set","ast-page-background-enabled":"default","ast-page-background-meta":{"desktop":{"background-color":"var(--ast-global-color-4)","background-image":"","background-repeat":"repeat","background-position":"center center","background-size":"auto","background-attachment":"scroll","background-type":"","background-media":"","overlay-type":"","overlay-color":"","overlay-opacity":"","overlay-gradient":""},"tablet":{"background-color":"","background-image":"","background-repeat":"repeat","background-position":"center center","background-size":"auto","background-attachment":"scroll","background-type":"","background-media":"","overlay-type":"","overlay-color":"","overlay-opacity":"","overlay-gradient":""},"mobile":{"background-color":"","background-image":"","background-repeat":"repeat","background-position":"center center","background-size":"auto","background-attachment":"scroll","background-type":"","background-media":"","overlay-type":"","overlay-color":"","overlay-opacity":"","overlay-gradient":""}},"ast-content-background-meta":{"desktop":{"background-color":"var(--ast-global-color-5)","background-image":"","background-repeat":"repeat","background-position":"center center","background-size":"auto","background-attachment":"scroll","background-type":"","background-media":"","overlay-type":"","overlay-color":"","overlay-opacity":"","overlay-gradient":""},"tablet":{"background-color":"var(--ast-global-color-5)","background-image":"","background-repeat":"repeat","background-position":"center center","background-size":"auto","background-attachment":"scroll","background-type":"","background-media":"","overlay-type":"","overlay-color":"","overlay-opacity":"","overlay-gradient":""},"mobile":{"background-color":"var(--ast-global-color-5)","background-image":"","background-repeat":"repeat","background-position":"center center","background-size":"auto","background-attachment":"scroll","background-type":"","background-media":"","overlay-type":"","overlay-color":"","overlay-opacity":"","overlay-gradient":""}}},"product_brand":[],"product_cat":[84,28,40],"product_tag":[74,75],"class_list":{"0":"post-2653","1":"product","2":"type-product","3":"status-publish","4":"has-post-thumbnail","6":"product_cat-e-liquid-broad-spectrum-cbd","7":"product_cat-e-liquid-cbd","8":"product_cat-iguanasmoke","9":"product_tag-cbd","10":"product_tag-e-liquid","11":"desktop-align-center","12":"tablet-align-left","13":"mobile-align-left","15":"first","16":"instock","17":"taxable","18":"shipping-taxable","19":"purchasable","20":"product-type-variable"},"acf":[],"yoast_head":"<!-- This site is optimized with the Yoast SEO plugin v27.4 - https:\/\/yoast.com\/product\/yoast-seo-wordpress\/ -->\n<title>E-Liquid CBD Broad Spectrum Gorilla Glue 1500\/2500mg L\u00edquido Vaper - THE LYF LABS<\/title>\n<meta name=\"description\" content=\"Compra E-Liquid CBD Broad Spectrum Mayorista en LyfLabs al mejor precio y con calidad inigualable. Env\u00edo gratuito para compras que superen los 35\u20ac.\" \/>\n<meta name=\"robots\" content=\"index, follow, max-snippet:-1, max-image-preview:large, max-video-preview:-1\" \/>\n<link rel=\"canonical\" href=\"https:\/\/thelyflabs.com\/fr\/product\/e-liquid-cbd-broad-spectrum-gorilla-glue-1500-2500mg-liquido-vaper\/\" \/>\n<meta property=\"og:locale\" content=\"fr_FR\" \/>\n<meta property=\"og:type\" content=\"article\" \/>\n<meta property=\"og:title\" content=\"E-Liquid CBD Broad Spectrum Gorilla Glue 1500\/2500mg L\u00edquido Vaper - THE LYF LABS\" \/>\n<meta property=\"og:description\" content=\"Compra E-Liquid CBD Broad Spectrum Mayorista en LyfLabs al mejor precio y con calidad inigualable. Env\u00edo gratuito para compras que superen los 35\u20ac.\" \/>\n<meta property=\"og:url\" content=\"https:\/\/thelyflabs.com\/fr\/product\/e-liquid-cbd-broad-spectrum-gorilla-glue-1500-2500mg-liquido-vaper\/\" \/>\n<meta property=\"og:site_name\" content=\"THE LYF LABS\" \/>\n<meta property=\"article:modified_time\" content=\"2026-03-27T09:55:07+00:00\" \/>\n<meta property=\"og:image\" content=\"https:\/\/thelyflabs.com\/wp-content\/uploads\/2023\/08\/gorilla-glue-broad-spectrum-1500-webp.webp\" \/>\n\t<meta property=\"og:image:width\" content=\"500\" \/>\n\t<meta property=\"og:image:height\" content=\"500\" \/>\n\t<meta property=\"og:image:type\" content=\"image\/webp\" \/>\n<meta name=\"twitter:card\" content=\"summary_large_image\" \/>\n<meta name=\"twitter:label1\" content=\"Dur\u00e9e de lecture estim\u00e9e\" \/>\n\t<meta name=\"twitter:data1\" content=\"2 minutes\" \/>\n<script type=\"application\/ld+json\" class=\"yoast-schema-graph\">{\"@context\":\"https:\\\/\\\/schema.org\",\"@graph\":[{\"@type\":\"WebPage\",\"@id\":\"https:\\\/\\\/thelyflabs.com\\\/product\\\/e-liquid-cbd-broad-spectrum-gorilla-glue-1500-2500mg-liquido-vaper\",\"url\":\"https:\\\/\\\/thelyflabs.com\\\/product\\\/e-liquid-cbd-broad-spectrum-gorilla-glue-1500-2500mg-liquido-vaper\",\"name\":\"E-Liquid CBD Broad Spectrum Gorilla Glue 1500\\\/2500mg L\u00edquido Vaper - THE LYF LABS\",\"isPartOf\":{\"@id\":\"https:\\\/\\\/thelyflabs.com\\\/#website\"},\"primaryImageOfPage\":{\"@id\":\"https:\\\/\\\/thelyflabs.com\\\/product\\\/e-liquid-cbd-broad-spectrum-gorilla-glue-1500-2500mg-liquido-vaper#primaryimage\"},\"image\":{\"@id\":\"https:\\\/\\\/thelyflabs.com\\\/product\\\/e-liquid-cbd-broad-spectrum-gorilla-glue-1500-2500mg-liquido-vaper#primaryimage\"},\"thumbnailUrl\":\"https:\\\/\\\/thelyflabs.com\\\/wp-content\\\/uploads\\\/2023\\\/08\\\/gorilla-glue-broad-spectrum-1500-webp.webp\",\"datePublished\":\"2023-08-17T04:55:36+00:00\",\"dateModified\":\"2026-03-27T09:55:07+00:00\",\"description\":\"Compra E-Liquid CBD Broad Spectrum Mayorista en LyfLabs al mejor precio y con calidad inigualable. Env\u00edo gratuito para compras que superen los 35\u20ac.\",\"breadcrumb\":{\"@id\":\"https:\\\/\\\/thelyflabs.com\\\/product\\\/e-liquid-cbd-broad-spectrum-gorilla-glue-1500-2500mg-liquido-vaper#breadcrumb\"},\"inLanguage\":\"fr-FR\",\"potentialAction\":[{\"@type\":\"ReadAction\",\"target\":[\"https:\\\/\\\/thelyflabs.com\\\/product\\\/e-liquid-cbd-broad-spectrum-gorilla-glue-1500-2500mg-liquido-vaper\"]}]},{\"@type\":\"ImageObject\",\"inLanguage\":\"fr-FR\",\"@id\":\"https:\\\/\\\/thelyflabs.com\\\/product\\\/e-liquid-cbd-broad-spectrum-gorilla-glue-1500-2500mg-liquido-vaper#primaryimage\",\"url\":\"https:\\\/\\\/thelyflabs.com\\\/wp-content\\\/uploads\\\/2023\\\/08\\\/gorilla-glue-broad-spectrum-1500-webp.webp\",\"contentUrl\":\"https:\\\/\\\/thelyflabs.com\\\/wp-content\\\/uploads\\\/2023\\\/08\\\/gorilla-glue-broad-spectrum-1500-webp.webp\",\"width\":500,\"height\":500,\"caption\":\"liquido para vapear cbd al por mayor sabor gorilla\"},{\"@type\":\"BreadcrumbList\",\"@id\":\"https:\\\/\\\/thelyflabs.com\\\/product\\\/e-liquid-cbd-broad-spectrum-gorilla-glue-1500-2500mg-liquido-vaper#breadcrumb\",\"itemListElement\":[{\"@type\":\"ListItem\",\"position\":1,\"name\":\"Portada\",\"item\":\"https:\\\/\\\/thelyflabs.com\\\/\"},{\"@type\":\"ListItem\",\"position\":2,\"name\":\"Tienda\",\"item\":\"https:\\\/\\\/thelyflabs.com\\\/tienda\"},{\"@type\":\"ListItem\",\"position\":3,\"name\":\"E-Liquid CBD Broad Spectrum Gorilla Glue 1500\\\/2500mg L\u00edquido Vaper\"}]},{\"@type\":\"WebSite\",\"@id\":\"https:\\\/\\\/thelyflabs.com\\\/#website\",\"url\":\"https:\\\/\\\/thelyflabs.com\\\/\",\"name\":\"The LYF Labs\",\"description\":\"CBD al por mayor\",\"publisher\":{\"@id\":\"https:\\\/\\\/thelyflabs.com\\\/#organization\"},\"potentialAction\":[{\"@type\":\"SearchAction\",\"target\":{\"@type\":\"EntryPoint\",\"urlTemplate\":\"https:\\\/\\\/thelyflabs.com\\\/?s={search_term_string}\"},\"query-input\":{\"@type\":\"PropertyValueSpecification\",\"valueRequired\":true,\"valueName\":\"search_term_string\"}}],\"inLanguage\":\"fr-FR\"},{\"@type\":\"Organization\",\"@id\":\"https:\\\/\\\/thelyflabs.com\\\/#organization\",\"name\":\"The LYF Labs\",\"url\":\"https:\\\/\\\/thelyflabs.com\\\/\",\"logo\":{\"@type\":\"ImageObject\",\"inLanguage\":\"fr-FR\",\"@id\":\"https:\\\/\\\/thelyflabs.com\\\/#\\\/schema\\\/logo\\\/image\\\/\",\"url\":\"https:\\\/\\\/thelyflabs.com\\\/wp-content\\\/uploads\\\/2023\\\/01\\\/cropped-LogoTheLYFLabs.png\",\"contentUrl\":\"https:\\\/\\\/thelyflabs.com\\\/wp-content\\\/uploads\\\/2023\\\/01\\\/cropped-LogoTheLYFLabs.png\",\"width\":600,\"height\":180,\"caption\":\"The LYF Labs\"},\"image\":{\"@id\":\"https:\\\/\\\/thelyflabs.com\\\/#\\\/schema\\\/logo\\\/image\\\/\"}}]}<\/script>\n<!-- \/ Yoast SEO plugin. -->","yoast_head_json":{"title":"E-liquide CBD \u00e0 large spectre Gorilla Glue 1500\/2500 mg - THE LYF LABS","description":"Achetez du e-liquide CBD \u00e0 large spectre en gros chez LyfLabs au meilleur prix et avec une qualit\u00e9 in\u00e9gal\u00e9e. Livraison gratuite d\u00e8s 35 \u20ac d&#039;achat.","robots":{"index":"index","follow":"follow","max-snippet":"max-snippet:-1","max-image-preview":"max-image-preview:large","max-video-preview":"max-video-preview:-1"},"canonical":"https:\/\/thelyflabs.com\/fr\/product\/e-liquid-cbd-broad-spectrum-gorilla-glue-1500-2500mg-liquido-vaper\/","og_locale":"fr_FR","og_type":"article","og_title":"E-Liquid CBD Broad Spectrum Gorilla Glue 1500\/2500mg L\u00edquido Vaper - THE LYF LABS","og_description":"Compra E-Liquid CBD Broad Spectrum Mayorista en LyfLabs al mejor precio y con calidad inigualable. Env\u00edo gratuito para compras que superen los 35\u20ac.","og_url":"https:\/\/thelyflabs.com\/fr\/product\/e-liquid-cbd-broad-spectrum-gorilla-glue-1500-2500mg-liquido-vaper\/","og_site_name":"THE LYF LABS","article_modified_time":"2026-03-27T09:55:07+00:00","og_image":[{"width":500,"height":500,"url":"https:\/\/thelyflabs.com\/wp-content\/uploads\/2023\/08\/gorilla-glue-broad-spectrum-1500-webp.webp","type":"image\/webp"}],"twitter_card":"summary_large_image","twitter_misc":{"Dur\u00e9e de lecture estim\u00e9e":"2 minutes"},"schema":{"@context":"https:\/\/schema.org","@graph":[{"@type":"WebPage","@id":"https:\/\/thelyflabs.com\/product\/e-liquid-cbd-broad-spectrum-gorilla-glue-1500-2500mg-liquido-vaper","url":"https:\/\/thelyflabs.com\/product\/e-liquid-cbd-broad-spectrum-gorilla-glue-1500-2500mg-liquido-vaper","name":"E-liquide CBD \u00e0 large spectre Gorilla Glue 1500\/2500 mg - THE LYF LABS","isPartOf":{"@id":"https:\/\/thelyflabs.com\/#website"},"primaryImageOfPage":{"@id":"https:\/\/thelyflabs.com\/product\/e-liquid-cbd-broad-spectrum-gorilla-glue-1500-2500mg-liquido-vaper#primaryimage"},"image":{"@id":"https:\/\/thelyflabs.com\/product\/e-liquid-cbd-broad-spectrum-gorilla-glue-1500-2500mg-liquido-vaper#primaryimage"},"thumbnailUrl":"https:\/\/thelyflabs.com\/wp-content\/uploads\/2023\/08\/gorilla-glue-broad-spectrum-1500-webp.webp","datePublished":"2023-08-17T04:55:36+00:00","dateModified":"2026-03-27T09:55:07+00:00","description":"Achetez du e-liquide CBD \u00e0 large spectre en gros chez LyfLabs au meilleur prix et avec une qualit\u00e9 in\u00e9gal\u00e9e. Livraison gratuite d\u00e8s 35 \u20ac d&#039;achat.","breadcrumb":{"@id":"https:\/\/thelyflabs.com\/product\/e-liquid-cbd-broad-spectrum-gorilla-glue-1500-2500mg-liquido-vaper#breadcrumb"},"inLanguage":"fr-FR","potentialAction":[{"@type":"ReadAction","target":["https:\/\/thelyflabs.com\/product\/e-liquid-cbd-broad-spectrum-gorilla-glue-1500-2500mg-liquido-vaper"]}]},{"@type":"ImageObject","inLanguage":"fr-FR","@id":"https:\/\/thelyflabs.com\/product\/e-liquid-cbd-broad-spectrum-gorilla-glue-1500-2500mg-liquido-vaper#primaryimage","url":"https:\/\/thelyflabs.com\/wp-content\/uploads\/2023\/08\/gorilla-glue-broad-spectrum-1500-webp.webp","contentUrl":"https:\/\/thelyflabs.com\/wp-content\/uploads\/2023\/08\/gorilla-glue-broad-spectrum-1500-webp.webp","width":500,"height":500,"caption":"liquido para vapear cbd al por mayor sabor gorilla"},{"@type":"BreadcrumbList","@id":"https:\/\/thelyflabs.com\/product\/e-liquid-cbd-broad-spectrum-gorilla-glue-1500-2500mg-liquido-vaper#breadcrumb","itemListElement":[{"@type":"ListItem","position":1,"name":"Portada","item":"https:\/\/thelyflabs.com\/"},{"@type":"ListItem","position":2,"name":"Tienda","item":"https:\/\/thelyflabs.com\/tienda"},{"@type":"ListItem","position":3,"name":"E-Liquid CBD Broad Spectrum Gorilla Glue 1500\/2500mg L\u00edquido Vaper"}]},{"@type":"WebSite","@id":"https:\/\/thelyflabs.com\/#website","url":"https:\/\/thelyflabs.com\/","name":"Les laboratoires LYF","description":"Vente en gros de CBD","publisher":{"@id":"https:\/\/thelyflabs.com\/#organization"},"potentialAction":[{"@type":"SearchAction","target":{"@type":"EntryPoint","urlTemplate":"https:\/\/thelyflabs.com\/?s={search_term_string}"},"query-input":{"@type":"PropertyValueSpecification","valueRequired":true,"valueName":"search_term_string"}}],"inLanguage":"fr-FR"},{"@type":"Organization","@id":"https:\/\/thelyflabs.com\/#organization","name":"Les laboratoires LYF","url":"https:\/\/thelyflabs.com\/","logo":{"@type":"ImageObject","inLanguage":"fr-FR","@id":"https:\/\/thelyflabs.com\/#\/schema\/logo\/image\/","url":"https:\/\/thelyflabs.com\/wp-content\/uploads\/2023\/01\/cropped-LogoTheLYFLabs.png","contentUrl":"https:\/\/thelyflabs.com\/wp-content\/uploads\/2023\/01\/cropped-LogoTheLYFLabs.png","width":600,"height":180,"caption":"The LYF Labs"},"image":{"@id":"https:\/\/thelyflabs.com\/#\/schema\/logo\/image\/"}}]}},"_links":{"self":[{"href":"https:\/\/thelyflabs.com\/fr\/wp-json\/wp\/v2\/product\/2653","targetHints":{"allow":["GET"]}}],"collection":[{"href":"https:\/\/thelyflabs.com\/fr\/wp-json\/wp\/v2\/product"}],"about":[{"href":"https:\/\/thelyflabs.com\/fr\/wp-json\/wp\/v2\/types\/product"}],"replies":[{"embeddable":true,"href":"https:\/\/thelyflabs.com\/fr\/wp-json\/wp\/v2\/comments?post=2653"}],"wp:featuredmedia":[{"embeddable":true,"href":"https:\/\/thelyflabs.com\/fr\/wp-json\/wp\/v2\/media\/2640"}],"wp:attachment":[{"href":"https:\/\/thelyflabs.com\/fr\/wp-json\/wp\/v2\/media?parent=2653"}],"wp:term":[{"taxonomy":"product_brand","embeddable":true,"href":"https:\/\/thelyflabs.com\/fr\/wp-json\/wp\/v2\/product_brand?post=2653"},{"taxonomy":"product_cat","embeddable":true,"href":"https:\/\/thelyflabs.com\/fr\/wp-json\/wp\/v2\/product_cat?post=2653"},{"taxonomy":"product_tag","embeddable":true,"href":"https:\/\/thelyflabs.com\/fr\/wp-json\/wp\/v2\/product_tag?post=2653"}],"curies":[{"name":"wp","href":"https:\/\/api.w.org\/{rel}","templated":true}]}}