{"id":2751,"date":"2023-08-24T04:25:24","date_gmt":"2023-08-24T04:25:24","guid":{"rendered":"https:\/\/thelyflabs.com\/?post_type=product&#038;p=2751"},"modified":"2025-12-16T13:49:23","modified_gmt":"2025-12-16T12:49:23","slug":"pod-desechable-de-cbd-iguana-pod-pocket-gorilla-glue-3ml","status":"publish","type":"product","link":"https:\/\/thelyflabs.com\/fr\/product\/pod-desechable-de-cbd-iguana-pod-pocket-gorilla-glue-3ml","title":{"rendered":"CBD Vape \u2013 Iguana Pod Pocket Gorilla Colle 3ml"},"content":{"rendered":"<h2>Iguana Pod Pocket Gorille Colle 3ml<\/h2>\n<p>Notre Iguana Pod Pocket Gorilla Glue allie \u00e9l\u00e9gance et portabilit\u00e9. Son design ergonomique et sa finition haut de gamme en font une d\u00e9claration de style tout en se glissant parfaitement dans votre poche ou votre sac, vous accompagnant dans toutes vos aventures.<\/p>\n<p>En termes d&#039;ar\u00f4me, la vari\u00e9t\u00e9 Gorilla Glue pr\u00e9sente g\u00e9n\u00e9ralement une combinaison de notes terreuses et de pin et de notes de saveurs sucr\u00e9es et \u00e9pic\u00e9es.<\/p>\n<p>Son design attrayant et sa taille compacte en font un accessoire id\u00e9al \u00e0 emporter toujours avec vous.<\/p>\n<p>Iguana Smoke vous permet de profiter de plus en plus facilement des bienfaits du CBD avec des produits non psychoactifs contenant du 0% THC.<\/p>\n<p>Il vous suffit de choisir votre saveur pr\u00e9f\u00e9r\u00e9e, de l&#039;ouvrir et de commencer \u00e0 l&#039;utiliser.<\/p>","protected":false},"excerpt":{"rendered":"<h2>Iguana Pod Pocket Gorille Colle 3ml<\/h2>\n<p>Caract\u00e9ristiques:<\/p>\n<ul>\n<li>Dimensions : 105mmx16mm<\/li>\n<li>Batterie : 550 mAh<\/li>\n<li>Capacit\u00e9 : 3 ml<\/li>\n<li>Bouff\u00e9es : jusqu&#039;\u00e0 900<\/li>\n<li>Taux de CBD : 225mg\/3ml<\/li>\n<li>THC\u00a0: 0%<\/li>\n<li>Nicotine\u00a0: 0%<\/li>\n<\/ul>\n<p>Analyse qualit\u00e9 : cliquez <a href=\"https:\/\/iguanasmoke.com\/wp-content\/uploads\/2018\/02\/Analitica-E-Liquid-Iguana-Smoke-Junio-2022.pdf\" target=\"_blank\" rel=\"noopener\">ici<\/a><\/p>","protected":false},"featured_media":8104,"comment_status":"open","ping_status":"closed","template":"","meta":{"_acf_changed":false,"site-sidebar-layout":"default","site-content-layout":"default","ast-site-content-layout":"default","site-content-style":"default","site-sidebar-style":"default","ast-global-header-display":"","ast-banner-title-visibility":"","ast-main-header-display":"","ast-hfb-above-header-display":"","ast-hfb-below-header-display":"","ast-hfb-mobile-header-display":"","site-post-title":"","ast-breadcrumbs-content":"","ast-featured-img":"","footer-sml-layout":"","theme-transparent-header-meta":"default","adv-header-id-meta":"","stick-header-meta":"","header-above-stick-meta":"","header-main-stick-meta":"","header-below-stick-meta":"","astra-migrate-meta-layouts":"set","ast-page-background-enabled":"default","ast-page-background-meta":{"desktop":{"background-color":"var(--ast-global-color-4)","background-image":"","background-repeat":"repeat","background-position":"center center","background-size":"auto","background-attachment":"scroll","background-type":"","background-media":"","overlay-type":"","overlay-color":"","overlay-opacity":"","overlay-gradient":""},"tablet":{"background-color":"","background-image":"","background-repeat":"repeat","background-position":"center center","background-size":"auto","background-attachment":"scroll","background-type":"","background-media":"","overlay-type":"","overlay-color":"","overlay-opacity":"","overlay-gradient":""},"mobile":{"background-color":"","background-image":"","background-repeat":"repeat","background-position":"center center","background-size":"auto","background-attachment":"scroll","background-type":"","background-media":"","overlay-type":"","overlay-color":"","overlay-opacity":"","overlay-gradient":""}},"ast-content-background-meta":{"desktop":{"background-color":"var(--ast-global-color-5)","background-image":"","background-repeat":"repeat","background-position":"center center","background-size":"auto","background-attachment":"scroll","background-type":"","background-media":"","overlay-type":"","overlay-color":"","overlay-opacity":"","overlay-gradient":""},"tablet":{"background-color":"var(--ast-global-color-5)","background-image":"","background-repeat":"repeat","background-position":"center center","background-size":"auto","background-attachment":"scroll","background-type":"","background-media":"","overlay-type":"","overlay-color":"","overlay-opacity":"","overlay-gradient":""},"mobile":{"background-color":"var(--ast-global-color-5)","background-image":"","background-repeat":"repeat","background-position":"center center","background-size":"auto","background-attachment":"scroll","background-type":"","background-media":"","overlay-type":"","overlay-color":"","overlay-opacity":"","overlay-gradient":""}}},"product_brand":[],"product_cat":[40,87,23,76,77,82],"product_tag":[],"class_list":{"0":"post-2751","1":"product","2":"type-product","3":"status-publish","4":"has-post-thumbnail","6":"product_cat-iguanasmoke","7":"product_cat-isolate-cbd","8":"product_cat-pod-cbd","9":"product_cat-vaper-cbd","10":"product_cat-vape-pocket-cbd","11":"product_cat-vape-cbd-pocket-iguana-smoke","12":"desktop-align-center","13":"tablet-align-left","14":"mobile-align-left","16":"first","17":"instock","18":"taxable","19":"shipping-taxable","20":"purchasable","21":"product-type-simple"},"acf":[],"yoast_head":"<!-- This site is optimized with the Yoast SEO plugin v27.3 - https:\/\/yoast.com\/product\/yoast-seo-wordpress\/ -->\n<title>Vape de CBD - Iguana Pod Pocket Gorilla Glue 3ml - THE LYF LABS<\/title>\n<meta name=\"description\" content=\"Iguana Pod Pocket CBD Gorilla Glue Desechable por mayor. Consigue aqu\u00ed tu Pod de CBD a precio mayorista en nuestra tienda exclusiva para profesionales.\" \/>\n<meta name=\"robots\" content=\"index, follow, max-snippet:-1, max-image-preview:large, max-video-preview:-1\" \/>\n<link rel=\"canonical\" href=\"https:\/\/thelyflabs.com\/fr\/product\/pod-desechable-de-cbd-iguana-pod-pocket-gorilla-glue-3ml\/\" \/>\n<meta property=\"og:locale\" content=\"fr_FR\" \/>\n<meta property=\"og:type\" content=\"article\" \/>\n<meta property=\"og:title\" content=\"Vape de CBD - Iguana Pod Pocket Gorilla Glue 3ml - THE LYF LABS\" \/>\n<meta property=\"og:description\" content=\"Iguana Pod Pocket CBD Gorilla Glue Desechable por mayor. Consigue aqu\u00ed tu Pod de CBD a precio mayorista en nuestra tienda exclusiva para profesionales.\" \/>\n<meta property=\"og:url\" content=\"https:\/\/thelyflabs.com\/fr\/product\/pod-desechable-de-cbd-iguana-pod-pocket-gorilla-glue-3ml\/\" \/>\n<meta property=\"og:site_name\" content=\"THE LYF LABS\" \/>\n<meta property=\"article:modified_time\" content=\"2025-12-16T12:49:23+00:00\" \/>\n<meta property=\"og:image\" content=\"https:\/\/thelyflabs.com\/wp-content\/uploads\/2023\/08\/caja-gg-con-vape-webp.webp\" \/>\n\t<meta property=\"og:image:width\" content=\"500\" \/>\n\t<meta property=\"og:image:height\" content=\"500\" \/>\n\t<meta property=\"og:image:type\" content=\"image\/webp\" \/>\n<meta name=\"twitter:card\" content=\"summary_large_image\" \/>\n<meta name=\"twitter:label1\" content=\"Dur\u00e9e de lecture estim\u00e9e\" \/>\n\t<meta name=\"twitter:data1\" content=\"2 minutes\" \/>\n<script type=\"application\/ld+json\" class=\"yoast-schema-graph\">{\"@context\":\"https:\\\/\\\/schema.org\",\"@graph\":[{\"@type\":\"WebPage\",\"@id\":\"https:\\\/\\\/thelyflabs.com\\\/product\\\/pod-desechable-de-cbd-iguana-pod-pocket-gorilla-glue-3ml\",\"url\":\"https:\\\/\\\/thelyflabs.com\\\/product\\\/pod-desechable-de-cbd-iguana-pod-pocket-gorilla-glue-3ml\",\"name\":\"Vape de CBD - Iguana Pod Pocket Gorilla Glue 3ml - THE LYF LABS\",\"isPartOf\":{\"@id\":\"https:\\\/\\\/thelyflabs.com\\\/#website\"},\"primaryImageOfPage\":{\"@id\":\"https:\\\/\\\/thelyflabs.com\\\/product\\\/pod-desechable-de-cbd-iguana-pod-pocket-gorilla-glue-3ml#primaryimage\"},\"image\":{\"@id\":\"https:\\\/\\\/thelyflabs.com\\\/product\\\/pod-desechable-de-cbd-iguana-pod-pocket-gorilla-glue-3ml#primaryimage\"},\"thumbnailUrl\":\"https:\\\/\\\/thelyflabs.com\\\/wp-content\\\/uploads\\\/2023\\\/08\\\/caja-gg-con-vape-webp.webp\",\"datePublished\":\"2023-08-24T04:25:24+00:00\",\"dateModified\":\"2025-12-16T12:49:23+00:00\",\"description\":\"Iguana Pod Pocket CBD Gorilla Glue Desechable por mayor. Consigue aqu\u00ed tu Pod de CBD a precio mayorista en nuestra tienda exclusiva para profesionales.\",\"breadcrumb\":{\"@id\":\"https:\\\/\\\/thelyflabs.com\\\/product\\\/pod-desechable-de-cbd-iguana-pod-pocket-gorilla-glue-3ml#breadcrumb\"},\"inLanguage\":\"fr-FR\",\"potentialAction\":[{\"@type\":\"ReadAction\",\"target\":[\"https:\\\/\\\/thelyflabs.com\\\/product\\\/pod-desechable-de-cbd-iguana-pod-pocket-gorilla-glue-3ml\"]}]},{\"@type\":\"ImageObject\",\"inLanguage\":\"fr-FR\",\"@id\":\"https:\\\/\\\/thelyflabs.com\\\/product\\\/pod-desechable-de-cbd-iguana-pod-pocket-gorilla-glue-3ml#primaryimage\",\"url\":\"https:\\\/\\\/thelyflabs.com\\\/wp-content\\\/uploads\\\/2023\\\/08\\\/caja-gg-con-vape-webp.webp\",\"contentUrl\":\"https:\\\/\\\/thelyflabs.com\\\/wp-content\\\/uploads\\\/2023\\\/08\\\/caja-gg-con-vape-webp.webp\",\"width\":500,\"height\":500,\"caption\":\"vape cbd gorilla glue\"},{\"@type\":\"BreadcrumbList\",\"@id\":\"https:\\\/\\\/thelyflabs.com\\\/product\\\/pod-desechable-de-cbd-iguana-pod-pocket-gorilla-glue-3ml#breadcrumb\",\"itemListElement\":[{\"@type\":\"ListItem\",\"position\":1,\"name\":\"Portada\",\"item\":\"https:\\\/\\\/thelyflabs.com\\\/\"},{\"@type\":\"ListItem\",\"position\":2,\"name\":\"Tienda\",\"item\":\"https:\\\/\\\/thelyflabs.com\\\/tienda\"},{\"@type\":\"ListItem\",\"position\":3,\"name\":\"Vape de CBD &#8211; Iguana Pod Pocket Gorilla Glue 3ml\"}]},{\"@type\":\"WebSite\",\"@id\":\"https:\\\/\\\/thelyflabs.com\\\/#website\",\"url\":\"https:\\\/\\\/thelyflabs.com\\\/\",\"name\":\"The LYF Labs\",\"description\":\"CBD al por mayor\",\"publisher\":{\"@id\":\"https:\\\/\\\/thelyflabs.com\\\/#organization\"},\"potentialAction\":[{\"@type\":\"SearchAction\",\"target\":{\"@type\":\"EntryPoint\",\"urlTemplate\":\"https:\\\/\\\/thelyflabs.com\\\/?s={search_term_string}\"},\"query-input\":{\"@type\":\"PropertyValueSpecification\",\"valueRequired\":true,\"valueName\":\"search_term_string\"}}],\"inLanguage\":\"fr-FR\"},{\"@type\":\"Organization\",\"@id\":\"https:\\\/\\\/thelyflabs.com\\\/#organization\",\"name\":\"The LYF Labs\",\"url\":\"https:\\\/\\\/thelyflabs.com\\\/\",\"logo\":{\"@type\":\"ImageObject\",\"inLanguage\":\"fr-FR\",\"@id\":\"https:\\\/\\\/thelyflabs.com\\\/#\\\/schema\\\/logo\\\/image\\\/\",\"url\":\"https:\\\/\\\/thelyflabs.com\\\/wp-content\\\/uploads\\\/2023\\\/01\\\/cropped-LogoTheLYFLabs.png\",\"contentUrl\":\"https:\\\/\\\/thelyflabs.com\\\/wp-content\\\/uploads\\\/2023\\\/01\\\/cropped-LogoTheLYFLabs.png\",\"width\":600,\"height\":180,\"caption\":\"The LYF Labs\"},\"image\":{\"@id\":\"https:\\\/\\\/thelyflabs.com\\\/#\\\/schema\\\/logo\\\/image\\\/\"}}]}<\/script>\n<!-- \/ Yoast SEO plugin. -->","yoast_head_json":{"title":"Vape CBD - Capsule Iguana Pocket Gorilla Glue 3 ml - THE LYF LABS","description":"Capsules jetables Iguana Pod Pocket CBD Gorilla Glue en gros. Achetez vos capsules CBD \u00e0 prix de gros dans notre boutique exclusive r\u00e9serv\u00e9e aux professionnels.","robots":{"index":"index","follow":"follow","max-snippet":"max-snippet:-1","max-image-preview":"max-image-preview:large","max-video-preview":"max-video-preview:-1"},"canonical":"https:\/\/thelyflabs.com\/fr\/product\/pod-desechable-de-cbd-iguana-pod-pocket-gorilla-glue-3ml\/","og_locale":"fr_FR","og_type":"article","og_title":"Vape de CBD - Iguana Pod Pocket Gorilla Glue 3ml - THE LYF LABS","og_description":"Iguana Pod Pocket CBD Gorilla Glue Desechable por mayor. Consigue aqu\u00ed tu Pod de CBD a precio mayorista en nuestra tienda exclusiva para profesionales.","og_url":"https:\/\/thelyflabs.com\/fr\/product\/pod-desechable-de-cbd-iguana-pod-pocket-gorilla-glue-3ml\/","og_site_name":"THE LYF LABS","article_modified_time":"2025-12-16T12:49:23+00:00","og_image":[{"width":500,"height":500,"url":"https:\/\/thelyflabs.com\/wp-content\/uploads\/2023\/08\/caja-gg-con-vape-webp.webp","type":"image\/webp"}],"twitter_card":"summary_large_image","twitter_misc":{"Dur\u00e9e de lecture estim\u00e9e":"2 minutes"},"schema":{"@context":"https:\/\/schema.org","@graph":[{"@type":"WebPage","@id":"https:\/\/thelyflabs.com\/product\/pod-desechable-de-cbd-iguana-pod-pocket-gorilla-glue-3ml","url":"https:\/\/thelyflabs.com\/product\/pod-desechable-de-cbd-iguana-pod-pocket-gorilla-glue-3ml","name":"Vape CBD - Capsule Iguana Pocket Gorilla Glue 3 ml - THE LYF LABS","isPartOf":{"@id":"https:\/\/thelyflabs.com\/#website"},"primaryImageOfPage":{"@id":"https:\/\/thelyflabs.com\/product\/pod-desechable-de-cbd-iguana-pod-pocket-gorilla-glue-3ml#primaryimage"},"image":{"@id":"https:\/\/thelyflabs.com\/product\/pod-desechable-de-cbd-iguana-pod-pocket-gorilla-glue-3ml#primaryimage"},"thumbnailUrl":"https:\/\/thelyflabs.com\/wp-content\/uploads\/2023\/08\/caja-gg-con-vape-webp.webp","datePublished":"2023-08-24T04:25:24+00:00","dateModified":"2025-12-16T12:49:23+00:00","description":"Capsules jetables Iguana Pod Pocket CBD Gorilla Glue en gros. Achetez vos capsules CBD \u00e0 prix de gros dans notre boutique exclusive r\u00e9serv\u00e9e aux professionnels.","breadcrumb":{"@id":"https:\/\/thelyflabs.com\/product\/pod-desechable-de-cbd-iguana-pod-pocket-gorilla-glue-3ml#breadcrumb"},"inLanguage":"fr-FR","potentialAction":[{"@type":"ReadAction","target":["https:\/\/thelyflabs.com\/product\/pod-desechable-de-cbd-iguana-pod-pocket-gorilla-glue-3ml"]}]},{"@type":"ImageObject","inLanguage":"fr-FR","@id":"https:\/\/thelyflabs.com\/product\/pod-desechable-de-cbd-iguana-pod-pocket-gorilla-glue-3ml#primaryimage","url":"https:\/\/thelyflabs.com\/wp-content\/uploads\/2023\/08\/caja-gg-con-vape-webp.webp","contentUrl":"https:\/\/thelyflabs.com\/wp-content\/uploads\/2023\/08\/caja-gg-con-vape-webp.webp","width":500,"height":500,"caption":"vape cbd gorilla glue"},{"@type":"BreadcrumbList","@id":"https:\/\/thelyflabs.com\/product\/pod-desechable-de-cbd-iguana-pod-pocket-gorilla-glue-3ml#breadcrumb","itemListElement":[{"@type":"ListItem","position":1,"name":"Portada","item":"https:\/\/thelyflabs.com\/"},{"@type":"ListItem","position":2,"name":"Tienda","item":"https:\/\/thelyflabs.com\/tienda"},{"@type":"ListItem","position":3,"name":"Vape de CBD &#8211; Iguana Pod Pocket Gorilla Glue 3ml"}]},{"@type":"WebSite","@id":"https:\/\/thelyflabs.com\/#website","url":"https:\/\/thelyflabs.com\/","name":"Les laboratoires LYF","description":"Vente en gros de CBD","publisher":{"@id":"https:\/\/thelyflabs.com\/#organization"},"potentialAction":[{"@type":"SearchAction","target":{"@type":"EntryPoint","urlTemplate":"https:\/\/thelyflabs.com\/?s={search_term_string}"},"query-input":{"@type":"PropertyValueSpecification","valueRequired":true,"valueName":"search_term_string"}}],"inLanguage":"fr-FR"},{"@type":"Organization","@id":"https:\/\/thelyflabs.com\/#organization","name":"Les laboratoires LYF","url":"https:\/\/thelyflabs.com\/","logo":{"@type":"ImageObject","inLanguage":"fr-FR","@id":"https:\/\/thelyflabs.com\/#\/schema\/logo\/image\/","url":"https:\/\/thelyflabs.com\/wp-content\/uploads\/2023\/01\/cropped-LogoTheLYFLabs.png","contentUrl":"https:\/\/thelyflabs.com\/wp-content\/uploads\/2023\/01\/cropped-LogoTheLYFLabs.png","width":600,"height":180,"caption":"The LYF Labs"},"image":{"@id":"https:\/\/thelyflabs.com\/#\/schema\/logo\/image\/"}}]}},"_links":{"self":[{"href":"https:\/\/thelyflabs.com\/fr\/wp-json\/wp\/v2\/product\/2751","targetHints":{"allow":["GET"]}}],"collection":[{"href":"https:\/\/thelyflabs.com\/fr\/wp-json\/wp\/v2\/product"}],"about":[{"href":"https:\/\/thelyflabs.com\/fr\/wp-json\/wp\/v2\/types\/product"}],"replies":[{"embeddable":true,"href":"https:\/\/thelyflabs.com\/fr\/wp-json\/wp\/v2\/comments?post=2751"}],"wp:featuredmedia":[{"embeddable":true,"href":"https:\/\/thelyflabs.com\/fr\/wp-json\/wp\/v2\/media\/8104"}],"wp:attachment":[{"href":"https:\/\/thelyflabs.com\/fr\/wp-json\/wp\/v2\/media?parent=2751"}],"wp:term":[{"taxonomy":"product_brand","embeddable":true,"href":"https:\/\/thelyflabs.com\/fr\/wp-json\/wp\/v2\/product_brand?post=2751"},{"taxonomy":"product_cat","embeddable":true,"href":"https:\/\/thelyflabs.com\/fr\/wp-json\/wp\/v2\/product_cat?post=2751"},{"taxonomy":"product_tag","embeddable":true,"href":"https:\/\/thelyflabs.com\/fr\/wp-json\/wp\/v2\/product_tag?post=2751"}],"curies":[{"name":"wp","href":"https:\/\/api.w.org\/{rel}","templated":true}]}}