{"id":3346,"date":"2023-10-30T18:04:31","date_gmt":"2023-10-30T18:04:31","guid":{"rendered":"https:\/\/thelyflabs.com\/?post_type=product&#038;p=3346"},"modified":"2025-11-11T14:31:11","modified_gmt":"2025-11-11T13:31:11","slug":"vape-cbd-lyf-pod-pocket-lemon-3ml","status":"publish","type":"product","link":"https:\/\/thelyflabs.com\/fr\/product\/vape-cbd-lyf-pod-pocket-lemon-3ml","title":{"rendered":"Vape CBD \u2013 LYF Pod Pocket Citron 3ml"},"content":{"rendered":"<h2>\u00a0LYF Pod Pocket CBD Citron 3ml<\/h2>\n<p>D\u00e9couvrez une exp\u00e9rience de relaxation et de bien-\u00eatre au creux de votre main avec le Pod Pocket CBD Lemon de The LYF Labs. Cet appareil innovant vous donne la libert\u00e9 de profiter des bienfaits du cannabidiol CBD partout et \u00e0 tout moment.<\/p>\n<p>Con\u00e7u avec la plus haute qualit\u00e9 et pr\u00e9cision, le LYF Pod Pocket CBD est le choix parfait pour ceux qui recherchent un moyen discret et pratique d&#039;incorporer du CBD dans leur style de vie.<\/p>\n<h3><strong>Fonctionnalit\u00e9s en vedette<\/strong>:<\/h3>\n<ol>\n<li><strong>format de poche<\/strong>: Avec son design compact et \u00e9pur\u00e9, cette vape se glisse facilement dans votre poche ou votre sac, ce qui en fait un parfait compagnon de voyage.<\/li>\n<li><strong>Batterie puissante<\/strong>: La batterie longue dur\u00e9e vous permet de profiter de votre vape toute la journ\u00e9e sans vous soucier d&#039;une recharge constante.<\/li>\n<li><strong>CBD de qualit\u00e9 sup\u00e9rieure<\/strong>: L&#039;appareil utilise de l&#039;huile de CBD de haute qualit\u00e9 de The LYF Labs, garantissant une exp\u00e9rience in\u00e9gal\u00e9e.<\/li>\n<li><strong>Saveur exceptionnelle<\/strong>: Profitez d&#039;une gamme de saveurs d\u00e9licieuses et naturelles qui font du vapotage une exp\u00e9rience agr\u00e9able.<\/li>\n<li><strong>Facile \u00e0 utiliser<\/strong>: Vous n&#039;avez pas besoin d&#039;\u00eatre un expert en vape. Cet appareil est facile \u00e0 utiliser, m\u00eame si c&#039;est la premi\u00e8re fois.<\/li>\n<li><strong>Contr\u00f4le des doses<\/strong>: Ajustez pr\u00e9cis\u00e9ment la quantit\u00e9 de CBD que vous souhaitez consommer, vous permettant ainsi de personnaliser votre exp\u00e9rience.<\/li>\n<li><strong>Effets relaxants<\/strong>: Le CBD a \u00e9t\u00e9 associ\u00e9 \u00e0 des effets relaxants et anti-stress. Utilisez-le pour vous d\u00e9tendre apr\u00e8s une longue journ\u00e9e ou pour vous aider \u00e0 rester calme dans des situations stressantes.<\/li>\n<\/ol>\n<p><strong>Pourquoi choisir les Laboratoires LYF ?<\/strong><\/p>\n<p>Le LYF Labs est une marque renomm\u00e9e dans l\u2019industrie du CBD. Chaque produit est soutenu par des ann\u00e9es de recherche et de d\u00e9veloppement et est soumis \u00e0 des tests de qualit\u00e9 rigoureux pour garantir la satisfaction du client. Lorsque vous choisissez The LYF Labs, vous choisissez la qualit\u00e9, la fiabilit\u00e9 et l&#039;efficacit\u00e9.<\/p>\n<p>Ne manquez pas l\u2019occasion de d\u00e9couvrir l\u2019harmonie que le CBD peut apporter \u00e0 votre vie. De plus, avec le LYF Pod Pocket CBD Lemon, vous pouvez emporter la d\u00e9tente avec vous partout o\u00f9 vous allez. Alors, commandez d\u00e8s aujourd&#039;hui et d\u00e9couvrez pourquoi tant de personnes choisissent The LYF Labs pour leur bien-\u00eatre !<\/p>","protected":false},"excerpt":{"rendered":"<h2>Iguana Pod Pocket Citron 3ml<\/h2>\n<p>Caract\u00e9ristiques:<\/p>\n<ul>\n<li>Dimensions : 35 x 6,5 x 65,5 mm<\/li>\n<li>Batterie : 550 mAh<\/li>\n<li>Capacit\u00e9 : 3 ml<\/li>\n<li>Bouff\u00e9es : jusqu&#039;\u00e0 900<\/li>\n<li>CBD : 225mg\/3ml<\/li>\n<li>Taux de CBD : 750mg\/10ml<\/li>\n<li>THC\u00a0: 0%<\/li>\n<li>Nicotine\u00a0: 0%<\/li>\n<\/ul>\n<p>Analyse qualit\u00e9 : cliquez <a href=\"https:\/\/iguanasmoke.com\/wp-content\/uploads\/2018\/02\/Analitica-E-Liquid-Iguana-Smoke-Junio-2022.pdf\" target=\"_blank\" rel=\"noopener\">ici<\/a><\/p>","protected":false},"featured_media":3350,"comment_status":"open","ping_status":"closed","template":"","meta":{"_acf_changed":false,"site-sidebar-layout":"default","site-content-layout":"default","ast-site-content-layout":"default","site-content-style":"default","site-sidebar-style":"default","ast-global-header-display":"","ast-banner-title-visibility":"","ast-main-header-display":"","ast-hfb-above-header-display":"","ast-hfb-below-header-display":"","ast-hfb-mobile-header-display":"","site-post-title":"","ast-breadcrumbs-content":"","ast-featured-img":"","footer-sml-layout":"","theme-transparent-header-meta":"default","adv-header-id-meta":"","stick-header-meta":"","header-above-stick-meta":"","header-main-stick-meta":"","header-below-stick-meta":"","astra-migrate-meta-layouts":"set","ast-page-background-enabled":"default","ast-page-background-meta":{"desktop":{"background-color":"var(--ast-global-color-4)","background-image":"","background-repeat":"repeat","background-position":"center center","background-size":"auto","background-attachment":"scroll","background-type":"","background-media":"","overlay-type":"","overlay-color":"","overlay-opacity":"","overlay-gradient":""},"tablet":{"background-color":"","background-image":"","background-repeat":"repeat","background-position":"center center","background-size":"auto","background-attachment":"scroll","background-type":"","background-media":"","overlay-type":"","overlay-color":"","overlay-opacity":"","overlay-gradient":""},"mobile":{"background-color":"","background-image":"","background-repeat":"repeat","background-position":"center center","background-size":"auto","background-attachment":"scroll","background-type":"","background-media":"","overlay-type":"","overlay-color":"","overlay-opacity":"","overlay-gradient":""}},"ast-content-background-meta":{"desktop":{"background-color":"var(--ast-global-color-5)","background-image":"","background-repeat":"repeat","background-position":"center center","background-size":"auto","background-attachment":"scroll","background-type":"","background-media":"","overlay-type":"","overlay-color":"","overlay-opacity":"","overlay-gradient":""},"tablet":{"background-color":"var(--ast-global-color-5)","background-image":"","background-repeat":"repeat","background-position":"center center","background-size":"auto","background-attachment":"scroll","background-type":"","background-media":"","overlay-type":"","overlay-color":"","overlay-opacity":"","overlay-gradient":""},"mobile":{"background-color":"var(--ast-global-color-5)","background-image":"","background-repeat":"repeat","background-position":"center center","background-size":"auto","background-attachment":"scroll","background-type":"","background-media":"","overlay-type":"","overlay-color":"","overlay-opacity":"","overlay-gradient":""}}},"product_brand":[],"product_cat":[44,81,23,76],"product_tag":[],"class_list":{"0":"post-3346","1":"product","2":"type-product","3":"status-publish","4":"has-post-thumbnail","6":"product_cat-lyf","7":"product_cat-lyf-vape","8":"product_cat-pod-cbd","9":"product_cat-vaper-cbd","10":"desktop-align-center","11":"tablet-align-left","12":"mobile-align-left","14":"first","15":"outofstock","16":"taxable","17":"shipping-taxable","18":"purchasable","19":"product-type-simple"},"acf":[],"yoast_head":"<!-- This site is optimized with the Yoast SEO plugin v27.3 - https:\/\/yoast.com\/product\/yoast-seo-wordpress\/ -->\n<title>Vape CBD - LYF Pod Pocket Lemon 3ml - THE LYF LABS<\/title>\n<meta name=\"description\" content=\"Consigue tu LYF Pod Pocket CBD Lemon en Lyf Labs. El Iguana Pod tiene 900 caladas y una tasa de 225mg\/3ml de CBD. No contiene THC ni nicotina.\" \/>\n<meta name=\"robots\" content=\"index, follow, max-snippet:-1, max-image-preview:large, max-video-preview:-1\" \/>\n<link rel=\"canonical\" href=\"https:\/\/thelyflabs.com\/fr\/product\/vape-cbd-lyf-pod-pocket-lemon-3ml\/\" \/>\n<meta property=\"og:locale\" content=\"fr_FR\" \/>\n<meta property=\"og:type\" content=\"article\" \/>\n<meta property=\"og:title\" content=\"Vape CBD - LYF Pod Pocket Lemon 3ml - THE LYF LABS\" \/>\n<meta property=\"og:description\" content=\"Consigue tu LYF Pod Pocket CBD Lemon en Lyf Labs. El Iguana Pod tiene 900 caladas y una tasa de 225mg\/3ml de CBD. No contiene THC ni nicotina.\" \/>\n<meta property=\"og:url\" content=\"https:\/\/thelyflabs.com\/fr\/product\/vape-cbd-lyf-pod-pocket-lemon-3ml\/\" \/>\n<meta property=\"og:site_name\" content=\"THE LYF LABS\" \/>\n<meta property=\"article:modified_time\" content=\"2025-11-11T13:31:11+00:00\" \/>\n<meta property=\"og:image\" content=\"https:\/\/thelyflabs.com\/wp-content\/uploads\/2023\/10\/Mockup-Pods-Lemon-webp.webp\" \/>\n\t<meta property=\"og:image:width\" content=\"500\" \/>\n\t<meta property=\"og:image:height\" content=\"500\" \/>\n\t<meta property=\"og:image:type\" content=\"image\/webp\" \/>\n<meta name=\"twitter:card\" content=\"summary_large_image\" \/>\n<meta name=\"twitter:label1\" content=\"Dur\u00e9e de lecture estim\u00e9e\" \/>\n\t<meta name=\"twitter:data1\" content=\"3 minutes\" \/>\n<script type=\"application\/ld+json\" class=\"yoast-schema-graph\">{\"@context\":\"https:\\\/\\\/schema.org\",\"@graph\":[{\"@type\":\"WebPage\",\"@id\":\"https:\\\/\\\/thelyflabs.com\\\/product\\\/vape-cbd-lyf-pod-pocket-lemon-3ml\",\"url\":\"https:\\\/\\\/thelyflabs.com\\\/product\\\/vape-cbd-lyf-pod-pocket-lemon-3ml\",\"name\":\"Vape CBD - LYF Pod Pocket Lemon 3ml - THE LYF LABS\",\"isPartOf\":{\"@id\":\"https:\\\/\\\/thelyflabs.com\\\/#website\"},\"primaryImageOfPage\":{\"@id\":\"https:\\\/\\\/thelyflabs.com\\\/product\\\/vape-cbd-lyf-pod-pocket-lemon-3ml#primaryimage\"},\"image\":{\"@id\":\"https:\\\/\\\/thelyflabs.com\\\/product\\\/vape-cbd-lyf-pod-pocket-lemon-3ml#primaryimage\"},\"thumbnailUrl\":\"https:\\\/\\\/thelyflabs.com\\\/wp-content\\\/uploads\\\/2023\\\/10\\\/Mockup-Pods-Lemon-webp.webp\",\"datePublished\":\"2023-10-30T18:04:31+00:00\",\"dateModified\":\"2025-11-11T13:31:11+00:00\",\"description\":\"Consigue tu LYF Pod Pocket CBD Lemon en Lyf Labs. El Iguana Pod tiene 900 caladas y una tasa de 225mg\\\/3ml de CBD. No contiene THC ni nicotina.\",\"breadcrumb\":{\"@id\":\"https:\\\/\\\/thelyflabs.com\\\/product\\\/vape-cbd-lyf-pod-pocket-lemon-3ml#breadcrumb\"},\"inLanguage\":\"fr-FR\",\"potentialAction\":[{\"@type\":\"ReadAction\",\"target\":[\"https:\\\/\\\/thelyflabs.com\\\/product\\\/vape-cbd-lyf-pod-pocket-lemon-3ml\"]}]},{\"@type\":\"ImageObject\",\"inLanguage\":\"fr-FR\",\"@id\":\"https:\\\/\\\/thelyflabs.com\\\/product\\\/vape-cbd-lyf-pod-pocket-lemon-3ml#primaryimage\",\"url\":\"https:\\\/\\\/thelyflabs.com\\\/wp-content\\\/uploads\\\/2023\\\/10\\\/Mockup-Pods-Lemon-webp.webp\",\"contentUrl\":\"https:\\\/\\\/thelyflabs.com\\\/wp-content\\\/uploads\\\/2023\\\/10\\\/Mockup-Pods-Lemon-webp.webp\",\"width\":500,\"height\":500,\"caption\":\"vaper cbd petaca lemon barato mayorista\"},{\"@type\":\"BreadcrumbList\",\"@id\":\"https:\\\/\\\/thelyflabs.com\\\/product\\\/vape-cbd-lyf-pod-pocket-lemon-3ml#breadcrumb\",\"itemListElement\":[{\"@type\":\"ListItem\",\"position\":1,\"name\":\"Portada\",\"item\":\"https:\\\/\\\/thelyflabs.com\\\/\"},{\"@type\":\"ListItem\",\"position\":2,\"name\":\"Tienda\",\"item\":\"https:\\\/\\\/thelyflabs.com\\\/tienda\"},{\"@type\":\"ListItem\",\"position\":3,\"name\":\"Vape CBD &#8211; LYF Pod Pocket Lemon 3ml\"}]},{\"@type\":\"WebSite\",\"@id\":\"https:\\\/\\\/thelyflabs.com\\\/#website\",\"url\":\"https:\\\/\\\/thelyflabs.com\\\/\",\"name\":\"The LYF Labs\",\"description\":\"CBD al por mayor\",\"publisher\":{\"@id\":\"https:\\\/\\\/thelyflabs.com\\\/#organization\"},\"potentialAction\":[{\"@type\":\"SearchAction\",\"target\":{\"@type\":\"EntryPoint\",\"urlTemplate\":\"https:\\\/\\\/thelyflabs.com\\\/?s={search_term_string}\"},\"query-input\":{\"@type\":\"PropertyValueSpecification\",\"valueRequired\":true,\"valueName\":\"search_term_string\"}}],\"inLanguage\":\"fr-FR\"},{\"@type\":\"Organization\",\"@id\":\"https:\\\/\\\/thelyflabs.com\\\/#organization\",\"name\":\"The LYF Labs\",\"url\":\"https:\\\/\\\/thelyflabs.com\\\/\",\"logo\":{\"@type\":\"ImageObject\",\"inLanguage\":\"fr-FR\",\"@id\":\"https:\\\/\\\/thelyflabs.com\\\/#\\\/schema\\\/logo\\\/image\\\/\",\"url\":\"https:\\\/\\\/thelyflabs.com\\\/wp-content\\\/uploads\\\/2023\\\/01\\\/cropped-LogoTheLYFLabs.png\",\"contentUrl\":\"https:\\\/\\\/thelyflabs.com\\\/wp-content\\\/uploads\\\/2023\\\/01\\\/cropped-LogoTheLYFLabs.png\",\"width\":600,\"height\":180,\"caption\":\"The LYF Labs\"},\"image\":{\"@id\":\"https:\\\/\\\/thelyflabs.com\\\/#\\\/schema\\\/logo\\\/image\\\/\"}}]}<\/script>\n<!-- \/ Yoast SEO plugin. -->","yoast_head_json":{"title":"Vape CBD - LYF Pod Pocket Citron 3ml - THE LYF LABS","description":"Procurez-vous votre pod LYF Pocket CBD Citron chez Lyf Labs. Le pod Iguana offre 900 bouff\u00e9es et une teneur en CBD de 225 mg\/3 ml. Il ne contient ni THC ni nicotine.","robots":{"index":"index","follow":"follow","max-snippet":"max-snippet:-1","max-image-preview":"max-image-preview:large","max-video-preview":"max-video-preview:-1"},"canonical":"https:\/\/thelyflabs.com\/fr\/product\/vape-cbd-lyf-pod-pocket-lemon-3ml\/","og_locale":"fr_FR","og_type":"article","og_title":"Vape CBD - LYF Pod Pocket Lemon 3ml - THE LYF LABS","og_description":"Consigue tu LYF Pod Pocket CBD Lemon en Lyf Labs. El Iguana Pod tiene 900 caladas y una tasa de 225mg\/3ml de CBD. No contiene THC ni nicotina.","og_url":"https:\/\/thelyflabs.com\/fr\/product\/vape-cbd-lyf-pod-pocket-lemon-3ml\/","og_site_name":"THE LYF LABS","article_modified_time":"2025-11-11T13:31:11+00:00","og_image":[{"width":500,"height":500,"url":"https:\/\/thelyflabs.com\/wp-content\/uploads\/2023\/10\/Mockup-Pods-Lemon-webp.webp","type":"image\/webp"}],"twitter_card":"summary_large_image","twitter_misc":{"Dur\u00e9e de lecture estim\u00e9e":"3 minutes"},"schema":{"@context":"https:\/\/schema.org","@graph":[{"@type":"WebPage","@id":"https:\/\/thelyflabs.com\/product\/vape-cbd-lyf-pod-pocket-lemon-3ml","url":"https:\/\/thelyflabs.com\/product\/vape-cbd-lyf-pod-pocket-lemon-3ml","name":"Vape CBD - LYF Pod Pocket Citron 3ml - THE LYF LABS","isPartOf":{"@id":"https:\/\/thelyflabs.com\/#website"},"primaryImageOfPage":{"@id":"https:\/\/thelyflabs.com\/product\/vape-cbd-lyf-pod-pocket-lemon-3ml#primaryimage"},"image":{"@id":"https:\/\/thelyflabs.com\/product\/vape-cbd-lyf-pod-pocket-lemon-3ml#primaryimage"},"thumbnailUrl":"https:\/\/thelyflabs.com\/wp-content\/uploads\/2023\/10\/Mockup-Pods-Lemon-webp.webp","datePublished":"2023-10-30T18:04:31+00:00","dateModified":"2025-11-11T13:31:11+00:00","description":"Procurez-vous votre pod LYF Pocket CBD Citron chez Lyf Labs. Le pod Iguana offre 900 bouff\u00e9es et une teneur en CBD de 225 mg\/3 ml. Il ne contient ni THC ni nicotine.","breadcrumb":{"@id":"https:\/\/thelyflabs.com\/product\/vape-cbd-lyf-pod-pocket-lemon-3ml#breadcrumb"},"inLanguage":"fr-FR","potentialAction":[{"@type":"ReadAction","target":["https:\/\/thelyflabs.com\/product\/vape-cbd-lyf-pod-pocket-lemon-3ml"]}]},{"@type":"ImageObject","inLanguage":"fr-FR","@id":"https:\/\/thelyflabs.com\/product\/vape-cbd-lyf-pod-pocket-lemon-3ml#primaryimage","url":"https:\/\/thelyflabs.com\/wp-content\/uploads\/2023\/10\/Mockup-Pods-Lemon-webp.webp","contentUrl":"https:\/\/thelyflabs.com\/wp-content\/uploads\/2023\/10\/Mockup-Pods-Lemon-webp.webp","width":500,"height":500,"caption":"vaper cbd petaca lemon barato mayorista"},{"@type":"BreadcrumbList","@id":"https:\/\/thelyflabs.com\/product\/vape-cbd-lyf-pod-pocket-lemon-3ml#breadcrumb","itemListElement":[{"@type":"ListItem","position":1,"name":"Portada","item":"https:\/\/thelyflabs.com\/"},{"@type":"ListItem","position":2,"name":"Tienda","item":"https:\/\/thelyflabs.com\/tienda"},{"@type":"ListItem","position":3,"name":"Vape CBD &#8211; LYF Pod Pocket Lemon 3ml"}]},{"@type":"WebSite","@id":"https:\/\/thelyflabs.com\/#website","url":"https:\/\/thelyflabs.com\/","name":"Les laboratoires LYF","description":"Vente en gros de CBD","publisher":{"@id":"https:\/\/thelyflabs.com\/#organization"},"potentialAction":[{"@type":"SearchAction","target":{"@type":"EntryPoint","urlTemplate":"https:\/\/thelyflabs.com\/?s={search_term_string}"},"query-input":{"@type":"PropertyValueSpecification","valueRequired":true,"valueName":"search_term_string"}}],"inLanguage":"fr-FR"},{"@type":"Organization","@id":"https:\/\/thelyflabs.com\/#organization","name":"Les laboratoires LYF","url":"https:\/\/thelyflabs.com\/","logo":{"@type":"ImageObject","inLanguage":"fr-FR","@id":"https:\/\/thelyflabs.com\/#\/schema\/logo\/image\/","url":"https:\/\/thelyflabs.com\/wp-content\/uploads\/2023\/01\/cropped-LogoTheLYFLabs.png","contentUrl":"https:\/\/thelyflabs.com\/wp-content\/uploads\/2023\/01\/cropped-LogoTheLYFLabs.png","width":600,"height":180,"caption":"The LYF Labs"},"image":{"@id":"https:\/\/thelyflabs.com\/#\/schema\/logo\/image\/"}}]}},"_links":{"self":[{"href":"https:\/\/thelyflabs.com\/fr\/wp-json\/wp\/v2\/product\/3346","targetHints":{"allow":["GET"]}}],"collection":[{"href":"https:\/\/thelyflabs.com\/fr\/wp-json\/wp\/v2\/product"}],"about":[{"href":"https:\/\/thelyflabs.com\/fr\/wp-json\/wp\/v2\/types\/product"}],"replies":[{"embeddable":true,"href":"https:\/\/thelyflabs.com\/fr\/wp-json\/wp\/v2\/comments?post=3346"}],"wp:featuredmedia":[{"embeddable":true,"href":"https:\/\/thelyflabs.com\/fr\/wp-json\/wp\/v2\/media\/3350"}],"wp:attachment":[{"href":"https:\/\/thelyflabs.com\/fr\/wp-json\/wp\/v2\/media?parent=3346"}],"wp:term":[{"taxonomy":"product_brand","embeddable":true,"href":"https:\/\/thelyflabs.com\/fr\/wp-json\/wp\/v2\/product_brand?post=3346"},{"taxonomy":"product_cat","embeddable":true,"href":"https:\/\/thelyflabs.com\/fr\/wp-json\/wp\/v2\/product_cat?post=3346"},{"taxonomy":"product_tag","embeddable":true,"href":"https:\/\/thelyflabs.com\/fr\/wp-json\/wp\/v2\/product_tag?post=3346"}],"curies":[{"name":"wp","href":"https:\/\/api.w.org\/{rel}","templated":true}]}}