{"id":3656,"date":"2023-11-22T06:15:08","date_gmt":"2023-11-22T06:15:08","guid":{"rendered":"https:\/\/thelyflabs.com\/?post_type=product&#038;p=3656"},"modified":"2026-04-08T11:58:03","modified_gmt":"2026-04-08T09:58:03","slug":"cartucho-desechable-full-spectrum-gorilla-glue","status":"publish","type":"product","link":"https:\/\/thelyflabs.com\/fr\/product\/cartucho-desechable-full-spectrum-gorilla-glue","title":{"rendered":"Cartouche jetable \u00e0 spectre complet \u2013 Gorilla Glue"},"content":{"rendered":"<h4>Cartouche jetable \u00e0 spectre complet \u2013 Gorilla Glue<\/h4>\n<p>D\u00e9couvrez la puissance du CBD avec notre cartouche jetable Full Spectrum Gorilla Glue, disponible chez Iguana Smoke. De plus, notre formule avanc\u00e9e combine la richesse des cannabino\u00efdes pour vous offrir une exp\u00e9rience de vapotage unique et compl\u00e8te. Gr\u00e2ce \u00e0 son extraction de chanvre biologique de haute qualit\u00e9, notre CBD Full Spectrum pr\u00e9serve la synergie naturelle de la plante pour maximiser ses bienfaits. Profitez d&#039;un soulagement \u00e0 chaque bouff\u00e9e.<\/p>\n<p>La cartouche contient <strong data-start=\"410\" data-end=\"426\">700 mg de CBD<\/strong> (concentration 70%), qui fournit <strong data-start=\"470\" data-end=\"491\">jusqu&#039;\u00e0 300 bouff\u00e9es<\/strong> dans sa version de <strong data-start=\"509\" data-end=\"516\">1 ml<\/strong> et <strong data-start=\"519\" data-end=\"540\">jusqu&#039;\u00e0 600 bouff\u00e9es<\/strong> dans la version de <strong data-start=\"558\" data-end=\"565\">2 ml<\/strong>. Sa conception compacte et sa compatibilit\u00e9 avec <strong data-start=\"610\" data-end=\"638\">Batteries de connexion 510<\/strong> ce qui le rend id\u00e9al pour une utilisation \u00e0 tout moment, n&#039;importe o\u00f9, sans avoir besoin de recharger ou d&#039;entretenir.<\/p>\n<p><strong>Fonctionnalit\u00e9s en vedette\u00a0:<\/strong><\/p>\n<ul>\n<li>CBD \u00e0 spectre complet de haute qualit\u00e9.<\/li>\n<li>Extraction de chanvre biologique.<\/li>\n<li>Disponible en 1 ml et 2 ml.<\/li>\n<li>Jusqu&#039;\u00e0 300 bouff\u00e9es (1 ml) et jusqu&#039;\u00e0 600 bouff\u00e9es (2 ml).<\/li>\n<li>Sans THC.<\/li>\n<li>Qualit\u00e9 garantie par Iguana Smoke.<\/li>\n<\/ul>\n<h4><strong>Qu&#039;est-ce qu&#039;une cartouche jetable ?<\/strong><\/h4>\n<p>En explorant les options, les cartouches sont des appareils de vapotage qui se connectent facilement aux batteries avec une connexion de type 510. Ces cartouches, con\u00e7ues pour une exp\u00e9rience pratique, sont jet\u00e9es une fois le liquide \u00e9puis\u00e9.<\/p>\n<p><em>Il est important de noter : Ce produit est id\u00e9al pour les collectionneurs et n&#039;est pas destin\u00e9 \u00e0 la consommation directe ou au fumage.<\/em><\/p>\n<p><strong>Avantages d\u2019acheter en gros chez THE LYF LABS :<\/strong><\/p>\n<ul>\n<li><strong>Remises comp\u00e9titives\u00a0:<\/strong> Acc\u00e9dez \u00e0 des prix comp\u00e9titifs qui vous permettent de maximiser vos marges b\u00e9n\u00e9ficiaires.<\/li>\n<li><strong>Service client professionnel\u00a0:<\/strong> Notre \u00e9quipe d\u00e9vou\u00e9e est pr\u00eate \u00e0 vous offrir un service client exceptionnel et \u00e0 r\u00e9pondre \u00e0 toutes vos questions.<\/li>\n<li><strong>Exp\u00e9dition rapide et s\u00e9curis\u00e9e\u00a0:<\/strong> Nous garantissons un processus d&#039;exp\u00e9dition rapide et s\u00fbr afin que vos produits arrivent \u00e0 temps et en parfait \u00e9tat.<\/li>\n<\/ul>\n<p>Boostez votre entreprise avec la cartouche \u00e0 spectre complet en gros de THE LYF LABS. \u00c9levez votre offre de produits CBD et r\u00e9pondez aux demandes de vos clients avec cette option de vapotage haut de gamme. Passez votre commande aujourd&#039;hui et faites passer votre entreprise au niveau sup\u00e9rieur\u00a0!<\/p>","protected":false},"excerpt":{"rendered":"<h4>Cartouche jetable \u00e0 spectre complet \u2013 Gorilla Glue<\/h4>\n<h4><strong>Caract\u00e9ristiques<\/strong><\/h4>\n<ul>\n<li>Connexion : tapez 510<\/li>\n<li>Capacit\u00e9: <span style=\"font-size: 16px\">1 ml \/ 2 ml<\/span><\/li>\n<li>Bouff\u00e9es : <span style=\"font-size: 16px\">300 \/ 600<\/span><\/li>\n<li>Terp\u00e8nes naturels de haute qualit\u00e9<\/li>\n<li>CBD : <span style=\"font-size: 16px\"> 70% \/ 700 mg \/ 1400 mg\u00a0<\/span><\/li>\n<li>THC\u00a0: 0%<\/li>\n<li>Nicotine\u00a0: 0%<\/li>\n<li>Ne contient pas de VG, PG, PEG, MCT ou tout autre agent de coupe<\/li>\n<\/ul>","protected":false},"featured_media":11290,"comment_status":"open","ping_status":"closed","template":"","meta":{"_acf_changed":false,"site-sidebar-layout":"default","site-content-layout":"default","ast-site-content-layout":"default","site-content-style":"default","site-sidebar-style":"default","ast-global-header-display":"","ast-banner-title-visibility":"","ast-main-header-display":"","ast-hfb-above-header-display":"","ast-hfb-below-header-display":"","ast-hfb-mobile-header-display":"","site-post-title":"","ast-breadcrumbs-content":"","ast-featured-img":"","footer-sml-layout":"","theme-transparent-header-meta":"default","adv-header-id-meta":"","stick-header-meta":"","header-above-stick-meta":"","header-main-stick-meta":"","header-below-stick-meta":"","astra-migrate-meta-layouts":"set","ast-page-background-enabled":"default","ast-page-background-meta":{"desktop":{"background-color":"var(--ast-global-color-4)","background-image":"","background-repeat":"repeat","background-position":"center center","background-size":"auto","background-attachment":"scroll","background-type":"","background-media":"","overlay-type":"","overlay-color":"","overlay-opacity":"","overlay-gradient":""},"tablet":{"background-color":"","background-image":"","background-repeat":"repeat","background-position":"center center","background-size":"auto","background-attachment":"scroll","background-type":"","background-media":"","overlay-type":"","overlay-color":"","overlay-opacity":"","overlay-gradient":""},"mobile":{"background-color":"","background-image":"","background-repeat":"repeat","background-position":"center center","background-size":"auto","background-attachment":"scroll","background-type":"","background-media":"","overlay-type":"","overlay-color":"","overlay-opacity":"","overlay-gradient":""}},"ast-content-background-meta":{"desktop":{"background-color":"var(--ast-global-color-5)","background-image":"","background-repeat":"repeat","background-position":"center center","background-size":"auto","background-attachment":"scroll","background-type":"","background-media":"","overlay-type":"","overlay-color":"","overlay-opacity":"","overlay-gradient":""},"tablet":{"background-color":"var(--ast-global-color-5)","background-image":"","background-repeat":"repeat","background-position":"center center","background-size":"auto","background-attachment":"scroll","background-type":"","background-media":"","overlay-type":"","overlay-color":"","overlay-opacity":"","overlay-gradient":""},"mobile":{"background-color":"var(--ast-global-color-5)","background-image":"","background-repeat":"repeat","background-position":"center center","background-size":"auto","background-attachment":"scroll","background-type":"","background-media":"","overlay-type":"","overlay-color":"","overlay-opacity":"","overlay-gradient":""}}},"product_brand":[],"product_cat":[91,79,40,76],"product_tag":[],"class_list":{"0":"post-3656","1":"product","2":"type-product","3":"status-publish","4":"has-post-thumbnail","6":"product_cat-cartuchos","7":"product_cat-full-spectrum-cbd","8":"product_cat-iguanasmoke","9":"product_cat-vaper-cbd","10":"desktop-align-center","11":"tablet-align-left","12":"mobile-align-left","14":"first","15":"instock","16":"taxable","17":"shipping-taxable","18":"purchasable","19":"product-type-variable"},"acf":[],"yoast_head":"<!-- This site is optimized with the Yoast SEO plugin v27.3 - https:\/\/yoast.com\/product\/yoast-seo-wordpress\/ -->\n<title>Cartucho desechable Full Spectrum - Gorilla Glue - THE LYF LABS<\/title>\n<meta name=\"description\" content=\"Cartucho desechable Full Spectrum Iguana Smoke sabor Gorilla Glue. Disponible en 1ml y 2ml, 300 \/ 600 caladas y con una concentraci\u00f3n de 70% de CBD.\" \/>\n<meta name=\"robots\" content=\"index, follow, max-snippet:-1, max-image-preview:large, max-video-preview:-1\" \/>\n<link rel=\"canonical\" href=\"https:\/\/thelyflabs.com\/fr\/product\/cartucho-desechable-full-spectrum-gorilla-glue\/\" \/>\n<meta property=\"og:locale\" content=\"fr_FR\" \/>\n<meta property=\"og:type\" content=\"article\" \/>\n<meta property=\"og:title\" content=\"Cartucho desechable Full Spectrum - Gorilla Glue - THE LYF LABS\" \/>\n<meta property=\"og:description\" content=\"Cartucho desechable Full Spectrum Iguana Smoke sabor Gorilla Glue. Disponible en 1ml y 2ml, 300 \/ 600 caladas y con una concentraci\u00f3n de 70% de CBD.\" \/>\n<meta property=\"og:url\" content=\"https:\/\/thelyflabs.com\/fr\/product\/cartucho-desechable-full-spectrum-gorilla-glue\/\" \/>\n<meta property=\"og:site_name\" content=\"THE LYF LABS\" \/>\n<meta property=\"article:modified_time\" content=\"2026-04-08T09:58:03+00:00\" \/>\n<meta property=\"og:image\" content=\"https:\/\/thelyflabs.com\/wp-content\/uploads\/2023\/11\/Bolsa-con-cartucho-Vape-Full-Spectrum-2ml-Gorilla-Glue-2025.webp\" \/>\n\t<meta property=\"og:image:width\" content=\"1000\" \/>\n\t<meta property=\"og:image:height\" content=\"1000\" \/>\n\t<meta property=\"og:image:type\" content=\"image\/webp\" \/>\n<meta name=\"twitter:card\" content=\"summary_large_image\" \/>\n<meta name=\"twitter:label1\" content=\"Dur\u00e9e de lecture estim\u00e9e\" \/>\n\t<meta name=\"twitter:data1\" content=\"2 minutes\" \/>\n<script type=\"application\/ld+json\" class=\"yoast-schema-graph\">{\"@context\":\"https:\\\/\\\/schema.org\",\"@graph\":[{\"@type\":\"WebPage\",\"@id\":\"https:\\\/\\\/thelyflabs.com\\\/product\\\/cartucho-desechable-full-spectrum-gorilla-glue\",\"url\":\"https:\\\/\\\/thelyflabs.com\\\/product\\\/cartucho-desechable-full-spectrum-gorilla-glue\",\"name\":\"Cartucho desechable Full Spectrum - Gorilla Glue - THE LYF LABS\",\"isPartOf\":{\"@id\":\"https:\\\/\\\/thelyflabs.com\\\/#website\"},\"primaryImageOfPage\":{\"@id\":\"https:\\\/\\\/thelyflabs.com\\\/product\\\/cartucho-desechable-full-spectrum-gorilla-glue#primaryimage\"},\"image\":{\"@id\":\"https:\\\/\\\/thelyflabs.com\\\/product\\\/cartucho-desechable-full-spectrum-gorilla-glue#primaryimage\"},\"thumbnailUrl\":\"https:\\\/\\\/thelyflabs.com\\\/wp-content\\\/uploads\\\/2023\\\/11\\\/Bolsa-con-cartucho-Vape-Full-Spectrum-2ml-Gorilla-Glue-2025.webp\",\"datePublished\":\"2023-11-22T06:15:08+00:00\",\"dateModified\":\"2026-04-08T09:58:03+00:00\",\"description\":\"Cartucho desechable Full Spectrum Iguana Smoke sabor Gorilla Glue. Disponible en 1ml y 2ml, 300 \\\/ 600 caladas y con una concentraci\u00f3n de 70% de CBD.\",\"breadcrumb\":{\"@id\":\"https:\\\/\\\/thelyflabs.com\\\/product\\\/cartucho-desechable-full-spectrum-gorilla-glue#breadcrumb\"},\"inLanguage\":\"fr-FR\",\"potentialAction\":[{\"@type\":\"ReadAction\",\"target\":[\"https:\\\/\\\/thelyflabs.com\\\/product\\\/cartucho-desechable-full-spectrum-gorilla-glue\"]}]},{\"@type\":\"ImageObject\",\"inLanguage\":\"fr-FR\",\"@id\":\"https:\\\/\\\/thelyflabs.com\\\/product\\\/cartucho-desechable-full-spectrum-gorilla-glue#primaryimage\",\"url\":\"https:\\\/\\\/thelyflabs.com\\\/wp-content\\\/uploads\\\/2023\\\/11\\\/Bolsa-con-cartucho-Vape-Full-Spectrum-2ml-Gorilla-Glue-2025.webp\",\"contentUrl\":\"https:\\\/\\\/thelyflabs.com\\\/wp-content\\\/uploads\\\/2023\\\/11\\\/Bolsa-con-cartucho-Vape-Full-Spectrum-2ml-Gorilla-Glue-2025.webp\",\"width\":1000,\"height\":1000,\"caption\":\"vape hhc cartucho 510\"},{\"@type\":\"BreadcrumbList\",\"@id\":\"https:\\\/\\\/thelyflabs.com\\\/product\\\/cartucho-desechable-full-spectrum-gorilla-glue#breadcrumb\",\"itemListElement\":[{\"@type\":\"ListItem\",\"position\":1,\"name\":\"Portada\",\"item\":\"https:\\\/\\\/thelyflabs.com\\\/\"},{\"@type\":\"ListItem\",\"position\":2,\"name\":\"Tienda\",\"item\":\"https:\\\/\\\/thelyflabs.com\\\/tienda\"},{\"@type\":\"ListItem\",\"position\":3,\"name\":\"Cartucho desechable Full Spectrum &#8211; Gorilla Glue\"}]},{\"@type\":\"WebSite\",\"@id\":\"https:\\\/\\\/thelyflabs.com\\\/#website\",\"url\":\"https:\\\/\\\/thelyflabs.com\\\/\",\"name\":\"The LYF Labs\",\"description\":\"CBD al por mayor\",\"publisher\":{\"@id\":\"https:\\\/\\\/thelyflabs.com\\\/#organization\"},\"potentialAction\":[{\"@type\":\"SearchAction\",\"target\":{\"@type\":\"EntryPoint\",\"urlTemplate\":\"https:\\\/\\\/thelyflabs.com\\\/?s={search_term_string}\"},\"query-input\":{\"@type\":\"PropertyValueSpecification\",\"valueRequired\":true,\"valueName\":\"search_term_string\"}}],\"inLanguage\":\"fr-FR\"},{\"@type\":\"Organization\",\"@id\":\"https:\\\/\\\/thelyflabs.com\\\/#organization\",\"name\":\"The LYF Labs\",\"url\":\"https:\\\/\\\/thelyflabs.com\\\/\",\"logo\":{\"@type\":\"ImageObject\",\"inLanguage\":\"fr-FR\",\"@id\":\"https:\\\/\\\/thelyflabs.com\\\/#\\\/schema\\\/logo\\\/image\\\/\",\"url\":\"https:\\\/\\\/thelyflabs.com\\\/wp-content\\\/uploads\\\/2023\\\/01\\\/cropped-LogoTheLYFLabs.png\",\"contentUrl\":\"https:\\\/\\\/thelyflabs.com\\\/wp-content\\\/uploads\\\/2023\\\/01\\\/cropped-LogoTheLYFLabs.png\",\"width\":600,\"height\":180,\"caption\":\"The LYF Labs\"},\"image\":{\"@id\":\"https:\\\/\\\/thelyflabs.com\\\/#\\\/schema\\\/logo\\\/image\\\/\"}}]}<\/script>\n<!-- \/ Yoast SEO plugin. -->","yoast_head_json":{"title":"Cartucho desechable Full Spectrum - Gorilla Glue - THE LYF LABS","description":"Cartucho desechable Full Spectrum Iguana Smoke sabor Gorilla Glue. Disponible en 1ml y 2ml, 300 \/ 600 caladas y con una concentraci\u00f3n de 70% de CBD.","robots":{"index":"index","follow":"follow","max-snippet":"max-snippet:-1","max-image-preview":"max-image-preview:large","max-video-preview":"max-video-preview:-1"},"canonical":"https:\/\/thelyflabs.com\/fr\/product\/cartucho-desechable-full-spectrum-gorilla-glue\/","og_locale":"fr_FR","og_type":"article","og_title":"Cartucho desechable Full Spectrum - Gorilla Glue - THE LYF LABS","og_description":"Cartucho desechable Full Spectrum Iguana Smoke sabor Gorilla Glue. Disponible en 1ml y 2ml, 300 \/ 600 caladas y con una concentraci\u00f3n de 70% de CBD.","og_url":"https:\/\/thelyflabs.com\/fr\/product\/cartucho-desechable-full-spectrum-gorilla-glue\/","og_site_name":"THE LYF LABS","article_modified_time":"2026-04-08T09:58:03+00:00","og_image":[{"width":1000,"height":1000,"url":"https:\/\/thelyflabs.com\/wp-content\/uploads\/2023\/11\/Bolsa-con-cartucho-Vape-Full-Spectrum-2ml-Gorilla-Glue-2025.webp","type":"image\/webp"}],"twitter_card":"summary_large_image","twitter_misc":{"Dur\u00e9e de lecture estim\u00e9e":"2 minutes"},"schema":{"@context":"https:\/\/schema.org","@graph":[{"@type":"WebPage","@id":"https:\/\/thelyflabs.com\/product\/cartucho-desechable-full-spectrum-gorilla-glue","url":"https:\/\/thelyflabs.com\/product\/cartucho-desechable-full-spectrum-gorilla-glue","name":"Cartucho desechable Full Spectrum - Gorilla Glue - THE LYF LABS","isPartOf":{"@id":"https:\/\/thelyflabs.com\/#website"},"primaryImageOfPage":{"@id":"https:\/\/thelyflabs.com\/product\/cartucho-desechable-full-spectrum-gorilla-glue#primaryimage"},"image":{"@id":"https:\/\/thelyflabs.com\/product\/cartucho-desechable-full-spectrum-gorilla-glue#primaryimage"},"thumbnailUrl":"https:\/\/thelyflabs.com\/wp-content\/uploads\/2023\/11\/Bolsa-con-cartucho-Vape-Full-Spectrum-2ml-Gorilla-Glue-2025.webp","datePublished":"2023-11-22T06:15:08+00:00","dateModified":"2026-04-08T09:58:03+00:00","description":"Cartucho desechable Full Spectrum Iguana Smoke sabor Gorilla Glue. Disponible en 1ml y 2ml, 300 \/ 600 caladas y con una concentraci\u00f3n de 70% de CBD.","breadcrumb":{"@id":"https:\/\/thelyflabs.com\/product\/cartucho-desechable-full-spectrum-gorilla-glue#breadcrumb"},"inLanguage":"fr-FR","potentialAction":[{"@type":"ReadAction","target":["https:\/\/thelyflabs.com\/product\/cartucho-desechable-full-spectrum-gorilla-glue"]}]},{"@type":"ImageObject","inLanguage":"fr-FR","@id":"https:\/\/thelyflabs.com\/product\/cartucho-desechable-full-spectrum-gorilla-glue#primaryimage","url":"https:\/\/thelyflabs.com\/wp-content\/uploads\/2023\/11\/Bolsa-con-cartucho-Vape-Full-Spectrum-2ml-Gorilla-Glue-2025.webp","contentUrl":"https:\/\/thelyflabs.com\/wp-content\/uploads\/2023\/11\/Bolsa-con-cartucho-Vape-Full-Spectrum-2ml-Gorilla-Glue-2025.webp","width":1000,"height":1000,"caption":"vape hhc cartucho 510"},{"@type":"BreadcrumbList","@id":"https:\/\/thelyflabs.com\/product\/cartucho-desechable-full-spectrum-gorilla-glue#breadcrumb","itemListElement":[{"@type":"ListItem","position":1,"name":"Portada","item":"https:\/\/thelyflabs.com\/"},{"@type":"ListItem","position":2,"name":"Tienda","item":"https:\/\/thelyflabs.com\/tienda"},{"@type":"ListItem","position":3,"name":"Cartucho desechable Full Spectrum &#8211; Gorilla Glue"}]},{"@type":"WebSite","@id":"https:\/\/thelyflabs.com\/#website","url":"https:\/\/thelyflabs.com\/","name":"Les laboratoires LYF","description":"Vente en gros de CBD","publisher":{"@id":"https:\/\/thelyflabs.com\/#organization"},"potentialAction":[{"@type":"SearchAction","target":{"@type":"EntryPoint","urlTemplate":"https:\/\/thelyflabs.com\/?s={search_term_string}"},"query-input":{"@type":"PropertyValueSpecification","valueRequired":true,"valueName":"search_term_string"}}],"inLanguage":"fr-FR"},{"@type":"Organization","@id":"https:\/\/thelyflabs.com\/#organization","name":"Les laboratoires LYF","url":"https:\/\/thelyflabs.com\/","logo":{"@type":"ImageObject","inLanguage":"fr-FR","@id":"https:\/\/thelyflabs.com\/#\/schema\/logo\/image\/","url":"https:\/\/thelyflabs.com\/wp-content\/uploads\/2023\/01\/cropped-LogoTheLYFLabs.png","contentUrl":"https:\/\/thelyflabs.com\/wp-content\/uploads\/2023\/01\/cropped-LogoTheLYFLabs.png","width":600,"height":180,"caption":"The LYF Labs"},"image":{"@id":"https:\/\/thelyflabs.com\/#\/schema\/logo\/image\/"}}]}},"_links":{"self":[{"href":"https:\/\/thelyflabs.com\/fr\/wp-json\/wp\/v2\/product\/3656","targetHints":{"allow":["GET"]}}],"collection":[{"href":"https:\/\/thelyflabs.com\/fr\/wp-json\/wp\/v2\/product"}],"about":[{"href":"https:\/\/thelyflabs.com\/fr\/wp-json\/wp\/v2\/types\/product"}],"replies":[{"embeddable":true,"href":"https:\/\/thelyflabs.com\/fr\/wp-json\/wp\/v2\/comments?post=3656"}],"wp:featuredmedia":[{"embeddable":true,"href":"https:\/\/thelyflabs.com\/fr\/wp-json\/wp\/v2\/media\/11290"}],"wp:attachment":[{"href":"https:\/\/thelyflabs.com\/fr\/wp-json\/wp\/v2\/media?parent=3656"}],"wp:term":[{"taxonomy":"product_brand","embeddable":true,"href":"https:\/\/thelyflabs.com\/fr\/wp-json\/wp\/v2\/product_brand?post=3656"},{"taxonomy":"product_cat","embeddable":true,"href":"https:\/\/thelyflabs.com\/fr\/wp-json\/wp\/v2\/product_cat?post=3656"},{"taxonomy":"product_tag","embeddable":true,"href":"https:\/\/thelyflabs.com\/fr\/wp-json\/wp\/v2\/product_tag?post=3656"}],"curies":[{"name":"wp","href":"https:\/\/api.w.org\/{rel}","templated":true}]}}