{"id":3823,"date":"2023-12-07T16:54:36","date_gmt":"2023-12-07T16:54:36","guid":{"rendered":"https:\/\/thelyflabs.com\/?post_type=product&#038;p=3823"},"modified":"2026-03-20T13:21:33","modified_gmt":"2026-03-20T12:21:33","slug":"lemon-haze-hash-cbd-20","status":"publish","type":"product","link":"https:\/\/thelyflabs.com\/fr\/product\/lemon-haze-hash-cbd-20","title":{"rendered":"Citron Haze Hash CBD 20%"},"content":{"rendered":"<h1><span style=\"font-weight: 400\">Pollen Lemon Haze Hash 20% CBD\u00a0: Le haschisch des connaisseurs<\/span><\/h1>\n<p><span style=\"font-weight: 400\">Si ce que vous recherchez est <strong>Haschisch sans THC \u00e0 forte teneur en CBD<\/strong>Vous \u00eates au bon endroit. Notre <strong>Hash CBD Lemon Haze 20% <\/strong>\u00a0C&#039;est un <strong>r\u00e9sine<\/strong> <strong>prime<\/strong> qui offre une exp\u00e9rience unique tant aux utilisateurs r\u00e9guliers qu&#039;\u00e0 ceux qui le souhaitent <strong>essayer le haschisch CBD pour la premi\u00e8re fois<\/strong>Ar\u00f4me intense, texture parfaite et effet relaxant : il faut absolument essayer ce pollen. <\/span><\/p>\n<p><span style=\"font-weight: 400\">Passez votre commande d\u00e8s aujourd&#039;hui et profitez du meilleur ! <strong>haschisch CBD en ligne<\/strong>!<\/span><\/p>\n<p>&nbsp;<\/p>\n<h2>Caract\u00e9ristiques du CBD Hash Lemon Haze 20%\u00a0:<\/h2>\n<ul>\n<li><b>Aspect et texture : <\/b>Il se distingue visuellement par son t<strong>texture douce et mall\u00e9able<\/strong>Elle offre une exp\u00e9rience tactile aussi agr\u00e9able que son effet. Sa couleur et sa texture t\u00e9moignent de sa grande qualit\u00e9.<\/li>\n<li><span style=\"font-size: 16px;font-weight: 400\"><strong>Ar\u00f4me et saveur :<\/strong> L&#039;ar\u00f4me subtilement <strong>citrique<\/strong> Cette r\u00e9sine est une vraie <strong>plaisir olfactif<\/strong>Cette caract\u00e9ristique en fait une option unique pour ceux qui recherchent une r\u00e9sine au profil aromatique distinctif et enveloppant.<\/span><\/li>\n<li><strong>Origine et puret\u00e9 :<\/strong> Soigneusement s\u00e9lectionn\u00e9e et transform\u00e9e, cette r\u00e9sine provient de sources fiables qui garantissent sa puret\u00e9 et sa qualit\u00e9. <span style=\"font-size: 16px;font-weight: 400\">Ce souci du d\u00e9tail vous garantit un produit \u00e9quilibr\u00e9, essentiel pour ceux qui recherchent <strong>CBD pas cher<\/strong> mais ils ne veulent pas faire de compromis sur la qualit\u00e9 de <strong>Haschisch CBD Lemon Haze<\/strong>.<\/span><\/li>\n<\/ul>\n<p>&nbsp;<\/p>\n<section class=\"product-description\">\n<h2>Qualit\u00e9 et s\u00e9curit\u00e9<\/h2>\n<p>Dans <strong>Les laboratoires Lyf<\/strong>, nous garantissons que chaque lot de <span style=\"font-size: 16px;font-weight: 400\"><strong>CBD Lemon Haze Hash<\/strong><\/span>\u00a0Ce produit fait l&#039;objet d&#039;analyses rigoureuses en laboratoire afin de confirmer sa puret\u00e9, l&#039;absence de pesticides et un taux de THC l\u00e9gal (inf\u00e9rieur \u00e0 0,31 g\/L). Notre engagement envers la qualit\u00e9 et la s\u00e9curit\u00e9 nous permet de proposer un produit fiable, adapt\u00e9 \u00e0 tous les consommateurs soucieux de l\u00e9galit\u00e9 et d&#039;excellence.<\/p>\n<p>&nbsp;<\/p>\n<p><span style=\"font-size: 1.7em;font-weight: bold\">Pourquoi acheter du CBD de haschisch chez The Lyf Labs ?<\/span><\/p>\n<\/section>\n<section class=\"product-description\">\n<ul>\n<li>Produit 100% l\u00e9gal dans l&#039;Union Europ\u00e9enne, conforme \u00e0 la r\u00e9glementation en vigueur sur le THC.<\/li>\n<li>Naturel, sans pesticides ni additifs chimiques, garantissant une consommation s\u00fbre et saine.<\/li>\n<li>Test\u00e9 dans des laboratoires certifi\u00e9s pour garantir une puret\u00e9 et une qualit\u00e9 maximales.<\/li>\n<li>Une livraison rapide et un service professionnel accompagnent chaque achat.<\/li>\n<li>Achat s\u00e9curis\u00e9 et support sp\u00e9cialis\u00e9 pour r\u00e9soudre toutes vos questions.<\/li>\n<\/ul>\n<p>Lyf Labs s&#039;engage \u00e0 proposer des produits alliant tradition, innovation et qualit\u00e9 sup\u00e9rieure. <span style=\"font-size: 16px;font-weight: 400\"><strong>CBD Lemon Haze Hash<\/strong><\/span>\u00a0C&#039;est un choix exceptionnel pour ceux qui recherchent un haschisch artisanal au profil moderne et \u00e0 l&#039;exp\u00e9rience utilisateur unique. Faites-nous confiance pour ajouter \u00e0 votre collection ou \u00e0 votre catalogue un produit qui se distingue par son authenticit\u00e9, sa saveur et sa fiabilit\u00e9.<\/p>\n<p>&nbsp;<\/p>\n<p><span style=\"font-size: 1.7em;font-weight: bold\">Lyf Labs, c&#039;est de la qualit\u00e9<\/span><\/p>\n<\/section>\n<p>The Lyf Labs repr\u00e9sente l&#039;excellence sur le march\u00e9 de gros des cannabino\u00efdes, proposant des produits innovants, s\u00fbrs et d&#039;une grande puret\u00e9 aux boutiques sp\u00e9cialis\u00e9es et aux distributeurs. Nous nous effor\u00e7ons de r\u00e9pondre aux besoins d&#039;un secteur professionnel en qu\u00eate de qualit\u00e9 constante, de tra\u00e7abilit\u00e9 et de prix comp\u00e9titifs. Si vous recherchez un fournisseur fiable et avant-gardiste, vous trouverez en The Lyf Labs un partenaire strat\u00e9gique pour vous accompagner dans votre croissance sur le march\u00e9 du chanvre.<\/p>","protected":false},"excerpt":{"rendered":"<p>D\u00e9couvrez notre Lemon Haze Hash 20% CBD, une r\u00e9sine de CBD qui se distingue par sa douceur et son ar\u00f4me terreux. Son parfum \u00e0 la fois citronn\u00e9 et subtil la rend exceptionnelle dans l&#039;univers du haschisch.<\/p>\n<ul>\n<li>CBD : 20% \/ THC : &lt;0,3%<\/li>\n<li>Ar\u00f4me puissant aux notes d&#039;agrumes<\/li>\n<li>100% l\u00e9gal en Europe<\/li>\n<\/ul>\n<p>Analyse qualit\u00e9 : cliquez <a href=\"https:\/\/iguanasmoke.com\/analiticas\/\">ici<\/a><\/p>","protected":false},"featured_media":17491,"comment_status":"open","ping_status":"closed","template":"","meta":{"_acf_changed":false,"site-sidebar-layout":"default","site-content-layout":"default","ast-site-content-layout":"default","site-content-style":"default","site-sidebar-style":"default","ast-global-header-display":"","ast-banner-title-visibility":"","ast-main-header-display":"","ast-hfb-above-header-display":"","ast-hfb-below-header-display":"","ast-hfb-mobile-header-display":"","site-post-title":"","ast-breadcrumbs-content":"","ast-featured-img":"","footer-sml-layout":"","theme-transparent-header-meta":"default","adv-header-id-meta":"","stick-header-meta":"","header-above-stick-meta":"","header-main-stick-meta":"","header-below-stick-meta":"","astra-migrate-meta-layouts":"set","ast-page-background-enabled":"default","ast-page-background-meta":{"desktop":{"background-color":"var(--ast-global-color-4)","background-image":"","background-repeat":"repeat","background-position":"center center","background-size":"auto","background-attachment":"scroll","background-type":"","background-media":"","overlay-type":"","overlay-color":"","overlay-opacity":"","overlay-gradient":""},"tablet":{"background-color":"","background-image":"","background-repeat":"repeat","background-position":"center center","background-size":"auto","background-attachment":"scroll","background-type":"","background-media":"","overlay-type":"","overlay-color":"","overlay-opacity":"","overlay-gradient":""},"mobile":{"background-color":"","background-image":"","background-repeat":"repeat","background-position":"center center","background-size":"auto","background-attachment":"scroll","background-type":"","background-media":"","overlay-type":"","overlay-color":"","overlay-opacity":"","overlay-gradient":""}},"ast-content-background-meta":{"desktop":{"background-color":"var(--ast-global-color-5)","background-image":"","background-repeat":"repeat","background-position":"center center","background-size":"auto","background-attachment":"scroll","background-type":"","background-media":"","overlay-type":"","overlay-color":"","overlay-opacity":"","overlay-gradient":""},"tablet":{"background-color":"var(--ast-global-color-5)","background-image":"","background-repeat":"repeat","background-position":"center center","background-size":"auto","background-attachment":"scroll","background-type":"","background-media":"","overlay-type":"","overlay-color":"","overlay-opacity":"","overlay-gradient":""},"mobile":{"background-color":"var(--ast-global-color-5)","background-image":"","background-repeat":"repeat","background-position":"center center","background-size":"auto","background-attachment":"scroll","background-type":"","background-media":"","overlay-type":"","overlay-color":"","overlay-opacity":"","overlay-gradient":""}}},"product_brand":[],"product_cat":[66,86],"product_tag":[],"class_list":{"0":"post-3823","1":"product","2":"type-product","3":"status-publish","4":"has-post-thumbnail","6":"product_cat-resinas","7":"product_cat-resinas-cbd","8":"desktop-align-center","9":"tablet-align-left","10":"mobile-align-left","12":"first","13":"instock","14":"taxable","15":"shipping-taxable","16":"purchasable","17":"product-type-variable"},"acf":[],"yoast_head":"<!-- This site is optimized with the Yoast SEO plugin v27.3 - https:\/\/yoast.com\/product\/yoast-seo-wordpress\/ -->\n<title>Lemon Haze Hash CBD 20% - THE LYF LABS<\/title>\n<meta name=\"description\" content=\"Lemon Haze Hash CBD 20% y Flores CBD al por mayor. Calidad y precio para tiendas. Iguana Smoke por mayor.\" \/>\n<meta name=\"robots\" content=\"index, follow, max-snippet:-1, max-image-preview:large, max-video-preview:-1\" \/>\n<link rel=\"canonical\" href=\"https:\/\/thelyflabs.com\/fr\/product\/lemon-haze-hash-cbd-20\/\" \/>\n<meta property=\"og:locale\" content=\"fr_FR\" \/>\n<meta property=\"og:type\" content=\"article\" \/>\n<meta property=\"og:title\" content=\"Lemon Haze Hash CBD 20% - THE LYF LABS\" \/>\n<meta property=\"og:description\" content=\"Lemon Haze Hash CBD 20% y Flores CBD al por mayor. Calidad y precio para tiendas. Iguana Smoke por mayor.\" \/>\n<meta property=\"og:url\" content=\"https:\/\/thelyflabs.com\/fr\/product\/lemon-haze-hash-cbd-20\/\" \/>\n<meta property=\"og:site_name\" content=\"THE LYF LABS\" \/>\n<meta property=\"article:modified_time\" content=\"2026-03-20T12:21:33+00:00\" \/>\n<meta property=\"og:image\" content=\"https:\/\/thelyflabs.com\/wp-content\/uploads\/2023\/12\/Lemon-Haze-2g-con-hash.webp\" \/>\n\t<meta property=\"og:image:width\" content=\"1000\" \/>\n\t<meta property=\"og:image:height\" content=\"1000\" \/>\n\t<meta property=\"og:image:type\" content=\"image\/webp\" \/>\n<meta name=\"twitter:card\" content=\"summary_large_image\" \/>\n<meta name=\"twitter:label1\" content=\"Dur\u00e9e de lecture estim\u00e9e\" \/>\n\t<meta name=\"twitter:data1\" content=\"3 minutes\" \/>\n<script type=\"application\/ld+json\" class=\"yoast-schema-graph\">{\"@context\":\"https:\\\/\\\/schema.org\",\"@graph\":[{\"@type\":\"WebPage\",\"@id\":\"https:\\\/\\\/thelyflabs.com\\\/product\\\/lemon-haze-hash-cbd-20\",\"url\":\"https:\\\/\\\/thelyflabs.com\\\/product\\\/lemon-haze-hash-cbd-20\",\"name\":\"Lemon Haze Hash CBD 20% - THE LYF LABS\",\"isPartOf\":{\"@id\":\"https:\\\/\\\/thelyflabs.com\\\/#website\"},\"primaryImageOfPage\":{\"@id\":\"https:\\\/\\\/thelyflabs.com\\\/product\\\/lemon-haze-hash-cbd-20#primaryimage\"},\"image\":{\"@id\":\"https:\\\/\\\/thelyflabs.com\\\/product\\\/lemon-haze-hash-cbd-20#primaryimage\"},\"thumbnailUrl\":\"https:\\\/\\\/thelyflabs.com\\\/wp-content\\\/uploads\\\/2023\\\/12\\\/Lemon-Haze-2g-con-hash.webp\",\"datePublished\":\"2023-12-07T16:54:36+00:00\",\"dateModified\":\"2026-03-20T12:21:33+00:00\",\"description\":\"Lemon Haze Hash CBD 20% y Flores CBD al por mayor. Calidad y precio para tiendas. Iguana Smoke por mayor.\",\"breadcrumb\":{\"@id\":\"https:\\\/\\\/thelyflabs.com\\\/product\\\/lemon-haze-hash-cbd-20#breadcrumb\"},\"inLanguage\":\"fr-FR\",\"potentialAction\":[{\"@type\":\"ReadAction\",\"target\":[\"https:\\\/\\\/thelyflabs.com\\\/product\\\/lemon-haze-hash-cbd-20\"]}]},{\"@type\":\"ImageObject\",\"inLanguage\":\"fr-FR\",\"@id\":\"https:\\\/\\\/thelyflabs.com\\\/product\\\/lemon-haze-hash-cbd-20#primaryimage\",\"url\":\"https:\\\/\\\/thelyflabs.com\\\/wp-content\\\/uploads\\\/2023\\\/12\\\/Lemon-Haze-2g-con-hash.webp\",\"contentUrl\":\"https:\\\/\\\/thelyflabs.com\\\/wp-content\\\/uploads\\\/2023\\\/12\\\/Lemon-Haze-2g-con-hash.webp\",\"width\":1000,\"height\":1000,\"caption\":\"Hash CBD Lemon Haze 2g\"},{\"@type\":\"BreadcrumbList\",\"@id\":\"https:\\\/\\\/thelyflabs.com\\\/product\\\/lemon-haze-hash-cbd-20#breadcrumb\",\"itemListElement\":[{\"@type\":\"ListItem\",\"position\":1,\"name\":\"Portada\",\"item\":\"https:\\\/\\\/thelyflabs.com\\\/\"},{\"@type\":\"ListItem\",\"position\":2,\"name\":\"Tienda\",\"item\":\"https:\\\/\\\/thelyflabs.com\\\/tienda\"},{\"@type\":\"ListItem\",\"position\":3,\"name\":\"Lemon Haze Hash CBD 20%\"}]},{\"@type\":\"WebSite\",\"@id\":\"https:\\\/\\\/thelyflabs.com\\\/#website\",\"url\":\"https:\\\/\\\/thelyflabs.com\\\/\",\"name\":\"The LYF Labs\",\"description\":\"CBD al por mayor\",\"publisher\":{\"@id\":\"https:\\\/\\\/thelyflabs.com\\\/#organization\"},\"potentialAction\":[{\"@type\":\"SearchAction\",\"target\":{\"@type\":\"EntryPoint\",\"urlTemplate\":\"https:\\\/\\\/thelyflabs.com\\\/?s={search_term_string}\"},\"query-input\":{\"@type\":\"PropertyValueSpecification\",\"valueRequired\":true,\"valueName\":\"search_term_string\"}}],\"inLanguage\":\"fr-FR\"},{\"@type\":\"Organization\",\"@id\":\"https:\\\/\\\/thelyflabs.com\\\/#organization\",\"name\":\"The LYF Labs\",\"url\":\"https:\\\/\\\/thelyflabs.com\\\/\",\"logo\":{\"@type\":\"ImageObject\",\"inLanguage\":\"fr-FR\",\"@id\":\"https:\\\/\\\/thelyflabs.com\\\/#\\\/schema\\\/logo\\\/image\\\/\",\"url\":\"https:\\\/\\\/thelyflabs.com\\\/wp-content\\\/uploads\\\/2023\\\/01\\\/cropped-LogoTheLYFLabs.png\",\"contentUrl\":\"https:\\\/\\\/thelyflabs.com\\\/wp-content\\\/uploads\\\/2023\\\/01\\\/cropped-LogoTheLYFLabs.png\",\"width\":600,\"height\":180,\"caption\":\"The LYF Labs\"},\"image\":{\"@id\":\"https:\\\/\\\/thelyflabs.com\\\/#\\\/schema\\\/logo\\\/image\\\/\"}}]}<\/script>\n<!-- \/ Yoast SEO plugin. -->","yoast_head_json":{"title":"Lemon Haze Hash CBD 20% - THE LYF LABS","description":"Vente en gros de haschisch CBD Lemon Haze 20% et de fleurs de CBD. Qualit\u00e9 et prix pour les d\u00e9taillants. Vente en gros de fum\u00e9e d&#039;iguane.","robots":{"index":"index","follow":"follow","max-snippet":"max-snippet:-1","max-image-preview":"max-image-preview:large","max-video-preview":"max-video-preview:-1"},"canonical":"https:\/\/thelyflabs.com\/fr\/product\/lemon-haze-hash-cbd-20\/","og_locale":"fr_FR","og_type":"article","og_title":"Lemon Haze Hash CBD 20% - THE LYF LABS","og_description":"Lemon Haze Hash CBD 20% y Flores CBD al por mayor. Calidad y precio para tiendas. Iguana Smoke por mayor.","og_url":"https:\/\/thelyflabs.com\/fr\/product\/lemon-haze-hash-cbd-20\/","og_site_name":"THE LYF LABS","article_modified_time":"2026-03-20T12:21:33+00:00","og_image":[{"width":1000,"height":1000,"url":"https:\/\/thelyflabs.com\/wp-content\/uploads\/2023\/12\/Lemon-Haze-2g-con-hash.webp","type":"image\/webp"}],"twitter_card":"summary_large_image","twitter_misc":{"Dur\u00e9e de lecture estim\u00e9e":"3 minutes"},"schema":{"@context":"https:\/\/schema.org","@graph":[{"@type":"WebPage","@id":"https:\/\/thelyflabs.com\/product\/lemon-haze-hash-cbd-20","url":"https:\/\/thelyflabs.com\/product\/lemon-haze-hash-cbd-20","name":"Lemon Haze Hash CBD 20% - THE LYF LABS","isPartOf":{"@id":"https:\/\/thelyflabs.com\/#website"},"primaryImageOfPage":{"@id":"https:\/\/thelyflabs.com\/product\/lemon-haze-hash-cbd-20#primaryimage"},"image":{"@id":"https:\/\/thelyflabs.com\/product\/lemon-haze-hash-cbd-20#primaryimage"},"thumbnailUrl":"https:\/\/thelyflabs.com\/wp-content\/uploads\/2023\/12\/Lemon-Haze-2g-con-hash.webp","datePublished":"2023-12-07T16:54:36+00:00","dateModified":"2026-03-20T12:21:33+00:00","description":"Vente en gros de haschisch CBD Lemon Haze 20% et de fleurs de CBD. Qualit\u00e9 et prix pour les d\u00e9taillants. Vente en gros de fum\u00e9e d&#039;iguane.","breadcrumb":{"@id":"https:\/\/thelyflabs.com\/product\/lemon-haze-hash-cbd-20#breadcrumb"},"inLanguage":"fr-FR","potentialAction":[{"@type":"ReadAction","target":["https:\/\/thelyflabs.com\/product\/lemon-haze-hash-cbd-20"]}]},{"@type":"ImageObject","inLanguage":"fr-FR","@id":"https:\/\/thelyflabs.com\/product\/lemon-haze-hash-cbd-20#primaryimage","url":"https:\/\/thelyflabs.com\/wp-content\/uploads\/2023\/12\/Lemon-Haze-2g-con-hash.webp","contentUrl":"https:\/\/thelyflabs.com\/wp-content\/uploads\/2023\/12\/Lemon-Haze-2g-con-hash.webp","width":1000,"height":1000,"caption":"Hash CBD Lemon Haze 2g"},{"@type":"BreadcrumbList","@id":"https:\/\/thelyflabs.com\/product\/lemon-haze-hash-cbd-20#breadcrumb","itemListElement":[{"@type":"ListItem","position":1,"name":"Portada","item":"https:\/\/thelyflabs.com\/"},{"@type":"ListItem","position":2,"name":"Tienda","item":"https:\/\/thelyflabs.com\/tienda"},{"@type":"ListItem","position":3,"name":"Lemon Haze Hash CBD 20%"}]},{"@type":"WebSite","@id":"https:\/\/thelyflabs.com\/#website","url":"https:\/\/thelyflabs.com\/","name":"Les laboratoires LYF","description":"Vente en gros de CBD","publisher":{"@id":"https:\/\/thelyflabs.com\/#organization"},"potentialAction":[{"@type":"SearchAction","target":{"@type":"EntryPoint","urlTemplate":"https:\/\/thelyflabs.com\/?s={search_term_string}"},"query-input":{"@type":"PropertyValueSpecification","valueRequired":true,"valueName":"search_term_string"}}],"inLanguage":"fr-FR"},{"@type":"Organization","@id":"https:\/\/thelyflabs.com\/#organization","name":"Les laboratoires LYF","url":"https:\/\/thelyflabs.com\/","logo":{"@type":"ImageObject","inLanguage":"fr-FR","@id":"https:\/\/thelyflabs.com\/#\/schema\/logo\/image\/","url":"https:\/\/thelyflabs.com\/wp-content\/uploads\/2023\/01\/cropped-LogoTheLYFLabs.png","contentUrl":"https:\/\/thelyflabs.com\/wp-content\/uploads\/2023\/01\/cropped-LogoTheLYFLabs.png","width":600,"height":180,"caption":"The LYF Labs"},"image":{"@id":"https:\/\/thelyflabs.com\/#\/schema\/logo\/image\/"}}]}},"_links":{"self":[{"href":"https:\/\/thelyflabs.com\/fr\/wp-json\/wp\/v2\/product\/3823","targetHints":{"allow":["GET"]}}],"collection":[{"href":"https:\/\/thelyflabs.com\/fr\/wp-json\/wp\/v2\/product"}],"about":[{"href":"https:\/\/thelyflabs.com\/fr\/wp-json\/wp\/v2\/types\/product"}],"replies":[{"embeddable":true,"href":"https:\/\/thelyflabs.com\/fr\/wp-json\/wp\/v2\/comments?post=3823"}],"wp:featuredmedia":[{"embeddable":true,"href":"https:\/\/thelyflabs.com\/fr\/wp-json\/wp\/v2\/media\/17491"}],"wp:attachment":[{"href":"https:\/\/thelyflabs.com\/fr\/wp-json\/wp\/v2\/media?parent=3823"}],"wp:term":[{"taxonomy":"product_brand","embeddable":true,"href":"https:\/\/thelyflabs.com\/fr\/wp-json\/wp\/v2\/product_brand?post=3823"},{"taxonomy":"product_cat","embeddable":true,"href":"https:\/\/thelyflabs.com\/fr\/wp-json\/wp\/v2\/product_cat?post=3823"},{"taxonomy":"product_tag","embeddable":true,"href":"https:\/\/thelyflabs.com\/fr\/wp-json\/wp\/v2\/product_tag?post=3823"}],"curies":[{"name":"wp","href":"https:\/\/api.w.org\/{rel}","templated":true}]}}