{"id":3924,"date":"2023-12-15T17:55:18","date_gmt":"2023-12-15T17:55:18","guid":{"rendered":"https:\/\/thelyflabs.com\/?post_type=product&#038;p=3924"},"modified":"2025-07-18T19:54:53","modified_gmt":"2025-07-18T17:54:53","slug":"kit-iguana-power-cartucho-full-spectrum","status":"publish","type":"product","link":"https:\/\/thelyflabs.com\/fr\/product\/kit-iguana-power-cartucho-full-spectrum","title":{"rendered":"Kit d&#039;alimentation Iguana + cartouche CBD \u00e0 spectre complet 70%"},"content":{"rendered":"<h4>Kit d&#039;alimentation Iguana + cartouche \u00e0 spectre complet<\/h4>\n<p>Ce kit complet Iguana Power + Cartouche CBD Full Spectrum. Ce kit complet offre la combinaison parfaite de puissance et de gamme de cannabino\u00efdes, fusionnant la batterie polyvalente 510 avec des cartouches \u00e0 spectre complet pour une exp\u00e9rience de vapotage haut de gamme.<\/p>\n<p><span style=\"font-size: 16px;\">Fonctionnalit\u00e9s en vedette\u00a0:<\/span><\/p>\n<ul>\n<li><strong>Compatibilit\u00e9 universelle\u00a0:<\/strong> La batterie 510 Iguana Power est compatible avec une large gamme de cartouches et d&#039;atomiseurs, vous donnant la libert\u00e9 de choisir vos accessoires pr\u00e9f\u00e9r\u00e9s.<\/li>\n<li><strong>Bouton d&#039;activation\u00a0:<\/strong> Le bouton power a 3 utilisations diff\u00e9rentes selon le nombre de fois o\u00f9 on l&#039;appuie. Si vous appuyez dessus 5 fois, il s&#039;allume\u00a0; Avec 3, la tension est modifi\u00e9e et avec 2, le pr\u00e9chauffage commence.<\/li>\n<li><strong>Puissance r\u00e9glable\u00a0:<\/strong> Personnalisez votre exp\u00e9rience de vape en ajustant la puissance selon vos pr\u00e9f\u00e9rences. En effet, profitez de nuages denses et de saveurs intenses en quelques clics seulement.<\/li>\n<li><strong>Portabilit\u00e9 et durabilit\u00e9\u00a0:<\/strong> Son design compact et r\u00e9sistant en fait le compagnon id\u00e9al de vos aventures quotidiennes. Emportez-le avec vous en toute confiance, car il est con\u00e7u pour r\u00e9sister \u00e0 une utilisation constante.<\/li>\n<li><strong>Cartouches CBD \u00e0 spectre complet de haute qualit\u00e9\u00a0:<\/strong> Plongez dans la richesse des cannabino\u00efdes avec les cartouches Full Spectrum CBD. Capturant toute la gamme des compos\u00e9s naturels de la plante de cannabis, ces cartouches offrent une exp\u00e9rience de vapotage compl\u00e8te et authentique.<\/li>\n<li><strong>Kit complet et pr\u00eat \u00e0 vaper :<\/strong> Oubliez la complication et plongez pleinement dans le monde de la vape avec ce kit complet. Dans tous les cas, tout ce dont vous avez besoin est \u00e0 port\u00e9e de main pour une exp\u00e9rience de vape sans tracas.<\/li>\n<\/ul>\n<h4><strong>Qu&#039;est-ce qu&#039;une cartouche jetable ?<\/strong><\/h4>\n<p>Principalement, les cartouches jetables sont des appareils de vapotage qui se connectent \u00e0 des batteries avec une connexion de type 510. Ces cartouches sont jet\u00e9es une fois le liquide \u00e9puis\u00e9.<\/p>\n<div class=\"ewd-ufaq-faq-body\">\n<p>Il s&#039;agit d&#039;un produit de collection. Pas pour la consommation directe ou le tabagisme.<\/p>\n<\/div>","protected":false},"excerpt":{"rendered":"<h4>Kit d&#039;alimentation Iguana + cartouche CBD \u00e0 spectre complet 70%<\/h4>\n<h5><strong>Caract\u00e9ristiques<\/strong><\/h5>\n<ul>\n<li>Batterie : 320 mAh<\/li>\n<li>Tension : 2,7 V \u2013 3,1 V \u2013 3,6 V<\/li>\n<li>Fonction de pr\u00e9chauffage de 15 secondes<\/li>\n<li>Connexion : USB-C<\/li>\n<li>Cartouche CBD Full Spectrum 70% de 1 ml incluse<\/li>\n<\/ul>","protected":false},"featured_media":13085,"comment_status":"open","ping_status":"closed","template":"","meta":{"_acf_changed":false,"site-sidebar-layout":"default","site-content-layout":"","ast-site-content-layout":"default","site-content-style":"default","site-sidebar-style":"default","ast-global-header-display":"","ast-banner-title-visibility":"","ast-main-header-display":"","ast-hfb-above-header-display":"","ast-hfb-below-header-display":"","ast-hfb-mobile-header-display":"","site-post-title":"","ast-breadcrumbs-content":"","ast-featured-img":"","footer-sml-layout":"","theme-transparent-header-meta":"default","adv-header-id-meta":"","stick-header-meta":"","header-above-stick-meta":"","header-main-stick-meta":"","header-below-stick-meta":"","astra-migrate-meta-layouts":"set","ast-page-background-enabled":"default","ast-page-background-meta":{"desktop":{"background-color":"var(--ast-global-color-4)","background-image":"","background-repeat":"repeat","background-position":"center center","background-size":"auto","background-attachment":"scroll","background-type":"","background-media":"","overlay-type":"","overlay-color":"","overlay-opacity":"","overlay-gradient":""},"tablet":{"background-color":"","background-image":"","background-repeat":"repeat","background-position":"center center","background-size":"auto","background-attachment":"scroll","background-type":"","background-media":"","overlay-type":"","overlay-color":"","overlay-opacity":"","overlay-gradient":""},"mobile":{"background-color":"","background-image":"","background-repeat":"repeat","background-position":"center center","background-size":"auto","background-attachment":"scroll","background-type":"","background-media":"","overlay-type":"","overlay-color":"","overlay-opacity":"","overlay-gradient":""}},"ast-content-background-meta":{"desktop":{"background-color":"var(--ast-global-color-5)","background-image":"","background-repeat":"repeat","background-position":"center center","background-size":"auto","background-attachment":"scroll","background-type":"","background-media":"","overlay-type":"","overlay-color":"","overlay-opacity":"","overlay-gradient":""},"tablet":{"background-color":"var(--ast-global-color-5)","background-image":"","background-repeat":"repeat","background-position":"center center","background-size":"auto","background-attachment":"scroll","background-type":"","background-media":"","overlay-type":"","overlay-color":"","overlay-opacity":"","overlay-gradient":""},"mobile":{"background-color":"var(--ast-global-color-5)","background-image":"","background-repeat":"repeat","background-position":"center center","background-size":"auto","background-attachment":"scroll","background-type":"","background-media":"","overlay-type":"","overlay-color":"","overlay-opacity":"","overlay-gradient":""}}},"product_brand":[],"product_cat":[91,79,40,76],"product_tag":[],"class_list":{"0":"post-3924","1":"product","2":"type-product","3":"status-publish","4":"has-post-thumbnail","6":"product_cat-cartuchos","7":"product_cat-full-spectrum-cbd","8":"product_cat-iguanasmoke","9":"product_cat-vaper-cbd","10":"desktop-align-center","11":"tablet-align-left","12":"mobile-align-left","14":"first","15":"instock","16":"taxable","17":"shipping-taxable","18":"purchasable","19":"product-type-composite"},"acf":[],"yoast_head":"<!-- This site is optimized with the Yoast SEO plugin v27.4 - https:\/\/yoast.com\/product\/yoast-seo-wordpress\/ -->\n<title>Kit Iguana Power + Cartucho de CBD Full Spectrum 70% - THE LYF LABS<\/title>\n<meta name=\"description\" content=\"Kit Iguana Power + Cartucho Full Spectrum. Vapea CBD y mas con compatibilidad universal. Gran portabilidad para donde sea que estes. Solo en Iguana Smoke.\" \/>\n<meta name=\"robots\" content=\"index, follow, max-snippet:-1, max-image-preview:large, max-video-preview:-1\" \/>\n<link rel=\"canonical\" href=\"https:\/\/thelyflabs.com\/fr\/product\/kit-iguana-power-cartucho-full-spectrum\/\" \/>\n<meta property=\"og:locale\" content=\"fr_FR\" \/>\n<meta property=\"og:type\" content=\"article\" \/>\n<meta property=\"og:title\" content=\"Kit Iguana Power + Cartucho de CBD Full Spectrum 70% - THE LYF LABS\" \/>\n<meta property=\"og:description\" content=\"Kit Iguana Power + Cartucho Full Spectrum. Vapea CBD y mas con compatibilidad universal. Gran portabilidad para donde sea que estes. Solo en Iguana Smoke.\" \/>\n<meta property=\"og:url\" content=\"https:\/\/thelyflabs.com\/fr\/product\/kit-iguana-power-cartucho-full-spectrum\/\" \/>\n<meta property=\"og:site_name\" content=\"THE LYF LABS\" \/>\n<meta property=\"article:modified_time\" content=\"2025-07-18T17:54:53+00:00\" \/>\n<meta property=\"og:image\" content=\"https:\/\/thelyflabs.com\/wp-content\/uploads\/2023\/12\/Bateria-slim-Cartucho-CBD-1ml.webp\" \/>\n\t<meta property=\"og:image:width\" content=\"1000\" \/>\n\t<meta property=\"og:image:height\" content=\"1000\" \/>\n\t<meta property=\"og:image:type\" content=\"image\/webp\" \/>\n<meta name=\"twitter:card\" content=\"summary_large_image\" \/>\n<meta name=\"twitter:label1\" content=\"Dur\u00e9e de lecture estim\u00e9e\" \/>\n\t<meta name=\"twitter:data1\" content=\"2 minutes\" \/>\n<script type=\"application\/ld+json\" class=\"yoast-schema-graph\">{\"@context\":\"https:\\\/\\\/schema.org\",\"@graph\":[{\"@type\":\"WebPage\",\"@id\":\"https:\\\/\\\/thelyflabs.com\\\/product\\\/kit-iguana-power-cartucho-full-spectrum\",\"url\":\"https:\\\/\\\/thelyflabs.com\\\/product\\\/kit-iguana-power-cartucho-full-spectrum\",\"name\":\"Kit Iguana Power + Cartucho de CBD Full Spectrum 70% - THE LYF LABS\",\"isPartOf\":{\"@id\":\"https:\\\/\\\/thelyflabs.com\\\/#website\"},\"primaryImageOfPage\":{\"@id\":\"https:\\\/\\\/thelyflabs.com\\\/product\\\/kit-iguana-power-cartucho-full-spectrum#primaryimage\"},\"image\":{\"@id\":\"https:\\\/\\\/thelyflabs.com\\\/product\\\/kit-iguana-power-cartucho-full-spectrum#primaryimage\"},\"thumbnailUrl\":\"https:\\\/\\\/thelyflabs.com\\\/wp-content\\\/uploads\\\/2023\\\/12\\\/Bateria-slim-Cartucho-CBD-1ml.webp\",\"datePublished\":\"2023-12-15T17:55:18+00:00\",\"dateModified\":\"2025-07-18T17:54:53+00:00\",\"description\":\"Kit Iguana Power + Cartucho Full Spectrum. Vapea CBD y mas con compatibilidad universal. Gran portabilidad para donde sea que estes. Solo en Iguana Smoke.\",\"breadcrumb\":{\"@id\":\"https:\\\/\\\/thelyflabs.com\\\/product\\\/kit-iguana-power-cartucho-full-spectrum#breadcrumb\"},\"inLanguage\":\"fr-FR\",\"potentialAction\":[{\"@type\":\"ReadAction\",\"target\":[\"https:\\\/\\\/thelyflabs.com\\\/product\\\/kit-iguana-power-cartucho-full-spectrum\"]}]},{\"@type\":\"ImageObject\",\"inLanguage\":\"fr-FR\",\"@id\":\"https:\\\/\\\/thelyflabs.com\\\/product\\\/kit-iguana-power-cartucho-full-spectrum#primaryimage\",\"url\":\"https:\\\/\\\/thelyflabs.com\\\/wp-content\\\/uploads\\\/2023\\\/12\\\/Bateria-slim-Cartucho-CBD-1ml.webp\",\"contentUrl\":\"https:\\\/\\\/thelyflabs.com\\\/wp-content\\\/uploads\\\/2023\\\/12\\\/Bateria-slim-Cartucho-CBD-1ml.webp\",\"width\":1000,\"height\":1000,\"caption\":\"vaper cbd cart 510\"},{\"@type\":\"BreadcrumbList\",\"@id\":\"https:\\\/\\\/thelyflabs.com\\\/product\\\/kit-iguana-power-cartucho-full-spectrum#breadcrumb\",\"itemListElement\":[{\"@type\":\"ListItem\",\"position\":1,\"name\":\"Portada\",\"item\":\"https:\\\/\\\/thelyflabs.com\\\/\"},{\"@type\":\"ListItem\",\"position\":2,\"name\":\"Tienda\",\"item\":\"https:\\\/\\\/thelyflabs.com\\\/tienda\"},{\"@type\":\"ListItem\",\"position\":3,\"name\":\"Kit Iguana Power + Cartucho de CBD Full Spectrum 70%\"}]},{\"@type\":\"WebSite\",\"@id\":\"https:\\\/\\\/thelyflabs.com\\\/#website\",\"url\":\"https:\\\/\\\/thelyflabs.com\\\/\",\"name\":\"The LYF Labs\",\"description\":\"CBD al por mayor\",\"publisher\":{\"@id\":\"https:\\\/\\\/thelyflabs.com\\\/#organization\"},\"potentialAction\":[{\"@type\":\"SearchAction\",\"target\":{\"@type\":\"EntryPoint\",\"urlTemplate\":\"https:\\\/\\\/thelyflabs.com\\\/?s={search_term_string}\"},\"query-input\":{\"@type\":\"PropertyValueSpecification\",\"valueRequired\":true,\"valueName\":\"search_term_string\"}}],\"inLanguage\":\"fr-FR\"},{\"@type\":\"Organization\",\"@id\":\"https:\\\/\\\/thelyflabs.com\\\/#organization\",\"name\":\"The LYF Labs\",\"url\":\"https:\\\/\\\/thelyflabs.com\\\/\",\"logo\":{\"@type\":\"ImageObject\",\"inLanguage\":\"fr-FR\",\"@id\":\"https:\\\/\\\/thelyflabs.com\\\/#\\\/schema\\\/logo\\\/image\\\/\",\"url\":\"https:\\\/\\\/thelyflabs.com\\\/wp-content\\\/uploads\\\/2023\\\/01\\\/cropped-LogoTheLYFLabs.png\",\"contentUrl\":\"https:\\\/\\\/thelyflabs.com\\\/wp-content\\\/uploads\\\/2023\\\/01\\\/cropped-LogoTheLYFLabs.png\",\"width\":600,\"height\":180,\"caption\":\"The LYF Labs\"},\"image\":{\"@id\":\"https:\\\/\\\/thelyflabs.com\\\/#\\\/schema\\\/logo\\\/image\\\/\"}}]}<\/script>\n<!-- \/ Yoast SEO plugin. -->","yoast_head_json":{"title":"Kit Iguana Power + Cartouche CBD \u00e0 spectre complet 70% - THE LYF LABS","description":"Kit Iguana Power + Cartouche \u00e0 spectre complet. Vapez du CBD et plus encore avec une compatibilit\u00e9 universelle. Transportable o\u00f9 que vous soyez. Exclusivit\u00e9 Iguana Smoke.","robots":{"index":"index","follow":"follow","max-snippet":"max-snippet:-1","max-image-preview":"max-image-preview:large","max-video-preview":"max-video-preview:-1"},"canonical":"https:\/\/thelyflabs.com\/fr\/product\/kit-iguana-power-cartucho-full-spectrum\/","og_locale":"fr_FR","og_type":"article","og_title":"Kit Iguana Power + Cartucho de CBD Full Spectrum 70% - THE LYF LABS","og_description":"Kit Iguana Power + Cartucho Full Spectrum. Vapea CBD y mas con compatibilidad universal. Gran portabilidad para donde sea que estes. Solo en Iguana Smoke.","og_url":"https:\/\/thelyflabs.com\/fr\/product\/kit-iguana-power-cartucho-full-spectrum\/","og_site_name":"THE LYF LABS","article_modified_time":"2025-07-18T17:54:53+00:00","og_image":[{"width":1000,"height":1000,"url":"https:\/\/thelyflabs.com\/wp-content\/uploads\/2023\/12\/Bateria-slim-Cartucho-CBD-1ml.webp","type":"image\/webp"}],"twitter_card":"summary_large_image","twitter_misc":{"Dur\u00e9e de lecture estim\u00e9e":"2 minutes"},"schema":{"@context":"https:\/\/schema.org","@graph":[{"@type":"WebPage","@id":"https:\/\/thelyflabs.com\/product\/kit-iguana-power-cartucho-full-spectrum","url":"https:\/\/thelyflabs.com\/product\/kit-iguana-power-cartucho-full-spectrum","name":"Kit Iguana Power + Cartouche CBD \u00e0 spectre complet 70% - THE LYF LABS","isPartOf":{"@id":"https:\/\/thelyflabs.com\/#website"},"primaryImageOfPage":{"@id":"https:\/\/thelyflabs.com\/product\/kit-iguana-power-cartucho-full-spectrum#primaryimage"},"image":{"@id":"https:\/\/thelyflabs.com\/product\/kit-iguana-power-cartucho-full-spectrum#primaryimage"},"thumbnailUrl":"https:\/\/thelyflabs.com\/wp-content\/uploads\/2023\/12\/Bateria-slim-Cartucho-CBD-1ml.webp","datePublished":"2023-12-15T17:55:18+00:00","dateModified":"2025-07-18T17:54:53+00:00","description":"Kit Iguana Power + Cartouche \u00e0 spectre complet. Vapez du CBD et plus encore avec une compatibilit\u00e9 universelle. Transportable o\u00f9 que vous soyez. Exclusivit\u00e9 Iguana Smoke.","breadcrumb":{"@id":"https:\/\/thelyflabs.com\/product\/kit-iguana-power-cartucho-full-spectrum#breadcrumb"},"inLanguage":"fr-FR","potentialAction":[{"@type":"ReadAction","target":["https:\/\/thelyflabs.com\/product\/kit-iguana-power-cartucho-full-spectrum"]}]},{"@type":"ImageObject","inLanguage":"fr-FR","@id":"https:\/\/thelyflabs.com\/product\/kit-iguana-power-cartucho-full-spectrum#primaryimage","url":"https:\/\/thelyflabs.com\/wp-content\/uploads\/2023\/12\/Bateria-slim-Cartucho-CBD-1ml.webp","contentUrl":"https:\/\/thelyflabs.com\/wp-content\/uploads\/2023\/12\/Bateria-slim-Cartucho-CBD-1ml.webp","width":1000,"height":1000,"caption":"vaper cbd cart 510"},{"@type":"BreadcrumbList","@id":"https:\/\/thelyflabs.com\/product\/kit-iguana-power-cartucho-full-spectrum#breadcrumb","itemListElement":[{"@type":"ListItem","position":1,"name":"Portada","item":"https:\/\/thelyflabs.com\/"},{"@type":"ListItem","position":2,"name":"Tienda","item":"https:\/\/thelyflabs.com\/tienda"},{"@type":"ListItem","position":3,"name":"Kit Iguana Power + Cartucho de CBD Full Spectrum 70%"}]},{"@type":"WebSite","@id":"https:\/\/thelyflabs.com\/#website","url":"https:\/\/thelyflabs.com\/","name":"Les laboratoires LYF","description":"Vente en gros de CBD","publisher":{"@id":"https:\/\/thelyflabs.com\/#organization"},"potentialAction":[{"@type":"SearchAction","target":{"@type":"EntryPoint","urlTemplate":"https:\/\/thelyflabs.com\/?s={search_term_string}"},"query-input":{"@type":"PropertyValueSpecification","valueRequired":true,"valueName":"search_term_string"}}],"inLanguage":"fr-FR"},{"@type":"Organization","@id":"https:\/\/thelyflabs.com\/#organization","name":"Les laboratoires LYF","url":"https:\/\/thelyflabs.com\/","logo":{"@type":"ImageObject","inLanguage":"fr-FR","@id":"https:\/\/thelyflabs.com\/#\/schema\/logo\/image\/","url":"https:\/\/thelyflabs.com\/wp-content\/uploads\/2023\/01\/cropped-LogoTheLYFLabs.png","contentUrl":"https:\/\/thelyflabs.com\/wp-content\/uploads\/2023\/01\/cropped-LogoTheLYFLabs.png","width":600,"height":180,"caption":"The LYF Labs"},"image":{"@id":"https:\/\/thelyflabs.com\/#\/schema\/logo\/image\/"}}]}},"_links":{"self":[{"href":"https:\/\/thelyflabs.com\/fr\/wp-json\/wp\/v2\/product\/3924","targetHints":{"allow":["GET"]}}],"collection":[{"href":"https:\/\/thelyflabs.com\/fr\/wp-json\/wp\/v2\/product"}],"about":[{"href":"https:\/\/thelyflabs.com\/fr\/wp-json\/wp\/v2\/types\/product"}],"replies":[{"embeddable":true,"href":"https:\/\/thelyflabs.com\/fr\/wp-json\/wp\/v2\/comments?post=3924"}],"wp:featuredmedia":[{"embeddable":true,"href":"https:\/\/thelyflabs.com\/fr\/wp-json\/wp\/v2\/media\/13085"}],"wp:attachment":[{"href":"https:\/\/thelyflabs.com\/fr\/wp-json\/wp\/v2\/media?parent=3924"}],"wp:term":[{"taxonomy":"product_brand","embeddable":true,"href":"https:\/\/thelyflabs.com\/fr\/wp-json\/wp\/v2\/product_brand?post=3924"},{"taxonomy":"product_cat","embeddable":true,"href":"https:\/\/thelyflabs.com\/fr\/wp-json\/wp\/v2\/product_cat?post=3924"},{"taxonomy":"product_tag","embeddable":true,"href":"https:\/\/thelyflabs.com\/fr\/wp-json\/wp\/v2\/product_tag?post=3924"}],"curies":[{"name":"wp","href":"https:\/\/api.w.org\/{rel}","templated":true}]}}