{"id":3965,"date":"2023-12-19T17:11:09","date_gmt":"2023-12-19T17:11:09","guid":{"rendered":"https:\/\/thelyflabs.com\/?post_type=product&#038;p=3965"},"modified":"2025-05-27T18:43:40","modified_gmt":"2025-05-27T16:43:40","slug":"bandeja-iguana-japan","status":"publish","type":"product","link":"https:\/\/thelyflabs.com\/fr\/product\/bandeja-iguana-japan","title":{"rendered":"Plateau Iguane Japon"},"content":{"rendered":"<h3>Plateau Iguane Japon<\/h3>\n<p>D\u00e9couvrez l&#039;excellence \u00e0 chaque s\u00e9ance de fumage avec le plateau \u00e0 rouler Iguana Smoke Japan. Con\u00e7u pour les connaisseurs de l&#039;art de l&#039;assemblage, ce plateau haut de gamme offre une fonctionnalit\u00e9 et un style in\u00e9gal\u00e9s. Avec quatre designs uniques, chaque plateau est une \u0153uvre d&#039;art en soi.<\/p>\n<p>Chaque d\u00e9tail a \u00e9t\u00e9 soigneusement pens\u00e9 pour am\u00e9liorer votre exp\u00e9rience de fumage. Les quatre designs exclusifs ajoutent non seulement une touche de personnalit\u00e9 \u00e0 votre espace fumeur, mais servent \u00e9galement d&#039;inspiration pour vos moments cr\u00e9atifs. Des motifs complexes aux styles modernes, vous trouverez le plateau parfait adapt\u00e9 \u00e0 votre style.<\/p>\n<p>La durabilit\u00e9 est la cl\u00e9, et le plateau roulant Iguana Smoke ne d\u00e9\u00e7oit pas. Fabriqu\u00e9 \u00e0 partir de mat\u00e9riaux de haute qualit\u00e9, ce plateau est non seulement durable mais \u00e9galement facile \u00e0 nettoyer. Sa taille id\u00e9ale offre suffisamment d&#039;espace pour organiser vos herbes, papiers et accessoires, garantissant une exp\u00e9rience de roulage sans tracas.<\/p>","protected":false},"excerpt":{"rendered":"<h5><\/h5>\n<ul>\n<li>Dimensions : 14 cm x 18 cm<\/li>\n<li>Mat\u00e9riel: Aluminium<\/li>\n<\/ul>\n<p>Obtenez votre plateau \u00e0 rouler Japon chez THE LYF LABS aux meilleurs prix pour les grossistes et distributeurs !<\/p>","protected":false},"featured_media":3962,"comment_status":"open","ping_status":"closed","template":"","meta":{"_acf_changed":false,"site-sidebar-layout":"default","site-content-layout":"","ast-site-content-layout":"default","site-content-style":"default","site-sidebar-style":"default","ast-global-header-display":"","ast-banner-title-visibility":"","ast-main-header-display":"","ast-hfb-above-header-display":"","ast-hfb-below-header-display":"","ast-hfb-mobile-header-display":"","site-post-title":"","ast-breadcrumbs-content":"","ast-featured-img":"","footer-sml-layout":"","theme-transparent-header-meta":"default","adv-header-id-meta":"","stick-header-meta":"","header-above-stick-meta":"","header-main-stick-meta":"","header-below-stick-meta":"","astra-migrate-meta-layouts":"set","ast-page-background-enabled":"default","ast-page-background-meta":{"desktop":{"background-color":"var(--ast-global-color-4)","background-image":"","background-repeat":"repeat","background-position":"center center","background-size":"auto","background-attachment":"scroll","background-type":"","background-media":"","overlay-type":"","overlay-color":"","overlay-opacity":"","overlay-gradient":""},"tablet":{"background-color":"","background-image":"","background-repeat":"repeat","background-position":"center center","background-size":"auto","background-attachment":"scroll","background-type":"","background-media":"","overlay-type":"","overlay-color":"","overlay-opacity":"","overlay-gradient":""},"mobile":{"background-color":"","background-image":"","background-repeat":"repeat","background-position":"center center","background-size":"auto","background-attachment":"scroll","background-type":"","background-media":"","overlay-type":"","overlay-color":"","overlay-opacity":"","overlay-gradient":""}},"ast-content-background-meta":{"desktop":{"background-color":"var(--ast-global-color-5)","background-image":"","background-repeat":"repeat","background-position":"center center","background-size":"auto","background-attachment":"scroll","background-type":"","background-media":"","overlay-type":"","overlay-color":"","overlay-opacity":"","overlay-gradient":""},"tablet":{"background-color":"var(--ast-global-color-5)","background-image":"","background-repeat":"repeat","background-position":"center center","background-size":"auto","background-attachment":"scroll","background-type":"","background-media":"","overlay-type":"","overlay-color":"","overlay-opacity":"","overlay-gradient":""},"mobile":{"background-color":"var(--ast-global-color-5)","background-image":"","background-repeat":"repeat","background-position":"center center","background-size":"auto","background-attachment":"scroll","background-type":"","background-media":"","overlay-type":"","overlay-color":"","overlay-opacity":"","overlay-gradient":""}}},"product_brand":[],"product_cat":[100,94,40],"product_tag":[],"class_list":{"0":"post-3965","1":"product","2":"type-product","3":"status-publish","4":"has-post-thumbnail","6":"product_cat-accesorios-merch","7":"product_cat-bandejas","8":"product_cat-iguanasmoke","9":"desktop-align-center","10":"tablet-align-left","11":"mobile-align-left","13":"first","14":"instock","15":"taxable","16":"shipping-taxable","17":"purchasable","18":"product-type-simple"},"acf":[],"yoast_head":"<!-- This site is optimized with the Yoast SEO plugin v27.4 - https:\/\/yoast.com\/product\/yoast-seo-wordpress\/ -->\n<title>Bandeja Iguana Japan - THE LYF LABS<\/title>\n<meta name=\"description\" content=\"Consigue tu Bandeja Iguana Japan en THE LYF LABS. Fabricada con los mejores matierales en 4 dise\u00f1os distintos. Especial para mayoristas y distribuidores\" \/>\n<meta name=\"robots\" content=\"index, follow, max-snippet:-1, max-image-preview:large, max-video-preview:-1\" \/>\n<link rel=\"canonical\" href=\"https:\/\/thelyflabs.com\/fr\/product\/bandeja-iguana-japan\/\" \/>\n<meta property=\"og:locale\" content=\"fr_FR\" \/>\n<meta property=\"og:type\" content=\"article\" \/>\n<meta property=\"og:title\" content=\"Bandeja Iguana Japan - THE LYF LABS\" \/>\n<meta property=\"og:description\" content=\"Consigue tu Bandeja Iguana Japan en THE LYF LABS. Fabricada con los mejores matierales en 4 dise\u00f1os distintos. Especial para mayoristas y distribuidores\" \/>\n<meta property=\"og:url\" content=\"https:\/\/thelyflabs.com\/fr\/product\/bandeja-iguana-japan\/\" \/>\n<meta property=\"og:site_name\" content=\"THE LYF LABS\" \/>\n<meta property=\"article:modified_time\" content=\"2025-05-27T16:43:40+00:00\" \/>\n<meta property=\"og:image\" content=\"https:\/\/thelyflabs.com\/wp-content\/uploads\/2023\/12\/Bandeja-Iguana-Japan.webp\" \/>\n\t<meta property=\"og:image:width\" content=\"500\" \/>\n\t<meta property=\"og:image:height\" content=\"500\" \/>\n\t<meta property=\"og:image:type\" content=\"image\/webp\" \/>\n<meta name=\"twitter:card\" content=\"summary_large_image\" \/>\n<meta name=\"twitter:label1\" content=\"Dur\u00e9e de lecture estim\u00e9e\" \/>\n\t<meta name=\"twitter:data1\" content=\"2 minutes\" \/>\n<script type=\"application\/ld+json\" class=\"yoast-schema-graph\">{\"@context\":\"https:\\\/\\\/schema.org\",\"@graph\":[{\"@type\":\"WebPage\",\"@id\":\"https:\\\/\\\/thelyflabs.com\\\/product\\\/bandeja-iguana-japan\",\"url\":\"https:\\\/\\\/thelyflabs.com\\\/product\\\/bandeja-iguana-japan\",\"name\":\"Bandeja Iguana Japan - THE LYF LABS\",\"isPartOf\":{\"@id\":\"https:\\\/\\\/thelyflabs.com\\\/#website\"},\"primaryImageOfPage\":{\"@id\":\"https:\\\/\\\/thelyflabs.com\\\/product\\\/bandeja-iguana-japan#primaryimage\"},\"image\":{\"@id\":\"https:\\\/\\\/thelyflabs.com\\\/product\\\/bandeja-iguana-japan#primaryimage\"},\"thumbnailUrl\":\"https:\\\/\\\/thelyflabs.com\\\/wp-content\\\/uploads\\\/2023\\\/12\\\/Bandeja-Iguana-Japan.webp\",\"datePublished\":\"2023-12-19T17:11:09+00:00\",\"dateModified\":\"2025-05-27T16:43:40+00:00\",\"description\":\"Consigue tu Bandeja Iguana Japan en THE LYF LABS. Fabricada con los mejores matierales en 4 dise\u00f1os distintos. Especial para mayoristas y distribuidores\",\"breadcrumb\":{\"@id\":\"https:\\\/\\\/thelyflabs.com\\\/product\\\/bandeja-iguana-japan#breadcrumb\"},\"inLanguage\":\"fr-FR\",\"potentialAction\":[{\"@type\":\"ReadAction\",\"target\":[\"https:\\\/\\\/thelyflabs.com\\\/product\\\/bandeja-iguana-japan\"]}]},{\"@type\":\"ImageObject\",\"inLanguage\":\"fr-FR\",\"@id\":\"https:\\\/\\\/thelyflabs.com\\\/product\\\/bandeja-iguana-japan#primaryimage\",\"url\":\"https:\\\/\\\/thelyflabs.com\\\/wp-content\\\/uploads\\\/2023\\\/12\\\/Bandeja-Iguana-Japan.webp\",\"contentUrl\":\"https:\\\/\\\/thelyflabs.com\\\/wp-content\\\/uploads\\\/2023\\\/12\\\/Bandeja-Iguana-Japan.webp\",\"width\":500,\"height\":500,\"caption\":\"bandeja para liar mayorista\"},{\"@type\":\"BreadcrumbList\",\"@id\":\"https:\\\/\\\/thelyflabs.com\\\/product\\\/bandeja-iguana-japan#breadcrumb\",\"itemListElement\":[{\"@type\":\"ListItem\",\"position\":1,\"name\":\"Portada\",\"item\":\"https:\\\/\\\/thelyflabs.com\\\/\"},{\"@type\":\"ListItem\",\"position\":2,\"name\":\"Tienda\",\"item\":\"https:\\\/\\\/thelyflabs.com\\\/tienda\"},{\"@type\":\"ListItem\",\"position\":3,\"name\":\"Bandeja Iguana Japan\"}]},{\"@type\":\"WebSite\",\"@id\":\"https:\\\/\\\/thelyflabs.com\\\/#website\",\"url\":\"https:\\\/\\\/thelyflabs.com\\\/\",\"name\":\"The LYF Labs\",\"description\":\"CBD al por mayor\",\"publisher\":{\"@id\":\"https:\\\/\\\/thelyflabs.com\\\/#organization\"},\"potentialAction\":[{\"@type\":\"SearchAction\",\"target\":{\"@type\":\"EntryPoint\",\"urlTemplate\":\"https:\\\/\\\/thelyflabs.com\\\/?s={search_term_string}\"},\"query-input\":{\"@type\":\"PropertyValueSpecification\",\"valueRequired\":true,\"valueName\":\"search_term_string\"}}],\"inLanguage\":\"fr-FR\"},{\"@type\":\"Organization\",\"@id\":\"https:\\\/\\\/thelyflabs.com\\\/#organization\",\"name\":\"The LYF Labs\",\"url\":\"https:\\\/\\\/thelyflabs.com\\\/\",\"logo\":{\"@type\":\"ImageObject\",\"inLanguage\":\"fr-FR\",\"@id\":\"https:\\\/\\\/thelyflabs.com\\\/#\\\/schema\\\/logo\\\/image\\\/\",\"url\":\"https:\\\/\\\/thelyflabs.com\\\/wp-content\\\/uploads\\\/2023\\\/01\\\/cropped-LogoTheLYFLabs.png\",\"contentUrl\":\"https:\\\/\\\/thelyflabs.com\\\/wp-content\\\/uploads\\\/2023\\\/01\\\/cropped-LogoTheLYFLabs.png\",\"width\":600,\"height\":180,\"caption\":\"The LYF Labs\"},\"image\":{\"@id\":\"https:\\\/\\\/thelyflabs.com\\\/#\\\/schema\\\/logo\\\/image\\\/\"}}]}<\/script>\n<!-- \/ Yoast SEO plugin. -->","yoast_head_json":{"title":"Plateau Iguana Japon - THE LYF LABS","description":"Procurez-vous votre plateau Iguana Japan chez THE LYF LABS. Fabriqu\u00e9 avec les meilleurs mat\u00e9riaux, il est disponible en quatre mod\u00e8les diff\u00e9rents. Sp\u00e9cialement con\u00e7u pour les grossistes et les distributeurs.","robots":{"index":"index","follow":"follow","max-snippet":"max-snippet:-1","max-image-preview":"max-image-preview:large","max-video-preview":"max-video-preview:-1"},"canonical":"https:\/\/thelyflabs.com\/fr\/product\/bandeja-iguana-japan\/","og_locale":"fr_FR","og_type":"article","og_title":"Bandeja Iguana Japan - THE LYF LABS","og_description":"Consigue tu Bandeja Iguana Japan en THE LYF LABS. Fabricada con los mejores matierales en 4 dise\u00f1os distintos. Especial para mayoristas y distribuidores","og_url":"https:\/\/thelyflabs.com\/fr\/product\/bandeja-iguana-japan\/","og_site_name":"THE LYF LABS","article_modified_time":"2025-05-27T16:43:40+00:00","og_image":[{"width":500,"height":500,"url":"https:\/\/thelyflabs.com\/wp-content\/uploads\/2023\/12\/Bandeja-Iguana-Japan.webp","type":"image\/webp"}],"twitter_card":"summary_large_image","twitter_misc":{"Dur\u00e9e de lecture estim\u00e9e":"2 minutes"},"schema":{"@context":"https:\/\/schema.org","@graph":[{"@type":"WebPage","@id":"https:\/\/thelyflabs.com\/product\/bandeja-iguana-japan","url":"https:\/\/thelyflabs.com\/product\/bandeja-iguana-japan","name":"Plateau Iguana Japon - THE LYF LABS","isPartOf":{"@id":"https:\/\/thelyflabs.com\/#website"},"primaryImageOfPage":{"@id":"https:\/\/thelyflabs.com\/product\/bandeja-iguana-japan#primaryimage"},"image":{"@id":"https:\/\/thelyflabs.com\/product\/bandeja-iguana-japan#primaryimage"},"thumbnailUrl":"https:\/\/thelyflabs.com\/wp-content\/uploads\/2023\/12\/Bandeja-Iguana-Japan.webp","datePublished":"2023-12-19T17:11:09+00:00","dateModified":"2025-05-27T16:43:40+00:00","description":"Procurez-vous votre plateau Iguana Japan chez THE LYF LABS. Fabriqu\u00e9 avec les meilleurs mat\u00e9riaux, il est disponible en quatre mod\u00e8les diff\u00e9rents. Sp\u00e9cialement con\u00e7u pour les grossistes et les distributeurs.","breadcrumb":{"@id":"https:\/\/thelyflabs.com\/product\/bandeja-iguana-japan#breadcrumb"},"inLanguage":"fr-FR","potentialAction":[{"@type":"ReadAction","target":["https:\/\/thelyflabs.com\/product\/bandeja-iguana-japan"]}]},{"@type":"ImageObject","inLanguage":"fr-FR","@id":"https:\/\/thelyflabs.com\/product\/bandeja-iguana-japan#primaryimage","url":"https:\/\/thelyflabs.com\/wp-content\/uploads\/2023\/12\/Bandeja-Iguana-Japan.webp","contentUrl":"https:\/\/thelyflabs.com\/wp-content\/uploads\/2023\/12\/Bandeja-Iguana-Japan.webp","width":500,"height":500,"caption":"bandeja para liar mayorista"},{"@type":"BreadcrumbList","@id":"https:\/\/thelyflabs.com\/product\/bandeja-iguana-japan#breadcrumb","itemListElement":[{"@type":"ListItem","position":1,"name":"Portada","item":"https:\/\/thelyflabs.com\/"},{"@type":"ListItem","position":2,"name":"Tienda","item":"https:\/\/thelyflabs.com\/tienda"},{"@type":"ListItem","position":3,"name":"Bandeja Iguana Japan"}]},{"@type":"WebSite","@id":"https:\/\/thelyflabs.com\/#website","url":"https:\/\/thelyflabs.com\/","name":"Les laboratoires LYF","description":"Vente en gros de CBD","publisher":{"@id":"https:\/\/thelyflabs.com\/#organization"},"potentialAction":[{"@type":"SearchAction","target":{"@type":"EntryPoint","urlTemplate":"https:\/\/thelyflabs.com\/?s={search_term_string}"},"query-input":{"@type":"PropertyValueSpecification","valueRequired":true,"valueName":"search_term_string"}}],"inLanguage":"fr-FR"},{"@type":"Organization","@id":"https:\/\/thelyflabs.com\/#organization","name":"Les laboratoires LYF","url":"https:\/\/thelyflabs.com\/","logo":{"@type":"ImageObject","inLanguage":"fr-FR","@id":"https:\/\/thelyflabs.com\/#\/schema\/logo\/image\/","url":"https:\/\/thelyflabs.com\/wp-content\/uploads\/2023\/01\/cropped-LogoTheLYFLabs.png","contentUrl":"https:\/\/thelyflabs.com\/wp-content\/uploads\/2023\/01\/cropped-LogoTheLYFLabs.png","width":600,"height":180,"caption":"The LYF Labs"},"image":{"@id":"https:\/\/thelyflabs.com\/#\/schema\/logo\/image\/"}}]}},"_links":{"self":[{"href":"https:\/\/thelyflabs.com\/fr\/wp-json\/wp\/v2\/product\/3965","targetHints":{"allow":["GET"]}}],"collection":[{"href":"https:\/\/thelyflabs.com\/fr\/wp-json\/wp\/v2\/product"}],"about":[{"href":"https:\/\/thelyflabs.com\/fr\/wp-json\/wp\/v2\/types\/product"}],"replies":[{"embeddable":true,"href":"https:\/\/thelyflabs.com\/fr\/wp-json\/wp\/v2\/comments?post=3965"}],"wp:featuredmedia":[{"embeddable":true,"href":"https:\/\/thelyflabs.com\/fr\/wp-json\/wp\/v2\/media\/3962"}],"wp:attachment":[{"href":"https:\/\/thelyflabs.com\/fr\/wp-json\/wp\/v2\/media?parent=3965"}],"wp:term":[{"taxonomy":"product_brand","embeddable":true,"href":"https:\/\/thelyflabs.com\/fr\/wp-json\/wp\/v2\/product_brand?post=3965"},{"taxonomy":"product_cat","embeddable":true,"href":"https:\/\/thelyflabs.com\/fr\/wp-json\/wp\/v2\/product_cat?post=3965"},{"taxonomy":"product_tag","embeddable":true,"href":"https:\/\/thelyflabs.com\/fr\/wp-json\/wp\/v2\/product_tag?post=3965"}],"curies":[{"name":"wp","href":"https:\/\/api.w.org\/{rel}","templated":true}]}}