{"id":4052,"date":"2023-12-28T14:58:13","date_gmt":"2023-12-28T14:58:13","guid":{"rendered":"https:\/\/thelyflabs.com\/?post_type=product&#038;p=4052"},"modified":"2025-05-27T01:03:51","modified_gmt":"2025-05-26T23:03:51","slug":"grinder-mini-iguana-smoke","status":"publish","type":"product","link":"https:\/\/thelyflabs.com\/fr\/product\/grinder-mini-iguana-smoke","title":{"rendered":"Grinder Mini Iguana Fum\u00e9e"},"content":{"rendered":"<h3>Grinder Mini Iguana Fum\u00e9e<\/h3>\n<p>Explorez de nouveaux sommets dans votre pr\u00e9paration d&#039;herbes avec le mini broyeur Iguana Smoke, une fusion parfaite de fonctionnalit\u00e9 et de style. Ce broyeur d&#039;exception est disponible en six couleurs vives, vous permettant d&#039;exprimer votre personnalit\u00e9 tout en perfectionnant votre exp\u00e9rience de fumage.<\/p>\n<p>Con\u00e7u pour fournir des r\u00e9sultats constants, le broyeur Iguana Smoke est un outil essentiel pour les amateurs d&#039;herbes. Ses dents tranchantes et pr\u00e9cises broient facilement vos herbes pr\u00e9f\u00e9r\u00e9es, garantissant une consistance parfaite \u00e0 chaque s\u00e9ance.<\/p>\n<p>La vari\u00e9t\u00e9 de couleurs disponibles vous permet de choisir le broyeur qui convient \u00e0 votre style unique. Des nuances classiques aux options plus audacieuses, chaque couleur est une d\u00e9claration d&#039;individualit\u00e9. De plus, la couche ext\u00e9rieure de haute qualit\u00e9 ajoute non seulement du style, mais offre \u00e9galement une r\u00e9sistance exceptionnelle \u00e0 l&#039;usure quotidienne.<\/p>\n<p>Avec un design encore plus compact et portable, le mini broyeur Iguana Smoke devient le compagnon id\u00e9al de vos aventures. Que ce soit \u00e0 la maison ou en d\u00e9placement, emportez avec vous l&#039;outil indispensable pour profiter de moments de d\u00e9tente avec vos herbes pr\u00e9f\u00e9r\u00e9es.<\/p>\n<p>Am\u00e9liorez votre exp\u00e9rience de broyage avec le broyeur \u00e0 fum\u00e9e Iguana. D\u00e9couvrez ainsi la combinaison parfaite entre style, performance et durabilit\u00e9 \u00e0 chaque utilisation. Choisissez votre couleur pr\u00e9f\u00e9r\u00e9e et faites passer votre rituel de fumage au niveau sup\u00e9rieur\u00a0!<\/p>\n<h3>POURQUOI LES LABORATOIRES LYF ?<\/h3>\n<p>Boostez votre activit\u00e9 avec THE LYF LABS, votre partenaire de confiance en vente en gros de CBD. Nous proposons une large gamme de produits de qualit\u00e9 sup\u00e9rieure pour r\u00e9pondre aux demandes de vos clients. Maximisez vos profits et d\u00e9veloppez votre pr\u00e9sence sur le march\u00e9 du CBD. Rejoignez-nous pour un partenariat r\u00e9ussi et durable !<\/p>","protected":false},"excerpt":{"rendered":"<p>Mini broyeur de fum\u00e9e iguane\u00a0:<\/p>\n<ul>\n<li>Taille: 42mm<\/li>\n<li>Choisissez si vous en voulez 1 ou 12\u00a0!<\/li>\n<li>Disponible en 6 couleurs<\/li>\n<li>Noir<\/li>\n<li>Rouge<\/li>\n<li>Bleu<\/li>\n<li>Orange<\/li>\n<li>Jaune<\/li>\n<li>Vert<\/li>\n<\/ul>","protected":false},"featured_media":4062,"comment_status":"open","ping_status":"closed","template":"","meta":{"_acf_changed":false,"site-sidebar-layout":"default","site-content-layout":"","ast-site-content-layout":"default","site-content-style":"default","site-sidebar-style":"default","ast-global-header-display":"","ast-banner-title-visibility":"","ast-main-header-display":"","ast-hfb-above-header-display":"","ast-hfb-below-header-display":"","ast-hfb-mobile-header-display":"","site-post-title":"","ast-breadcrumbs-content":"","ast-featured-img":"","footer-sml-layout":"","theme-transparent-header-meta":"default","adv-header-id-meta":"","stick-header-meta":"","header-above-stick-meta":"","header-main-stick-meta":"","header-below-stick-meta":"","astra-migrate-meta-layouts":"set","ast-page-background-enabled":"default","ast-page-background-meta":{"desktop":{"background-color":"var(--ast-global-color-4)","background-image":"","background-repeat":"repeat","background-position":"center center","background-size":"auto","background-attachment":"scroll","background-type":"","background-media":"","overlay-type":"","overlay-color":"","overlay-opacity":"","overlay-gradient":""},"tablet":{"background-color":"","background-image":"","background-repeat":"repeat","background-position":"center center","background-size":"auto","background-attachment":"scroll","background-type":"","background-media":"","overlay-type":"","overlay-color":"","overlay-opacity":"","overlay-gradient":""},"mobile":{"background-color":"","background-image":"","background-repeat":"repeat","background-position":"center center","background-size":"auto","background-attachment":"scroll","background-type":"","background-media":"","overlay-type":"","overlay-color":"","overlay-opacity":"","overlay-gradient":""}},"ast-content-background-meta":{"desktop":{"background-color":"var(--ast-global-color-5)","background-image":"","background-repeat":"repeat","background-position":"center center","background-size":"auto","background-attachment":"scroll","background-type":"","background-media":"","overlay-type":"","overlay-color":"","overlay-opacity":"","overlay-gradient":""},"tablet":{"background-color":"var(--ast-global-color-5)","background-image":"","background-repeat":"repeat","background-position":"center center","background-size":"auto","background-attachment":"scroll","background-type":"","background-media":"","overlay-type":"","overlay-color":"","overlay-opacity":"","overlay-gradient":""},"mobile":{"background-color":"var(--ast-global-color-5)","background-image":"","background-repeat":"repeat","background-position":"center center","background-size":"auto","background-attachment":"scroll","background-type":"","background-media":"","overlay-type":"","overlay-color":"","overlay-opacity":"","overlay-gradient":""}}},"product_brand":[],"product_cat":[93,40,108],"product_tag":[],"class_list":{"0":"post-4052","1":"product","2":"type-product","3":"status-publish","4":"has-post-thumbnail","6":"product_cat-grinders","7":"product_cat-iguanasmoke","8":"product_cat-novedades","9":"desktop-align-center","10":"tablet-align-left","11":"mobile-align-left","13":"first","14":"outofstock","15":"taxable","16":"shipping-taxable","17":"purchasable","18":"product-type-variable"},"acf":[],"yoast_head":"<!-- This site is optimized with the Yoast SEO plugin v27.4 - https:\/\/yoast.com\/product\/yoast-seo-wordpress\/ -->\n<title>Grinder Mini Iguana Smoke - THE LYF LABS<\/title>\n<meta name=\"description\" content=\"Consigue tu Grinder Mini Iguana Smoke en THE LYF LABS. Consigue aqui los mejores precios para tiendas mayoristas y distribuidores!\" \/>\n<meta name=\"robots\" content=\"index, follow, max-snippet:-1, max-image-preview:large, max-video-preview:-1\" \/>\n<link rel=\"canonical\" href=\"https:\/\/thelyflabs.com\/fr\/product\/grinder-mini-iguana-smoke\/\" \/>\n<meta property=\"og:locale\" content=\"fr_FR\" \/>\n<meta property=\"og:type\" content=\"article\" \/>\n<meta property=\"og:title\" content=\"Grinder Mini Iguana Smoke - THE LYF LABS\" \/>\n<meta property=\"og:description\" content=\"Consigue tu Grinder Mini Iguana Smoke en THE LYF LABS. Consigue aqui los mejores precios para tiendas mayoristas y distribuidores!\" \/>\n<meta property=\"og:url\" content=\"https:\/\/thelyflabs.com\/fr\/product\/grinder-mini-iguana-smoke\/\" \/>\n<meta property=\"og:site_name\" content=\"THE LYF LABS\" \/>\n<meta property=\"article:modified_time\" content=\"2025-05-26T23:03:51+00:00\" \/>\n<meta property=\"og:image\" content=\"https:\/\/thelyflabs.com\/wp-content\/uploads\/2023\/12\/Grinders-Peque-webp-1.webp\" \/>\n\t<meta property=\"og:image:width\" content=\"500\" \/>\n\t<meta property=\"og:image:height\" content=\"500\" \/>\n\t<meta property=\"og:image:type\" content=\"image\/webp\" \/>\n<meta name=\"twitter:card\" content=\"summary_large_image\" \/>\n<meta name=\"twitter:label1\" content=\"Dur\u00e9e de lecture estim\u00e9e\" \/>\n\t<meta name=\"twitter:data1\" content=\"3 minutes\" \/>\n<script type=\"application\/ld+json\" class=\"yoast-schema-graph\">{\"@context\":\"https:\\\/\\\/schema.org\",\"@graph\":[{\"@type\":\"WebPage\",\"@id\":\"https:\\\/\\\/thelyflabs.com\\\/product\\\/grinder-mini-iguana-smoke\",\"url\":\"https:\\\/\\\/thelyflabs.com\\\/product\\\/grinder-mini-iguana-smoke\",\"name\":\"Grinder Mini Iguana Smoke - THE LYF LABS\",\"isPartOf\":{\"@id\":\"https:\\\/\\\/thelyflabs.com\\\/#website\"},\"primaryImageOfPage\":{\"@id\":\"https:\\\/\\\/thelyflabs.com\\\/product\\\/grinder-mini-iguana-smoke#primaryimage\"},\"image\":{\"@id\":\"https:\\\/\\\/thelyflabs.com\\\/product\\\/grinder-mini-iguana-smoke#primaryimage\"},\"thumbnailUrl\":\"https:\\\/\\\/thelyflabs.com\\\/wp-content\\\/uploads\\\/2023\\\/12\\\/Grinders-Peque-webp-1.webp\",\"datePublished\":\"2023-12-28T14:58:13+00:00\",\"dateModified\":\"2025-05-26T23:03:51+00:00\",\"description\":\"Consigue tu Grinder Mini Iguana Smoke en THE LYF LABS. Consigue aqui los mejores precios para tiendas mayoristas y distribuidores!\",\"breadcrumb\":{\"@id\":\"https:\\\/\\\/thelyflabs.com\\\/product\\\/grinder-mini-iguana-smoke#breadcrumb\"},\"inLanguage\":\"fr-FR\",\"potentialAction\":[{\"@type\":\"ReadAction\",\"target\":[\"https:\\\/\\\/thelyflabs.com\\\/product\\\/grinder-mini-iguana-smoke\"]}]},{\"@type\":\"ImageObject\",\"inLanguage\":\"fr-FR\",\"@id\":\"https:\\\/\\\/thelyflabs.com\\\/product\\\/grinder-mini-iguana-smoke#primaryimage\",\"url\":\"https:\\\/\\\/thelyflabs.com\\\/wp-content\\\/uploads\\\/2023\\\/12\\\/Grinders-Peque-webp-1.webp\",\"contentUrl\":\"https:\\\/\\\/thelyflabs.com\\\/wp-content\\\/uploads\\\/2023\\\/12\\\/Grinders-Peque-webp-1.webp\",\"width\":500,\"height\":500,\"caption\":\"grinders peque\u00f1os iguana mayorista\"},{\"@type\":\"BreadcrumbList\",\"@id\":\"https:\\\/\\\/thelyflabs.com\\\/product\\\/grinder-mini-iguana-smoke#breadcrumb\",\"itemListElement\":[{\"@type\":\"ListItem\",\"position\":1,\"name\":\"Portada\",\"item\":\"https:\\\/\\\/thelyflabs.com\\\/\"},{\"@type\":\"ListItem\",\"position\":2,\"name\":\"Tienda\",\"item\":\"https:\\\/\\\/thelyflabs.com\\\/tienda\"},{\"@type\":\"ListItem\",\"position\":3,\"name\":\"Grinder Mini Iguana Smoke\"}]},{\"@type\":\"WebSite\",\"@id\":\"https:\\\/\\\/thelyflabs.com\\\/#website\",\"url\":\"https:\\\/\\\/thelyflabs.com\\\/\",\"name\":\"The LYF Labs\",\"description\":\"CBD al por mayor\",\"publisher\":{\"@id\":\"https:\\\/\\\/thelyflabs.com\\\/#organization\"},\"potentialAction\":[{\"@type\":\"SearchAction\",\"target\":{\"@type\":\"EntryPoint\",\"urlTemplate\":\"https:\\\/\\\/thelyflabs.com\\\/?s={search_term_string}\"},\"query-input\":{\"@type\":\"PropertyValueSpecification\",\"valueRequired\":true,\"valueName\":\"search_term_string\"}}],\"inLanguage\":\"fr-FR\"},{\"@type\":\"Organization\",\"@id\":\"https:\\\/\\\/thelyflabs.com\\\/#organization\",\"name\":\"The LYF Labs\",\"url\":\"https:\\\/\\\/thelyflabs.com\\\/\",\"logo\":{\"@type\":\"ImageObject\",\"inLanguage\":\"fr-FR\",\"@id\":\"https:\\\/\\\/thelyflabs.com\\\/#\\\/schema\\\/logo\\\/image\\\/\",\"url\":\"https:\\\/\\\/thelyflabs.com\\\/wp-content\\\/uploads\\\/2023\\\/01\\\/cropped-LogoTheLYFLabs.png\",\"contentUrl\":\"https:\\\/\\\/thelyflabs.com\\\/wp-content\\\/uploads\\\/2023\\\/01\\\/cropped-LogoTheLYFLabs.png\",\"width\":600,\"height\":180,\"caption\":\"The LYF Labs\"},\"image\":{\"@id\":\"https:\\\/\\\/thelyflabs.com\\\/#\\\/schema\\\/logo\\\/image\\\/\"}}]}<\/script>\n<!-- \/ Yoast SEO plugin. -->","yoast_head_json":{"title":"Grinder Mini Iguana Smoke - THE LYF LABS","description":"Procurez-vous votre Mini Iguana Smoke Grinder chez THE LYF LABS. Profitez des meilleurs prix pour les grossistes et les distributeurs ici\u00a0!","robots":{"index":"index","follow":"follow","max-snippet":"max-snippet:-1","max-image-preview":"max-image-preview:large","max-video-preview":"max-video-preview:-1"},"canonical":"https:\/\/thelyflabs.com\/fr\/product\/grinder-mini-iguana-smoke\/","og_locale":"fr_FR","og_type":"article","og_title":"Grinder Mini Iguana Smoke - THE LYF LABS","og_description":"Consigue tu Grinder Mini Iguana Smoke en THE LYF LABS. Consigue aqui los mejores precios para tiendas mayoristas y distribuidores!","og_url":"https:\/\/thelyflabs.com\/fr\/product\/grinder-mini-iguana-smoke\/","og_site_name":"THE LYF LABS","article_modified_time":"2025-05-26T23:03:51+00:00","og_image":[{"width":500,"height":500,"url":"https:\/\/thelyflabs.com\/wp-content\/uploads\/2023\/12\/Grinders-Peque-webp-1.webp","type":"image\/webp"}],"twitter_card":"summary_large_image","twitter_misc":{"Dur\u00e9e de lecture estim\u00e9e":"3 minutes"},"schema":{"@context":"https:\/\/schema.org","@graph":[{"@type":"WebPage","@id":"https:\/\/thelyflabs.com\/product\/grinder-mini-iguana-smoke","url":"https:\/\/thelyflabs.com\/product\/grinder-mini-iguana-smoke","name":"Grinder Mini Iguana Smoke - THE LYF LABS","isPartOf":{"@id":"https:\/\/thelyflabs.com\/#website"},"primaryImageOfPage":{"@id":"https:\/\/thelyflabs.com\/product\/grinder-mini-iguana-smoke#primaryimage"},"image":{"@id":"https:\/\/thelyflabs.com\/product\/grinder-mini-iguana-smoke#primaryimage"},"thumbnailUrl":"https:\/\/thelyflabs.com\/wp-content\/uploads\/2023\/12\/Grinders-Peque-webp-1.webp","datePublished":"2023-12-28T14:58:13+00:00","dateModified":"2025-05-26T23:03:51+00:00","description":"Procurez-vous votre Mini Iguana Smoke Grinder chez THE LYF LABS. Profitez des meilleurs prix pour les grossistes et les distributeurs ici\u00a0!","breadcrumb":{"@id":"https:\/\/thelyflabs.com\/product\/grinder-mini-iguana-smoke#breadcrumb"},"inLanguage":"fr-FR","potentialAction":[{"@type":"ReadAction","target":["https:\/\/thelyflabs.com\/product\/grinder-mini-iguana-smoke"]}]},{"@type":"ImageObject","inLanguage":"fr-FR","@id":"https:\/\/thelyflabs.com\/product\/grinder-mini-iguana-smoke#primaryimage","url":"https:\/\/thelyflabs.com\/wp-content\/uploads\/2023\/12\/Grinders-Peque-webp-1.webp","contentUrl":"https:\/\/thelyflabs.com\/wp-content\/uploads\/2023\/12\/Grinders-Peque-webp-1.webp","width":500,"height":500,"caption":"grinders peque\u00f1os iguana mayorista"},{"@type":"BreadcrumbList","@id":"https:\/\/thelyflabs.com\/product\/grinder-mini-iguana-smoke#breadcrumb","itemListElement":[{"@type":"ListItem","position":1,"name":"Portada","item":"https:\/\/thelyflabs.com\/"},{"@type":"ListItem","position":2,"name":"Tienda","item":"https:\/\/thelyflabs.com\/tienda"},{"@type":"ListItem","position":3,"name":"Grinder Mini Iguana Smoke"}]},{"@type":"WebSite","@id":"https:\/\/thelyflabs.com\/#website","url":"https:\/\/thelyflabs.com\/","name":"Les laboratoires LYF","description":"Vente en gros de CBD","publisher":{"@id":"https:\/\/thelyflabs.com\/#organization"},"potentialAction":[{"@type":"SearchAction","target":{"@type":"EntryPoint","urlTemplate":"https:\/\/thelyflabs.com\/?s={search_term_string}"},"query-input":{"@type":"PropertyValueSpecification","valueRequired":true,"valueName":"search_term_string"}}],"inLanguage":"fr-FR"},{"@type":"Organization","@id":"https:\/\/thelyflabs.com\/#organization","name":"Les laboratoires LYF","url":"https:\/\/thelyflabs.com\/","logo":{"@type":"ImageObject","inLanguage":"fr-FR","@id":"https:\/\/thelyflabs.com\/#\/schema\/logo\/image\/","url":"https:\/\/thelyflabs.com\/wp-content\/uploads\/2023\/01\/cropped-LogoTheLYFLabs.png","contentUrl":"https:\/\/thelyflabs.com\/wp-content\/uploads\/2023\/01\/cropped-LogoTheLYFLabs.png","width":600,"height":180,"caption":"The LYF Labs"},"image":{"@id":"https:\/\/thelyflabs.com\/#\/schema\/logo\/image\/"}}]}},"_links":{"self":[{"href":"https:\/\/thelyflabs.com\/fr\/wp-json\/wp\/v2\/product\/4052","targetHints":{"allow":["GET"]}}],"collection":[{"href":"https:\/\/thelyflabs.com\/fr\/wp-json\/wp\/v2\/product"}],"about":[{"href":"https:\/\/thelyflabs.com\/fr\/wp-json\/wp\/v2\/types\/product"}],"replies":[{"embeddable":true,"href":"https:\/\/thelyflabs.com\/fr\/wp-json\/wp\/v2\/comments?post=4052"}],"wp:featuredmedia":[{"embeddable":true,"href":"https:\/\/thelyflabs.com\/fr\/wp-json\/wp\/v2\/media\/4062"}],"wp:attachment":[{"href":"https:\/\/thelyflabs.com\/fr\/wp-json\/wp\/v2\/media?parent=4052"}],"wp:term":[{"taxonomy":"product_brand","embeddable":true,"href":"https:\/\/thelyflabs.com\/fr\/wp-json\/wp\/v2\/product_brand?post=4052"},{"taxonomy":"product_cat","embeddable":true,"href":"https:\/\/thelyflabs.com\/fr\/wp-json\/wp\/v2\/product_cat?post=4052"},{"taxonomy":"product_tag","embeddable":true,"href":"https:\/\/thelyflabs.com\/fr\/wp-json\/wp\/v2\/product_tag?post=4052"}],"curies":[{"name":"wp","href":"https:\/\/api.w.org\/{rel}","templated":true}]}}