{"id":4179,"date":"2024-01-05T14:04:14","date_gmt":"2024-01-05T14:04:14","guid":{"rendered":"https:\/\/thelyflabs.com\/?post_type=product&#038;p=4179"},"modified":"2025-11-26T17:20:52","modified_gmt":"2025-11-26T16:20:52","slug":"pack-de-flores-de-cbd-25-x-2g","status":"publish","type":"product","link":"https:\/\/thelyflabs.com\/fr\/product\/pack-de-flores-de-cbd-25-x-2g","title":{"rendered":"Pack de Fleurs CBD 25u x 2g"},"content":{"rendered":"<h3>Pack de Fleurs CBD 25u x 2g<\/h3>\n<p>\u00c9conomisez avec notre <strong>Paquets de<\/strong> <strong>Fleurs de CBD.<\/strong><\/p>\n<p>En achetant vos fleurs en pack vous pouvez \u00e9conomiser entre 15% et 25% selon le type de fleurs et la taille choisie.<\/p>\n<p>Ne manquez pas cette opportunit\u00e9 de shopping. <strong>Fleurs de CBD<\/strong> toujours <strong>prix am\u00e9lior\u00e9<\/strong> pour acheter en plus grande quantit\u00e9.<\/p>\n<p>Avec \u00e7a <strong>emballer<\/strong> l&#039;envoi <strong>c&#039;est inclus<\/strong> dans le prix<\/p>\n<p>Les fleurs de CBD Iguana Smoke sont r\u00e9colt\u00e9es 100% de mani\u00e8re biologique, sans pesticides ni OGM.<\/p>\n<p style=\"text-align: justify;\">Toutes les fleurs d&#039;Iguana Smoke sont l\u00e9gales 100% car elles sont r\u00e9colt\u00e9es \u00e0 partir de plantes de Cannabis Sativa approuv\u00e9es par l&#039;Union europ\u00e9enne et contiennent moins de 0,2% de THC, elles n&#039;ont donc aucun effet psychoactif.<\/p>\n<h4>POURQUOI L&#039;IGUANE FUME\u00a0?<\/h4>\n<p>Iguana Smoke est synonyme de qualit\u00e9 ; une marque attrayante qui connecte avec les nouvelles g\u00e9n\u00e9rations de consommateurs de CBD qui recherchent un produit s\u00fbr, fiable et abordable, qui poss\u00e8de toutes les caract\u00e9ristiques pour se positionner avec succ\u00e8s sur le march\u00e9 florissant du CBD. Si vous avez des questions, contactez-nous et nous serons heureux de vous aider.<\/p>","protected":false},"excerpt":{"rendered":"<h3>\u00c9conomisez 20% avec ce pack<\/h3>\n<ul>\n<li>CBD : 10-15% \/ THC : &lt; 0,2%<\/li>\n<li>100% l\u00e9gal en Europe<\/li>\n<li>\u00c9conomisez 24\u20ac avec ce pack de 2 grammes de Fleurs CBD<\/li>\n<li>Envoi gratuit<\/li>\n<li>4 \u20ac de cr\u00e9dits LYF pour votre prochain achat<\/li>\n<\/ul>\n<p>Analyse qualit\u00e9 : cliquez <a href=\"https:\/\/iguanasmoke.com\/wp-content\/uploads\/2023\/07\/Certificate-of-Analysis_B2900055_Shelby.pdf\" target=\"_blank\" rel=\"noopener\">ici<\/a><\/p>","protected":false},"featured_media":5205,"comment_status":"open","ping_status":"closed","template":"","meta":{"_acf_changed":false,"site-sidebar-layout":"default","site-content-layout":"","ast-site-content-layout":"default","site-content-style":"default","site-sidebar-style":"default","ast-global-header-display":"","ast-banner-title-visibility":"","ast-main-header-display":"","ast-hfb-above-header-display":"","ast-hfb-below-header-display":"","ast-hfb-mobile-header-display":"","site-post-title":"","ast-breadcrumbs-content":"","ast-featured-img":"","footer-sml-layout":"","theme-transparent-header-meta":"default","adv-header-id-meta":"","stick-header-meta":"","header-above-stick-meta":"","header-main-stick-meta":"","header-below-stick-meta":"","astra-migrate-meta-layouts":"set","ast-page-background-enabled":"default","ast-page-background-meta":{"desktop":{"background-color":"var(--ast-global-color-4)","background-image":"","background-repeat":"repeat","background-position":"center center","background-size":"auto","background-attachment":"scroll","background-type":"","background-media":"","overlay-type":"","overlay-color":"","overlay-opacity":"","overlay-gradient":""},"tablet":{"background-color":"","background-image":"","background-repeat":"repeat","background-position":"center center","background-size":"auto","background-attachment":"scroll","background-type":"","background-media":"","overlay-type":"","overlay-color":"","overlay-opacity":"","overlay-gradient":""},"mobile":{"background-color":"","background-image":"","background-repeat":"repeat","background-position":"center center","background-size":"auto","background-attachment":"scroll","background-type":"","background-media":"","overlay-type":"","overlay-color":"","overlay-opacity":"","overlay-gradient":""}},"ast-content-background-meta":{"desktop":{"background-color":"var(--ast-global-color-5)","background-image":"","background-repeat":"repeat","background-position":"center center","background-size":"auto","background-attachment":"scroll","background-type":"","background-media":"","overlay-type":"","overlay-color":"","overlay-opacity":"","overlay-gradient":""},"tablet":{"background-color":"var(--ast-global-color-5)","background-image":"","background-repeat":"repeat","background-position":"center center","background-size":"auto","background-attachment":"scroll","background-type":"","background-media":"","overlay-type":"","overlay-color":"","overlay-opacity":"","overlay-gradient":""},"mobile":{"background-color":"var(--ast-global-color-5)","background-image":"","background-repeat":"repeat","background-position":"center center","background-size":"auto","background-attachment":"scroll","background-type":"","background-media":"","overlay-type":"","overlay-color":"","overlay-opacity":"","overlay-gradient":""}}},"product_brand":[],"product_cat":[24,40,102],"product_tag":[],"class_list":{"0":"post-4179","1":"product","2":"type-product","3":"status-publish","4":"has-post-thumbnail","6":"product_cat-flores-de-cbd","7":"product_cat-iguanasmoke","8":"product_cat-packs-y-ofertas","9":"desktop-align-center","10":"tablet-align-left","11":"mobile-align-left","13":"first","14":"instock","15":"sale","16":"taxable","17":"shipping-taxable","18":"purchasable","19":"product-type-composite"},"acf":[],"yoast_head":"<!-- This site is optimized with the Yoast SEO plugin v27.4 - https:\/\/yoast.com\/product\/yoast-seo-wordpress\/ -->\n<title>Pack de Flores de CBD 25u x 2g - THE LYF LABS<\/title>\n<meta name=\"robots\" content=\"index, follow, max-snippet:-1, max-image-preview:large, max-video-preview:-1\" \/>\n<link rel=\"canonical\" href=\"https:\/\/thelyflabs.com\/fr\/product\/pack-de-flores-de-cbd-25-x-2g\/\" \/>\n<meta property=\"og:locale\" content=\"fr_FR\" \/>\n<meta property=\"og:type\" content=\"article\" \/>\n<meta property=\"og:title\" content=\"Pack de Flores de CBD 25u x 2g - THE LYF LABS\" \/>\n<meta property=\"og:description\" content=\"Ahorra 20% con este Pack   CBD: 10-15% \/ THC: &lt; 0,2%  100% legal en Europa  Ahorra 24\u20ac con este pack de Flores de CBD de 2 gramos  Envio gratuito  4\u20ac de Cr\u00e9ditos LYF para tu pr\u00f3xima compra  An\u00e1lisis de calidad: pincha aqu\u00ed\" \/>\n<meta property=\"og:url\" content=\"https:\/\/thelyflabs.com\/fr\/product\/pack-de-flores-de-cbd-25-x-2g\/\" \/>\n<meta property=\"og:site_name\" content=\"THE LYF LABS\" \/>\n<meta property=\"article:modified_time\" content=\"2025-11-26T16:20:52+00:00\" \/>\n<meta property=\"og:image\" content=\"https:\/\/thelyflabs.com\/wp-content\/uploads\/2024\/01\/Pack-Flores-CBD-25x2g.webp\" \/>\n\t<meta property=\"og:image:width\" content=\"500\" \/>\n\t<meta property=\"og:image:height\" content=\"500\" \/>\n\t<meta property=\"og:image:type\" content=\"image\/webp\" \/>\n<meta name=\"twitter:card\" content=\"summary_large_image\" \/>\n<meta name=\"twitter:label1\" content=\"Dur\u00e9e de lecture estim\u00e9e\" \/>\n\t<meta name=\"twitter:data1\" content=\"1 minute\" \/>\n<script type=\"application\/ld+json\" class=\"yoast-schema-graph\">{\"@context\":\"https:\\\/\\\/schema.org\",\"@graph\":[{\"@type\":\"WebPage\",\"@id\":\"https:\\\/\\\/thelyflabs.com\\\/product\\\/pack-de-flores-de-cbd-25-x-2g\",\"url\":\"https:\\\/\\\/thelyflabs.com\\\/product\\\/pack-de-flores-de-cbd-25-x-2g\",\"name\":\"Pack de Flores de CBD 25u x 2g - THE LYF LABS\",\"isPartOf\":{\"@id\":\"https:\\\/\\\/thelyflabs.com\\\/#website\"},\"primaryImageOfPage\":{\"@id\":\"https:\\\/\\\/thelyflabs.com\\\/product\\\/pack-de-flores-de-cbd-25-x-2g#primaryimage\"},\"image\":{\"@id\":\"https:\\\/\\\/thelyflabs.com\\\/product\\\/pack-de-flores-de-cbd-25-x-2g#primaryimage\"},\"thumbnailUrl\":\"https:\\\/\\\/thelyflabs.com\\\/wp-content\\\/uploads\\\/2024\\\/01\\\/Pack-Flores-CBD-25x2g.webp\",\"datePublished\":\"2024-01-05T14:04:14+00:00\",\"dateModified\":\"2025-11-26T16:20:52+00:00\",\"breadcrumb\":{\"@id\":\"https:\\\/\\\/thelyflabs.com\\\/product\\\/pack-de-flores-de-cbd-25-x-2g#breadcrumb\"},\"inLanguage\":\"fr-FR\",\"potentialAction\":[{\"@type\":\"ReadAction\",\"target\":[\"https:\\\/\\\/thelyflabs.com\\\/product\\\/pack-de-flores-de-cbd-25-x-2g\"]}]},{\"@type\":\"ImageObject\",\"inLanguage\":\"fr-FR\",\"@id\":\"https:\\\/\\\/thelyflabs.com\\\/product\\\/pack-de-flores-de-cbd-25-x-2g#primaryimage\",\"url\":\"https:\\\/\\\/thelyflabs.com\\\/wp-content\\\/uploads\\\/2024\\\/01\\\/Pack-Flores-CBD-25x2g.webp\",\"contentUrl\":\"https:\\\/\\\/thelyflabs.com\\\/wp-content\\\/uploads\\\/2024\\\/01\\\/Pack-Flores-CBD-25x2g.webp\",\"width\":500,\"height\":500,\"caption\":\"paquete flores cbd para tiendas x25\"},{\"@type\":\"BreadcrumbList\",\"@id\":\"https:\\\/\\\/thelyflabs.com\\\/product\\\/pack-de-flores-de-cbd-25-x-2g#breadcrumb\",\"itemListElement\":[{\"@type\":\"ListItem\",\"position\":1,\"name\":\"Portada\",\"item\":\"https:\\\/\\\/thelyflabs.com\\\/\"},{\"@type\":\"ListItem\",\"position\":2,\"name\":\"Tienda\",\"item\":\"https:\\\/\\\/thelyflabs.com\\\/tienda\"},{\"@type\":\"ListItem\",\"position\":3,\"name\":\"Pack de Flores de CBD 25u x 2g\"}]},{\"@type\":\"WebSite\",\"@id\":\"https:\\\/\\\/thelyflabs.com\\\/#website\",\"url\":\"https:\\\/\\\/thelyflabs.com\\\/\",\"name\":\"The LYF Labs\",\"description\":\"CBD al por mayor\",\"publisher\":{\"@id\":\"https:\\\/\\\/thelyflabs.com\\\/#organization\"},\"potentialAction\":[{\"@type\":\"SearchAction\",\"target\":{\"@type\":\"EntryPoint\",\"urlTemplate\":\"https:\\\/\\\/thelyflabs.com\\\/?s={search_term_string}\"},\"query-input\":{\"@type\":\"PropertyValueSpecification\",\"valueRequired\":true,\"valueName\":\"search_term_string\"}}],\"inLanguage\":\"fr-FR\"},{\"@type\":\"Organization\",\"@id\":\"https:\\\/\\\/thelyflabs.com\\\/#organization\",\"name\":\"The LYF Labs\",\"url\":\"https:\\\/\\\/thelyflabs.com\\\/\",\"logo\":{\"@type\":\"ImageObject\",\"inLanguage\":\"fr-FR\",\"@id\":\"https:\\\/\\\/thelyflabs.com\\\/#\\\/schema\\\/logo\\\/image\\\/\",\"url\":\"https:\\\/\\\/thelyflabs.com\\\/wp-content\\\/uploads\\\/2023\\\/01\\\/cropped-LogoTheLYFLabs.png\",\"contentUrl\":\"https:\\\/\\\/thelyflabs.com\\\/wp-content\\\/uploads\\\/2023\\\/01\\\/cropped-LogoTheLYFLabs.png\",\"width\":600,\"height\":180,\"caption\":\"The LYF Labs\"},\"image\":{\"@id\":\"https:\\\/\\\/thelyflabs.com\\\/#\\\/schema\\\/logo\\\/image\\\/\"}}]}<\/script>\n<!-- \/ Yoast SEO plugin. -->","yoast_head_json":{"title":"Pack de fleurs de CBD 25 unit\u00e9s x 2 g - THE LYF LABS","robots":{"index":"index","follow":"follow","max-snippet":"max-snippet:-1","max-image-preview":"max-image-preview:large","max-video-preview":"max-video-preview:-1"},"canonical":"https:\/\/thelyflabs.com\/fr\/product\/pack-de-flores-de-cbd-25-x-2g\/","og_locale":"fr_FR","og_type":"article","og_title":"Pack de Flores de CBD 25u x 2g - THE LYF LABS","og_description":"Ahorra 20% con este Pack   CBD: 10-15% \/ THC: &lt; 0,2%  100% legal en Europa  Ahorra 24\u20ac con este pack de Flores de CBD de 2 gramos  Envio gratuito  4\u20ac de Cr\u00e9ditos LYF para tu pr\u00f3xima compra  An\u00e1lisis de calidad: pincha aqu\u00ed","og_url":"https:\/\/thelyflabs.com\/fr\/product\/pack-de-flores-de-cbd-25-x-2g\/","og_site_name":"THE LYF LABS","article_modified_time":"2025-11-26T16:20:52+00:00","og_image":[{"width":500,"height":500,"url":"https:\/\/thelyflabs.com\/wp-content\/uploads\/2024\/01\/Pack-Flores-CBD-25x2g.webp","type":"image\/webp"}],"twitter_card":"summary_large_image","twitter_misc":{"Dur\u00e9e de lecture estim\u00e9e":"1 minute"},"schema":{"@context":"https:\/\/schema.org","@graph":[{"@type":"WebPage","@id":"https:\/\/thelyflabs.com\/product\/pack-de-flores-de-cbd-25-x-2g","url":"https:\/\/thelyflabs.com\/product\/pack-de-flores-de-cbd-25-x-2g","name":"Pack de fleurs de CBD 25 unit\u00e9s x 2 g - THE LYF LABS","isPartOf":{"@id":"https:\/\/thelyflabs.com\/#website"},"primaryImageOfPage":{"@id":"https:\/\/thelyflabs.com\/product\/pack-de-flores-de-cbd-25-x-2g#primaryimage"},"image":{"@id":"https:\/\/thelyflabs.com\/product\/pack-de-flores-de-cbd-25-x-2g#primaryimage"},"thumbnailUrl":"https:\/\/thelyflabs.com\/wp-content\/uploads\/2024\/01\/Pack-Flores-CBD-25x2g.webp","datePublished":"2024-01-05T14:04:14+00:00","dateModified":"2025-11-26T16:20:52+00:00","breadcrumb":{"@id":"https:\/\/thelyflabs.com\/product\/pack-de-flores-de-cbd-25-x-2g#breadcrumb"},"inLanguage":"fr-FR","potentialAction":[{"@type":"ReadAction","target":["https:\/\/thelyflabs.com\/product\/pack-de-flores-de-cbd-25-x-2g"]}]},{"@type":"ImageObject","inLanguage":"fr-FR","@id":"https:\/\/thelyflabs.com\/product\/pack-de-flores-de-cbd-25-x-2g#primaryimage","url":"https:\/\/thelyflabs.com\/wp-content\/uploads\/2024\/01\/Pack-Flores-CBD-25x2g.webp","contentUrl":"https:\/\/thelyflabs.com\/wp-content\/uploads\/2024\/01\/Pack-Flores-CBD-25x2g.webp","width":500,"height":500,"caption":"paquete flores cbd para tiendas x25"},{"@type":"BreadcrumbList","@id":"https:\/\/thelyflabs.com\/product\/pack-de-flores-de-cbd-25-x-2g#breadcrumb","itemListElement":[{"@type":"ListItem","position":1,"name":"Portada","item":"https:\/\/thelyflabs.com\/"},{"@type":"ListItem","position":2,"name":"Tienda","item":"https:\/\/thelyflabs.com\/tienda"},{"@type":"ListItem","position":3,"name":"Pack de Flores de CBD 25u x 2g"}]},{"@type":"WebSite","@id":"https:\/\/thelyflabs.com\/#website","url":"https:\/\/thelyflabs.com\/","name":"Les laboratoires LYF","description":"Vente en gros de CBD","publisher":{"@id":"https:\/\/thelyflabs.com\/#organization"},"potentialAction":[{"@type":"SearchAction","target":{"@type":"EntryPoint","urlTemplate":"https:\/\/thelyflabs.com\/?s={search_term_string}"},"query-input":{"@type":"PropertyValueSpecification","valueRequired":true,"valueName":"search_term_string"}}],"inLanguage":"fr-FR"},{"@type":"Organization","@id":"https:\/\/thelyflabs.com\/#organization","name":"Les laboratoires LYF","url":"https:\/\/thelyflabs.com\/","logo":{"@type":"ImageObject","inLanguage":"fr-FR","@id":"https:\/\/thelyflabs.com\/#\/schema\/logo\/image\/","url":"https:\/\/thelyflabs.com\/wp-content\/uploads\/2023\/01\/cropped-LogoTheLYFLabs.png","contentUrl":"https:\/\/thelyflabs.com\/wp-content\/uploads\/2023\/01\/cropped-LogoTheLYFLabs.png","width":600,"height":180,"caption":"The LYF Labs"},"image":{"@id":"https:\/\/thelyflabs.com\/#\/schema\/logo\/image\/"}}]}},"_links":{"self":[{"href":"https:\/\/thelyflabs.com\/fr\/wp-json\/wp\/v2\/product\/4179","targetHints":{"allow":["GET"]}}],"collection":[{"href":"https:\/\/thelyflabs.com\/fr\/wp-json\/wp\/v2\/product"}],"about":[{"href":"https:\/\/thelyflabs.com\/fr\/wp-json\/wp\/v2\/types\/product"}],"replies":[{"embeddable":true,"href":"https:\/\/thelyflabs.com\/fr\/wp-json\/wp\/v2\/comments?post=4179"}],"wp:featuredmedia":[{"embeddable":true,"href":"https:\/\/thelyflabs.com\/fr\/wp-json\/wp\/v2\/media\/5205"}],"wp:attachment":[{"href":"https:\/\/thelyflabs.com\/fr\/wp-json\/wp\/v2\/media?parent=4179"}],"wp:term":[{"taxonomy":"product_brand","embeddable":true,"href":"https:\/\/thelyflabs.com\/fr\/wp-json\/wp\/v2\/product_brand?post=4179"},{"taxonomy":"product_cat","embeddable":true,"href":"https:\/\/thelyflabs.com\/fr\/wp-json\/wp\/v2\/product_cat?post=4179"},{"taxonomy":"product_tag","embeddable":true,"href":"https:\/\/thelyflabs.com\/fr\/wp-json\/wp\/v2\/product_tag?post=4179"}],"curies":[{"name":"wp","href":"https:\/\/api.w.org\/{rel}","templated":true}]}}