{"id":439,"date":"2023-02-01T14:41:40","date_gmt":"2023-02-01T14:41:40","guid":{"rendered":"https:\/\/thelyflabs.com\/?post_type=product&#038;p=439"},"modified":"2026-01-20T12:23:02","modified_gmt":"2026-01-20T11:23:02","slug":"pack-de-5-pre-rolls-x-0-5-gr","status":"publish","type":"product","link":"https:\/\/thelyflabs.com\/fr\/product\/pack-de-5-pre-rolls-x-0-5-gr","title":{"rendered":"Pack de 5 Pr\u00e9 Rouleaux x 0,5 gr"},"content":{"rendered":"<p>Pour nos c\u00f4nes CBD, nous utilisons des papiers bruts et biologiques sans colorants ni additifs.<\/p>\n<p style=\"text-align: justify\">Les fleurs de CBD Iguana Smoke sont r\u00e9colt\u00e9es en Espagne de mani\u00e8re biologique 100%, sans pesticides ni OGM.<\/p>\n<p style=\"text-align: justify\">Toutes les fleurs d&#039;Iguana Smoke sont l\u00e9gales 100% car elles sont r\u00e9colt\u00e9es \u00e0 partir de plantes de Cannabis Sativa approuv\u00e9es par l&#039;Union europ\u00e9enne et contiennent moins de 0,2% de THC, elles n&#039;ont donc aucun effet psychoactif.<\/p>","protected":false},"excerpt":{"rendered":"<p>Pack de 5 pr\u00e9-rouleaux de 0,5 gramme chacun<\/p>\n<p style=\"text-align: justify\">Les c\u00f4nes Iguana Smoke sont fabriqu\u00e9s avec de vraies fleurs de notre vari\u00e9t\u00e9 Gelato.<\/p>\n<p>Nous n&#039;utilisons pas de garnitures ni de m\u00e9langes de vari\u00e9t\u00e9s<\/p>\n<p>Dominante Sativa<\/p>\n<p>Ar\u00f4me fort avec des tons doux<\/p>\n<p style=\"text-align: justify\">Quantit\u00e9 approximative de fleurs : 2,5 grammes<\/p>\n<p style=\"text-align: justify\">CBD : 15% \/ THC : &lt; 0,2%<\/p>\n<p style=\"text-align: justify\">100% l\u00e9gal en Europe<\/p>\n<p>Analyse qualit\u00e9 : cliquez <a href=\"https:\/\/iguanasmoke.com\/wp-content\/uploads\/2018\/02\/Pre-Rolls-de-CBD.pdf\" target=\"_blank\" rel=\"noopener\">ici<\/a><\/p>","protected":false},"featured_media":7892,"comment_status":"open","ping_status":"closed","template":"","meta":{"_acf_changed":false,"site-sidebar-layout":"default","site-content-layout":"default","ast-site-content-layout":"default","site-content-style":"default","site-sidebar-style":"default","ast-global-header-display":"","ast-banner-title-visibility":"","ast-main-header-display":"","ast-hfb-above-header-display":"","ast-hfb-below-header-display":"","ast-hfb-mobile-header-display":"","site-post-title":"","ast-breadcrumbs-content":"","ast-featured-img":"","footer-sml-layout":"","theme-transparent-header-meta":"default","adv-header-id-meta":"","stick-header-meta":"","header-above-stick-meta":"","header-main-stick-meta":"","header-below-stick-meta":"","astra-migrate-meta-layouts":"set","ast-page-background-enabled":"default","ast-page-background-meta":{"desktop":{"background-color":"var(--ast-global-color-4)","background-image":"","background-repeat":"repeat","background-position":"center center","background-size":"auto","background-attachment":"scroll","background-type":"","background-media":"","overlay-type":"","overlay-color":"","overlay-opacity":"","overlay-gradient":""},"tablet":{"background-color":"","background-image":"","background-repeat":"repeat","background-position":"center center","background-size":"auto","background-attachment":"scroll","background-type":"","background-media":"","overlay-type":"","overlay-color":"","overlay-opacity":"","overlay-gradient":""},"mobile":{"background-color":"","background-image":"","background-repeat":"repeat","background-position":"center center","background-size":"auto","background-attachment":"scroll","background-type":"","background-media":"","overlay-type":"","overlay-color":"","overlay-opacity":"","overlay-gradient":""}},"ast-content-background-meta":{"desktop":{"background-color":"var(--ast-global-color-5)","background-image":"","background-repeat":"repeat","background-position":"center center","background-size":"auto","background-attachment":"scroll","background-type":"","background-media":"","overlay-type":"","overlay-color":"","overlay-opacity":"","overlay-gradient":""},"tablet":{"background-color":"var(--ast-global-color-5)","background-image":"","background-repeat":"repeat","background-position":"center center","background-size":"auto","background-attachment":"scroll","background-type":"","background-media":"","overlay-type":"","overlay-color":"","overlay-opacity":"","overlay-gradient":""},"mobile":{"background-color":"var(--ast-global-color-5)","background-image":"","background-repeat":"repeat","background-position":"center center","background-size":"auto","background-attachment":"scroll","background-type":"","background-media":"","overlay-type":"","overlay-color":"","overlay-opacity":"","overlay-gradient":""}}},"product_brand":[],"product_cat":[40,27],"product_tag":[],"class_list":{"0":"post-439","1":"product","2":"type-product","3":"status-publish","4":"has-post-thumbnail","6":"product_cat-iguanasmoke","7":"product_cat-pre-rolls","8":"desktop-align-center","9":"tablet-align-left","10":"mobile-align-left","12":"first","13":"instock","14":"taxable","15":"shipping-taxable","16":"purchasable","17":"product-type-simple"},"acf":[],"yoast_head":"<!-- This site is optimized with the Yoast SEO plugin v27.4 - https:\/\/yoast.com\/product\/yoast-seo-wordpress\/ -->\n<title>Pack de 5 Pre Rolls x 0.5 gr - THE LYF LABS<\/title>\n<meta name=\"robots\" content=\"index, follow, max-snippet:-1, max-image-preview:large, max-video-preview:-1\" \/>\n<link rel=\"canonical\" href=\"https:\/\/thelyflabs.com\/fr\/product\/pack-de-5-pre-rolls-x-0-5-gr\/\" \/>\n<meta property=\"og:locale\" content=\"fr_FR\" \/>\n<meta property=\"og:type\" content=\"article\" \/>\n<meta property=\"og:title\" content=\"Pack de 5 Pre Rolls x 0.5 gr - THE LYF LABS\" \/>\n<meta property=\"og:description\" content=\"Pack de 5 Pre Rolls de 0,5 gramos cada uno Los conos Iguana Smoke est\u00e1n hechos con aut\u00e9nticas flores de nuestra variedad Gelato. No usamos trim ni mezclamos las variedades  Dominante Sativa  Aroma fuerte con tonos dulces Cantidad de flores aproximada: 2,5 gramos CBD: 15% \/ THC: &lt; 0,2% 100% legal en Europa An\u00e1lisis de calidad: pincha aqu\u00ed\" \/>\n<meta property=\"og:url\" content=\"https:\/\/thelyflabs.com\/fr\/product\/pack-de-5-pre-rolls-x-0-5-gr\/\" \/>\n<meta property=\"og:site_name\" content=\"THE LYF LABS\" \/>\n<meta property=\"article:modified_time\" content=\"2026-01-20T11:23:02+00:00\" \/>\n<meta property=\"og:image\" content=\"https:\/\/thelyflabs.com\/wp-content\/uploads\/2023\/02\/mockup-pre-roll-box-con.webp\" \/>\n\t<meta property=\"og:image:width\" content=\"1000\" \/>\n\t<meta property=\"og:image:height\" content=\"1000\" \/>\n\t<meta property=\"og:image:type\" content=\"image\/webp\" \/>\n<meta name=\"twitter:card\" content=\"summary_large_image\" \/>\n<meta name=\"twitter:label1\" content=\"Dur\u00e9e de lecture estim\u00e9e\" \/>\n\t<meta name=\"twitter:data1\" content=\"2 minutes\" \/>\n<script type=\"application\/ld+json\" class=\"yoast-schema-graph\">{\"@context\":\"https:\\\/\\\/schema.org\",\"@graph\":[{\"@type\":\"WebPage\",\"@id\":\"https:\\\/\\\/thelyflabs.com\\\/product\\\/pack-de-5-pre-rolls-x-0-5-gr\",\"url\":\"https:\\\/\\\/thelyflabs.com\\\/product\\\/pack-de-5-pre-rolls-x-0-5-gr\",\"name\":\"Pack de 5 Pre Rolls x 0.5 gr - THE LYF LABS\",\"isPartOf\":{\"@id\":\"https:\\\/\\\/thelyflabs.com\\\/#website\"},\"primaryImageOfPage\":{\"@id\":\"https:\\\/\\\/thelyflabs.com\\\/product\\\/pack-de-5-pre-rolls-x-0-5-gr#primaryimage\"},\"image\":{\"@id\":\"https:\\\/\\\/thelyflabs.com\\\/product\\\/pack-de-5-pre-rolls-x-0-5-gr#primaryimage\"},\"thumbnailUrl\":\"https:\\\/\\\/thelyflabs.com\\\/wp-content\\\/uploads\\\/2023\\\/02\\\/mockup-pre-roll-box-con.webp\",\"datePublished\":\"2023-02-01T14:41:40+00:00\",\"dateModified\":\"2026-01-20T11:23:02+00:00\",\"breadcrumb\":{\"@id\":\"https:\\\/\\\/thelyflabs.com\\\/product\\\/pack-de-5-pre-rolls-x-0-5-gr#breadcrumb\"},\"inLanguage\":\"fr-FR\",\"potentialAction\":[{\"@type\":\"ReadAction\",\"target\":[\"https:\\\/\\\/thelyflabs.com\\\/product\\\/pack-de-5-pre-rolls-x-0-5-gr\"]}]},{\"@type\":\"ImageObject\",\"inLanguage\":\"fr-FR\",\"@id\":\"https:\\\/\\\/thelyflabs.com\\\/product\\\/pack-de-5-pre-rolls-x-0-5-gr#primaryimage\",\"url\":\"https:\\\/\\\/thelyflabs.com\\\/wp-content\\\/uploads\\\/2023\\\/02\\\/mockup-pre-roll-box-con.webp\",\"contentUrl\":\"https:\\\/\\\/thelyflabs.com\\\/wp-content\\\/uploads\\\/2023\\\/02\\\/mockup-pre-roll-box-con.webp\",\"width\":1000,\"height\":1000,\"caption\":\"pre roll cbd barato\"},{\"@type\":\"BreadcrumbList\",\"@id\":\"https:\\\/\\\/thelyflabs.com\\\/product\\\/pack-de-5-pre-rolls-x-0-5-gr#breadcrumb\",\"itemListElement\":[{\"@type\":\"ListItem\",\"position\":1,\"name\":\"Portada\",\"item\":\"https:\\\/\\\/thelyflabs.com\\\/\"},{\"@type\":\"ListItem\",\"position\":2,\"name\":\"Tienda\",\"item\":\"https:\\\/\\\/thelyflabs.com\\\/tienda\"},{\"@type\":\"ListItem\",\"position\":3,\"name\":\"Pack de 5 Pre Rolls x 0.5 gr\"}]},{\"@type\":\"WebSite\",\"@id\":\"https:\\\/\\\/thelyflabs.com\\\/#website\",\"url\":\"https:\\\/\\\/thelyflabs.com\\\/\",\"name\":\"The LYF Labs\",\"description\":\"CBD al por mayor\",\"publisher\":{\"@id\":\"https:\\\/\\\/thelyflabs.com\\\/#organization\"},\"potentialAction\":[{\"@type\":\"SearchAction\",\"target\":{\"@type\":\"EntryPoint\",\"urlTemplate\":\"https:\\\/\\\/thelyflabs.com\\\/?s={search_term_string}\"},\"query-input\":{\"@type\":\"PropertyValueSpecification\",\"valueRequired\":true,\"valueName\":\"search_term_string\"}}],\"inLanguage\":\"fr-FR\"},{\"@type\":\"Organization\",\"@id\":\"https:\\\/\\\/thelyflabs.com\\\/#organization\",\"name\":\"The LYF Labs\",\"url\":\"https:\\\/\\\/thelyflabs.com\\\/\",\"logo\":{\"@type\":\"ImageObject\",\"inLanguage\":\"fr-FR\",\"@id\":\"https:\\\/\\\/thelyflabs.com\\\/#\\\/schema\\\/logo\\\/image\\\/\",\"url\":\"https:\\\/\\\/thelyflabs.com\\\/wp-content\\\/uploads\\\/2023\\\/01\\\/cropped-LogoTheLYFLabs.png\",\"contentUrl\":\"https:\\\/\\\/thelyflabs.com\\\/wp-content\\\/uploads\\\/2023\\\/01\\\/cropped-LogoTheLYFLabs.png\",\"width\":600,\"height\":180,\"caption\":\"The LYF Labs\"},\"image\":{\"@id\":\"https:\\\/\\\/thelyflabs.com\\\/#\\\/schema\\\/logo\\\/image\\\/\"}}]}<\/script>\n<!-- \/ Yoast SEO plugin. -->","yoast_head_json":{"title":"Pack de 5 pr\u00e9-roul\u00e9s x 0,5 gr - THE LYF LABS","robots":{"index":"index","follow":"follow","max-snippet":"max-snippet:-1","max-image-preview":"max-image-preview:large","max-video-preview":"max-video-preview:-1"},"canonical":"https:\/\/thelyflabs.com\/fr\/product\/pack-de-5-pre-rolls-x-0-5-gr\/","og_locale":"fr_FR","og_type":"article","og_title":"Pack de 5 Pre Rolls x 0.5 gr - THE LYF LABS","og_description":"Pack de 5 Pre Rolls de 0,5 gramos cada uno Los conos Iguana Smoke est\u00e1n hechos con aut\u00e9nticas flores de nuestra variedad Gelato. No usamos trim ni mezclamos las variedades  Dominante Sativa  Aroma fuerte con tonos dulces Cantidad de flores aproximada: 2,5 gramos CBD: 15% \/ THC: &lt; 0,2% 100% legal en Europa An\u00e1lisis de calidad: pincha aqu\u00ed","og_url":"https:\/\/thelyflabs.com\/fr\/product\/pack-de-5-pre-rolls-x-0-5-gr\/","og_site_name":"THE LYF LABS","article_modified_time":"2026-01-20T11:23:02+00:00","og_image":[{"width":1000,"height":1000,"url":"https:\/\/thelyflabs.com\/wp-content\/uploads\/2023\/02\/mockup-pre-roll-box-con.webp","type":"image\/webp"}],"twitter_card":"summary_large_image","twitter_misc":{"Dur\u00e9e de lecture estim\u00e9e":"2 minutes"},"schema":{"@context":"https:\/\/schema.org","@graph":[{"@type":"WebPage","@id":"https:\/\/thelyflabs.com\/product\/pack-de-5-pre-rolls-x-0-5-gr","url":"https:\/\/thelyflabs.com\/product\/pack-de-5-pre-rolls-x-0-5-gr","name":"Pack de 5 pr\u00e9-roul\u00e9s x 0,5 gr - THE LYF LABS","isPartOf":{"@id":"https:\/\/thelyflabs.com\/#website"},"primaryImageOfPage":{"@id":"https:\/\/thelyflabs.com\/product\/pack-de-5-pre-rolls-x-0-5-gr#primaryimage"},"image":{"@id":"https:\/\/thelyflabs.com\/product\/pack-de-5-pre-rolls-x-0-5-gr#primaryimage"},"thumbnailUrl":"https:\/\/thelyflabs.com\/wp-content\/uploads\/2023\/02\/mockup-pre-roll-box-con.webp","datePublished":"2023-02-01T14:41:40+00:00","dateModified":"2026-01-20T11:23:02+00:00","breadcrumb":{"@id":"https:\/\/thelyflabs.com\/product\/pack-de-5-pre-rolls-x-0-5-gr#breadcrumb"},"inLanguage":"fr-FR","potentialAction":[{"@type":"ReadAction","target":["https:\/\/thelyflabs.com\/product\/pack-de-5-pre-rolls-x-0-5-gr"]}]},{"@type":"ImageObject","inLanguage":"fr-FR","@id":"https:\/\/thelyflabs.com\/product\/pack-de-5-pre-rolls-x-0-5-gr#primaryimage","url":"https:\/\/thelyflabs.com\/wp-content\/uploads\/2023\/02\/mockup-pre-roll-box-con.webp","contentUrl":"https:\/\/thelyflabs.com\/wp-content\/uploads\/2023\/02\/mockup-pre-roll-box-con.webp","width":1000,"height":1000,"caption":"pre roll cbd barato"},{"@type":"BreadcrumbList","@id":"https:\/\/thelyflabs.com\/product\/pack-de-5-pre-rolls-x-0-5-gr#breadcrumb","itemListElement":[{"@type":"ListItem","position":1,"name":"Portada","item":"https:\/\/thelyflabs.com\/"},{"@type":"ListItem","position":2,"name":"Tienda","item":"https:\/\/thelyflabs.com\/tienda"},{"@type":"ListItem","position":3,"name":"Pack de 5 Pre Rolls x 0.5 gr"}]},{"@type":"WebSite","@id":"https:\/\/thelyflabs.com\/#website","url":"https:\/\/thelyflabs.com\/","name":"Les laboratoires LYF","description":"Vente en gros de CBD","publisher":{"@id":"https:\/\/thelyflabs.com\/#organization"},"potentialAction":[{"@type":"SearchAction","target":{"@type":"EntryPoint","urlTemplate":"https:\/\/thelyflabs.com\/?s={search_term_string}"},"query-input":{"@type":"PropertyValueSpecification","valueRequired":true,"valueName":"search_term_string"}}],"inLanguage":"fr-FR"},{"@type":"Organization","@id":"https:\/\/thelyflabs.com\/#organization","name":"Les laboratoires LYF","url":"https:\/\/thelyflabs.com\/","logo":{"@type":"ImageObject","inLanguage":"fr-FR","@id":"https:\/\/thelyflabs.com\/#\/schema\/logo\/image\/","url":"https:\/\/thelyflabs.com\/wp-content\/uploads\/2023\/01\/cropped-LogoTheLYFLabs.png","contentUrl":"https:\/\/thelyflabs.com\/wp-content\/uploads\/2023\/01\/cropped-LogoTheLYFLabs.png","width":600,"height":180,"caption":"The LYF Labs"},"image":{"@id":"https:\/\/thelyflabs.com\/#\/schema\/logo\/image\/"}}]}},"_links":{"self":[{"href":"https:\/\/thelyflabs.com\/fr\/wp-json\/wp\/v2\/product\/439","targetHints":{"allow":["GET"]}}],"collection":[{"href":"https:\/\/thelyflabs.com\/fr\/wp-json\/wp\/v2\/product"}],"about":[{"href":"https:\/\/thelyflabs.com\/fr\/wp-json\/wp\/v2\/types\/product"}],"replies":[{"embeddable":true,"href":"https:\/\/thelyflabs.com\/fr\/wp-json\/wp\/v2\/comments?post=439"}],"wp:featuredmedia":[{"embeddable":true,"href":"https:\/\/thelyflabs.com\/fr\/wp-json\/wp\/v2\/media\/7892"}],"wp:attachment":[{"href":"https:\/\/thelyflabs.com\/fr\/wp-json\/wp\/v2\/media?parent=439"}],"wp:term":[{"taxonomy":"product_brand","embeddable":true,"href":"https:\/\/thelyflabs.com\/fr\/wp-json\/wp\/v2\/product_brand?post=439"},{"taxonomy":"product_cat","embeddable":true,"href":"https:\/\/thelyflabs.com\/fr\/wp-json\/wp\/v2\/product_cat?post=439"},{"taxonomy":"product_tag","embeddable":true,"href":"https:\/\/thelyflabs.com\/fr\/wp-json\/wp\/v2\/product_tag?post=439"}],"curies":[{"name":"wp","href":"https:\/\/api.w.org\/{rel}","templated":true}]}}