{"id":478,"date":"2023-02-01T15:51:23","date_gmt":"2023-02-01T15:51:23","guid":{"rendered":"https:\/\/thelyflabs.com\/?post_type=product&#038;p=478"},"modified":"2026-01-20T12:46:33","modified_gmt":"2026-01-20T11:46:33","slug":"pop-corn-sour-tsunami-cbd-15gr","status":"publish","type":"product","link":"https:\/\/thelyflabs.com\/fr\/product\/pop-corn-sour-tsunami-cbd-15gr","title":{"rendered":"Pop Corn Sour Tsunami CBD 15gr"},"content":{"rendered":"<h1 data-start=\"519\" data-end=\"582\">Popcorn Sour Tsunami CBD 15 g\u00a0: Mini-bourgeons compacts et puissants<\/h1>\n<p data-start=\"584\" data-end=\"813\">Vous cherchez des fleurs de CBD l\u00e9gales et de haute qualit\u00e9\u00a0? Chez Iguana Smoke, nous proposons du Pop Corn Sour Tsunami CBD 15\u00a0g, des mini-t\u00eates s\u00e9lectionn\u00e9es pour leur forte concentration en CBD et leur ar\u00f4me d&#039;agrumes aux notes terreuses et diesel.<\/p>\n<p data-start=\"815\" data-end=\"947\">Ce format compact est id\u00e9al pour ceux qui souhaitent d\u00e9couvrir une qualit\u00e9 premium \u00e0 un prix abordable, sans sacrifier la puissance ou l&#039;ar\u00f4me.<\/p>\n<h2 data-start=\"949\" data-end=\"973\">Caract\u00e9ristiques principales<\/h2>\n<ul data-start=\"975\" data-end=\"1178\">\n<li data-start=\"975\" data-end=\"1012\">\n<p data-start=\"977\" data-end=\"1012\">Format : Mini Buds (Pop Corn)<\/p>\n<\/li>\n<li data-start=\"1013\" data-end=\"1043\">\n<p data-start=\"1015\" data-end=\"1043\">G\u00e9n\u00e9tique : Sour Tsunami<\/p>\n<\/li>\n<li data-start=\"1044\" data-end=\"1067\">\n<p data-start=\"1046\" data-end=\"1067\">CBD : 15% environ.<\/p>\n<\/li>\n<li data-start=\"1068\" data-end=\"1105\">\n<p data-start=\"1070\" data-end=\"1105\">THC : &lt; 0,2% (l\u00e9gal en Espagne)<\/p>\n<\/li>\n<li data-start=\"1106\" data-end=\"1137\">\n<p data-start=\"1108\" data-end=\"1137\">Ar\u00f4me : Agrumes et herbac\u00e9<\/p>\n<\/li>\n<li data-start=\"1138\" data-end=\"1178\">\n<p data-start=\"1140\" data-end=\"1178\">Culture : Biologique, sans produits chimiques<\/p>\n<\/li>\n<\/ul>\n<h2 data-start=\"1180\" data-end=\"1210\">L\u00e9gal, s\u00fbr et certifi\u00e9<\/h2>\n<p data-start=\"1212\" data-end=\"1445\">Ce produit est conforme aux r\u00e9glementations en vigueur en Espagne et dans l&#039;UE. Cultiv\u00e9 \u00e0 partir de semences certifi\u00e9es, sans pesticides et test\u00e9 en laboratoire. Chez Iguana Smoke, nous garantissons tra\u00e7abilit\u00e9, analyses et exp\u00e9dition rapide et discr\u00e8te.<\/p>\n<p data-start=\"1452\" data-end=\"1608\" data-is-last-node=\"\" data-is-only-node=\"\">Achetez Pop Corn Sour Tsunami CBD 15g maintenant et d\u00e9couvrez une exp\u00e9rience l\u00e9gale, aromatique et fiable avec les meilleurs mini bourgeons CBD du march\u00e9.<\/p>","protected":false},"excerpt":{"rendered":"<p>CBD : 15% \/ THC : &lt; 0,2%<\/p>\n<p>Petits bourgeons (Mini Buds)<\/p>\n<p>Dominante Sativa<\/p>\n<p>Ar\u00f4me fort avec des tons doux<\/p>\n<p>100% l\u00e9gal en Europe<\/p>\n<p>Analyse qualit\u00e9 : cliquez <a href=\"https:\/\/iguanasmoke.com\/wp-content\/uploads\/2018\/02\/Flor-Sour-Tsunami.pdf\" target=\"_blank\" rel=\"noopener\">ici<\/a><\/p>","protected":false},"featured_media":8109,"comment_status":"open","ping_status":"closed","template":"","meta":{"_acf_changed":false,"site-sidebar-layout":"default","site-content-layout":"default","ast-site-content-layout":"default","site-content-style":"default","site-sidebar-style":"default","ast-global-header-display":"","ast-banner-title-visibility":"","ast-main-header-display":"","ast-hfb-above-header-display":"","ast-hfb-below-header-display":"","ast-hfb-mobile-header-display":"","site-post-title":"","ast-breadcrumbs-content":"","ast-featured-img":"","footer-sml-layout":"","theme-transparent-header-meta":"default","adv-header-id-meta":"","stick-header-meta":"","header-above-stick-meta":"","header-main-stick-meta":"","header-below-stick-meta":"","astra-migrate-meta-layouts":"set","ast-page-background-enabled":"default","ast-page-background-meta":{"desktop":{"background-color":"var(--ast-global-color-4)","background-image":"","background-repeat":"repeat","background-position":"center center","background-size":"auto","background-attachment":"scroll","background-type":"","background-media":"","overlay-type":"","overlay-color":"","overlay-opacity":"","overlay-gradient":""},"tablet":{"background-color":"","background-image":"","background-repeat":"repeat","background-position":"center center","background-size":"auto","background-attachment":"scroll","background-type":"","background-media":"","overlay-type":"","overlay-color":"","overlay-opacity":"","overlay-gradient":""},"mobile":{"background-color":"","background-image":"","background-repeat":"repeat","background-position":"center center","background-size":"auto","background-attachment":"scroll","background-type":"","background-media":"","overlay-type":"","overlay-color":"","overlay-opacity":"","overlay-gradient":""}},"ast-content-background-meta":{"desktop":{"background-color":"var(--ast-global-color-5)","background-image":"","background-repeat":"repeat","background-position":"center center","background-size":"auto","background-attachment":"scroll","background-type":"","background-media":"","overlay-type":"","overlay-color":"","overlay-opacity":"","overlay-gradient":""},"tablet":{"background-color":"var(--ast-global-color-5)","background-image":"","background-repeat":"repeat","background-position":"center center","background-size":"auto","background-attachment":"scroll","background-type":"","background-media":"","overlay-type":"","overlay-color":"","overlay-opacity":"","overlay-gradient":""},"mobile":{"background-color":"var(--ast-global-color-5)","background-image":"","background-repeat":"repeat","background-position":"center center","background-size":"auto","background-attachment":"scroll","background-type":"","background-media":"","overlay-type":"","overlay-color":"","overlay-opacity":"","overlay-gradient":""}}},"product_brand":[],"product_cat":[24,40,110],"product_tag":[],"class_list":{"0":"post-478","1":"product","2":"type-product","3":"status-publish","4":"has-post-thumbnail","6":"product_cat-flores-de-cbd","7":"product_cat-iguanasmoke","8":"product_cat-pop-corn-mini-buds","9":"desktop-align-center","10":"tablet-align-left","11":"mobile-align-left","13":"first","14":"instock","15":"taxable","16":"shipping-taxable","17":"purchasable","18":"product-type-simple"},"acf":[],"yoast_head":"<!-- This site is optimized with the Yoast SEO plugin v27.4 - https:\/\/yoast.com\/product\/yoast-seo-wordpress\/ -->\n<title>Comprar Pop Corn Sour Tsunami CBD 15g | Mini Buds con 15% CBD<\/title>\n<meta name=\"description\" content=\"Compra Pop Corn Sour Tsunami CBD 15g en Iguana Smoke. Mini cogollos legales, compactos y potentes. Env\u00edo 24\/48h a toda Espa\u00f1a. CBD 15%, THC &lt; 0,2%.\" \/>\n<meta name=\"robots\" content=\"index, follow, max-snippet:-1, max-image-preview:large, max-video-preview:-1\" \/>\n<link rel=\"canonical\" href=\"https:\/\/thelyflabs.com\/fr\/product\/pop-corn-sour-tsunami-cbd-15gr\/\" \/>\n<meta property=\"og:locale\" content=\"fr_FR\" \/>\n<meta property=\"og:type\" content=\"article\" \/>\n<meta property=\"og:title\" content=\"Comprar Pop Corn Sour Tsunami CBD 15g | Mini Buds con 15% CBD\" \/>\n<meta property=\"og:description\" content=\"Compra Pop Corn Sour Tsunami CBD 15g en Iguana Smoke. Mini cogollos legales, compactos y potentes. Env\u00edo 24\/48h a toda Espa\u00f1a. CBD 15%, THC &lt; 0,2%.\" \/>\n<meta property=\"og:url\" content=\"https:\/\/thelyflabs.com\/fr\/product\/pop-corn-sour-tsunami-cbd-15gr\/\" \/>\n<meta property=\"og:site_name\" content=\"THE LYF LABS\" \/>\n<meta property=\"article:modified_time\" content=\"2026-01-20T11:46:33+00:00\" \/>\n<meta property=\"og:image\" content=\"https:\/\/thelyflabs.com\/wp-content\/uploads\/2023\/02\/Pop-corn-negativo-15g-con-mini-buds.webp\" \/>\n\t<meta property=\"og:image:width\" content=\"1000\" \/>\n\t<meta property=\"og:image:height\" content=\"1000\" \/>\n\t<meta property=\"og:image:type\" content=\"image\/webp\" \/>\n<meta name=\"twitter:card\" content=\"summary_large_image\" \/>\n<meta name=\"twitter:label1\" content=\"Dur\u00e9e de lecture estim\u00e9e\" \/>\n\t<meta name=\"twitter:data1\" content=\"2 minutes\" \/>\n<script type=\"application\/ld+json\" class=\"yoast-schema-graph\">{\"@context\":\"https:\\\/\\\/schema.org\",\"@graph\":[{\"@type\":\"WebPage\",\"@id\":\"https:\\\/\\\/thelyflabs.com\\\/product\\\/pop-corn-sour-tsunami-cbd-15gr\",\"url\":\"https:\\\/\\\/thelyflabs.com\\\/product\\\/pop-corn-sour-tsunami-cbd-15gr\",\"name\":\"Comprar Pop Corn Sour Tsunami CBD 15g | Mini Buds con 15% CBD\",\"isPartOf\":{\"@id\":\"https:\\\/\\\/thelyflabs.com\\\/#website\"},\"primaryImageOfPage\":{\"@id\":\"https:\\\/\\\/thelyflabs.com\\\/product\\\/pop-corn-sour-tsunami-cbd-15gr#primaryimage\"},\"image\":{\"@id\":\"https:\\\/\\\/thelyflabs.com\\\/product\\\/pop-corn-sour-tsunami-cbd-15gr#primaryimage\"},\"thumbnailUrl\":\"https:\\\/\\\/thelyflabs.com\\\/wp-content\\\/uploads\\\/2023\\\/02\\\/Pop-corn-negativo-15g-con-mini-buds.webp\",\"datePublished\":\"2023-02-01T15:51:23+00:00\",\"dateModified\":\"2026-01-20T11:46:33+00:00\",\"description\":\"Compra Pop Corn Sour Tsunami CBD 15g en Iguana Smoke. Mini cogollos legales, compactos y potentes. Env\u00edo 24\\\/48h a toda Espa\u00f1a. CBD 15%, THC &lt; 0,2%.\",\"breadcrumb\":{\"@id\":\"https:\\\/\\\/thelyflabs.com\\\/product\\\/pop-corn-sour-tsunami-cbd-15gr#breadcrumb\"},\"inLanguage\":\"fr-FR\",\"potentialAction\":[{\"@type\":\"ReadAction\",\"target\":[\"https:\\\/\\\/thelyflabs.com\\\/product\\\/pop-corn-sour-tsunami-cbd-15gr\"]}]},{\"@type\":\"ImageObject\",\"inLanguage\":\"fr-FR\",\"@id\":\"https:\\\/\\\/thelyflabs.com\\\/product\\\/pop-corn-sour-tsunami-cbd-15gr#primaryimage\",\"url\":\"https:\\\/\\\/thelyflabs.com\\\/wp-content\\\/uploads\\\/2023\\\/02\\\/Pop-corn-negativo-15g-con-mini-buds.webp\",\"contentUrl\":\"https:\\\/\\\/thelyflabs.com\\\/wp-content\\\/uploads\\\/2023\\\/02\\\/Pop-corn-negativo-15g-con-mini-buds.webp\",\"width\":1000,\"height\":1000,\"caption\":\"pop corn 15g\"},{\"@type\":\"BreadcrumbList\",\"@id\":\"https:\\\/\\\/thelyflabs.com\\\/product\\\/pop-corn-sour-tsunami-cbd-15gr#breadcrumb\",\"itemListElement\":[{\"@type\":\"ListItem\",\"position\":1,\"name\":\"Portada\",\"item\":\"https:\\\/\\\/thelyflabs.com\\\/\"},{\"@type\":\"ListItem\",\"position\":2,\"name\":\"Tienda\",\"item\":\"https:\\\/\\\/thelyflabs.com\\\/tienda\"},{\"@type\":\"ListItem\",\"position\":3,\"name\":\"Pop Corn Sour Tsunami CBD 15gr\"}]},{\"@type\":\"WebSite\",\"@id\":\"https:\\\/\\\/thelyflabs.com\\\/#website\",\"url\":\"https:\\\/\\\/thelyflabs.com\\\/\",\"name\":\"The LYF Labs\",\"description\":\"CBD al por mayor\",\"publisher\":{\"@id\":\"https:\\\/\\\/thelyflabs.com\\\/#organization\"},\"potentialAction\":[{\"@type\":\"SearchAction\",\"target\":{\"@type\":\"EntryPoint\",\"urlTemplate\":\"https:\\\/\\\/thelyflabs.com\\\/?s={search_term_string}\"},\"query-input\":{\"@type\":\"PropertyValueSpecification\",\"valueRequired\":true,\"valueName\":\"search_term_string\"}}],\"inLanguage\":\"fr-FR\"},{\"@type\":\"Organization\",\"@id\":\"https:\\\/\\\/thelyflabs.com\\\/#organization\",\"name\":\"The LYF Labs\",\"url\":\"https:\\\/\\\/thelyflabs.com\\\/\",\"logo\":{\"@type\":\"ImageObject\",\"inLanguage\":\"fr-FR\",\"@id\":\"https:\\\/\\\/thelyflabs.com\\\/#\\\/schema\\\/logo\\\/image\\\/\",\"url\":\"https:\\\/\\\/thelyflabs.com\\\/wp-content\\\/uploads\\\/2023\\\/01\\\/cropped-LogoTheLYFLabs.png\",\"contentUrl\":\"https:\\\/\\\/thelyflabs.com\\\/wp-content\\\/uploads\\\/2023\\\/01\\\/cropped-LogoTheLYFLabs.png\",\"width\":600,\"height\":180,\"caption\":\"The LYF Labs\"},\"image\":{\"@id\":\"https:\\\/\\\/thelyflabs.com\\\/#\\\/schema\\\/logo\\\/image\\\/\"}}]}<\/script>\n<!-- \/ Yoast SEO plugin. -->","yoast_head_json":{"title":"Achetez du Pop Corn Sour Tsunami CBD 15 g | Mini-bourgeons au CBD 15%","description":"Achetez du Popcorn Sour Tsunami CBD 15 g chez Iguana Smoke. Mini-t\u00eates l\u00e9gales, compactes et puissantes. Livraison 24\/48 h dans toute l&#039;Espagne. CBD 15%, THC &lt; 0,2%.","robots":{"index":"index","follow":"follow","max-snippet":"max-snippet:-1","max-image-preview":"max-image-preview:large","max-video-preview":"max-video-preview:-1"},"canonical":"https:\/\/thelyflabs.com\/fr\/product\/pop-corn-sour-tsunami-cbd-15gr\/","og_locale":"fr_FR","og_type":"article","og_title":"Comprar Pop Corn Sour Tsunami CBD 15g | Mini Buds con 15% CBD","og_description":"Compra Pop Corn Sour Tsunami CBD 15g en Iguana Smoke. Mini cogollos legales, compactos y potentes. Env\u00edo 24\/48h a toda Espa\u00f1a. CBD 15%, THC &lt; 0,2%.","og_url":"https:\/\/thelyflabs.com\/fr\/product\/pop-corn-sour-tsunami-cbd-15gr\/","og_site_name":"THE LYF LABS","article_modified_time":"2026-01-20T11:46:33+00:00","og_image":[{"width":1000,"height":1000,"url":"https:\/\/thelyflabs.com\/wp-content\/uploads\/2023\/02\/Pop-corn-negativo-15g-con-mini-buds.webp","type":"image\/webp"}],"twitter_card":"summary_large_image","twitter_misc":{"Dur\u00e9e de lecture estim\u00e9e":"2 minutes"},"schema":{"@context":"https:\/\/schema.org","@graph":[{"@type":"WebPage","@id":"https:\/\/thelyflabs.com\/product\/pop-corn-sour-tsunami-cbd-15gr","url":"https:\/\/thelyflabs.com\/product\/pop-corn-sour-tsunami-cbd-15gr","name":"Achetez du Pop Corn Sour Tsunami CBD 15 g | Mini-bourgeons au CBD 15%","isPartOf":{"@id":"https:\/\/thelyflabs.com\/#website"},"primaryImageOfPage":{"@id":"https:\/\/thelyflabs.com\/product\/pop-corn-sour-tsunami-cbd-15gr#primaryimage"},"image":{"@id":"https:\/\/thelyflabs.com\/product\/pop-corn-sour-tsunami-cbd-15gr#primaryimage"},"thumbnailUrl":"https:\/\/thelyflabs.com\/wp-content\/uploads\/2023\/02\/Pop-corn-negativo-15g-con-mini-buds.webp","datePublished":"2023-02-01T15:51:23+00:00","dateModified":"2026-01-20T11:46:33+00:00","description":"Achetez du Popcorn Sour Tsunami CBD 15 g chez Iguana Smoke. Mini-t\u00eates l\u00e9gales, compactes et puissantes. Livraison 24\/48 h dans toute l&#039;Espagne. CBD 15%, THC &lt; 0,2%.","breadcrumb":{"@id":"https:\/\/thelyflabs.com\/product\/pop-corn-sour-tsunami-cbd-15gr#breadcrumb"},"inLanguage":"fr-FR","potentialAction":[{"@type":"ReadAction","target":["https:\/\/thelyflabs.com\/product\/pop-corn-sour-tsunami-cbd-15gr"]}]},{"@type":"ImageObject","inLanguage":"fr-FR","@id":"https:\/\/thelyflabs.com\/product\/pop-corn-sour-tsunami-cbd-15gr#primaryimage","url":"https:\/\/thelyflabs.com\/wp-content\/uploads\/2023\/02\/Pop-corn-negativo-15g-con-mini-buds.webp","contentUrl":"https:\/\/thelyflabs.com\/wp-content\/uploads\/2023\/02\/Pop-corn-negativo-15g-con-mini-buds.webp","width":1000,"height":1000,"caption":"pop corn 15g"},{"@type":"BreadcrumbList","@id":"https:\/\/thelyflabs.com\/product\/pop-corn-sour-tsunami-cbd-15gr#breadcrumb","itemListElement":[{"@type":"ListItem","position":1,"name":"Portada","item":"https:\/\/thelyflabs.com\/"},{"@type":"ListItem","position":2,"name":"Tienda","item":"https:\/\/thelyflabs.com\/tienda"},{"@type":"ListItem","position":3,"name":"Pop Corn Sour Tsunami CBD 15gr"}]},{"@type":"WebSite","@id":"https:\/\/thelyflabs.com\/#website","url":"https:\/\/thelyflabs.com\/","name":"Les laboratoires LYF","description":"Vente en gros de CBD","publisher":{"@id":"https:\/\/thelyflabs.com\/#organization"},"potentialAction":[{"@type":"SearchAction","target":{"@type":"EntryPoint","urlTemplate":"https:\/\/thelyflabs.com\/?s={search_term_string}"},"query-input":{"@type":"PropertyValueSpecification","valueRequired":true,"valueName":"search_term_string"}}],"inLanguage":"fr-FR"},{"@type":"Organization","@id":"https:\/\/thelyflabs.com\/#organization","name":"Les laboratoires LYF","url":"https:\/\/thelyflabs.com\/","logo":{"@type":"ImageObject","inLanguage":"fr-FR","@id":"https:\/\/thelyflabs.com\/#\/schema\/logo\/image\/","url":"https:\/\/thelyflabs.com\/wp-content\/uploads\/2023\/01\/cropped-LogoTheLYFLabs.png","contentUrl":"https:\/\/thelyflabs.com\/wp-content\/uploads\/2023\/01\/cropped-LogoTheLYFLabs.png","width":600,"height":180,"caption":"The LYF Labs"},"image":{"@id":"https:\/\/thelyflabs.com\/#\/schema\/logo\/image\/"}}]}},"_links":{"self":[{"href":"https:\/\/thelyflabs.com\/fr\/wp-json\/wp\/v2\/product\/478","targetHints":{"allow":["GET"]}}],"collection":[{"href":"https:\/\/thelyflabs.com\/fr\/wp-json\/wp\/v2\/product"}],"about":[{"href":"https:\/\/thelyflabs.com\/fr\/wp-json\/wp\/v2\/types\/product"}],"replies":[{"embeddable":true,"href":"https:\/\/thelyflabs.com\/fr\/wp-json\/wp\/v2\/comments?post=478"}],"wp:featuredmedia":[{"embeddable":true,"href":"https:\/\/thelyflabs.com\/fr\/wp-json\/wp\/v2\/media\/8109"}],"wp:attachment":[{"href":"https:\/\/thelyflabs.com\/fr\/wp-json\/wp\/v2\/media?parent=478"}],"wp:term":[{"taxonomy":"product_brand","embeddable":true,"href":"https:\/\/thelyflabs.com\/fr\/wp-json\/wp\/v2\/product_brand?post=478"},{"taxonomy":"product_cat","embeddable":true,"href":"https:\/\/thelyflabs.com\/fr\/wp-json\/wp\/v2\/product_cat?post=478"},{"taxonomy":"product_tag","embeddable":true,"href":"https:\/\/thelyflabs.com\/fr\/wp-json\/wp\/v2\/product_tag?post=478"}],"curies":[{"name":"wp","href":"https:\/\/api.w.org\/{rel}","templated":true}]}}