{"id":5595,"date":"2024-02-21T15:42:59","date_gmt":"2024-02-21T14:42:59","guid":{"rendered":"https:\/\/thelyflabs.com\/?post_type=product&#038;p=5595"},"modified":"2025-06-20T20:53:11","modified_gmt":"2025-06-20T18:53:11","slug":"sudadera-invierno-blanca-iguana-japan","status":"publish","type":"product","link":"https:\/\/thelyflabs.com\/fr\/product\/sudadera-invierno-blanca-iguana-japan","title":{"rendered":"Sweat-shirt d&#039;hiver blanc Iguana Japan"},"content":{"rendered":"<h3>Sweat-shirt d&#039;hiver blanc Iguana Japan<\/h3>\n<p>Affrontez l&#039;hiver avec style et chaleur avec le sweat-shirt d&#039;hiver Iguana Smoke White, orn\u00e9 du design japonais distinctif de la marque. Ce v\u00eatement de haute qualit\u00e9 vous garde non seulement au chaud, mais vous plonge \u00e9galement dans la culture de la vape avec une touche d&#039;authenticit\u00e9 orientale.<\/p>\n<p>Fonctionnalit\u00e9s en vedette\u00a0:<\/p>\n<ul>\n<li><strong>Design japonais exclusif :<\/strong> Le motif japonais Iguana Smoke imprim\u00e9 sur le sweat ajoute une touche d&#039;\u00e9l\u00e9gance et d&#039;originalit\u00e9. Ainsi, chaque d\u00e9tail refl\u00e8te le lien unique entre la marque et la riche tradition japonaise.<\/li>\n<li><strong>Chaleur et confort :<\/strong> Fabriqu\u00e9 \u00e0 partir de mat\u00e9riaux de haute qualit\u00e9, ce sweat-shirt est non seulement \u00e9l\u00e9gant, mais aussi chaud et confortable. Parfait pour vous garder au chaud lors des journ\u00e9es froides sans compromettre votre style.<\/li>\n<li><strong>Polyvalence de style\u00a0:<\/strong> Le sweat blanc est une toile parfaite pour mettre en valeur le design japonais. Associez-le facilement \u00e0 vos v\u00eatements de tous les jours pour un look d\u00e9contract\u00e9 ou portez-le comme couche suppl\u00e9mentaire pour un look plus sophistiqu\u00e9.<\/li>\n<\/ul>\n<p>Explorez la fusion de la mode contemporaine et de l&#039;\u00e9l\u00e9gance japonaise avec le sweat-shirt d&#039;hiver Iguana Smoke White. Procurez-vous le v\u00f4tre d\u00e8s maintenant et faites une d\u00e9claration de style unique chaque saison hivernale\u00a0!<\/p>","protected":false},"excerpt":{"rendered":"<ul>\n<li>Mat\u00e9riau : coton 50%, polyester 50%.<\/li>\n<li>Impression DTG<\/li>\n<li>longueur standard<\/li>\n<li>Disponible en taille. S, M, L et XL<\/li>\n<\/ul>\n<p>Obtenez votre Sweatshirt d&#039;hiver blanc Iguana Japan chez THE LYF LABS aux meilleurs prix pour les grossistes et les distributeurs !<\/p>","protected":false},"featured_media":5600,"comment_status":"open","ping_status":"closed","template":"","meta":{"_acf_changed":false,"site-sidebar-layout":"default","site-content-layout":"","ast-site-content-layout":"default","site-content-style":"default","site-sidebar-style":"default","ast-global-header-display":"","ast-banner-title-visibility":"","ast-main-header-display":"","ast-hfb-above-header-display":"","ast-hfb-below-header-display":"","ast-hfb-mobile-header-display":"","site-post-title":"","ast-breadcrumbs-content":"","ast-featured-img":"","footer-sml-layout":"","theme-transparent-header-meta":"default","adv-header-id-meta":"","stick-header-meta":"","header-above-stick-meta":"","header-main-stick-meta":"","header-below-stick-meta":"","astra-migrate-meta-layouts":"set","ast-page-background-enabled":"default","ast-page-background-meta":{"desktop":{"background-color":"var(--ast-global-color-4)","background-image":"","background-repeat":"repeat","background-position":"center center","background-size":"auto","background-attachment":"scroll","background-type":"","background-media":"","overlay-type":"","overlay-color":"","overlay-opacity":"","overlay-gradient":""},"tablet":{"background-color":"","background-image":"","background-repeat":"repeat","background-position":"center center","background-size":"auto","background-attachment":"scroll","background-type":"","background-media":"","overlay-type":"","overlay-color":"","overlay-opacity":"","overlay-gradient":""},"mobile":{"background-color":"","background-image":"","background-repeat":"repeat","background-position":"center center","background-size":"auto","background-attachment":"scroll","background-type":"","background-media":"","overlay-type":"","overlay-color":"","overlay-opacity":"","overlay-gradient":""}},"ast-content-background-meta":{"desktop":{"background-color":"var(--ast-global-color-5)","background-image":"","background-repeat":"repeat","background-position":"center center","background-size":"auto","background-attachment":"scroll","background-type":"","background-media":"","overlay-type":"","overlay-color":"","overlay-opacity":"","overlay-gradient":""},"tablet":{"background-color":"var(--ast-global-color-5)","background-image":"","background-repeat":"repeat","background-position":"center center","background-size":"auto","background-attachment":"scroll","background-type":"","background-media":"","overlay-type":"","overlay-color":"","overlay-opacity":"","overlay-gradient":""},"mobile":{"background-color":"var(--ast-global-color-5)","background-image":"","background-repeat":"repeat","background-position":"center center","background-size":"auto","background-attachment":"scroll","background-type":"","background-media":"","overlay-type":"","overlay-color":"","overlay-opacity":"","overlay-gradient":""}}},"product_brand":[],"product_cat":[40,112,98],"product_tag":[],"class_list":{"0":"post-5595","1":"product","2":"type-product","3":"status-publish","4":"has-post-thumbnail","6":"product_cat-iguanasmoke","7":"product_cat-merch","8":"product_cat-sudaderas","9":"desktop-align-center","10":"tablet-align-left","11":"mobile-align-left","13":"first","14":"instock","15":"taxable","16":"shipping-taxable","17":"purchasable","18":"product-type-variable"},"acf":[],"yoast_head":"<!-- This site is optimized with the Yoast SEO plugin v27.4 - https:\/\/yoast.com\/product\/yoast-seo-wordpress\/ -->\n<title>Sudadera Invierno Blanca Iguana Japan - THE LYF LABS<\/title>\n<meta name=\"description\" content=\"Consigue tu Sudadera Invierno Blanca Japan en THE LYF LABS. Fabricada con los mejores matierales. Especial para mayoristas y distribuidores\" \/>\n<meta name=\"robots\" content=\"index, follow, max-snippet:-1, max-image-preview:large, max-video-preview:-1\" \/>\n<link rel=\"canonical\" href=\"https:\/\/thelyflabs.com\/fr\/product\/sudadera-invierno-blanca-iguana-japan\/\" \/>\n<meta property=\"og:locale\" content=\"fr_FR\" \/>\n<meta property=\"og:type\" content=\"article\" \/>\n<meta property=\"og:title\" content=\"Sudadera Invierno Blanca Iguana Japan - THE LYF LABS\" \/>\n<meta property=\"og:description\" content=\"Consigue tu Sudadera Invierno Blanca Japan en THE LYF LABS. Fabricada con los mejores matierales. Especial para mayoristas y distribuidores\" \/>\n<meta property=\"og:url\" content=\"https:\/\/thelyflabs.com\/fr\/product\/sudadera-invierno-blanca-iguana-japan\/\" \/>\n<meta property=\"og:site_name\" content=\"THE LYF LABS\" \/>\n<meta property=\"article:modified_time\" content=\"2025-06-20T18:53:11+00:00\" \/>\n<meta property=\"og:image\" content=\"https:\/\/thelyflabs.com\/wp-content\/uploads\/2024\/02\/Sudadera-Blanca-Iguana-Japan-Front.webp\" \/>\n\t<meta property=\"og:image:width\" content=\"500\" \/>\n\t<meta property=\"og:image:height\" content=\"500\" \/>\n\t<meta property=\"og:image:type\" content=\"image\/webp\" \/>\n<meta name=\"twitter:card\" content=\"summary_large_image\" \/>\n<meta name=\"twitter:label1\" content=\"Dur\u00e9e de lecture estim\u00e9e\" \/>\n\t<meta name=\"twitter:data1\" content=\"2 minutes\" \/>\n<script type=\"application\/ld+json\" class=\"yoast-schema-graph\">{\"@context\":\"https:\\\/\\\/schema.org\",\"@graph\":[{\"@type\":\"WebPage\",\"@id\":\"https:\\\/\\\/thelyflabs.com\\\/product\\\/sudadera-invierno-blanca-iguana-japan\",\"url\":\"https:\\\/\\\/thelyflabs.com\\\/product\\\/sudadera-invierno-blanca-iguana-japan\",\"name\":\"Sudadera Invierno Blanca Iguana Japan - THE LYF LABS\",\"isPartOf\":{\"@id\":\"https:\\\/\\\/thelyflabs.com\\\/#website\"},\"primaryImageOfPage\":{\"@id\":\"https:\\\/\\\/thelyflabs.com\\\/product\\\/sudadera-invierno-blanca-iguana-japan#primaryimage\"},\"image\":{\"@id\":\"https:\\\/\\\/thelyflabs.com\\\/product\\\/sudadera-invierno-blanca-iguana-japan#primaryimage\"},\"thumbnailUrl\":\"https:\\\/\\\/thelyflabs.com\\\/wp-content\\\/uploads\\\/2024\\\/02\\\/Sudadera-Blanca-Iguana-Japan-Front.webp\",\"datePublished\":\"2024-02-21T14:42:59+00:00\",\"dateModified\":\"2025-06-20T18:53:11+00:00\",\"description\":\"Consigue tu Sudadera Invierno Blanca Japan en THE LYF LABS. Fabricada con los mejores matierales. Especial para mayoristas y distribuidores\",\"breadcrumb\":{\"@id\":\"https:\\\/\\\/thelyflabs.com\\\/product\\\/sudadera-invierno-blanca-iguana-japan#breadcrumb\"},\"inLanguage\":\"fr-FR\",\"potentialAction\":[{\"@type\":\"ReadAction\",\"target\":[\"https:\\\/\\\/thelyflabs.com\\\/product\\\/sudadera-invierno-blanca-iguana-japan\"]}]},{\"@type\":\"ImageObject\",\"inLanguage\":\"fr-FR\",\"@id\":\"https:\\\/\\\/thelyflabs.com\\\/product\\\/sudadera-invierno-blanca-iguana-japan#primaryimage\",\"url\":\"https:\\\/\\\/thelyflabs.com\\\/wp-content\\\/uploads\\\/2024\\\/02\\\/Sudadera-Blanca-Iguana-Japan-Front.webp\",\"contentUrl\":\"https:\\\/\\\/thelyflabs.com\\\/wp-content\\\/uploads\\\/2024\\\/02\\\/Sudadera-Blanca-Iguana-Japan-Front.webp\",\"width\":500,\"height\":500,\"caption\":\"sudadera blanca invierno mayorista\"},{\"@type\":\"BreadcrumbList\",\"@id\":\"https:\\\/\\\/thelyflabs.com\\\/product\\\/sudadera-invierno-blanca-iguana-japan#breadcrumb\",\"itemListElement\":[{\"@type\":\"ListItem\",\"position\":1,\"name\":\"Portada\",\"item\":\"https:\\\/\\\/thelyflabs.com\\\/\"},{\"@type\":\"ListItem\",\"position\":2,\"name\":\"Tienda\",\"item\":\"https:\\\/\\\/thelyflabs.com\\\/tienda\"},{\"@type\":\"ListItem\",\"position\":3,\"name\":\"Sudadera Invierno Blanca Iguana Japan\"}]},{\"@type\":\"WebSite\",\"@id\":\"https:\\\/\\\/thelyflabs.com\\\/#website\",\"url\":\"https:\\\/\\\/thelyflabs.com\\\/\",\"name\":\"The LYF Labs\",\"description\":\"CBD al por mayor\",\"publisher\":{\"@id\":\"https:\\\/\\\/thelyflabs.com\\\/#organization\"},\"potentialAction\":[{\"@type\":\"SearchAction\",\"target\":{\"@type\":\"EntryPoint\",\"urlTemplate\":\"https:\\\/\\\/thelyflabs.com\\\/?s={search_term_string}\"},\"query-input\":{\"@type\":\"PropertyValueSpecification\",\"valueRequired\":true,\"valueName\":\"search_term_string\"}}],\"inLanguage\":\"fr-FR\"},{\"@type\":\"Organization\",\"@id\":\"https:\\\/\\\/thelyflabs.com\\\/#organization\",\"name\":\"The LYF Labs\",\"url\":\"https:\\\/\\\/thelyflabs.com\\\/\",\"logo\":{\"@type\":\"ImageObject\",\"inLanguage\":\"fr-FR\",\"@id\":\"https:\\\/\\\/thelyflabs.com\\\/#\\\/schema\\\/logo\\\/image\\\/\",\"url\":\"https:\\\/\\\/thelyflabs.com\\\/wp-content\\\/uploads\\\/2023\\\/01\\\/cropped-LogoTheLYFLabs.png\",\"contentUrl\":\"https:\\\/\\\/thelyflabs.com\\\/wp-content\\\/uploads\\\/2023\\\/01\\\/cropped-LogoTheLYFLabs.png\",\"width\":600,\"height\":180,\"caption\":\"The LYF Labs\"},\"image\":{\"@id\":\"https:\\\/\\\/thelyflabs.com\\\/#\\\/schema\\\/logo\\\/image\\\/\"}}]}<\/script>\n<!-- \/ Yoast SEO plugin. -->","yoast_head_json":{"title":"Sweat-shirt d&#039;hiver blanc Iguana Japan - THE LYF LABS","description":"Procurez-vous votre sweat-shirt blanc \u00ab\u00a0Winter Japan\u00a0\u00bb chez THE LYF LABS. Fabriqu\u00e9 avec les meilleurs mat\u00e9riaux, il est sp\u00e9cialement con\u00e7u pour les grossistes et les distributeurs.","robots":{"index":"index","follow":"follow","max-snippet":"max-snippet:-1","max-image-preview":"max-image-preview:large","max-video-preview":"max-video-preview:-1"},"canonical":"https:\/\/thelyflabs.com\/fr\/product\/sudadera-invierno-blanca-iguana-japan\/","og_locale":"fr_FR","og_type":"article","og_title":"Sudadera Invierno Blanca Iguana Japan - THE LYF LABS","og_description":"Consigue tu Sudadera Invierno Blanca Japan en THE LYF LABS. Fabricada con los mejores matierales. Especial para mayoristas y distribuidores","og_url":"https:\/\/thelyflabs.com\/fr\/product\/sudadera-invierno-blanca-iguana-japan\/","og_site_name":"THE LYF LABS","article_modified_time":"2025-06-20T18:53:11+00:00","og_image":[{"width":500,"height":500,"url":"https:\/\/thelyflabs.com\/wp-content\/uploads\/2024\/02\/Sudadera-Blanca-Iguana-Japan-Front.webp","type":"image\/webp"}],"twitter_card":"summary_large_image","twitter_misc":{"Dur\u00e9e de lecture estim\u00e9e":"2 minutes"},"schema":{"@context":"https:\/\/schema.org","@graph":[{"@type":"WebPage","@id":"https:\/\/thelyflabs.com\/product\/sudadera-invierno-blanca-iguana-japan","url":"https:\/\/thelyflabs.com\/product\/sudadera-invierno-blanca-iguana-japan","name":"Sweat-shirt d&#039;hiver blanc Iguana Japan - THE LYF LABS","isPartOf":{"@id":"https:\/\/thelyflabs.com\/#website"},"primaryImageOfPage":{"@id":"https:\/\/thelyflabs.com\/product\/sudadera-invierno-blanca-iguana-japan#primaryimage"},"image":{"@id":"https:\/\/thelyflabs.com\/product\/sudadera-invierno-blanca-iguana-japan#primaryimage"},"thumbnailUrl":"https:\/\/thelyflabs.com\/wp-content\/uploads\/2024\/02\/Sudadera-Blanca-Iguana-Japan-Front.webp","datePublished":"2024-02-21T14:42:59+00:00","dateModified":"2025-06-20T18:53:11+00:00","description":"Procurez-vous votre sweat-shirt blanc \u00ab\u00a0Winter Japan\u00a0\u00bb chez THE LYF LABS. Fabriqu\u00e9 avec les meilleurs mat\u00e9riaux, il est sp\u00e9cialement con\u00e7u pour les grossistes et les distributeurs.","breadcrumb":{"@id":"https:\/\/thelyflabs.com\/product\/sudadera-invierno-blanca-iguana-japan#breadcrumb"},"inLanguage":"fr-FR","potentialAction":[{"@type":"ReadAction","target":["https:\/\/thelyflabs.com\/product\/sudadera-invierno-blanca-iguana-japan"]}]},{"@type":"ImageObject","inLanguage":"fr-FR","@id":"https:\/\/thelyflabs.com\/product\/sudadera-invierno-blanca-iguana-japan#primaryimage","url":"https:\/\/thelyflabs.com\/wp-content\/uploads\/2024\/02\/Sudadera-Blanca-Iguana-Japan-Front.webp","contentUrl":"https:\/\/thelyflabs.com\/wp-content\/uploads\/2024\/02\/Sudadera-Blanca-Iguana-Japan-Front.webp","width":500,"height":500,"caption":"sudadera blanca invierno mayorista"},{"@type":"BreadcrumbList","@id":"https:\/\/thelyflabs.com\/product\/sudadera-invierno-blanca-iguana-japan#breadcrumb","itemListElement":[{"@type":"ListItem","position":1,"name":"Portada","item":"https:\/\/thelyflabs.com\/"},{"@type":"ListItem","position":2,"name":"Tienda","item":"https:\/\/thelyflabs.com\/tienda"},{"@type":"ListItem","position":3,"name":"Sudadera Invierno Blanca Iguana Japan"}]},{"@type":"WebSite","@id":"https:\/\/thelyflabs.com\/#website","url":"https:\/\/thelyflabs.com\/","name":"Les laboratoires LYF","description":"Vente en gros de CBD","publisher":{"@id":"https:\/\/thelyflabs.com\/#organization"},"potentialAction":[{"@type":"SearchAction","target":{"@type":"EntryPoint","urlTemplate":"https:\/\/thelyflabs.com\/?s={search_term_string}"},"query-input":{"@type":"PropertyValueSpecification","valueRequired":true,"valueName":"search_term_string"}}],"inLanguage":"fr-FR"},{"@type":"Organization","@id":"https:\/\/thelyflabs.com\/#organization","name":"Les laboratoires LYF","url":"https:\/\/thelyflabs.com\/","logo":{"@type":"ImageObject","inLanguage":"fr-FR","@id":"https:\/\/thelyflabs.com\/#\/schema\/logo\/image\/","url":"https:\/\/thelyflabs.com\/wp-content\/uploads\/2023\/01\/cropped-LogoTheLYFLabs.png","contentUrl":"https:\/\/thelyflabs.com\/wp-content\/uploads\/2023\/01\/cropped-LogoTheLYFLabs.png","width":600,"height":180,"caption":"The LYF Labs"},"image":{"@id":"https:\/\/thelyflabs.com\/#\/schema\/logo\/image\/"}}]}},"_links":{"self":[{"href":"https:\/\/thelyflabs.com\/fr\/wp-json\/wp\/v2\/product\/5595","targetHints":{"allow":["GET"]}}],"collection":[{"href":"https:\/\/thelyflabs.com\/fr\/wp-json\/wp\/v2\/product"}],"about":[{"href":"https:\/\/thelyflabs.com\/fr\/wp-json\/wp\/v2\/types\/product"}],"replies":[{"embeddable":true,"href":"https:\/\/thelyflabs.com\/fr\/wp-json\/wp\/v2\/comments?post=5595"}],"wp:featuredmedia":[{"embeddable":true,"href":"https:\/\/thelyflabs.com\/fr\/wp-json\/wp\/v2\/media\/5600"}],"wp:attachment":[{"href":"https:\/\/thelyflabs.com\/fr\/wp-json\/wp\/v2\/media?parent=5595"}],"wp:term":[{"taxonomy":"product_brand","embeddable":true,"href":"https:\/\/thelyflabs.com\/fr\/wp-json\/wp\/v2\/product_brand?post=5595"},{"taxonomy":"product_cat","embeddable":true,"href":"https:\/\/thelyflabs.com\/fr\/wp-json\/wp\/v2\/product_cat?post=5595"},{"taxonomy":"product_tag","embeddable":true,"href":"https:\/\/thelyflabs.com\/fr\/wp-json\/wp\/v2\/product_tag?post=5595"}],"curies":[{"name":"wp","href":"https:\/\/api.w.org\/{rel}","templated":true}]}}