{"id":5601,"date":"2024-02-21T15:46:54","date_gmt":"2024-02-21T14:46:54","guid":{"rendered":"https:\/\/thelyflabs.com\/?post_type=product&#038;p=5601"},"modified":"2025-06-20T20:53:05","modified_gmt":"2025-06-20T18:53:05","slug":"sudadera-sport-negra-iguana-rock","status":"publish","type":"product","link":"https:\/\/thelyflabs.com\/fr\/product\/sudadera-sport-negra-iguana-rock","title":{"rendered":"Sweat-shirt de sport noir Iguana Rock"},"content":{"rendered":"<h3>Sweat-shirt de sport noir Iguana Rock<\/h3>\n<p>Atteignez de nouveaux sommets en mati\u00e8re de style et de performance avec le sweat-shirt sport noir Iguana Rock, disponible exclusivement chez Iguana Smoke. Ce v\u00eatement dynamique combine le design avant-gardiste d&#039;Iguana Rock avec le confort et la fonctionnalit\u00e9 d&#039;un sweat-shirt de sport, cr\u00e9ant la pi\u00e8ce indispensable pour ceux qui recherchent un style actif et moderne.<\/p>\n<p>Fonctionnalit\u00e9s en vedette\u00a0:<\/p>\n<ul>\n<li><strong>Design exclusif Iguana Rock :<\/strong> Le sweat pr\u00e9sente le design distinctif Iguana Rock, fusionnant attitude rock et \u00e9l\u00e9gance sportive. Par cons\u00e9quent, cette combinaison unique de styles cr\u00e9e un v\u00eatement accrocheur qui se d\u00e9marque dans n&#039;importe quel environnement.<\/li>\n<li><strong>Performances et confort\u00a0:<\/strong> Fabriqu\u00e9 \u00e0 partir de mat\u00e9riaux de haute qualit\u00e9, ce sweat-shirt est non seulement \u00e9l\u00e9gant, mais aussi fonctionnel. Ainsi, la technologie sportive rencontre le confort au quotidien, vous offrant la polyvalence n\u00e9cessaire \u00e0 vos activit\u00e9s quotidiennes ou \u00e0 vos entra\u00eenements.<\/li>\n<li><strong>Style polyvalent\u00a0:<\/strong> La polyvalence du Black Sport Sweatshirt vous permet de le porter de la salle de sport \u00e0 la rue. Associez-le \u00e0 votre tenue d\u00e9contract\u00e9e ou portez-le dans le cadre de votre \u00e9quipement d&#039;entra\u00eenement, en vous assurant de vous d\u00e9marquer avec un style authentique \u00e0 chaque occasion.<\/li>\n<\/ul>\n<p>D\u00e9couvrez la fusion parfaite entre mode et performance avec le sweat-shirt sport noir Iguana Rock d&#039;Iguana Smoke. Faites une d\u00e9claration de style actif et moderne. Achetez le v\u00f4tre aujourd&#039;hui et emportez avec vous l&#039;essence vibrante d&#039;Iguana Rock !<\/p>","protected":false},"excerpt":{"rendered":"<ul>\n<li>Coton 65%, polyester 35%<\/li>\n<li>Impression DTG<\/li>\n<li>longueur standard<\/li>\n<\/ul>\n<p>Obtenez votre Sweat Sport Noir Iguana Japan chez THE LYF LABS aux meilleurs prix pour les grossistes et les distributeurs !<\/p>","protected":false},"featured_media":5607,"comment_status":"open","ping_status":"closed","template":"","meta":{"_acf_changed":false,"site-sidebar-layout":"default","site-content-layout":"","ast-site-content-layout":"default","site-content-style":"default","site-sidebar-style":"default","ast-global-header-display":"","ast-banner-title-visibility":"","ast-main-header-display":"","ast-hfb-above-header-display":"","ast-hfb-below-header-display":"","ast-hfb-mobile-header-display":"","site-post-title":"","ast-breadcrumbs-content":"","ast-featured-img":"","footer-sml-layout":"","theme-transparent-header-meta":"default","adv-header-id-meta":"","stick-header-meta":"","header-above-stick-meta":"","header-main-stick-meta":"","header-below-stick-meta":"","astra-migrate-meta-layouts":"set","ast-page-background-enabled":"default","ast-page-background-meta":{"desktop":{"background-color":"var(--ast-global-color-4)","background-image":"","background-repeat":"repeat","background-position":"center center","background-size":"auto","background-attachment":"scroll","background-type":"","background-media":"","overlay-type":"","overlay-color":"","overlay-opacity":"","overlay-gradient":""},"tablet":{"background-color":"","background-image":"","background-repeat":"repeat","background-position":"center center","background-size":"auto","background-attachment":"scroll","background-type":"","background-media":"","overlay-type":"","overlay-color":"","overlay-opacity":"","overlay-gradient":""},"mobile":{"background-color":"","background-image":"","background-repeat":"repeat","background-position":"center center","background-size":"auto","background-attachment":"scroll","background-type":"","background-media":"","overlay-type":"","overlay-color":"","overlay-opacity":"","overlay-gradient":""}},"ast-content-background-meta":{"desktop":{"background-color":"var(--ast-global-color-5)","background-image":"","background-repeat":"repeat","background-position":"center center","background-size":"auto","background-attachment":"scroll","background-type":"","background-media":"","overlay-type":"","overlay-color":"","overlay-opacity":"","overlay-gradient":""},"tablet":{"background-color":"var(--ast-global-color-5)","background-image":"","background-repeat":"repeat","background-position":"center center","background-size":"auto","background-attachment":"scroll","background-type":"","background-media":"","overlay-type":"","overlay-color":"","overlay-opacity":"","overlay-gradient":""},"mobile":{"background-color":"var(--ast-global-color-5)","background-image":"","background-repeat":"repeat","background-position":"center center","background-size":"auto","background-attachment":"scroll","background-type":"","background-media":"","overlay-type":"","overlay-color":"","overlay-opacity":"","overlay-gradient":""}}},"product_brand":[],"product_cat":[40,112,108,98],"product_tag":[],"class_list":{"0":"post-5601","1":"product","2":"type-product","3":"status-publish","4":"has-post-thumbnail","6":"product_cat-iguanasmoke","7":"product_cat-merch","8":"product_cat-novedades","9":"product_cat-sudaderas","10":"desktop-align-center","11":"tablet-align-left","12":"mobile-align-left","14":"first","15":"instock","16":"taxable","17":"shipping-taxable","18":"purchasable","19":"product-type-variable"},"acf":[],"yoast_head":"<!-- This site is optimized with the Yoast SEO plugin v27.4 - https:\/\/yoast.com\/product\/yoast-seo-wordpress\/ -->\n<title>Sudadera Sport Negra Iguana Rock - THE LYF LABS<\/title>\n<meta name=\"description\" content=\"Consigue tu Sudadera Sport Negra Rock en THE LYF LABS. Fabricada con los mejores matierales. Especial para mayoristas y distribuidores\" \/>\n<meta name=\"robots\" content=\"index, follow, max-snippet:-1, max-image-preview:large, max-video-preview:-1\" \/>\n<link rel=\"canonical\" href=\"https:\/\/thelyflabs.com\/fr\/product\/sudadera-sport-negra-iguana-rock\/\" \/>\n<meta property=\"og:locale\" content=\"fr_FR\" \/>\n<meta property=\"og:type\" content=\"article\" \/>\n<meta property=\"og:title\" content=\"Sudadera Sport Negra Iguana Rock - THE LYF LABS\" \/>\n<meta property=\"og:description\" content=\"Consigue tu Sudadera Sport Negra Rock en THE LYF LABS. Fabricada con los mejores matierales. Especial para mayoristas y distribuidores\" \/>\n<meta property=\"og:url\" content=\"https:\/\/thelyflabs.com\/fr\/product\/sudadera-sport-negra-iguana-rock\/\" \/>\n<meta property=\"og:site_name\" content=\"THE LYF LABS\" \/>\n<meta property=\"article:modified_time\" content=\"2025-06-20T18:53:05+00:00\" \/>\n<meta property=\"og:image\" content=\"https:\/\/thelyflabs.com\/wp-content\/uploads\/2024\/02\/Sudadera-sport-negra-rock-back.webp\" \/>\n\t<meta property=\"og:image:width\" content=\"500\" \/>\n\t<meta property=\"og:image:height\" content=\"500\" \/>\n\t<meta property=\"og:image:type\" content=\"image\/webp\" \/>\n<meta name=\"twitter:card\" content=\"summary_large_image\" \/>\n<meta name=\"twitter:label1\" content=\"Dur\u00e9e de lecture estim\u00e9e\" \/>\n\t<meta name=\"twitter:data1\" content=\"2 minutes\" \/>\n<script type=\"application\/ld+json\" class=\"yoast-schema-graph\">{\"@context\":\"https:\\\/\\\/schema.org\",\"@graph\":[{\"@type\":\"WebPage\",\"@id\":\"https:\\\/\\\/thelyflabs.com\\\/product\\\/sudadera-sport-negra-iguana-rock\",\"url\":\"https:\\\/\\\/thelyflabs.com\\\/product\\\/sudadera-sport-negra-iguana-rock\",\"name\":\"Sudadera Sport Negra Iguana Rock - THE LYF LABS\",\"isPartOf\":{\"@id\":\"https:\\\/\\\/thelyflabs.com\\\/#website\"},\"primaryImageOfPage\":{\"@id\":\"https:\\\/\\\/thelyflabs.com\\\/product\\\/sudadera-sport-negra-iguana-rock#primaryimage\"},\"image\":{\"@id\":\"https:\\\/\\\/thelyflabs.com\\\/product\\\/sudadera-sport-negra-iguana-rock#primaryimage\"},\"thumbnailUrl\":\"https:\\\/\\\/thelyflabs.com\\\/wp-content\\\/uploads\\\/2024\\\/02\\\/Sudadera-sport-negra-rock-back.webp\",\"datePublished\":\"2024-02-21T14:46:54+00:00\",\"dateModified\":\"2025-06-20T18:53:05+00:00\",\"description\":\"Consigue tu Sudadera Sport Negra Rock en THE LYF LABS. Fabricada con los mejores matierales. Especial para mayoristas y distribuidores\",\"breadcrumb\":{\"@id\":\"https:\\\/\\\/thelyflabs.com\\\/product\\\/sudadera-sport-negra-iguana-rock#breadcrumb\"},\"inLanguage\":\"fr-FR\",\"potentialAction\":[{\"@type\":\"ReadAction\",\"target\":[\"https:\\\/\\\/thelyflabs.com\\\/product\\\/sudadera-sport-negra-iguana-rock\"]}]},{\"@type\":\"ImageObject\",\"inLanguage\":\"fr-FR\",\"@id\":\"https:\\\/\\\/thelyflabs.com\\\/product\\\/sudadera-sport-negra-iguana-rock#primaryimage\",\"url\":\"https:\\\/\\\/thelyflabs.com\\\/wp-content\\\/uploads\\\/2024\\\/02\\\/Sudadera-sport-negra-rock-back.webp\",\"contentUrl\":\"https:\\\/\\\/thelyflabs.com\\\/wp-content\\\/uploads\\\/2024\\\/02\\\/Sudadera-sport-negra-rock-back.webp\",\"width\":500,\"height\":500,\"caption\":\"Sudadera Iguana Negra rock barata al por mayor\"},{\"@type\":\"BreadcrumbList\",\"@id\":\"https:\\\/\\\/thelyflabs.com\\\/product\\\/sudadera-sport-negra-iguana-rock#breadcrumb\",\"itemListElement\":[{\"@type\":\"ListItem\",\"position\":1,\"name\":\"Portada\",\"item\":\"https:\\\/\\\/thelyflabs.com\\\/\"},{\"@type\":\"ListItem\",\"position\":2,\"name\":\"Tienda\",\"item\":\"https:\\\/\\\/thelyflabs.com\\\/tienda\"},{\"@type\":\"ListItem\",\"position\":3,\"name\":\"Sudadera Sport Negra Iguana Rock\"}]},{\"@type\":\"WebSite\",\"@id\":\"https:\\\/\\\/thelyflabs.com\\\/#website\",\"url\":\"https:\\\/\\\/thelyflabs.com\\\/\",\"name\":\"The LYF Labs\",\"description\":\"CBD al por mayor\",\"publisher\":{\"@id\":\"https:\\\/\\\/thelyflabs.com\\\/#organization\"},\"potentialAction\":[{\"@type\":\"SearchAction\",\"target\":{\"@type\":\"EntryPoint\",\"urlTemplate\":\"https:\\\/\\\/thelyflabs.com\\\/?s={search_term_string}\"},\"query-input\":{\"@type\":\"PropertyValueSpecification\",\"valueRequired\":true,\"valueName\":\"search_term_string\"}}],\"inLanguage\":\"fr-FR\"},{\"@type\":\"Organization\",\"@id\":\"https:\\\/\\\/thelyflabs.com\\\/#organization\",\"name\":\"The LYF Labs\",\"url\":\"https:\\\/\\\/thelyflabs.com\\\/\",\"logo\":{\"@type\":\"ImageObject\",\"inLanguage\":\"fr-FR\",\"@id\":\"https:\\\/\\\/thelyflabs.com\\\/#\\\/schema\\\/logo\\\/image\\\/\",\"url\":\"https:\\\/\\\/thelyflabs.com\\\/wp-content\\\/uploads\\\/2023\\\/01\\\/cropped-LogoTheLYFLabs.png\",\"contentUrl\":\"https:\\\/\\\/thelyflabs.com\\\/wp-content\\\/uploads\\\/2023\\\/01\\\/cropped-LogoTheLYFLabs.png\",\"width\":600,\"height\":180,\"caption\":\"The LYF Labs\"},\"image\":{\"@id\":\"https:\\\/\\\/thelyflabs.com\\\/#\\\/schema\\\/logo\\\/image\\\/\"}}]}<\/script>\n<!-- \/ Yoast SEO plugin. -->","yoast_head_json":{"title":"Sweat-shirt de sport Black Iguana Rock - THE LYF LABS","description":"Procurez-vous votre sweat-shirt Black Rock Sport chez THE LYF LABS. Fabriqu\u00e9 avec les meilleurs mat\u00e9riaux. Sp\u00e9cialement con\u00e7u pour les grossistes et les distributeurs.","robots":{"index":"index","follow":"follow","max-snippet":"max-snippet:-1","max-image-preview":"max-image-preview:large","max-video-preview":"max-video-preview:-1"},"canonical":"https:\/\/thelyflabs.com\/fr\/product\/sudadera-sport-negra-iguana-rock\/","og_locale":"fr_FR","og_type":"article","og_title":"Sudadera Sport Negra Iguana Rock - THE LYF LABS","og_description":"Consigue tu Sudadera Sport Negra Rock en THE LYF LABS. Fabricada con los mejores matierales. Especial para mayoristas y distribuidores","og_url":"https:\/\/thelyflabs.com\/fr\/product\/sudadera-sport-negra-iguana-rock\/","og_site_name":"THE LYF LABS","article_modified_time":"2025-06-20T18:53:05+00:00","og_image":[{"width":500,"height":500,"url":"https:\/\/thelyflabs.com\/wp-content\/uploads\/2024\/02\/Sudadera-sport-negra-rock-back.webp","type":"image\/webp"}],"twitter_card":"summary_large_image","twitter_misc":{"Dur\u00e9e de lecture estim\u00e9e":"2 minutes"},"schema":{"@context":"https:\/\/schema.org","@graph":[{"@type":"WebPage","@id":"https:\/\/thelyflabs.com\/product\/sudadera-sport-negra-iguana-rock","url":"https:\/\/thelyflabs.com\/product\/sudadera-sport-negra-iguana-rock","name":"Sweat-shirt de sport Black Iguana Rock - THE LYF LABS","isPartOf":{"@id":"https:\/\/thelyflabs.com\/#website"},"primaryImageOfPage":{"@id":"https:\/\/thelyflabs.com\/product\/sudadera-sport-negra-iguana-rock#primaryimage"},"image":{"@id":"https:\/\/thelyflabs.com\/product\/sudadera-sport-negra-iguana-rock#primaryimage"},"thumbnailUrl":"https:\/\/thelyflabs.com\/wp-content\/uploads\/2024\/02\/Sudadera-sport-negra-rock-back.webp","datePublished":"2024-02-21T14:46:54+00:00","dateModified":"2025-06-20T18:53:05+00:00","description":"Procurez-vous votre sweat-shirt Black Rock Sport chez THE LYF LABS. Fabriqu\u00e9 avec les meilleurs mat\u00e9riaux. Sp\u00e9cialement con\u00e7u pour les grossistes et les distributeurs.","breadcrumb":{"@id":"https:\/\/thelyflabs.com\/product\/sudadera-sport-negra-iguana-rock#breadcrumb"},"inLanguage":"fr-FR","potentialAction":[{"@type":"ReadAction","target":["https:\/\/thelyflabs.com\/product\/sudadera-sport-negra-iguana-rock"]}]},{"@type":"ImageObject","inLanguage":"fr-FR","@id":"https:\/\/thelyflabs.com\/product\/sudadera-sport-negra-iguana-rock#primaryimage","url":"https:\/\/thelyflabs.com\/wp-content\/uploads\/2024\/02\/Sudadera-sport-negra-rock-back.webp","contentUrl":"https:\/\/thelyflabs.com\/wp-content\/uploads\/2024\/02\/Sudadera-sport-negra-rock-back.webp","width":500,"height":500,"caption":"Sudadera Iguana Negra rock barata al por mayor"},{"@type":"BreadcrumbList","@id":"https:\/\/thelyflabs.com\/product\/sudadera-sport-negra-iguana-rock#breadcrumb","itemListElement":[{"@type":"ListItem","position":1,"name":"Portada","item":"https:\/\/thelyflabs.com\/"},{"@type":"ListItem","position":2,"name":"Tienda","item":"https:\/\/thelyflabs.com\/tienda"},{"@type":"ListItem","position":3,"name":"Sudadera Sport Negra Iguana Rock"}]},{"@type":"WebSite","@id":"https:\/\/thelyflabs.com\/#website","url":"https:\/\/thelyflabs.com\/","name":"Les laboratoires LYF","description":"Vente en gros de CBD","publisher":{"@id":"https:\/\/thelyflabs.com\/#organization"},"potentialAction":[{"@type":"SearchAction","target":{"@type":"EntryPoint","urlTemplate":"https:\/\/thelyflabs.com\/?s={search_term_string}"},"query-input":{"@type":"PropertyValueSpecification","valueRequired":true,"valueName":"search_term_string"}}],"inLanguage":"fr-FR"},{"@type":"Organization","@id":"https:\/\/thelyflabs.com\/#organization","name":"Les laboratoires LYF","url":"https:\/\/thelyflabs.com\/","logo":{"@type":"ImageObject","inLanguage":"fr-FR","@id":"https:\/\/thelyflabs.com\/#\/schema\/logo\/image\/","url":"https:\/\/thelyflabs.com\/wp-content\/uploads\/2023\/01\/cropped-LogoTheLYFLabs.png","contentUrl":"https:\/\/thelyflabs.com\/wp-content\/uploads\/2023\/01\/cropped-LogoTheLYFLabs.png","width":600,"height":180,"caption":"The LYF Labs"},"image":{"@id":"https:\/\/thelyflabs.com\/#\/schema\/logo\/image\/"}}]}},"_links":{"self":[{"href":"https:\/\/thelyflabs.com\/fr\/wp-json\/wp\/v2\/product\/5601","targetHints":{"allow":["GET"]}}],"collection":[{"href":"https:\/\/thelyflabs.com\/fr\/wp-json\/wp\/v2\/product"}],"about":[{"href":"https:\/\/thelyflabs.com\/fr\/wp-json\/wp\/v2\/types\/product"}],"replies":[{"embeddable":true,"href":"https:\/\/thelyflabs.com\/fr\/wp-json\/wp\/v2\/comments?post=5601"}],"wp:featuredmedia":[{"embeddable":true,"href":"https:\/\/thelyflabs.com\/fr\/wp-json\/wp\/v2\/media\/5607"}],"wp:attachment":[{"href":"https:\/\/thelyflabs.com\/fr\/wp-json\/wp\/v2\/media?parent=5601"}],"wp:term":[{"taxonomy":"product_brand","embeddable":true,"href":"https:\/\/thelyflabs.com\/fr\/wp-json\/wp\/v2\/product_brand?post=5601"},{"taxonomy":"product_cat","embeddable":true,"href":"https:\/\/thelyflabs.com\/fr\/wp-json\/wp\/v2\/product_cat?post=5601"},{"taxonomy":"product_tag","embeddable":true,"href":"https:\/\/thelyflabs.com\/fr\/wp-json\/wp\/v2\/product_tag?post=5601"}],"curies":[{"name":"wp","href":"https:\/\/api.w.org\/{rel}","templated":true}]}}