{"id":5737,"date":"2024-02-29T15:47:28","date_gmt":"2024-02-29T14:47:28","guid":{"rendered":"https:\/\/thelyflabs.com\/?post_type=product&#038;p=5737"},"modified":"2025-04-10T13:07:59","modified_gmt":"2025-04-10T11:07:59","slug":"porta-roll","status":"publish","type":"product","link":"https:\/\/thelyflabs.com\/fr\/product\/porta-roll","title":{"rendered":"Porte-rouleau"},"content":{"rendered":"<h3>Porte-rouleau<\/h3>\n<p>D\u00e9couvrez l&#039;\u00e9l\u00e9gance et la durabilit\u00e9 avec notre porte-rouleau en m\u00e9tal Iguana Smoke. Cet accessoire de haute qualit\u00e9 allie style et fonctionnalit\u00e9 pour vous offrir une exp\u00e9rience de fumage ultime. Fabriqu\u00e9 \u00e0 partir de m\u00e9tal durable, notre support de pr\u00e9-rouleau est non seulement robuste, mais aussi un ajout sophistiqu\u00e9 \u00e0 vos moments de plaisir.<\/p>\n<p>La conception soign\u00e9e de notre support pr\u00e9-roul\u00e9 en m\u00e9tal assure une protection optimale de vos cigares pr\u00e9-roul\u00e9s, en gardant intactes leur fra\u00eecheur et leur saveur. Sa construction m\u00e9tallique ajoute non seulement une touche de classe, mais fournit \u00e9galement une barri\u00e8re durable contre les chocs et les \u00e9l\u00e9ments ext\u00e9rieurs, garantissant que chaque pr\u00e9-rouleau atteint votre main dans des conditions optimales.<\/p>\n<p>Avec son couvercle herm\u00e9tique et sa fermeture herm\u00e9tique, ce support de pr\u00e9-rouleau en m\u00e9tal d&#039;Iguana Smoke est le choix parfait pour ceux qui appr\u00e9cient la qualit\u00e9 et l&#039;esth\u00e9tique. Que vous soyez en voyage ou que vous vous amusiez \u00e0 la maison, cet accessoire deviendra votre compagnon de confiance. Am\u00e9liorez votre exp\u00e9rience de fumage avec une touche de classe et de praticit\u00e9.<\/p>\n<p>Faites une d\u00e9claration de style et de qualit\u00e9 lorsque vous achetez votre support de pr\u00e9-rouleau en m\u00e9tal chez Iguana Smoke d\u00e8s aujourd&#039;hui ! Assurez-vous de ne pas manquer cet accessoire indispensable qui red\u00e9finit la fa\u00e7on dont vous savourez vos cigares pr\u00e9-roul\u00e9s.<\/p>","protected":false},"excerpt":{"rendered":"<ul>\n<li>100% M\u00e9tal<\/li>\n<li>Durable<\/li>\n<li>Fermeture herm\u00e9tique des deux c\u00f4t\u00e9s<\/li>\n<\/ul>","protected":false},"featured_media":5738,"comment_status":"open","ping_status":"closed","template":"","meta":{"_acf_changed":false,"site-sidebar-layout":"default","site-content-layout":"","ast-site-content-layout":"default","site-content-style":"default","site-sidebar-style":"default","ast-global-header-display":"","ast-banner-title-visibility":"","ast-main-header-display":"","ast-hfb-above-header-display":"","ast-hfb-below-header-display":"","ast-hfb-mobile-header-display":"","site-post-title":"","ast-breadcrumbs-content":"","ast-featured-img":"","footer-sml-layout":"","theme-transparent-header-meta":"default","adv-header-id-meta":"","stick-header-meta":"","header-above-stick-meta":"","header-main-stick-meta":"","header-below-stick-meta":"","astra-migrate-meta-layouts":"set","ast-page-background-enabled":"default","ast-page-background-meta":{"desktop":{"background-color":"var(--ast-global-color-4)","background-image":"","background-repeat":"repeat","background-position":"center center","background-size":"auto","background-attachment":"scroll","background-type":"","background-media":"","overlay-type":"","overlay-color":"","overlay-opacity":"","overlay-gradient":""},"tablet":{"background-color":"","background-image":"","background-repeat":"repeat","background-position":"center center","background-size":"auto","background-attachment":"scroll","background-type":"","background-media":"","overlay-type":"","overlay-color":"","overlay-opacity":"","overlay-gradient":""},"mobile":{"background-color":"","background-image":"","background-repeat":"repeat","background-position":"center center","background-size":"auto","background-attachment":"scroll","background-type":"","background-media":"","overlay-type":"","overlay-color":"","overlay-opacity":"","overlay-gradient":""}},"ast-content-background-meta":{"desktop":{"background-color":"var(--ast-global-color-5)","background-image":"","background-repeat":"repeat","background-position":"center center","background-size":"auto","background-attachment":"scroll","background-type":"","background-media":"","overlay-type":"","overlay-color":"","overlay-opacity":"","overlay-gradient":""},"tablet":{"background-color":"var(--ast-global-color-5)","background-image":"","background-repeat":"repeat","background-position":"center center","background-size":"auto","background-attachment":"scroll","background-type":"","background-media":"","overlay-type":"","overlay-color":"","overlay-opacity":"","overlay-gradient":""},"mobile":{"background-color":"var(--ast-global-color-5)","background-image":"","background-repeat":"repeat","background-position":"center center","background-size":"auto","background-attachment":"scroll","background-type":"","background-media":"","overlay-type":"","overlay-color":"","overlay-opacity":"","overlay-gradient":""}}},"product_brand":[],"product_cat":[100,40],"product_tag":[],"class_list":{"0":"post-5737","1":"product","2":"type-product","3":"status-publish","4":"has-post-thumbnail","6":"product_cat-accesorios-merch","7":"product_cat-iguanasmoke","8":"desktop-align-center","9":"tablet-align-left","10":"mobile-align-left","12":"first","13":"instock","14":"taxable","15":"shipping-taxable","16":"purchasable","17":"product-type-simple"},"acf":[],"yoast_head":"<!-- This site is optimized with the Yoast SEO plugin v27.4 - https:\/\/yoast.com\/product\/yoast-seo-wordpress\/ -->\n<title>Porta Roll - THE LYF LABS<\/title>\n<meta name=\"description\" content=\"Consigue tu Porta Roll en THE LYF LABS. Fabricada con los mejores matierales. Especial para mayoristas y distribuidores\" \/>\n<meta name=\"robots\" content=\"index, follow, max-snippet:-1, max-image-preview:large, max-video-preview:-1\" \/>\n<link rel=\"canonical\" href=\"https:\/\/thelyflabs.com\/fr\/product\/porta-roll\/\" \/>\n<meta property=\"og:locale\" content=\"fr_FR\" \/>\n<meta property=\"og:type\" content=\"article\" \/>\n<meta property=\"og:title\" content=\"Porta Roll - THE LYF LABS\" \/>\n<meta property=\"og:description\" content=\"Consigue tu Porta Roll en THE LYF LABS. Fabricada con los mejores matierales. Especial para mayoristas y distribuidores\" \/>\n<meta property=\"og:url\" content=\"https:\/\/thelyflabs.com\/fr\/product\/porta-roll\/\" \/>\n<meta property=\"og:site_name\" content=\"THE LYF LABS\" \/>\n<meta property=\"article:modified_time\" content=\"2025-04-10T11:07:59+00:00\" \/>\n<meta property=\"og:image\" content=\"https:\/\/thelyflabs.com\/wp-content\/uploads\/2024\/02\/Porta-Pre-Roll-webp-1.webp\" \/>\n\t<meta property=\"og:image:width\" content=\"500\" \/>\n\t<meta property=\"og:image:height\" content=\"500\" \/>\n\t<meta property=\"og:image:type\" content=\"image\/webp\" \/>\n<meta name=\"twitter:card\" content=\"summary_large_image\" \/>\n<meta name=\"twitter:label1\" content=\"Dur\u00e9e de lecture estim\u00e9e\" \/>\n\t<meta name=\"twitter:data1\" content=\"2 minutes\" \/>\n<script type=\"application\/ld+json\" class=\"yoast-schema-graph\">{\"@context\":\"https:\\\/\\\/schema.org\",\"@graph\":[{\"@type\":\"WebPage\",\"@id\":\"https:\\\/\\\/thelyflabs.com\\\/product\\\/porta-roll\",\"url\":\"https:\\\/\\\/thelyflabs.com\\\/product\\\/porta-roll\",\"name\":\"Porta Roll - THE LYF LABS\",\"isPartOf\":{\"@id\":\"https:\\\/\\\/thelyflabs.com\\\/#website\"},\"primaryImageOfPage\":{\"@id\":\"https:\\\/\\\/thelyflabs.com\\\/product\\\/porta-roll#primaryimage\"},\"image\":{\"@id\":\"https:\\\/\\\/thelyflabs.com\\\/product\\\/porta-roll#primaryimage\"},\"thumbnailUrl\":\"https:\\\/\\\/thelyflabs.com\\\/wp-content\\\/uploads\\\/2024\\\/02\\\/Porta-Pre-Roll-webp-1.webp\",\"datePublished\":\"2024-02-29T14:47:28+00:00\",\"dateModified\":\"2025-04-10T11:07:59+00:00\",\"description\":\"Consigue tu Porta Roll en THE LYF LABS. Fabricada con los mejores matierales. Especial para mayoristas y distribuidores\",\"breadcrumb\":{\"@id\":\"https:\\\/\\\/thelyflabs.com\\\/product\\\/porta-roll#breadcrumb\"},\"inLanguage\":\"fr-FR\",\"potentialAction\":[{\"@type\":\"ReadAction\",\"target\":[\"https:\\\/\\\/thelyflabs.com\\\/product\\\/porta-roll\"]}]},{\"@type\":\"ImageObject\",\"inLanguage\":\"fr-FR\",\"@id\":\"https:\\\/\\\/thelyflabs.com\\\/product\\\/porta-roll#primaryimage\",\"url\":\"https:\\\/\\\/thelyflabs.com\\\/wp-content\\\/uploads\\\/2024\\\/02\\\/Porta-Pre-Roll-webp-1.webp\",\"contentUrl\":\"https:\\\/\\\/thelyflabs.com\\\/wp-content\\\/uploads\\\/2024\\\/02\\\/Porta-Pre-Roll-webp-1.webp\",\"width\":500,\"height\":500,\"caption\":\"porta roll precio mayorista\"},{\"@type\":\"BreadcrumbList\",\"@id\":\"https:\\\/\\\/thelyflabs.com\\\/product\\\/porta-roll#breadcrumb\",\"itemListElement\":[{\"@type\":\"ListItem\",\"position\":1,\"name\":\"Portada\",\"item\":\"https:\\\/\\\/thelyflabs.com\\\/\"},{\"@type\":\"ListItem\",\"position\":2,\"name\":\"Tienda\",\"item\":\"https:\\\/\\\/thelyflabs.com\\\/tienda\"},{\"@type\":\"ListItem\",\"position\":3,\"name\":\"Porta Roll\"}]},{\"@type\":\"WebSite\",\"@id\":\"https:\\\/\\\/thelyflabs.com\\\/#website\",\"url\":\"https:\\\/\\\/thelyflabs.com\\\/\",\"name\":\"The LYF Labs\",\"description\":\"CBD al por mayor\",\"publisher\":{\"@id\":\"https:\\\/\\\/thelyflabs.com\\\/#organization\"},\"potentialAction\":[{\"@type\":\"SearchAction\",\"target\":{\"@type\":\"EntryPoint\",\"urlTemplate\":\"https:\\\/\\\/thelyflabs.com\\\/?s={search_term_string}\"},\"query-input\":{\"@type\":\"PropertyValueSpecification\",\"valueRequired\":true,\"valueName\":\"search_term_string\"}}],\"inLanguage\":\"fr-FR\"},{\"@type\":\"Organization\",\"@id\":\"https:\\\/\\\/thelyflabs.com\\\/#organization\",\"name\":\"The LYF Labs\",\"url\":\"https:\\\/\\\/thelyflabs.com\\\/\",\"logo\":{\"@type\":\"ImageObject\",\"inLanguage\":\"fr-FR\",\"@id\":\"https:\\\/\\\/thelyflabs.com\\\/#\\\/schema\\\/logo\\\/image\\\/\",\"url\":\"https:\\\/\\\/thelyflabs.com\\\/wp-content\\\/uploads\\\/2023\\\/01\\\/cropped-LogoTheLYFLabs.png\",\"contentUrl\":\"https:\\\/\\\/thelyflabs.com\\\/wp-content\\\/uploads\\\/2023\\\/01\\\/cropped-LogoTheLYFLabs.png\",\"width\":600,\"height\":180,\"caption\":\"The LYF Labs\"},\"image\":{\"@id\":\"https:\\\/\\\/thelyflabs.com\\\/#\\\/schema\\\/logo\\\/image\\\/\"}}]}<\/script>\n<!-- \/ Yoast SEO plugin. -->","yoast_head_json":{"title":"Porta Roll - LES LABORATOIRES LYF","description":"Procurez-vous votre Porta Roll chez THE LYF LABS. Fabriqu\u00e9 avec les meilleurs mat\u00e9riaux. Sp\u00e9cialement con\u00e7u pour les grossistes et les distributeurs.","robots":{"index":"index","follow":"follow","max-snippet":"max-snippet:-1","max-image-preview":"max-image-preview:large","max-video-preview":"max-video-preview:-1"},"canonical":"https:\/\/thelyflabs.com\/fr\/product\/porta-roll\/","og_locale":"fr_FR","og_type":"article","og_title":"Porta Roll - THE LYF LABS","og_description":"Consigue tu Porta Roll en THE LYF LABS. Fabricada con los mejores matierales. Especial para mayoristas y distribuidores","og_url":"https:\/\/thelyflabs.com\/fr\/product\/porta-roll\/","og_site_name":"THE LYF LABS","article_modified_time":"2025-04-10T11:07:59+00:00","og_image":[{"width":500,"height":500,"url":"https:\/\/thelyflabs.com\/wp-content\/uploads\/2024\/02\/Porta-Pre-Roll-webp-1.webp","type":"image\/webp"}],"twitter_card":"summary_large_image","twitter_misc":{"Dur\u00e9e de lecture estim\u00e9e":"2 minutes"},"schema":{"@context":"https:\/\/schema.org","@graph":[{"@type":"WebPage","@id":"https:\/\/thelyflabs.com\/product\/porta-roll","url":"https:\/\/thelyflabs.com\/product\/porta-roll","name":"Porta Roll - LES LABORATOIRES LYF","isPartOf":{"@id":"https:\/\/thelyflabs.com\/#website"},"primaryImageOfPage":{"@id":"https:\/\/thelyflabs.com\/product\/porta-roll#primaryimage"},"image":{"@id":"https:\/\/thelyflabs.com\/product\/porta-roll#primaryimage"},"thumbnailUrl":"https:\/\/thelyflabs.com\/wp-content\/uploads\/2024\/02\/Porta-Pre-Roll-webp-1.webp","datePublished":"2024-02-29T14:47:28+00:00","dateModified":"2025-04-10T11:07:59+00:00","description":"Procurez-vous votre Porta Roll chez THE LYF LABS. Fabriqu\u00e9 avec les meilleurs mat\u00e9riaux. Sp\u00e9cialement con\u00e7u pour les grossistes et les distributeurs.","breadcrumb":{"@id":"https:\/\/thelyflabs.com\/product\/porta-roll#breadcrumb"},"inLanguage":"fr-FR","potentialAction":[{"@type":"ReadAction","target":["https:\/\/thelyflabs.com\/product\/porta-roll"]}]},{"@type":"ImageObject","inLanguage":"fr-FR","@id":"https:\/\/thelyflabs.com\/product\/porta-roll#primaryimage","url":"https:\/\/thelyflabs.com\/wp-content\/uploads\/2024\/02\/Porta-Pre-Roll-webp-1.webp","contentUrl":"https:\/\/thelyflabs.com\/wp-content\/uploads\/2024\/02\/Porta-Pre-Roll-webp-1.webp","width":500,"height":500,"caption":"porta roll precio mayorista"},{"@type":"BreadcrumbList","@id":"https:\/\/thelyflabs.com\/product\/porta-roll#breadcrumb","itemListElement":[{"@type":"ListItem","position":1,"name":"Portada","item":"https:\/\/thelyflabs.com\/"},{"@type":"ListItem","position":2,"name":"Tienda","item":"https:\/\/thelyflabs.com\/tienda"},{"@type":"ListItem","position":3,"name":"Porta Roll"}]},{"@type":"WebSite","@id":"https:\/\/thelyflabs.com\/#website","url":"https:\/\/thelyflabs.com\/","name":"Les laboratoires LYF","description":"Vente en gros de CBD","publisher":{"@id":"https:\/\/thelyflabs.com\/#organization"},"potentialAction":[{"@type":"SearchAction","target":{"@type":"EntryPoint","urlTemplate":"https:\/\/thelyflabs.com\/?s={search_term_string}"},"query-input":{"@type":"PropertyValueSpecification","valueRequired":true,"valueName":"search_term_string"}}],"inLanguage":"fr-FR"},{"@type":"Organization","@id":"https:\/\/thelyflabs.com\/#organization","name":"Les laboratoires LYF","url":"https:\/\/thelyflabs.com\/","logo":{"@type":"ImageObject","inLanguage":"fr-FR","@id":"https:\/\/thelyflabs.com\/#\/schema\/logo\/image\/","url":"https:\/\/thelyflabs.com\/wp-content\/uploads\/2023\/01\/cropped-LogoTheLYFLabs.png","contentUrl":"https:\/\/thelyflabs.com\/wp-content\/uploads\/2023\/01\/cropped-LogoTheLYFLabs.png","width":600,"height":180,"caption":"The LYF Labs"},"image":{"@id":"https:\/\/thelyflabs.com\/#\/schema\/logo\/image\/"}}]}},"_links":{"self":[{"href":"https:\/\/thelyflabs.com\/fr\/wp-json\/wp\/v2\/product\/5737","targetHints":{"allow":["GET"]}}],"collection":[{"href":"https:\/\/thelyflabs.com\/fr\/wp-json\/wp\/v2\/product"}],"about":[{"href":"https:\/\/thelyflabs.com\/fr\/wp-json\/wp\/v2\/types\/product"}],"replies":[{"embeddable":true,"href":"https:\/\/thelyflabs.com\/fr\/wp-json\/wp\/v2\/comments?post=5737"}],"wp:featuredmedia":[{"embeddable":true,"href":"https:\/\/thelyflabs.com\/fr\/wp-json\/wp\/v2\/media\/5738"}],"wp:attachment":[{"href":"https:\/\/thelyflabs.com\/fr\/wp-json\/wp\/v2\/media?parent=5737"}],"wp:term":[{"taxonomy":"product_brand","embeddable":true,"href":"https:\/\/thelyflabs.com\/fr\/wp-json\/wp\/v2\/product_brand?post=5737"},{"taxonomy":"product_cat","embeddable":true,"href":"https:\/\/thelyflabs.com\/fr\/wp-json\/wp\/v2\/product_cat?post=5737"},{"taxonomy":"product_tag","embeddable":true,"href":"https:\/\/thelyflabs.com\/fr\/wp-json\/wp\/v2\/product_tag?post=5737"}],"curies":[{"name":"wp","href":"https:\/\/api.w.org\/{rel}","templated":true}]}}