{"id":5850,"date":"2024-03-07T14:31:53","date_gmt":"2024-03-07T13:31:53","guid":{"rendered":"https:\/\/thelyflabs.com\/?post_type=product&#038;p=5850"},"modified":"2026-03-24T12:19:30","modified_gmt":"2026-03-24T11:19:30","slug":"aceite-de-cbd-full-spectrum-made-for-pets-sabor-jamon-3-10ml","status":"publish","type":"product","link":"https:\/\/thelyflabs.com\/fr\/product\/aceite-de-cbd-full-spectrum-made-for-pets-sabor-jamon-3-10ml","title":{"rendered":"Aceite de CBD Full Spectrum Made For\u00a0Pets\u00a0Sabor Jamon\u00a03% 10ml"},"content":{"rendered":"<p>En Iguana Smoke, nos enorgullece presentar nuestro Aceite de CBD al 3% para mascotas, infundido con el irresistible sabor a jam\u00f3n. Dise\u00f1ado con el bienestar de tus fieles amigos en mente, este producto excepcional combina los beneficios del CBD con un toque delicioso que har\u00e1 que cada experiencia sea memorable.<\/p>\n<p>Nuestro Aceite de CBD al 3% est\u00e1 formulado para proporcionar apoyo natural a la calma y equilibrio de tus mascotas. El CBD, extra\u00eddo con precisi\u00f3n, se combina armoniosamente con el aut\u00e9ntico sabor a jam\u00f3n, creando una deliciosa mezcla que har\u00e1 que tus mascotas esperen con ansias cada gota.<\/p>\n<p>En Iguana Smoke, nos comprometemos a ofrecer productos de la m\u00e1s alta calidad. Este aceite de CBD es f\u00e1cil de administrar, permiti\u00e9ndote integrar f\u00e1cilmente los beneficios del CBD en la rutina diaria de tus mascotas.<\/p>\n<p>Haz de cada d\u00eda una celebraci\u00f3n para tus compa\u00f1eros peludos con nuestro Aceite de CBD al 3%, sabor a jam\u00f3n, exclusivo en Iguana Smoke. Descubre c\u00f3mo el CBD puede mejorar la calidad de vida de tus mascotas mientras disfrutan de un toque delicioso. \u00a1Compra ahora y brinda a tus mascotas el regalo de bienestar que se merecen!<\/p>","protected":false},"excerpt":{"rendered":"<p>Ingr\u00e9dients:<\/p>\n<ul>\n<li>Huile de graines de chanvre 10ml<\/li>\n<li>Extracto de CBD (Isolate THC Free) 300mg<\/li>\n<\/ul>\n<p>Analyse qualit\u00e9 : cliquez <a href=\"https:\/\/iguanasmoke.com\/wp-content\/uploads\/2018\/02\/Aceite-ISO-5.pdf\" target=\"_blank\" rel=\"noopener\">ici<\/a><\/p>","protected":false},"featured_media":5853,"comment_status":"open","ping_status":"closed","template":"","meta":{"_acf_changed":false,"site-sidebar-layout":"default","site-content-layout":"default","ast-site-content-layout":"default","site-content-style":"default","site-sidebar-style":"default","ast-global-header-display":"","ast-banner-title-visibility":"","ast-main-header-display":"","ast-hfb-above-header-display":"","ast-hfb-below-header-display":"","ast-hfb-mobile-header-display":"","site-post-title":"","ast-breadcrumbs-content":"","ast-featured-img":"","footer-sml-layout":"","theme-transparent-header-meta":"default","adv-header-id-meta":"","stick-header-meta":"","header-above-stick-meta":"","header-main-stick-meta":"","header-below-stick-meta":"","astra-migrate-meta-layouts":"set","ast-page-background-enabled":"default","ast-page-background-meta":{"desktop":{"background-color":"var(--ast-global-color-4)","background-image":"","background-repeat":"repeat","background-position":"center center","background-size":"auto","background-attachment":"scroll","background-type":"","background-media":"","overlay-type":"","overlay-color":"","overlay-opacity":"","overlay-gradient":""},"tablet":{"background-color":"","background-image":"","background-repeat":"repeat","background-position":"center center","background-size":"auto","background-attachment":"scroll","background-type":"","background-media":"","overlay-type":"","overlay-color":"","overlay-opacity":"","overlay-gradient":""},"mobile":{"background-color":"","background-image":"","background-repeat":"repeat","background-position":"center center","background-size":"auto","background-attachment":"scroll","background-type":"","background-media":"","overlay-type":"","overlay-color":"","overlay-opacity":"","overlay-gradient":""}},"ast-content-background-meta":{"desktop":{"background-color":"var(--ast-global-color-5)","background-image":"","background-repeat":"repeat","background-position":"center center","background-size":"auto","background-attachment":"scroll","background-type":"","background-media":"","overlay-type":"","overlay-color":"","overlay-opacity":"","overlay-gradient":""},"tablet":{"background-color":"var(--ast-global-color-5)","background-image":"","background-repeat":"repeat","background-position":"center center","background-size":"auto","background-attachment":"scroll","background-type":"","background-media":"","overlay-type":"","overlay-color":"","overlay-opacity":"","overlay-gradient":""},"mobile":{"background-color":"var(--ast-global-color-5)","background-image":"","background-repeat":"repeat","background-position":"center center","background-size":"auto","background-attachment":"scroll","background-type":"","background-media":"","overlay-type":"","overlay-color":"","overlay-opacity":"","overlay-gradient":""}}},"product_brand":[],"product_cat":[25,40],"product_tag":[],"class_list":{"0":"post-5850","1":"product","2":"type-product","3":"status-publish","4":"has-post-thumbnail","6":"product_cat-aceite-de-cbd","7":"product_cat-iguanasmoke","8":"desktop-align-center","9":"tablet-align-left","10":"mobile-align-left","12":"first","13":"instock","14":"taxable","15":"shipping-taxable","16":"purchasable","17":"product-type-simple"},"acf":[],"yoast_head":"<!-- This site is optimized with the Yoast SEO plugin v27.3 - https:\/\/yoast.com\/product\/yoast-seo-wordpress\/ -->\n<title>Aceite de CBD Full Spectrum Made For\u00a0Pets\u00a0Sabor Jamon\u00a03% 10ml - THE LYF LABS<\/title>\n<meta name=\"description\" content=\"Consigue tu Aceite de CBD made for pets sabor jamon 3% en THE LYF LABS. Fabricada con los mejores matierales. Especial para mayoristas y distribuidores\" \/>\n<meta name=\"robots\" content=\"index, follow, max-snippet:-1, max-image-preview:large, max-video-preview:-1\" \/>\n<link rel=\"canonical\" href=\"https:\/\/thelyflabs.com\/fr\/product\/aceite-de-cbd-full-spectrum-made-for-pets-sabor-jamon-3-10ml\/\" \/>\n<meta property=\"og:locale\" content=\"fr_FR\" \/>\n<meta property=\"og:type\" content=\"article\" \/>\n<meta property=\"og:title\" content=\"Aceite de CBD Full Spectrum Made For\u00a0Pets\u00a0Sabor Jamon\u00a03% 10ml - THE LYF LABS\" \/>\n<meta property=\"og:description\" content=\"Consigue tu Aceite de CBD made for pets sabor jamon 3% en THE LYF LABS. Fabricada con los mejores matierales. Especial para mayoristas y distribuidores\" \/>\n<meta property=\"og:url\" content=\"https:\/\/thelyflabs.com\/fr\/product\/aceite-de-cbd-full-spectrum-made-for-pets-sabor-jamon-3-10ml\/\" \/>\n<meta property=\"og:site_name\" content=\"THE LYF LABS\" \/>\n<meta property=\"article:modified_time\" content=\"2026-03-24T11:19:30+00:00\" \/>\n<meta property=\"og:image\" content=\"https:\/\/thelyflabs.com\/wp-content\/uploads\/2024\/03\/caja-y-botella-3-jamon-webp.webp\" \/>\n\t<meta property=\"og:image:width\" content=\"500\" \/>\n\t<meta property=\"og:image:height\" content=\"500\" \/>\n\t<meta property=\"og:image:type\" content=\"image\/webp\" \/>\n<meta name=\"twitter:card\" content=\"summary_large_image\" \/>\n<meta name=\"twitter:label1\" content=\"Dur\u00e9e de lecture estim\u00e9e\" \/>\n\t<meta name=\"twitter:data1\" content=\"2 minutes\" \/>\n<script type=\"application\/ld+json\" class=\"yoast-schema-graph\">{\"@context\":\"https:\\\/\\\/schema.org\",\"@graph\":[{\"@type\":\"WebPage\",\"@id\":\"https:\\\/\\\/thelyflabs.com\\\/product\\\/aceite-de-cbd-full-spectrum-made-for-pets-sabor-jamon-3-10ml\",\"url\":\"https:\\\/\\\/thelyflabs.com\\\/product\\\/aceite-de-cbd-full-spectrum-made-for-pets-sabor-jamon-3-10ml\",\"name\":\"Aceite de CBD Full Spectrum Made For\u00a0Pets\u00a0Sabor Jamon\u00a03% 10ml - THE LYF LABS\",\"isPartOf\":{\"@id\":\"https:\\\/\\\/thelyflabs.com\\\/#website\"},\"primaryImageOfPage\":{\"@id\":\"https:\\\/\\\/thelyflabs.com\\\/product\\\/aceite-de-cbd-full-spectrum-made-for-pets-sabor-jamon-3-10ml#primaryimage\"},\"image\":{\"@id\":\"https:\\\/\\\/thelyflabs.com\\\/product\\\/aceite-de-cbd-full-spectrum-made-for-pets-sabor-jamon-3-10ml#primaryimage\"},\"thumbnailUrl\":\"https:\\\/\\\/thelyflabs.com\\\/wp-content\\\/uploads\\\/2024\\\/03\\\/caja-y-botella-3-jamon-webp.webp\",\"datePublished\":\"2024-03-07T13:31:53+00:00\",\"dateModified\":\"2026-03-24T11:19:30+00:00\",\"description\":\"Consigue tu Aceite de CBD made for pets sabor jamon 3% en THE LYF LABS. Fabricada con los mejores matierales. Especial para mayoristas y distribuidores\",\"breadcrumb\":{\"@id\":\"https:\\\/\\\/thelyflabs.com\\\/product\\\/aceite-de-cbd-full-spectrum-made-for-pets-sabor-jamon-3-10ml#breadcrumb\"},\"inLanguage\":\"fr-FR\",\"potentialAction\":[{\"@type\":\"ReadAction\",\"target\":[\"https:\\\/\\\/thelyflabs.com\\\/product\\\/aceite-de-cbd-full-spectrum-made-for-pets-sabor-jamon-3-10ml\"]}]},{\"@type\":\"ImageObject\",\"inLanguage\":\"fr-FR\",\"@id\":\"https:\\\/\\\/thelyflabs.com\\\/product\\\/aceite-de-cbd-full-spectrum-made-for-pets-sabor-jamon-3-10ml#primaryimage\",\"url\":\"https:\\\/\\\/thelyflabs.com\\\/wp-content\\\/uploads\\\/2024\\\/03\\\/caja-y-botella-3-jamon-webp.webp\",\"contentUrl\":\"https:\\\/\\\/thelyflabs.com\\\/wp-content\\\/uploads\\\/2024\\\/03\\\/caja-y-botella-3-jamon-webp.webp\",\"width\":500,\"height\":500,\"caption\":\"aceite para mascotas 3% sabor jamon precio mayorista\"},{\"@type\":\"BreadcrumbList\",\"@id\":\"https:\\\/\\\/thelyflabs.com\\\/product\\\/aceite-de-cbd-full-spectrum-made-for-pets-sabor-jamon-3-10ml#breadcrumb\",\"itemListElement\":[{\"@type\":\"ListItem\",\"position\":1,\"name\":\"Portada\",\"item\":\"https:\\\/\\\/thelyflabs.com\\\/\"},{\"@type\":\"ListItem\",\"position\":2,\"name\":\"Tienda\",\"item\":\"https:\\\/\\\/thelyflabs.com\\\/tienda\"},{\"@type\":\"ListItem\",\"position\":3,\"name\":\"Aceite de CBD Full Spectrum Made For\u00a0Pets\u00a0Sabor Jamon\u00a03% 10ml\"}]},{\"@type\":\"WebSite\",\"@id\":\"https:\\\/\\\/thelyflabs.com\\\/#website\",\"url\":\"https:\\\/\\\/thelyflabs.com\\\/\",\"name\":\"The LYF Labs\",\"description\":\"CBD al por mayor\",\"publisher\":{\"@id\":\"https:\\\/\\\/thelyflabs.com\\\/#organization\"},\"potentialAction\":[{\"@type\":\"SearchAction\",\"target\":{\"@type\":\"EntryPoint\",\"urlTemplate\":\"https:\\\/\\\/thelyflabs.com\\\/?s={search_term_string}\"},\"query-input\":{\"@type\":\"PropertyValueSpecification\",\"valueRequired\":true,\"valueName\":\"search_term_string\"}}],\"inLanguage\":\"fr-FR\"},{\"@type\":\"Organization\",\"@id\":\"https:\\\/\\\/thelyflabs.com\\\/#organization\",\"name\":\"The LYF Labs\",\"url\":\"https:\\\/\\\/thelyflabs.com\\\/\",\"logo\":{\"@type\":\"ImageObject\",\"inLanguage\":\"fr-FR\",\"@id\":\"https:\\\/\\\/thelyflabs.com\\\/#\\\/schema\\\/logo\\\/image\\\/\",\"url\":\"https:\\\/\\\/thelyflabs.com\\\/wp-content\\\/uploads\\\/2023\\\/01\\\/cropped-LogoTheLYFLabs.png\",\"contentUrl\":\"https:\\\/\\\/thelyflabs.com\\\/wp-content\\\/uploads\\\/2023\\\/01\\\/cropped-LogoTheLYFLabs.png\",\"width\":600,\"height\":180,\"caption\":\"The LYF Labs\"},\"image\":{\"@id\":\"https:\\\/\\\/thelyflabs.com\\\/#\\\/schema\\\/logo\\\/image\\\/\"}}]}<\/script>\n<!-- \/ Yoast SEO plugin. -->","yoast_head_json":{"title":"Aceite de CBD Full Spectrum Made For\u00a0Pets\u00a0Sabor Jamon\u00a03% 10ml - THE LYF LABS","description":"Consigue tu Aceite de CBD made for pets sabor jamon 3% en THE LYF LABS. Fabricada con los mejores matierales. Especial para mayoristas y distribuidores","robots":{"index":"index","follow":"follow","max-snippet":"max-snippet:-1","max-image-preview":"max-image-preview:large","max-video-preview":"max-video-preview:-1"},"canonical":"https:\/\/thelyflabs.com\/fr\/product\/aceite-de-cbd-full-spectrum-made-for-pets-sabor-jamon-3-10ml\/","og_locale":"fr_FR","og_type":"article","og_title":"Aceite de CBD Full Spectrum Made For\u00a0Pets\u00a0Sabor Jamon\u00a03% 10ml - THE LYF LABS","og_description":"Consigue tu Aceite de CBD made for pets sabor jamon 3% en THE LYF LABS. Fabricada con los mejores matierales. Especial para mayoristas y distribuidores","og_url":"https:\/\/thelyflabs.com\/fr\/product\/aceite-de-cbd-full-spectrum-made-for-pets-sabor-jamon-3-10ml\/","og_site_name":"THE LYF LABS","article_modified_time":"2026-03-24T11:19:30+00:00","og_image":[{"width":500,"height":500,"url":"https:\/\/thelyflabs.com\/wp-content\/uploads\/2024\/03\/caja-y-botella-3-jamon-webp.webp","type":"image\/webp"}],"twitter_card":"summary_large_image","twitter_misc":{"Dur\u00e9e de lecture estim\u00e9e":"2 minutes"},"schema":{"@context":"https:\/\/schema.org","@graph":[{"@type":"WebPage","@id":"https:\/\/thelyflabs.com\/product\/aceite-de-cbd-full-spectrum-made-for-pets-sabor-jamon-3-10ml","url":"https:\/\/thelyflabs.com\/product\/aceite-de-cbd-full-spectrum-made-for-pets-sabor-jamon-3-10ml","name":"Aceite de CBD Full Spectrum Made For\u00a0Pets\u00a0Sabor Jamon\u00a03% 10ml - THE LYF LABS","isPartOf":{"@id":"https:\/\/thelyflabs.com\/#website"},"primaryImageOfPage":{"@id":"https:\/\/thelyflabs.com\/product\/aceite-de-cbd-full-spectrum-made-for-pets-sabor-jamon-3-10ml#primaryimage"},"image":{"@id":"https:\/\/thelyflabs.com\/product\/aceite-de-cbd-full-spectrum-made-for-pets-sabor-jamon-3-10ml#primaryimage"},"thumbnailUrl":"https:\/\/thelyflabs.com\/wp-content\/uploads\/2024\/03\/caja-y-botella-3-jamon-webp.webp","datePublished":"2024-03-07T13:31:53+00:00","dateModified":"2026-03-24T11:19:30+00:00","description":"Consigue tu Aceite de CBD made for pets sabor jamon 3% en THE LYF LABS. Fabricada con los mejores matierales. Especial para mayoristas y distribuidores","breadcrumb":{"@id":"https:\/\/thelyflabs.com\/product\/aceite-de-cbd-full-spectrum-made-for-pets-sabor-jamon-3-10ml#breadcrumb"},"inLanguage":"fr-FR","potentialAction":[{"@type":"ReadAction","target":["https:\/\/thelyflabs.com\/product\/aceite-de-cbd-full-spectrum-made-for-pets-sabor-jamon-3-10ml"]}]},{"@type":"ImageObject","inLanguage":"fr-FR","@id":"https:\/\/thelyflabs.com\/product\/aceite-de-cbd-full-spectrum-made-for-pets-sabor-jamon-3-10ml#primaryimage","url":"https:\/\/thelyflabs.com\/wp-content\/uploads\/2024\/03\/caja-y-botella-3-jamon-webp.webp","contentUrl":"https:\/\/thelyflabs.com\/wp-content\/uploads\/2024\/03\/caja-y-botella-3-jamon-webp.webp","width":500,"height":500,"caption":"aceite para mascotas 3% sabor jamon precio mayorista"},{"@type":"BreadcrumbList","@id":"https:\/\/thelyflabs.com\/product\/aceite-de-cbd-full-spectrum-made-for-pets-sabor-jamon-3-10ml#breadcrumb","itemListElement":[{"@type":"ListItem","position":1,"name":"Portada","item":"https:\/\/thelyflabs.com\/"},{"@type":"ListItem","position":2,"name":"Tienda","item":"https:\/\/thelyflabs.com\/tienda"},{"@type":"ListItem","position":3,"name":"Aceite de CBD Full Spectrum Made For\u00a0Pets\u00a0Sabor Jamon\u00a03% 10ml"}]},{"@type":"WebSite","@id":"https:\/\/thelyflabs.com\/#website","url":"https:\/\/thelyflabs.com\/","name":"Les laboratoires LYF","description":"Vente en gros de CBD","publisher":{"@id":"https:\/\/thelyflabs.com\/#organization"},"potentialAction":[{"@type":"SearchAction","target":{"@type":"EntryPoint","urlTemplate":"https:\/\/thelyflabs.com\/?s={search_term_string}"},"query-input":{"@type":"PropertyValueSpecification","valueRequired":true,"valueName":"search_term_string"}}],"inLanguage":"fr-FR"},{"@type":"Organization","@id":"https:\/\/thelyflabs.com\/#organization","name":"Les laboratoires LYF","url":"https:\/\/thelyflabs.com\/","logo":{"@type":"ImageObject","inLanguage":"fr-FR","@id":"https:\/\/thelyflabs.com\/#\/schema\/logo\/image\/","url":"https:\/\/thelyflabs.com\/wp-content\/uploads\/2023\/01\/cropped-LogoTheLYFLabs.png","contentUrl":"https:\/\/thelyflabs.com\/wp-content\/uploads\/2023\/01\/cropped-LogoTheLYFLabs.png","width":600,"height":180,"caption":"The LYF Labs"},"image":{"@id":"https:\/\/thelyflabs.com\/#\/schema\/logo\/image\/"}}]}},"_links":{"self":[{"href":"https:\/\/thelyflabs.com\/fr\/wp-json\/wp\/v2\/product\/5850","targetHints":{"allow":["GET"]}}],"collection":[{"href":"https:\/\/thelyflabs.com\/fr\/wp-json\/wp\/v2\/product"}],"about":[{"href":"https:\/\/thelyflabs.com\/fr\/wp-json\/wp\/v2\/types\/product"}],"replies":[{"embeddable":true,"href":"https:\/\/thelyflabs.com\/fr\/wp-json\/wp\/v2\/comments?post=5850"}],"wp:featuredmedia":[{"embeddable":true,"href":"https:\/\/thelyflabs.com\/fr\/wp-json\/wp\/v2\/media\/5853"}],"wp:attachment":[{"href":"https:\/\/thelyflabs.com\/fr\/wp-json\/wp\/v2\/media?parent=5850"}],"wp:term":[{"taxonomy":"product_brand","embeddable":true,"href":"https:\/\/thelyflabs.com\/fr\/wp-json\/wp\/v2\/product_brand?post=5850"},{"taxonomy":"product_cat","embeddable":true,"href":"https:\/\/thelyflabs.com\/fr\/wp-json\/wp\/v2\/product_cat?post=5850"},{"taxonomy":"product_tag","embeddable":true,"href":"https:\/\/thelyflabs.com\/fr\/wp-json\/wp\/v2\/product_tag?post=5850"}],"curies":[{"name":"wp","href":"https:\/\/api.w.org\/{rel}","templated":true}]}}