{"id":7679,"date":"2024-07-22T21:54:27","date_gmt":"2024-07-22T19:54:27","guid":{"rendered":"https:\/\/thelyflabs.com\/?post_type=product&#038;p=7679"},"modified":"2025-09-29T10:40:10","modified_gmt":"2025-09-29T08:40:10","slug":"pack-pop-corn-mini-buds-indoor-cbd-15gr-x-10-unidades","status":"publish","type":"product","link":"https:\/\/thelyflabs.com\/fr\/product\/pack-pop-corn-mini-buds-indoor-cbd-15gr-x-10-unidades","title":{"rendered":"Pack Pop Corn \u2013 Mini Buds Indoor CBD 15gr x 10 unit\u00e9s"},"content":{"rendered":"<h1>Pack Pop Corn \u2013 Mini Buds Indoor CBD 15gr x 10 unit\u00e9s<\/h1>\n<p><span style=\"font-weight: 400\">Pour ceux qui souhaitent acheter des fleurs de CBD en grande quantit\u00e9 et de bonne qualit\u00e9, nos Mini Buds CBD de 15 g sont la meilleure option du march\u00e9. Un sachet de 15 g contenant la meilleure vari\u00e9t\u00e9 de mini t\u00eates CBD pour que vous puissiez profiter du pouvoir relaxant du CBD.<\/span><\/p>\n<h3><b>Apparence<\/b><\/h3>\n<p><span style=\"font-weight: 400\">Nos CBD Mini Buds se caract\u00e9risent par leurs t\u00eates denses et compactes, avec des nuances qui varient du vert intense aux subtiles teintes violettes.<\/span><\/p>\n<p>D\u00e9couvrez la qualit\u00e9 premium de nos fleurs Pop Corn \u2013 Mini Buds Indoor CBD de 15 grammes en Iguana Smoke. Ces fleurs de CBD, cultiv\u00e9es en int\u00e9rieur, offrent une exp\u00e9rience in\u00e9gal\u00e9e aux amateurs de CBD. Avec une teneur en CBD de haute puret\u00e9 et une saveur douce et naturelle, nos mini t\u00eates sont parfaites pour ceux qui cherchent \u00e0 se d\u00e9tendre et \u00e0 profiter des bienfaits du CBD sans les effets psychoactifs du THC.<\/p>\n<p>Chaque paquet contient 15 grammes de petites fleurs de CBD puissantes, connues sous le nom de \u00ab Pop Corn Buds \u00bb pour leur taille compacte et leur densit\u00e9. Ces mini fleurs sont id\u00e9ales pour \u00eatre vaporis\u00e9es, infus\u00e9es ou simplement appr\u00e9ci\u00e9es sous leur forme naturelle.<\/p>\n<p><strong>Caract\u00e9ristiques:<\/strong><\/p>\n<ul>\n<li><strong>Qualit\u00e9 sup\u00e9rieure\u00a0:<\/strong> Fleurs de CBD issues de culture en int\u00e9rieur.<\/li>\n<li><strong>Teneur \u00e9lev\u00e9e en CBD :<\/strong> Puissant et efficace.<\/li>\n<li><strong>Saveur et ar\u00f4me naturels\u00a0:<\/strong> Doux et agr\u00e9able.<\/li>\n<li><strong>Versatilit\u00e9:<\/strong> Parfait pour diverses formes de consommation.<\/li>\n<\/ul>\n<p><strong>Avantages:<\/strong><\/p>\n<ul>\n<li><strong>Relaxation:<\/strong> Aide \u00e0 r\u00e9duire le stress et l\u2019anxi\u00e9t\u00e9.<\/li>\n<li><strong>Bien-\u00eatre:<\/strong> Favorise un \u00e9tat de calme et de bien-\u00eatre g\u00e9n\u00e9ral.<\/li>\n<li><strong>Sans THC\u00a0:<\/strong> Profitez des bienfaits du CBD sans les effets psychoactifs.<\/li>\n<\/ul>\n<p>D\u00e9couvrez la diff\u00e9rence avec Pop Corn \u2013 Mini Buds Indoor CBD 15gr d&#039;Iguana Smoke et \u00e9levez votre exp\u00e9rience CBD \u00e0 un nouveau niveau.<\/p>\n<h2><b>Achetez des fleurs et des bourgeons de CBD chez Iguana Smoke<\/b><\/h2>\n<p><span style=\"font-weight: 400\">Les agriculteurs r\u00e9coltent les fleurs d&#039;Iguana Smoke CBD de mani\u00e8re biologique, sans utiliser de pesticides ni d&#039;OGM, garantissant ainsi des produits de haute qualit\u00e9 et sans produits chimiques. L&#039;utilisation de m\u00e9thodes d&#039;agriculture biologique favorise la durabilit\u00e9 et la responsabilit\u00e9 environnementale, rendant le produit attrayant pour les consommateurs soucieux de l&#039;environnement.<\/span><\/p>\n<p><em><span style=\"font-weight: 400\">L&#039;Union europ\u00e9enne approuve les plantes de Cannabis Sativa \u00e0 partir desquelles les fleurs d&#039;Iguana Smoke sont r\u00e9colt\u00e9es, ce qui les rend l\u00e9gales 100%. De plus, ces fleurs contiennent moins de 0,2 % THC, elles n\u2019ont donc aucun effet psychoactif. Cela en fait une option parfaite pour ceux qui souhaitent profiter des bienfaits du CBD sans ressentir les effets psychoactifs du THC.<\/span><\/em><\/p>\n<p><span style=\"font-size: 16px;font-weight: 400\">Si vous aimez cette fleur, vous aimerez peut-\u00eatre <\/span><span style=\"text-decoration: underline\"><strong><a href=\"https:\/\/iguanasmoke.com\/producto\/gelato-cbd\/\">Gelato au CBD<\/a><\/strong>,<\/span><span style=\"font-size: 16px;font-weight: 400\"> le<\/span><span style=\"text-decoration: underline\"> <a href=\"https:\/\/iguanasmoke.com\/producto\/amnesia-cbd\/\"><strong>Amn\u00e9sie<\/strong><\/a><\/span><span style=\"font-size: 16px;font-weight: 400\"> vague <\/span><a style=\"font-size: 16px;font-weight: 400;background-color: #ffffff\" href=\"https:\/\/iguanasmoke.com\/producto\/shelby-cbd\/\"><strong><span style=\"text-decoration: underline\">Shelby<\/span><\/strong><\/a><span style=\"font-size: 16px;font-weight: 400\">.<\/span><\/p>\n<p><span style=\"font-weight: 400\">Si vous souhaitez d\u00e9couvrir d&#039;autres produits, consultez notre <a href=\"https:\/\/iguanasmoke.com\/categoria\/aceites\/\"><span style=\"text-decoration: underline\"><strong>Huiles de CBD<\/strong><\/span><\/a> soit<a href=\"https:\/\/iguanasmoke.com\/categoria\/vape-cbd\/\"><span style=\"text-decoration: underline\"> <strong>Vapeurs CBD<\/strong>.<\/span><\/a><\/span><\/p>\n<p><span style=\"font-weight: 400\"><strong>Fum\u00e9e d&#039;iguane<\/strong> est synonyme de qualit\u00e9 ; une marque attrayante qui connecte avec les nouvelles g\u00e9n\u00e9rations de consommateurs de CBD qui recherchent un produit s\u00fbr, fiable et abordable, qui poss\u00e8de toutes les caract\u00e9ristiques pour se positionner avec succ\u00e8s sur le march\u00e9 florissant du CBD. Si vous avez des questions, contactez-nous et nous serons heureux de vous aider.<\/span><\/p>\n<p>&nbsp;<\/p>\n<h2><span style=\"color: #ffffff\">acheter des fleurs de CBD, acheter des fleurs de CBD en ligne, des fleurs de CBD en gros, des bourgeons de CBD, des bourgeons de CBD en ligne, acheter des fleurs de CBD, acheter des fleurs de CBD en ligne, acheter de la marijuana en ligne.<\/span><\/h2>","protected":false},"excerpt":{"rendered":"<p>\u00c9conomisez 11% avec le Pack de 10 unit\u00e9s.<\/p>\n<p><span style=\"font-weight: 400\">Nos Pop Corn \u2013 Mini Buds Indoor CBD ont \u00e9t\u00e9 soigneusement s\u00e9lectionn\u00e9s pour satisfaire les besoins aromatiques des utilisateurs de fleurs CBD dans le domaine de la marijuana l\u00e9gale. Il se distingue par son odeur sucr\u00e9e et celle du diesel. Nos CBD Mini Buds attirent beaucoup de monde pour leur profil aromatique unique, o\u00f9 certains peuvent remarquer un ar\u00f4me de chocolat, ajoutant \u00e0 leur caract\u00e8re exquis et sophistiqu\u00e9.<\/span><\/p>\n<ul>\n<li>CBD : 15% \/ THC : &lt; 0,2%<\/li>\n<li>Petits bourgeons (Mini Buds)<\/li>\n<li>Dominante Sativa<\/li>\n<li>Ar\u00f4me fort avec des tons doux<\/li>\n<\/ul>\n<p>100% l\u00e9gal en Europe<\/p>\n<p>Analyse qualit\u00e9 : cliquez <a href=\"https:\/\/iguanasmoke.com\/wp-content\/uploads\/2018\/02\/Flor-Sour-Tsunami.pdf\" target=\"_blank\" rel=\"noopener\">ici<\/a><\/p>","protected":false},"featured_media":7673,"comment_status":"open","ping_status":"closed","template":"","meta":{"_acf_changed":false,"site-sidebar-layout":"default","site-content-layout":"","ast-site-content-layout":"default","site-content-style":"default","site-sidebar-style":"default","ast-global-header-display":"","ast-banner-title-visibility":"","ast-main-header-display":"","ast-hfb-above-header-display":"","ast-hfb-below-header-display":"","ast-hfb-mobile-header-display":"","site-post-title":"","ast-breadcrumbs-content":"","ast-featured-img":"","footer-sml-layout":"","theme-transparent-header-meta":"default","adv-header-id-meta":"","stick-header-meta":"","header-above-stick-meta":"","header-main-stick-meta":"","header-below-stick-meta":"","astra-migrate-meta-layouts":"set","ast-page-background-enabled":"default","ast-page-background-meta":{"desktop":{"background-color":"var(--ast-global-color-4)","background-image":"","background-repeat":"repeat","background-position":"center center","background-size":"auto","background-attachment":"scroll","background-type":"","background-media":"","overlay-type":"","overlay-color":"","overlay-opacity":"","overlay-gradient":""},"tablet":{"background-color":"","background-image":"","background-repeat":"repeat","background-position":"center center","background-size":"auto","background-attachment":"scroll","background-type":"","background-media":"","overlay-type":"","overlay-color":"","overlay-opacity":"","overlay-gradient":""},"mobile":{"background-color":"","background-image":"","background-repeat":"repeat","background-position":"center center","background-size":"auto","background-attachment":"scroll","background-type":"","background-media":"","overlay-type":"","overlay-color":"","overlay-opacity":"","overlay-gradient":""}},"ast-content-background-meta":{"desktop":{"background-color":"var(--ast-global-color-5)","background-image":"","background-repeat":"repeat","background-position":"center center","background-size":"auto","background-attachment":"scroll","background-type":"","background-media":"","overlay-type":"","overlay-color":"","overlay-opacity":"","overlay-gradient":""},"tablet":{"background-color":"var(--ast-global-color-5)","background-image":"","background-repeat":"repeat","background-position":"center center","background-size":"auto","background-attachment":"scroll","background-type":"","background-media":"","overlay-type":"","overlay-color":"","overlay-opacity":"","overlay-gradient":""},"mobile":{"background-color":"var(--ast-global-color-5)","background-image":"","background-repeat":"repeat","background-position":"center center","background-size":"auto","background-attachment":"scroll","background-type":"","background-media":"","overlay-type":"","overlay-color":"","overlay-opacity":"","overlay-gradient":""}}},"product_brand":[],"product_cat":[24,108,102,110,123],"product_tag":[],"class_list":{"0":"post-7679","1":"product","2":"type-product","3":"status-publish","4":"has-post-thumbnail","6":"product_cat-flores-de-cbd","7":"product_cat-novedades","8":"product_cat-packs-y-ofertas","9":"product_cat-pop-corn-mini-buds","10":"product_cat-pop-corn-cbd-mini-buds","11":"desktop-align-center","12":"tablet-align-left","13":"mobile-align-left","15":"first","16":"outofstock","17":"sale","18":"taxable","19":"shipping-taxable","20":"purchasable","21":"product-type-composite"},"acf":[],"yoast_head":"<!-- This site is optimized with the Yoast SEO plugin v27.3 - https:\/\/yoast.com\/product\/yoast-seo-wordpress\/ -->\n<title>Pack Pop Corn - Mini Buds Indoor CBD 15gr x 10 Unidades - THE LYF LABS<\/title>\n<meta name=\"robots\" content=\"index, follow, max-snippet:-1, max-image-preview:large, max-video-preview:-1\" \/>\n<link rel=\"canonical\" href=\"https:\/\/thelyflabs.com\/fr\/product\/pack-pop-corn-mini-buds-indoor-cbd-15gr-x-10-unidades\/\" \/>\n<meta property=\"og:locale\" content=\"fr_FR\" \/>\n<meta property=\"og:type\" content=\"article\" \/>\n<meta property=\"og:title\" content=\"Pack Pop Corn - Mini Buds Indoor CBD 15gr x 10 Unidades - THE LYF LABS\" \/>\n<meta property=\"og:description\" content=\"Ahorra 11% con el Pack de 10 unidades.  Nuestros Pop Corn - Mini Buds Indoor CBD han sido seleccioados cuidadosamente para satisfacers las necesidades arom\u00e1ticas de los usuarios de flores de CBD en el \u00e1mbito de la marihuana legal. Destaca por su olor, dulce y a combustible diesel. Nuestros Mini Buds de CBD atraen a muchos por su perfil arom\u00e1tico \u00fanico, donde algunos pueden notar un aroma a chocolate, sumando a su car\u00e1cter exquisito y sofisticado.   CBD: 15% \/ THC: &lt; 0,2%  Cogollos peque\u00f1os (Mini Buds)  Dominante Sativa  Aroma fuerte con tonos dulces  100% legal en Europa  An\u00e1lisis de calidad: pincha aqu\u00ed\" \/>\n<meta property=\"og:url\" content=\"https:\/\/thelyflabs.com\/fr\/product\/pack-pop-corn-mini-buds-indoor-cbd-15gr-x-10-unidades\/\" \/>\n<meta property=\"og:site_name\" content=\"THE LYF LABS\" \/>\n<meta property=\"article:modified_time\" content=\"2025-09-29T08:40:10+00:00\" \/>\n<meta property=\"og:image\" content=\"https:\/\/thelyflabs.com\/wp-content\/uploads\/2024\/07\/Pack-de-flores-Pop-corn-Indoor-10x15-1.webp\" \/>\n\t<meta property=\"og:image:width\" content=\"1000\" \/>\n\t<meta property=\"og:image:height\" content=\"1000\" \/>\n\t<meta property=\"og:image:type\" content=\"image\/webp\" \/>\n<meta name=\"twitter:card\" content=\"summary_large_image\" \/>\n<meta name=\"twitter:label1\" content=\"Dur\u00e9e de lecture estim\u00e9e\" \/>\n\t<meta name=\"twitter:data1\" content=\"4 minutes\" \/>\n<script type=\"application\/ld+json\" class=\"yoast-schema-graph\">{\"@context\":\"https:\\\/\\\/schema.org\",\"@graph\":[{\"@type\":\"WebPage\",\"@id\":\"https:\\\/\\\/thelyflabs.com\\\/product\\\/pack-pop-corn-mini-buds-indoor-cbd-15gr-x-10-unidades\",\"url\":\"https:\\\/\\\/thelyflabs.com\\\/product\\\/pack-pop-corn-mini-buds-indoor-cbd-15gr-x-10-unidades\",\"name\":\"Pack Pop Corn - Mini Buds Indoor CBD 15gr x 10 Unidades - THE LYF LABS\",\"isPartOf\":{\"@id\":\"https:\\\/\\\/thelyflabs.com\\\/#website\"},\"primaryImageOfPage\":{\"@id\":\"https:\\\/\\\/thelyflabs.com\\\/product\\\/pack-pop-corn-mini-buds-indoor-cbd-15gr-x-10-unidades#primaryimage\"},\"image\":{\"@id\":\"https:\\\/\\\/thelyflabs.com\\\/product\\\/pack-pop-corn-mini-buds-indoor-cbd-15gr-x-10-unidades#primaryimage\"},\"thumbnailUrl\":\"https:\\\/\\\/thelyflabs.com\\\/wp-content\\\/uploads\\\/2024\\\/07\\\/Pack-de-flores-Pop-corn-Indoor-10x15-1.webp\",\"datePublished\":\"2024-07-22T19:54:27+00:00\",\"dateModified\":\"2025-09-29T08:40:10+00:00\",\"breadcrumb\":{\"@id\":\"https:\\\/\\\/thelyflabs.com\\\/product\\\/pack-pop-corn-mini-buds-indoor-cbd-15gr-x-10-unidades#breadcrumb\"},\"inLanguage\":\"fr-FR\",\"potentialAction\":[{\"@type\":\"ReadAction\",\"target\":[\"https:\\\/\\\/thelyflabs.com\\\/product\\\/pack-pop-corn-mini-buds-indoor-cbd-15gr-x-10-unidades\"]}]},{\"@type\":\"ImageObject\",\"inLanguage\":\"fr-FR\",\"@id\":\"https:\\\/\\\/thelyflabs.com\\\/product\\\/pack-pop-corn-mini-buds-indoor-cbd-15gr-x-10-unidades#primaryimage\",\"url\":\"https:\\\/\\\/thelyflabs.com\\\/wp-content\\\/uploads\\\/2024\\\/07\\\/Pack-de-flores-Pop-corn-Indoor-10x15-1.webp\",\"contentUrl\":\"https:\\\/\\\/thelyflabs.com\\\/wp-content\\\/uploads\\\/2024\\\/07\\\/Pack-de-flores-Pop-corn-Indoor-10x15-1.webp\",\"width\":1000,\"height\":1000,\"caption\":\"mini buds indoor 10 x 15\"},{\"@type\":\"BreadcrumbList\",\"@id\":\"https:\\\/\\\/thelyflabs.com\\\/product\\\/pack-pop-corn-mini-buds-indoor-cbd-15gr-x-10-unidades#breadcrumb\",\"itemListElement\":[{\"@type\":\"ListItem\",\"position\":1,\"name\":\"Portada\",\"item\":\"https:\\\/\\\/thelyflabs.com\\\/\"},{\"@type\":\"ListItem\",\"position\":2,\"name\":\"Tienda\",\"item\":\"https:\\\/\\\/thelyflabs.com\\\/tienda\"},{\"@type\":\"ListItem\",\"position\":3,\"name\":\"Pack Pop Corn &#8211; Mini Buds Indoor CBD 15gr x 10 Unidades\"}]},{\"@type\":\"WebSite\",\"@id\":\"https:\\\/\\\/thelyflabs.com\\\/#website\",\"url\":\"https:\\\/\\\/thelyflabs.com\\\/\",\"name\":\"The LYF Labs\",\"description\":\"CBD al por mayor\",\"publisher\":{\"@id\":\"https:\\\/\\\/thelyflabs.com\\\/#organization\"},\"potentialAction\":[{\"@type\":\"SearchAction\",\"target\":{\"@type\":\"EntryPoint\",\"urlTemplate\":\"https:\\\/\\\/thelyflabs.com\\\/?s={search_term_string}\"},\"query-input\":{\"@type\":\"PropertyValueSpecification\",\"valueRequired\":true,\"valueName\":\"search_term_string\"}}],\"inLanguage\":\"fr-FR\"},{\"@type\":\"Organization\",\"@id\":\"https:\\\/\\\/thelyflabs.com\\\/#organization\",\"name\":\"The LYF Labs\",\"url\":\"https:\\\/\\\/thelyflabs.com\\\/\",\"logo\":{\"@type\":\"ImageObject\",\"inLanguage\":\"fr-FR\",\"@id\":\"https:\\\/\\\/thelyflabs.com\\\/#\\\/schema\\\/logo\\\/image\\\/\",\"url\":\"https:\\\/\\\/thelyflabs.com\\\/wp-content\\\/uploads\\\/2023\\\/01\\\/cropped-LogoTheLYFLabs.png\",\"contentUrl\":\"https:\\\/\\\/thelyflabs.com\\\/wp-content\\\/uploads\\\/2023\\\/01\\\/cropped-LogoTheLYFLabs.png\",\"width\":600,\"height\":180,\"caption\":\"The LYF Labs\"},\"image\":{\"@id\":\"https:\\\/\\\/thelyflabs.com\\\/#\\\/schema\\\/logo\\\/image\\\/\"}}]}<\/script>\n<!-- \/ Yoast SEO plugin. -->","yoast_head_json":{"title":"Pack de pop-corn - Mini Buds CBD d&#039;int\u00e9rieur 15 g x 10 unit\u00e9s - THE LYF LABS","robots":{"index":"index","follow":"follow","max-snippet":"max-snippet:-1","max-image-preview":"max-image-preview:large","max-video-preview":"max-video-preview:-1"},"canonical":"https:\/\/thelyflabs.com\/fr\/product\/pack-pop-corn-mini-buds-indoor-cbd-15gr-x-10-unidades\/","og_locale":"fr_FR","og_type":"article","og_title":"Pack Pop Corn - Mini Buds Indoor CBD 15gr x 10 Unidades - THE LYF LABS","og_description":"Ahorra 11% con el Pack de 10 unidades.  Nuestros Pop Corn - Mini Buds Indoor CBD han sido seleccioados cuidadosamente para satisfacers las necesidades arom\u00e1ticas de los usuarios de flores de CBD en el \u00e1mbito de la marihuana legal. Destaca por su olor, dulce y a combustible diesel. Nuestros Mini Buds de CBD atraen a muchos por su perfil arom\u00e1tico \u00fanico, donde algunos pueden notar un aroma a chocolate, sumando a su car\u00e1cter exquisito y sofisticado.   CBD: 15% \/ THC: &lt; 0,2%  Cogollos peque\u00f1os (Mini Buds)  Dominante Sativa  Aroma fuerte con tonos dulces  100% legal en Europa  An\u00e1lisis de calidad: pincha aqu\u00ed","og_url":"https:\/\/thelyflabs.com\/fr\/product\/pack-pop-corn-mini-buds-indoor-cbd-15gr-x-10-unidades\/","og_site_name":"THE LYF LABS","article_modified_time":"2025-09-29T08:40:10+00:00","og_image":[{"width":1000,"height":1000,"url":"https:\/\/thelyflabs.com\/wp-content\/uploads\/2024\/07\/Pack-de-flores-Pop-corn-Indoor-10x15-1.webp","type":"image\/webp"}],"twitter_card":"summary_large_image","twitter_misc":{"Dur\u00e9e de lecture estim\u00e9e":"4 minutes"},"schema":{"@context":"https:\/\/schema.org","@graph":[{"@type":"WebPage","@id":"https:\/\/thelyflabs.com\/product\/pack-pop-corn-mini-buds-indoor-cbd-15gr-x-10-unidades","url":"https:\/\/thelyflabs.com\/product\/pack-pop-corn-mini-buds-indoor-cbd-15gr-x-10-unidades","name":"Pack de pop-corn - Mini Buds CBD d&#039;int\u00e9rieur 15 g x 10 unit\u00e9s - THE LYF LABS","isPartOf":{"@id":"https:\/\/thelyflabs.com\/#website"},"primaryImageOfPage":{"@id":"https:\/\/thelyflabs.com\/product\/pack-pop-corn-mini-buds-indoor-cbd-15gr-x-10-unidades#primaryimage"},"image":{"@id":"https:\/\/thelyflabs.com\/product\/pack-pop-corn-mini-buds-indoor-cbd-15gr-x-10-unidades#primaryimage"},"thumbnailUrl":"https:\/\/thelyflabs.com\/wp-content\/uploads\/2024\/07\/Pack-de-flores-Pop-corn-Indoor-10x15-1.webp","datePublished":"2024-07-22T19:54:27+00:00","dateModified":"2025-09-29T08:40:10+00:00","breadcrumb":{"@id":"https:\/\/thelyflabs.com\/product\/pack-pop-corn-mini-buds-indoor-cbd-15gr-x-10-unidades#breadcrumb"},"inLanguage":"fr-FR","potentialAction":[{"@type":"ReadAction","target":["https:\/\/thelyflabs.com\/product\/pack-pop-corn-mini-buds-indoor-cbd-15gr-x-10-unidades"]}]},{"@type":"ImageObject","inLanguage":"fr-FR","@id":"https:\/\/thelyflabs.com\/product\/pack-pop-corn-mini-buds-indoor-cbd-15gr-x-10-unidades#primaryimage","url":"https:\/\/thelyflabs.com\/wp-content\/uploads\/2024\/07\/Pack-de-flores-Pop-corn-Indoor-10x15-1.webp","contentUrl":"https:\/\/thelyflabs.com\/wp-content\/uploads\/2024\/07\/Pack-de-flores-Pop-corn-Indoor-10x15-1.webp","width":1000,"height":1000,"caption":"mini buds indoor 10 x 15"},{"@type":"BreadcrumbList","@id":"https:\/\/thelyflabs.com\/product\/pack-pop-corn-mini-buds-indoor-cbd-15gr-x-10-unidades#breadcrumb","itemListElement":[{"@type":"ListItem","position":1,"name":"Portada","item":"https:\/\/thelyflabs.com\/"},{"@type":"ListItem","position":2,"name":"Tienda","item":"https:\/\/thelyflabs.com\/tienda"},{"@type":"ListItem","position":3,"name":"Pack Pop Corn &#8211; Mini Buds Indoor CBD 15gr x 10 Unidades"}]},{"@type":"WebSite","@id":"https:\/\/thelyflabs.com\/#website","url":"https:\/\/thelyflabs.com\/","name":"Les laboratoires LYF","description":"Vente en gros de CBD","publisher":{"@id":"https:\/\/thelyflabs.com\/#organization"},"potentialAction":[{"@type":"SearchAction","target":{"@type":"EntryPoint","urlTemplate":"https:\/\/thelyflabs.com\/?s={search_term_string}"},"query-input":{"@type":"PropertyValueSpecification","valueRequired":true,"valueName":"search_term_string"}}],"inLanguage":"fr-FR"},{"@type":"Organization","@id":"https:\/\/thelyflabs.com\/#organization","name":"Les laboratoires LYF","url":"https:\/\/thelyflabs.com\/","logo":{"@type":"ImageObject","inLanguage":"fr-FR","@id":"https:\/\/thelyflabs.com\/#\/schema\/logo\/image\/","url":"https:\/\/thelyflabs.com\/wp-content\/uploads\/2023\/01\/cropped-LogoTheLYFLabs.png","contentUrl":"https:\/\/thelyflabs.com\/wp-content\/uploads\/2023\/01\/cropped-LogoTheLYFLabs.png","width":600,"height":180,"caption":"The LYF Labs"},"image":{"@id":"https:\/\/thelyflabs.com\/#\/schema\/logo\/image\/"}}]}},"_links":{"self":[{"href":"https:\/\/thelyflabs.com\/fr\/wp-json\/wp\/v2\/product\/7679","targetHints":{"allow":["GET"]}}],"collection":[{"href":"https:\/\/thelyflabs.com\/fr\/wp-json\/wp\/v2\/product"}],"about":[{"href":"https:\/\/thelyflabs.com\/fr\/wp-json\/wp\/v2\/types\/product"}],"replies":[{"embeddable":true,"href":"https:\/\/thelyflabs.com\/fr\/wp-json\/wp\/v2\/comments?post=7679"}],"wp:featuredmedia":[{"embeddable":true,"href":"https:\/\/thelyflabs.com\/fr\/wp-json\/wp\/v2\/media\/7673"}],"wp:attachment":[{"href":"https:\/\/thelyflabs.com\/fr\/wp-json\/wp\/v2\/media?parent=7679"}],"wp:term":[{"taxonomy":"product_brand","embeddable":true,"href":"https:\/\/thelyflabs.com\/fr\/wp-json\/wp\/v2\/product_brand?post=7679"},{"taxonomy":"product_cat","embeddable":true,"href":"https:\/\/thelyflabs.com\/fr\/wp-json\/wp\/v2\/product_cat?post=7679"},{"taxonomy":"product_tag","embeddable":true,"href":"https:\/\/thelyflabs.com\/fr\/wp-json\/wp\/v2\/product_tag?post=7679"}],"curies":[{"name":"wp","href":"https:\/\/api.w.org\/{rel}","templated":true}]}}