{"id":7786,"date":"2024-07-31T07:41:33","date_gmt":"2024-07-31T05:41:33","guid":{"rendered":"https:\/\/thelyflabs.com\/?post_type=product&#038;p=7786"},"modified":"2024-07-31T14:51:00","modified_gmt":"2024-07-31T12:51:00","slug":"semillas-de-canamo-peladas-lyf-sabor-original-250g","status":"publish","type":"product","link":"https:\/\/thelyflabs.com\/fr\/product\/semillas-de-canamo-peladas-lyf-sabor-original-250g","title":{"rendered":"Graines de Chanvre Pel\u00e9es LYF \u2013 Saveur Originale (250g)"},"content":{"rendered":"<h3>Graines de Chanvre Pel\u00e9es LYF \u2013 Saveur Originale (250g)<\/h3>\n<p>D\u00e9couvrez le pouvoir nutritionnel des graines de chanvre pel\u00e9es LYF ! Cultiv\u00e9es de mani\u00e8re biologique, ces graines de chanvre sont un joyau de la nature, charg\u00e9 de bienfaits pour votre sant\u00e9.<\/p>\n<p><strong>Avantages pr\u00e9sent\u00e9s\u00a0:<\/strong><\/p>\n<ul>\n<li><strong>Agriculture biologique\u00a0:<\/strong> Issues de cultures durables, nos graines de chanvre respectent l&#039;environnement et pr\u00e9servent la puret\u00e9 des nutriments.<\/li>\n<li><strong>Riche en Om\u00e9ga 3 et 6 :<\/strong> Maintenez un c\u0153ur en bonne sant\u00e9 et \u00e9quilibrez votre alimentation avec ces acides gras essentiels, connus pour leurs propri\u00e9t\u00e9s anti-inflammatoires et leur soutien \u00e0 la sant\u00e9 cardiovasculaire.<\/li>\n<li><strong>Teneur \u00e9lev\u00e9e en prot\u00e9ines\u00a0:<\/strong> Id\u00e9ales pour les sportifs et les personnes actives, ces graines sont une excellente source de prot\u00e9ines v\u00e9g\u00e9tales, parfaites pour renforcer les muscles et les tissus.<\/li>\n<\/ul>\n<p><strong>Saveur originale\u00a0:<\/strong> Profitez de la saveur naturelle authentique de nos graines, qui s&#039;int\u00e8grent facilement \u00e0 n&#039;importe quel r\u00e9gime. Ils sont parfaits pour ajouter \u00e0 vos smoothies, salades, yaourts ou simplement comme collation saine.<\/p>\n<p><strong>Pr\u00e9sentation:<\/strong> Sachet de 250 g, facile \u00e0 transporter et \u00e0 ranger, en conservant toujours la fra\u00eecheur et la qualit\u00e9 du produit.<\/p>\n<p>Dans <strong>LES LABORATOIRES LYF<\/strong>, nous sommes fiers de proposer des produits qui non seulement ont bon go\u00fbt, mais qui sont \u00e9galement bons pour vous. Ajoutez des graines de chanvre pel\u00e9es \u00e0 votre routine quotidienne et ressentez la diff\u00e9rence dans votre sant\u00e9 et votre bien-\u00eatre.<\/p>","protected":false},"excerpt":{"rendered":"<h3>\u00a0Am\u00e9liorez votre sant\u00e9 avec les graines de chanvre pel\u00e9es LYF ! Cultiv\u00e9es biologiquement, ces graines sont riches en om\u00e9ga 3 et 6 et poss\u00e8dent une forte teneur en prot\u00e9ines.<\/h3>\n<p><strong>Avantages:<\/strong><\/p>\n<ul>\n<li>Agriculture biologique<\/li>\n<li>Riche en om\u00e9ga 3 et 6<\/li>\n<li>Teneur \u00e9lev\u00e9e en prot\u00e9ines<\/li>\n<li>Saveur originale et naturelle<\/li>\n<\/ul>\n<p><strong>Utilisations\u00a0:<\/strong><\/p>\n<ul>\n<li>Ajouter aux smoothies<\/li>\n<li>Salades<\/li>\n<li>Yaourts<\/li>\n<li>Collations<\/li>\n<\/ul>","protected":false},"featured_media":7788,"comment_status":"open","ping_status":"closed","template":"","meta":{"_acf_changed":false,"site-sidebar-layout":"default","site-content-layout":"","ast-site-content-layout":"default","site-content-style":"default","site-sidebar-style":"default","ast-global-header-display":"","ast-banner-title-visibility":"","ast-main-header-display":"","ast-hfb-above-header-display":"","ast-hfb-below-header-display":"","ast-hfb-mobile-header-display":"","site-post-title":"","ast-breadcrumbs-content":"","ast-featured-img":"","footer-sml-layout":"","theme-transparent-header-meta":"default","adv-header-id-meta":"","stick-header-meta":"","header-above-stick-meta":"","header-main-stick-meta":"","header-below-stick-meta":"","astra-migrate-meta-layouts":"set","ast-page-background-enabled":"default","ast-page-background-meta":{"desktop":{"background-color":"var(--ast-global-color-4)","background-image":"","background-repeat":"repeat","background-position":"center center","background-size":"auto","background-attachment":"scroll","background-type":"","background-media":"","overlay-type":"","overlay-color":"","overlay-opacity":"","overlay-gradient":""},"tablet":{"background-color":"","background-image":"","background-repeat":"repeat","background-position":"center center","background-size":"auto","background-attachment":"scroll","background-type":"","background-media":"","overlay-type":"","overlay-color":"","overlay-opacity":"","overlay-gradient":""},"mobile":{"background-color":"","background-image":"","background-repeat":"repeat","background-position":"center center","background-size":"auto","background-attachment":"scroll","background-type":"","background-media":"","overlay-type":"","overlay-color":"","overlay-opacity":"","overlay-gradient":""}},"ast-content-background-meta":{"desktop":{"background-color":"var(--ast-global-color-5)","background-image":"","background-repeat":"repeat","background-position":"center center","background-size":"auto","background-attachment":"scroll","background-type":"","background-media":"","overlay-type":"","overlay-color":"","overlay-opacity":"","overlay-gradient":""},"tablet":{"background-color":"var(--ast-global-color-5)","background-image":"","background-repeat":"repeat","background-position":"center center","background-size":"auto","background-attachment":"scroll","background-type":"","background-media":"","overlay-type":"","overlay-color":"","overlay-opacity":"","overlay-gradient":""},"mobile":{"background-color":"var(--ast-global-color-5)","background-image":"","background-repeat":"repeat","background-position":"center center","background-size":"auto","background-attachment":"scroll","background-type":"","background-media":"","overlay-type":"","overlay-color":"","overlay-opacity":"","overlay-gradient":""}}},"product_brand":[],"product_cat":[124,44],"product_tag":[],"class_list":{"0":"post-7786","1":"product","2":"type-product","3":"status-publish","4":"has-post-thumbnail","6":"product_cat-alimentacion","7":"product_cat-lyf","8":"desktop-align-center","9":"tablet-align-left","10":"mobile-align-left","12":"first","13":"instock","14":"taxable","15":"shipping-taxable","16":"purchasable","17":"product-type-simple"},"acf":[],"yoast_head":"<!-- This site is optimized with the Yoast SEO plugin v27.4 - https:\/\/yoast.com\/product\/yoast-seo-wordpress\/ -->\n<title>Semillas de C\u00e1\u00f1amo Peladas LYF - Sabor Original (250g) - THE LYF LABS<\/title>\n<meta name=\"description\" content=\"Semillas de Ca\u00f1amo en un formato listo para consumir. Manten tu salud con este snack natural. Env\u00edo gratuito en Espa\u00f1a y Portugal a partir de 100\u20ac.\" \/>\n<meta name=\"robots\" content=\"index, follow, max-snippet:-1, max-image-preview:large, max-video-preview:-1\" \/>\n<link rel=\"canonical\" href=\"https:\/\/thelyflabs.com\/fr\/product\/semillas-de-canamo-peladas-lyf-sabor-original-250g\/\" \/>\n<meta property=\"og:locale\" content=\"fr_FR\" \/>\n<meta property=\"og:type\" content=\"article\" \/>\n<meta property=\"og:title\" content=\"Semillas de C\u00e1\u00f1amo Peladas LYF - Sabor Original (250g) - THE LYF LABS\" \/>\n<meta property=\"og:description\" content=\"Semillas de Ca\u00f1amo en un formato listo para consumir. Manten tu salud con este snack natural. Env\u00edo gratuito en Espa\u00f1a y Portugal a partir de 100\u20ac.\" \/>\n<meta property=\"og:url\" content=\"https:\/\/thelyflabs.com\/fr\/product\/semillas-de-canamo-peladas-lyf-sabor-original-250g\/\" \/>\n<meta property=\"og:site_name\" content=\"THE LYF LABS\" \/>\n<meta property=\"article:modified_time\" content=\"2024-07-31T12:51:00+00:00\" \/>\n<meta property=\"og:image\" content=\"https:\/\/thelyflabs.com\/wp-content\/uploads\/2024\/07\/Bolsas-doble-Original-frontal.webp\" \/>\n\t<meta property=\"og:image:width\" content=\"1000\" \/>\n\t<meta property=\"og:image:height\" content=\"1000\" \/>\n\t<meta property=\"og:image:type\" content=\"image\/webp\" \/>\n<meta name=\"twitter:card\" content=\"summary_large_image\" \/>\n<meta name=\"twitter:label1\" content=\"Dur\u00e9e de lecture estim\u00e9e\" \/>\n\t<meta name=\"twitter:data1\" content=\"2 minutes\" \/>\n<script type=\"application\/ld+json\" class=\"yoast-schema-graph\">{\"@context\":\"https:\\\/\\\/schema.org\",\"@graph\":[{\"@type\":\"WebPage\",\"@id\":\"https:\\\/\\\/thelyflabs.com\\\/product\\\/semillas-de-canamo-peladas-lyf-sabor-original-250g\",\"url\":\"https:\\\/\\\/thelyflabs.com\\\/product\\\/semillas-de-canamo-peladas-lyf-sabor-original-250g\",\"name\":\"Semillas de C\u00e1\u00f1amo Peladas LYF - Sabor Original (250g) - THE LYF LABS\",\"isPartOf\":{\"@id\":\"https:\\\/\\\/thelyflabs.com\\\/#website\"},\"primaryImageOfPage\":{\"@id\":\"https:\\\/\\\/thelyflabs.com\\\/product\\\/semillas-de-canamo-peladas-lyf-sabor-original-250g#primaryimage\"},\"image\":{\"@id\":\"https:\\\/\\\/thelyflabs.com\\\/product\\\/semillas-de-canamo-peladas-lyf-sabor-original-250g#primaryimage\"},\"thumbnailUrl\":\"https:\\\/\\\/thelyflabs.com\\\/wp-content\\\/uploads\\\/2024\\\/07\\\/Bolsas-doble-Original-frontal.webp\",\"datePublished\":\"2024-07-31T05:41:33+00:00\",\"dateModified\":\"2024-07-31T12:51:00+00:00\",\"description\":\"Semillas de Ca\u00f1amo en un formato listo para consumir. Manten tu salud con este snack natural. Env\u00edo gratuito en Espa\u00f1a y Portugal a partir de 100\u20ac.\",\"breadcrumb\":{\"@id\":\"https:\\\/\\\/thelyflabs.com\\\/product\\\/semillas-de-canamo-peladas-lyf-sabor-original-250g#breadcrumb\"},\"inLanguage\":\"fr-FR\",\"potentialAction\":[{\"@type\":\"ReadAction\",\"target\":[\"https:\\\/\\\/thelyflabs.com\\\/product\\\/semillas-de-canamo-peladas-lyf-sabor-original-250g\"]}]},{\"@type\":\"ImageObject\",\"inLanguage\":\"fr-FR\",\"@id\":\"https:\\\/\\\/thelyflabs.com\\\/product\\\/semillas-de-canamo-peladas-lyf-sabor-original-250g#primaryimage\",\"url\":\"https:\\\/\\\/thelyflabs.com\\\/wp-content\\\/uploads\\\/2024\\\/07\\\/Bolsas-doble-Original-frontal.webp\",\"contentUrl\":\"https:\\\/\\\/thelyflabs.com\\\/wp-content\\\/uploads\\\/2024\\\/07\\\/Bolsas-doble-Original-frontal.webp\",\"width\":1000,\"height\":1000},{\"@type\":\"BreadcrumbList\",\"@id\":\"https:\\\/\\\/thelyflabs.com\\\/product\\\/semillas-de-canamo-peladas-lyf-sabor-original-250g#breadcrumb\",\"itemListElement\":[{\"@type\":\"ListItem\",\"position\":1,\"name\":\"Portada\",\"item\":\"https:\\\/\\\/thelyflabs.com\\\/\"},{\"@type\":\"ListItem\",\"position\":2,\"name\":\"Tienda\",\"item\":\"https:\\\/\\\/thelyflabs.com\\\/tienda\"},{\"@type\":\"ListItem\",\"position\":3,\"name\":\"Semillas de C\u00e1\u00f1amo Peladas LYF &#8211; Sabor Original (250g)\"}]},{\"@type\":\"WebSite\",\"@id\":\"https:\\\/\\\/thelyflabs.com\\\/#website\",\"url\":\"https:\\\/\\\/thelyflabs.com\\\/\",\"name\":\"The LYF Labs\",\"description\":\"CBD al por mayor\",\"publisher\":{\"@id\":\"https:\\\/\\\/thelyflabs.com\\\/#organization\"},\"potentialAction\":[{\"@type\":\"SearchAction\",\"target\":{\"@type\":\"EntryPoint\",\"urlTemplate\":\"https:\\\/\\\/thelyflabs.com\\\/?s={search_term_string}\"},\"query-input\":{\"@type\":\"PropertyValueSpecification\",\"valueRequired\":true,\"valueName\":\"search_term_string\"}}],\"inLanguage\":\"fr-FR\"},{\"@type\":\"Organization\",\"@id\":\"https:\\\/\\\/thelyflabs.com\\\/#organization\",\"name\":\"The LYF Labs\",\"url\":\"https:\\\/\\\/thelyflabs.com\\\/\",\"logo\":{\"@type\":\"ImageObject\",\"inLanguage\":\"fr-FR\",\"@id\":\"https:\\\/\\\/thelyflabs.com\\\/#\\\/schema\\\/logo\\\/image\\\/\",\"url\":\"https:\\\/\\\/thelyflabs.com\\\/wp-content\\\/uploads\\\/2023\\\/01\\\/cropped-LogoTheLYFLabs.png\",\"contentUrl\":\"https:\\\/\\\/thelyflabs.com\\\/wp-content\\\/uploads\\\/2023\\\/01\\\/cropped-LogoTheLYFLabs.png\",\"width\":600,\"height\":180,\"caption\":\"The LYF Labs\"},\"image\":{\"@id\":\"https:\\\/\\\/thelyflabs.com\\\/#\\\/schema\\\/logo\\\/image\\\/\"}}]}<\/script>\n<!-- \/ Yoast SEO plugin. -->","yoast_head_json":{"title":"Graines de chanvre d\u00e9cortiqu\u00e9es LYF - Saveur originale (250 g) - THE LYF LABS","description":"Graines de chanvre pr\u00eates \u00e0 consommer. Prenez soin de votre sant\u00e9 avec cet en-cas naturel. Livraison gratuite en Espagne et au Portugal pour toute commande sup\u00e9rieure \u00e0 100 \u20ac.","robots":{"index":"index","follow":"follow","max-snippet":"max-snippet:-1","max-image-preview":"max-image-preview:large","max-video-preview":"max-video-preview:-1"},"canonical":"https:\/\/thelyflabs.com\/fr\/product\/semillas-de-canamo-peladas-lyf-sabor-original-250g\/","og_locale":"fr_FR","og_type":"article","og_title":"Semillas de C\u00e1\u00f1amo Peladas LYF - Sabor Original (250g) - THE LYF LABS","og_description":"Semillas de Ca\u00f1amo en un formato listo para consumir. Manten tu salud con este snack natural. Env\u00edo gratuito en Espa\u00f1a y Portugal a partir de 100\u20ac.","og_url":"https:\/\/thelyflabs.com\/fr\/product\/semillas-de-canamo-peladas-lyf-sabor-original-250g\/","og_site_name":"THE LYF LABS","article_modified_time":"2024-07-31T12:51:00+00:00","og_image":[{"width":1000,"height":1000,"url":"https:\/\/thelyflabs.com\/wp-content\/uploads\/2024\/07\/Bolsas-doble-Original-frontal.webp","type":"image\/webp"}],"twitter_card":"summary_large_image","twitter_misc":{"Dur\u00e9e de lecture estim\u00e9e":"2 minutes"},"schema":{"@context":"https:\/\/schema.org","@graph":[{"@type":"WebPage","@id":"https:\/\/thelyflabs.com\/product\/semillas-de-canamo-peladas-lyf-sabor-original-250g","url":"https:\/\/thelyflabs.com\/product\/semillas-de-canamo-peladas-lyf-sabor-original-250g","name":"Graines de chanvre d\u00e9cortiqu\u00e9es LYF - Saveur originale (250 g) - THE LYF LABS","isPartOf":{"@id":"https:\/\/thelyflabs.com\/#website"},"primaryImageOfPage":{"@id":"https:\/\/thelyflabs.com\/product\/semillas-de-canamo-peladas-lyf-sabor-original-250g#primaryimage"},"image":{"@id":"https:\/\/thelyflabs.com\/product\/semillas-de-canamo-peladas-lyf-sabor-original-250g#primaryimage"},"thumbnailUrl":"https:\/\/thelyflabs.com\/wp-content\/uploads\/2024\/07\/Bolsas-doble-Original-frontal.webp","datePublished":"2024-07-31T05:41:33+00:00","dateModified":"2024-07-31T12:51:00+00:00","description":"Graines de chanvre pr\u00eates \u00e0 consommer. Prenez soin de votre sant\u00e9 avec cet en-cas naturel. Livraison gratuite en Espagne et au Portugal pour toute commande sup\u00e9rieure \u00e0 100 \u20ac.","breadcrumb":{"@id":"https:\/\/thelyflabs.com\/product\/semillas-de-canamo-peladas-lyf-sabor-original-250g#breadcrumb"},"inLanguage":"fr-FR","potentialAction":[{"@type":"ReadAction","target":["https:\/\/thelyflabs.com\/product\/semillas-de-canamo-peladas-lyf-sabor-original-250g"]}]},{"@type":"ImageObject","inLanguage":"fr-FR","@id":"https:\/\/thelyflabs.com\/product\/semillas-de-canamo-peladas-lyf-sabor-original-250g#primaryimage","url":"https:\/\/thelyflabs.com\/wp-content\/uploads\/2024\/07\/Bolsas-doble-Original-frontal.webp","contentUrl":"https:\/\/thelyflabs.com\/wp-content\/uploads\/2024\/07\/Bolsas-doble-Original-frontal.webp","width":1000,"height":1000},{"@type":"BreadcrumbList","@id":"https:\/\/thelyflabs.com\/product\/semillas-de-canamo-peladas-lyf-sabor-original-250g#breadcrumb","itemListElement":[{"@type":"ListItem","position":1,"name":"Portada","item":"https:\/\/thelyflabs.com\/"},{"@type":"ListItem","position":2,"name":"Tienda","item":"https:\/\/thelyflabs.com\/tienda"},{"@type":"ListItem","position":3,"name":"Semillas de C\u00e1\u00f1amo Peladas LYF &#8211; Sabor Original (250g)"}]},{"@type":"WebSite","@id":"https:\/\/thelyflabs.com\/#website","url":"https:\/\/thelyflabs.com\/","name":"Les laboratoires LYF","description":"Vente en gros de CBD","publisher":{"@id":"https:\/\/thelyflabs.com\/#organization"},"potentialAction":[{"@type":"SearchAction","target":{"@type":"EntryPoint","urlTemplate":"https:\/\/thelyflabs.com\/?s={search_term_string}"},"query-input":{"@type":"PropertyValueSpecification","valueRequired":true,"valueName":"search_term_string"}}],"inLanguage":"fr-FR"},{"@type":"Organization","@id":"https:\/\/thelyflabs.com\/#organization","name":"Les laboratoires LYF","url":"https:\/\/thelyflabs.com\/","logo":{"@type":"ImageObject","inLanguage":"fr-FR","@id":"https:\/\/thelyflabs.com\/#\/schema\/logo\/image\/","url":"https:\/\/thelyflabs.com\/wp-content\/uploads\/2023\/01\/cropped-LogoTheLYFLabs.png","contentUrl":"https:\/\/thelyflabs.com\/wp-content\/uploads\/2023\/01\/cropped-LogoTheLYFLabs.png","width":600,"height":180,"caption":"The LYF Labs"},"image":{"@id":"https:\/\/thelyflabs.com\/#\/schema\/logo\/image\/"}}]}},"_links":{"self":[{"href":"https:\/\/thelyflabs.com\/fr\/wp-json\/wp\/v2\/product\/7786","targetHints":{"allow":["GET"]}}],"collection":[{"href":"https:\/\/thelyflabs.com\/fr\/wp-json\/wp\/v2\/product"}],"about":[{"href":"https:\/\/thelyflabs.com\/fr\/wp-json\/wp\/v2\/types\/product"}],"replies":[{"embeddable":true,"href":"https:\/\/thelyflabs.com\/fr\/wp-json\/wp\/v2\/comments?post=7786"}],"wp:featuredmedia":[{"embeddable":true,"href":"https:\/\/thelyflabs.com\/fr\/wp-json\/wp\/v2\/media\/7788"}],"wp:attachment":[{"href":"https:\/\/thelyflabs.com\/fr\/wp-json\/wp\/v2\/media?parent=7786"}],"wp:term":[{"taxonomy":"product_brand","embeddable":true,"href":"https:\/\/thelyflabs.com\/fr\/wp-json\/wp\/v2\/product_brand?post=7786"},{"taxonomy":"product_cat","embeddable":true,"href":"https:\/\/thelyflabs.com\/fr\/wp-json\/wp\/v2\/product_cat?post=7786"},{"taxonomy":"product_tag","embeddable":true,"href":"https:\/\/thelyflabs.com\/fr\/wp-json\/wp\/v2\/product_tag?post=7786"}],"curies":[{"name":"wp","href":"https:\/\/api.w.org\/{rel}","templated":true}]}}