{"id":7787,"date":"2024-07-31T07:41:34","date_gmt":"2024-07-31T05:41:34","guid":{"rendered":"https:\/\/thelyflabs.com\/?post_type=product&#038;p=7787"},"modified":"2024-07-31T14:51:21","modified_gmt":"2024-07-31T12:51:21","slug":"semillas-de-canamo-peladas-con-chocolate-negro-lyf-250g","status":"publish","type":"product","link":"https:\/\/thelyflabs.com\/fr\/product\/semillas-de-canamo-peladas-con-chocolate-negro-lyf-250g","title":{"rendered":"Graines de Chanvre pel\u00e9es au Chocolat Noir LYF (250g)"},"content":{"rendered":"<h3>Graines de Chanvre pel\u00e9es au Chocolat Noir LYF \u2013 (250g)<\/h3>\n<p>Profitez du go\u00fbt d\u00e9licieux et nutritif des graines de chanvre pel\u00e9es au chocolat noir LYF\u00a0! Ces graines cultiv\u00e9es biologiquement sont une source exceptionnelle de nutriments et de saveur.<\/p>\n<p><strong>Avantages pr\u00e9sent\u00e9s\u00a0:<\/strong><\/p>\n<ul>\n<li><strong>Agriculture biologique\u00a0:<\/strong> Nos graines proviennent de cultures durables, garantissant une qualit\u00e9 maximale et un respect de l&#039;environnement.<\/li>\n<li><strong>Riche en Om\u00e9ga 3 et 6 :<\/strong> Gardez votre c\u0153ur en bonne sant\u00e9 et \u00e9quilibrez votre alimentation avec ces acides gras essentiels, connus pour leurs propri\u00e9t\u00e9s b\u00e9n\u00e9fiques pour la sant\u00e9 cardiovasculaire et anti-inflammatoires.<\/li>\n<li><strong>Teneur \u00e9lev\u00e9e en prot\u00e9ines\u00a0:<\/strong> Parfaites pour les sportifs et les personnes actives, ces graines sont une excellente source de prot\u00e9ines v\u00e9g\u00e9tales, id\u00e9ales pour renforcer les muscles et les tissus.<\/li>\n<\/ul>\n<p><strong>Au chocolat noir :<\/strong> D\u00e9licieuse option pour les amateurs de chocolat, nos graines de chanvre allient une saveur exquise \u00e0 tous les bienfaits nutritionnels. Ils sont parfaits pour ajouter \u00e0 vos smoothies, desserts, c\u00e9r\u00e9ales ou simplement comme collation saine.<\/p>\n<p><strong>Pr\u00e9sentation:<\/strong> Sachet de 250 g, con\u00e7u pour conserver la fra\u00eecheur et la qualit\u00e9 du produit, facile \u00e0 transporter et \u00e0 ranger.<\/p>\n<p>Dans <strong>LES LABORATOIRES LYF<\/strong>, nous sommes fiers de proposer des produits non seulement d\u00e9licieux, mais \u00e9galement b\u00e9n\u00e9fiques pour votre sant\u00e9. Ajoutez les graines de chanvre pel\u00e9es au chocolat noir LYF \u00e0 votre alimentation quotidienne et ressentez la diff\u00e9rence dans votre bien-\u00eatre.<\/p>","protected":false},"excerpt":{"rendered":"<h3>\u00a0Am\u00e9liorez votre sant\u00e9 avec les graines de chanvre pel\u00e9es LYF ! Cultiv\u00e9es biologiquement, ces graines sont riches en om\u00e9ga 3 et 6 et poss\u00e8dent une forte teneur en prot\u00e9ines.<\/h3>\n<p><strong>Avantages:<\/strong><\/p>\n<ul>\n<li>Agriculture biologique<\/li>\n<li>Riche en om\u00e9ga 3 et 6<\/li>\n<li>Teneur \u00e9lev\u00e9e en prot\u00e9ines<\/li>\n<li>Aux copeaux de chocolat noir<\/li>\n<\/ul>\n<p><strong>Utilisations\u00a0:<\/strong><\/p>\n<ul>\n<li>Ajouter aux smoothies<\/li>\n<li>Salades<\/li>\n<li>Yaourts<\/li>\n<li>Collations<\/li>\n<\/ul>","protected":false},"featured_media":7792,"comment_status":"open","ping_status":"closed","template":"","meta":{"_acf_changed":false,"site-sidebar-layout":"default","site-content-layout":"","ast-site-content-layout":"default","site-content-style":"default","site-sidebar-style":"default","ast-global-header-display":"","ast-banner-title-visibility":"","ast-main-header-display":"","ast-hfb-above-header-display":"","ast-hfb-below-header-display":"","ast-hfb-mobile-header-display":"","site-post-title":"","ast-breadcrumbs-content":"","ast-featured-img":"","footer-sml-layout":"","theme-transparent-header-meta":"default","adv-header-id-meta":"","stick-header-meta":"","header-above-stick-meta":"","header-main-stick-meta":"","header-below-stick-meta":"","astra-migrate-meta-layouts":"set","ast-page-background-enabled":"default","ast-page-background-meta":{"desktop":{"background-color":"var(--ast-global-color-4)","background-image":"","background-repeat":"repeat","background-position":"center center","background-size":"auto","background-attachment":"scroll","background-type":"","background-media":"","overlay-type":"","overlay-color":"","overlay-opacity":"","overlay-gradient":""},"tablet":{"background-color":"","background-image":"","background-repeat":"repeat","background-position":"center center","background-size":"auto","background-attachment":"scroll","background-type":"","background-media":"","overlay-type":"","overlay-color":"","overlay-opacity":"","overlay-gradient":""},"mobile":{"background-color":"","background-image":"","background-repeat":"repeat","background-position":"center center","background-size":"auto","background-attachment":"scroll","background-type":"","background-media":"","overlay-type":"","overlay-color":"","overlay-opacity":"","overlay-gradient":""}},"ast-content-background-meta":{"desktop":{"background-color":"var(--ast-global-color-5)","background-image":"","background-repeat":"repeat","background-position":"center center","background-size":"auto","background-attachment":"scroll","background-type":"","background-media":"","overlay-type":"","overlay-color":"","overlay-opacity":"","overlay-gradient":""},"tablet":{"background-color":"var(--ast-global-color-5)","background-image":"","background-repeat":"repeat","background-position":"center center","background-size":"auto","background-attachment":"scroll","background-type":"","background-media":"","overlay-type":"","overlay-color":"","overlay-opacity":"","overlay-gradient":""},"mobile":{"background-color":"var(--ast-global-color-5)","background-image":"","background-repeat":"repeat","background-position":"center center","background-size":"auto","background-attachment":"scroll","background-type":"","background-media":"","overlay-type":"","overlay-color":"","overlay-opacity":"","overlay-gradient":""}}},"product_brand":[],"product_cat":[124,44,108],"product_tag":[],"class_list":{"0":"post-7787","1":"product","2":"type-product","3":"status-publish","4":"has-post-thumbnail","6":"product_cat-alimentacion","7":"product_cat-lyf","8":"product_cat-novedades","9":"desktop-align-center","10":"tablet-align-left","11":"mobile-align-left","13":"first","14":"instock","15":"taxable","16":"shipping-taxable","17":"purchasable","18":"product-type-simple"},"acf":[],"yoast_head":"<!-- This site is optimized with the Yoast SEO plugin v27.4 - https:\/\/yoast.com\/product\/yoast-seo-wordpress\/ -->\n<title>Semillas de C\u00e1\u00f1amo Peladas con Chocolate Negro LYF (250g) - THE LYF LABS<\/title>\n<meta name=\"description\" content=\"Semillas de Ca\u00f1amo en un formato listo para consumir. Manten tu salud con este snack natural. Env\u00edo gratuito en Espa\u00f1a y Portugal a partir de 100\u20ac.\" \/>\n<meta name=\"robots\" content=\"index, follow, max-snippet:-1, max-image-preview:large, max-video-preview:-1\" \/>\n<link rel=\"canonical\" href=\"https:\/\/thelyflabs.com\/fr\/product\/semillas-de-canamo-peladas-con-chocolate-negro-lyf-250g\/\" \/>\n<meta property=\"og:locale\" content=\"fr_FR\" \/>\n<meta property=\"og:type\" content=\"article\" \/>\n<meta property=\"og:title\" content=\"Semillas de C\u00e1\u00f1amo Peladas con Chocolate Negro LYF (250g) - THE LYF LABS\" \/>\n<meta property=\"og:description\" content=\"Semillas de Ca\u00f1amo en un formato listo para consumir. Manten tu salud con este snack natural. Env\u00edo gratuito en Espa\u00f1a y Portugal a partir de 100\u20ac.\" \/>\n<meta property=\"og:url\" content=\"https:\/\/thelyflabs.com\/fr\/product\/semillas-de-canamo-peladas-con-chocolate-negro-lyf-250g\/\" \/>\n<meta property=\"og:site_name\" content=\"THE LYF LABS\" \/>\n<meta property=\"article:modified_time\" content=\"2024-07-31T12:51:21+00:00\" \/>\n<meta property=\"og:image\" content=\"https:\/\/thelyflabs.com\/wp-content\/uploads\/2024\/07\/Bolsas-doble-Choco.-frontal.webp\" \/>\n\t<meta property=\"og:image:width\" content=\"1000\" \/>\n\t<meta property=\"og:image:height\" content=\"1000\" \/>\n\t<meta property=\"og:image:type\" content=\"image\/webp\" \/>\n<meta name=\"twitter:card\" content=\"summary_large_image\" \/>\n<meta name=\"twitter:label1\" content=\"Dur\u00e9e de lecture estim\u00e9e\" \/>\n\t<meta name=\"twitter:data1\" content=\"3 minutes\" \/>\n<script type=\"application\/ld+json\" class=\"yoast-schema-graph\">{\"@context\":\"https:\\\/\\\/schema.org\",\"@graph\":[{\"@type\":\"WebPage\",\"@id\":\"https:\\\/\\\/thelyflabs.com\\\/product\\\/semillas-de-canamo-peladas-con-chocolate-negro-lyf-250g\",\"url\":\"https:\\\/\\\/thelyflabs.com\\\/product\\\/semillas-de-canamo-peladas-con-chocolate-negro-lyf-250g\",\"name\":\"Semillas de C\u00e1\u00f1amo Peladas con Chocolate Negro LYF (250g) - THE LYF LABS\",\"isPartOf\":{\"@id\":\"https:\\\/\\\/thelyflabs.com\\\/#website\"},\"primaryImageOfPage\":{\"@id\":\"https:\\\/\\\/thelyflabs.com\\\/product\\\/semillas-de-canamo-peladas-con-chocolate-negro-lyf-250g#primaryimage\"},\"image\":{\"@id\":\"https:\\\/\\\/thelyflabs.com\\\/product\\\/semillas-de-canamo-peladas-con-chocolate-negro-lyf-250g#primaryimage\"},\"thumbnailUrl\":\"https:\\\/\\\/thelyflabs.com\\\/wp-content\\\/uploads\\\/2024\\\/07\\\/Bolsas-doble-Choco.-frontal.webp\",\"datePublished\":\"2024-07-31T05:41:34+00:00\",\"dateModified\":\"2024-07-31T12:51:21+00:00\",\"description\":\"Semillas de Ca\u00f1amo en un formato listo para consumir. Manten tu salud con este snack natural. Env\u00edo gratuito en Espa\u00f1a y Portugal a partir de 100\u20ac.\",\"breadcrumb\":{\"@id\":\"https:\\\/\\\/thelyflabs.com\\\/product\\\/semillas-de-canamo-peladas-con-chocolate-negro-lyf-250g#breadcrumb\"},\"inLanguage\":\"fr-FR\",\"potentialAction\":[{\"@type\":\"ReadAction\",\"target\":[\"https:\\\/\\\/thelyflabs.com\\\/product\\\/semillas-de-canamo-peladas-con-chocolate-negro-lyf-250g\"]}]},{\"@type\":\"ImageObject\",\"inLanguage\":\"fr-FR\",\"@id\":\"https:\\\/\\\/thelyflabs.com\\\/product\\\/semillas-de-canamo-peladas-con-chocolate-negro-lyf-250g#primaryimage\",\"url\":\"https:\\\/\\\/thelyflabs.com\\\/wp-content\\\/uploads\\\/2024\\\/07\\\/Bolsas-doble-Choco.-frontal.webp\",\"contentUrl\":\"https:\\\/\\\/thelyflabs.com\\\/wp-content\\\/uploads\\\/2024\\\/07\\\/Bolsas-doble-Choco.-frontal.webp\",\"width\":1000,\"height\":1000},{\"@type\":\"BreadcrumbList\",\"@id\":\"https:\\\/\\\/thelyflabs.com\\\/product\\\/semillas-de-canamo-peladas-con-chocolate-negro-lyf-250g#breadcrumb\",\"itemListElement\":[{\"@type\":\"ListItem\",\"position\":1,\"name\":\"Portada\",\"item\":\"https:\\\/\\\/thelyflabs.com\\\/\"},{\"@type\":\"ListItem\",\"position\":2,\"name\":\"Tienda\",\"item\":\"https:\\\/\\\/thelyflabs.com\\\/tienda\"},{\"@type\":\"ListItem\",\"position\":3,\"name\":\"Semillas de C\u00e1\u00f1amo Peladas con Chocolate Negro LYF (250g)\"}]},{\"@type\":\"WebSite\",\"@id\":\"https:\\\/\\\/thelyflabs.com\\\/#website\",\"url\":\"https:\\\/\\\/thelyflabs.com\\\/\",\"name\":\"The LYF Labs\",\"description\":\"CBD al por mayor\",\"publisher\":{\"@id\":\"https:\\\/\\\/thelyflabs.com\\\/#organization\"},\"potentialAction\":[{\"@type\":\"SearchAction\",\"target\":{\"@type\":\"EntryPoint\",\"urlTemplate\":\"https:\\\/\\\/thelyflabs.com\\\/?s={search_term_string}\"},\"query-input\":{\"@type\":\"PropertyValueSpecification\",\"valueRequired\":true,\"valueName\":\"search_term_string\"}}],\"inLanguage\":\"fr-FR\"},{\"@type\":\"Organization\",\"@id\":\"https:\\\/\\\/thelyflabs.com\\\/#organization\",\"name\":\"The LYF Labs\",\"url\":\"https:\\\/\\\/thelyflabs.com\\\/\",\"logo\":{\"@type\":\"ImageObject\",\"inLanguage\":\"fr-FR\",\"@id\":\"https:\\\/\\\/thelyflabs.com\\\/#\\\/schema\\\/logo\\\/image\\\/\",\"url\":\"https:\\\/\\\/thelyflabs.com\\\/wp-content\\\/uploads\\\/2023\\\/01\\\/cropped-LogoTheLYFLabs.png\",\"contentUrl\":\"https:\\\/\\\/thelyflabs.com\\\/wp-content\\\/uploads\\\/2023\\\/01\\\/cropped-LogoTheLYFLabs.png\",\"width\":600,\"height\":180,\"caption\":\"The LYF Labs\"},\"image\":{\"@id\":\"https:\\\/\\\/thelyflabs.com\\\/#\\\/schema\\\/logo\\\/image\\\/\"}}]}<\/script>\n<!-- \/ Yoast SEO plugin. -->","yoast_head_json":{"title":"Graines de chanvre d\u00e9cortiqu\u00e9es LYF au chocolat noir (250 g) - THE LYF LABS","description":"Graines de chanvre pr\u00eates \u00e0 consommer. Prenez soin de votre sant\u00e9 avec cet en-cas naturel. Livraison gratuite en Espagne et au Portugal pour toute commande sup\u00e9rieure \u00e0 100 \u20ac.","robots":{"index":"index","follow":"follow","max-snippet":"max-snippet:-1","max-image-preview":"max-image-preview:large","max-video-preview":"max-video-preview:-1"},"canonical":"https:\/\/thelyflabs.com\/fr\/product\/semillas-de-canamo-peladas-con-chocolate-negro-lyf-250g\/","og_locale":"fr_FR","og_type":"article","og_title":"Semillas de C\u00e1\u00f1amo Peladas con Chocolate Negro LYF (250g) - THE LYF LABS","og_description":"Semillas de Ca\u00f1amo en un formato listo para consumir. Manten tu salud con este snack natural. Env\u00edo gratuito en Espa\u00f1a y Portugal a partir de 100\u20ac.","og_url":"https:\/\/thelyflabs.com\/fr\/product\/semillas-de-canamo-peladas-con-chocolate-negro-lyf-250g\/","og_site_name":"THE LYF LABS","article_modified_time":"2024-07-31T12:51:21+00:00","og_image":[{"width":1000,"height":1000,"url":"https:\/\/thelyflabs.com\/wp-content\/uploads\/2024\/07\/Bolsas-doble-Choco.-frontal.webp","type":"image\/webp"}],"twitter_card":"summary_large_image","twitter_misc":{"Dur\u00e9e de lecture estim\u00e9e":"3 minutes"},"schema":{"@context":"https:\/\/schema.org","@graph":[{"@type":"WebPage","@id":"https:\/\/thelyflabs.com\/product\/semillas-de-canamo-peladas-con-chocolate-negro-lyf-250g","url":"https:\/\/thelyflabs.com\/product\/semillas-de-canamo-peladas-con-chocolate-negro-lyf-250g","name":"Graines de chanvre d\u00e9cortiqu\u00e9es LYF au chocolat noir (250 g) - THE LYF LABS","isPartOf":{"@id":"https:\/\/thelyflabs.com\/#website"},"primaryImageOfPage":{"@id":"https:\/\/thelyflabs.com\/product\/semillas-de-canamo-peladas-con-chocolate-negro-lyf-250g#primaryimage"},"image":{"@id":"https:\/\/thelyflabs.com\/product\/semillas-de-canamo-peladas-con-chocolate-negro-lyf-250g#primaryimage"},"thumbnailUrl":"https:\/\/thelyflabs.com\/wp-content\/uploads\/2024\/07\/Bolsas-doble-Choco.-frontal.webp","datePublished":"2024-07-31T05:41:34+00:00","dateModified":"2024-07-31T12:51:21+00:00","description":"Graines de chanvre pr\u00eates \u00e0 consommer. Prenez soin de votre sant\u00e9 avec cet en-cas naturel. Livraison gratuite en Espagne et au Portugal pour toute commande sup\u00e9rieure \u00e0 100 \u20ac.","breadcrumb":{"@id":"https:\/\/thelyflabs.com\/product\/semillas-de-canamo-peladas-con-chocolate-negro-lyf-250g#breadcrumb"},"inLanguage":"fr-FR","potentialAction":[{"@type":"ReadAction","target":["https:\/\/thelyflabs.com\/product\/semillas-de-canamo-peladas-con-chocolate-negro-lyf-250g"]}]},{"@type":"ImageObject","inLanguage":"fr-FR","@id":"https:\/\/thelyflabs.com\/product\/semillas-de-canamo-peladas-con-chocolate-negro-lyf-250g#primaryimage","url":"https:\/\/thelyflabs.com\/wp-content\/uploads\/2024\/07\/Bolsas-doble-Choco.-frontal.webp","contentUrl":"https:\/\/thelyflabs.com\/wp-content\/uploads\/2024\/07\/Bolsas-doble-Choco.-frontal.webp","width":1000,"height":1000},{"@type":"BreadcrumbList","@id":"https:\/\/thelyflabs.com\/product\/semillas-de-canamo-peladas-con-chocolate-negro-lyf-250g#breadcrumb","itemListElement":[{"@type":"ListItem","position":1,"name":"Portada","item":"https:\/\/thelyflabs.com\/"},{"@type":"ListItem","position":2,"name":"Tienda","item":"https:\/\/thelyflabs.com\/tienda"},{"@type":"ListItem","position":3,"name":"Semillas de C\u00e1\u00f1amo Peladas con Chocolate Negro LYF (250g)"}]},{"@type":"WebSite","@id":"https:\/\/thelyflabs.com\/#website","url":"https:\/\/thelyflabs.com\/","name":"Les laboratoires LYF","description":"Vente en gros de CBD","publisher":{"@id":"https:\/\/thelyflabs.com\/#organization"},"potentialAction":[{"@type":"SearchAction","target":{"@type":"EntryPoint","urlTemplate":"https:\/\/thelyflabs.com\/?s={search_term_string}"},"query-input":{"@type":"PropertyValueSpecification","valueRequired":true,"valueName":"search_term_string"}}],"inLanguage":"fr-FR"},{"@type":"Organization","@id":"https:\/\/thelyflabs.com\/#organization","name":"Les laboratoires LYF","url":"https:\/\/thelyflabs.com\/","logo":{"@type":"ImageObject","inLanguage":"fr-FR","@id":"https:\/\/thelyflabs.com\/#\/schema\/logo\/image\/","url":"https:\/\/thelyflabs.com\/wp-content\/uploads\/2023\/01\/cropped-LogoTheLYFLabs.png","contentUrl":"https:\/\/thelyflabs.com\/wp-content\/uploads\/2023\/01\/cropped-LogoTheLYFLabs.png","width":600,"height":180,"caption":"The LYF Labs"},"image":{"@id":"https:\/\/thelyflabs.com\/#\/schema\/logo\/image\/"}}]}},"_links":{"self":[{"href":"https:\/\/thelyflabs.com\/fr\/wp-json\/wp\/v2\/product\/7787","targetHints":{"allow":["GET"]}}],"collection":[{"href":"https:\/\/thelyflabs.com\/fr\/wp-json\/wp\/v2\/product"}],"about":[{"href":"https:\/\/thelyflabs.com\/fr\/wp-json\/wp\/v2\/types\/product"}],"replies":[{"embeddable":true,"href":"https:\/\/thelyflabs.com\/fr\/wp-json\/wp\/v2\/comments?post=7787"}],"wp:featuredmedia":[{"embeddable":true,"href":"https:\/\/thelyflabs.com\/fr\/wp-json\/wp\/v2\/media\/7792"}],"wp:attachment":[{"href":"https:\/\/thelyflabs.com\/fr\/wp-json\/wp\/v2\/media?parent=7787"}],"wp:term":[{"taxonomy":"product_brand","embeddable":true,"href":"https:\/\/thelyflabs.com\/fr\/wp-json\/wp\/v2\/product_brand?post=7787"},{"taxonomy":"product_cat","embeddable":true,"href":"https:\/\/thelyflabs.com\/fr\/wp-json\/wp\/v2\/product_cat?post=7787"},{"taxonomy":"product_tag","embeddable":true,"href":"https:\/\/thelyflabs.com\/fr\/wp-json\/wp\/v2\/product_tag?post=7787"}],"curies":[{"name":"wp","href":"https:\/\/api.w.org\/{rel}","templated":true}]}}