{"id":796,"date":"2023-02-10T14:13:46","date_gmt":"2023-02-10T14:13:46","guid":{"rendered":"https:\/\/thelyflabs.com\/?post_type=product&#038;p=796"},"modified":"2023-06-22T06:39:46","modified_gmt":"2023-06-22T06:39:46","slug":"aceite-de-cbd-isolate-30ml-10-cbd","status":"publish","type":"product","link":"https:\/\/thelyflabs.com\/fr\/product\/aceite-de-cbd-isolate-30ml-10-cbd","title":{"rendered":"Huile d&#039;isolat de CBD 30 ml 10% CBD"},"content":{"rendered":"<p><span style=\"font-weight: 400;\">Si vous vous \u00eates d\u00e9j\u00e0 aventur\u00e9 dans le monde du CBD et souhaitez obtenir un effet plus puissant avec un produit s\u00fbr, sans THC et conforme \u00e0 la r\u00e9glementation en vigueur, notre huile LYF CBD Isolate 10% est la solution id\u00e9ale. Cette huile est con\u00e7ue pour les personnes plus exp\u00e9riment\u00e9es avec l&#039;huile de cannabidiol et qui recherchent un effet intense avec des produits naturels, mais ne souhaitent pas consommer de THC. En augmentant le pourcentage d&#039;isolat de CBD jusqu&#039;\u00e0 10%, les propri\u00e9t\u00e9s th\u00e9rapeutiques de la plante sont intensifi\u00e9es, obtenant un r\u00e9sultat plus visible.<\/span><\/p>\n<p><span style=\"font-weight: 400;\">Ressentez tout le potentiel th\u00e9rapeutique de l\u2019huile de CBD dans votre corps avec notre huile LYF CBD Isolate 10%. En isolant la mol\u00e9cule de CBD, nous proposons un produit contenant la forme la plus concentr\u00e9e de ce cannabino\u00efde, garantissant ainsi l&#039;absence de risque d&#039;\u00e9pisodes psychoactifs. L&#039;isolat de CBD est la meilleure option pour vous si vous \u00eates particuli\u00e8rement sensible au THC ou \u00e0 d&#039;autres cannabino\u00efdes, si vous pr\u00e9f\u00e9rez que votre produit soit aromatis\u00e9 sans cannabis ou si vous \u00eates expos\u00e9 \u00e0 des tests al\u00e9atoires.<\/span><\/p>","protected":false},"excerpt":{"rendered":"<p><b>LYF CBD ISOLAT 10% HUILE 30ml<\/b><\/p>\n<ul>\n<li style=\"font-weight: 400;\" aria-level=\"1\"><span style=\"font-weight: 400;\">Huile de CBD Pure Premium 10% 30 ml<\/span><\/li>\n<li style=\"font-weight: 400;\" aria-level=\"1\"><span style=\"font-weight: 400;\">Contient 3000 mg d&#039;extrait de CBD dilu\u00e9 dans de l&#039;huile de graines de chanvre biologique<\/span><\/li>\n<li style=\"font-weight: 400;\" aria-level=\"1\"><span style=\"font-weight: 400;\">Ingr\u00e9dients naturels 100%, v\u00e9g\u00e9taliens, sans OGM et respectueux de l&#039;environnement<\/span><\/li>\n<li style=\"font-weight: 400;\" aria-level=\"1\"><span style=\"font-weight: 400;\">Fabriqu\u00e9 en Espagne<\/span><\/li>\n<li style=\"font-weight: 400;\" aria-level=\"1\"><span style=\"font-weight: 400;\">Ne contient pas de THC<\/span><\/li>\n<\/ul>","protected":false},"featured_media":801,"comment_status":"open","ping_status":"closed","template":"","meta":{"_acf_changed":false,"site-sidebar-layout":"default","site-content-layout":"default","ast-site-content-layout":"default","site-content-style":"default","site-sidebar-style":"default","ast-global-header-display":"","ast-banner-title-visibility":"","ast-main-header-display":"","ast-hfb-above-header-display":"","ast-hfb-below-header-display":"","ast-hfb-mobile-header-display":"","site-post-title":"","ast-breadcrumbs-content":"","ast-featured-img":"","footer-sml-layout":"","theme-transparent-header-meta":"default","adv-header-id-meta":"","stick-header-meta":"","header-above-stick-meta":"","header-main-stick-meta":"","header-below-stick-meta":"","astra-migrate-meta-layouts":"default","ast-page-background-enabled":"default","ast-page-background-meta":{"desktop":{"background-color":"var(--ast-global-color-4)","background-image":"","background-repeat":"repeat","background-position":"center center","background-size":"auto","background-attachment":"scroll","background-type":"","background-media":"","overlay-type":"","overlay-color":"","overlay-opacity":"","overlay-gradient":""},"tablet":{"background-color":"","background-image":"","background-repeat":"repeat","background-position":"center center","background-size":"auto","background-attachment":"scroll","background-type":"","background-media":"","overlay-type":"","overlay-color":"","overlay-opacity":"","overlay-gradient":""},"mobile":{"background-color":"","background-image":"","background-repeat":"repeat","background-position":"center center","background-size":"auto","background-attachment":"scroll","background-type":"","background-media":"","overlay-type":"","overlay-color":"","overlay-opacity":"","overlay-gradient":""}},"ast-content-background-meta":{"desktop":{"background-color":"var(--ast-global-color-5)","background-image":"","background-repeat":"repeat","background-position":"center center","background-size":"auto","background-attachment":"scroll","background-type":"","background-media":"","overlay-type":"","overlay-color":"","overlay-opacity":"","overlay-gradient":""},"tablet":{"background-color":"var(--ast-global-color-5)","background-image":"","background-repeat":"repeat","background-position":"center center","background-size":"auto","background-attachment":"scroll","background-type":"","background-media":"","overlay-type":"","overlay-color":"","overlay-opacity":"","overlay-gradient":""},"mobile":{"background-color":"var(--ast-global-color-5)","background-image":"","background-repeat":"repeat","background-position":"center center","background-size":"auto","background-attachment":"scroll","background-type":"","background-media":"","overlay-type":"","overlay-color":"","overlay-opacity":"","overlay-gradient":""}}},"product_brand":[],"product_cat":[25,44],"product_tag":[],"class_list":{"0":"post-796","1":"product","2":"type-product","3":"status-publish","4":"has-post-thumbnail","6":"product_cat-aceite-de-cbd","7":"product_cat-lyf","8":"desktop-align-center","9":"tablet-align-left","10":"mobile-align-left","12":"first","13":"instock","14":"taxable","15":"shipping-taxable","16":"purchasable","17":"product-type-simple"},"acf":[],"yoast_head":"<!-- This site is optimized with the Yoast SEO plugin v27.4 - https:\/\/yoast.com\/product\/yoast-seo-wordpress\/ -->\n<title>Aceite de CBD Isolate 30ml 10% CBD - THE LYF LABS<\/title>\n<meta name=\"robots\" content=\"index, follow, max-snippet:-1, max-image-preview:large, max-video-preview:-1\" \/>\n<link rel=\"canonical\" href=\"https:\/\/thelyflabs.com\/fr\/product\/aceite-de-cbd-isolate-30ml-10-cbd\/\" \/>\n<meta property=\"og:locale\" content=\"fr_FR\" \/>\n<meta property=\"og:type\" content=\"article\" \/>\n<meta property=\"og:title\" content=\"Aceite de CBD Isolate 30ml 10% CBD - THE LYF LABS\" \/>\n<meta property=\"og:description\" content=\"ACEITE LYF CBD ISOLATE 10% 30ml   Aceite puro de CBD premium al 10% de 30 ml  Contiene 3000mg de extracto de CBD diluido en aceite de semillas de c\u00e1\u00f1amo ecol\u00f3gico  Ingredientes 100% naturales, vegano, sin OMGs\u00a0 y respetuoso con el medio ambiente  Fabricado en Espa\u00f1a  No contiene THC\" \/>\n<meta property=\"og:url\" content=\"https:\/\/thelyflabs.com\/fr\/product\/aceite-de-cbd-isolate-30ml-10-cbd\/\" \/>\n<meta property=\"og:site_name\" content=\"THE LYF LABS\" \/>\n<meta property=\"article:modified_time\" content=\"2023-06-22T06:39:46+00:00\" \/>\n<meta property=\"og:image\" content=\"https:\/\/thelyflabs.com\/wp-content\/uploads\/2023\/02\/30ml-10\ufffd-iso-gotero.jpg\" \/>\n\t<meta property=\"og:image:width\" content=\"1500\" \/>\n\t<meta property=\"og:image:height\" content=\"1500\" \/>\n\t<meta property=\"og:image:type\" content=\"image\/jpeg\" \/>\n<meta name=\"twitter:card\" content=\"summary_large_image\" \/>\n<meta name=\"twitter:label1\" content=\"Dur\u00e9e de lecture estim\u00e9e\" \/>\n\t<meta name=\"twitter:data1\" content=\"1 minute\" \/>\n<script type=\"application\/ld+json\" class=\"yoast-schema-graph\">{\"@context\":\"https:\\\/\\\/schema.org\",\"@graph\":[{\"@type\":\"WebPage\",\"@id\":\"https:\\\/\\\/thelyflabs.com\\\/product\\\/aceite-de-cbd-isolate-30ml-10-cbd\",\"url\":\"https:\\\/\\\/thelyflabs.com\\\/product\\\/aceite-de-cbd-isolate-30ml-10-cbd\",\"name\":\"Aceite de CBD Isolate 30ml 10% CBD - THE LYF LABS\",\"isPartOf\":{\"@id\":\"https:\\\/\\\/thelyflabs.com\\\/#website\"},\"primaryImageOfPage\":{\"@id\":\"https:\\\/\\\/thelyflabs.com\\\/product\\\/aceite-de-cbd-isolate-30ml-10-cbd#primaryimage\"},\"image\":{\"@id\":\"https:\\\/\\\/thelyflabs.com\\\/product\\\/aceite-de-cbd-isolate-30ml-10-cbd#primaryimage\"},\"thumbnailUrl\":\"https:\\\/\\\/thelyflabs.com\\\/wp-content\\\/uploads\\\/2023\\\/02\\\/30ml-10\ufffd-iso-gotero.jpg\",\"datePublished\":\"2023-02-10T14:13:46+00:00\",\"dateModified\":\"2023-06-22T06:39:46+00:00\",\"breadcrumb\":{\"@id\":\"https:\\\/\\\/thelyflabs.com\\\/product\\\/aceite-de-cbd-isolate-30ml-10-cbd#breadcrumb\"},\"inLanguage\":\"fr-FR\",\"potentialAction\":[{\"@type\":\"ReadAction\",\"target\":[\"https:\\\/\\\/thelyflabs.com\\\/product\\\/aceite-de-cbd-isolate-30ml-10-cbd\"]}]},{\"@type\":\"ImageObject\",\"inLanguage\":\"fr-FR\",\"@id\":\"https:\\\/\\\/thelyflabs.com\\\/product\\\/aceite-de-cbd-isolate-30ml-10-cbd#primaryimage\",\"url\":\"https:\\\/\\\/thelyflabs.com\\\/wp-content\\\/uploads\\\/2023\\\/02\\\/30ml-10\ufffd-iso-gotero.jpg\",\"contentUrl\":\"https:\\\/\\\/thelyflabs.com\\\/wp-content\\\/uploads\\\/2023\\\/02\\\/30ml-10\ufffd-iso-gotero.jpg\",\"width\":1500,\"height\":1500},{\"@type\":\"BreadcrumbList\",\"@id\":\"https:\\\/\\\/thelyflabs.com\\\/product\\\/aceite-de-cbd-isolate-30ml-10-cbd#breadcrumb\",\"itemListElement\":[{\"@type\":\"ListItem\",\"position\":1,\"name\":\"Portada\",\"item\":\"https:\\\/\\\/thelyflabs.com\\\/\"},{\"@type\":\"ListItem\",\"position\":2,\"name\":\"Tienda\",\"item\":\"https:\\\/\\\/thelyflabs.com\\\/tienda\"},{\"@type\":\"ListItem\",\"position\":3,\"name\":\"Aceite de CBD Isolate 30ml 10% CBD\"}]},{\"@type\":\"WebSite\",\"@id\":\"https:\\\/\\\/thelyflabs.com\\\/#website\",\"url\":\"https:\\\/\\\/thelyflabs.com\\\/\",\"name\":\"The LYF Labs\",\"description\":\"CBD al por mayor\",\"publisher\":{\"@id\":\"https:\\\/\\\/thelyflabs.com\\\/#organization\"},\"potentialAction\":[{\"@type\":\"SearchAction\",\"target\":{\"@type\":\"EntryPoint\",\"urlTemplate\":\"https:\\\/\\\/thelyflabs.com\\\/?s={search_term_string}\"},\"query-input\":{\"@type\":\"PropertyValueSpecification\",\"valueRequired\":true,\"valueName\":\"search_term_string\"}}],\"inLanguage\":\"fr-FR\"},{\"@type\":\"Organization\",\"@id\":\"https:\\\/\\\/thelyflabs.com\\\/#organization\",\"name\":\"The LYF Labs\",\"url\":\"https:\\\/\\\/thelyflabs.com\\\/\",\"logo\":{\"@type\":\"ImageObject\",\"inLanguage\":\"fr-FR\",\"@id\":\"https:\\\/\\\/thelyflabs.com\\\/#\\\/schema\\\/logo\\\/image\\\/\",\"url\":\"https:\\\/\\\/thelyflabs.com\\\/wp-content\\\/uploads\\\/2023\\\/01\\\/cropped-LogoTheLYFLabs.png\",\"contentUrl\":\"https:\\\/\\\/thelyflabs.com\\\/wp-content\\\/uploads\\\/2023\\\/01\\\/cropped-LogoTheLYFLabs.png\",\"width\":600,\"height\":180,\"caption\":\"The LYF Labs\"},\"image\":{\"@id\":\"https:\\\/\\\/thelyflabs.com\\\/#\\\/schema\\\/logo\\\/image\\\/\"}}]}<\/script>\n<!-- \/ Yoast SEO plugin. -->","yoast_head_json":{"title":"Huile d&#039;isolat de CBD 30 ml 10% CBD - THE LYF LABS","robots":{"index":"index","follow":"follow","max-snippet":"max-snippet:-1","max-image-preview":"max-image-preview:large","max-video-preview":"max-video-preview:-1"},"canonical":"https:\/\/thelyflabs.com\/fr\/product\/aceite-de-cbd-isolate-30ml-10-cbd\/","og_locale":"fr_FR","og_type":"article","og_title":"Aceite de CBD Isolate 30ml 10% CBD - THE LYF LABS","og_description":"ACEITE LYF CBD ISOLATE 10% 30ml   Aceite puro de CBD premium al 10% de 30 ml  Contiene 3000mg de extracto de CBD diluido en aceite de semillas de c\u00e1\u00f1amo ecol\u00f3gico  Ingredientes 100% naturales, vegano, sin OMGs\u00a0 y respetuoso con el medio ambiente  Fabricado en Espa\u00f1a  No contiene THC","og_url":"https:\/\/thelyflabs.com\/fr\/product\/aceite-de-cbd-isolate-30ml-10-cbd\/","og_site_name":"THE LYF LABS","article_modified_time":"2023-06-22T06:39:46+00:00","og_image":[{"width":1500,"height":1500,"url":"https:\/\/thelyflabs.com\/wp-content\/uploads\/2023\/02\/30ml-10\ufffd-iso-gotero.jpg","type":"image\/jpeg"}],"twitter_card":"summary_large_image","twitter_misc":{"Dur\u00e9e de lecture estim\u00e9e":"1 minute"},"schema":{"@context":"https:\/\/schema.org","@graph":[{"@type":"WebPage","@id":"https:\/\/thelyflabs.com\/product\/aceite-de-cbd-isolate-30ml-10-cbd","url":"https:\/\/thelyflabs.com\/product\/aceite-de-cbd-isolate-30ml-10-cbd","name":"Huile d&#039;isolat de CBD 30 ml 10% CBD - THE LYF LABS","isPartOf":{"@id":"https:\/\/thelyflabs.com\/#website"},"primaryImageOfPage":{"@id":"https:\/\/thelyflabs.com\/product\/aceite-de-cbd-isolate-30ml-10-cbd#primaryimage"},"image":{"@id":"https:\/\/thelyflabs.com\/product\/aceite-de-cbd-isolate-30ml-10-cbd#primaryimage"},"thumbnailUrl":"https:\/\/thelyflabs.com\/wp-content\/uploads\/2023\/02\/30ml-10\ufffd-iso-gotero.jpg","datePublished":"2023-02-10T14:13:46+00:00","dateModified":"2023-06-22T06:39:46+00:00","breadcrumb":{"@id":"https:\/\/thelyflabs.com\/product\/aceite-de-cbd-isolate-30ml-10-cbd#breadcrumb"},"inLanguage":"fr-FR","potentialAction":[{"@type":"ReadAction","target":["https:\/\/thelyflabs.com\/product\/aceite-de-cbd-isolate-30ml-10-cbd"]}]},{"@type":"ImageObject","inLanguage":"fr-FR","@id":"https:\/\/thelyflabs.com\/product\/aceite-de-cbd-isolate-30ml-10-cbd#primaryimage","url":"https:\/\/thelyflabs.com\/wp-content\/uploads\/2023\/02\/30ml-10\ufffd-iso-gotero.jpg","contentUrl":"https:\/\/thelyflabs.com\/wp-content\/uploads\/2023\/02\/30ml-10\ufffd-iso-gotero.jpg","width":1500,"height":1500},{"@type":"BreadcrumbList","@id":"https:\/\/thelyflabs.com\/product\/aceite-de-cbd-isolate-30ml-10-cbd#breadcrumb","itemListElement":[{"@type":"ListItem","position":1,"name":"Portada","item":"https:\/\/thelyflabs.com\/"},{"@type":"ListItem","position":2,"name":"Tienda","item":"https:\/\/thelyflabs.com\/tienda"},{"@type":"ListItem","position":3,"name":"Aceite de CBD Isolate 30ml 10% CBD"}]},{"@type":"WebSite","@id":"https:\/\/thelyflabs.com\/#website","url":"https:\/\/thelyflabs.com\/","name":"Les laboratoires LYF","description":"Vente en gros de CBD","publisher":{"@id":"https:\/\/thelyflabs.com\/#organization"},"potentialAction":[{"@type":"SearchAction","target":{"@type":"EntryPoint","urlTemplate":"https:\/\/thelyflabs.com\/?s={search_term_string}"},"query-input":{"@type":"PropertyValueSpecification","valueRequired":true,"valueName":"search_term_string"}}],"inLanguage":"fr-FR"},{"@type":"Organization","@id":"https:\/\/thelyflabs.com\/#organization","name":"Les laboratoires LYF","url":"https:\/\/thelyflabs.com\/","logo":{"@type":"ImageObject","inLanguage":"fr-FR","@id":"https:\/\/thelyflabs.com\/#\/schema\/logo\/image\/","url":"https:\/\/thelyflabs.com\/wp-content\/uploads\/2023\/01\/cropped-LogoTheLYFLabs.png","contentUrl":"https:\/\/thelyflabs.com\/wp-content\/uploads\/2023\/01\/cropped-LogoTheLYFLabs.png","width":600,"height":180,"caption":"The LYF Labs"},"image":{"@id":"https:\/\/thelyflabs.com\/#\/schema\/logo\/image\/"}}]}},"_links":{"self":[{"href":"https:\/\/thelyflabs.com\/fr\/wp-json\/wp\/v2\/product\/796","targetHints":{"allow":["GET"]}}],"collection":[{"href":"https:\/\/thelyflabs.com\/fr\/wp-json\/wp\/v2\/product"}],"about":[{"href":"https:\/\/thelyflabs.com\/fr\/wp-json\/wp\/v2\/types\/product"}],"replies":[{"embeddable":true,"href":"https:\/\/thelyflabs.com\/fr\/wp-json\/wp\/v2\/comments?post=796"}],"wp:featuredmedia":[{"embeddable":true,"href":"https:\/\/thelyflabs.com\/fr\/wp-json\/wp\/v2\/media\/801"}],"wp:attachment":[{"href":"https:\/\/thelyflabs.com\/fr\/wp-json\/wp\/v2\/media?parent=796"}],"wp:term":[{"taxonomy":"product_brand","embeddable":true,"href":"https:\/\/thelyflabs.com\/fr\/wp-json\/wp\/v2\/product_brand?post=796"},{"taxonomy":"product_cat","embeddable":true,"href":"https:\/\/thelyflabs.com\/fr\/wp-json\/wp\/v2\/product_cat?post=796"},{"taxonomy":"product_tag","embeddable":true,"href":"https:\/\/thelyflabs.com\/fr\/wp-json\/wp\/v2\/product_tag?post=796"}],"curies":[{"name":"wp","href":"https:\/\/api.w.org\/{rel}","templated":true}]}}