{"id":8759,"date":"2024-10-13T18:43:23","date_gmt":"2024-10-13T16:43:23","guid":{"rendered":"https:\/\/thelyflabs.com\/?post_type=product&#038;p=8759"},"modified":"2024-10-13T20:16:19","modified_gmt":"2024-10-13T18:16:19","slug":"vaper-bando-boyz-by-kidd-keo-limited-edition","status":"publish","type":"product","link":"https:\/\/thelyflabs.com\/fr\/product\/vaper-bando-boyz-by-kidd-keo-limited-edition","title":{"rendered":"Vape Bando Boyz par Kidd Keo \u00c9dition Limit\u00e9e"},"content":{"rendered":"<h2>Bando Boyz Vape par Kidd Keo \u00c9dition Limit\u00e9e<\/h2>\n<p>D\u00e9couvrez la vape jetable la plus exclusive du moment, inspir\u00e9e de la collection innovante Bando Boyz du c\u00e9l\u00e8bre rappeur espagnol Kidd Keo.<\/p>\n<p>Qu\u2019est-ce qui rend ce vapoteur si sp\u00e9cial ? Son impressionnant r\u00e9servoir de 10 ml vous offre jusqu&#039;\u00e0 3 000 bouff\u00e9es puissantes, vous garantissant de ne jamais manquer de profiter de sa saveur et de ses effets extraordinaires. Avec 600 mg de CBD, cette vape jetable se d\u00e9marque sur le march\u00e9 actuel par sa qualit\u00e9 et sa puissance, captant l&#039;attention de Kidd Keo lui-m\u00eame, qui a consacr\u00e9 son talent et sa vision pour cr\u00e9er cet appareil d&#039;exception sous sa prestigieuse marque.<\/p>\n<p>Avec un design attrayant et une taille compacte, cette vape est facile \u00e0 transporter partout, devenant un accessoire indispensable qui attirera sans aucun doute l&#039;attention de vos amis. Non seulement vous profiterez des bienfaits du CBD, mais vous ferez \u00e9galement l&#039;envie de tous en le portant avec la marque du chiffonnier le plus influent d&#039;Espagne.<\/p>\n<p>Ne manquez pas votre chance de d\u00e9couvrir le vrai style et la qualit\u00e9. Procurez-vous votre vape Bando Boyz de Kidd Keo aujourd&#039;hui et rejoignez la r\u00e9volution CBD !<\/p>\n<p>Iguana Smoke vous permet de profiter de plus en plus facilement des bienfaits du CBD avec des produits s\u00fbrs et non psychoactifs contenant de la nicotine 0% THC 0%.<\/p>","protected":false},"excerpt":{"rendered":"<h2>Vape Bando Boyz par Kidd Keo<\/h2>\n<p>Caract\u00e9ristiques:<\/p>\n<ul>\n<li>Dimensions: 82x49x22mm<\/li>\n<li>Batterie : 500 mAh<\/li>\n<li>Capacit\u00e9 : 10 ml<\/li>\n<li>Bouff\u00e9es : jusqu&#039;\u00e0 3000<\/li>\n<li>CBD : 600mg\/10ml<\/li>\n<li>THC\u00a0: 0%<\/li>\n<li>Nicotine\u00a0: 0%<\/li>\n<\/ul>\n<p>Comprend un autocollant holographique Bando Boyz.<\/p>\n<p>Analyse qualit\u00e9 : cliquez <a href=\"https:\/\/iguanasmoke.com\/wp-content\/uploads\/2018\/02\/Analitica-E-Liquid-Iguana-Smoke-Junio-2022.pdf\" target=\"_blank\" rel=\"noopener\">ici<\/a><\/p>","protected":false},"featured_media":8762,"comment_status":"open","ping_status":"closed","template":"","meta":{"_acf_changed":false,"site-sidebar-layout":"default","site-content-layout":"default","ast-site-content-layout":"default","site-content-style":"default","site-sidebar-style":"default","ast-global-header-display":"","ast-banner-title-visibility":"","ast-main-header-display":"","ast-hfb-above-header-display":"","ast-hfb-below-header-display":"","ast-hfb-mobile-header-display":"","site-post-title":"","ast-breadcrumbs-content":"","ast-featured-img":"","footer-sml-layout":"","theme-transparent-header-meta":"default","adv-header-id-meta":"","stick-header-meta":"","header-above-stick-meta":"","header-main-stick-meta":"","header-below-stick-meta":"","astra-migrate-meta-layouts":"set","ast-page-background-enabled":"default","ast-page-background-meta":{"desktop":{"background-color":"var(--ast-global-color-4)","background-image":"","background-repeat":"repeat","background-position":"center center","background-size":"auto","background-attachment":"scroll","background-type":"","background-media":"","overlay-type":"","overlay-color":"","overlay-opacity":"","overlay-gradient":""},"tablet":{"background-color":"","background-image":"","background-repeat":"repeat","background-position":"center center","background-size":"auto","background-attachment":"scroll","background-type":"","background-media":"","overlay-type":"","overlay-color":"","overlay-opacity":"","overlay-gradient":""},"mobile":{"background-color":"","background-image":"","background-repeat":"repeat","background-position":"center center","background-size":"auto","background-attachment":"scroll","background-type":"","background-media":"","overlay-type":"","overlay-color":"","overlay-opacity":"","overlay-gradient":""}},"ast-content-background-meta":{"desktop":{"background-color":"var(--ast-global-color-5)","background-image":"","background-repeat":"repeat","background-position":"center center","background-size":"auto","background-attachment":"scroll","background-type":"","background-media":"","overlay-type":"","overlay-color":"","overlay-opacity":"","overlay-gradient":""},"tablet":{"background-color":"var(--ast-global-color-5)","background-image":"","background-repeat":"repeat","background-position":"center center","background-size":"auto","background-attachment":"scroll","background-type":"","background-media":"","overlay-type":"","overlay-color":"","overlay-opacity":"","overlay-gradient":""},"mobile":{"background-color":"var(--ast-global-color-5)","background-image":"","background-repeat":"repeat","background-position":"center center","background-size":"auto","background-attachment":"scroll","background-type":"","background-media":"","overlay-type":"","overlay-color":"","overlay-opacity":"","overlay-gradient":""}}},"product_brand":[],"product_cat":[40,23],"product_tag":[],"class_list":{"0":"post-8759","1":"product","2":"type-product","3":"status-publish","4":"has-post-thumbnail","6":"product_cat-iguanasmoke","7":"product_cat-pod-cbd","8":"desktop-align-center","9":"tablet-align-left","10":"mobile-align-left","12":"first","13":"instock","14":"taxable","15":"shipping-taxable","16":"purchasable","17":"product-type-simple"},"acf":[],"yoast_head":"<!-- This site is optimized with the Yoast SEO plugin v27.4 - https:\/\/yoast.com\/product\/yoast-seo-wordpress\/ -->\n<title>Vape Bando Boyz by Kidd Keo Limited Edition - THE LYF LABS<\/title>\n<meta name=\"description\" content=\"Vape Bando Boyz by Kidd Keo por mayor. Consigue aqu\u00ed tu Pod de CBD a precio mayorista en nuestra tienda exclusiva para profesionales.\" \/>\n<meta name=\"robots\" content=\"index, follow, max-snippet:-1, max-image-preview:large, max-video-preview:-1\" \/>\n<link rel=\"canonical\" href=\"https:\/\/thelyflabs.com\/fr\/product\/vaper-bando-boyz-by-kidd-keo-limited-edition\/\" \/>\n<meta property=\"og:locale\" content=\"fr_FR\" \/>\n<meta property=\"og:type\" content=\"article\" \/>\n<meta property=\"og:title\" content=\"Vape Bando Boyz by Kidd Keo Limited Edition - THE LYF LABS\" \/>\n<meta property=\"og:description\" content=\"Vape Bando Boyz by Kidd Keo por mayor. Consigue aqu\u00ed tu Pod de CBD a precio mayorista en nuestra tienda exclusiva para profesionales.\" \/>\n<meta property=\"og:url\" content=\"https:\/\/thelyflabs.com\/fr\/product\/vaper-bando-boyz-by-kidd-keo-limited-edition\/\" \/>\n<meta property=\"og:site_name\" content=\"THE LYF LABS\" \/>\n<meta property=\"article:modified_time\" content=\"2024-10-13T18:16:19+00:00\" \/>\n<meta property=\"og:image\" content=\"https:\/\/thelyflabs.com\/wp-content\/uploads\/2024\/10\/Mockup-bando-der.webp\" \/>\n\t<meta property=\"og:image:width\" content=\"826\" \/>\n\t<meta property=\"og:image:height\" content=\"736\" \/>\n\t<meta property=\"og:image:type\" content=\"image\/webp\" \/>\n<meta name=\"twitter:card\" content=\"summary_large_image\" \/>\n<meta name=\"twitter:label1\" content=\"Dur\u00e9e de lecture estim\u00e9e\" \/>\n\t<meta name=\"twitter:data1\" content=\"2 minutes\" \/>\n<script type=\"application\/ld+json\" class=\"yoast-schema-graph\">{\"@context\":\"https:\\\/\\\/schema.org\",\"@graph\":[{\"@type\":\"WebPage\",\"@id\":\"https:\\\/\\\/thelyflabs.com\\\/product\\\/vaper-bando-boyz-by-kidd-keo-limited-edition\",\"url\":\"https:\\\/\\\/thelyflabs.com\\\/product\\\/vaper-bando-boyz-by-kidd-keo-limited-edition\",\"name\":\"Vape Bando Boyz by Kidd Keo Limited Edition - THE LYF LABS\",\"isPartOf\":{\"@id\":\"https:\\\/\\\/thelyflabs.com\\\/#website\"},\"primaryImageOfPage\":{\"@id\":\"https:\\\/\\\/thelyflabs.com\\\/product\\\/vaper-bando-boyz-by-kidd-keo-limited-edition#primaryimage\"},\"image\":{\"@id\":\"https:\\\/\\\/thelyflabs.com\\\/product\\\/vaper-bando-boyz-by-kidd-keo-limited-edition#primaryimage\"},\"thumbnailUrl\":\"https:\\\/\\\/thelyflabs.com\\\/wp-content\\\/uploads\\\/2024\\\/10\\\/Mockup-bando-der.webp\",\"datePublished\":\"2024-10-13T16:43:23+00:00\",\"dateModified\":\"2024-10-13T18:16:19+00:00\",\"description\":\"Vape Bando Boyz by Kidd Keo por mayor. Consigue aqu\u00ed tu Pod de CBD a precio mayorista en nuestra tienda exclusiva para profesionales.\",\"breadcrumb\":{\"@id\":\"https:\\\/\\\/thelyflabs.com\\\/product\\\/vaper-bando-boyz-by-kidd-keo-limited-edition#breadcrumb\"},\"inLanguage\":\"fr-FR\",\"potentialAction\":[{\"@type\":\"ReadAction\",\"target\":[\"https:\\\/\\\/thelyflabs.com\\\/product\\\/vaper-bando-boyz-by-kidd-keo-limited-edition\"]}]},{\"@type\":\"ImageObject\",\"inLanguage\":\"fr-FR\",\"@id\":\"https:\\\/\\\/thelyflabs.com\\\/product\\\/vaper-bando-boyz-by-kidd-keo-limited-edition#primaryimage\",\"url\":\"https:\\\/\\\/thelyflabs.com\\\/wp-content\\\/uploads\\\/2024\\\/10\\\/Mockup-bando-der.webp\",\"contentUrl\":\"https:\\\/\\\/thelyflabs.com\\\/wp-content\\\/uploads\\\/2024\\\/10\\\/Mockup-bando-der.webp\",\"width\":826,\"height\":736,\"caption\":\"vaper cbd barato\"},{\"@type\":\"BreadcrumbList\",\"@id\":\"https:\\\/\\\/thelyflabs.com\\\/product\\\/vaper-bando-boyz-by-kidd-keo-limited-edition#breadcrumb\",\"itemListElement\":[{\"@type\":\"ListItem\",\"position\":1,\"name\":\"Portada\",\"item\":\"https:\\\/\\\/thelyflabs.com\\\/\"},{\"@type\":\"ListItem\",\"position\":2,\"name\":\"Tienda\",\"item\":\"https:\\\/\\\/thelyflabs.com\\\/tienda\"},{\"@type\":\"ListItem\",\"position\":3,\"name\":\"Vape Bando Boyz by Kidd Keo Limited Edition\"}]},{\"@type\":\"WebSite\",\"@id\":\"https:\\\/\\\/thelyflabs.com\\\/#website\",\"url\":\"https:\\\/\\\/thelyflabs.com\\\/\",\"name\":\"The LYF Labs\",\"description\":\"CBD al por mayor\",\"publisher\":{\"@id\":\"https:\\\/\\\/thelyflabs.com\\\/#organization\"},\"potentialAction\":[{\"@type\":\"SearchAction\",\"target\":{\"@type\":\"EntryPoint\",\"urlTemplate\":\"https:\\\/\\\/thelyflabs.com\\\/?s={search_term_string}\"},\"query-input\":{\"@type\":\"PropertyValueSpecification\",\"valueRequired\":true,\"valueName\":\"search_term_string\"}}],\"inLanguage\":\"fr-FR\"},{\"@type\":\"Organization\",\"@id\":\"https:\\\/\\\/thelyflabs.com\\\/#organization\",\"name\":\"The LYF Labs\",\"url\":\"https:\\\/\\\/thelyflabs.com\\\/\",\"logo\":{\"@type\":\"ImageObject\",\"inLanguage\":\"fr-FR\",\"@id\":\"https:\\\/\\\/thelyflabs.com\\\/#\\\/schema\\\/logo\\\/image\\\/\",\"url\":\"https:\\\/\\\/thelyflabs.com\\\/wp-content\\\/uploads\\\/2023\\\/01\\\/cropped-LogoTheLYFLabs.png\",\"contentUrl\":\"https:\\\/\\\/thelyflabs.com\\\/wp-content\\\/uploads\\\/2023\\\/01\\\/cropped-LogoTheLYFLabs.png\",\"width\":600,\"height\":180,\"caption\":\"The LYF Labs\"},\"image\":{\"@id\":\"https:\\\/\\\/thelyflabs.com\\\/#\\\/schema\\\/logo\\\/image\\\/\"}}]}<\/script>\n<!-- \/ Yoast SEO plugin. -->","yoast_head_json":{"title":"Vape Bando Boyz par Kidd Keo \u00c9dition limit\u00e9e - THE LYF LABS","description":"Vente en gros de pods CBD Bando Boyz par Kidd Keo. Achetez-les \u00e0 prix de gros dans notre boutique professionnelle exclusive.","robots":{"index":"index","follow":"follow","max-snippet":"max-snippet:-1","max-image-preview":"max-image-preview:large","max-video-preview":"max-video-preview:-1"},"canonical":"https:\/\/thelyflabs.com\/fr\/product\/vaper-bando-boyz-by-kidd-keo-limited-edition\/","og_locale":"fr_FR","og_type":"article","og_title":"Vape Bando Boyz by Kidd Keo Limited Edition - THE LYF LABS","og_description":"Vape Bando Boyz by Kidd Keo por mayor. Consigue aqu\u00ed tu Pod de CBD a precio mayorista en nuestra tienda exclusiva para profesionales.","og_url":"https:\/\/thelyflabs.com\/fr\/product\/vaper-bando-boyz-by-kidd-keo-limited-edition\/","og_site_name":"THE LYF LABS","article_modified_time":"2024-10-13T18:16:19+00:00","og_image":[{"width":826,"height":736,"url":"https:\/\/thelyflabs.com\/wp-content\/uploads\/2024\/10\/Mockup-bando-der.webp","type":"image\/webp"}],"twitter_card":"summary_large_image","twitter_misc":{"Dur\u00e9e de lecture estim\u00e9e":"2 minutes"},"schema":{"@context":"https:\/\/schema.org","@graph":[{"@type":"WebPage","@id":"https:\/\/thelyflabs.com\/product\/vaper-bando-boyz-by-kidd-keo-limited-edition","url":"https:\/\/thelyflabs.com\/product\/vaper-bando-boyz-by-kidd-keo-limited-edition","name":"Vape Bando Boyz par Kidd Keo \u00c9dition limit\u00e9e - THE LYF LABS","isPartOf":{"@id":"https:\/\/thelyflabs.com\/#website"},"primaryImageOfPage":{"@id":"https:\/\/thelyflabs.com\/product\/vaper-bando-boyz-by-kidd-keo-limited-edition#primaryimage"},"image":{"@id":"https:\/\/thelyflabs.com\/product\/vaper-bando-boyz-by-kidd-keo-limited-edition#primaryimage"},"thumbnailUrl":"https:\/\/thelyflabs.com\/wp-content\/uploads\/2024\/10\/Mockup-bando-der.webp","datePublished":"2024-10-13T16:43:23+00:00","dateModified":"2024-10-13T18:16:19+00:00","description":"Vente en gros de pods CBD Bando Boyz par Kidd Keo. Achetez-les \u00e0 prix de gros dans notre boutique professionnelle exclusive.","breadcrumb":{"@id":"https:\/\/thelyflabs.com\/product\/vaper-bando-boyz-by-kidd-keo-limited-edition#breadcrumb"},"inLanguage":"fr-FR","potentialAction":[{"@type":"ReadAction","target":["https:\/\/thelyflabs.com\/product\/vaper-bando-boyz-by-kidd-keo-limited-edition"]}]},{"@type":"ImageObject","inLanguage":"fr-FR","@id":"https:\/\/thelyflabs.com\/product\/vaper-bando-boyz-by-kidd-keo-limited-edition#primaryimage","url":"https:\/\/thelyflabs.com\/wp-content\/uploads\/2024\/10\/Mockup-bando-der.webp","contentUrl":"https:\/\/thelyflabs.com\/wp-content\/uploads\/2024\/10\/Mockup-bando-der.webp","width":826,"height":736,"caption":"vaper cbd barato"},{"@type":"BreadcrumbList","@id":"https:\/\/thelyflabs.com\/product\/vaper-bando-boyz-by-kidd-keo-limited-edition#breadcrumb","itemListElement":[{"@type":"ListItem","position":1,"name":"Portada","item":"https:\/\/thelyflabs.com\/"},{"@type":"ListItem","position":2,"name":"Tienda","item":"https:\/\/thelyflabs.com\/tienda"},{"@type":"ListItem","position":3,"name":"Vape Bando Boyz by Kidd Keo Limited Edition"}]},{"@type":"WebSite","@id":"https:\/\/thelyflabs.com\/#website","url":"https:\/\/thelyflabs.com\/","name":"Les laboratoires LYF","description":"Vente en gros de CBD","publisher":{"@id":"https:\/\/thelyflabs.com\/#organization"},"potentialAction":[{"@type":"SearchAction","target":{"@type":"EntryPoint","urlTemplate":"https:\/\/thelyflabs.com\/?s={search_term_string}"},"query-input":{"@type":"PropertyValueSpecification","valueRequired":true,"valueName":"search_term_string"}}],"inLanguage":"fr-FR"},{"@type":"Organization","@id":"https:\/\/thelyflabs.com\/#organization","name":"Les laboratoires LYF","url":"https:\/\/thelyflabs.com\/","logo":{"@type":"ImageObject","inLanguage":"fr-FR","@id":"https:\/\/thelyflabs.com\/#\/schema\/logo\/image\/","url":"https:\/\/thelyflabs.com\/wp-content\/uploads\/2023\/01\/cropped-LogoTheLYFLabs.png","contentUrl":"https:\/\/thelyflabs.com\/wp-content\/uploads\/2023\/01\/cropped-LogoTheLYFLabs.png","width":600,"height":180,"caption":"The LYF Labs"},"image":{"@id":"https:\/\/thelyflabs.com\/#\/schema\/logo\/image\/"}}]}},"_links":{"self":[{"href":"https:\/\/thelyflabs.com\/fr\/wp-json\/wp\/v2\/product\/8759","targetHints":{"allow":["GET"]}}],"collection":[{"href":"https:\/\/thelyflabs.com\/fr\/wp-json\/wp\/v2\/product"}],"about":[{"href":"https:\/\/thelyflabs.com\/fr\/wp-json\/wp\/v2\/types\/product"}],"replies":[{"embeddable":true,"href":"https:\/\/thelyflabs.com\/fr\/wp-json\/wp\/v2\/comments?post=8759"}],"wp:featuredmedia":[{"embeddable":true,"href":"https:\/\/thelyflabs.com\/fr\/wp-json\/wp\/v2\/media\/8762"}],"wp:attachment":[{"href":"https:\/\/thelyflabs.com\/fr\/wp-json\/wp\/v2\/media?parent=8759"}],"wp:term":[{"taxonomy":"product_brand","embeddable":true,"href":"https:\/\/thelyflabs.com\/fr\/wp-json\/wp\/v2\/product_brand?post=8759"},{"taxonomy":"product_cat","embeddable":true,"href":"https:\/\/thelyflabs.com\/fr\/wp-json\/wp\/v2\/product_cat?post=8759"},{"taxonomy":"product_tag","embeddable":true,"href":"https:\/\/thelyflabs.com\/fr\/wp-json\/wp\/v2\/product_tag?post=8759"}],"curies":[{"name":"wp","href":"https:\/\/api.w.org\/{rel}","templated":true}]}}