{"id":8824,"date":"2024-11-07T12:42:33","date_gmt":"2024-11-07T11:42:33","guid":{"rendered":"https:\/\/thelyflabs.com\/?post_type=product&#038;p=8824"},"modified":"2025-09-15T17:24:10","modified_gmt":"2025-09-15T15:24:10","slug":"extracto-organico-de-chaga","status":"publish","type":"product","link":"https:\/\/thelyflabs.com\/fr\/product\/extracto-organico-de-chaga","title":{"rendered":"Extrait de Chaga biologique"},"content":{"rendered":"<h3>Extrait de Chaga Bio : Compl\u00e9ment Alimentaire Pur et Concentr\u00e9<\/h3>\n<p>Il <strong>extrait de chaga<\/strong> Bio est un compl\u00e9ment nutritionnel pur, concentr\u00e9 et sans alcool. Ce puissant double extrait 15:1 offre une forte concentration de nutriments essentiels. Chaque flacon contient l&#039;\u00e9quivalent de 120 g de chaga cru, s\u00e9ch\u00e9 et certifi\u00e9 biologique, soit 33 doses quotidiennes.<\/p>\n<h4>Caract\u00e9ristiques de l&#039;extrait liquide de Chaga<\/h4>\n<ul>\n<li>Extrait par un double proc\u00e9d\u00e9 (eau chaude et alcool) de <strong>chaga biologique<\/strong> r\u00e9colt\u00e9 de mani\u00e8re durable.<\/li>\n<li>Il contient des compos\u00e9s solubles dans l&#039;eau et dans les graisses, maximisant sa biodisponibilit\u00e9.<\/li>\n<li>Fabriqu\u00e9 avec plus de 20% de 1,3\/1,6 b\u00eata-glucanes, connus pour leurs propri\u00e9t\u00e9s immunomodulatrices.<\/li>\n<li>Saveur pure de champignon, sans additifs ni ar\u00f4mes artificiels.<\/li>\n<li>Sans amidon, c\u00e9r\u00e9ales ou charges ajout\u00e9s.<\/li>\n<li>Certifi\u00e9 biologique par l&#039;Union europ\u00e9enne (UE).<\/li>\n<li>Sans gluten, non g\u00e9n\u00e9tiquement modifi\u00e9 (sans OGM) et adapt\u00e9 aux v\u00e9g\u00e9taliens.<\/li>\n<li>Qualit\u00e9 sup\u00e9rieure, test\u00e9e dans des laboratoires tiers accr\u00e9dit\u00e9s.<\/li>\n<li>Pas de myc\u00e9lium, utilisant uniquement des fructifications biologiques.<\/li>\n<li>Mis en bouteille en verre biopotonique Miron pour une meilleure conservation.<\/li>\n<li>Dur\u00e9e de conservation de 12 mois \u00e0 compter de la date de fabrication.<\/li>\n<\/ul>\n<h3>Avantages de l&#039;extrait de Chaga<\/h3>\n<p>Il <strong>Chaga (Inonotus obliquus)<\/strong> C&#039;est un champignon m\u00e9dicinal qui pousse principalement sur les bouleaux et est utilis\u00e9 depuis des si\u00e8cles en m\u00e9decine traditionnelle en Russie et en Asie. Ses propri\u00e9t\u00e9s en ont fait un \u00ab superaliment \u00bb aux nombreux bienfaits pour la sant\u00e9. Nous vous pr\u00e9sentons ici les principaux :<\/p>\n<ol>\n<li><strong>Puissant antioxydant<\/strong><br \/>\nIl <strong>extrait de chaga<\/strong> C&#039;est l&#039;un des champignons les plus concentr\u00e9s en antioxydants, combattant les radicaux libres qui endommagent les cellules, aidant \u00e0 retarder le vieillissement et \u00e0 prot\u00e9ger contre le stress oxydatif.<\/li>\n<li><strong>Renforcer le syst\u00e8me immunitaire<\/strong><br \/>\nRiche en b\u00eata-glucanes, le chaga module le syst\u00e8me immunitaire, am\u00e9liorant la capacit\u00e9 de l&#039;organisme \u00e0 se d\u00e9fendre contre les infections et les maladies, tout en pr\u00e9venant les r\u00e9actions immunitaires excessives.<\/li>\n<li><strong>Propri\u00e9t\u00e9s anti-inflammatoires<\/strong><br \/>\nLes compos\u00e9s actifs du chaga peuvent r\u00e9duire l\u2019inflammation, ce qui le rend utile pour les personnes atteintes de maladies inflammatoires chroniques telles que l\u2019arthrite ou les maladies auto-immunes.<\/li>\n<li><strong>Contr\u00f4le de la glyc\u00e9mie<\/strong><br \/>\nCertaines \u00e9tudes sugg\u00e8rent que le <strong>extrait de chaga<\/strong> Il aide \u00e0 r\u00e9duire le taux de sucre dans le sang, ce qui est b\u00e9n\u00e9fique pour les personnes atteintes de diab\u00e8te ou celles qui souhaitent maintenir une glyc\u00e9mie saine.<\/li>\n<li><strong>Soutien \u00e0 la sant\u00e9 digestive<\/strong><br \/>\nLe Chaga contribue \u00e0 maintenir une bonne sant\u00e9 digestive, \u00e0 soulager des probl\u00e8mes tels que les ulc\u00e8res gastriques et l&#039;inflammation intestinale, et \u00e0 prot\u00e9ger la muqueuse de l&#039;estomac.<\/li>\n<li><strong>Propri\u00e9t\u00e9s anticanc\u00e9reuses<\/strong><br \/>\nDes \u00e9tudes pr\u00e9liminaires ont montr\u00e9 que le chaga peut inhiber la croissance des cellules canc\u00e9reuses et favoriser l&#039;apoptose (mort cellulaire) des cellules malignes. Cependant, des recherches suppl\u00e9mentaires sont n\u00e9cessaires chez l\u2019homme.<\/li>\n<li><strong>Am\u00e9liore la sant\u00e9 cardiovasculaire<\/strong><br \/>\nLes antioxydants et les compos\u00e9s de b\u00e9tuline contenus dans le chaga peuvent aider \u00e0 r\u00e9duire le cholest\u00e9rol LDL et \u00e0 r\u00e9guler la tension art\u00e9rielle, favorisant ainsi la sant\u00e9 cardiaque.<\/li>\n<li><strong>Propri\u00e9t\u00e9s antivirales et antibact\u00e9riennes<\/strong><br \/>\nIl <strong>extrait de chaga<\/strong> Il a \u00e9t\u00e9 d\u00e9montr\u00e9 qu&#039;il poss\u00e8de des propri\u00e9t\u00e9s antivirales et antibact\u00e9riennes, aidant l&#039;organisme \u00e0 combattre les infections telles que la grippe et l&#039;herp\u00e8s.<\/li>\n<li><strong>D\u00e9toxification du corps<\/strong><br \/>\nRiche en nutriments, le chaga favorise l&#039;\u00e9limination des toxines et favorise une fonction h\u00e9patique saine.<\/li>\n<li><strong>Am\u00e9liore la sant\u00e9 de la peau<\/strong><br \/>\nGr\u00e2ce \u00e0 ses niveaux \u00e9lev\u00e9s de m\u00e9lanine et d&#039;antioxydants, le chaga aide \u00e0 am\u00e9liorer l&#039;apparence de la peau, \u00e0 lutter contre les signes du vieillissement et \u00e0 la prot\u00e9ger des m\u00e9faits du soleil.<\/li>\n<\/ol>\n<h3>Pourquoi choisir l&#039;extrait de Chaga biologique ?<\/h3>\n<p>Pour profiter pleinement des avantages de <strong>extrait de chaga<\/strong>, il est essentiel de choisir un produit de haute qualit\u00e9, certifi\u00e9 biologique et dot\u00e9 d&#039;un double proc\u00e9d\u00e9 d&#039;extraction (eau et alcool) pour garantir la concentration maximale de ses compos\u00e9s bioactifs.<\/p>","protected":false},"excerpt":{"rendered":"<h4>Caract\u00e9ristiques de l&#039;Extrait de Chaga Bio<\/h4>\n<ul>\n<li>Flacon compte-gouttes en verre violet de 50 ml de haute qualit\u00e9.<\/li>\n<li>Facile \u00e0 utiliser : Ajoutez deux compte-gouttes dans un verre d&#039;eau ou directement sous la langue.<\/li>\n<li>Double processus d&#039;extraction avec de l&#039;eau chaude et de l&#039;alcool <strong>chaga sauvage<\/strong> organique.<\/li>\n<li>Il contient environ 25% d&#039;alcool.<\/li>\n<li>Forte concentration de compos\u00e9s hydrosolubles et liposolubles.<\/li>\n<li>Fabriqu\u00e9 avec plus de 20% de b\u00eata-glucanes 1,3\/1,6.<\/li>\n<li>Sans amidon, c\u00e9r\u00e9ales ou autres charges ajout\u00e9s.<\/li>\n<li>Certification biologique de l&#039;UE.<\/li>\n<li>Sans gluten, non g\u00e9n\u00e9tiquement modifi\u00e9 (sans OGM), adapt\u00e9 aux v\u00e9g\u00e9taliens.<\/li>\n<li>Qualit\u00e9 sup\u00e9rieure, test\u00e9e dans des laboratoires tiers accr\u00e9dit\u00e9s.<\/li>\n<li>Mis en bouteille dans du verre biopotonique Miron pour une protection suppl\u00e9mentaire.<\/li>\n<li>Dur\u00e9e de conservation de 18 mois \u00e0 compter de la date de fabrication.<\/li>\n<\/ul>","protected":false},"featured_media":8826,"comment_status":"open","ping_status":"closed","template":"","meta":{"_acf_changed":false,"site-sidebar-layout":"default","site-content-layout":"","ast-site-content-layout":"default","site-content-style":"default","site-sidebar-style":"default","ast-global-header-display":"","ast-banner-title-visibility":"","ast-main-header-display":"","ast-hfb-above-header-display":"","ast-hfb-below-header-display":"","ast-hfb-mobile-header-display":"","site-post-title":"","ast-breadcrumbs-content":"","ast-featured-img":"","footer-sml-layout":"","theme-transparent-header-meta":"default","adv-header-id-meta":"","stick-header-meta":"","header-above-stick-meta":"","header-main-stick-meta":"","header-below-stick-meta":"","astra-migrate-meta-layouts":"set","ast-page-background-enabled":"default","ast-page-background-meta":{"desktop":{"background-color":"var(--ast-global-color-4)","background-image":"","background-repeat":"repeat","background-position":"center center","background-size":"auto","background-attachment":"scroll","background-type":"","background-media":"","overlay-type":"","overlay-color":"","overlay-opacity":"","overlay-gradient":""},"tablet":{"background-color":"","background-image":"","background-repeat":"repeat","background-position":"center center","background-size":"auto","background-attachment":"scroll","background-type":"","background-media":"","overlay-type":"","overlay-color":"","overlay-opacity":"","overlay-gradient":""},"mobile":{"background-color":"","background-image":"","background-repeat":"repeat","background-position":"center center","background-size":"auto","background-attachment":"scroll","background-type":"","background-media":"","overlay-type":"","overlay-color":"","overlay-opacity":"","overlay-gradient":""}},"ast-content-background-meta":{"desktop":{"background-color":"var(--ast-global-color-5)","background-image":"","background-repeat":"repeat","background-position":"center center","background-size":"auto","background-attachment":"scroll","background-type":"","background-media":"","overlay-type":"","overlay-color":"","overlay-opacity":"","overlay-gradient":""},"tablet":{"background-color":"var(--ast-global-color-5)","background-image":"","background-repeat":"repeat","background-position":"center center","background-size":"auto","background-attachment":"scroll","background-type":"","background-media":"","overlay-type":"","overlay-color":"","overlay-opacity":"","overlay-gradient":""},"mobile":{"background-color":"var(--ast-global-color-5)","background-image":"","background-repeat":"repeat","background-position":"center center","background-size":"auto","background-attachment":"scroll","background-type":"","background-media":"","overlay-type":"","overlay-color":"","overlay-opacity":"","overlay-gradient":""}}},"product_brand":[],"product_cat":[127],"product_tag":[],"class_list":{"0":"post-8824","1":"product","2":"type-product","3":"status-publish","4":"has-post-thumbnail","6":"product_cat-setas-funcionales","7":"desktop-align-center","8":"tablet-align-left","9":"mobile-align-left","11":"first","12":"outofstock","13":"taxable","14":"shipping-taxable","15":"purchasable","16":"product-type-simple"},"acf":[],"yoast_head":"<!-- This site is optimized with the Yoast SEO plugin v27.4 - https:\/\/yoast.com\/product\/yoast-seo-wordpress\/ -->\n<title>Extracto Org\u00e1nico de Chaga - THE LYF LABS<\/title>\n<meta name=\"description\" content=\"Compra extracto de chaga org\u00e1nico de alta calidad en The LYF Labs. Potente suplemento antioxidante Ideal para reforzar el sistema inmunol\u00f3gico y mejorar tu salud.\" \/>\n<meta name=\"robots\" content=\"index, follow, max-snippet:-1, max-image-preview:large, max-video-preview:-1\" \/>\n<link rel=\"canonical\" href=\"https:\/\/thelyflabs.com\/fr\/product\/extracto-organico-de-chaga\/\" \/>\n<meta property=\"og:locale\" content=\"fr_FR\" \/>\n<meta property=\"og:type\" content=\"article\" \/>\n<meta property=\"og:title\" content=\"Extracto Org\u00e1nico de Chaga - THE LYF LABS\" \/>\n<meta property=\"og:description\" content=\"Compra extracto de chaga org\u00e1nico de alta calidad en The LYF Labs. Potente suplemento antioxidante Ideal para reforzar el sistema inmunol\u00f3gico y mejorar tu salud.\" \/>\n<meta property=\"og:url\" content=\"https:\/\/thelyflabs.com\/fr\/product\/extracto-organico-de-chaga\/\" \/>\n<meta property=\"og:site_name\" content=\"THE LYF LABS\" \/>\n<meta property=\"article:modified_time\" content=\"2025-09-15T15:24:10+00:00\" \/>\n<meta property=\"og:image\" content=\"https:\/\/thelyflabs.com\/wp-content\/uploads\/2024\/10\/1-1.webp\" \/>\n\t<meta property=\"og:image:width\" content=\"1409\" \/>\n\t<meta property=\"og:image:height\" content=\"2000\" \/>\n\t<meta property=\"og:image:type\" content=\"image\/webp\" \/>\n<meta name=\"twitter:card\" content=\"summary_large_image\" \/>\n<meta name=\"twitter:label1\" content=\"Dur\u00e9e de lecture estim\u00e9e\" \/>\n\t<meta name=\"twitter:data1\" content=\"4 minutes\" \/>\n<script type=\"application\/ld+json\" class=\"yoast-schema-graph\">{\"@context\":\"https:\\\/\\\/schema.org\",\"@graph\":[{\"@type\":\"WebPage\",\"@id\":\"https:\\\/\\\/thelyflabs.com\\\/product\\\/extracto-organico-de-chaga\",\"url\":\"https:\\\/\\\/thelyflabs.com\\\/product\\\/extracto-organico-de-chaga\",\"name\":\"Extracto Org\u00e1nico de Chaga - THE LYF LABS\",\"isPartOf\":{\"@id\":\"https:\\\/\\\/thelyflabs.com\\\/#website\"},\"primaryImageOfPage\":{\"@id\":\"https:\\\/\\\/thelyflabs.com\\\/product\\\/extracto-organico-de-chaga#primaryimage\"},\"image\":{\"@id\":\"https:\\\/\\\/thelyflabs.com\\\/product\\\/extracto-organico-de-chaga#primaryimage\"},\"thumbnailUrl\":\"https:\\\/\\\/thelyflabs.com\\\/wp-content\\\/uploads\\\/2024\\\/10\\\/1-1.webp\",\"datePublished\":\"2024-11-07T11:42:33+00:00\",\"dateModified\":\"2025-09-15T15:24:10+00:00\",\"description\":\"Compra extracto de chaga org\u00e1nico de alta calidad en The LYF Labs. Potente suplemento antioxidante Ideal para reforzar el sistema inmunol\u00f3gico y mejorar tu salud.\",\"breadcrumb\":{\"@id\":\"https:\\\/\\\/thelyflabs.com\\\/product\\\/extracto-organico-de-chaga#breadcrumb\"},\"inLanguage\":\"fr-FR\",\"potentialAction\":[{\"@type\":\"ReadAction\",\"target\":[\"https:\\\/\\\/thelyflabs.com\\\/product\\\/extracto-organico-de-chaga\"]}]},{\"@type\":\"ImageObject\",\"inLanguage\":\"fr-FR\",\"@id\":\"https:\\\/\\\/thelyflabs.com\\\/product\\\/extracto-organico-de-chaga#primaryimage\",\"url\":\"https:\\\/\\\/thelyflabs.com\\\/wp-content\\\/uploads\\\/2024\\\/10\\\/1-1.webp\",\"contentUrl\":\"https:\\\/\\\/thelyflabs.com\\\/wp-content\\\/uploads\\\/2024\\\/10\\\/1-1.webp\",\"width\":1409,\"height\":2000},{\"@type\":\"BreadcrumbList\",\"@id\":\"https:\\\/\\\/thelyflabs.com\\\/product\\\/extracto-organico-de-chaga#breadcrumb\",\"itemListElement\":[{\"@type\":\"ListItem\",\"position\":1,\"name\":\"Portada\",\"item\":\"https:\\\/\\\/thelyflabs.com\\\/\"},{\"@type\":\"ListItem\",\"position\":2,\"name\":\"Tienda\",\"item\":\"https:\\\/\\\/thelyflabs.com\\\/tienda\"},{\"@type\":\"ListItem\",\"position\":3,\"name\":\"Extracto Org\u00e1nico de Chaga\"}]},{\"@type\":\"WebSite\",\"@id\":\"https:\\\/\\\/thelyflabs.com\\\/#website\",\"url\":\"https:\\\/\\\/thelyflabs.com\\\/\",\"name\":\"The LYF Labs\",\"description\":\"CBD al por mayor\",\"publisher\":{\"@id\":\"https:\\\/\\\/thelyflabs.com\\\/#organization\"},\"potentialAction\":[{\"@type\":\"SearchAction\",\"target\":{\"@type\":\"EntryPoint\",\"urlTemplate\":\"https:\\\/\\\/thelyflabs.com\\\/?s={search_term_string}\"},\"query-input\":{\"@type\":\"PropertyValueSpecification\",\"valueRequired\":true,\"valueName\":\"search_term_string\"}}],\"inLanguage\":\"fr-FR\"},{\"@type\":\"Organization\",\"@id\":\"https:\\\/\\\/thelyflabs.com\\\/#organization\",\"name\":\"The LYF Labs\",\"url\":\"https:\\\/\\\/thelyflabs.com\\\/\",\"logo\":{\"@type\":\"ImageObject\",\"inLanguage\":\"fr-FR\",\"@id\":\"https:\\\/\\\/thelyflabs.com\\\/#\\\/schema\\\/logo\\\/image\\\/\",\"url\":\"https:\\\/\\\/thelyflabs.com\\\/wp-content\\\/uploads\\\/2023\\\/01\\\/cropped-LogoTheLYFLabs.png\",\"contentUrl\":\"https:\\\/\\\/thelyflabs.com\\\/wp-content\\\/uploads\\\/2023\\\/01\\\/cropped-LogoTheLYFLabs.png\",\"width\":600,\"height\":180,\"caption\":\"The LYF Labs\"},\"image\":{\"@id\":\"https:\\\/\\\/thelyflabs.com\\\/#\\\/schema\\\/logo\\\/image\\\/\"}}]}<\/script>\n<!-- \/ Yoast SEO plugin. -->","yoast_head_json":{"title":"Extracto Org\u00e1nico de Chaga - THE LYF LABS","description":"Compra extracto de chaga org\u00e1nico de alta calidad en The LYF Labs. Potente suplemento antioxidante Ideal para reforzar el sistema inmunol\u00f3gico y mejorar tu salud.","robots":{"index":"index","follow":"follow","max-snippet":"max-snippet:-1","max-image-preview":"max-image-preview:large","max-video-preview":"max-video-preview:-1"},"canonical":"https:\/\/thelyflabs.com\/fr\/product\/extracto-organico-de-chaga\/","og_locale":"fr_FR","og_type":"article","og_title":"Extracto Org\u00e1nico de Chaga - THE LYF LABS","og_description":"Compra extracto de chaga org\u00e1nico de alta calidad en The LYF Labs. Potente suplemento antioxidante Ideal para reforzar el sistema inmunol\u00f3gico y mejorar tu salud.","og_url":"https:\/\/thelyflabs.com\/fr\/product\/extracto-organico-de-chaga\/","og_site_name":"THE LYF LABS","article_modified_time":"2025-09-15T15:24:10+00:00","og_image":[{"width":1409,"height":2000,"url":"https:\/\/thelyflabs.com\/wp-content\/uploads\/2024\/10\/1-1.webp","type":"image\/webp"}],"twitter_card":"summary_large_image","twitter_misc":{"Dur\u00e9e de lecture estim\u00e9e":"4 minutes"},"schema":{"@context":"https:\/\/schema.org","@graph":[{"@type":"WebPage","@id":"https:\/\/thelyflabs.com\/product\/extracto-organico-de-chaga","url":"https:\/\/thelyflabs.com\/product\/extracto-organico-de-chaga","name":"Extracto Org\u00e1nico de Chaga - THE LYF LABS","isPartOf":{"@id":"https:\/\/thelyflabs.com\/#website"},"primaryImageOfPage":{"@id":"https:\/\/thelyflabs.com\/product\/extracto-organico-de-chaga#primaryimage"},"image":{"@id":"https:\/\/thelyflabs.com\/product\/extracto-organico-de-chaga#primaryimage"},"thumbnailUrl":"https:\/\/thelyflabs.com\/wp-content\/uploads\/2024\/10\/1-1.webp","datePublished":"2024-11-07T11:42:33+00:00","dateModified":"2025-09-15T15:24:10+00:00","description":"Compra extracto de chaga org\u00e1nico de alta calidad en The LYF Labs. Potente suplemento antioxidante Ideal para reforzar el sistema inmunol\u00f3gico y mejorar tu salud.","breadcrumb":{"@id":"https:\/\/thelyflabs.com\/product\/extracto-organico-de-chaga#breadcrumb"},"inLanguage":"fr-FR","potentialAction":[{"@type":"ReadAction","target":["https:\/\/thelyflabs.com\/product\/extracto-organico-de-chaga"]}]},{"@type":"ImageObject","inLanguage":"fr-FR","@id":"https:\/\/thelyflabs.com\/product\/extracto-organico-de-chaga#primaryimage","url":"https:\/\/thelyflabs.com\/wp-content\/uploads\/2024\/10\/1-1.webp","contentUrl":"https:\/\/thelyflabs.com\/wp-content\/uploads\/2024\/10\/1-1.webp","width":1409,"height":2000},{"@type":"BreadcrumbList","@id":"https:\/\/thelyflabs.com\/product\/extracto-organico-de-chaga#breadcrumb","itemListElement":[{"@type":"ListItem","position":1,"name":"Portada","item":"https:\/\/thelyflabs.com\/"},{"@type":"ListItem","position":2,"name":"Tienda","item":"https:\/\/thelyflabs.com\/tienda"},{"@type":"ListItem","position":3,"name":"Extracto Org\u00e1nico de Chaga"}]},{"@type":"WebSite","@id":"https:\/\/thelyflabs.com\/#website","url":"https:\/\/thelyflabs.com\/","name":"Les laboratoires LYF","description":"Vente en gros de CBD","publisher":{"@id":"https:\/\/thelyflabs.com\/#organization"},"potentialAction":[{"@type":"SearchAction","target":{"@type":"EntryPoint","urlTemplate":"https:\/\/thelyflabs.com\/?s={search_term_string}"},"query-input":{"@type":"PropertyValueSpecification","valueRequired":true,"valueName":"search_term_string"}}],"inLanguage":"fr-FR"},{"@type":"Organization","@id":"https:\/\/thelyflabs.com\/#organization","name":"Les laboratoires LYF","url":"https:\/\/thelyflabs.com\/","logo":{"@type":"ImageObject","inLanguage":"fr-FR","@id":"https:\/\/thelyflabs.com\/#\/schema\/logo\/image\/","url":"https:\/\/thelyflabs.com\/wp-content\/uploads\/2023\/01\/cropped-LogoTheLYFLabs.png","contentUrl":"https:\/\/thelyflabs.com\/wp-content\/uploads\/2023\/01\/cropped-LogoTheLYFLabs.png","width":600,"height":180,"caption":"The LYF Labs"},"image":{"@id":"https:\/\/thelyflabs.com\/#\/schema\/logo\/image\/"}}]}},"_links":{"self":[{"href":"https:\/\/thelyflabs.com\/fr\/wp-json\/wp\/v2\/product\/8824","targetHints":{"allow":["GET"]}}],"collection":[{"href":"https:\/\/thelyflabs.com\/fr\/wp-json\/wp\/v2\/product"}],"about":[{"href":"https:\/\/thelyflabs.com\/fr\/wp-json\/wp\/v2\/types\/product"}],"replies":[{"embeddable":true,"href":"https:\/\/thelyflabs.com\/fr\/wp-json\/wp\/v2\/comments?post=8824"}],"wp:featuredmedia":[{"embeddable":true,"href":"https:\/\/thelyflabs.com\/fr\/wp-json\/wp\/v2\/media\/8826"}],"wp:attachment":[{"href":"https:\/\/thelyflabs.com\/fr\/wp-json\/wp\/v2\/media?parent=8824"}],"wp:term":[{"taxonomy":"product_brand","embeddable":true,"href":"https:\/\/thelyflabs.com\/fr\/wp-json\/wp\/v2\/product_brand?post=8824"},{"taxonomy":"product_cat","embeddable":true,"href":"https:\/\/thelyflabs.com\/fr\/wp-json\/wp\/v2\/product_cat?post=8824"},{"taxonomy":"product_tag","embeddable":true,"href":"https:\/\/thelyflabs.com\/fr\/wp-json\/wp\/v2\/product_tag?post=8824"}],"curies":[{"name":"wp","href":"https:\/\/api.w.org\/{rel}","templated":true}]}}