{"id":8830,"date":"2024-11-07T12:42:09","date_gmt":"2024-11-07T11:42:09","guid":{"rendered":"https:\/\/thelyflabs.com\/?post_type=product&#038;p=8830"},"modified":"2025-09-15T17:24:31","modified_gmt":"2025-09-15T15:24:31","slug":"extracto-organico-de-melena-de-leon","status":"publish","type":"product","link":"https:\/\/thelyflabs.com\/fr\/product\/extracto-organico-de-melena-de-leon","title":{"rendered":"Extrait de crini\u00e8re de lion biologique"},"content":{"rendered":"<h3>Extrait de crini\u00e8re de lion biologique<\/h3>\n<p>Notre <strong>extrait de crini\u00e8re de lion bio<\/strong> Il s&#039;agit d&#039;un compl\u00e9ment alimentaire concentr\u00e9, \u00e9labor\u00e9 avec une double extraction (eau chaude et alcool) pour maximiser ses bienfaits. Fabriqu\u00e9 dans l&#039;UE selon les normes de qualit\u00e9 les plus \u00e9lev\u00e9es.<\/p>\n<h3>Avantages de l&#039;extrait de crini\u00e8re de lion<\/h3>\n<p>Le <strong>Crini\u00e8re de lion<\/strong> (Hericium erinaceus) est un champignon connu pour ses multiples bienfaits pour la sant\u00e9, soutenus par la m\u00e9decine traditionnelle orientale. Les extraits doubles, comme celui-ci, sont particuli\u00e8rement efficaces pour extraire tous les compos\u00e9s actifs du champignon.<\/p>\n<h4>Avantages cl\u00e9s\u00a0:<\/h4>\n<ul>\n<li><strong>Fonction cognitive am\u00e9lior\u00e9e<\/strong>: Lion&#039;s Mane stimule la production de Nerve Growth Factor (NGF), aidant la r\u00e9g\u00e9n\u00e9ration neuronale, am\u00e9liorant la m\u00e9moire, la concentration et la clart\u00e9 mentale.<\/li>\n<li><strong>Soutien au syst\u00e8me nerveux<\/strong>: Aide \u00e0 r\u00e9parer les nerfs endommag\u00e9s, \u00e9tant utile pour am\u00e9liorer la sant\u00e9 neurologique et favoriser la r\u00e9cup\u00e9ration apr\u00e8s des blessures.<\/li>\n<li><strong>R\u00e9duction de l&#039;anxi\u00e9t\u00e9 et de la d\u00e9pression<\/strong>: Des \u00e9tudes sugg\u00e8rent que Lion&#039;s Mane peut r\u00e9duire les sympt\u00f4mes d&#039;anxi\u00e9t\u00e9 et de d\u00e9pression, en agissant sur le syst\u00e8me nerveux central.<\/li>\n<li><strong>Propri\u00e9t\u00e9s anti-inflammatoires et antioxydantes<\/strong>: Sa teneur en antioxydants et compos\u00e9s anti-inflammatoires prot\u00e8ge les cellules des dommages caus\u00e9s par le stress oxydatif.<\/li>\n<li><strong>Am\u00e9lioration de la sant\u00e9 digestive<\/strong>: Ce champignon est traditionnellement utilis\u00e9 pour soulager les probl\u00e8mes gastro-intestinaux tels que les ulc\u00e8res et les inflammations.<\/li>\n<li><strong>Potentiel anticanc\u00e9reux<\/strong>: Des recherches pr\u00e9liminaires indiquent que l&#039;extrait de crini\u00e8re de lion peut inhiber la croissance des cellules canc\u00e9reuses.<\/li>\n<li><strong>Renforcer le syst\u00e8me immunitaire<\/strong>: Les b\u00eata-glucanes pr\u00e9sents dans la crini\u00e8re de lion stimulent le syst\u00e8me immunitaire, aidant ainsi l&#039;organisme \u00e0 combattre les infections.<\/li>\n<\/ul>\n<p>Ces bienfaits sont li\u00e9s \u00e0 la qualit\u00e9 de l\u2019extrait et \u00e0 son utilisation constante. Il <strong>extrait de crini\u00e8re de lion<\/strong> dual, qui utilise \u00e0 la fois de l&#039;eau et de l&#039;alcool dans son processus d&#039;extraction, garantit une concentration plus \u00e9lev\u00e9e de compos\u00e9s actifs, maximisant ainsi son efficacit\u00e9.<\/p>","protected":false},"excerpt":{"rendered":"<h4>Caract\u00e9ristiques de l&#039;extrait de crini\u00e8re de lion\u00a0:<\/h4>\n<ul>\n<li>Flacon compte-gouttes en verre Miron violet de 50 ml ou verre marron pharmaceutique.<\/li>\n<li>Facile \u00e0 utiliser : ajouter deux doses dans un verre d&#039;eau ou directement sous la langue.<\/li>\n<li>Il contient environ 25% d&#039;alcool.<\/li>\n<li><strong>Double extrait<\/strong> avec de l&#039;eau chaude et de l&#039;alcool pour extraire les compos\u00e9s solubles et non solubles dans l&#039;eau.<\/li>\n<li>Fabriqu\u00e9 avec un extrait qui contient plus de 20% de b\u00eata-glucanes 1,3\/1,6.<\/li>\n<li>Sans amidon, c\u00e9r\u00e9ales ou autres charges ajout\u00e9s.<\/li>\n<li>Uniquement des fructifications biologiques, pas de myc\u00e9lium.<\/li>\n<li>Sans gluten, non g\u00e9n\u00e9tiquement modifi\u00e9 (sans OGM) et adapt\u00e9 aux v\u00e9g\u00e9taliens.<\/li>\n<li>Qualit\u00e9 sup\u00e9rieure, test\u00e9e dans des laboratoires tiers accr\u00e9dit\u00e9s.<\/li>\n<li>Dur\u00e9e de conservation de 18 mois \u00e0 compter de la date de fabrication.<\/li>\n<\/ul>","protected":false},"featured_media":8832,"comment_status":"open","ping_status":"closed","template":"","meta":{"_acf_changed":false,"site-sidebar-layout":"default","site-content-layout":"","ast-site-content-layout":"default","site-content-style":"default","site-sidebar-style":"default","ast-global-header-display":"","ast-banner-title-visibility":"","ast-main-header-display":"","ast-hfb-above-header-display":"","ast-hfb-below-header-display":"","ast-hfb-mobile-header-display":"","site-post-title":"","ast-breadcrumbs-content":"","ast-featured-img":"","footer-sml-layout":"","theme-transparent-header-meta":"default","adv-header-id-meta":"","stick-header-meta":"","header-above-stick-meta":"","header-main-stick-meta":"","header-below-stick-meta":"","astra-migrate-meta-layouts":"set","ast-page-background-enabled":"default","ast-page-background-meta":{"desktop":{"background-color":"var(--ast-global-color-4)","background-image":"","background-repeat":"repeat","background-position":"center center","background-size":"auto","background-attachment":"scroll","background-type":"","background-media":"","overlay-type":"","overlay-color":"","overlay-opacity":"","overlay-gradient":""},"tablet":{"background-color":"","background-image":"","background-repeat":"repeat","background-position":"center center","background-size":"auto","background-attachment":"scroll","background-type":"","background-media":"","overlay-type":"","overlay-color":"","overlay-opacity":"","overlay-gradient":""},"mobile":{"background-color":"","background-image":"","background-repeat":"repeat","background-position":"center center","background-size":"auto","background-attachment":"scroll","background-type":"","background-media":"","overlay-type":"","overlay-color":"","overlay-opacity":"","overlay-gradient":""}},"ast-content-background-meta":{"desktop":{"background-color":"var(--ast-global-color-5)","background-image":"","background-repeat":"repeat","background-position":"center center","background-size":"auto","background-attachment":"scroll","background-type":"","background-media":"","overlay-type":"","overlay-color":"","overlay-opacity":"","overlay-gradient":""},"tablet":{"background-color":"var(--ast-global-color-5)","background-image":"","background-repeat":"repeat","background-position":"center center","background-size":"auto","background-attachment":"scroll","background-type":"","background-media":"","overlay-type":"","overlay-color":"","overlay-opacity":"","overlay-gradient":""},"mobile":{"background-color":"var(--ast-global-color-5)","background-image":"","background-repeat":"repeat","background-position":"center center","background-size":"auto","background-attachment":"scroll","background-type":"","background-media":"","overlay-type":"","overlay-color":"","overlay-opacity":"","overlay-gradient":""}}},"product_brand":[],"product_cat":[127],"product_tag":[],"class_list":{"0":"post-8830","1":"product","2":"type-product","3":"status-publish","4":"has-post-thumbnail","6":"product_cat-setas-funcionales","7":"desktop-align-center","8":"tablet-align-left","9":"mobile-align-left","11":"first","12":"outofstock","13":"taxable","14":"shipping-taxable","15":"purchasable","16":"product-type-simple"},"acf":[],"yoast_head":"<!-- This site is optimized with the Yoast SEO plugin v27.4 - https:\/\/yoast.com\/product\/yoast-seo-wordpress\/ -->\n<title>Extracto Org\u00e1nico de Melena de Le\u00f3n - THE LYF LABS<\/title>\n<meta name=\"description\" content=\"Compra extracto org\u00e1nico de melena de le\u00f3n de alta calidad en The LYF Labs. Suplemento natural para mejorar la funci\u00f3n cognitiva, apoyar el sistema nervioso y reforzar el sistema inmunol\u00f3gico. Certificado, sin gluten y vegano.\" \/>\n<meta name=\"robots\" content=\"index, follow, max-snippet:-1, max-image-preview:large, max-video-preview:-1\" \/>\n<link rel=\"canonical\" href=\"https:\/\/thelyflabs.com\/fr\/product\/extracto-organico-de-melena-de-leon\/\" \/>\n<meta property=\"og:locale\" content=\"fr_FR\" \/>\n<meta property=\"og:type\" content=\"article\" \/>\n<meta property=\"og:title\" content=\"Extracto Org\u00e1nico de Melena de Le\u00f3n - THE LYF LABS\" \/>\n<meta property=\"og:description\" content=\"Compra extracto org\u00e1nico de melena de le\u00f3n de alta calidad en The LYF Labs. Suplemento natural para mejorar la funci\u00f3n cognitiva, apoyar el sistema nervioso y reforzar el sistema inmunol\u00f3gico. Certificado, sin gluten y vegano.\" \/>\n<meta property=\"og:url\" content=\"https:\/\/thelyflabs.com\/fr\/product\/extracto-organico-de-melena-de-leon\/\" \/>\n<meta property=\"og:site_name\" content=\"THE LYF LABS\" \/>\n<meta property=\"article:modified_time\" content=\"2025-09-15T15:24:31+00:00\" \/>\n<meta property=\"og:image\" content=\"https:\/\/thelyflabs.com\/wp-content\/uploads\/2024\/10\/8.webp\" \/>\n\t<meta property=\"og:image:width\" content=\"1409\" \/>\n\t<meta property=\"og:image:height\" content=\"2000\" \/>\n\t<meta property=\"og:image:type\" content=\"image\/webp\" \/>\n<meta name=\"twitter:card\" content=\"summary_large_image\" \/>\n<meta name=\"twitter:label1\" content=\"Dur\u00e9e de lecture estim\u00e9e\" \/>\n\t<meta name=\"twitter:data1\" content=\"3 minutes\" \/>\n<script type=\"application\/ld+json\" class=\"yoast-schema-graph\">{\"@context\":\"https:\\\/\\\/schema.org\",\"@graph\":[{\"@type\":\"WebPage\",\"@id\":\"https:\\\/\\\/thelyflabs.com\\\/product\\\/extracto-organico-de-melena-de-leon\",\"url\":\"https:\\\/\\\/thelyflabs.com\\\/product\\\/extracto-organico-de-melena-de-leon\",\"name\":\"Extracto Org\u00e1nico de Melena de Le\u00f3n - THE LYF LABS\",\"isPartOf\":{\"@id\":\"https:\\\/\\\/thelyflabs.com\\\/#website\"},\"primaryImageOfPage\":{\"@id\":\"https:\\\/\\\/thelyflabs.com\\\/product\\\/extracto-organico-de-melena-de-leon#primaryimage\"},\"image\":{\"@id\":\"https:\\\/\\\/thelyflabs.com\\\/product\\\/extracto-organico-de-melena-de-leon#primaryimage\"},\"thumbnailUrl\":\"https:\\\/\\\/thelyflabs.com\\\/wp-content\\\/uploads\\\/2024\\\/10\\\/8.webp\",\"datePublished\":\"2024-11-07T11:42:09+00:00\",\"dateModified\":\"2025-09-15T15:24:31+00:00\",\"description\":\"Compra extracto org\u00e1nico de melena de le\u00f3n de alta calidad en The LYF Labs. Suplemento natural para mejorar la funci\u00f3n cognitiva, apoyar el sistema nervioso y reforzar el sistema inmunol\u00f3gico. Certificado, sin gluten y vegano.\",\"breadcrumb\":{\"@id\":\"https:\\\/\\\/thelyflabs.com\\\/product\\\/extracto-organico-de-melena-de-leon#breadcrumb\"},\"inLanguage\":\"fr-FR\",\"potentialAction\":[{\"@type\":\"ReadAction\",\"target\":[\"https:\\\/\\\/thelyflabs.com\\\/product\\\/extracto-organico-de-melena-de-leon\"]}]},{\"@type\":\"ImageObject\",\"inLanguage\":\"fr-FR\",\"@id\":\"https:\\\/\\\/thelyflabs.com\\\/product\\\/extracto-organico-de-melena-de-leon#primaryimage\",\"url\":\"https:\\\/\\\/thelyflabs.com\\\/wp-content\\\/uploads\\\/2024\\\/10\\\/8.webp\",\"contentUrl\":\"https:\\\/\\\/thelyflabs.com\\\/wp-content\\\/uploads\\\/2024\\\/10\\\/8.webp\",\"width\":1409,\"height\":2000},{\"@type\":\"BreadcrumbList\",\"@id\":\"https:\\\/\\\/thelyflabs.com\\\/product\\\/extracto-organico-de-melena-de-leon#breadcrumb\",\"itemListElement\":[{\"@type\":\"ListItem\",\"position\":1,\"name\":\"Portada\",\"item\":\"https:\\\/\\\/thelyflabs.com\\\/\"},{\"@type\":\"ListItem\",\"position\":2,\"name\":\"Tienda\",\"item\":\"https:\\\/\\\/thelyflabs.com\\\/tienda\"},{\"@type\":\"ListItem\",\"position\":3,\"name\":\"Extracto Org\u00e1nico de Melena de Le\u00f3n\"}]},{\"@type\":\"WebSite\",\"@id\":\"https:\\\/\\\/thelyflabs.com\\\/#website\",\"url\":\"https:\\\/\\\/thelyflabs.com\\\/\",\"name\":\"The LYF Labs\",\"description\":\"CBD al por mayor\",\"publisher\":{\"@id\":\"https:\\\/\\\/thelyflabs.com\\\/#organization\"},\"potentialAction\":[{\"@type\":\"SearchAction\",\"target\":{\"@type\":\"EntryPoint\",\"urlTemplate\":\"https:\\\/\\\/thelyflabs.com\\\/?s={search_term_string}\"},\"query-input\":{\"@type\":\"PropertyValueSpecification\",\"valueRequired\":true,\"valueName\":\"search_term_string\"}}],\"inLanguage\":\"fr-FR\"},{\"@type\":\"Organization\",\"@id\":\"https:\\\/\\\/thelyflabs.com\\\/#organization\",\"name\":\"The LYF Labs\",\"url\":\"https:\\\/\\\/thelyflabs.com\\\/\",\"logo\":{\"@type\":\"ImageObject\",\"inLanguage\":\"fr-FR\",\"@id\":\"https:\\\/\\\/thelyflabs.com\\\/#\\\/schema\\\/logo\\\/image\\\/\",\"url\":\"https:\\\/\\\/thelyflabs.com\\\/wp-content\\\/uploads\\\/2023\\\/01\\\/cropped-LogoTheLYFLabs.png\",\"contentUrl\":\"https:\\\/\\\/thelyflabs.com\\\/wp-content\\\/uploads\\\/2023\\\/01\\\/cropped-LogoTheLYFLabs.png\",\"width\":600,\"height\":180,\"caption\":\"The LYF Labs\"},\"image\":{\"@id\":\"https:\\\/\\\/thelyflabs.com\\\/#\\\/schema\\\/logo\\\/image\\\/\"}}]}<\/script>\n<!-- \/ Yoast SEO plugin. -->","yoast_head_json":{"title":"Extracto Org\u00e1nico de Melena de Le\u00f3n - THE LYF LABS","description":"Compra extracto org\u00e1nico de melena de le\u00f3n de alta calidad en The LYF Labs. Suplemento natural para mejorar la funci\u00f3n cognitiva, apoyar el sistema nervioso y reforzar el sistema inmunol\u00f3gico. Certificado, sin gluten y vegano.","robots":{"index":"index","follow":"follow","max-snippet":"max-snippet:-1","max-image-preview":"max-image-preview:large","max-video-preview":"max-video-preview:-1"},"canonical":"https:\/\/thelyflabs.com\/fr\/product\/extracto-organico-de-melena-de-leon\/","og_locale":"fr_FR","og_type":"article","og_title":"Extracto Org\u00e1nico de Melena de Le\u00f3n - THE LYF LABS","og_description":"Compra extracto org\u00e1nico de melena de le\u00f3n de alta calidad en The LYF Labs. Suplemento natural para mejorar la funci\u00f3n cognitiva, apoyar el sistema nervioso y reforzar el sistema inmunol\u00f3gico. Certificado, sin gluten y vegano.","og_url":"https:\/\/thelyflabs.com\/fr\/product\/extracto-organico-de-melena-de-leon\/","og_site_name":"THE LYF LABS","article_modified_time":"2025-09-15T15:24:31+00:00","og_image":[{"width":1409,"height":2000,"url":"https:\/\/thelyflabs.com\/wp-content\/uploads\/2024\/10\/8.webp","type":"image\/webp"}],"twitter_card":"summary_large_image","twitter_misc":{"Dur\u00e9e de lecture estim\u00e9e":"3 minutes"},"schema":{"@context":"https:\/\/schema.org","@graph":[{"@type":"WebPage","@id":"https:\/\/thelyflabs.com\/product\/extracto-organico-de-melena-de-leon","url":"https:\/\/thelyflabs.com\/product\/extracto-organico-de-melena-de-leon","name":"Extracto Org\u00e1nico de Melena de Le\u00f3n - THE LYF LABS","isPartOf":{"@id":"https:\/\/thelyflabs.com\/#website"},"primaryImageOfPage":{"@id":"https:\/\/thelyflabs.com\/product\/extracto-organico-de-melena-de-leon#primaryimage"},"image":{"@id":"https:\/\/thelyflabs.com\/product\/extracto-organico-de-melena-de-leon#primaryimage"},"thumbnailUrl":"https:\/\/thelyflabs.com\/wp-content\/uploads\/2024\/10\/8.webp","datePublished":"2024-11-07T11:42:09+00:00","dateModified":"2025-09-15T15:24:31+00:00","description":"Compra extracto org\u00e1nico de melena de le\u00f3n de alta calidad en The LYF Labs. Suplemento natural para mejorar la funci\u00f3n cognitiva, apoyar el sistema nervioso y reforzar el sistema inmunol\u00f3gico. Certificado, sin gluten y vegano.","breadcrumb":{"@id":"https:\/\/thelyflabs.com\/product\/extracto-organico-de-melena-de-leon#breadcrumb"},"inLanguage":"fr-FR","potentialAction":[{"@type":"ReadAction","target":["https:\/\/thelyflabs.com\/product\/extracto-organico-de-melena-de-leon"]}]},{"@type":"ImageObject","inLanguage":"fr-FR","@id":"https:\/\/thelyflabs.com\/product\/extracto-organico-de-melena-de-leon#primaryimage","url":"https:\/\/thelyflabs.com\/wp-content\/uploads\/2024\/10\/8.webp","contentUrl":"https:\/\/thelyflabs.com\/wp-content\/uploads\/2024\/10\/8.webp","width":1409,"height":2000},{"@type":"BreadcrumbList","@id":"https:\/\/thelyflabs.com\/product\/extracto-organico-de-melena-de-leon#breadcrumb","itemListElement":[{"@type":"ListItem","position":1,"name":"Portada","item":"https:\/\/thelyflabs.com\/"},{"@type":"ListItem","position":2,"name":"Tienda","item":"https:\/\/thelyflabs.com\/tienda"},{"@type":"ListItem","position":3,"name":"Extracto Org\u00e1nico de Melena de Le\u00f3n"}]},{"@type":"WebSite","@id":"https:\/\/thelyflabs.com\/#website","url":"https:\/\/thelyflabs.com\/","name":"Les laboratoires LYF","description":"Vente en gros de CBD","publisher":{"@id":"https:\/\/thelyflabs.com\/#organization"},"potentialAction":[{"@type":"SearchAction","target":{"@type":"EntryPoint","urlTemplate":"https:\/\/thelyflabs.com\/?s={search_term_string}"},"query-input":{"@type":"PropertyValueSpecification","valueRequired":true,"valueName":"search_term_string"}}],"inLanguage":"fr-FR"},{"@type":"Organization","@id":"https:\/\/thelyflabs.com\/#organization","name":"Les laboratoires LYF","url":"https:\/\/thelyflabs.com\/","logo":{"@type":"ImageObject","inLanguage":"fr-FR","@id":"https:\/\/thelyflabs.com\/#\/schema\/logo\/image\/","url":"https:\/\/thelyflabs.com\/wp-content\/uploads\/2023\/01\/cropped-LogoTheLYFLabs.png","contentUrl":"https:\/\/thelyflabs.com\/wp-content\/uploads\/2023\/01\/cropped-LogoTheLYFLabs.png","width":600,"height":180,"caption":"The LYF Labs"},"image":{"@id":"https:\/\/thelyflabs.com\/#\/schema\/logo\/image\/"}}]}},"_links":{"self":[{"href":"https:\/\/thelyflabs.com\/fr\/wp-json\/wp\/v2\/product\/8830","targetHints":{"allow":["GET"]}}],"collection":[{"href":"https:\/\/thelyflabs.com\/fr\/wp-json\/wp\/v2\/product"}],"about":[{"href":"https:\/\/thelyflabs.com\/fr\/wp-json\/wp\/v2\/types\/product"}],"replies":[{"embeddable":true,"href":"https:\/\/thelyflabs.com\/fr\/wp-json\/wp\/v2\/comments?post=8830"}],"wp:featuredmedia":[{"embeddable":true,"href":"https:\/\/thelyflabs.com\/fr\/wp-json\/wp\/v2\/media\/8832"}],"wp:attachment":[{"href":"https:\/\/thelyflabs.com\/fr\/wp-json\/wp\/v2\/media?parent=8830"}],"wp:term":[{"taxonomy":"product_brand","embeddable":true,"href":"https:\/\/thelyflabs.com\/fr\/wp-json\/wp\/v2\/product_brand?post=8830"},{"taxonomy":"product_cat","embeddable":true,"href":"https:\/\/thelyflabs.com\/fr\/wp-json\/wp\/v2\/product_cat?post=8830"},{"taxonomy":"product_tag","embeddable":true,"href":"https:\/\/thelyflabs.com\/fr\/wp-json\/wp\/v2\/product_tag?post=8830"}],"curies":[{"name":"wp","href":"https:\/\/api.w.org\/{rel}","templated":true}]}}