{"id":8834,"date":"2024-11-07T12:42:22","date_gmt":"2024-11-07T11:42:22","guid":{"rendered":"https:\/\/thelyflabs.com\/?post_type=product&#038;p=8834"},"modified":"2025-09-15T17:24:22","modified_gmt":"2025-09-15T15:24:22","slug":"extracto-organico-de-reishi","status":"publish","type":"product","link":"https:\/\/thelyflabs.com\/fr\/product\/extracto-organico-de-reishi","title":{"rendered":"Extrait de Reishi biologique"},"content":{"rendered":"<h1><strong>Extrait de Reishi biologique (double extrait)<\/strong><\/h1>\n<p>Il <em>Extrait de Reishi biologique<\/em> est un compl\u00e9ment alimentaire pur et concentr\u00e9, fabriqu\u00e9 aux \u00c9tats-Unis, con\u00e7u pour apporter de multiples bienfaits pour la sant\u00e9.<\/p>\n<ul>\n<li><strong>Puissant double extrait 20:1<\/strong><\/li>\n<li>1 flacon contient l&#039;\u00e9quivalent de 150g de Reishi cru, s\u00e9ch\u00e9 et certifi\u00e9 biologique.<\/li>\n<li>Chaque bouteille offre <strong>25 doses quotidiennes<\/strong><\/li>\n<\/ul>\n<h3>Avantages de l&#039;extrait de Reishi<\/h3>\n<ol>\n<li><strong>Renforcer le syst\u00e8me immunitaire<\/strong>: Le Reishi renforce les d\u00e9fenses de l&#039;organisme et augmente la r\u00e9sistance aux infections et aux maladies.<\/li>\n<li><strong>Propri\u00e9t\u00e9s anti-inflammatoires<\/strong>: Aide \u00e0 r\u00e9duire l\u2019inflammation, \u00e9tant utile pour des maladies telles que l\u2019arthrite.<\/li>\n<li><strong>R\u00e9duction du stress et de l&#039;anxi\u00e9t\u00e9<\/strong>: Favorise la relaxation, am\u00e9liore le sommeil et r\u00e9duit le stress.<\/li>\n<li><strong>Am\u00e9lioration de la sant\u00e9 cardiovasculaire<\/strong>: Contribue \u00e0 r\u00e9duire la tension art\u00e9rielle et le cholest\u00e9rol, am\u00e9liorant ainsi la sant\u00e9 cardiaque.<\/li>\n<li><strong>Propri\u00e9t\u00e9s antioxydantes<\/strong>: Prot\u00e8ge du vieillissement pr\u00e9matur\u00e9 et des maladies chroniques en luttant contre les radicaux libres.<\/li>\n<li><strong>Soutien \u00e0 la sant\u00e9 du foie<\/strong>: Favorise la fonction h\u00e9patique et aide \u00e0 d\u00e9toxifier l\u2019organisme.<\/li>\n<li><strong>Potentiel anticanc\u00e9reux<\/strong>: Les recherches sugg\u00e8rent qu&#039;il pourrait inhiber la croissance des cellules canc\u00e9reuses.<\/li>\n<li><strong>R\u00e9gulation de la glyc\u00e9mie<\/strong>: Aide \u00e0 maintenir des niveaux de glucose sains.<\/li>\n<li><strong>Bienfaits pour la peau<\/strong>: Am\u00e9liore la sant\u00e9 de la peau, combat l&#039;acn\u00e9 et l&#039;inflammation.<\/li>\n<li><strong>Augmentation de l\u2019\u00e9nergie et de l\u2019endurance<\/strong>: Am\u00e9liore les performances physiques et la vitalit\u00e9.<\/li>\n<\/ol>\n<p>Cet extrait de Reishi apporte un soutien complet \u00e0 votre bien-\u00eatre, soutenu par la science et certifi\u00e9 biologique.<\/p>","protected":false},"excerpt":{"rendered":"<h3>CARACT\u00c9RISTIQUES DE L&#039;EXTRAIT DE REISHI BIO<\/h3>\n<ul>\n<li>Flacon compte-gouttes en verre violet de 50 ml de haute qualit\u00e9.<\/li>\n<li>Facile \u00e0 utiliser : Ajoutez trois compte-gouttes dans un verre d&#039;eau ou directement sous la langue.<\/li>\n<li>Extrait avec de l&#039;eau chaude et de l&#039;alcool (double extrait) \u00e0 partir de Reishi biologique r\u00e9colt\u00e9 de mani\u00e8re durable.<\/li>\n<li>Il contient environ 25% d&#039;alcool.<\/li>\n<li>Il contient des compos\u00e9s solubles et non solubles dans l&#039;eau.<\/li>\n<li>Fabriqu\u00e9 avec <strong>extrait &gt;30% B\u00eata-glucanes 1,3\/1,6<\/strong>.<\/li>\n<li>Sans amidon ajout\u00e9, sans grains ou autres charges.<\/li>\n<li>Certifi\u00e9 biologique par l&#039;UE.<\/li>\n<li>Sans gluten, non g\u00e9n\u00e9tiquement modifi\u00e9 (sans OGM), v\u00e9g\u00e9talien.<\/li>\n<li>Qualit\u00e9 sup\u00e9rieure : test\u00e9 dans des laboratoires tiers accr\u00e9dit\u00e9s.<\/li>\n<li>Sans myc\u00e9lium, seules les fructifications biologiques sont utilis\u00e9es.<\/li>\n<li>Mis en bouteille en verre biopotonique Miron.<\/li>\n<li>Dur\u00e9e de conservation de 18 mois \u00e0 compter de la date de fabrication.<\/li>\n<\/ul>","protected":false},"featured_media":8835,"comment_status":"open","ping_status":"closed","template":"","meta":{"_acf_changed":false,"site-sidebar-layout":"default","site-content-layout":"","ast-site-content-layout":"default","site-content-style":"default","site-sidebar-style":"default","ast-global-header-display":"","ast-banner-title-visibility":"","ast-main-header-display":"","ast-hfb-above-header-display":"","ast-hfb-below-header-display":"","ast-hfb-mobile-header-display":"","site-post-title":"","ast-breadcrumbs-content":"","ast-featured-img":"","footer-sml-layout":"","theme-transparent-header-meta":"default","adv-header-id-meta":"","stick-header-meta":"","header-above-stick-meta":"","header-main-stick-meta":"","header-below-stick-meta":"","astra-migrate-meta-layouts":"set","ast-page-background-enabled":"default","ast-page-background-meta":{"desktop":{"background-color":"var(--ast-global-color-4)","background-image":"","background-repeat":"repeat","background-position":"center center","background-size":"auto","background-attachment":"scroll","background-type":"","background-media":"","overlay-type":"","overlay-color":"","overlay-opacity":"","overlay-gradient":""},"tablet":{"background-color":"","background-image":"","background-repeat":"repeat","background-position":"center center","background-size":"auto","background-attachment":"scroll","background-type":"","background-media":"","overlay-type":"","overlay-color":"","overlay-opacity":"","overlay-gradient":""},"mobile":{"background-color":"","background-image":"","background-repeat":"repeat","background-position":"center center","background-size":"auto","background-attachment":"scroll","background-type":"","background-media":"","overlay-type":"","overlay-color":"","overlay-opacity":"","overlay-gradient":""}},"ast-content-background-meta":{"desktop":{"background-color":"var(--ast-global-color-5)","background-image":"","background-repeat":"repeat","background-position":"center center","background-size":"auto","background-attachment":"scroll","background-type":"","background-media":"","overlay-type":"","overlay-color":"","overlay-opacity":"","overlay-gradient":""},"tablet":{"background-color":"var(--ast-global-color-5)","background-image":"","background-repeat":"repeat","background-position":"center center","background-size":"auto","background-attachment":"scroll","background-type":"","background-media":"","overlay-type":"","overlay-color":"","overlay-opacity":"","overlay-gradient":""},"mobile":{"background-color":"var(--ast-global-color-5)","background-image":"","background-repeat":"repeat","background-position":"center center","background-size":"auto","background-attachment":"scroll","background-type":"","background-media":"","overlay-type":"","overlay-color":"","overlay-opacity":"","overlay-gradient":""}}},"product_brand":[],"product_cat":[127],"product_tag":[],"class_list":{"0":"post-8834","1":"product","2":"type-product","3":"status-publish","4":"has-post-thumbnail","6":"product_cat-setas-funcionales","7":"desktop-align-center","8":"tablet-align-left","9":"mobile-align-left","11":"first","12":"outofstock","13":"taxable","14":"shipping-taxable","15":"product-type-simple"},"acf":[],"yoast_head":"<!-- This site is optimized with the Yoast SEO plugin v27.5 - https:\/\/yoast.com\/product\/yoast-seo-wordpress\/ -->\n<title>Extracto Org\u00e1nico de Reishi - THE LYF LABS<\/title>\n<meta name=\"description\" content=\"Compra extracto org\u00e1nico de Reishi de alta calidad en The LYF Labs. Potente suplemento con propiedades antioxidantes, antiinflamatorias y para fortalecer el sistema inmunol\u00f3gico. Sin gluten, vegano y certificado.\" \/>\n<meta name=\"robots\" content=\"index, follow, max-snippet:-1, max-image-preview:large, max-video-preview:-1\" \/>\n<link rel=\"canonical\" href=\"https:\/\/thelyflabs.com\/fr\/product\/extracto-organico-de-reishi\/\" \/>\n<meta property=\"og:locale\" content=\"fr_FR\" \/>\n<meta property=\"og:type\" content=\"article\" \/>\n<meta property=\"og:title\" content=\"Extracto Org\u00e1nico de Reishi - THE LYF LABS\" \/>\n<meta property=\"og:description\" content=\"Compra extracto org\u00e1nico de Reishi de alta calidad en The LYF Labs. Potente suplemento con propiedades antioxidantes, antiinflamatorias y para fortalecer el sistema inmunol\u00f3gico. Sin gluten, vegano y certificado.\" \/>\n<meta property=\"og:url\" content=\"https:\/\/thelyflabs.com\/fr\/product\/extracto-organico-de-reishi\/\" \/>\n<meta property=\"og:site_name\" content=\"THE LYF LABS\" \/>\n<meta property=\"article:modified_time\" content=\"2025-09-15T15:24:22+00:00\" \/>\n<meta property=\"og:image\" content=\"https:\/\/thelyflabs.com\/wp-content\/uploads\/2024\/10\/6.webp\" \/>\n\t<meta property=\"og:image:width\" content=\"1409\" \/>\n\t<meta property=\"og:image:height\" content=\"2000\" \/>\n\t<meta property=\"og:image:type\" content=\"image\/webp\" \/>\n<meta name=\"twitter:card\" content=\"summary_large_image\" \/>\n<meta name=\"twitter:label1\" content=\"Dur\u00e9e de lecture estim\u00e9e\" \/>\n\t<meta name=\"twitter:data1\" content=\"3 minutes\" \/>\n<script type=\"application\/ld+json\" class=\"yoast-schema-graph\">{\"@context\":\"https:\\\/\\\/schema.org\",\"@graph\":[{\"@type\":\"WebPage\",\"@id\":\"https:\\\/\\\/thelyflabs.com\\\/product\\\/extracto-organico-de-reishi\",\"url\":\"https:\\\/\\\/thelyflabs.com\\\/product\\\/extracto-organico-de-reishi\",\"name\":\"Extracto Org\u00e1nico de Reishi - THE LYF LABS\",\"isPartOf\":{\"@id\":\"https:\\\/\\\/thelyflabs.com\\\/#website\"},\"primaryImageOfPage\":{\"@id\":\"https:\\\/\\\/thelyflabs.com\\\/product\\\/extracto-organico-de-reishi#primaryimage\"},\"image\":{\"@id\":\"https:\\\/\\\/thelyflabs.com\\\/product\\\/extracto-organico-de-reishi#primaryimage\"},\"thumbnailUrl\":\"https:\\\/\\\/thelyflabs.com\\\/wp-content\\\/uploads\\\/2024\\\/10\\\/6.webp\",\"datePublished\":\"2024-11-07T11:42:22+00:00\",\"dateModified\":\"2025-09-15T15:24:22+00:00\",\"description\":\"Compra extracto org\u00e1nico de Reishi de alta calidad en The LYF Labs. Potente suplemento con propiedades antioxidantes, antiinflamatorias y para fortalecer el sistema inmunol\u00f3gico. Sin gluten, vegano y certificado.\",\"breadcrumb\":{\"@id\":\"https:\\\/\\\/thelyflabs.com\\\/product\\\/extracto-organico-de-reishi#breadcrumb\"},\"inLanguage\":\"fr-FR\",\"potentialAction\":[{\"@type\":\"ReadAction\",\"target\":[\"https:\\\/\\\/thelyflabs.com\\\/product\\\/extracto-organico-de-reishi\"]}]},{\"@type\":\"ImageObject\",\"inLanguage\":\"fr-FR\",\"@id\":\"https:\\\/\\\/thelyflabs.com\\\/product\\\/extracto-organico-de-reishi#primaryimage\",\"url\":\"https:\\\/\\\/thelyflabs.com\\\/wp-content\\\/uploads\\\/2024\\\/10\\\/6.webp\",\"contentUrl\":\"https:\\\/\\\/thelyflabs.com\\\/wp-content\\\/uploads\\\/2024\\\/10\\\/6.webp\",\"width\":1409,\"height\":2000},{\"@type\":\"BreadcrumbList\",\"@id\":\"https:\\\/\\\/thelyflabs.com\\\/product\\\/extracto-organico-de-reishi#breadcrumb\",\"itemListElement\":[{\"@type\":\"ListItem\",\"position\":1,\"name\":\"Portada\",\"item\":\"https:\\\/\\\/thelyflabs.com\\\/\"},{\"@type\":\"ListItem\",\"position\":2,\"name\":\"Tienda\",\"item\":\"https:\\\/\\\/thelyflabs.com\\\/tienda\"},{\"@type\":\"ListItem\",\"position\":3,\"name\":\"Extracto Org\u00e1nico de Reishi\"}]},{\"@type\":\"WebSite\",\"@id\":\"https:\\\/\\\/thelyflabs.com\\\/#website\",\"url\":\"https:\\\/\\\/thelyflabs.com\\\/\",\"name\":\"The LYF Labs\",\"description\":\"CBD al por mayor\",\"publisher\":{\"@id\":\"https:\\\/\\\/thelyflabs.com\\\/#organization\"},\"potentialAction\":[{\"@type\":\"SearchAction\",\"target\":{\"@type\":\"EntryPoint\",\"urlTemplate\":\"https:\\\/\\\/thelyflabs.com\\\/?s={search_term_string}\"},\"query-input\":{\"@type\":\"PropertyValueSpecification\",\"valueRequired\":true,\"valueName\":\"search_term_string\"}}],\"inLanguage\":\"fr-FR\"},{\"@type\":\"Organization\",\"@id\":\"https:\\\/\\\/thelyflabs.com\\\/#organization\",\"name\":\"The LYF Labs\",\"url\":\"https:\\\/\\\/thelyflabs.com\\\/\",\"logo\":{\"@type\":\"ImageObject\",\"inLanguage\":\"fr-FR\",\"@id\":\"https:\\\/\\\/thelyflabs.com\\\/#\\\/schema\\\/logo\\\/image\\\/\",\"url\":\"https:\\\/\\\/thelyflabs.com\\\/wp-content\\\/uploads\\\/2023\\\/01\\\/cropped-LogoTheLYFLabs.png\",\"contentUrl\":\"https:\\\/\\\/thelyflabs.com\\\/wp-content\\\/uploads\\\/2023\\\/01\\\/cropped-LogoTheLYFLabs.png\",\"width\":600,\"height\":180,\"caption\":\"The LYF Labs\"},\"image\":{\"@id\":\"https:\\\/\\\/thelyflabs.com\\\/#\\\/schema\\\/logo\\\/image\\\/\"}}]}<\/script>\n<!-- \/ Yoast SEO plugin. -->","yoast_head_json":{"title":"Extracto Org\u00e1nico de Reishi - THE LYF LABS","description":"Compra extracto org\u00e1nico de Reishi de alta calidad en The LYF Labs. Potente suplemento con propiedades antioxidantes, antiinflamatorias y para fortalecer el sistema inmunol\u00f3gico. Sin gluten, vegano y certificado.","robots":{"index":"index","follow":"follow","max-snippet":"max-snippet:-1","max-image-preview":"max-image-preview:large","max-video-preview":"max-video-preview:-1"},"canonical":"https:\/\/thelyflabs.com\/fr\/product\/extracto-organico-de-reishi\/","og_locale":"fr_FR","og_type":"article","og_title":"Extracto Org\u00e1nico de Reishi - THE LYF LABS","og_description":"Compra extracto org\u00e1nico de Reishi de alta calidad en The LYF Labs. Potente suplemento con propiedades antioxidantes, antiinflamatorias y para fortalecer el sistema inmunol\u00f3gico. Sin gluten, vegano y certificado.","og_url":"https:\/\/thelyflabs.com\/fr\/product\/extracto-organico-de-reishi\/","og_site_name":"THE LYF LABS","article_modified_time":"2025-09-15T15:24:22+00:00","og_image":[{"width":1409,"height":2000,"url":"https:\/\/thelyflabs.com\/wp-content\/uploads\/2024\/10\/6.webp","type":"image\/webp"}],"twitter_card":"summary_large_image","twitter_misc":{"Dur\u00e9e de lecture estim\u00e9e":"3 minutes"},"schema":{"@context":"https:\/\/schema.org","@graph":[{"@type":"WebPage","@id":"https:\/\/thelyflabs.com\/product\/extracto-organico-de-reishi","url":"https:\/\/thelyflabs.com\/product\/extracto-organico-de-reishi","name":"Extracto Org\u00e1nico de Reishi - THE LYF LABS","isPartOf":{"@id":"https:\/\/thelyflabs.com\/#website"},"primaryImageOfPage":{"@id":"https:\/\/thelyflabs.com\/product\/extracto-organico-de-reishi#primaryimage"},"image":{"@id":"https:\/\/thelyflabs.com\/product\/extracto-organico-de-reishi#primaryimage"},"thumbnailUrl":"https:\/\/thelyflabs.com\/wp-content\/uploads\/2024\/10\/6.webp","datePublished":"2024-11-07T11:42:22+00:00","dateModified":"2025-09-15T15:24:22+00:00","description":"Compra extracto org\u00e1nico de Reishi de alta calidad en The LYF Labs. Potente suplemento con propiedades antioxidantes, antiinflamatorias y para fortalecer el sistema inmunol\u00f3gico. Sin gluten, vegano y certificado.","breadcrumb":{"@id":"https:\/\/thelyflabs.com\/product\/extracto-organico-de-reishi#breadcrumb"},"inLanguage":"fr-FR","potentialAction":[{"@type":"ReadAction","target":["https:\/\/thelyflabs.com\/product\/extracto-organico-de-reishi"]}]},{"@type":"ImageObject","inLanguage":"fr-FR","@id":"https:\/\/thelyflabs.com\/product\/extracto-organico-de-reishi#primaryimage","url":"https:\/\/thelyflabs.com\/wp-content\/uploads\/2024\/10\/6.webp","contentUrl":"https:\/\/thelyflabs.com\/wp-content\/uploads\/2024\/10\/6.webp","width":1409,"height":2000},{"@type":"BreadcrumbList","@id":"https:\/\/thelyflabs.com\/product\/extracto-organico-de-reishi#breadcrumb","itemListElement":[{"@type":"ListItem","position":1,"name":"Portada","item":"https:\/\/thelyflabs.com\/"},{"@type":"ListItem","position":2,"name":"Tienda","item":"https:\/\/thelyflabs.com\/tienda"},{"@type":"ListItem","position":3,"name":"Extracto Org\u00e1nico de Reishi"}]},{"@type":"WebSite","@id":"https:\/\/thelyflabs.com\/#website","url":"https:\/\/thelyflabs.com\/","name":"Les laboratoires LYF","description":"Vente en gros de CBD","publisher":{"@id":"https:\/\/thelyflabs.com\/#organization"},"potentialAction":[{"@type":"SearchAction","target":{"@type":"EntryPoint","urlTemplate":"https:\/\/thelyflabs.com\/?s={search_term_string}"},"query-input":{"@type":"PropertyValueSpecification","valueRequired":true,"valueName":"search_term_string"}}],"inLanguage":"fr-FR"},{"@type":"Organization","@id":"https:\/\/thelyflabs.com\/#organization","name":"Les laboratoires LYF","url":"https:\/\/thelyflabs.com\/","logo":{"@type":"ImageObject","inLanguage":"fr-FR","@id":"https:\/\/thelyflabs.com\/#\/schema\/logo\/image\/","url":"https:\/\/thelyflabs.com\/wp-content\/uploads\/2023\/01\/cropped-LogoTheLYFLabs.png","contentUrl":"https:\/\/thelyflabs.com\/wp-content\/uploads\/2023\/01\/cropped-LogoTheLYFLabs.png","width":600,"height":180,"caption":"The LYF Labs"},"image":{"@id":"https:\/\/thelyflabs.com\/#\/schema\/logo\/image\/"}}]}},"_links":{"self":[{"href":"https:\/\/thelyflabs.com\/fr\/wp-json\/wp\/v2\/product\/8834","targetHints":{"allow":["GET"]}}],"collection":[{"href":"https:\/\/thelyflabs.com\/fr\/wp-json\/wp\/v2\/product"}],"about":[{"href":"https:\/\/thelyflabs.com\/fr\/wp-json\/wp\/v2\/types\/product"}],"replies":[{"embeddable":true,"href":"https:\/\/thelyflabs.com\/fr\/wp-json\/wp\/v2\/comments?post=8834"}],"wp:featuredmedia":[{"embeddable":true,"href":"https:\/\/thelyflabs.com\/fr\/wp-json\/wp\/v2\/media\/8835"}],"wp:attachment":[{"href":"https:\/\/thelyflabs.com\/fr\/wp-json\/wp\/v2\/media?parent=8834"}],"wp:term":[{"taxonomy":"product_brand","embeddable":true,"href":"https:\/\/thelyflabs.com\/fr\/wp-json\/wp\/v2\/product_brand?post=8834"},{"taxonomy":"product_cat","embeddable":true,"href":"https:\/\/thelyflabs.com\/fr\/wp-json\/wp\/v2\/product_cat?post=8834"},{"taxonomy":"product_tag","embeddable":true,"href":"https:\/\/thelyflabs.com\/fr\/wp-json\/wp\/v2\/product_tag?post=8834"}],"curies":[{"name":"wp","href":"https:\/\/api.w.org\/{rel}","templated":true}]}}