{"id":8839,"date":"2024-11-07T12:42:43","date_gmt":"2024-11-07T11:42:43","guid":{"rendered":"https:\/\/thelyflabs.com\/?post_type=product&#038;p=8839"},"modified":"2025-09-15T17:23:59","modified_gmt":"2025-09-15T15:23:59","slug":"extracto-organico-de-hongos-focus","status":"publish","type":"product","link":"https:\/\/thelyflabs.com\/fr\/product\/extracto-organico-de-hongos-focus","title":{"rendered":"Extrait de champignon biologique Focus"},"content":{"rendered":"<h1>Extrait de champignon biologique Focus<\/h1>\n<p><strong>Votre boussole pour am\u00e9liorer la concentration, \u00e9viter la procrastination et la confusion : reprenez le chemin de l&#039;attention et de la clart\u00e9<\/strong><\/p>\n<p>Essayez-vous de vous concentrer pendant que votre esprit vagabonde ? Vous \u00e9tudiez, apprenez une nouvelle comp\u00e9tence, pr\u00e9parez un entretien ou une pr\u00e9sentation, il est facile de se laisser distraire. Qu\u2019est-il arriv\u00e9 \u00e0 cette forte concentration dont vous aviez l\u2019habitude ?<\/p>\n<p>Le <strong>Boussole de mise au point<\/strong> combine des rem\u00e8des floraux et des champignons les plus efficaces pour vous aider \u00e0 retrouver une pens\u00e9e claire et une pr\u00e9cision mentale.<\/p>\n<h3>Ingr\u00e9dients actifs :<\/h3>\n<h4><strong>Champignon\u00a0:<\/strong><\/h4>\n<ul>\n<li><strong>Reishi\u00a0:<\/strong> Le super-h\u00e9ros du sommeil non paradoxal. Aide \u00e0 prolonger le temps de sommeil non paradoxal, favorisant ainsi un sommeil de qualit\u00e9.<\/li>\n<li><strong>Cordyceps\u00a0:<\/strong> Il joue un r\u00f4le crucial dans la r\u00e9gulation du rythme circadien et peut augmenter les niveaux de s\u00e9rotonine et de m\u00e9latonine, essentielles au processus de sommeil.<\/li>\n<li><strong>Crini\u00e8re de lion :<\/strong> Il contribue \u00e0 augmenter naturellement le BDNF, un facteur neurotrophique dont la carence, selon des \u00e9tudes, est associ\u00e9e \u00e0 des probl\u00e8mes de sommeil.<\/li>\n<li><strong>Chaga\u00a0:<\/strong> R\u00e9gule la r\u00e9ponse naturelle au stress, r\u00e9duisant ainsi l\u2019inflammation, le cholest\u00e9rol et la glyc\u00e9mie.<\/li>\n<\/ul>\n<h4><strong>M\u00e9langes floraux :<\/strong><\/h4>\n<ul>\n<li><strong>Polianthus de Nan\u00a0:<\/strong> Stimule l\u2019\u00e9nergie pour conduire n\u2019importe quel projet.<\/li>\n<li><strong>Soudage:<\/strong> Fournit une vue globale, en gardant une vue d\u2019ensemble \u00e0 l\u2019esprit.<\/li>\n<li><strong>Carotte:<\/strong> Aide \u00e0 l&#039;organisation pour atteindre vos objectifs.<\/li>\n<li><strong>Renoncule\u00a0:<\/strong> Favoriser la confiance cr\u00e9ative.<\/li>\n<li><strong>M\u00fbre:<\/strong> Facilite l\u2019avancement et la r\u00e9alisation des id\u00e9es.<\/li>\n<li><strong>Cl\u00e9matite:<\/strong> Aide \u00e0 arr\u00eater de r\u00eaver et \u00e0 rester concentr\u00e9.<\/li>\n<\/ul>","protected":false},"excerpt":{"rendered":"<p>Le <strong>Boussole de mise au point<\/strong> Il vous aidera \u00e0 traverser les moments o\u00f9 vous avez besoin d\u2019acuit\u00e9 mentale et d\u2019une concentration cristalline.<\/p>\n<p><strong>Taille:<\/strong> 50 ml<br \/>\n<strong>Portions\u00a0:<\/strong> 30 (3 pulv\u00e9risations le matin \/ 3 le soir)<\/p>","protected":false},"featured_media":8840,"comment_status":"open","ping_status":"closed","template":"","meta":{"_acf_changed":false,"site-sidebar-layout":"default","site-content-layout":"","ast-site-content-layout":"default","site-content-style":"default","site-sidebar-style":"default","ast-global-header-display":"","ast-banner-title-visibility":"","ast-main-header-display":"","ast-hfb-above-header-display":"","ast-hfb-below-header-display":"","ast-hfb-mobile-header-display":"","site-post-title":"","ast-breadcrumbs-content":"","ast-featured-img":"","footer-sml-layout":"","theme-transparent-header-meta":"default","adv-header-id-meta":"","stick-header-meta":"","header-above-stick-meta":"","header-main-stick-meta":"","header-below-stick-meta":"","astra-migrate-meta-layouts":"set","ast-page-background-enabled":"default","ast-page-background-meta":{"desktop":{"background-color":"var(--ast-global-color-4)","background-image":"","background-repeat":"repeat","background-position":"center center","background-size":"auto","background-attachment":"scroll","background-type":"","background-media":"","overlay-type":"","overlay-color":"","overlay-opacity":"","overlay-gradient":""},"tablet":{"background-color":"","background-image":"","background-repeat":"repeat","background-position":"center center","background-size":"auto","background-attachment":"scroll","background-type":"","background-media":"","overlay-type":"","overlay-color":"","overlay-opacity":"","overlay-gradient":""},"mobile":{"background-color":"","background-image":"","background-repeat":"repeat","background-position":"center center","background-size":"auto","background-attachment":"scroll","background-type":"","background-media":"","overlay-type":"","overlay-color":"","overlay-opacity":"","overlay-gradient":""}},"ast-content-background-meta":{"desktop":{"background-color":"var(--ast-global-color-5)","background-image":"","background-repeat":"repeat","background-position":"center center","background-size":"auto","background-attachment":"scroll","background-type":"","background-media":"","overlay-type":"","overlay-color":"","overlay-opacity":"","overlay-gradient":""},"tablet":{"background-color":"var(--ast-global-color-5)","background-image":"","background-repeat":"repeat","background-position":"center center","background-size":"auto","background-attachment":"scroll","background-type":"","background-media":"","overlay-type":"","overlay-color":"","overlay-opacity":"","overlay-gradient":""},"mobile":{"background-color":"var(--ast-global-color-5)","background-image":"","background-repeat":"repeat","background-position":"center center","background-size":"auto","background-attachment":"scroll","background-type":"","background-media":"","overlay-type":"","overlay-color":"","overlay-opacity":"","overlay-gradient":""}}},"product_brand":[],"product_cat":[127],"product_tag":[],"class_list":{"0":"post-8839","1":"product","2":"type-product","3":"status-publish","4":"has-post-thumbnail","6":"product_cat-setas-funcionales","7":"desktop-align-center","8":"tablet-align-left","9":"mobile-align-left","11":"first","12":"outofstock","13":"taxable","14":"shipping-taxable","15":"purchasable","16":"product-type-simple"},"acf":[],"yoast_head":"<!-- This site is optimized with the Yoast SEO plugin v27.4 - https:\/\/yoast.com\/product\/yoast-seo-wordpress\/ -->\n<title>Extracto Org\u00e1nico de Hongos Focus - THE LYF LABS<\/title>\n<meta name=\"description\" content=\"Descubre el poder del extracto org\u00e1nico de hongo Focus para mejorar la concentraci\u00f3n y la claridad mental. Ideal para combatir la distracci\u00f3n, aumentar el enfoque y potenciar tu productividad de manera natural. Compr\u00e1lo en The LYF Labs\" \/>\n<meta name=\"robots\" content=\"index, follow, max-snippet:-1, max-image-preview:large, max-video-preview:-1\" \/>\n<link rel=\"canonical\" href=\"https:\/\/thelyflabs.com\/fr\/product\/extracto-organico-de-hongos-focus\/\" \/>\n<meta property=\"og:locale\" content=\"fr_FR\" \/>\n<meta property=\"og:type\" content=\"article\" \/>\n<meta property=\"og:title\" content=\"Extracto Org\u00e1nico de Hongos Focus - THE LYF LABS\" \/>\n<meta property=\"og:description\" content=\"Descubre el poder del extracto org\u00e1nico de hongo Focus para mejorar la concentraci\u00f3n y la claridad mental. Ideal para combatir la distracci\u00f3n, aumentar el enfoque y potenciar tu productividad de manera natural. Compr\u00e1lo en The LYF Labs\" \/>\n<meta property=\"og:url\" content=\"https:\/\/thelyflabs.com\/fr\/product\/extracto-organico-de-hongos-focus\/\" \/>\n<meta property=\"og:site_name\" content=\"THE LYF LABS\" \/>\n<meta property=\"article:modified_time\" content=\"2025-09-15T15:23:59+00:00\" \/>\n<meta property=\"og:image\" content=\"https:\/\/thelyflabs.com\/wp-content\/uploads\/2024\/10\/4.webp\" \/>\n\t<meta property=\"og:image:width\" content=\"1409\" \/>\n\t<meta property=\"og:image:height\" content=\"2000\" \/>\n\t<meta property=\"og:image:type\" content=\"image\/webp\" \/>\n<meta name=\"twitter:card\" content=\"summary_large_image\" \/>\n<meta name=\"twitter:label1\" content=\"Dur\u00e9e de lecture estim\u00e9e\" \/>\n\t<meta name=\"twitter:data1\" content=\"2 minutes\" \/>\n<script type=\"application\/ld+json\" class=\"yoast-schema-graph\">{\"@context\":\"https:\\\/\\\/schema.org\",\"@graph\":[{\"@type\":\"WebPage\",\"@id\":\"https:\\\/\\\/thelyflabs.com\\\/product\\\/extracto-organico-de-hongos-focus\",\"url\":\"https:\\\/\\\/thelyflabs.com\\\/product\\\/extracto-organico-de-hongos-focus\",\"name\":\"Extracto Org\u00e1nico de Hongos Focus - THE LYF LABS\",\"isPartOf\":{\"@id\":\"https:\\\/\\\/thelyflabs.com\\\/#website\"},\"primaryImageOfPage\":{\"@id\":\"https:\\\/\\\/thelyflabs.com\\\/product\\\/extracto-organico-de-hongos-focus#primaryimage\"},\"image\":{\"@id\":\"https:\\\/\\\/thelyflabs.com\\\/product\\\/extracto-organico-de-hongos-focus#primaryimage\"},\"thumbnailUrl\":\"https:\\\/\\\/thelyflabs.com\\\/wp-content\\\/uploads\\\/2024\\\/10\\\/4.webp\",\"datePublished\":\"2024-11-07T11:42:43+00:00\",\"dateModified\":\"2025-09-15T15:23:59+00:00\",\"description\":\"Descubre el poder del extracto org\u00e1nico de hongo Focus para mejorar la concentraci\u00f3n y la claridad mental. Ideal para combatir la distracci\u00f3n, aumentar el enfoque y potenciar tu productividad de manera natural. Compr\u00e1lo en The LYF Labs\",\"breadcrumb\":{\"@id\":\"https:\\\/\\\/thelyflabs.com\\\/product\\\/extracto-organico-de-hongos-focus#breadcrumb\"},\"inLanguage\":\"fr-FR\",\"potentialAction\":[{\"@type\":\"ReadAction\",\"target\":[\"https:\\\/\\\/thelyflabs.com\\\/product\\\/extracto-organico-de-hongos-focus\"]}]},{\"@type\":\"ImageObject\",\"inLanguage\":\"fr-FR\",\"@id\":\"https:\\\/\\\/thelyflabs.com\\\/product\\\/extracto-organico-de-hongos-focus#primaryimage\",\"url\":\"https:\\\/\\\/thelyflabs.com\\\/wp-content\\\/uploads\\\/2024\\\/10\\\/4.webp\",\"contentUrl\":\"https:\\\/\\\/thelyflabs.com\\\/wp-content\\\/uploads\\\/2024\\\/10\\\/4.webp\",\"width\":1409,\"height\":2000},{\"@type\":\"BreadcrumbList\",\"@id\":\"https:\\\/\\\/thelyflabs.com\\\/product\\\/extracto-organico-de-hongos-focus#breadcrumb\",\"itemListElement\":[{\"@type\":\"ListItem\",\"position\":1,\"name\":\"Portada\",\"item\":\"https:\\\/\\\/thelyflabs.com\\\/\"},{\"@type\":\"ListItem\",\"position\":2,\"name\":\"Tienda\",\"item\":\"https:\\\/\\\/thelyflabs.com\\\/tienda\"},{\"@type\":\"ListItem\",\"position\":3,\"name\":\"Extracto Org\u00e1nico de Hongos Focus\"}]},{\"@type\":\"WebSite\",\"@id\":\"https:\\\/\\\/thelyflabs.com\\\/#website\",\"url\":\"https:\\\/\\\/thelyflabs.com\\\/\",\"name\":\"The LYF Labs\",\"description\":\"CBD al por mayor\",\"publisher\":{\"@id\":\"https:\\\/\\\/thelyflabs.com\\\/#organization\"},\"potentialAction\":[{\"@type\":\"SearchAction\",\"target\":{\"@type\":\"EntryPoint\",\"urlTemplate\":\"https:\\\/\\\/thelyflabs.com\\\/?s={search_term_string}\"},\"query-input\":{\"@type\":\"PropertyValueSpecification\",\"valueRequired\":true,\"valueName\":\"search_term_string\"}}],\"inLanguage\":\"fr-FR\"},{\"@type\":\"Organization\",\"@id\":\"https:\\\/\\\/thelyflabs.com\\\/#organization\",\"name\":\"The LYF Labs\",\"url\":\"https:\\\/\\\/thelyflabs.com\\\/\",\"logo\":{\"@type\":\"ImageObject\",\"inLanguage\":\"fr-FR\",\"@id\":\"https:\\\/\\\/thelyflabs.com\\\/#\\\/schema\\\/logo\\\/image\\\/\",\"url\":\"https:\\\/\\\/thelyflabs.com\\\/wp-content\\\/uploads\\\/2023\\\/01\\\/cropped-LogoTheLYFLabs.png\",\"contentUrl\":\"https:\\\/\\\/thelyflabs.com\\\/wp-content\\\/uploads\\\/2023\\\/01\\\/cropped-LogoTheLYFLabs.png\",\"width\":600,\"height\":180,\"caption\":\"The LYF Labs\"},\"image\":{\"@id\":\"https:\\\/\\\/thelyflabs.com\\\/#\\\/schema\\\/logo\\\/image\\\/\"}}]}<\/script>\n<!-- \/ Yoast SEO plugin. -->","yoast_head_json":{"title":"Extracto Org\u00e1nico de Hongos Focus - THE LYF LABS","description":"Descubre el poder del extracto org\u00e1nico de hongo Focus para mejorar la concentraci\u00f3n y la claridad mental. Ideal para combatir la distracci\u00f3n, aumentar el enfoque y potenciar tu productividad de manera natural. Compr\u00e1lo en The LYF Labs","robots":{"index":"index","follow":"follow","max-snippet":"max-snippet:-1","max-image-preview":"max-image-preview:large","max-video-preview":"max-video-preview:-1"},"canonical":"https:\/\/thelyflabs.com\/fr\/product\/extracto-organico-de-hongos-focus\/","og_locale":"fr_FR","og_type":"article","og_title":"Extracto Org\u00e1nico de Hongos Focus - THE LYF LABS","og_description":"Descubre el poder del extracto org\u00e1nico de hongo Focus para mejorar la concentraci\u00f3n y la claridad mental. Ideal para combatir la distracci\u00f3n, aumentar el enfoque y potenciar tu productividad de manera natural. Compr\u00e1lo en The LYF Labs","og_url":"https:\/\/thelyflabs.com\/fr\/product\/extracto-organico-de-hongos-focus\/","og_site_name":"THE LYF LABS","article_modified_time":"2025-09-15T15:23:59+00:00","og_image":[{"width":1409,"height":2000,"url":"https:\/\/thelyflabs.com\/wp-content\/uploads\/2024\/10\/4.webp","type":"image\/webp"}],"twitter_card":"summary_large_image","twitter_misc":{"Dur\u00e9e de lecture estim\u00e9e":"2 minutes"},"schema":{"@context":"https:\/\/schema.org","@graph":[{"@type":"WebPage","@id":"https:\/\/thelyflabs.com\/product\/extracto-organico-de-hongos-focus","url":"https:\/\/thelyflabs.com\/product\/extracto-organico-de-hongos-focus","name":"Extracto Org\u00e1nico de Hongos Focus - THE LYF LABS","isPartOf":{"@id":"https:\/\/thelyflabs.com\/#website"},"primaryImageOfPage":{"@id":"https:\/\/thelyflabs.com\/product\/extracto-organico-de-hongos-focus#primaryimage"},"image":{"@id":"https:\/\/thelyflabs.com\/product\/extracto-organico-de-hongos-focus#primaryimage"},"thumbnailUrl":"https:\/\/thelyflabs.com\/wp-content\/uploads\/2024\/10\/4.webp","datePublished":"2024-11-07T11:42:43+00:00","dateModified":"2025-09-15T15:23:59+00:00","description":"Descubre el poder del extracto org\u00e1nico de hongo Focus para mejorar la concentraci\u00f3n y la claridad mental. Ideal para combatir la distracci\u00f3n, aumentar el enfoque y potenciar tu productividad de manera natural. Compr\u00e1lo en The LYF Labs","breadcrumb":{"@id":"https:\/\/thelyflabs.com\/product\/extracto-organico-de-hongos-focus#breadcrumb"},"inLanguage":"fr-FR","potentialAction":[{"@type":"ReadAction","target":["https:\/\/thelyflabs.com\/product\/extracto-organico-de-hongos-focus"]}]},{"@type":"ImageObject","inLanguage":"fr-FR","@id":"https:\/\/thelyflabs.com\/product\/extracto-organico-de-hongos-focus#primaryimage","url":"https:\/\/thelyflabs.com\/wp-content\/uploads\/2024\/10\/4.webp","contentUrl":"https:\/\/thelyflabs.com\/wp-content\/uploads\/2024\/10\/4.webp","width":1409,"height":2000},{"@type":"BreadcrumbList","@id":"https:\/\/thelyflabs.com\/product\/extracto-organico-de-hongos-focus#breadcrumb","itemListElement":[{"@type":"ListItem","position":1,"name":"Portada","item":"https:\/\/thelyflabs.com\/"},{"@type":"ListItem","position":2,"name":"Tienda","item":"https:\/\/thelyflabs.com\/tienda"},{"@type":"ListItem","position":3,"name":"Extracto Org\u00e1nico de Hongos Focus"}]},{"@type":"WebSite","@id":"https:\/\/thelyflabs.com\/#website","url":"https:\/\/thelyflabs.com\/","name":"Les laboratoires LYF","description":"Vente en gros de CBD","publisher":{"@id":"https:\/\/thelyflabs.com\/#organization"},"potentialAction":[{"@type":"SearchAction","target":{"@type":"EntryPoint","urlTemplate":"https:\/\/thelyflabs.com\/?s={search_term_string}"},"query-input":{"@type":"PropertyValueSpecification","valueRequired":true,"valueName":"search_term_string"}}],"inLanguage":"fr-FR"},{"@type":"Organization","@id":"https:\/\/thelyflabs.com\/#organization","name":"Les laboratoires LYF","url":"https:\/\/thelyflabs.com\/","logo":{"@type":"ImageObject","inLanguage":"fr-FR","@id":"https:\/\/thelyflabs.com\/#\/schema\/logo\/image\/","url":"https:\/\/thelyflabs.com\/wp-content\/uploads\/2023\/01\/cropped-LogoTheLYFLabs.png","contentUrl":"https:\/\/thelyflabs.com\/wp-content\/uploads\/2023\/01\/cropped-LogoTheLYFLabs.png","width":600,"height":180,"caption":"The LYF Labs"},"image":{"@id":"https:\/\/thelyflabs.com\/#\/schema\/logo\/image\/"}}]}},"_links":{"self":[{"href":"https:\/\/thelyflabs.com\/fr\/wp-json\/wp\/v2\/product\/8839","targetHints":{"allow":["GET"]}}],"collection":[{"href":"https:\/\/thelyflabs.com\/fr\/wp-json\/wp\/v2\/product"}],"about":[{"href":"https:\/\/thelyflabs.com\/fr\/wp-json\/wp\/v2\/types\/product"}],"replies":[{"embeddable":true,"href":"https:\/\/thelyflabs.com\/fr\/wp-json\/wp\/v2\/comments?post=8839"}],"wp:featuredmedia":[{"embeddable":true,"href":"https:\/\/thelyflabs.com\/fr\/wp-json\/wp\/v2\/media\/8840"}],"wp:attachment":[{"href":"https:\/\/thelyflabs.com\/fr\/wp-json\/wp\/v2\/media?parent=8839"}],"wp:term":[{"taxonomy":"product_brand","embeddable":true,"href":"https:\/\/thelyflabs.com\/fr\/wp-json\/wp\/v2\/product_brand?post=8839"},{"taxonomy":"product_cat","embeddable":true,"href":"https:\/\/thelyflabs.com\/fr\/wp-json\/wp\/v2\/product_cat?post=8839"},{"taxonomy":"product_tag","embeddable":true,"href":"https:\/\/thelyflabs.com\/fr\/wp-json\/wp\/v2\/product_tag?post=8839"}],"curies":[{"name":"wp","href":"https:\/\/api.w.org\/{rel}","templated":true}]}}