{"id":8841,"date":"2024-11-07T12:40:49","date_gmt":"2024-11-07T11:40:49","guid":{"rendered":"https:\/\/thelyflabs.com\/?post_type=product&#038;p=8841"},"modified":"2025-09-15T17:24:50","modified_gmt":"2025-09-15T15:24:50","slug":"extracto-de-hongos-sleep","status":"publish","type":"product","link":"https:\/\/thelyflabs.com\/fr\/product\/extracto-de-hongos-sleep","title":{"rendered":"Extrait de champignon du sommeil"},"content":{"rendered":"<h1>Extrait de champignon du sommeil<\/h1>\n<p>Le manque de sommeil peut affecter consid\u00e9rablement notre sant\u00e9 et notre bien-\u00eatre. Dormir suffisamment est crucial pour le fonctionnement, l\u2019\u00e9nergie et la r\u00e9cup\u00e9ration. Des \u00e9tudes montrent qu&#039;une bonne nuit de sommeil, bien que tout \u00e0 fait n\u00e9cessaire et naturelle, est difficile \u00e0 atteindre pour un tiers de la population.<\/p>\n<p>Le <strong>Teinture de sommeil<\/strong> est un m\u00e9lange des meilleurs extraits de champignons adaptog\u00e8nes et de plantes m\u00e9dicinales, con\u00e7u pour vous aider \u00e0 vous endormir et, surtout, \u00e0 maintenir un sommeil r\u00e9parateur.<\/p>\n<h3>Ingr\u00e9dients actifs :<\/h3>\n<h4><strong>Champignons adaptog\u00e8nes :<\/strong><\/h4>\n<ul>\n<li><strong>Reishi\u00a0:<\/strong> Le super-h\u00e9ros du sommeil non paradoxal. Prolonge le temps dans cette phase cruciale, garantissant un sommeil de qualit\u00e9.<\/li>\n<li><strong>Cordyceps\u00a0:<\/strong> Il r\u00e9gule le rythme circadien et peut augmenter les niveaux de s\u00e9rotonine et de m\u00e9latonine, toutes deux essentielles au processus de sommeil.<\/li>\n<li><strong>Crini\u00e8re de lion :<\/strong> Il favorise l&#039;augmentation naturelle du BDNF, dont la carence est associ\u00e9e \u00e0 des probl\u00e8mes de sommeil, selon des \u00e9tudes.<\/li>\n<li><strong>Chaga\u00a0:<\/strong> R\u00e9gule le syst\u00e8me de r\u00e9ponse au stress, r\u00e9duisant ainsi l\u2019inflammation, le cholest\u00e9rol et la glyc\u00e9mie.<\/li>\n<\/ul>\n<h4><strong>Rem\u00e8des floraux :<\/strong><\/h4>\n<ul>\n<li><strong>Rivi\u00e8re d&#039;Eau de l&#039;Est\u00a0:<\/strong> Aide \u00e0 lib\u00e9rer les vieux sentiments et \u00e9motions.<\/li>\n<li><strong>Cloche:<\/strong> Facilite le d\u00e9m\u00ealage de pens\u00e9es complexes.<\/li>\n<li><strong>Ch\u00eane:<\/strong> Favorise le calme et le repos.<\/li>\n<li><strong>V\u00e9ronique:<\/strong> Favorise le ralentissement mental.<\/li>\n<li><strong>Ail des ours\u00a0:<\/strong> Il apporte un soutien universel et aide \u00e0 laisser les peurs derri\u00e8re nous.<\/li>\n<li><strong>Ch\u00e2taignier rouge\u00a0:<\/strong> Aide \u00e0 lib\u00e9rer les inqui\u00e9tudes concernant les autres et ce que vous ne pouvez pas changer.<\/li>\n<li><strong>Ch\u00e2taignier Blanc\u00a0:<\/strong> Il est plus facile de se d\u00e9barrasser des pens\u00e9es ind\u00e9sirables.<\/li>\n<\/ul>\n<p>Le <strong>Boussole du sommeil<\/strong> Il aide \u00e0 d\u00e9tendre l&#039;esprit et le corps en pr\u00e9paration au sommeil et vous accompagne tout au long de la nuit pour vous assurer un repos profond et r\u00e9parateur.<\/p>\n<h3>Avertissements\u00a0:<\/h3>\n<ul>\n<li>Tenir \u00e0 l&#039;\u00e9cart des yeux.<\/li>\n<li>Consultez un professionnel si vous \u00eates enceinte ou si vous allaitez.<\/li>\n<li>Tenir hors de port\u00e9e des enfants.<\/li>\n<\/ul>","protected":false},"excerpt":{"rendered":"<p><strong>La boussole pour retrouver le calme dans un esprit agit\u00e9 et arr\u00eater le cycle ennuyeux des pens\u00e9es r\u00e9p\u00e9titives et trouver le sommeil souhait\u00e9.<\/strong><\/p>\n<p><strong>Taille:<\/strong> 50 ml<br \/>\n<strong>Portions\u00a0:<\/strong> 30 (5 \u00e0 6 pulv\u00e9risations par jour)<\/p>","protected":false},"featured_media":8842,"comment_status":"open","ping_status":"closed","template":"","meta":{"_acf_changed":false,"site-sidebar-layout":"default","site-content-layout":"","ast-site-content-layout":"default","site-content-style":"default","site-sidebar-style":"default","ast-global-header-display":"","ast-banner-title-visibility":"","ast-main-header-display":"","ast-hfb-above-header-display":"","ast-hfb-below-header-display":"","ast-hfb-mobile-header-display":"","site-post-title":"","ast-breadcrumbs-content":"","ast-featured-img":"","footer-sml-layout":"","theme-transparent-header-meta":"default","adv-header-id-meta":"","stick-header-meta":"","header-above-stick-meta":"","header-main-stick-meta":"","header-below-stick-meta":"","astra-migrate-meta-layouts":"set","ast-page-background-enabled":"default","ast-page-background-meta":{"desktop":{"background-color":"var(--ast-global-color-4)","background-image":"","background-repeat":"repeat","background-position":"center center","background-size":"auto","background-attachment":"scroll","background-type":"","background-media":"","overlay-type":"","overlay-color":"","overlay-opacity":"","overlay-gradient":""},"tablet":{"background-color":"","background-image":"","background-repeat":"repeat","background-position":"center center","background-size":"auto","background-attachment":"scroll","background-type":"","background-media":"","overlay-type":"","overlay-color":"","overlay-opacity":"","overlay-gradient":""},"mobile":{"background-color":"","background-image":"","background-repeat":"repeat","background-position":"center center","background-size":"auto","background-attachment":"scroll","background-type":"","background-media":"","overlay-type":"","overlay-color":"","overlay-opacity":"","overlay-gradient":""}},"ast-content-background-meta":{"desktop":{"background-color":"var(--ast-global-color-5)","background-image":"","background-repeat":"repeat","background-position":"center center","background-size":"auto","background-attachment":"scroll","background-type":"","background-media":"","overlay-type":"","overlay-color":"","overlay-opacity":"","overlay-gradient":""},"tablet":{"background-color":"var(--ast-global-color-5)","background-image":"","background-repeat":"repeat","background-position":"center center","background-size":"auto","background-attachment":"scroll","background-type":"","background-media":"","overlay-type":"","overlay-color":"","overlay-opacity":"","overlay-gradient":""},"mobile":{"background-color":"var(--ast-global-color-5)","background-image":"","background-repeat":"repeat","background-position":"center center","background-size":"auto","background-attachment":"scroll","background-type":"","background-media":"","overlay-type":"","overlay-color":"","overlay-opacity":"","overlay-gradient":""}}},"product_brand":[],"product_cat":[127],"product_tag":[],"class_list":{"0":"post-8841","1":"product","2":"type-product","3":"status-publish","4":"has-post-thumbnail","6":"product_cat-setas-funcionales","7":"desktop-align-center","8":"tablet-align-left","9":"mobile-align-left","11":"first","12":"outofstock","13":"taxable","14":"shipping-taxable","15":"purchasable","16":"product-type-simple"},"acf":[],"yoast_head":"<!-- This site is optimized with the Yoast SEO plugin v27.4 - https:\/\/yoast.com\/product\/yoast-seo-wordpress\/ -->\n<title>Extracto de Hongos Sleep - THE LYF LABS<\/title>\n<meta name=\"description\" content=\"Mejora tu descanso con el extracto org\u00e1nico de hongo Sleep. Formulado con hongos adapt\u00f3genos para ayudarte a conciliar el sue\u00f1o y mantener un descanso profundo. \u00a1Compra ahora y disfruta de noches reparadoras!\" \/>\n<meta name=\"robots\" content=\"index, follow, max-snippet:-1, max-image-preview:large, max-video-preview:-1\" \/>\n<link rel=\"canonical\" href=\"https:\/\/thelyflabs.com\/fr\/product\/extracto-de-hongos-sleep\/\" \/>\n<meta property=\"og:locale\" content=\"fr_FR\" \/>\n<meta property=\"og:type\" content=\"article\" \/>\n<meta property=\"og:title\" content=\"Extracto de Hongos Sleep - THE LYF LABS\" \/>\n<meta property=\"og:description\" content=\"Mejora tu descanso con el extracto org\u00e1nico de hongo Sleep. Formulado con hongos adapt\u00f3genos para ayudarte a conciliar el sue\u00f1o y mantener un descanso profundo. \u00a1Compra ahora y disfruta de noches reparadoras!\" \/>\n<meta property=\"og:url\" content=\"https:\/\/thelyflabs.com\/fr\/product\/extracto-de-hongos-sleep\/\" \/>\n<meta property=\"og:site_name\" content=\"THE LYF LABS\" \/>\n<meta property=\"article:modified_time\" content=\"2025-09-15T15:24:50+00:00\" \/>\n<meta property=\"og:image\" content=\"https:\/\/thelyflabs.com\/wp-content\/uploads\/2024\/10\/5-1.webp\" \/>\n\t<meta property=\"og:image:width\" content=\"1409\" \/>\n\t<meta property=\"og:image:height\" content=\"2000\" \/>\n\t<meta property=\"og:image:type\" content=\"image\/webp\" \/>\n<meta name=\"twitter:card\" content=\"summary_large_image\" \/>\n<meta name=\"twitter:label1\" content=\"Dur\u00e9e de lecture estim\u00e9e\" \/>\n\t<meta name=\"twitter:data1\" content=\"2 minutes\" \/>\n<script type=\"application\/ld+json\" class=\"yoast-schema-graph\">{\"@context\":\"https:\\\/\\\/schema.org\",\"@graph\":[{\"@type\":\"WebPage\",\"@id\":\"https:\\\/\\\/thelyflabs.com\\\/product\\\/extracto-de-hongos-sleep\",\"url\":\"https:\\\/\\\/thelyflabs.com\\\/product\\\/extracto-de-hongos-sleep\",\"name\":\"Extracto de Hongos Sleep - THE LYF LABS\",\"isPartOf\":{\"@id\":\"https:\\\/\\\/thelyflabs.com\\\/#website\"},\"primaryImageOfPage\":{\"@id\":\"https:\\\/\\\/thelyflabs.com\\\/product\\\/extracto-de-hongos-sleep#primaryimage\"},\"image\":{\"@id\":\"https:\\\/\\\/thelyflabs.com\\\/product\\\/extracto-de-hongos-sleep#primaryimage\"},\"thumbnailUrl\":\"https:\\\/\\\/thelyflabs.com\\\/wp-content\\\/uploads\\\/2024\\\/10\\\/5-1.webp\",\"datePublished\":\"2024-11-07T11:40:49+00:00\",\"dateModified\":\"2025-09-15T15:24:50+00:00\",\"description\":\"Mejora tu descanso con el extracto org\u00e1nico de hongo Sleep. Formulado con hongos adapt\u00f3genos para ayudarte a conciliar el sue\u00f1o y mantener un descanso profundo. \u00a1Compra ahora y disfruta de noches reparadoras!\",\"breadcrumb\":{\"@id\":\"https:\\\/\\\/thelyflabs.com\\\/product\\\/extracto-de-hongos-sleep#breadcrumb\"},\"inLanguage\":\"fr-FR\",\"potentialAction\":[{\"@type\":\"ReadAction\",\"target\":[\"https:\\\/\\\/thelyflabs.com\\\/product\\\/extracto-de-hongos-sleep\"]}]},{\"@type\":\"ImageObject\",\"inLanguage\":\"fr-FR\",\"@id\":\"https:\\\/\\\/thelyflabs.com\\\/product\\\/extracto-de-hongos-sleep#primaryimage\",\"url\":\"https:\\\/\\\/thelyflabs.com\\\/wp-content\\\/uploads\\\/2024\\\/10\\\/5-1.webp\",\"contentUrl\":\"https:\\\/\\\/thelyflabs.com\\\/wp-content\\\/uploads\\\/2024\\\/10\\\/5-1.webp\",\"width\":1409,\"height\":2000},{\"@type\":\"BreadcrumbList\",\"@id\":\"https:\\\/\\\/thelyflabs.com\\\/product\\\/extracto-de-hongos-sleep#breadcrumb\",\"itemListElement\":[{\"@type\":\"ListItem\",\"position\":1,\"name\":\"Portada\",\"item\":\"https:\\\/\\\/thelyflabs.com\\\/\"},{\"@type\":\"ListItem\",\"position\":2,\"name\":\"Tienda\",\"item\":\"https:\\\/\\\/thelyflabs.com\\\/tienda\"},{\"@type\":\"ListItem\",\"position\":3,\"name\":\"Extracto de Hongos Sleep\"}]},{\"@type\":\"WebSite\",\"@id\":\"https:\\\/\\\/thelyflabs.com\\\/#website\",\"url\":\"https:\\\/\\\/thelyflabs.com\\\/\",\"name\":\"The LYF Labs\",\"description\":\"CBD al por mayor\",\"publisher\":{\"@id\":\"https:\\\/\\\/thelyflabs.com\\\/#organization\"},\"potentialAction\":[{\"@type\":\"SearchAction\",\"target\":{\"@type\":\"EntryPoint\",\"urlTemplate\":\"https:\\\/\\\/thelyflabs.com\\\/?s={search_term_string}\"},\"query-input\":{\"@type\":\"PropertyValueSpecification\",\"valueRequired\":true,\"valueName\":\"search_term_string\"}}],\"inLanguage\":\"fr-FR\"},{\"@type\":\"Organization\",\"@id\":\"https:\\\/\\\/thelyflabs.com\\\/#organization\",\"name\":\"The LYF Labs\",\"url\":\"https:\\\/\\\/thelyflabs.com\\\/\",\"logo\":{\"@type\":\"ImageObject\",\"inLanguage\":\"fr-FR\",\"@id\":\"https:\\\/\\\/thelyflabs.com\\\/#\\\/schema\\\/logo\\\/image\\\/\",\"url\":\"https:\\\/\\\/thelyflabs.com\\\/wp-content\\\/uploads\\\/2023\\\/01\\\/cropped-LogoTheLYFLabs.png\",\"contentUrl\":\"https:\\\/\\\/thelyflabs.com\\\/wp-content\\\/uploads\\\/2023\\\/01\\\/cropped-LogoTheLYFLabs.png\",\"width\":600,\"height\":180,\"caption\":\"The LYF Labs\"},\"image\":{\"@id\":\"https:\\\/\\\/thelyflabs.com\\\/#\\\/schema\\\/logo\\\/image\\\/\"}}]}<\/script>\n<!-- \/ Yoast SEO plugin. -->","yoast_head_json":{"title":"Extracto de Hongos Sleep - THE LYF LABS","description":"Mejora tu descanso con el extracto org\u00e1nico de hongo Sleep. Formulado con hongos adapt\u00f3genos para ayudarte a conciliar el sue\u00f1o y mantener un descanso profundo. \u00a1Compra ahora y disfruta de noches reparadoras!","robots":{"index":"index","follow":"follow","max-snippet":"max-snippet:-1","max-image-preview":"max-image-preview:large","max-video-preview":"max-video-preview:-1"},"canonical":"https:\/\/thelyflabs.com\/fr\/product\/extracto-de-hongos-sleep\/","og_locale":"fr_FR","og_type":"article","og_title":"Extracto de Hongos Sleep - THE LYF LABS","og_description":"Mejora tu descanso con el extracto org\u00e1nico de hongo Sleep. Formulado con hongos adapt\u00f3genos para ayudarte a conciliar el sue\u00f1o y mantener un descanso profundo. \u00a1Compra ahora y disfruta de noches reparadoras!","og_url":"https:\/\/thelyflabs.com\/fr\/product\/extracto-de-hongos-sleep\/","og_site_name":"THE LYF LABS","article_modified_time":"2025-09-15T15:24:50+00:00","og_image":[{"width":1409,"height":2000,"url":"https:\/\/thelyflabs.com\/wp-content\/uploads\/2024\/10\/5-1.webp","type":"image\/webp"}],"twitter_card":"summary_large_image","twitter_misc":{"Dur\u00e9e de lecture estim\u00e9e":"2 minutes"},"schema":{"@context":"https:\/\/schema.org","@graph":[{"@type":"WebPage","@id":"https:\/\/thelyflabs.com\/product\/extracto-de-hongos-sleep","url":"https:\/\/thelyflabs.com\/product\/extracto-de-hongos-sleep","name":"Extracto de Hongos Sleep - THE LYF LABS","isPartOf":{"@id":"https:\/\/thelyflabs.com\/#website"},"primaryImageOfPage":{"@id":"https:\/\/thelyflabs.com\/product\/extracto-de-hongos-sleep#primaryimage"},"image":{"@id":"https:\/\/thelyflabs.com\/product\/extracto-de-hongos-sleep#primaryimage"},"thumbnailUrl":"https:\/\/thelyflabs.com\/wp-content\/uploads\/2024\/10\/5-1.webp","datePublished":"2024-11-07T11:40:49+00:00","dateModified":"2025-09-15T15:24:50+00:00","description":"Mejora tu descanso con el extracto org\u00e1nico de hongo Sleep. Formulado con hongos adapt\u00f3genos para ayudarte a conciliar el sue\u00f1o y mantener un descanso profundo. \u00a1Compra ahora y disfruta de noches reparadoras!","breadcrumb":{"@id":"https:\/\/thelyflabs.com\/product\/extracto-de-hongos-sleep#breadcrumb"},"inLanguage":"fr-FR","potentialAction":[{"@type":"ReadAction","target":["https:\/\/thelyflabs.com\/product\/extracto-de-hongos-sleep"]}]},{"@type":"ImageObject","inLanguage":"fr-FR","@id":"https:\/\/thelyflabs.com\/product\/extracto-de-hongos-sleep#primaryimage","url":"https:\/\/thelyflabs.com\/wp-content\/uploads\/2024\/10\/5-1.webp","contentUrl":"https:\/\/thelyflabs.com\/wp-content\/uploads\/2024\/10\/5-1.webp","width":1409,"height":2000},{"@type":"BreadcrumbList","@id":"https:\/\/thelyflabs.com\/product\/extracto-de-hongos-sleep#breadcrumb","itemListElement":[{"@type":"ListItem","position":1,"name":"Portada","item":"https:\/\/thelyflabs.com\/"},{"@type":"ListItem","position":2,"name":"Tienda","item":"https:\/\/thelyflabs.com\/tienda"},{"@type":"ListItem","position":3,"name":"Extracto de Hongos Sleep"}]},{"@type":"WebSite","@id":"https:\/\/thelyflabs.com\/#website","url":"https:\/\/thelyflabs.com\/","name":"Les laboratoires LYF","description":"Vente en gros de CBD","publisher":{"@id":"https:\/\/thelyflabs.com\/#organization"},"potentialAction":[{"@type":"SearchAction","target":{"@type":"EntryPoint","urlTemplate":"https:\/\/thelyflabs.com\/?s={search_term_string}"},"query-input":{"@type":"PropertyValueSpecification","valueRequired":true,"valueName":"search_term_string"}}],"inLanguage":"fr-FR"},{"@type":"Organization","@id":"https:\/\/thelyflabs.com\/#organization","name":"Les laboratoires LYF","url":"https:\/\/thelyflabs.com\/","logo":{"@type":"ImageObject","inLanguage":"fr-FR","@id":"https:\/\/thelyflabs.com\/#\/schema\/logo\/image\/","url":"https:\/\/thelyflabs.com\/wp-content\/uploads\/2023\/01\/cropped-LogoTheLYFLabs.png","contentUrl":"https:\/\/thelyflabs.com\/wp-content\/uploads\/2023\/01\/cropped-LogoTheLYFLabs.png","width":600,"height":180,"caption":"The LYF Labs"},"image":{"@id":"https:\/\/thelyflabs.com\/#\/schema\/logo\/image\/"}}]}},"_links":{"self":[{"href":"https:\/\/thelyflabs.com\/fr\/wp-json\/wp\/v2\/product\/8841","targetHints":{"allow":["GET"]}}],"collection":[{"href":"https:\/\/thelyflabs.com\/fr\/wp-json\/wp\/v2\/product"}],"about":[{"href":"https:\/\/thelyflabs.com\/fr\/wp-json\/wp\/v2\/types\/product"}],"replies":[{"embeddable":true,"href":"https:\/\/thelyflabs.com\/fr\/wp-json\/wp\/v2\/comments?post=8841"}],"wp:featuredmedia":[{"embeddable":true,"href":"https:\/\/thelyflabs.com\/fr\/wp-json\/wp\/v2\/media\/8842"}],"wp:attachment":[{"href":"https:\/\/thelyflabs.com\/fr\/wp-json\/wp\/v2\/media?parent=8841"}],"wp:term":[{"taxonomy":"product_brand","embeddable":true,"href":"https:\/\/thelyflabs.com\/fr\/wp-json\/wp\/v2\/product_brand?post=8841"},{"taxonomy":"product_cat","embeddable":true,"href":"https:\/\/thelyflabs.com\/fr\/wp-json\/wp\/v2\/product_cat?post=8841"},{"taxonomy":"product_tag","embeddable":true,"href":"https:\/\/thelyflabs.com\/fr\/wp-json\/wp\/v2\/product_tag?post=8841"}],"curies":[{"name":"wp","href":"https:\/\/api.w.org\/{rel}","templated":true}]}}