{"id":9720,"date":"2024-12-18T15:29:01","date_gmt":"2024-12-18T14:29:01","guid":{"rendered":"https:\/\/thelyflabs.com\/?post_type=product&#038;p=9720"},"modified":"2026-03-09T11:40:36","modified_gmt":"2026-03-09T10:40:36","slug":"live-resin-cbd-84-con-live-terpenes","status":"publish","type":"product","link":"https:\/\/thelyflabs.com\/fr\/product\/live-resin-cbd-84-con-live-terpenes","title":{"rendered":"Live Resin CBD 84% avec terp\u00e8nes vivants"},"content":{"rendered":"<h1>Achetez Live Resin CBD avec des terp\u00e8nes vivants<\/h1>\n<h2>Qu\u2019est-ce que la Live Resin CBD ?<\/h2>\n<p>La Live Resin CBD est l&#039;une des formes d&#039;extrait de CBD les plus pures et les plus puissantes disponibles sur le march\u00e9. Contrairement aux autres produits d\u00e9riv\u00e9s du cannabis, celui-ci est fabriqu\u00e9 \u00e0 partir de plantes fra\u00eeches congel\u00e9es imm\u00e9diatement apr\u00e8s la r\u00e9colte. Ce proc\u00e9d\u00e9 pr\u00e9serve les cannabino\u00efdes et les terp\u00e8nes dans leur \u00e9tat le plus naturel, offrant un produit de haute qualit\u00e9 qui se distingue par sa puret\u00e9, sa saveur et ses effets.<\/p>\n<p>Ce produit est extrait exclusivement de cannabidiol (CBD), vous permettant de profiter des bienfaits du CBD sans les effets psychoactifs du THC. Il est donc id\u00e9al pour ceux qui recherchent d\u00e9tente, soulagement du stress et bien-\u00eatre g\u00e9n\u00e9ral.<\/p>\n<h2>Que sont les terp\u00e8nes vivants<\/h2>\n<p>Les terp\u00e8nes vivants sont des compos\u00e9s aromatiques naturels pr\u00e9sents dans les plantes de cannabis qui sont \u00e9galement pr\u00e9serv\u00e9s pendant le processus d&#039;extraction de la Live Resin. Ces terp\u00e8nes sont responsables de la saveur et de l\u2019ar\u00f4me caract\u00e9ristiques de chaque vari\u00e9t\u00e9 de cannabis, mais leur importance va bien au-del\u00e0.<\/p>\n<p>Les terp\u00e8nes vivants n\u2019am\u00e9liorent pas seulement l\u2019exp\u00e9rience sensorielle ; Ils interagissent \u00e9galement avec les cannabino\u00efdes pour renforcer leurs effets dans ce que l\u2019on appelle \u00ab l\u2019effet d\u2019entourage \u00bb ou \u00ab l\u2019effet d\u2019entourage \u00bb. En combinaison avec le CBD, les Live Terpenes renforcent leurs bienfaits th\u00e9rapeutiques, offrant un produit plus complet et efficace.<\/p>\n<h3>Caract\u00e9ristiques du produit<\/h3>\n<p>Notre Live Resin CBD aux Terp\u00e8nes Live se distingue par :<\/p>\n<ol>\n<li>Puret\u00e9<\/li>\n<\/ol>\n<p>Ce produit est fabriqu\u00e9 exclusivement \u00e0 partir de plantes fra\u00eeches congel\u00e9es instantan\u00e9ment apr\u00e8s la r\u00e9colte, garantissant ainsi la pr\u00e9servation des cannabino\u00efdes et des terp\u00e8nes dans leur \u00e9tat le plus pur.<\/p>\n<ol start=\"2\">\n<li>Teneur \u00e9lev\u00e9e en CBD<\/li>\n<\/ol>\n<p>Il contient une forte concentration de CBD, id\u00e9ale pour ceux qui recherchent des bienfaits th\u00e9rapeutiques sans effets psychoactifs. Il est parfait pour lutter contre le stress, l\u2019anxi\u00e9t\u00e9 ou l\u2019inconfort physique.<\/p>\n<ol start=\"3\">\n<li>Pr\u00e9sence de terp\u00e8nes vivants<\/li>\n<\/ol>\n<p>Les terp\u00e8nes vivants procurent une saveur et un ar\u00f4me intenses et authentiques, en plus d&#039;am\u00e9liorer l&#039;efficacit\u00e9 du CBD gr\u00e2ce \u00e0 l&#039;effet entourage.<\/p>\n<ol start=\"4\">\n<li>Sans THC<\/li>\n<\/ol>\n<p>Notre produit contient moins de 0,21 TP3T THC, ce qui garantit qu\u2019il est l\u00e9gal et s\u00fbr \u00e0 utiliser partout o\u00f9 le CBD est autoris\u00e9.<\/p>\n<ol start=\"5\">\n<li>Qualit\u00e9 garantie<\/li>\n<\/ol>\n<p>Tous nos produits sont test\u00e9s en laboratoire de mani\u00e8re ind\u00e9pendante pour garantir la s\u00e9curit\u00e9, la puret\u00e9 et la puissance.<\/p>\n<h2>Comment conserver la Live Resin CBD<\/h2>\n<p>Pour conserver la fra\u00eecheur et la puissance de votre Live Resin CBD avec Live Terpenes, il est important de la conserver correctement. Nous vous laissons ici quelques conseils :<\/p>\n<p>\u00c9vitez la lumi\u00e8re directe du soleil : Conservez le produit dans un endroit sombre ou dans un r\u00e9cipient opaque qui le prot\u00e8ge de la lumi\u00e8re.<\/p>\n<p>Maintenir une temp\u00e9rature stable : Conserver dans un endroit frais, de pr\u00e9f\u00e9rence au r\u00e9frig\u00e9rateur, pour \u00e9viter la d\u00e9gradation des cannabino\u00efdes et des terp\u00e8nes.<\/p>\n<p>Fermez herm\u00e9tiquement le r\u00e9cipient : Assurez-vous de bien sceller le r\u00e9cipient apr\u00e8s chaque utilisation pour \u00e9viter l&#039;oxydation.<\/p>\n<p>En suivant ces recommandations, vous pourrez profiter plus longtemps des bienfaits de votre extrait.<\/p>\n<h2>Pourquoi acheter Live Resin CBD chez Iguana Smoke<\/h2>\n<p>L&#039;achat de cet extrait de CBD d&#039;Iguana Smoke en ligne vous garantit :<\/p>\n<p>Qualit\u00e9 premium : Nous travaillons avec des producteurs qui utilisent les meilleures techniques de culture et d\u2019extraction.<\/p>\n<p>Livraison rapide et discr\u00e8te : Recevez votre produit \u00e0 votre porte en toute intimit\u00e9.<\/p>\n<p>Service client : Notre \u00e9quipe est disponible pour r\u00e9pondre \u00e0 toutes vos questions et vous aider \u00e0 choisir le produit qui correspond le mieux \u00e0 vos besoins.<\/p>\n<h2>FAQ sur la r\u00e9sine vivante CBD<\/h2>\n<ol>\n<li>La Live Resin CBD est-elle l\u00e9gale ?<\/li>\n<\/ol>\n<p>Oui, il contient moins de 0,2% de THC, ce qui le rend l\u00e9gal dans la plupart des pays o\u00f9 le CBD est autoris\u00e9.<\/p>\n<ol start=\"2\">\n<li>Quelle quantit\u00e9 dois-je utiliser ?<\/li>\n<\/ol>\n<p>Le dosage d\u00e9pend de vos besoins et de votre exp\u00e9rience avec le CBD. Nous vous recommandons de commencer avec une petite quantit\u00e9 et d\u2019ajuster en fonction des r\u00e9sultats.<\/p>\n<h2>Achetez Live Resin CBD maintenant<\/h2>\n<p>N&#039;attendez plus et d\u00e9couvrez les bienfaits de la Live Resin CBD aux terp\u00e8nes intenses. D\u00e9couvrez la diff\u00e9rence de cet extrait de haute qualit\u00e9 et boostez votre bien-\u00eatre naturellement.<\/p>\n<p>Acheter des extraits de CBD n&#039;a jamais \u00e9t\u00e9 aussi simple et s\u00fbr. Passez \u00e0 un mode de vie sain et \u00e9quilibr\u00e9\u00a0!<\/p>","protected":false},"excerpt":{"rendered":"<p><strong>R\u00e9sine CBD vivante avec terp\u00e8nes vivants<\/strong> est un extrait premium fabriqu\u00e9 \u00e0 partir de plantes fra\u00eeches congel\u00e9es apr\u00e8s la r\u00e9colte, offrant du CBD pur et des terp\u00e8nes vivants qui rehaussent sa saveur, son ar\u00f4me et ses bienfaits. Un stockage correct garantit une fra\u00eecheur maximale. Achetez d\u00e8s maintenant ce produit polyvalent et de haute qualit\u00e9 dans notre boutique en ligne.<\/p>\n<ul>\n<li>CBD : 84% \/ THC : &lt; 0,2%<\/li>\n<li>Texture CBD en r\u00e9sine vivante<\/li>\n<li>Ar\u00f4me in\u00e9gal\u00e9 avec les terp\u00e8nes vivants<\/li>\n<li>100% l\u00e9gal en Europe<\/li>\n<\/ul>\n<p>Analyse qualit\u00e9\u00a0: <a href=\"https:\/\/iguanasmoke.com\/analiticas\/\">Cliquez ici<\/a><\/p>","protected":false},"featured_media":9726,"comment_status":"open","ping_status":"closed","template":"","meta":{"_acf_changed":false,"site-sidebar-layout":"default","site-content-layout":"","ast-site-content-layout":"default","site-content-style":"default","site-sidebar-style":"default","ast-global-header-display":"","ast-banner-title-visibility":"","ast-main-header-display":"","ast-hfb-above-header-display":"","ast-hfb-below-header-display":"","ast-hfb-mobile-header-display":"","site-post-title":"","ast-breadcrumbs-content":"","ast-featured-img":"","footer-sml-layout":"","theme-transparent-header-meta":"default","adv-header-id-meta":"","stick-header-meta":"","header-above-stick-meta":"","header-main-stick-meta":"","header-below-stick-meta":"","astra-migrate-meta-layouts":"set","ast-page-background-enabled":"default","ast-page-background-meta":{"desktop":{"background-color":"var(--ast-global-color-4)","background-image":"","background-repeat":"repeat","background-position":"center center","background-size":"auto","background-attachment":"scroll","background-type":"","background-media":"","overlay-type":"","overlay-color":"","overlay-opacity":"","overlay-gradient":""},"tablet":{"background-color":"","background-image":"","background-repeat":"repeat","background-position":"center center","background-size":"auto","background-attachment":"scroll","background-type":"","background-media":"","overlay-type":"","overlay-color":"","overlay-opacity":"","overlay-gradient":""},"mobile":{"background-color":"","background-image":"","background-repeat":"repeat","background-position":"center center","background-size":"auto","background-attachment":"scroll","background-type":"","background-media":"","overlay-type":"","overlay-color":"","overlay-opacity":"","overlay-gradient":""}},"ast-content-background-meta":{"desktop":{"background-color":"var(--ast-global-color-5)","background-image":"","background-repeat":"repeat","background-position":"center center","background-size":"auto","background-attachment":"scroll","background-type":"","background-media":"","overlay-type":"","overlay-color":"","overlay-opacity":"","overlay-gradient":""},"tablet":{"background-color":"var(--ast-global-color-5)","background-image":"","background-repeat":"repeat","background-position":"center center","background-size":"auto","background-attachment":"scroll","background-type":"","background-media":"","overlay-type":"","overlay-color":"","overlay-opacity":"","overlay-gradient":""},"mobile":{"background-color":"var(--ast-global-color-5)","background-image":"","background-repeat":"repeat","background-position":"center center","background-size":"auto","background-attachment":"scroll","background-type":"","background-media":"","overlay-type":"","overlay-color":"","overlay-opacity":"","overlay-gradient":""}}},"product_brand":[],"product_cat":[29,40],"product_tag":[],"class_list":{"0":"post-9720","1":"product","2":"type-product","3":"status-publish","4":"has-post-thumbnail","6":"product_cat-extractosdecbd","7":"product_cat-iguanasmoke","8":"desktop-align-center","9":"tablet-align-left","10":"mobile-align-left","12":"first","13":"instock","14":"taxable","15":"shipping-taxable","16":"purchasable","17":"product-type-variable"},"acf":[],"yoast_head":"<!-- This site is optimized with the Yoast SEO plugin v27.4 - https:\/\/yoast.com\/product\/yoast-seo-wordpress\/ -->\n<title>Live Resin CBD 84% con Live Terpenes - Comprar CBD mayoristas - THE LYF LABS<\/title>\n<meta name=\"description\" content=\"Compra Live Resin CBD enriquecido con Live Terpenes, un extracto de CBD de alta pureza y potencia, sin nicotina ni THC. Producto legal, ideal para tiendas.\" \/>\n<meta name=\"robots\" content=\"index, follow, max-snippet:-1, max-image-preview:large, max-video-preview:-1\" \/>\n<link rel=\"canonical\" href=\"https:\/\/thelyflabs.com\/fr\/product\/live-resin-cbd-84-con-live-terpenes\/\" \/>\n<meta property=\"og:locale\" content=\"fr_FR\" \/>\n<meta property=\"og:type\" content=\"article\" \/>\n<meta property=\"og:title\" content=\"Live Resin CBD 84% con Live Terpenes - Comprar CBD mayoristas - THE LYF LABS\" \/>\n<meta property=\"og:description\" content=\"Compra Live Resin CBD enriquecido con Live Terpenes, un extracto de CBD de alta pureza y potencia, sin nicotina ni THC. Producto legal, ideal para tiendas.\" \/>\n<meta property=\"og:url\" content=\"https:\/\/thelyflabs.com\/fr\/product\/live-resin-cbd-84-con-live-terpenes\/\" \/>\n<meta property=\"og:site_name\" content=\"THE LYF LABS\" \/>\n<meta property=\"article:modified_time\" content=\"2026-03-09T10:40:36+00:00\" \/>\n<meta property=\"og:image\" content=\"https:\/\/thelyflabs.com\/wp-content\/uploads\/2024\/12\/Rosin-live-resin.webp\" \/>\n\t<meta property=\"og:image:width\" content=\"1000\" \/>\n\t<meta property=\"og:image:height\" content=\"1000\" \/>\n\t<meta property=\"og:image:type\" content=\"image\/webp\" \/>\n<meta name=\"twitter:card\" content=\"summary_large_image\" \/>\n<meta name=\"twitter:label1\" content=\"Dur\u00e9e de lecture estim\u00e9e\" \/>\n\t<meta name=\"twitter:data1\" content=\"4 minutes\" \/>\n<script type=\"application\/ld+json\" class=\"yoast-schema-graph\">{\"@context\":\"https:\\\/\\\/schema.org\",\"@graph\":[{\"@type\":\"WebPage\",\"@id\":\"https:\\\/\\\/thelyflabs.com\\\/product\\\/live-resin-cbd-84-con-live-terpenes\",\"url\":\"https:\\\/\\\/thelyflabs.com\\\/product\\\/live-resin-cbd-84-con-live-terpenes\",\"name\":\"Live Resin CBD 84% con Live Terpenes - Comprar CBD mayoristas - THE LYF LABS\",\"isPartOf\":{\"@id\":\"https:\\\/\\\/thelyflabs.com\\\/#website\"},\"primaryImageOfPage\":{\"@id\":\"https:\\\/\\\/thelyflabs.com\\\/product\\\/live-resin-cbd-84-con-live-terpenes#primaryimage\"},\"image\":{\"@id\":\"https:\\\/\\\/thelyflabs.com\\\/product\\\/live-resin-cbd-84-con-live-terpenes#primaryimage\"},\"thumbnailUrl\":\"https:\\\/\\\/thelyflabs.com\\\/wp-content\\\/uploads\\\/2024\\\/12\\\/Rosin-live-resin.webp\",\"datePublished\":\"2024-12-18T14:29:01+00:00\",\"dateModified\":\"2026-03-09T10:40:36+00:00\",\"description\":\"Compra Live Resin CBD enriquecido con Live Terpenes, un extracto de CBD de alta pureza y potencia, sin nicotina ni THC. Producto legal, ideal para tiendas.\",\"breadcrumb\":{\"@id\":\"https:\\\/\\\/thelyflabs.com\\\/product\\\/live-resin-cbd-84-con-live-terpenes#breadcrumb\"},\"inLanguage\":\"fr-FR\",\"potentialAction\":[{\"@type\":\"ReadAction\",\"target\":[\"https:\\\/\\\/thelyflabs.com\\\/product\\\/live-resin-cbd-84-con-live-terpenes\"]}]},{\"@type\":\"ImageObject\",\"inLanguage\":\"fr-FR\",\"@id\":\"https:\\\/\\\/thelyflabs.com\\\/product\\\/live-resin-cbd-84-con-live-terpenes#primaryimage\",\"url\":\"https:\\\/\\\/thelyflabs.com\\\/wp-content\\\/uploads\\\/2024\\\/12\\\/Rosin-live-resin.webp\",\"contentUrl\":\"https:\\\/\\\/thelyflabs.com\\\/wp-content\\\/uploads\\\/2024\\\/12\\\/Rosin-live-resin.webp\",\"width\":1000,\"height\":1000,\"caption\":\"live resin CBD\"},{\"@type\":\"BreadcrumbList\",\"@id\":\"https:\\\/\\\/thelyflabs.com\\\/product\\\/live-resin-cbd-84-con-live-terpenes#breadcrumb\",\"itemListElement\":[{\"@type\":\"ListItem\",\"position\":1,\"name\":\"Portada\",\"item\":\"https:\\\/\\\/thelyflabs.com\\\/\"},{\"@type\":\"ListItem\",\"position\":2,\"name\":\"Tienda\",\"item\":\"https:\\\/\\\/thelyflabs.com\\\/tienda\"},{\"@type\":\"ListItem\",\"position\":3,\"name\":\"Live Resin CBD 84% con Live Terpenes\"}]},{\"@type\":\"WebSite\",\"@id\":\"https:\\\/\\\/thelyflabs.com\\\/#website\",\"url\":\"https:\\\/\\\/thelyflabs.com\\\/\",\"name\":\"The LYF Labs\",\"description\":\"CBD al por mayor\",\"publisher\":{\"@id\":\"https:\\\/\\\/thelyflabs.com\\\/#organization\"},\"potentialAction\":[{\"@type\":\"SearchAction\",\"target\":{\"@type\":\"EntryPoint\",\"urlTemplate\":\"https:\\\/\\\/thelyflabs.com\\\/?s={search_term_string}\"},\"query-input\":{\"@type\":\"PropertyValueSpecification\",\"valueRequired\":true,\"valueName\":\"search_term_string\"}}],\"inLanguage\":\"fr-FR\"},{\"@type\":\"Organization\",\"@id\":\"https:\\\/\\\/thelyflabs.com\\\/#organization\",\"name\":\"The LYF Labs\",\"url\":\"https:\\\/\\\/thelyflabs.com\\\/\",\"logo\":{\"@type\":\"ImageObject\",\"inLanguage\":\"fr-FR\",\"@id\":\"https:\\\/\\\/thelyflabs.com\\\/#\\\/schema\\\/logo\\\/image\\\/\",\"url\":\"https:\\\/\\\/thelyflabs.com\\\/wp-content\\\/uploads\\\/2023\\\/01\\\/cropped-LogoTheLYFLabs.png\",\"contentUrl\":\"https:\\\/\\\/thelyflabs.com\\\/wp-content\\\/uploads\\\/2023\\\/01\\\/cropped-LogoTheLYFLabs.png\",\"width\":600,\"height\":180,\"caption\":\"The LYF Labs\"},\"image\":{\"@id\":\"https:\\\/\\\/thelyflabs.com\\\/#\\\/schema\\\/logo\\\/image\\\/\"}}]}<\/script>\n<!-- \/ Yoast SEO plugin. -->","yoast_head_json":{"title":"Live Resin CBD 84% con Live Terpenes - Comprar CBD mayoristas - THE LYF LABS","description":"Compra Live Resin CBD enriquecido con Live Terpenes, un extracto de CBD de alta pureza y potencia, sin nicotina ni THC. Producto legal, ideal para tiendas.","robots":{"index":"index","follow":"follow","max-snippet":"max-snippet:-1","max-image-preview":"max-image-preview:large","max-video-preview":"max-video-preview:-1"},"canonical":"https:\/\/thelyflabs.com\/fr\/product\/live-resin-cbd-84-con-live-terpenes\/","og_locale":"fr_FR","og_type":"article","og_title":"Live Resin CBD 84% con Live Terpenes - Comprar CBD mayoristas - THE LYF LABS","og_description":"Compra Live Resin CBD enriquecido con Live Terpenes, un extracto de CBD de alta pureza y potencia, sin nicotina ni THC. Producto legal, ideal para tiendas.","og_url":"https:\/\/thelyflabs.com\/fr\/product\/live-resin-cbd-84-con-live-terpenes\/","og_site_name":"THE LYF LABS","article_modified_time":"2026-03-09T10:40:36+00:00","og_image":[{"width":1000,"height":1000,"url":"https:\/\/thelyflabs.com\/wp-content\/uploads\/2024\/12\/Rosin-live-resin.webp","type":"image\/webp"}],"twitter_card":"summary_large_image","twitter_misc":{"Dur\u00e9e de lecture estim\u00e9e":"4 minutes"},"schema":{"@context":"https:\/\/schema.org","@graph":[{"@type":"WebPage","@id":"https:\/\/thelyflabs.com\/product\/live-resin-cbd-84-con-live-terpenes","url":"https:\/\/thelyflabs.com\/product\/live-resin-cbd-84-con-live-terpenes","name":"Live Resin CBD 84% con Live Terpenes - Comprar CBD mayoristas - THE LYF LABS","isPartOf":{"@id":"https:\/\/thelyflabs.com\/#website"},"primaryImageOfPage":{"@id":"https:\/\/thelyflabs.com\/product\/live-resin-cbd-84-con-live-terpenes#primaryimage"},"image":{"@id":"https:\/\/thelyflabs.com\/product\/live-resin-cbd-84-con-live-terpenes#primaryimage"},"thumbnailUrl":"https:\/\/thelyflabs.com\/wp-content\/uploads\/2024\/12\/Rosin-live-resin.webp","datePublished":"2024-12-18T14:29:01+00:00","dateModified":"2026-03-09T10:40:36+00:00","description":"Compra Live Resin CBD enriquecido con Live Terpenes, un extracto de CBD de alta pureza y potencia, sin nicotina ni THC. Producto legal, ideal para tiendas.","breadcrumb":{"@id":"https:\/\/thelyflabs.com\/product\/live-resin-cbd-84-con-live-terpenes#breadcrumb"},"inLanguage":"fr-FR","potentialAction":[{"@type":"ReadAction","target":["https:\/\/thelyflabs.com\/product\/live-resin-cbd-84-con-live-terpenes"]}]},{"@type":"ImageObject","inLanguage":"fr-FR","@id":"https:\/\/thelyflabs.com\/product\/live-resin-cbd-84-con-live-terpenes#primaryimage","url":"https:\/\/thelyflabs.com\/wp-content\/uploads\/2024\/12\/Rosin-live-resin.webp","contentUrl":"https:\/\/thelyflabs.com\/wp-content\/uploads\/2024\/12\/Rosin-live-resin.webp","width":1000,"height":1000,"caption":"live resin CBD"},{"@type":"BreadcrumbList","@id":"https:\/\/thelyflabs.com\/product\/live-resin-cbd-84-con-live-terpenes#breadcrumb","itemListElement":[{"@type":"ListItem","position":1,"name":"Portada","item":"https:\/\/thelyflabs.com\/"},{"@type":"ListItem","position":2,"name":"Tienda","item":"https:\/\/thelyflabs.com\/tienda"},{"@type":"ListItem","position":3,"name":"Live Resin CBD 84% con Live Terpenes"}]},{"@type":"WebSite","@id":"https:\/\/thelyflabs.com\/#website","url":"https:\/\/thelyflabs.com\/","name":"Les laboratoires LYF","description":"Vente en gros de CBD","publisher":{"@id":"https:\/\/thelyflabs.com\/#organization"},"potentialAction":[{"@type":"SearchAction","target":{"@type":"EntryPoint","urlTemplate":"https:\/\/thelyflabs.com\/?s={search_term_string}"},"query-input":{"@type":"PropertyValueSpecification","valueRequired":true,"valueName":"search_term_string"}}],"inLanguage":"fr-FR"},{"@type":"Organization","@id":"https:\/\/thelyflabs.com\/#organization","name":"Les laboratoires LYF","url":"https:\/\/thelyflabs.com\/","logo":{"@type":"ImageObject","inLanguage":"fr-FR","@id":"https:\/\/thelyflabs.com\/#\/schema\/logo\/image\/","url":"https:\/\/thelyflabs.com\/wp-content\/uploads\/2023\/01\/cropped-LogoTheLYFLabs.png","contentUrl":"https:\/\/thelyflabs.com\/wp-content\/uploads\/2023\/01\/cropped-LogoTheLYFLabs.png","width":600,"height":180,"caption":"The LYF Labs"},"image":{"@id":"https:\/\/thelyflabs.com\/#\/schema\/logo\/image\/"}}]}},"_links":{"self":[{"href":"https:\/\/thelyflabs.com\/fr\/wp-json\/wp\/v2\/product\/9720","targetHints":{"allow":["GET"]}}],"collection":[{"href":"https:\/\/thelyflabs.com\/fr\/wp-json\/wp\/v2\/product"}],"about":[{"href":"https:\/\/thelyflabs.com\/fr\/wp-json\/wp\/v2\/types\/product"}],"replies":[{"embeddable":true,"href":"https:\/\/thelyflabs.com\/fr\/wp-json\/wp\/v2\/comments?post=9720"}],"wp:featuredmedia":[{"embeddable":true,"href":"https:\/\/thelyflabs.com\/fr\/wp-json\/wp\/v2\/media\/9726"}],"wp:attachment":[{"href":"https:\/\/thelyflabs.com\/fr\/wp-json\/wp\/v2\/media?parent=9720"}],"wp:term":[{"taxonomy":"product_brand","embeddable":true,"href":"https:\/\/thelyflabs.com\/fr\/wp-json\/wp\/v2\/product_brand?post=9720"},{"taxonomy":"product_cat","embeddable":true,"href":"https:\/\/thelyflabs.com\/fr\/wp-json\/wp\/v2\/product_cat?post=9720"},{"taxonomy":"product_tag","embeddable":true,"href":"https:\/\/thelyflabs.com\/fr\/wp-json\/wp\/v2\/product_tag?post=9720"}],"curies":[{"name":"wp","href":"https:\/\/api.w.org\/{rel}","templated":true}]}}