{"id":9727,"date":"2024-12-18T15:32:21","date_gmt":"2024-12-18T14:32:21","guid":{"rendered":"https:\/\/thelyflabs.com\/?post_type=product&#038;p=9727"},"modified":"2026-03-09T11:15:28","modified_gmt":"2026-03-09T10:15:28","slug":"cold-cure-rosin-cbd-91-con-live-terpenes","status":"publish","type":"product","link":"https:\/\/thelyflabs.com\/fr\/product\/cold-cure-rosin-cbd-91-con-live-terpenes","title":{"rendered":"Colophane CBD 91% \u00e0 froid avec terp\u00e8nes vivants"},"content":{"rendered":"<h1><span style=\"font-weight: 400\">Rosin CBD 91% Cold Cure : Pur, naturel et avec une saveur unique\u00a0<\/span><\/h1>\n<p><span style=\"font-weight: 400\">Il <strong>Rosine CBD <\/strong>\u00a0est l&#039;un des <strong>extraits de CBD les plus purs et les plus naturels<\/strong> que vous pouvez trouver.\u00a0<\/span><span style=\"font-weight: 400\">Si vous recherchez <strong>Achetez Rosin CBD Cold Cure et des extraits de CBD<\/strong> de haute qualit\u00e9 ou une <strong>Colin de CBD bon march\u00e9 mais puissant<\/strong>C&#039;est le choix id\u00e9al. <\/span><\/p>\n<p><span style=\"font-weight: 400\">Son processus de production artisanal garantit un <strong>texture cr\u00e9meuse<\/strong>, un <strong>saveur intense<\/strong> et un <strong>100% exp\u00e9rience naturelle<\/strong>, sans produits chimiques ni solvants. Sa formule concentr\u00e9e vous permet de profiter de tous les <strong>le pouvoir du cannabidiol (CBD)<\/strong> avec la plus haute puret\u00e9.\u00a0<\/span><\/p>\n<p>&nbsp;<\/p>\n<h2>Qu\u2019est-ce que la colophane CBD Cold Cure ?<\/h2>\n<p>Il <strong>Colophane CBD \u00e0 traitement \u00e0 froid<\/strong> Il s&#039;agit d&#039;un extrait de cannabis obtenu gr\u00e2ce \u00e0 un proc\u00e9d\u00e9 artisanal qui n&#039;utilise pas de solvants chimiques. La particularit\u00e9 de cette colophane r\u00e9side dans sa technique de durcissement \u00e0 froid, qui s&#039;effectue apr\u00e8s le premier pressage de la colophane. Ce processus permet de maximiser la teneur en terp\u00e8nes et cannabino\u00efdes, garantissant un produit de qualit\u00e9 sup\u00e9rieure.<\/p>\n<p>&nbsp;<\/p>\n<h3>Diff\u00e9rence entre la colophane et la colophane CBD \u00e0 froid<\/h3>\n<ul>\n<li><strong>colophane traditionnelle<\/strong>: Il est extrait par chaleur et pression et est consomm\u00e9 tel quel apr\u00e8s pressage.<\/li>\n<li><strong>Colophane CBD \u00e0 traitement \u00e0 froid<\/strong>: Apr\u00e8s une premi\u00e8re extraction, il subit un processus de durcissement \u00e0 froid qui am\u00e9liore la texture, la saveur et la stabilit\u00e9 du produit.<\/li>\n<\/ul>\n<p>&nbsp;<\/p>\n<h2>Caract\u00e9ristiques de la colophane CBD Cold Cure<\/h2>\n<p>Cet extrait premium est id\u00e9al pour ceux qui recherchent une exp\u00e9rience CBD pure et authentique. Nous vous expliquons ici ses principales caract\u00e9ristiques :<\/p>\n<ol>\n<li><strong>puret\u00e9 absolue<\/strong><br \/>\nEn n\u2019utilisant pas de solvants chimiques tels que le butane ou le propane, Cold Cure Rosin CBD est un produit enti\u00e8rement propre et naturel.<\/li>\n<li><strong>Teneur \u00e9lev\u00e9e en CBD<\/strong><br \/>\nCet extrait est con\u00e7u pour ceux qui souhaitent profiter des bienfaits th\u00e9rapeutiques du CBD sans les effets psychoactifs du THC.<\/li>\n<li><strong>Profil terp\u00e9nique exceptionnel<\/strong><br \/>\nLe processus de durcissement \u00e0 froid pr\u00e9serve au maximum les terp\u00e8nes, ce qui donne un produit \u00e0 la saveur et \u00e0 l&#039;ar\u00f4me riches et complexes.<\/li>\n<li><strong>Texture polyvalente<\/strong><br \/>\nSelon le temps et les conditions de durcissement, le Cold Cure Rosin CBD peut avoir une texture cr\u00e9meuse ou plus dense, ce qui le rend facile \u00e0 manipuler.<\/li>\n<\/ol>\n<h2>Apparition de la Colophane CBD Cold Cure<\/h2>\n<p>L&#039;apparition de <strong>Colophane CBD \u00e0 traitement \u00e0 froid<\/strong> C&#039;est l&#039;un de ses points les plus attractifs. Cet extrait a une texture douce et mall\u00e9able, avec une couleur qui varie entre l&#039;or clair et l&#039;ambre. Sa consistance peut rappeler celle du beurre ou de la cire molle, ce qui la rend facile \u00e0 manipuler pour diff\u00e9rents modes de consommation.<\/p>\n<p>De plus, sa luminosit\u00e9 et sa transparence indiquent la haute qualit\u00e9 du produit, refl\u00e9tant sa puret\u00e9 et son processus de fabrication minutieux.<\/p>\n<h2>Origine et processus de production de la colophane CBD \u00e0 froid<\/h2>\n<p>Il <strong>Colophane CBD \u00e0 traitement \u00e0 froid<\/strong> provient de fleurs de cannabis de haute qualit\u00e9, sp\u00e9cifiquement s\u00e9lectionn\u00e9es pour leur teneur \u00e9lev\u00e9e en CBD et leur profil terp\u00e9nique. Le processus de fabrication comprend plusieurs \u00e9tapes cl\u00e9s :<\/p>\n<ol>\n<li><strong>S\u00e9lection des mati\u00e8res premi\u00e8res<\/strong><br \/>\nDes fleurs fra\u00eeches ou s\u00e9ch\u00e9es avec des niveaux \u00e9lev\u00e9s de CBD sont choisies, garantissant qu&#039;elles sont exemptes de contaminants.<\/li>\n<li><strong>Extraction avec chaleur et pression<\/strong><br \/>\nCes fleurs sont plac\u00e9es dans une presse \u00e0 colophane o\u00f9, gr\u00e2ce \u00e0 l&#039;application d&#039;une chaleur et d&#039;une pression contr\u00f4l\u00e9es, les cannabino\u00efdes et les terp\u00e8nes sont extraits.<\/li>\n<li><strong>s\u00e9ch\u00e9 \u00e0 froid<\/strong><br \/>\nL&#039;extrait obtenu est laiss\u00e9 au repos dans un environnement frais et contr\u00f4l\u00e9. Au cours de ce processus, les compos\u00e9s sont stabilis\u00e9s, am\u00e9liorant ainsi leur texture et leur profil aromatique.<\/li>\n<li><strong>Emballage soign\u00e9<\/strong><br \/>\nUne fois le processus de maturation termin\u00e9, le produit est conditionn\u00e9 dans des contenants herm\u00e9tiques pour pr\u00e9server sa fra\u00eecheur et sa qualit\u00e9.<\/li>\n<\/ol>\n<h2>Pourquoi choisir la colophane CBD Cold Cure ?<\/h2>\n<p>Cold Cure Rosin CBD est parfait pour ceux qui recherchent les bienfaits du cannabidiol.<\/p>\n<h3>Qualit\u00e9 sup\u00e9rieure<\/h3>\n<p>Le durcissement \u00e0 froid garantit un produit final qui surpasse les autres types de colophane en qualit\u00e9. Les terp\u00e8nes et cannabino\u00efdes restent intacts, ce qui se traduit par une exp\u00e9rience sensorielle sans pr\u00e9c\u00e9dent.<\/p>\n<h3>Durabilit\u00e9<\/h3>\n<p>Le processus de production du Cold Cure Rosin CBD est respectueux de l\u2019environnement. En n&#039;utilisant pas de solvants chimiques, l&#039;impact environnemental est minimis\u00e9 et une consommation plus propre et plus s\u00fbre est garantie.<\/p>\n<h2>Conseils pour conserver la colophane CBD Cold Cure<\/h2>\n<p>Un stockage appropri\u00e9 est essentiel pour maintenir la fra\u00eecheur et la puissance du Cold Cure Rosin CBD. Suivez ces conseils pour maximiser sa dur\u00e9e de vie utile\u00a0:<\/p>\n<ol>\n<li><strong>Utilisez des contenants herm\u00e9tiques<\/strong><br \/>\nConservez l\u2019extrait dans des r\u00e9cipients herm\u00e9tiques en verre ou en silicone pour \u00e9viter toute exposition \u00e0 l\u2019air.<\/li>\n<li><strong>Maintenir une temp\u00e9rature adapt\u00e9e<\/strong><br \/>\nConservez le produit dans un endroit frais, loin des sources de chaleur. Le r\u00e9frig\u00e9rateur est une bonne option, mais \u00e9vitez le cong\u00e9lateur pour \u00e9viter des changements de texture.<\/li>\n<li><strong>Prot\u00e9ger de la lumi\u00e8re<\/strong><br \/>\nLa lumi\u00e8re directe peut d\u00e9grader les cannabino\u00efdes et les terp\u00e8nes, alors assurez-vous de conserver Cold Cure Rosin CBD dans un endroit sombre.<\/li>\n<li><strong>Eviter l&#039;humidit\u00e9<\/strong><br \/>\nGardez l&#039;extrait au sec pour \u00e9viter la formation de moisissures ou d&#039;autres contaminants.<\/li>\n<\/ol>\n<h2>Comment consommer la colophane CBD \u00e0 froid<\/h2>\n<p>Cold Cure Rosin CBD est un produit polyvalent qui peut \u00eatre consomm\u00e9 de plusieurs mani\u00e8res :<\/p>\n<ol>\n<li><strong>Vaporisation<\/strong><br \/>\nC\u2019est la mani\u00e8re la plus courante et la plus efficace de consommer de la colophane. Utilisez un vaporisateur compatible pour profiter de ses effets imm\u00e9diats et de sa saveur intense.<\/li>\n<li><strong>Tamponner<\/strong><br \/>\nAvec un dab rig, vous pouvez chauffer la colophane et la consommer en petites quantit\u00e9s pour une exp\u00e9rience plus puissante.<\/li>\n<li><strong>Ajout aux fleurs<\/strong><br \/>\nM\u00e9langez la colophane avec vos fleurs de CBD pr\u00e9f\u00e9r\u00e9es pour renforcer ses effets.<\/li>\n<li><strong>Cuisine cannabique<\/strong><br \/>\nBien que cela soit moins courant, vous pouvez incorporer Cold Cure Rosin CBD dans des recettes pour cr\u00e9er des produits comestibles.<\/li>\n<\/ol>\n<h2>Acheter Cold Cure Rosin CBD en ligne<\/h2>\n<p>Si vous recherchez un extrait premium pour profiter des bienfaits du CBD, le <strong>Colophane CBD \u00e0 traitement \u00e0 froid<\/strong> C&#039;est votre meilleure option. Dans notre boutique en ligne, vous trouverez des produits de haute qualit\u00e9 r\u00e9pondant aux normes les plus exigeantes. Par ailleurs, \u00e0 <strong>acheter Colophane CBD<\/strong> soit <strong>Colophane CBD \u00e0 traitement \u00e0 froid<\/strong>, vous pouvez \u00eatre s\u00fbr que vous achetez un produit s\u00fbr, propre et plein d&#039;avantages.<\/p>\n<p>Explorez notre s\u00e9lection et d\u00e9couvrez pourquoi Cold Cure Rosin CBD est l&#039;une des pr\u00e9f\u00e9r\u00e9es des amateurs de cannabis. Commandez maintenant et faites passer votre exp\u00e9rience CBD au niveau sup\u00e9rieur !<\/p>\n<p>Avec le <strong>Colophane CBD \u00e0 traitement \u00e0 froid<\/strong>, vous obtiendrez une combinaison parfaite de puret\u00e9, de saveur et de bienfaits th\u00e9rapeutiques. Il est id\u00e9al pour ceux qui recherchent une alternative s\u00fbre, naturelle et de haute qualit\u00e9 dans le monde des extraits de cannabis. Osez l&#039;essayer aujourd&#039;hui.<\/p>","protected":false},"excerpt":{"rendered":"<p><span style=\"font-weight: 400\">Notre <strong>Rosin CBD 91% Cold Cure<\/strong> c&#039;est un <strong>extrait de cannabis de qualit\u00e9 sup\u00e9rieure<\/strong> sans solvant<strong>.<\/strong> Son proc\u00e9d\u00e9 unique de <strong>Le s\u00e9chage \u00e0 froid am\u00e9liore la saveur et la qualit\u00e9<\/strong>.\u00a0<\/span><\/p>\n<ul>\n<li>CBD : forte concentration 91 % \/ THC &lt;0,3 %<\/li>\n<li>Ar\u00f4me in\u00e9gal\u00e9 avec les terp\u00e8nes vivants<\/li>\n<li>100% l\u00e9gal en Espagne<\/li>\n<\/ul>\n<p>Analyse qualit\u00e9 : cliquez <a href=\"https:\/\/iguanasmoke.com\/analiticas\/\" target=\"_blank\" rel=\"noopener\">ici<\/a><\/p>","protected":false},"featured_media":9731,"comment_status":"open","ping_status":"closed","template":"","meta":{"_acf_changed":false,"site-sidebar-layout":"default","site-content-layout":"","ast-site-content-layout":"default","site-content-style":"default","site-sidebar-style":"default","ast-global-header-display":"","ast-banner-title-visibility":"","ast-main-header-display":"","ast-hfb-above-header-display":"","ast-hfb-below-header-display":"","ast-hfb-mobile-header-display":"","site-post-title":"","ast-breadcrumbs-content":"","ast-featured-img":"","footer-sml-layout":"","theme-transparent-header-meta":"default","adv-header-id-meta":"","stick-header-meta":"","header-above-stick-meta":"","header-main-stick-meta":"","header-below-stick-meta":"","astra-migrate-meta-layouts":"set","ast-page-background-enabled":"default","ast-page-background-meta":{"desktop":{"background-color":"var(--ast-global-color-4)","background-image":"","background-repeat":"repeat","background-position":"center center","background-size":"auto","background-attachment":"scroll","background-type":"","background-media":"","overlay-type":"","overlay-color":"","overlay-opacity":"","overlay-gradient":""},"tablet":{"background-color":"","background-image":"","background-repeat":"repeat","background-position":"center center","background-size":"auto","background-attachment":"scroll","background-type":"","background-media":"","overlay-type":"","overlay-color":"","overlay-opacity":"","overlay-gradient":""},"mobile":{"background-color":"","background-image":"","background-repeat":"repeat","background-position":"center center","background-size":"auto","background-attachment":"scroll","background-type":"","background-media":"","overlay-type":"","overlay-color":"","overlay-opacity":"","overlay-gradient":""}},"ast-content-background-meta":{"desktop":{"background-color":"var(--ast-global-color-5)","background-image":"","background-repeat":"repeat","background-position":"center center","background-size":"auto","background-attachment":"scroll","background-type":"","background-media":"","overlay-type":"","overlay-color":"","overlay-opacity":"","overlay-gradient":""},"tablet":{"background-color":"var(--ast-global-color-5)","background-image":"","background-repeat":"repeat","background-position":"center center","background-size":"auto","background-attachment":"scroll","background-type":"","background-media":"","overlay-type":"","overlay-color":"","overlay-opacity":"","overlay-gradient":""},"mobile":{"background-color":"var(--ast-global-color-5)","background-image":"","background-repeat":"repeat","background-position":"center center","background-size":"auto","background-attachment":"scroll","background-type":"","background-media":"","overlay-type":"","overlay-color":"","overlay-opacity":"","overlay-gradient":""}}},"product_brand":[],"product_cat":[29,40],"product_tag":[],"class_list":{"0":"post-9727","1":"product","2":"type-product","3":"status-publish","4":"has-post-thumbnail","6":"product_cat-extractosdecbd","7":"product_cat-iguanasmoke","8":"desktop-align-center","9":"tablet-align-left","10":"mobile-align-left","12":"first","13":"instock","14":"taxable","15":"shipping-taxable","16":"purchasable","17":"product-type-variable"},"acf":[],"yoast_head":"<!-- This site is optimized with the Yoast SEO plugin v27.4 - https:\/\/yoast.com\/product\/yoast-seo-wordpress\/ -->\n<title>Cold Cure Rosin CBD 91% con Live Terpenes - THE LYF LABS<\/title>\n<meta name=\"description\" content=\"Compra Cold Cure Rosin CBD 91% y benef\u00edciate de las propiedades del CBD. Extracto ecol\u00f3gico, natural y puro, sin aditivos artificiales.\" \/>\n<meta name=\"robots\" content=\"index, follow, max-snippet:-1, max-image-preview:large, max-video-preview:-1\" \/>\n<link rel=\"canonical\" href=\"https:\/\/thelyflabs.com\/fr\/product\/cold-cure-rosin-cbd-91-con-live-terpenes\/\" \/>\n<meta property=\"og:locale\" content=\"fr_FR\" \/>\n<meta property=\"og:type\" content=\"article\" \/>\n<meta property=\"og:title\" content=\"Cold Cure Rosin CBD 91% con Live Terpenes - THE LYF LABS\" \/>\n<meta property=\"og:description\" content=\"Compra Cold Cure Rosin CBD 91% y benef\u00edciate de las propiedades del CBD. Extracto ecol\u00f3gico, natural y puro, sin aditivos artificiales.\" \/>\n<meta property=\"og:url\" content=\"https:\/\/thelyflabs.com\/fr\/product\/cold-cure-rosin-cbd-91-con-live-terpenes\/\" \/>\n<meta property=\"og:site_name\" content=\"THE LYF LABS\" \/>\n<meta property=\"article:modified_time\" content=\"2026-03-09T10:15:28+00:00\" \/>\n<meta property=\"og:image\" content=\"https:\/\/thelyflabs.com\/wp-content\/uploads\/2024\/12\/Rosing-rosin.webp\" \/>\n\t<meta property=\"og:image:width\" content=\"1000\" \/>\n\t<meta property=\"og:image:height\" content=\"1000\" \/>\n\t<meta property=\"og:image:type\" content=\"image\/webp\" \/>\n<meta name=\"twitter:card\" content=\"summary_large_image\" \/>\n<meta name=\"twitter:label1\" content=\"Dur\u00e9e de lecture estim\u00e9e\" \/>\n\t<meta name=\"twitter:data1\" content=\"5 minutes\" \/>\n<script type=\"application\/ld+json\" class=\"yoast-schema-graph\">{\"@context\":\"https:\\\/\\\/schema.org\",\"@graph\":[{\"@type\":\"WebPage\",\"@id\":\"https:\\\/\\\/thelyflabs.com\\\/product\\\/cold-cure-rosin-cbd-91-con-live-terpenes\",\"url\":\"https:\\\/\\\/thelyflabs.com\\\/product\\\/cold-cure-rosin-cbd-91-con-live-terpenes\",\"name\":\"Cold Cure Rosin CBD 91% con Live Terpenes - THE LYF LABS\",\"isPartOf\":{\"@id\":\"https:\\\/\\\/thelyflabs.com\\\/#website\"},\"primaryImageOfPage\":{\"@id\":\"https:\\\/\\\/thelyflabs.com\\\/product\\\/cold-cure-rosin-cbd-91-con-live-terpenes#primaryimage\"},\"image\":{\"@id\":\"https:\\\/\\\/thelyflabs.com\\\/product\\\/cold-cure-rosin-cbd-91-con-live-terpenes#primaryimage\"},\"thumbnailUrl\":\"https:\\\/\\\/thelyflabs.com\\\/wp-content\\\/uploads\\\/2024\\\/12\\\/Rosing-rosin.webp\",\"datePublished\":\"2024-12-18T14:32:21+00:00\",\"dateModified\":\"2026-03-09T10:15:28+00:00\",\"description\":\"Compra Cold Cure Rosin CBD 91% y benef\u00edciate de las propiedades del CBD. Extracto ecol\u00f3gico, natural y puro, sin aditivos artificiales.\",\"breadcrumb\":{\"@id\":\"https:\\\/\\\/thelyflabs.com\\\/product\\\/cold-cure-rosin-cbd-91-con-live-terpenes#breadcrumb\"},\"inLanguage\":\"fr-FR\",\"potentialAction\":[{\"@type\":\"ReadAction\",\"target\":[\"https:\\\/\\\/thelyflabs.com\\\/product\\\/cold-cure-rosin-cbd-91-con-live-terpenes\"]}]},{\"@type\":\"ImageObject\",\"inLanguage\":\"fr-FR\",\"@id\":\"https:\\\/\\\/thelyflabs.com\\\/product\\\/cold-cure-rosin-cbd-91-con-live-terpenes#primaryimage\",\"url\":\"https:\\\/\\\/thelyflabs.com\\\/wp-content\\\/uploads\\\/2024\\\/12\\\/Rosing-rosin.webp\",\"contentUrl\":\"https:\\\/\\\/thelyflabs.com\\\/wp-content\\\/uploads\\\/2024\\\/12\\\/Rosing-rosin.webp\",\"width\":1000,\"height\":1000},{\"@type\":\"BreadcrumbList\",\"@id\":\"https:\\\/\\\/thelyflabs.com\\\/product\\\/cold-cure-rosin-cbd-91-con-live-terpenes#breadcrumb\",\"itemListElement\":[{\"@type\":\"ListItem\",\"position\":1,\"name\":\"Portada\",\"item\":\"https:\\\/\\\/thelyflabs.com\\\/\"},{\"@type\":\"ListItem\",\"position\":2,\"name\":\"Tienda\",\"item\":\"https:\\\/\\\/thelyflabs.com\\\/tienda\"},{\"@type\":\"ListItem\",\"position\":3,\"name\":\"Cold Cure Rosin CBD 91% con Live Terpenes\"}]},{\"@type\":\"WebSite\",\"@id\":\"https:\\\/\\\/thelyflabs.com\\\/#website\",\"url\":\"https:\\\/\\\/thelyflabs.com\\\/\",\"name\":\"The LYF Labs\",\"description\":\"CBD al por mayor\",\"publisher\":{\"@id\":\"https:\\\/\\\/thelyflabs.com\\\/#organization\"},\"potentialAction\":[{\"@type\":\"SearchAction\",\"target\":{\"@type\":\"EntryPoint\",\"urlTemplate\":\"https:\\\/\\\/thelyflabs.com\\\/?s={search_term_string}\"},\"query-input\":{\"@type\":\"PropertyValueSpecification\",\"valueRequired\":true,\"valueName\":\"search_term_string\"}}],\"inLanguage\":\"fr-FR\"},{\"@type\":\"Organization\",\"@id\":\"https:\\\/\\\/thelyflabs.com\\\/#organization\",\"name\":\"The LYF Labs\",\"url\":\"https:\\\/\\\/thelyflabs.com\\\/\",\"logo\":{\"@type\":\"ImageObject\",\"inLanguage\":\"fr-FR\",\"@id\":\"https:\\\/\\\/thelyflabs.com\\\/#\\\/schema\\\/logo\\\/image\\\/\",\"url\":\"https:\\\/\\\/thelyflabs.com\\\/wp-content\\\/uploads\\\/2023\\\/01\\\/cropped-LogoTheLYFLabs.png\",\"contentUrl\":\"https:\\\/\\\/thelyflabs.com\\\/wp-content\\\/uploads\\\/2023\\\/01\\\/cropped-LogoTheLYFLabs.png\",\"width\":600,\"height\":180,\"caption\":\"The LYF Labs\"},\"image\":{\"@id\":\"https:\\\/\\\/thelyflabs.com\\\/#\\\/schema\\\/logo\\\/image\\\/\"}}]}<\/script>\n<!-- \/ Yoast SEO plugin. -->","yoast_head_json":{"title":"Cold Cure Rosin CBD 91% con Live Terpenes - THE LYF LABS","description":"Compra Cold Cure Rosin CBD 91% y benef\u00edciate de las propiedades del CBD. Extracto ecol\u00f3gico, natural y puro, sin aditivos artificiales.","robots":{"index":"index","follow":"follow","max-snippet":"max-snippet:-1","max-image-preview":"max-image-preview:large","max-video-preview":"max-video-preview:-1"},"canonical":"https:\/\/thelyflabs.com\/fr\/product\/cold-cure-rosin-cbd-91-con-live-terpenes\/","og_locale":"fr_FR","og_type":"article","og_title":"Cold Cure Rosin CBD 91% con Live Terpenes - THE LYF LABS","og_description":"Compra Cold Cure Rosin CBD 91% y benef\u00edciate de las propiedades del CBD. Extracto ecol\u00f3gico, natural y puro, sin aditivos artificiales.","og_url":"https:\/\/thelyflabs.com\/fr\/product\/cold-cure-rosin-cbd-91-con-live-terpenes\/","og_site_name":"THE LYF LABS","article_modified_time":"2026-03-09T10:15:28+00:00","og_image":[{"width":1000,"height":1000,"url":"https:\/\/thelyflabs.com\/wp-content\/uploads\/2024\/12\/Rosing-rosin.webp","type":"image\/webp"}],"twitter_card":"summary_large_image","twitter_misc":{"Dur\u00e9e de lecture estim\u00e9e":"5 minutes"},"schema":{"@context":"https:\/\/schema.org","@graph":[{"@type":"WebPage","@id":"https:\/\/thelyflabs.com\/product\/cold-cure-rosin-cbd-91-con-live-terpenes","url":"https:\/\/thelyflabs.com\/product\/cold-cure-rosin-cbd-91-con-live-terpenes","name":"Cold Cure Rosin CBD 91% con Live Terpenes - THE LYF LABS","isPartOf":{"@id":"https:\/\/thelyflabs.com\/#website"},"primaryImageOfPage":{"@id":"https:\/\/thelyflabs.com\/product\/cold-cure-rosin-cbd-91-con-live-terpenes#primaryimage"},"image":{"@id":"https:\/\/thelyflabs.com\/product\/cold-cure-rosin-cbd-91-con-live-terpenes#primaryimage"},"thumbnailUrl":"https:\/\/thelyflabs.com\/wp-content\/uploads\/2024\/12\/Rosing-rosin.webp","datePublished":"2024-12-18T14:32:21+00:00","dateModified":"2026-03-09T10:15:28+00:00","description":"Compra Cold Cure Rosin CBD 91% y benef\u00edciate de las propiedades del CBD. Extracto ecol\u00f3gico, natural y puro, sin aditivos artificiales.","breadcrumb":{"@id":"https:\/\/thelyflabs.com\/product\/cold-cure-rosin-cbd-91-con-live-terpenes#breadcrumb"},"inLanguage":"fr-FR","potentialAction":[{"@type":"ReadAction","target":["https:\/\/thelyflabs.com\/product\/cold-cure-rosin-cbd-91-con-live-terpenes"]}]},{"@type":"ImageObject","inLanguage":"fr-FR","@id":"https:\/\/thelyflabs.com\/product\/cold-cure-rosin-cbd-91-con-live-terpenes#primaryimage","url":"https:\/\/thelyflabs.com\/wp-content\/uploads\/2024\/12\/Rosing-rosin.webp","contentUrl":"https:\/\/thelyflabs.com\/wp-content\/uploads\/2024\/12\/Rosing-rosin.webp","width":1000,"height":1000},{"@type":"BreadcrumbList","@id":"https:\/\/thelyflabs.com\/product\/cold-cure-rosin-cbd-91-con-live-terpenes#breadcrumb","itemListElement":[{"@type":"ListItem","position":1,"name":"Portada","item":"https:\/\/thelyflabs.com\/"},{"@type":"ListItem","position":2,"name":"Tienda","item":"https:\/\/thelyflabs.com\/tienda"},{"@type":"ListItem","position":3,"name":"Cold Cure Rosin CBD 91% con Live Terpenes"}]},{"@type":"WebSite","@id":"https:\/\/thelyflabs.com\/#website","url":"https:\/\/thelyflabs.com\/","name":"Les laboratoires LYF","description":"Vente en gros de CBD","publisher":{"@id":"https:\/\/thelyflabs.com\/#organization"},"potentialAction":[{"@type":"SearchAction","target":{"@type":"EntryPoint","urlTemplate":"https:\/\/thelyflabs.com\/?s={search_term_string}"},"query-input":{"@type":"PropertyValueSpecification","valueRequired":true,"valueName":"search_term_string"}}],"inLanguage":"fr-FR"},{"@type":"Organization","@id":"https:\/\/thelyflabs.com\/#organization","name":"Les laboratoires LYF","url":"https:\/\/thelyflabs.com\/","logo":{"@type":"ImageObject","inLanguage":"fr-FR","@id":"https:\/\/thelyflabs.com\/#\/schema\/logo\/image\/","url":"https:\/\/thelyflabs.com\/wp-content\/uploads\/2023\/01\/cropped-LogoTheLYFLabs.png","contentUrl":"https:\/\/thelyflabs.com\/wp-content\/uploads\/2023\/01\/cropped-LogoTheLYFLabs.png","width":600,"height":180,"caption":"The LYF Labs"},"image":{"@id":"https:\/\/thelyflabs.com\/#\/schema\/logo\/image\/"}}]}},"_links":{"self":[{"href":"https:\/\/thelyflabs.com\/fr\/wp-json\/wp\/v2\/product\/9727","targetHints":{"allow":["GET"]}}],"collection":[{"href":"https:\/\/thelyflabs.com\/fr\/wp-json\/wp\/v2\/product"}],"about":[{"href":"https:\/\/thelyflabs.com\/fr\/wp-json\/wp\/v2\/types\/product"}],"replies":[{"embeddable":true,"href":"https:\/\/thelyflabs.com\/fr\/wp-json\/wp\/v2\/comments?post=9727"}],"wp:featuredmedia":[{"embeddable":true,"href":"https:\/\/thelyflabs.com\/fr\/wp-json\/wp\/v2\/media\/9731"}],"wp:attachment":[{"href":"https:\/\/thelyflabs.com\/fr\/wp-json\/wp\/v2\/media?parent=9727"}],"wp:term":[{"taxonomy":"product_brand","embeddable":true,"href":"https:\/\/thelyflabs.com\/fr\/wp-json\/wp\/v2\/product_brand?post=9727"},{"taxonomy":"product_cat","embeddable":true,"href":"https:\/\/thelyflabs.com\/fr\/wp-json\/wp\/v2\/product_cat?post=9727"},{"taxonomy":"product_tag","embeddable":true,"href":"https:\/\/thelyflabs.com\/fr\/wp-json\/wp\/v2\/product_tag?post=9727"}],"curies":[{"name":"wp","href":"https:\/\/api.w.org\/{rel}","templated":true}]}}