{"id":9732,"date":"2024-12-18T15:36:37","date_gmt":"2024-12-18T14:36:37","guid":{"rendered":"https:\/\/thelyflabs.com\/?post_type=product&#038;p=9732"},"modified":"2026-03-09T11:19:14","modified_gmt":"2026-03-09T10:19:14","slug":"sugar-wax-cbd-88-con-live-terpenes","status":"publish","type":"product","link":"https:\/\/thelyflabs.com\/fr\/product\/sugar-wax-cbd-88-con-live-terpenes","title":{"rendered":"Sugar Wax CBD 88% avec terp\u00e8nes vivants"},"content":{"rendered":"<h1>Achetez Sugar Wax CBD avec des terp\u00e8nes vivants<\/h1>\n<h2>Qu&#039;est-ce que la cire au sucre CBD ?<\/h2>\n<p>Sugar Wax CBD est un concentr\u00e9 de cannabis connu pour sa texture granuleuse et cristalline rappelant le sucre humidifi\u00e9. Ce produit est fabriqu\u00e9 \u00e0 partir de plantes de cannabis riches en CBD et est id\u00e9al pour ceux qui recherchent une exp\u00e9rience de haute qualit\u00e9 avec tous les bienfaits du cannabidiol sans les effets psychoactifs du THC.<\/p>\n<p>La cl\u00e9 de Sugar Wax r\u00e9side dans son processus d\u2019extraction, qui conserve \u00e0 la fois les cannabino\u00efdes et les terp\u00e8nes dans leur \u00e9tat le plus pur. Cela garantit non seulement une teneur \u00e9lev\u00e9e en CBD, mais \u00e9galement une exp\u00e9rience aromatique et sensorielle exceptionnelle, gr\u00e2ce \u00e0 la pr\u00e9sence de Live Terpenes.<\/p>\n<h2>Que sont les terp\u00e8nes vivants<\/h2>\n<p>Les terp\u00e8nes vivants sont des compos\u00e9s aromatiques naturels pr\u00e9sents dans les plantes de cannabis, extraits alors qu&#039;elles sont fra\u00eeches pour conserver leurs propri\u00e9t\u00e9s intactes. Ces terp\u00e8nes contribuent non seulement \u00e0 la saveur et \u00e0 l\u2019ar\u00f4me uniques de chaque vari\u00e9t\u00e9 de cannabis, mais renforcent \u00e9galement les effets th\u00e9rapeutiques du CBD gr\u00e2ce \u00e0 \u00ab l\u2019effet entourage \u00bb ou \u00ab effet entourage \u00bb, une synergie qui amplifie les bienfaits des cannabino\u00efdes.<\/p>\n<p>En associant Sugar Wax CBD aux Live Terpenes, vous obtenez un produit \u00e9quilibr\u00e9 et puissant, con\u00e7u pour ceux qui recherchent le bien-\u00eatre, la d\u00e9tente et une exp\u00e9rience sensorielle premium.<\/p>\n<h3>Caract\u00e9ristiques du produit<\/h3>\n<p>Notre Sugar Wax CBD avec Live Terpenes offre une qualit\u00e9 exceptionnelle avec les caract\u00e9ristiques notables suivantes :<\/p>\n<ol>\n<li>Texture granuleuse et facile \u00e0 utiliser<\/li>\n<\/ol>\n<p>Sugar Wax CBD a une consistance unique qui le rend parfait pour vapoter ou tamponner. Sa texture facilite sa manipulation et son dosage.<\/p>\n<ol start=\"2\">\n<li>Teneur \u00e9lev\u00e9e en CBD<\/li>\n<\/ol>\n<p>Chaque lot de notre produit contient une forte concentration de CBD, garantissant des effets relaxants et th\u00e9rapeutiques sans les effets psychoactifs du THC.<\/p>\n<ol start=\"3\">\n<li>Terp\u00e8nes naturels vivants<\/li>\n<\/ol>\n<p>Gr\u00e2ce aux Live Terpenes, ce concentr\u00e9 offre un profil aromatique et gustatif riche et authentique, sublimant l&#039;exp\u00e9rience de chaque utilisateur.<\/p>\n<ol start=\"4\">\n<li>Test\u00e9 dans des laboratoires ind\u00e9pendants<\/li>\n<\/ol>\n<p>Tous nos produits sont analys\u00e9s par des laboratoires tiers pour garantir la puret\u00e9, la s\u00e9curit\u00e9 et la qualit\u00e9. Ne contient aucun pesticide ni solvant nocif.<\/p>\n<ol start=\"5\">\n<li>Sans THC<\/li>\n<\/ol>\n<p>Notre Sugar Wax CBD contient moins de 0,21 TP3T THC, garantissant sa l\u00e9galit\u00e9 et sa s\u00e9curit\u00e9 dans les pays o\u00f9 le CBD est autoris\u00e9.<\/p>\n<h2>Comment conserver la Sugar Wax CBD<\/h2>\n<p>Sugar Wax CBD avec Live Terpenes est un produit d\u00e9licat qui n\u00e9cessite un stockage appropri\u00e9 pour conserver sa fra\u00eecheur et sa puissance. Suivez ces recommandations\u00a0:<\/p>\n<p>Conserver dans un endroit frais et sombre : la lumi\u00e8re et la chaleur peuvent d\u00e9grader les cannabino\u00efdes et les terp\u00e8nes.<\/p>\n<p>Utilisez un r\u00e9cipient herm\u00e9tique : cela \u00e9vite l\u2019oxydation et la perte d\u2019ar\u00f4me.<\/p>\n<p>R\u00e9frig\u00e9ration facultative\u00a0: Pour une dur\u00e9e de conservation plus longue, conservez le produit au r\u00e9frig\u00e9rateur, mais assurez-vous de le laisser atteindre la temp\u00e9rature ambiante avant de l&#039;utiliser.<\/p>\n<p>Avec des soins appropri\u00e9s, votre Sugar Wax CBD restera fra\u00eeche et efficace plus longtemps.<\/p>\n<h2>Pourquoi acheter Sugar Wax CBD avec des terp\u00e8nes vivants chez Iguana Smoke<\/h2>\n<p>Choisir notre boutique en ligne pour acheter du Sugar Wax CBD, c\u2019est vous assurer :<\/p>\n<p>Qualit\u00e9 garantie : Nous travaillons uniquement avec des producteurs fiables qui utilisent des proc\u00e9d\u00e9s d&#039;extraction de pointe.<\/p>\n<p>Vari\u00e9t\u00e9s s\u00e9lectionn\u00e9es : Nous proposons des profils terp\u00e9niques exclusifs qui s&#039;adaptent \u00e0 vos pr\u00e9f\u00e9rences et besoins.<\/p>\n<p>Exp\u00e9dition rapide et discr\u00e8te : Recevez votre produit en toute s\u00e9curit\u00e9 et en toute confidentialit\u00e9.<\/p>\n<p>Service client sp\u00e9cialis\u00e9 : nous sommes l\u00e0 pour vous aider \u00e0 choisir le meilleur produit pour vous et r\u00e9pondre \u00e0 toutes vos questions.<\/p>\n<h2>FAQ sur la cire de sucre CBD<\/h2>\n<ol>\n<li>La Sugar Wax CBD est-elle l\u00e9gale ?<\/li>\n<\/ol>\n<p>Oui, notre produit contient moins de 0,21 TP3T THC, ce qui le rend l\u00e9gal dans la plupart des pays o\u00f9 le CBD est autoris\u00e9.<\/p>\n<ol start=\"2\">\n<li>Quelle quantit\u00e9 dois-je utiliser ?<\/li>\n<\/ol>\n<p>Nous vous recommandons de commencer par une petite dose, surtout si vous \u00eates d\u00e9butant, et d&#039;ajuster en fonction de vos besoins.<\/p>\n<h2>Achetez Sugar Wax CBD maintenant<\/h2>\n<p>N&#039;attendez plus pour profiter des bienfaits de notre Sugar Wax CBD aux Terp\u00e8nes Live. Ce concentr\u00e9 premium est id\u00e9al pour ceux qui recherchent un produit naturel, efficace et de qualit\u00e9 sup\u00e9rieure.<\/p>\n<p>Passez votre commande aujourd\u2019hui et d\u00e9couvrez pourquoi nous sommes la meilleure option pour acheter Sugar Wax CBD. Transformez votre bien-\u00eatre avec ce produit d&#039;exception !<\/p>","protected":false},"excerpt":{"rendered":"<p><strong>Cire de Sucre CBD avec Terp\u00e8nes Vivants<\/strong> Il s&#039;agit d&#039;un concentr\u00e9 de cannabis \u00e0 la texture granul\u00e9e, riche en CBD et en terp\u00e8nes vivants qui rehaussent sa saveur, son ar\u00f4me et ses bienfaits th\u00e9rapeutiques. Un stockage correct garantit fra\u00eecheur et puissance. Achetez ce produit premium maintenant dans notre boutique en ligne.<\/p>\n<ul>\n<li>CBD : 88% \/ THC : &lt; 0,2%<\/li>\n<li>Texture de cire de sucre CBD<\/li>\n<li>Ar\u00f4me in\u00e9gal\u00e9 avec les terp\u00e8nes vivants<\/li>\n<li>100% l\u00e9gal en Europe<\/li>\n<\/ul>\n<p>Analyse qualit\u00e9 : cliquez\u00a0<a href=\"https:\/\/iguanasmoke.com\/analiticas\/\" target=\"_blank\" rel=\"noopener\">ici<\/a><\/p>","protected":false},"featured_media":9736,"comment_status":"open","ping_status":"closed","template":"","meta":{"_acf_changed":false,"site-sidebar-layout":"default","site-content-layout":"","ast-site-content-layout":"default","site-content-style":"default","site-sidebar-style":"default","ast-global-header-display":"","ast-banner-title-visibility":"","ast-main-header-display":"","ast-hfb-above-header-display":"","ast-hfb-below-header-display":"","ast-hfb-mobile-header-display":"","site-post-title":"","ast-breadcrumbs-content":"","ast-featured-img":"","footer-sml-layout":"","theme-transparent-header-meta":"default","adv-header-id-meta":"","stick-header-meta":"","header-above-stick-meta":"","header-main-stick-meta":"","header-below-stick-meta":"","astra-migrate-meta-layouts":"set","ast-page-background-enabled":"default","ast-page-background-meta":{"desktop":{"background-color":"var(--ast-global-color-4)","background-image":"","background-repeat":"repeat","background-position":"center center","background-size":"auto","background-attachment":"scroll","background-type":"","background-media":"","overlay-type":"","overlay-color":"","overlay-opacity":"","overlay-gradient":""},"tablet":{"background-color":"","background-image":"","background-repeat":"repeat","background-position":"center center","background-size":"auto","background-attachment":"scroll","background-type":"","background-media":"","overlay-type":"","overlay-color":"","overlay-opacity":"","overlay-gradient":""},"mobile":{"background-color":"","background-image":"","background-repeat":"repeat","background-position":"center center","background-size":"auto","background-attachment":"scroll","background-type":"","background-media":"","overlay-type":"","overlay-color":"","overlay-opacity":"","overlay-gradient":""}},"ast-content-background-meta":{"desktop":{"background-color":"var(--ast-global-color-5)","background-image":"","background-repeat":"repeat","background-position":"center center","background-size":"auto","background-attachment":"scroll","background-type":"","background-media":"","overlay-type":"","overlay-color":"","overlay-opacity":"","overlay-gradient":""},"tablet":{"background-color":"var(--ast-global-color-5)","background-image":"","background-repeat":"repeat","background-position":"center center","background-size":"auto","background-attachment":"scroll","background-type":"","background-media":"","overlay-type":"","overlay-color":"","overlay-opacity":"","overlay-gradient":""},"mobile":{"background-color":"var(--ast-global-color-5)","background-image":"","background-repeat":"repeat","background-position":"center center","background-size":"auto","background-attachment":"scroll","background-type":"","background-media":"","overlay-type":"","overlay-color":"","overlay-opacity":"","overlay-gradient":""}}},"product_brand":[],"product_cat":[29,40],"product_tag":[],"class_list":{"0":"post-9732","1":"product","2":"type-product","3":"status-publish","4":"has-post-thumbnail","6":"product_cat-extractosdecbd","7":"product_cat-iguanasmoke","8":"desktop-align-center","9":"tablet-align-left","10":"mobile-align-left","12":"first","13":"instock","14":"taxable","15":"shipping-taxable","16":"product-type-variable"},"acf":[],"yoast_head":"<!-- This site is optimized with the Yoast SEO plugin v27.5 - https:\/\/yoast.com\/product\/yoast-seo-wordpress\/ -->\n<title>Sugar Wax CBD 88% con Live Terpenes - Extractos CBD - THE LYF LABS<\/title>\n<meta name=\"description\" content=\"Compra el concentrado de CBD Sugar Wax 88% con Live Terpenes de beneficios terap\u00e9uticos. Descuentos exclusivos mayoristas y distribuidores en The Lyf Labs.\" \/>\n<meta name=\"robots\" content=\"index, follow, max-snippet:-1, max-image-preview:large, max-video-preview:-1\" \/>\n<link rel=\"canonical\" href=\"https:\/\/thelyflabs.com\/fr\/product\/sugar-wax-cbd-88-con-live-terpenes\/\" \/>\n<meta property=\"og:locale\" content=\"fr_FR\" \/>\n<meta property=\"og:type\" content=\"article\" \/>\n<meta property=\"og:title\" content=\"Sugar Wax CBD 88% con Live Terpenes - Extractos CBD - THE LYF LABS\" \/>\n<meta property=\"og:description\" content=\"Compra el concentrado de CBD Sugar Wax 88% con Live Terpenes de beneficios terap\u00e9uticos. Descuentos exclusivos mayoristas y distribuidores en The Lyf Labs.\" \/>\n<meta property=\"og:url\" content=\"https:\/\/thelyflabs.com\/fr\/product\/sugar-wax-cbd-88-con-live-terpenes\/\" \/>\n<meta property=\"og:site_name\" content=\"THE LYF LABS\" \/>\n<meta property=\"article:modified_time\" content=\"2026-03-09T10:19:14+00:00\" \/>\n<meta property=\"og:image\" content=\"https:\/\/thelyflabs.com\/wp-content\/uploads\/2024\/12\/Rosing-sugar-wax.webp\" \/>\n\t<meta property=\"og:image:width\" content=\"1000\" \/>\n\t<meta property=\"og:image:height\" content=\"1000\" \/>\n\t<meta property=\"og:image:type\" content=\"image\/webp\" \/>\n<meta name=\"twitter:card\" content=\"summary_large_image\" \/>\n<meta name=\"twitter:label1\" content=\"Dur\u00e9e de lecture estim\u00e9e\" \/>\n\t<meta name=\"twitter:data1\" content=\"4 minutes\" \/>\n<script type=\"application\/ld+json\" class=\"yoast-schema-graph\">{\"@context\":\"https:\\\/\\\/schema.org\",\"@graph\":[{\"@type\":\"WebPage\",\"@id\":\"https:\\\/\\\/thelyflabs.com\\\/product\\\/sugar-wax-cbd-88-con-live-terpenes\",\"url\":\"https:\\\/\\\/thelyflabs.com\\\/product\\\/sugar-wax-cbd-88-con-live-terpenes\",\"name\":\"Sugar Wax CBD 88% con Live Terpenes - Extractos CBD - THE LYF LABS\",\"isPartOf\":{\"@id\":\"https:\\\/\\\/thelyflabs.com\\\/#website\"},\"primaryImageOfPage\":{\"@id\":\"https:\\\/\\\/thelyflabs.com\\\/product\\\/sugar-wax-cbd-88-con-live-terpenes#primaryimage\"},\"image\":{\"@id\":\"https:\\\/\\\/thelyflabs.com\\\/product\\\/sugar-wax-cbd-88-con-live-terpenes#primaryimage\"},\"thumbnailUrl\":\"https:\\\/\\\/thelyflabs.com\\\/wp-content\\\/uploads\\\/2024\\\/12\\\/Rosing-sugar-wax.webp\",\"datePublished\":\"2024-12-18T14:36:37+00:00\",\"dateModified\":\"2026-03-09T10:19:14+00:00\",\"description\":\"Compra el concentrado de CBD Sugar Wax 88% con Live Terpenes de beneficios terap\u00e9uticos. Descuentos exclusivos mayoristas y distribuidores en The Lyf Labs.\",\"breadcrumb\":{\"@id\":\"https:\\\/\\\/thelyflabs.com\\\/product\\\/sugar-wax-cbd-88-con-live-terpenes#breadcrumb\"},\"inLanguage\":\"fr-FR\",\"potentialAction\":[{\"@type\":\"ReadAction\",\"target\":[\"https:\\\/\\\/thelyflabs.com\\\/product\\\/sugar-wax-cbd-88-con-live-terpenes\"]}]},{\"@type\":\"ImageObject\",\"inLanguage\":\"fr-FR\",\"@id\":\"https:\\\/\\\/thelyflabs.com\\\/product\\\/sugar-wax-cbd-88-con-live-terpenes#primaryimage\",\"url\":\"https:\\\/\\\/thelyflabs.com\\\/wp-content\\\/uploads\\\/2024\\\/12\\\/Rosing-sugar-wax.webp\",\"contentUrl\":\"https:\\\/\\\/thelyflabs.com\\\/wp-content\\\/uploads\\\/2024\\\/12\\\/Rosing-sugar-wax.webp\",\"width\":1000,\"height\":1000},{\"@type\":\"BreadcrumbList\",\"@id\":\"https:\\\/\\\/thelyflabs.com\\\/product\\\/sugar-wax-cbd-88-con-live-terpenes#breadcrumb\",\"itemListElement\":[{\"@type\":\"ListItem\",\"position\":1,\"name\":\"Portada\",\"item\":\"https:\\\/\\\/thelyflabs.com\\\/\"},{\"@type\":\"ListItem\",\"position\":2,\"name\":\"Tienda\",\"item\":\"https:\\\/\\\/thelyflabs.com\\\/tienda\"},{\"@type\":\"ListItem\",\"position\":3,\"name\":\"Sugar Wax CBD 88% con Live Terpenes\"}]},{\"@type\":\"WebSite\",\"@id\":\"https:\\\/\\\/thelyflabs.com\\\/#website\",\"url\":\"https:\\\/\\\/thelyflabs.com\\\/\",\"name\":\"The LYF Labs\",\"description\":\"CBD al por mayor\",\"publisher\":{\"@id\":\"https:\\\/\\\/thelyflabs.com\\\/#organization\"},\"potentialAction\":[{\"@type\":\"SearchAction\",\"target\":{\"@type\":\"EntryPoint\",\"urlTemplate\":\"https:\\\/\\\/thelyflabs.com\\\/?s={search_term_string}\"},\"query-input\":{\"@type\":\"PropertyValueSpecification\",\"valueRequired\":true,\"valueName\":\"search_term_string\"}}],\"inLanguage\":\"fr-FR\"},{\"@type\":\"Organization\",\"@id\":\"https:\\\/\\\/thelyflabs.com\\\/#organization\",\"name\":\"The LYF Labs\",\"url\":\"https:\\\/\\\/thelyflabs.com\\\/\",\"logo\":{\"@type\":\"ImageObject\",\"inLanguage\":\"fr-FR\",\"@id\":\"https:\\\/\\\/thelyflabs.com\\\/#\\\/schema\\\/logo\\\/image\\\/\",\"url\":\"https:\\\/\\\/thelyflabs.com\\\/wp-content\\\/uploads\\\/2023\\\/01\\\/cropped-LogoTheLYFLabs.png\",\"contentUrl\":\"https:\\\/\\\/thelyflabs.com\\\/wp-content\\\/uploads\\\/2023\\\/01\\\/cropped-LogoTheLYFLabs.png\",\"width\":600,\"height\":180,\"caption\":\"The LYF Labs\"},\"image\":{\"@id\":\"https:\\\/\\\/thelyflabs.com\\\/#\\\/schema\\\/logo\\\/image\\\/\"}}]}<\/script>\n<!-- \/ Yoast SEO plugin. -->","yoast_head_json":{"title":"Cire de sucre CBD 88% avec terp\u00e8nes actifs - Extraits de CBD - THE LYF LABS","description":"Achetez le concentr\u00e9 de CBD Sugar Wax 88% avec des terp\u00e8nes vivants pour ses bienfaits th\u00e9rapeutiques. Remises exclusives pour les grossistes et distributeurs chez Lyf Labs.","robots":{"index":"index","follow":"follow","max-snippet":"max-snippet:-1","max-image-preview":"max-image-preview:large","max-video-preview":"max-video-preview:-1"},"canonical":"https:\/\/thelyflabs.com\/fr\/product\/sugar-wax-cbd-88-con-live-terpenes\/","og_locale":"fr_FR","og_type":"article","og_title":"Sugar Wax CBD 88% con Live Terpenes - Extractos CBD - THE LYF LABS","og_description":"Compra el concentrado de CBD Sugar Wax 88% con Live Terpenes de beneficios terap\u00e9uticos. Descuentos exclusivos mayoristas y distribuidores en The Lyf Labs.","og_url":"https:\/\/thelyflabs.com\/fr\/product\/sugar-wax-cbd-88-con-live-terpenes\/","og_site_name":"THE LYF LABS","article_modified_time":"2026-03-09T10:19:14+00:00","og_image":[{"width":1000,"height":1000,"url":"https:\/\/thelyflabs.com\/wp-content\/uploads\/2024\/12\/Rosing-sugar-wax.webp","type":"image\/webp"}],"twitter_card":"summary_large_image","twitter_misc":{"Dur\u00e9e de lecture estim\u00e9e":"4 minutes"},"schema":{"@context":"https:\/\/schema.org","@graph":[{"@type":"WebPage","@id":"https:\/\/thelyflabs.com\/product\/sugar-wax-cbd-88-con-live-terpenes","url":"https:\/\/thelyflabs.com\/product\/sugar-wax-cbd-88-con-live-terpenes","name":"Cire de sucre CBD 88% avec terp\u00e8nes actifs - Extraits de CBD - THE LYF LABS","isPartOf":{"@id":"https:\/\/thelyflabs.com\/#website"},"primaryImageOfPage":{"@id":"https:\/\/thelyflabs.com\/product\/sugar-wax-cbd-88-con-live-terpenes#primaryimage"},"image":{"@id":"https:\/\/thelyflabs.com\/product\/sugar-wax-cbd-88-con-live-terpenes#primaryimage"},"thumbnailUrl":"https:\/\/thelyflabs.com\/wp-content\/uploads\/2024\/12\/Rosing-sugar-wax.webp","datePublished":"2024-12-18T14:36:37+00:00","dateModified":"2026-03-09T10:19:14+00:00","description":"Achetez le concentr\u00e9 de CBD Sugar Wax 88% avec des terp\u00e8nes vivants pour ses bienfaits th\u00e9rapeutiques. Remises exclusives pour les grossistes et distributeurs chez Lyf Labs.","breadcrumb":{"@id":"https:\/\/thelyflabs.com\/product\/sugar-wax-cbd-88-con-live-terpenes#breadcrumb"},"inLanguage":"fr-FR","potentialAction":[{"@type":"ReadAction","target":["https:\/\/thelyflabs.com\/product\/sugar-wax-cbd-88-con-live-terpenes"]}]},{"@type":"ImageObject","inLanguage":"fr-FR","@id":"https:\/\/thelyflabs.com\/product\/sugar-wax-cbd-88-con-live-terpenes#primaryimage","url":"https:\/\/thelyflabs.com\/wp-content\/uploads\/2024\/12\/Rosing-sugar-wax.webp","contentUrl":"https:\/\/thelyflabs.com\/wp-content\/uploads\/2024\/12\/Rosing-sugar-wax.webp","width":1000,"height":1000},{"@type":"BreadcrumbList","@id":"https:\/\/thelyflabs.com\/product\/sugar-wax-cbd-88-con-live-terpenes#breadcrumb","itemListElement":[{"@type":"ListItem","position":1,"name":"Portada","item":"https:\/\/thelyflabs.com\/"},{"@type":"ListItem","position":2,"name":"Tienda","item":"https:\/\/thelyflabs.com\/tienda"},{"@type":"ListItem","position":3,"name":"Sugar Wax CBD 88% con Live Terpenes"}]},{"@type":"WebSite","@id":"https:\/\/thelyflabs.com\/#website","url":"https:\/\/thelyflabs.com\/","name":"Les laboratoires LYF","description":"Vente en gros de CBD","publisher":{"@id":"https:\/\/thelyflabs.com\/#organization"},"potentialAction":[{"@type":"SearchAction","target":{"@type":"EntryPoint","urlTemplate":"https:\/\/thelyflabs.com\/?s={search_term_string}"},"query-input":{"@type":"PropertyValueSpecification","valueRequired":true,"valueName":"search_term_string"}}],"inLanguage":"fr-FR"},{"@type":"Organization","@id":"https:\/\/thelyflabs.com\/#organization","name":"Les laboratoires LYF","url":"https:\/\/thelyflabs.com\/","logo":{"@type":"ImageObject","inLanguage":"fr-FR","@id":"https:\/\/thelyflabs.com\/#\/schema\/logo\/image\/","url":"https:\/\/thelyflabs.com\/wp-content\/uploads\/2023\/01\/cropped-LogoTheLYFLabs.png","contentUrl":"https:\/\/thelyflabs.com\/wp-content\/uploads\/2023\/01\/cropped-LogoTheLYFLabs.png","width":600,"height":180,"caption":"The LYF Labs"},"image":{"@id":"https:\/\/thelyflabs.com\/#\/schema\/logo\/image\/"}}]}},"_links":{"self":[{"href":"https:\/\/thelyflabs.com\/fr\/wp-json\/wp\/v2\/product\/9732","targetHints":{"allow":["GET"]}}],"collection":[{"href":"https:\/\/thelyflabs.com\/fr\/wp-json\/wp\/v2\/product"}],"about":[{"href":"https:\/\/thelyflabs.com\/fr\/wp-json\/wp\/v2\/types\/product"}],"replies":[{"embeddable":true,"href":"https:\/\/thelyflabs.com\/fr\/wp-json\/wp\/v2\/comments?post=9732"}],"wp:featuredmedia":[{"embeddable":true,"href":"https:\/\/thelyflabs.com\/fr\/wp-json\/wp\/v2\/media\/9736"}],"wp:attachment":[{"href":"https:\/\/thelyflabs.com\/fr\/wp-json\/wp\/v2\/media?parent=9732"}],"wp:term":[{"taxonomy":"product_brand","embeddable":true,"href":"https:\/\/thelyflabs.com\/fr\/wp-json\/wp\/v2\/product_brand?post=9732"},{"taxonomy":"product_cat","embeddable":true,"href":"https:\/\/thelyflabs.com\/fr\/wp-json\/wp\/v2\/product_cat?post=9732"},{"taxonomy":"product_tag","embeddable":true,"href":"https:\/\/thelyflabs.com\/fr\/wp-json\/wp\/v2\/product_tag?post=9732"}],"curies":[{"name":"wp","href":"https:\/\/api.w.org\/{rel}","templated":true}]}}