{"id":9737,"date":"2024-12-18T15:41:36","date_gmt":"2024-12-18T14:41:36","guid":{"rendered":"https:\/\/thelyflabs.com\/?post_type=product&#038;p=9737"},"modified":"2026-03-09T12:21:33","modified_gmt":"2026-03-09T11:21:33","slug":"diamonds-cbd-98-con-live-terpenes","status":"publish","type":"product","link":"https:\/\/thelyflabs.com\/fr\/product\/diamonds-cbd-98-con-live-terpenes","title":{"rendered":"Diamonds CBD 98% avec terp\u00e8nes vivants"},"content":{"rendered":"<h1>Acheter Diamonds CBD : Puret\u00e9 et puissance<\/h1>\n<h2>Qu\u2019est-ce que le Diamant CBD ?<\/h2>\n<p>Diamond CBD est un concentr\u00e9 de cannabidiol (CBD) de la plus haute qualit\u00e9, connu pour sa puret\u00e9 et son aspect cristallin rappelant celui du diamant. Ce produit repr\u00e9sente la forme de CBD la plus raffin\u00e9e et la plus concentr\u00e9e, avec une puret\u00e9 pouvant atteindre jusqu&#039;\u00e0 99%. Les diamants CBD sont fabriqu\u00e9s selon un processus d\u2019extraction et de purification m\u00e9ticuleux, qui garantit un produit exempt d\u2019impuret\u00e9s.<\/p>\n<p>Con\u00e7ues pour les utilisateurs \u00e0 la recherche d&#039;une exp\u00e9rience premium et efficace, les Diamonds CBD sont id\u00e9ales pour ceux qui souhaitent b\u00e9n\u00e9ficier des bienfaits du CBD dans sa forme la plus pure et la plus puissante, sans la pr\u00e9sence de THC et avec un profil aromatique optionnel gr\u00e2ce aux terp\u00e8nes.<\/p>\n<h3>Caract\u00e9ristiques du produit<\/h3>\n<p>Notre Diamond CBD se distingue par les caract\u00e9ristiques suivantes :<\/p>\n<ol>\n<li>Puret\u00e9 exceptionnelle<\/li>\n<\/ol>\n<p>Diamonds CBD contient jusqu&#039;\u00e0 99% de cannabidiol, garantissant un produit concentr\u00e9 et efficace.<\/p>\n<ol start=\"2\">\n<li>Aspect cristallin<\/li>\n<\/ol>\n<p>Le produit a un aspect translucide et brillant, semblable \u00e0 celui des diamants, refl\u00e9tant son processus de purification avanc\u00e9 et sa haute qualit\u00e9.<\/p>\n<ol start=\"3\">\n<li>\u00c9ventuellement infus\u00e9 de terp\u00e8nes<\/li>\n<\/ol>\n<p>Bien que les Diamonds CBD soient inodores et neutres par nature, vous pouvez choisir des vari\u00e9t\u00e9s infus\u00e9es de terp\u00e8nes pour profiter de saveurs et d&#039;ar\u00f4mes exclusifs qui am\u00e9liorent l&#039;exp\u00e9rience.<\/p>\n<ol start=\"4\">\n<li>Pas de THC d\u00e9tectable<\/li>\n<\/ol>\n<p>Notre Diamond CBD offre les bienfaits du cannabidiol sans effets psychoactifs, respectant les r\u00e9glementations l\u00e9gales en vigueur en maintenant le produit pro en dessous de 0,21 TP3T THC.<\/p>\n<ol start=\"5\">\n<li>Qualit\u00e9 garantie<\/li>\n<\/ol>\n<p>Tous nos Diamonds CBD sont test\u00e9s en laboratoire de mani\u00e8re ind\u00e9pendante pour garantir la puret\u00e9, la puissance et la s\u00e9curit\u00e9, ainsi que l\u2019absence de contaminants.<\/p>\n<h2>Comment conserver Diamond CBD<\/h2>\n<p>Diamond CBD est un produit sensible qui n\u00e9cessite un stockage appropri\u00e9 pour pr\u00e9server sa qualit\u00e9 et sa puissance. Nous vous donnons ici quelques conseils :<\/p>\n<p>Conserver dans un endroit frais et sombre : \u00c9vitez l\u2019exposition directe au soleil ou \u00e0 une chaleur excessive.<\/p>\n<p>Utilisez des contenants herm\u00e9tiques : cela permet d\u2019\u00e9viter l\u2019oxydation et de conserver la fra\u00eecheur du produit plus longtemps.<\/p>\n<p>\u00c9vitez l&#039;humidit\u00e9 : \u00c9tant un produit cristallin, l&#039;humidit\u00e9 peut alt\u00e9rer sa texture et sa qualit\u00e9.<\/p>\n<p>En suivant ces recommandations, votre Diamonds CBD conservera sa puret\u00e9 et son efficacit\u00e9 plus longtemps.<\/p>\n<h2>Pourquoi acheter Diamond CBD dans notre magasin<\/h2>\n<p>Choisir Iguana Smoke pour acheter Diamond CBD garantit une exp\u00e9rience sup\u00e9rieure :<\/p>\n<p>Produits de qualit\u00e9 sup\u00e9rieure : Nous travaillons avec les meilleurs producteurs qui utilisent des proc\u00e9d\u00e9s d&#039;extraction avanc\u00e9s pour vous offrir le plus haut niveau de puret\u00e9.<\/p>\n<p>Vari\u00e9t\u00e9s infus\u00e9es de terp\u00e8nes\u00a0: options personnalis\u00e9es pour r\u00e9pondre \u00e0 vos besoins et pr\u00e9f\u00e9rences.<\/p>\n<p>Tests en laboratoire certifi\u00e9s : Transparence et s\u00e9curit\u00e9 dans chaque lot.<\/p>\n<p>Exp\u00e9dition rapide et discr\u00e8te : Recevez votre commande en toute s\u00e9curit\u00e9 et en toute confidentialit\u00e9.<\/p>\n<p>Service client d\u00e9di\u00e9 : nous sommes l\u00e0 pour r\u00e9pondre \u00e0 toutes vos questions et vous aider \u00e0 trouver le produit parfait.<\/p>\n<h2>Achetez Diamond CBD maintenant<\/h2>\n<p>N&#039;attendez plus pour profiter des bienfaits de Diamond CBD, un produit pur, puissant et polyvalent con\u00e7u pour am\u00e9liorer votre bien-\u00eatre. Achetez maintenant dans notre boutique en ligne et profitez d&#039;un concentr\u00e9 de CBD premium, s\u00fbr et efficace. Passez votre commande aujourd\u2019hui et d\u00e9couvrez pourquoi nous sommes la meilleure option pour acheter du Diamond CBD !<\/p>","protected":false},"excerpt":{"rendered":"<p><strong>Le Diamant CBD<\/strong> C&#039;est un concentr\u00e9 pur et cristallin contenant jusqu&#039;\u00e0 99% de cannabidiol. Test\u00e9 en laboratoire, il garantit qualit\u00e9 et s\u00e9curit\u00e9. Achetez Diamond CBD pour une exp\u00e9rience premium !<\/p>\n<ul>\n<li>CBD : 98% \/ THC : &lt; 0,2%<\/li>\n<li>Texture diamant CBD<\/li>\n<li>Ar\u00f4me in\u00e9gal\u00e9 avec les terp\u00e8nes vivants<\/li>\n<li>100% l\u00e9gal en Europe<\/li>\n<\/ul>\n<p>Analyse qualit\u00e9 : cliquez\u00a0<a href=\"https:\/\/iguanasmoke.com\/analiticas\/\" target=\"_blank\" rel=\"noopener\">ici<\/a><\/p>","protected":false},"featured_media":9741,"comment_status":"open","ping_status":"closed","template":"","meta":{"_acf_changed":false,"site-sidebar-layout":"default","site-content-layout":"","ast-site-content-layout":"default","site-content-style":"default","site-sidebar-style":"default","ast-global-header-display":"","ast-banner-title-visibility":"","ast-main-header-display":"","ast-hfb-above-header-display":"","ast-hfb-below-header-display":"","ast-hfb-mobile-header-display":"","site-post-title":"","ast-breadcrumbs-content":"","ast-featured-img":"","footer-sml-layout":"","theme-transparent-header-meta":"default","adv-header-id-meta":"","stick-header-meta":"","header-above-stick-meta":"","header-main-stick-meta":"","header-below-stick-meta":"","astra-migrate-meta-layouts":"set","ast-page-background-enabled":"default","ast-page-background-meta":{"desktop":{"background-color":"var(--ast-global-color-4)","background-image":"","background-repeat":"repeat","background-position":"center center","background-size":"auto","background-attachment":"scroll","background-type":"","background-media":"","overlay-type":"","overlay-color":"","overlay-opacity":"","overlay-gradient":""},"tablet":{"background-color":"","background-image":"","background-repeat":"repeat","background-position":"center center","background-size":"auto","background-attachment":"scroll","background-type":"","background-media":"","overlay-type":"","overlay-color":"","overlay-opacity":"","overlay-gradient":""},"mobile":{"background-color":"","background-image":"","background-repeat":"repeat","background-position":"center center","background-size":"auto","background-attachment":"scroll","background-type":"","background-media":"","overlay-type":"","overlay-color":"","overlay-opacity":"","overlay-gradient":""}},"ast-content-background-meta":{"desktop":{"background-color":"var(--ast-global-color-5)","background-image":"","background-repeat":"repeat","background-position":"center center","background-size":"auto","background-attachment":"scroll","background-type":"","background-media":"","overlay-type":"","overlay-color":"","overlay-opacity":"","overlay-gradient":""},"tablet":{"background-color":"var(--ast-global-color-5)","background-image":"","background-repeat":"repeat","background-position":"center center","background-size":"auto","background-attachment":"scroll","background-type":"","background-media":"","overlay-type":"","overlay-color":"","overlay-opacity":"","overlay-gradient":""},"mobile":{"background-color":"var(--ast-global-color-5)","background-image":"","background-repeat":"repeat","background-position":"center center","background-size":"auto","background-attachment":"scroll","background-type":"","background-media":"","overlay-type":"","overlay-color":"","overlay-opacity":"","overlay-gradient":""}}},"product_brand":[],"product_cat":[29,40],"product_tag":[],"class_list":{"0":"post-9737","1":"product","2":"type-product","3":"status-publish","4":"has-post-thumbnail","6":"product_cat-extractosdecbd","7":"product_cat-iguanasmoke","8":"desktop-align-center","9":"tablet-align-left","10":"mobile-align-left","12":"first","13":"instock","14":"taxable","15":"shipping-taxable","16":"purchasable","17":"product-type-variable"},"acf":[],"yoast_head":"<!-- This site is optimized with the Yoast SEO plugin v27.4 - https:\/\/yoast.com\/product\/yoast-seo-wordpress\/ -->\n<title>Diamonds CBD 98% con Live Terpenes - Extracto CBD al por mayor- THE LYF LABS<\/title>\n<meta name=\"description\" content=\"Compra Diamonds CBD 98% con Live Terpenes, un extracto natural y ecol\u00f3gico de CBD de efecto puro y potente. Calidad y seguridad garantizadas.\" \/>\n<meta name=\"robots\" content=\"index, follow, max-snippet:-1, max-image-preview:large, max-video-preview:-1\" \/>\n<link rel=\"canonical\" href=\"https:\/\/thelyflabs.com\/fr\/product\/diamonds-cbd-98-con-live-terpenes\/\" \/>\n<meta property=\"og:locale\" content=\"fr_FR\" \/>\n<meta property=\"og:type\" content=\"article\" \/>\n<meta property=\"og:title\" content=\"Diamonds CBD 98% con Live Terpenes - Extracto CBD al por mayor- THE LYF LABS\" \/>\n<meta property=\"og:description\" content=\"Compra Diamonds CBD 98% con Live Terpenes, un extracto natural y ecol\u00f3gico de CBD de efecto puro y potente. Calidad y seguridad garantizadas.\" \/>\n<meta property=\"og:url\" content=\"https:\/\/thelyflabs.com\/fr\/product\/diamonds-cbd-98-con-live-terpenes\/\" \/>\n<meta property=\"og:site_name\" content=\"THE LYF LABS\" \/>\n<meta property=\"article:modified_time\" content=\"2026-03-09T11:21:33+00:00\" \/>\n<meta property=\"og:image\" content=\"https:\/\/thelyflabs.com\/wp-content\/uploads\/2024\/12\/Rosing-Diamonds.webp\" \/>\n\t<meta property=\"og:image:width\" content=\"1000\" \/>\n\t<meta property=\"og:image:height\" content=\"1000\" \/>\n\t<meta property=\"og:image:type\" content=\"image\/webp\" \/>\n<meta name=\"twitter:card\" content=\"summary_large_image\" \/>\n<meta name=\"twitter:label1\" content=\"Dur\u00e9e de lecture estim\u00e9e\" \/>\n\t<meta name=\"twitter:data1\" content=\"3 minutes\" \/>\n<script type=\"application\/ld+json\" class=\"yoast-schema-graph\">{\"@context\":\"https:\\\/\\\/schema.org\",\"@graph\":[{\"@type\":\"WebPage\",\"@id\":\"https:\\\/\\\/thelyflabs.com\\\/product\\\/diamonds-cbd-98-con-live-terpenes\",\"url\":\"https:\\\/\\\/thelyflabs.com\\\/product\\\/diamonds-cbd-98-con-live-terpenes\",\"name\":\"Diamonds CBD 98% con Live Terpenes - Extracto CBD al por mayor- THE LYF LABS\",\"isPartOf\":{\"@id\":\"https:\\\/\\\/thelyflabs.com\\\/#website\"},\"primaryImageOfPage\":{\"@id\":\"https:\\\/\\\/thelyflabs.com\\\/product\\\/diamonds-cbd-98-con-live-terpenes#primaryimage\"},\"image\":{\"@id\":\"https:\\\/\\\/thelyflabs.com\\\/product\\\/diamonds-cbd-98-con-live-terpenes#primaryimage\"},\"thumbnailUrl\":\"https:\\\/\\\/thelyflabs.com\\\/wp-content\\\/uploads\\\/2024\\\/12\\\/Rosing-Diamonds.webp\",\"datePublished\":\"2024-12-18T14:41:36+00:00\",\"dateModified\":\"2026-03-09T11:21:33+00:00\",\"description\":\"Compra Diamonds CBD 98% con Live Terpenes, un extracto natural y ecol\u00f3gico de CBD de efecto puro y potente. Calidad y seguridad garantizadas.\",\"breadcrumb\":{\"@id\":\"https:\\\/\\\/thelyflabs.com\\\/product\\\/diamonds-cbd-98-con-live-terpenes#breadcrumb\"},\"inLanguage\":\"fr-FR\",\"potentialAction\":[{\"@type\":\"ReadAction\",\"target\":[\"https:\\\/\\\/thelyflabs.com\\\/product\\\/diamonds-cbd-98-con-live-terpenes\"]}]},{\"@type\":\"ImageObject\",\"inLanguage\":\"fr-FR\",\"@id\":\"https:\\\/\\\/thelyflabs.com\\\/product\\\/diamonds-cbd-98-con-live-terpenes#primaryimage\",\"url\":\"https:\\\/\\\/thelyflabs.com\\\/wp-content\\\/uploads\\\/2024\\\/12\\\/Rosing-Diamonds.webp\",\"contentUrl\":\"https:\\\/\\\/thelyflabs.com\\\/wp-content\\\/uploads\\\/2024\\\/12\\\/Rosing-Diamonds.webp\",\"width\":1000,\"height\":1000},{\"@type\":\"BreadcrumbList\",\"@id\":\"https:\\\/\\\/thelyflabs.com\\\/product\\\/diamonds-cbd-98-con-live-terpenes#breadcrumb\",\"itemListElement\":[{\"@type\":\"ListItem\",\"position\":1,\"name\":\"Portada\",\"item\":\"https:\\\/\\\/thelyflabs.com\\\/\"},{\"@type\":\"ListItem\",\"position\":2,\"name\":\"Tienda\",\"item\":\"https:\\\/\\\/thelyflabs.com\\\/tienda\"},{\"@type\":\"ListItem\",\"position\":3,\"name\":\"Diamonds CBD 98% con Live Terpenes\"}]},{\"@type\":\"WebSite\",\"@id\":\"https:\\\/\\\/thelyflabs.com\\\/#website\",\"url\":\"https:\\\/\\\/thelyflabs.com\\\/\",\"name\":\"The LYF Labs\",\"description\":\"CBD al por mayor\",\"publisher\":{\"@id\":\"https:\\\/\\\/thelyflabs.com\\\/#organization\"},\"potentialAction\":[{\"@type\":\"SearchAction\",\"target\":{\"@type\":\"EntryPoint\",\"urlTemplate\":\"https:\\\/\\\/thelyflabs.com\\\/?s={search_term_string}\"},\"query-input\":{\"@type\":\"PropertyValueSpecification\",\"valueRequired\":true,\"valueName\":\"search_term_string\"}}],\"inLanguage\":\"fr-FR\"},{\"@type\":\"Organization\",\"@id\":\"https:\\\/\\\/thelyflabs.com\\\/#organization\",\"name\":\"The LYF Labs\",\"url\":\"https:\\\/\\\/thelyflabs.com\\\/\",\"logo\":{\"@type\":\"ImageObject\",\"inLanguage\":\"fr-FR\",\"@id\":\"https:\\\/\\\/thelyflabs.com\\\/#\\\/schema\\\/logo\\\/image\\\/\",\"url\":\"https:\\\/\\\/thelyflabs.com\\\/wp-content\\\/uploads\\\/2023\\\/01\\\/cropped-LogoTheLYFLabs.png\",\"contentUrl\":\"https:\\\/\\\/thelyflabs.com\\\/wp-content\\\/uploads\\\/2023\\\/01\\\/cropped-LogoTheLYFLabs.png\",\"width\":600,\"height\":180,\"caption\":\"The LYF Labs\"},\"image\":{\"@id\":\"https:\\\/\\\/thelyflabs.com\\\/#\\\/schema\\\/logo\\\/image\\\/\"}}]}<\/script>\n<!-- \/ Yoast SEO plugin. -->","yoast_head_json":{"title":"Diamonds CBD 98% con Live Terpenes - Extracto CBD al por mayor- THE LYF LABS","description":"Compra Diamonds CBD 98% con Live Terpenes, un extracto natural y ecol\u00f3gico de CBD de efecto puro y potente. Calidad y seguridad garantizadas.","robots":{"index":"index","follow":"follow","max-snippet":"max-snippet:-1","max-image-preview":"max-image-preview:large","max-video-preview":"max-video-preview:-1"},"canonical":"https:\/\/thelyflabs.com\/fr\/product\/diamonds-cbd-98-con-live-terpenes\/","og_locale":"fr_FR","og_type":"article","og_title":"Diamonds CBD 98% con Live Terpenes - Extracto CBD al por mayor- THE LYF LABS","og_description":"Compra Diamonds CBD 98% con Live Terpenes, un extracto natural y ecol\u00f3gico de CBD de efecto puro y potente. Calidad y seguridad garantizadas.","og_url":"https:\/\/thelyflabs.com\/fr\/product\/diamonds-cbd-98-con-live-terpenes\/","og_site_name":"THE LYF LABS","article_modified_time":"2026-03-09T11:21:33+00:00","og_image":[{"width":1000,"height":1000,"url":"https:\/\/thelyflabs.com\/wp-content\/uploads\/2024\/12\/Rosing-Diamonds.webp","type":"image\/webp"}],"twitter_card":"summary_large_image","twitter_misc":{"Dur\u00e9e de lecture estim\u00e9e":"3 minutes"},"schema":{"@context":"https:\/\/schema.org","@graph":[{"@type":"WebPage","@id":"https:\/\/thelyflabs.com\/product\/diamonds-cbd-98-con-live-terpenes","url":"https:\/\/thelyflabs.com\/product\/diamonds-cbd-98-con-live-terpenes","name":"Diamonds CBD 98% con Live Terpenes - Extracto CBD al por mayor- THE LYF LABS","isPartOf":{"@id":"https:\/\/thelyflabs.com\/#website"},"primaryImageOfPage":{"@id":"https:\/\/thelyflabs.com\/product\/diamonds-cbd-98-con-live-terpenes#primaryimage"},"image":{"@id":"https:\/\/thelyflabs.com\/product\/diamonds-cbd-98-con-live-terpenes#primaryimage"},"thumbnailUrl":"https:\/\/thelyflabs.com\/wp-content\/uploads\/2024\/12\/Rosing-Diamonds.webp","datePublished":"2024-12-18T14:41:36+00:00","dateModified":"2026-03-09T11:21:33+00:00","description":"Compra Diamonds CBD 98% con Live Terpenes, un extracto natural y ecol\u00f3gico de CBD de efecto puro y potente. Calidad y seguridad garantizadas.","breadcrumb":{"@id":"https:\/\/thelyflabs.com\/product\/diamonds-cbd-98-con-live-terpenes#breadcrumb"},"inLanguage":"fr-FR","potentialAction":[{"@type":"ReadAction","target":["https:\/\/thelyflabs.com\/product\/diamonds-cbd-98-con-live-terpenes"]}]},{"@type":"ImageObject","inLanguage":"fr-FR","@id":"https:\/\/thelyflabs.com\/product\/diamonds-cbd-98-con-live-terpenes#primaryimage","url":"https:\/\/thelyflabs.com\/wp-content\/uploads\/2024\/12\/Rosing-Diamonds.webp","contentUrl":"https:\/\/thelyflabs.com\/wp-content\/uploads\/2024\/12\/Rosing-Diamonds.webp","width":1000,"height":1000},{"@type":"BreadcrumbList","@id":"https:\/\/thelyflabs.com\/product\/diamonds-cbd-98-con-live-terpenes#breadcrumb","itemListElement":[{"@type":"ListItem","position":1,"name":"Portada","item":"https:\/\/thelyflabs.com\/"},{"@type":"ListItem","position":2,"name":"Tienda","item":"https:\/\/thelyflabs.com\/tienda"},{"@type":"ListItem","position":3,"name":"Diamonds CBD 98% con Live Terpenes"}]},{"@type":"WebSite","@id":"https:\/\/thelyflabs.com\/#website","url":"https:\/\/thelyflabs.com\/","name":"Les laboratoires LYF","description":"Vente en gros de CBD","publisher":{"@id":"https:\/\/thelyflabs.com\/#organization"},"potentialAction":[{"@type":"SearchAction","target":{"@type":"EntryPoint","urlTemplate":"https:\/\/thelyflabs.com\/?s={search_term_string}"},"query-input":{"@type":"PropertyValueSpecification","valueRequired":true,"valueName":"search_term_string"}}],"inLanguage":"fr-FR"},{"@type":"Organization","@id":"https:\/\/thelyflabs.com\/#organization","name":"Les laboratoires LYF","url":"https:\/\/thelyflabs.com\/","logo":{"@type":"ImageObject","inLanguage":"fr-FR","@id":"https:\/\/thelyflabs.com\/#\/schema\/logo\/image\/","url":"https:\/\/thelyflabs.com\/wp-content\/uploads\/2023\/01\/cropped-LogoTheLYFLabs.png","contentUrl":"https:\/\/thelyflabs.com\/wp-content\/uploads\/2023\/01\/cropped-LogoTheLYFLabs.png","width":600,"height":180,"caption":"The LYF Labs"},"image":{"@id":"https:\/\/thelyflabs.com\/#\/schema\/logo\/image\/"}}]}},"_links":{"self":[{"href":"https:\/\/thelyflabs.com\/fr\/wp-json\/wp\/v2\/product\/9737","targetHints":{"allow":["GET"]}}],"collection":[{"href":"https:\/\/thelyflabs.com\/fr\/wp-json\/wp\/v2\/product"}],"about":[{"href":"https:\/\/thelyflabs.com\/fr\/wp-json\/wp\/v2\/types\/product"}],"replies":[{"embeddable":true,"href":"https:\/\/thelyflabs.com\/fr\/wp-json\/wp\/v2\/comments?post=9737"}],"wp:featuredmedia":[{"embeddable":true,"href":"https:\/\/thelyflabs.com\/fr\/wp-json\/wp\/v2\/media\/9741"}],"wp:attachment":[{"href":"https:\/\/thelyflabs.com\/fr\/wp-json\/wp\/v2\/media?parent=9737"}],"wp:term":[{"taxonomy":"product_brand","embeddable":true,"href":"https:\/\/thelyflabs.com\/fr\/wp-json\/wp\/v2\/product_brand?post=9737"},{"taxonomy":"product_cat","embeddable":true,"href":"https:\/\/thelyflabs.com\/fr\/wp-json\/wp\/v2\/product_cat?post=9737"},{"taxonomy":"product_tag","embeddable":true,"href":"https:\/\/thelyflabs.com\/fr\/wp-json\/wp\/v2\/product_tag?post=9737"}],"curies":[{"name":"wp","href":"https:\/\/api.w.org\/{rel}","templated":true}]}}