{"id":3,"date":"2023-01-22T14:15:50","date_gmt":"2023-01-22T14:15:50","guid":{"rendered":"http:\/\/thelyflabs.com\/?page_id=3"},"modified":"2026-03-25T09:32:14","modified_gmt":"2026-03-25T08:32:14","slug":"privacy-policy","status":"publish","type":"page","link":"https:\/\/thelyflabs.com\/it\/privacy-policy","title":{"rendered":"politica sulla riservatezza"},"content":{"rendered":"<p style=\"text-align: justify;\"><strong>Condizioni legali sulla privacy<\/strong><\/p>\n<!-- \/wp:post-content -->\n<p style=\"text-align: justify;\"><!-- wp:paragraph -->Le Condizioni Legali sulla Privacy fanno parte delle Condizioni Legali Generali (di seguito, le &quot;Condizioni d&#039;Uso&quot;) che regolano, tra l&#039;altro, l&#039;accesso e l&#039;utilizzo del sito web contenuto nel dominio thelyflabs.com (di seguito, il &quot;Sito Web&quot;).<\/p>\n<!-- \/wp:paragraph -->\n<p style=\"text-align: justify;\"><!-- wp:paragraph -->L&#039;accesso e l&#039;utilizzo del Sito Web implicano l&#039;accettazione senza riserve, in qualit\u00e0 di UTENTE, delle Condizioni d&#039;uso.<\/p>\n<!-- \/wp:paragraph -->\n<p style=\"text-align: justify;\"><!-- wp:paragraph --><strong>1. IDENTIFICAZIONE DEL TITOLARE DEL TRATTAMENTO<\/strong><\/p>\n<!-- \/wp:paragraph -->\n<p style=\"text-align: justify;\"><!-- wp:paragraph -->Raz\u00f3n Social: Aura Works s.r.o.<\/p>\n<!-- \/wp:paragraph -->\n<p style=\"text-align: justify;\"><!-- wp:paragraph -->N\u00famero de Identificaci\u00f3n Fiscal (VAT): CZ23934352<\/p>\n<!-- \/wp:paragraph -->\n<p style=\"text-align: justify;\"><!-- wp:paragraph -->N\u00famero de Identificaci\u00f3n (I\u010cO): 239 34 352<\/p>\n<!-- \/wp:paragraph -->\n<p style=\"text-align: justify;\"><!-- wp:paragraph -->Domicilio Social: \u0160umavsk\u00e1 1094\/3, Vinohrady, 120 00 Praga 2, Rep\u00fablica Checa<\/p>\n<!-- \/wp:paragraph -->\n<p style=\"text-align: justify;\"><!-- wp:paragraph -->E-mail: contacto@thelyflabs.com<\/p>\n<!-- \/wp:paragraph -->\n<p style=\"text-align: justify;\"><!-- wp:paragraph --><strong>2. DATI PERSONALI CHE CONSERVIAMO ED ELABORIAMO<\/strong><\/p>\n<!-- \/wp:paragraph -->\n<p style=\"text-align: justify;\"><!-- wp:paragraph -->Le informazioni che raccogliamo includono l&#039;indirizzo IP (Internet Protocol) del dispositivo che stai utilizzando, il browser che stai utilizzando, il tuo sistema operativo, la data e l&#039;ora di accesso, l&#039;indirizzo Internet tramite il quale hai effettuato l&#039;accesso al nostro sito web e informazioni su come utilizzi il nostro sito web.<\/p>\n<!-- \/wp:paragraph -->\n<p style=\"text-align: justify;\"><!-- wp:paragraph -->Generalmente, i dati personali che l&#039;UTENTE e\/o l&#039;UTENTE-CLIENTE ci fornisce sono: nome e cognome, indirizzo, documento d&#039;identit\u00e0, data di nascita, e-mail, numero di telefono di contatto e informazioni di pagamento.<\/p>\n<!-- \/wp:paragraph -->\n<p style=\"text-align: justify;\"><!-- wp:paragraph -->Non raccogliamo alcuna informazione personale da minori.<\/p>\n<!-- \/wp:paragraph -->\n<p style=\"text-align: justify;\"><!-- wp:paragraph -->Se sei minorenne, ti preghiamo di non tentare di registrarti come UTENTE CLIENTE.<\/p>\n<!-- \/wp:paragraph -->\n<p style=\"text-align: justify;\"><!-- wp:paragraph -->Se scopriamo di aver ottenuto per errore informazioni personali da un minore, elimineremo tali informazioni il prima possibile.<\/p>\n<!-- \/wp:paragraph -->\n<p style=\"text-align: justify;\"><!-- wp:paragraph --><strong>3. ACCETTAZIONE E CONSENSO DELL&#039;INTERESSATO<\/strong><\/p>\n<!-- \/wp:paragraph -->\n<p style=\"text-align: justify;\"><!-- wp:paragraph -->Nei casi in cui per inoltrare una richiesta sia necessario compilare e inviare un modulo, la compilazione del modulo implica necessariamente che tu sia stato informato e che tu abbia espressamente prestato il tuo consenso alla clausola allegata al modulo o all&#039;accettazione dell&#039;Informativa sulla privacy.<\/p>\n<!-- \/wp:paragraph -->\n<p style=\"text-align: justify;\"><!-- wp:paragraph -->Tutti i nostri moduli presentano un simbolo * accanto ai campi obbligatori. Se non compili questi campi o non accetti l&#039;Informativa sulla privacy, le tue informazioni non verranno inviate.<\/p>\n<!-- \/wp:paragraph -->\n<p style=\"text-align: justify;\"><!-- wp:paragraph -->In particolare, l&#039;UTENTE: &quot;Ho pi\u00f9 di 18 anni e ho letto e accetto l&#039;Informativa sulla Privacy e sui Cookies.&quot;<\/p>\n<!-- \/wp:paragraph -->\n<p style=\"text-align: justify;\"><!-- wp:paragraph --><strong>4. LEGITTIMAZIONE DEL TRATTAMENTO DEI DATI PERSONALI<\/strong><\/p>\n<!-- \/wp:paragraph -->\n<p style=\"text-align: justify;\"><!-- wp:paragraph -->A. Consenso dell&#039;UTENTE e\/o dell&#039;UTENTE-CLIENTE.<\/p>\n<!-- \/wp:paragraph -->\n<p style=\"text-align: justify;\"><!-- wp:paragraph -->B. Esecuzione di un contratto.<\/p>\n<!-- \/wp:paragraph -->\n<p style=\"text-align: justify;\"><!-- wp:paragraph -->C. Cumplimiento de obligaciones legales, como puede ser la gesti\u00f3n del cobro de los recibos correspondientes al pago de los servicios prestados.<\/p>\n<!-- \/wp:paragraph -->\n<p style=\"text-align: justify;\"><!-- wp:paragraph --><strong>5. ADEMPIMENTO DI UN OBBLIGO LEGALE<\/strong><\/p>\n<!-- \/wp:paragraph -->\n<p style=\"text-align: justify;\"><!-- wp:paragraph -->La gesti\u00f3n del cobro de los recibos correspondientes al pago de los servicios prestados se realizar\u00e1 de conformidad con la normativa legal aplicable en cada momento.<\/p>\n<!-- \/wp:paragraph -->\n<p style=\"text-align: justify;\"><!-- wp:paragraph --><strong>6. CLIENTE-UTENTE, FINALIT\u00c0 DEL TRATTAMENTO DEI SUOI DATI<\/strong><\/p>\n<!-- \/wp:paragraph -->\n<p style=\"text-align: justify;\"><!-- wp:paragraph -->Presso The LYF Labs tratteremo i tuoi dati personali per le seguenti finalit\u00e0:<\/p>\n<!-- \/wp:paragraph -->\n<p style=\"text-align: justify;\"><!-- wp:paragraph -->A. Gestire il rapporto contrattuale e la fornitura dei servizi richiesti dall\u2019UTENTE-CLIENTE.<\/p>\n<!-- \/wp:paragraph -->\n<p style=\"text-align: justify;\"><!-- wp:paragraph -->B. Svolgere tutte le procedure amministrative, fiscali e contabili necessarie per rispettare i nostri impegni e obblighi di legge.<\/p>\n<!-- \/wp:paragraph -->\n<p style=\"text-align: justify;\"><!-- wp:paragraph -->C. Nel caso di addebito diretto, The LYF Labs gestir\u00e0 l&#039;incasso sul conto indicato a tale scopo e a tempo indeterminato, finch\u00e9 sussiste il rapporto tra le due parti, tramite le ricevute corrispondenti al pagamento dei servizi forniti da The LYF Labs.<\/p>\n<!-- \/wp:paragraph -->\n<p style=\"text-align: justify;\"><!-- wp:paragraph -->D. Informare l&#039;UTENTE-CLIENTE con qualsiasi mezzo, incluso l&#039;invio di comunicazioni commerciali all&#039;indirizzo e-mail che l&#039;UTENTE-CLIENTE fornisce, se applicabile, di prodotti e servizi The LYF Labs simili a quelli acquistati dall&#039;Utente.<\/p>\n<!-- \/wp:paragraph -->\n<p style=\"text-align: justify;\"><!-- wp:paragraph -->E. Svolgere attivit\u00e0 promozionali relative ad altri prodotti e servizi di The LYF Labs, incluso l&#039;invio di comunicazioni commerciali all&#039;indirizzo e-mail fornito dall&#039;UTENTE-CLIENTE, ove applicabile.<\/p>\n<!-- \/wp:paragraph -->\n<p style=\"text-align: justify;\"><!-- wp:paragraph --><strong>7. DIRITTI DELL&#039;UTENTE<\/strong><\/p>\n<!-- \/wp:paragraph -->\n<p style=\"text-align: justify;\"><!-- wp:paragraph -->A. Sapere se stiamo elaborando i tuoi dati oppure no.<\/p>\n<!-- \/wp:paragraph -->\n<p style=\"text-align: justify;\"><!-- wp:paragraph -->B. Accedere ai tuoi dati personali.<\/p>\n<!-- \/wp:paragraph -->\n<p style=\"text-align: justify;\"><!-- wp:paragraph -->C. Richiedere la rettifica dei tuoi dati se sono inesatti.<\/p>\n<!-- \/wp:paragraph -->\n<p style=\"text-align: justify;\"><!-- wp:paragraph -->D. Richiedere la cancellazione dei tuoi dati se non sono pi\u00f9 necessari per le finalit\u00e0 per le quali sono stati raccolti o se revochi il consenso prestato.<\/p>\n<!-- \/wp:paragraph -->\n<p style=\"text-align: justify;\"><!-- wp:paragraph -->E. Richiedere la limitazione del trattamento dei tuoi dati, in determinati casi, nel qual caso li conserveremo solo in conformit\u00e0 con la normativa vigente.<\/p>\n<!-- \/wp:paragraph -->\n<p style=\"text-align: justify;\"><!-- wp:paragraph -->F. A portar tus datos, que le ser\u00e1n facilitados en un formato estructurado, de uso com\u00fan o lectura mec\u00e1nica. Si lo prefieres, te los podemos enviar al nuevo responsable que nos designes. S\u00f3lo es v\u00e1lido en determinados supuestos.<\/p>\n<!-- \/wp:paragraph -->\n<p style=\"text-align: justify;\"><!-- wp:paragraph -->G. A presentar una reclamaci\u00f3n ante la Agencia Espa\u00f1ola de Protecci\u00f3n de Datos o autoridad de control competente, si consideras que no te hemos atendido correctamente.<\/p>\n<!-- \/wp:paragraph -->\n<p style=\"text-align: justify;\"><!-- wp:paragraph -->H. Di revocare in qualsiasi momento il consenso per qualsiasi trattamento per il quale ci hai fornito il consenso.<\/p>\n<!-- \/wp:paragraph -->\n<p style=\"text-align: justify;\"><!-- wp:paragraph -->Se modifichi le tue informazioni, faccelo sapere cos\u00ec possiamo tenerle aggiornate.<\/p>\n<!-- \/wp:paragraph -->\n<p style=\"text-align: justify;\"><!-- wp:paragraph --><strong>8. MODULO PER L&#039;ESERCITAZIONE DEI DIRITTI DELL&#039;UTENTE<\/strong><\/p>\n<!-- \/wp:paragraph -->\n<p style=\"text-align: justify;\">LYF Labs mette a disposizione moduli per l&#039;esercizio dei tuoi diritti che puoi richiedere via e-mail oppure, se preferisci, puoi utilizzare quelli predisposti dall&#039;Agenzia spagnola per la protezione dei dati o da terze parti.<\/p>\n<p style=\"text-align: justify;\"><!-- wp:paragraph -->Questi moduli devono essere firmati elettronicamente o accompagnati da una fotocopia del documento d&#039;identit\u00e0. Se siete rappresentati da qualcuno, dovete allegare una copia del suo documento d&#039;identit\u00e0 o fargli firmare il modulo elettronicamente. I moduli possono essere presentati di persona, inviati per posta ordinaria o via e-mail all&#039;indirizzo indicato nella Clausola 1.<\/p>\n<!-- \/wp:paragraph -->\n<p style=\"text-align: justify;\"><!-- wp:paragraph --><strong>9. DURATA DELLA CONSERVAZIONE DEI DATI PERSONALI<\/strong><\/p>\n<!-- \/wp:paragraph -->\n<p style=\"text-align: justify;\"><!-- wp:paragraph -->I dati dell&#039;UTENTE trattati per l&#039;invio di pubblicit\u00e0 e promozioni di The LYF Labs saranno conservati fino alla revoca del consenso prestato. I dati dell&#039;UTENTE-CLIENTE saranno conservati per la durata della fornitura del servizio o per la durata di un eventuale obbligo legale di conservazione.<\/p>\n<!-- \/wp:paragraph -->\n<p style=\"text-align: justify;\"><!-- wp:paragraph --><strong>10. DESTINATARI DEI DATI PERSONALI<\/strong><\/p>\n<!-- \/wp:paragraph -->\n<p style=\"text-align: justify;\"><!-- wp:paragraph -->I dati personali raccolti saranno trattati esclusivamente per la corretta esecuzione del servizio.<\/p>\n<!-- \/wp:paragraph -->\n<p style=\"text-align: justify;\"><!-- wp:paragraph -->Nell&#039;ambito delle funzioni di ispezione, valutazione, accreditamento e pianificazione, il personale tecnico debitamente accreditato avr\u00e0 accesso ai tuoi dati nello svolgimento delle proprie mansioni per verificare la qualit\u00e0 del servizio, rispettare i tuoi diritti o qualsiasi altro obbligo dell&#039;azienda nei confronti degli utenti o della stessa Pubblica Amministrazione.<\/p>\n<!-- \/wp:paragraph -->\n<p style=\"text-align: justify;\"><!-- wp:paragraph -->I tuoi dati non saranno condivisi con terze parti, salvo ove richiesto dalla legge.<\/p>\n<!-- \/wp:paragraph -->\n<p style=\"text-align: justify;\"><!-- wp:paragraph -->En concreto se comunicar\u00e1n a la Agencia Estatal de la Administraci\u00f3n Tributaria y a bancos y entidades financieras para el cobro del servicio prestado o producto adquirido, as\u00ed como a los encargados del tratamiento necesarios para la ejecuci\u00f3n del acuerdo.<\/p>\n<!-- \/wp:paragraph -->\n<p style=\"text-align: justify;\"><!-- wp:paragraph -->In caso di acquisto o pagamento, se scegli un&#039;app, un sito web, una piattaforma, una carta bancaria o un altro servizio online, i tuoi dati verranno trasferiti a quella piattaforma o elaborati all&#039;interno del suo ambiente, sempre con la massima sicurezza.<\/p>\n<!-- \/wp:paragraph -->\n<p style=\"text-align: justify;\"><!-- wp:paragraph --><strong>11.BLOG<\/strong><\/p>\n<!-- \/wp:paragraph -->\n<p style=\"text-align: justify;\"><!-- wp:paragraph -->Sul Sito Web, l&#039;UTENTE pu\u00f2 iscriversi al blog di The LYF Labs a condizione che ci fornisca un indirizzo email. Conserveremo solo il tuo indirizzo email nel nostro database e continueremo a inviarti email periodiche finch\u00e9 non annullerai l&#039;iscrizione o finch\u00e9 non interromperemo l&#039;invio di email.<\/p>\n<!-- \/wp:paragraph -->\n<p style=\"text-align: justify;\"><!-- wp:paragraph --><strong>12. SOCIAL NETWORK<\/strong><\/p>\n<!-- \/wp:paragraph -->\n<p style=\"text-align: justify;\"><!-- wp:paragraph -->Eventuali correzioni ai tuoi dati, alle tue informazioni o ai tuoi post dovranno essere effettuate tramite le impostazioni del tuo profilo o del tuo account sul social network stesso.<\/p>\n<!-- \/wp:paragraph -->\n<p style=\"text-align: justify;\"><!-- wp:paragraph -->Accettazione di un rapporto contrattuale nell&#039;ambito del relativo ambiente di social network e in conformit\u00e0 con le relative politiche sulla privacy:<\/p>\n<!-- \/wp:paragraph -->\n<p style=\"text-align: justify;\"><!-- wp:paragraph -->Facebook<\/p>\n<p style=\"text-align: justify;\"><span style=\"text-align: justify;\">https:\/\/www.facebook.com\/policy.php?ref=pf<\/span><\/p>\n<!-- \/wp:paragraph -->\n<p style=\"text-align: justify;\"><!-- wp:paragraph -->Instagram<\/p>\n<p style=\"text-align: justify;\"><span style=\"text-align: justify;\">https:\/\/help.instagram.com\/155833707900388<\/span><\/p>\n<!-- \/wp:paragraph -->\n<p style=\"text-align: justify;\"><!-- wp:paragraph -->Linkedin<\/p>\n<p style=\"text-align: justify;\"><span style=\"text-align: justify;\">https:\/\/www.linkedin.com\/legal\/privacy-policy?trk=hb_ft_priv<\/span><\/p>\n<!-- \/wp:paragraph -->\n<p style=\"text-align: justify;\"><!-- wp:paragraph -->Google*<\/p>\n<p style=\"text-align: justify;\"><span style=\"text-align: justify;\">https:\/\/www.google.com\/intl\/es\/policies\/privacy\/<\/span><\/p>\n<!-- \/wp:paragraph -->\n<p style=\"text-align: justify;\"><!-- wp:paragraph -->*(Google+ e Youtube)<\/p>\n<!-- \/wp:paragraph -->\n<p style=\"text-align: justify;\"><!-- wp:paragraph --><strong>13. MISURE DI SICUREZZA<\/strong><\/p>\n<!-- \/wp:paragraph -->\n<p style=\"text-align: justify;\">THE LYF LABS ti informa di aver implementato le misure di sicurezza tecniche e organizzative necessarie per garantire la sicurezza dei tuoi dati personali ed evitarne l&#039;alterazione, la perdita, il trattamento e\/o l&#039;accesso non autorizzato, tenendo conto dello stato della tecnologia, della natura dei dati memorizzati e dei rischi a cui sono esposti, siano essi derivanti dall&#039;azione umana o dall&#039;ambiente fisico o naturale, il tutto in conformit\u00e0 con quanto previsto dalla normativa vigente.<\/p>","protected":false},"excerpt":{"rendered":"<p>Condiciones Legales de Privacidad Las Condiciones Legales de Privacidad forman parte de las Condiciones Legales Generales (en adelante, las \u00abCondiciones de Uso\u00bb) que rigen, entre otros, el acceso y uso al sitio web contenido en el dominio thelyflabs.com (en adelante, la \u00abWeb\u00bb). El acceso y uso a la Web supone la aceptaci\u00f3n, sin reservas de [&hellip;]<\/p>\n","protected":false},"author":1,"featured_media":0,"parent":0,"menu_order":0,"comment_status":"closed","ping_status":"open","template":"","meta":{"_acf_changed":false,"site-sidebar-layout":"default","site-content-layout":"","ast-site-content-layout":"default","site-content-style":"default","site-sidebar-style":"default","ast-global-header-display":"","ast-banner-title-visibility":"","ast-main-header-display":"","ast-hfb-above-header-display":"","ast-hfb-below-header-display":"","ast-hfb-mobile-header-display":"","site-post-title":"","ast-breadcrumbs-content":"","ast-featured-img":"","footer-sml-layout":"","theme-transparent-header-meta":"","adv-header-id-meta":"","stick-header-meta":"","header-above-stick-meta":"","header-main-stick-meta":"","header-below-stick-meta":"","astra-migrate-meta-layouts":"set","ast-page-background-enabled":"default","ast-page-background-meta":{"desktop":{"background-color":"var(--ast-global-color-4)","background-image":"","background-repeat":"repeat","background-position":"center center","background-size":"auto","background-attachment":"scroll","background-type":"","background-media":"","overlay-type":"","overlay-color":"","overlay-opacity":"","overlay-gradient":""},"tablet":{"background-color":"","background-image":"","background-repeat":"repeat","background-position":"center center","background-size":"auto","background-attachment":"scroll","background-type":"","background-media":"","overlay-type":"","overlay-color":"","overlay-opacity":"","overlay-gradient":""},"mobile":{"background-color":"","background-image":"","background-repeat":"repeat","background-position":"center center","background-size":"auto","background-attachment":"scroll","background-type":"","background-media":"","overlay-type":"","overlay-color":"","overlay-opacity":"","overlay-gradient":""}},"ast-content-background-meta":{"desktop":{"background-color":"var(--ast-global-color-5)","background-image":"","background-repeat":"repeat","background-position":"center center","background-size":"auto","background-attachment":"scroll","background-type":"","background-media":"","overlay-type":"","overlay-color":"","overlay-opacity":"","overlay-gradient":""},"tablet":{"background-color":"var(--ast-global-color-5)","background-image":"","background-repeat":"repeat","background-position":"center center","background-size":"auto","background-attachment":"scroll","background-type":"","background-media":"","overlay-type":"","overlay-color":"","overlay-opacity":"","overlay-gradient":""},"mobile":{"background-color":"var(--ast-global-color-5)","background-image":"","background-repeat":"repeat","background-position":"center center","background-size":"auto","background-attachment":"scroll","background-type":"","background-media":"","overlay-type":"","overlay-color":"","overlay-opacity":"","overlay-gradient":""}},"footnotes":""},"class_list":["post-3","page","type-page","status-publish","hentry"],"acf":[],"yoast_head":"<!-- This site is optimized with the Yoast SEO plugin v27.4 - https:\/\/yoast.com\/product\/yoast-seo-wordpress\/ -->\n<title>Pol\u00edtica de privacidad - THE LYF LABS<\/title>\n<meta name=\"robots\" content=\"index, follow, max-snippet:-1, max-image-preview:large, max-video-preview:-1\" \/>\n<link rel=\"canonical\" href=\"https:\/\/thelyflabs.com\/it\/privacy-policy\/\" \/>\n<meta property=\"og:locale\" content=\"it_IT\" \/>\n<meta property=\"og:type\" content=\"article\" \/>\n<meta property=\"og:title\" content=\"Pol\u00edtica de privacidad - THE LYF LABS\" \/>\n<meta property=\"og:description\" content=\"Condiciones Legales de Privacidad Las Condiciones Legales de Privacidad forman parte de las Condiciones Legales Generales (en adelante, las \u00abCondiciones de Uso\u00bb) que rigen, entre otros, el acceso y uso al sitio web contenido en el dominio thelyflabs.com (en adelante, la \u00abWeb\u00bb). El acceso y uso a la Web supone la aceptaci\u00f3n, sin reservas de [&hellip;]\" \/>\n<meta property=\"og:url\" content=\"https:\/\/thelyflabs.com\/it\/privacy-policy\/\" \/>\n<meta property=\"og:site_name\" content=\"THE LYF LABS\" \/>\n<meta property=\"article:modified_time\" content=\"2026-03-25T08:32:14+00:00\" \/>\n<meta name=\"twitter:card\" content=\"summary_large_image\" \/>\n<meta name=\"twitter:label1\" content=\"Tempo di lettura stimato\" \/>\n\t<meta name=\"twitter:data1\" content=\"6 minuti\" \/>\n<script type=\"application\/ld+json\" class=\"yoast-schema-graph\">{\"@context\":\"https:\\\/\\\/schema.org\",\"@graph\":[{\"@type\":\"WebPage\",\"@id\":\"https:\\\/\\\/thelyflabs.com\\\/privacy-policy\",\"url\":\"https:\\\/\\\/thelyflabs.com\\\/privacy-policy\",\"name\":\"Pol\u00edtica de privacidad - THE LYF LABS\",\"isPartOf\":{\"@id\":\"https:\\\/\\\/thelyflabs.com\\\/#website\"},\"datePublished\":\"2023-01-22T14:15:50+00:00\",\"dateModified\":\"2026-03-25T08:32:14+00:00\",\"breadcrumb\":{\"@id\":\"https:\\\/\\\/thelyflabs.com\\\/privacy-policy#breadcrumb\"},\"inLanguage\":\"it-IT\",\"potentialAction\":[{\"@type\":\"ReadAction\",\"target\":[\"https:\\\/\\\/thelyflabs.com\\\/privacy-policy\"]}]},{\"@type\":\"BreadcrumbList\",\"@id\":\"https:\\\/\\\/thelyflabs.com\\\/privacy-policy#breadcrumb\",\"itemListElement\":[{\"@type\":\"ListItem\",\"position\":1,\"name\":\"Portada\",\"item\":\"https:\\\/\\\/thelyflabs.com\\\/\"},{\"@type\":\"ListItem\",\"position\":2,\"name\":\"Pol\u00edtica de privacidad\"}]},{\"@type\":\"WebSite\",\"@id\":\"https:\\\/\\\/thelyflabs.com\\\/#website\",\"url\":\"https:\\\/\\\/thelyflabs.com\\\/\",\"name\":\"The LYF Labs\",\"description\":\"CBD al por mayor\",\"publisher\":{\"@id\":\"https:\\\/\\\/thelyflabs.com\\\/#organization\"},\"potentialAction\":[{\"@type\":\"SearchAction\",\"target\":{\"@type\":\"EntryPoint\",\"urlTemplate\":\"https:\\\/\\\/thelyflabs.com\\\/?s={search_term_string}\"},\"query-input\":{\"@type\":\"PropertyValueSpecification\",\"valueRequired\":true,\"valueName\":\"search_term_string\"}}],\"inLanguage\":\"it-IT\"},{\"@type\":\"Organization\",\"@id\":\"https:\\\/\\\/thelyflabs.com\\\/#organization\",\"name\":\"The LYF Labs\",\"url\":\"https:\\\/\\\/thelyflabs.com\\\/\",\"logo\":{\"@type\":\"ImageObject\",\"inLanguage\":\"it-IT\",\"@id\":\"https:\\\/\\\/thelyflabs.com\\\/#\\\/schema\\\/logo\\\/image\\\/\",\"url\":\"https:\\\/\\\/thelyflabs.com\\\/wp-content\\\/uploads\\\/2023\\\/01\\\/cropped-LogoTheLYFLabs.png\",\"contentUrl\":\"https:\\\/\\\/thelyflabs.com\\\/wp-content\\\/uploads\\\/2023\\\/01\\\/cropped-LogoTheLYFLabs.png\",\"width\":600,\"height\":180,\"caption\":\"The LYF Labs\"},\"image\":{\"@id\":\"https:\\\/\\\/thelyflabs.com\\\/#\\\/schema\\\/logo\\\/image\\\/\"}}]}<\/script>\n<!-- \/ Yoast SEO plugin. -->","yoast_head_json":{"title":"Pol\u00edtica de privacidad - THE LYF LABS","robots":{"index":"index","follow":"follow","max-snippet":"max-snippet:-1","max-image-preview":"max-image-preview:large","max-video-preview":"max-video-preview:-1"},"canonical":"https:\/\/thelyflabs.com\/it\/privacy-policy\/","og_locale":"it_IT","og_type":"article","og_title":"Pol\u00edtica de privacidad - THE LYF LABS","og_description":"Condiciones Legales de Privacidad Las Condiciones Legales de Privacidad forman parte de las Condiciones Legales Generales (en adelante, las \u00abCondiciones de Uso\u00bb) que rigen, entre otros, el acceso y uso al sitio web contenido en el dominio thelyflabs.com (en adelante, la \u00abWeb\u00bb). El acceso y uso a la Web supone la aceptaci\u00f3n, sin reservas de [&hellip;]","og_url":"https:\/\/thelyflabs.com\/it\/privacy-policy\/","og_site_name":"THE LYF LABS","article_modified_time":"2026-03-25T08:32:14+00:00","twitter_card":"summary_large_image","twitter_misc":{"Tempo di lettura stimato":"6 minuti"},"schema":{"@context":"https:\/\/schema.org","@graph":[{"@type":"WebPage","@id":"https:\/\/thelyflabs.com\/privacy-policy","url":"https:\/\/thelyflabs.com\/privacy-policy","name":"Pol\u00edtica de privacidad - THE LYF LABS","isPartOf":{"@id":"https:\/\/thelyflabs.com\/#website"},"datePublished":"2023-01-22T14:15:50+00:00","dateModified":"2026-03-25T08:32:14+00:00","breadcrumb":{"@id":"https:\/\/thelyflabs.com\/privacy-policy#breadcrumb"},"inLanguage":"it-IT","potentialAction":[{"@type":"ReadAction","target":["https:\/\/thelyflabs.com\/privacy-policy"]}]},{"@type":"BreadcrumbList","@id":"https:\/\/thelyflabs.com\/privacy-policy#breadcrumb","itemListElement":[{"@type":"ListItem","position":1,"name":"Portada","item":"https:\/\/thelyflabs.com\/"},{"@type":"ListItem","position":2,"name":"Pol\u00edtica de privacidad"}]},{"@type":"WebSite","@id":"https:\/\/thelyflabs.com\/#website","url":"https:\/\/thelyflabs.com\/","name":"I laboratori LYF","description":"CBD all&#039;ingrosso","publisher":{"@id":"https:\/\/thelyflabs.com\/#organization"},"potentialAction":[{"@type":"SearchAction","target":{"@type":"EntryPoint","urlTemplate":"https:\/\/thelyflabs.com\/?s={search_term_string}"},"query-input":{"@type":"PropertyValueSpecification","valueRequired":true,"valueName":"search_term_string"}}],"inLanguage":"it-IT"},{"@type":"Organization","@id":"https:\/\/thelyflabs.com\/#organization","name":"I laboratori LYF","url":"https:\/\/thelyflabs.com\/","logo":{"@type":"ImageObject","inLanguage":"it-IT","@id":"https:\/\/thelyflabs.com\/#\/schema\/logo\/image\/","url":"https:\/\/thelyflabs.com\/wp-content\/uploads\/2023\/01\/cropped-LogoTheLYFLabs.png","contentUrl":"https:\/\/thelyflabs.com\/wp-content\/uploads\/2023\/01\/cropped-LogoTheLYFLabs.png","width":600,"height":180,"caption":"The LYF Labs"},"image":{"@id":"https:\/\/thelyflabs.com\/#\/schema\/logo\/image\/"}}]}},"_links":{"self":[{"href":"https:\/\/thelyflabs.com\/it\/wp-json\/wp\/v2\/pages\/3","targetHints":{"allow":["GET"]}}],"collection":[{"href":"https:\/\/thelyflabs.com\/it\/wp-json\/wp\/v2\/pages"}],"about":[{"href":"https:\/\/thelyflabs.com\/it\/wp-json\/wp\/v2\/types\/page"}],"author":[{"embeddable":true,"href":"https:\/\/thelyflabs.com\/it\/wp-json\/wp\/v2\/users\/1"}],"replies":[{"embeddable":true,"href":"https:\/\/thelyflabs.com\/it\/wp-json\/wp\/v2\/comments?post=3"}],"version-history":[{"count":5,"href":"https:\/\/thelyflabs.com\/it\/wp-json\/wp\/v2\/pages\/3\/revisions"}],"predecessor-version":[{"id":17637,"href":"https:\/\/thelyflabs.com\/it\/wp-json\/wp\/v2\/pages\/3\/revisions\/17637"}],"wp:attachment":[{"href":"https:\/\/thelyflabs.com\/it\/wp-json\/wp\/v2\/media?parent=3"}],"curies":[{"name":"parola chiave","href":"https:\/\/api.w.org\/{rel}","templated":true}]}}