{"id":915,"date":"2023-02-10T19:56:07","date_gmt":"2023-02-10T19:56:07","guid":{"rendered":"https:\/\/thelyflabs.com\/?page_id=915"},"modified":"2023-05-15T12:37:48","modified_gmt":"2023-05-15T12:37:48","slug":"politica-de-envio-y-devoluciones","status":"publish","type":"page","link":"https:\/\/thelyflabs.com\/it\/politica-de-envio-y-devoluciones","title":{"rendered":"Politica di spedizione e reso"},"content":{"rendered":"<p><strong>Condizioni legali per la spedizione e i resi<\/strong><\/p>\n\n\n\n<p>Le Condizioni Legali di Spedizione e di Annullamento fanno parte delle Condizioni Legali di Contratto (di seguito, le &quot;Condizioni di Vendita&quot;) che regolano le transazioni di vendita effettuate nel negozio online situato sul dominio thelyflabs.com (di seguito, il &quot;Negozio Online&quot;).<\/p>\n\n\n\n<p>L&#039;acquisto di uno qualsiasi dei prodotti offerti nel Negozio Online implica l&#039;accettazione senza riserve, in qualit\u00e0 di UTENTE-CLIENTE, delle Condizioni d&#039;Uso e di Vendita.<\/p>\n\n\n\n<ol class=\"wp-block-list\">\n<li><strong>METODI DI SPEDIZIONE<\/strong><\/li>\n<\/ol>\n\n\n\n<p>CONSEGNA A DOMICILIO: Una volta confermato il pagamento, l&#039;ordine verr\u00e0 spedito all&#039;indirizzo postale fornito dall&#039;UTENTE-CLIENTE. Ti invieremo notifiche via email per informarti sullo stato del tuo ordine entro 24 ore.<\/p>\n\n\n\n<p>SPEDIZIONE PACCHI<\/p>\n\n\n\n<p>Gli ordini ricevuti prima delle 16:00 verranno spediti il giorno stesso. Dopo le 16:00, i pacchi verranno spediti entro 24 ore lavorative dalla ricezione del pagamento tramite corriere privato. Il numero di tracciamento verr\u00e0 inviato automaticamente all&#039;indirizzo email utilizzato per effettuare l&#039;ordine.<\/p>\n\n\n\n<p>Il pacco arriver\u00e0 entro 24\/48 ore dalla spedizione.<\/p>\n\n\n\n<p>Di norma, per tutti gli ordini effettuati nella penisola, il pacco verr\u00e0 consegnato prima delle ore 19:00.<\/p>\n\n\n\n<p>La spedizione costa 6\u20ac ed \u00e8 gratuita per acquisti superiori a 100\u20ac nel carrello (senza buono sconto).<\/p>\n\n\n\n<p>ISOLE CANARIE (48-72 ore)<\/p>\n\n\n\n<p>Gli ordini per le Isole Canarie verranno spediti entro 24 ore dalla ricezione tramite corriere privato. \u00c8 richiesto un documento d&#039;identit\u00e0 e allegheremo una fattura al pacco.<\/p>\n\n\n\n<p>Al momento non effettuiamo spedizioni alle Isole Canarie dal nostro sito web. Si prega di contattarci via email. <\/p>\n\n\n\n<p>CEUTA\/MELILLA- (48-72 ore)<\/p>\n\n\n\n<p>Al momento non effettuiamo spedizioni a Ceuta\/Melilla dal nostro sito web. Si prega di contattare l&#039;ufficio via email. <\/p>\n\n\n\n<ol class=\"wp-block-list\" start=\"2\">\n<li><strong>COSTI DI SPEDIZIONE E TEMPI DI CONSEGNA<\/strong><\/li>\n<\/ol>\n\n\n\n<p>I costi della CONSEGNA A DOMICILIO variano a seconda della localit\u00e0 e del peso, e gli importi e i tempi di consegna sono specificati nell&#039;offerta di vendita di ciascun prodotto. Per le spedizioni nella Penisola Iberica, i tempi di consegna sono di 24-48 ore. Per le spedizioni negli altri paesi europei, i tempi di consegna sono di 5-7 giorni.<\/p>\n\n\n\n<p>Le spedizioni saranno effettuate solo ed esclusivamente tramite Poste o societ\u00e0 di trasporti private e le spese di spedizione saranno totalmente a carico dell&#039;UTENTE-CLIENTE, salvo il superamento dell&#039;importo stabilito per la spedizione gratuita o l&#039;esistenza di un&#039;offerta promozionale pi\u00f9 favorevole per l&#039;UTENTE-CLIENTE.<\/p>\n\n\n\n<ol class=\"wp-block-list\" start=\"3\">\n<li><strong>ANNULLAMENTI<\/strong><\/li>\n<\/ol>\n\n\n\n<p>LYF Labs pu\u00f2 accettare l&#039;annullamento di qualsiasi ordine, a condizione che non sia stato spedito e in base allo stato di preparazione. Per farlo, \u00e8 necessario comunicarlo al seguente indirizzo email: contacto@thelyflabs.com<\/p>\n\n\n\n<p>LYF Labs pu\u00f2 annullare l&#039;ordine se ha motivo di ritenere che il metodo di pagamento o lo scopo dell&#039;acquisto siano non validi o illegali.<\/p>\n\n\n\n<p>In questo caso, The LYF Labs contatter\u00e0 l&#039;UTENTE-CLIENTE e proporr\u00e0 una soluzione alternativa per risolvere l&#039;irregolarit\u00e0 rilevata.<\/p>\n\n\n\n<p><strong>Condizioni legali per resi e rimborsi<\/strong><\/p>\n\n\n\n<p>Le Condizioni Legali di Reso e Rimborso fanno parte delle Condizioni Legali di Contratto (di seguito, le &quot;Condizioni di Vendita&quot;) che regolano le transazioni di vendita effettuate nel negozio online situato su thelyflabs.com (di seguito, il &quot;Negozio Online&quot;).<\/p>\n\n\n\n<p>L&#039;acquisto di uno qualsiasi dei prodotti offerti nel Negozio Online implica l&#039;accettazione senza riserve, in qualit\u00e0 di UTENTE-CLIENTE, delle Condizioni d&#039;Uso e di Vendita.<\/p>\n\n\n\n<ol class=\"wp-block-list\">\n<li><strong>RITORNO<\/strong><\/li>\n<\/ol>\n\n\n\n<p>In conformit\u00e0 con la normativa vigente, l&#039;UTENTE-CLIENTE avr\u00e0 il diritto di restituire qualsiasi prodotto entro quattordici (14) giorni dalla data di ricezione del prodotto.<\/p>\n\n\n\n<p>Il prodotto deve essere inutilizzato e in perfette condizioni, compresi accessori, documentazione e confezione originale; in caso contrario, l&#039;articolo verr\u00e0 deprezzato.<\/p>\n\n\n\n<p>L\u2019UTENTE-CLIENTE sar\u00e0 responsabile solo della diminuzione del valore dei prodotti risultante da una manipolazione diversa da quella necessaria per stabilire la natura, le caratteristiche e il funzionamento dei beni acquistati.<\/p>\n\n\n\n<p>In nessun caso verranno emessi rimborsi per prodotti floreali aperti.<\/p>\n\n\n\n<p>L&#039;UTENTE-CLIENTE deve comunicare a The LYF Labs la propria intenzione di restituire il prodotto acquistato. Per farlo, vi preghiamo di contattarci via email all&#039;indirizzo contacto@thelyflabs.com o utilizzando il pulsante chat in basso a destra dello schermo.<\/p>\n\n\n\n<ol class=\"wp-block-list\" start=\"2\">\n<li><strong>RIMBORSO<\/strong><\/li>\n<\/ol>\n\n\n\n<p>Il rimborso dell\u2019importo avverr\u00e0 nei termini stabiliti dal RDL 1\/2007 e tramite lo stesso mezzo di pagamento utilizzato dall\u2019UTENTE-CLIENTE per effettuare l\u2019acquisto.<\/p>\n\n\n\n<p>Per qualsiasi reso, la merce verr\u00e0 ispezionata presso le strutture di The LYF Labs. Una volta verificate le corrette condizioni, il rimborso verr\u00e0 elaborato al netto delle spese di spedizione, secondo il metodo di pagamento scelto dall&#039;UTENTE-CLIENTE, entro un termine massimo di 14 giorni di calendario dal ricevimento della merce restituita.<\/p>\n\n\n\n<p>LYF Labs sosterr\u00e0 il costo diretto del reso in caso di errore di spedizione o difetto di fabbricazione. LYF Labs si far\u00e0 carico della spedizione e, dopo aver verificato la fondatezza dell&#039;errore o del difetto di fabbricazione del prodotto, pagher\u00e0 all&#039;UTENTE-CLIENTE l&#039;importo equivalente alle spese di spedizione a fronte della restituzione del prodotto.<\/p>\n\n\n\n<p>In assenza di difetti di fabbricazione o errori di spedizione, l&#039;UTENTE-CLIENTE si far\u00e0 carico delle spese di spedizione per cambiare o restituire il suo ordine entro il suddetto periodo di garanzia legale per la restituzione dei prodotti, in conformit\u00e0 con la normativa vigente.<\/p>","protected":false},"excerpt":{"rendered":"<p>Condiciones Legales de Env\u00edos y Devoluciones Las Condiciones Legales de Env\u00edo y Anulaci\u00f3n forman parte de las Condiciones Legales de Contrataci\u00f3n (en adelante, las \u00abCondiciones de Venta\u00bb) que rigen las operaciones de venta realizadas en la tienda en l\u00ednea contenida en el dominio thelyflabs.com (en adelante, la \u00abTienda Online\u00bb). La compra de cualquiera de los [&hellip;]<\/p>\n","protected":false},"author":1,"featured_media":0,"parent":0,"menu_order":0,"comment_status":"closed","ping_status":"closed","template":"","meta":{"_acf_changed":false,"site-sidebar-layout":"default","site-content-layout":"","ast-site-content-layout":"default","site-content-style":"default","site-sidebar-style":"default","ast-global-header-display":"","ast-banner-title-visibility":"","ast-main-header-display":"","ast-hfb-above-header-display":"","ast-hfb-below-header-display":"","ast-hfb-mobile-header-display":"","site-post-title":"","ast-breadcrumbs-content":"","ast-featured-img":"","footer-sml-layout":"","theme-transparent-header-meta":"","adv-header-id-meta":"","stick-header-meta":"","header-above-stick-meta":"","header-main-stick-meta":"","header-below-stick-meta":"","astra-migrate-meta-layouts":"default","ast-page-background-enabled":"default","ast-page-background-meta":{"desktop":{"background-color":"var(--ast-global-color-4)","background-image":"","background-repeat":"repeat","background-position":"center center","background-size":"auto","background-attachment":"scroll","background-type":"","background-media":"","overlay-type":"","overlay-color":"","overlay-opacity":"","overlay-gradient":""},"tablet":{"background-color":"","background-image":"","background-repeat":"repeat","background-position":"center center","background-size":"auto","background-attachment":"scroll","background-type":"","background-media":"","overlay-type":"","overlay-color":"","overlay-opacity":"","overlay-gradient":""},"mobile":{"background-color":"","background-image":"","background-repeat":"repeat","background-position":"center center","background-size":"auto","background-attachment":"scroll","background-type":"","background-media":"","overlay-type":"","overlay-color":"","overlay-opacity":"","overlay-gradient":""}},"ast-content-background-meta":{"desktop":{"background-color":"var(--ast-global-color-5)","background-image":"","background-repeat":"repeat","background-position":"center center","background-size":"auto","background-attachment":"scroll","background-type":"","background-media":"","overlay-type":"","overlay-color":"","overlay-opacity":"","overlay-gradient":""},"tablet":{"background-color":"var(--ast-global-color-5)","background-image":"","background-repeat":"repeat","background-position":"center center","background-size":"auto","background-attachment":"scroll","background-type":"","background-media":"","overlay-type":"","overlay-color":"","overlay-opacity":"","overlay-gradient":""},"mobile":{"background-color":"var(--ast-global-color-5)","background-image":"","background-repeat":"repeat","background-position":"center center","background-size":"auto","background-attachment":"scroll","background-type":"","background-media":"","overlay-type":"","overlay-color":"","overlay-opacity":"","overlay-gradient":""}},"footnotes":""},"class_list":["post-915","page","type-page","status-publish","hentry"],"acf":[],"yoast_head":"<!-- This site is optimized with the Yoast SEO plugin v27.4 - https:\/\/yoast.com\/product\/yoast-seo-wordpress\/ -->\n<title>Pol\u00edtica de envi\u00f3 y devoluciones - THE LYF LABS<\/title>\n<meta name=\"robots\" content=\"index, follow, max-snippet:-1, max-image-preview:large, max-video-preview:-1\" \/>\n<link rel=\"canonical\" href=\"https:\/\/thelyflabs.com\/it\/politica-de-envio-y-devoluciones\/\" \/>\n<meta property=\"og:locale\" content=\"it_IT\" \/>\n<meta property=\"og:type\" content=\"article\" \/>\n<meta property=\"og:title\" content=\"Pol\u00edtica de envi\u00f3 y devoluciones - THE LYF LABS\" \/>\n<meta property=\"og:description\" content=\"Condiciones Legales de Env\u00edos y Devoluciones Las Condiciones Legales de Env\u00edo y Anulaci\u00f3n forman parte de las Condiciones Legales de Contrataci\u00f3n (en adelante, las \u00abCondiciones de Venta\u00bb) que rigen las operaciones de venta realizadas en la tienda en l\u00ednea contenida en el dominio thelyflabs.com (en adelante, la \u00abTienda Online\u00bb). La compra de cualquiera de los [&hellip;]\" \/>\n<meta property=\"og:url\" content=\"https:\/\/thelyflabs.com\/it\/politica-de-envio-y-devoluciones\/\" \/>\n<meta property=\"og:site_name\" content=\"THE LYF LABS\" \/>\n<meta property=\"article:modified_time\" content=\"2023-05-15T12:37:48+00:00\" \/>\n<meta name=\"twitter:card\" content=\"summary_large_image\" \/>\n<meta name=\"twitter:label1\" content=\"Tempo di lettura stimato\" \/>\n\t<meta name=\"twitter:data1\" content=\"5 minuti\" \/>\n<script type=\"application\/ld+json\" class=\"yoast-schema-graph\">{\"@context\":\"https:\\\/\\\/schema.org\",\"@graph\":[{\"@type\":\"WebPage\",\"@id\":\"https:\\\/\\\/thelyflabs.com\\\/politica-de-envio-y-devoluciones\",\"url\":\"https:\\\/\\\/thelyflabs.com\\\/politica-de-envio-y-devoluciones\",\"name\":\"Pol\u00edtica de envi\u00f3 y devoluciones - THE LYF LABS\",\"isPartOf\":{\"@id\":\"https:\\\/\\\/thelyflabs.com\\\/#website\"},\"datePublished\":\"2023-02-10T19:56:07+00:00\",\"dateModified\":\"2023-05-15T12:37:48+00:00\",\"breadcrumb\":{\"@id\":\"https:\\\/\\\/thelyflabs.com\\\/politica-de-envio-y-devoluciones#breadcrumb\"},\"inLanguage\":\"it-IT\",\"potentialAction\":[{\"@type\":\"ReadAction\",\"target\":[\"https:\\\/\\\/thelyflabs.com\\\/politica-de-envio-y-devoluciones\"]}]},{\"@type\":\"BreadcrumbList\",\"@id\":\"https:\\\/\\\/thelyflabs.com\\\/politica-de-envio-y-devoluciones#breadcrumb\",\"itemListElement\":[{\"@type\":\"ListItem\",\"position\":1,\"name\":\"Portada\",\"item\":\"https:\\\/\\\/thelyflabs.com\\\/\"},{\"@type\":\"ListItem\",\"position\":2,\"name\":\"Pol\u00edtica de envi\u00f3 y devoluciones\"}]},{\"@type\":\"WebSite\",\"@id\":\"https:\\\/\\\/thelyflabs.com\\\/#website\",\"url\":\"https:\\\/\\\/thelyflabs.com\\\/\",\"name\":\"The LYF Labs\",\"description\":\"CBD al por mayor\",\"publisher\":{\"@id\":\"https:\\\/\\\/thelyflabs.com\\\/#organization\"},\"potentialAction\":[{\"@type\":\"SearchAction\",\"target\":{\"@type\":\"EntryPoint\",\"urlTemplate\":\"https:\\\/\\\/thelyflabs.com\\\/?s={search_term_string}\"},\"query-input\":{\"@type\":\"PropertyValueSpecification\",\"valueRequired\":true,\"valueName\":\"search_term_string\"}}],\"inLanguage\":\"it-IT\"},{\"@type\":\"Organization\",\"@id\":\"https:\\\/\\\/thelyflabs.com\\\/#organization\",\"name\":\"The LYF Labs\",\"url\":\"https:\\\/\\\/thelyflabs.com\\\/\",\"logo\":{\"@type\":\"ImageObject\",\"inLanguage\":\"it-IT\",\"@id\":\"https:\\\/\\\/thelyflabs.com\\\/#\\\/schema\\\/logo\\\/image\\\/\",\"url\":\"https:\\\/\\\/thelyflabs.com\\\/wp-content\\\/uploads\\\/2023\\\/01\\\/cropped-LogoTheLYFLabs.png\",\"contentUrl\":\"https:\\\/\\\/thelyflabs.com\\\/wp-content\\\/uploads\\\/2023\\\/01\\\/cropped-LogoTheLYFLabs.png\",\"width\":600,\"height\":180,\"caption\":\"The LYF Labs\"},\"image\":{\"@id\":\"https:\\\/\\\/thelyflabs.com\\\/#\\\/schema\\\/logo\\\/image\\\/\"}}]}<\/script>\n<!-- \/ Yoast SEO plugin. -->","yoast_head_json":{"title":"Politica di spedizione e resi - THE LYF LABS","robots":{"index":"index","follow":"follow","max-snippet":"max-snippet:-1","max-image-preview":"max-image-preview:large","max-video-preview":"max-video-preview:-1"},"canonical":"https:\/\/thelyflabs.com\/it\/politica-de-envio-y-devoluciones\/","og_locale":"it_IT","og_type":"article","og_title":"Pol\u00edtica de envi\u00f3 y devoluciones - THE LYF LABS","og_description":"Condiciones Legales de Env\u00edos y Devoluciones Las Condiciones Legales de Env\u00edo y Anulaci\u00f3n forman parte de las Condiciones Legales de Contrataci\u00f3n (en adelante, las \u00abCondiciones de Venta\u00bb) que rigen las operaciones de venta realizadas en la tienda en l\u00ednea contenida en el dominio thelyflabs.com (en adelante, la \u00abTienda Online\u00bb). La compra de cualquiera de los [&hellip;]","og_url":"https:\/\/thelyflabs.com\/it\/politica-de-envio-y-devoluciones\/","og_site_name":"THE LYF LABS","article_modified_time":"2023-05-15T12:37:48+00:00","twitter_card":"summary_large_image","twitter_misc":{"Tempo di lettura stimato":"5 minuti"},"schema":{"@context":"https:\/\/schema.org","@graph":[{"@type":"WebPage","@id":"https:\/\/thelyflabs.com\/politica-de-envio-y-devoluciones","url":"https:\/\/thelyflabs.com\/politica-de-envio-y-devoluciones","name":"Politica di spedizione e resi - THE LYF LABS","isPartOf":{"@id":"https:\/\/thelyflabs.com\/#website"},"datePublished":"2023-02-10T19:56:07+00:00","dateModified":"2023-05-15T12:37:48+00:00","breadcrumb":{"@id":"https:\/\/thelyflabs.com\/politica-de-envio-y-devoluciones#breadcrumb"},"inLanguage":"it-IT","potentialAction":[{"@type":"ReadAction","target":["https:\/\/thelyflabs.com\/politica-de-envio-y-devoluciones"]}]},{"@type":"BreadcrumbList","@id":"https:\/\/thelyflabs.com\/politica-de-envio-y-devoluciones#breadcrumb","itemListElement":[{"@type":"ListItem","position":1,"name":"Portada","item":"https:\/\/thelyflabs.com\/"},{"@type":"ListItem","position":2,"name":"Pol\u00edtica de envi\u00f3 y devoluciones"}]},{"@type":"WebSite","@id":"https:\/\/thelyflabs.com\/#website","url":"https:\/\/thelyflabs.com\/","name":"I laboratori LYF","description":"CBD all&#039;ingrosso","publisher":{"@id":"https:\/\/thelyflabs.com\/#organization"},"potentialAction":[{"@type":"SearchAction","target":{"@type":"EntryPoint","urlTemplate":"https:\/\/thelyflabs.com\/?s={search_term_string}"},"query-input":{"@type":"PropertyValueSpecification","valueRequired":true,"valueName":"search_term_string"}}],"inLanguage":"it-IT"},{"@type":"Organization","@id":"https:\/\/thelyflabs.com\/#organization","name":"I laboratori LYF","url":"https:\/\/thelyflabs.com\/","logo":{"@type":"ImageObject","inLanguage":"it-IT","@id":"https:\/\/thelyflabs.com\/#\/schema\/logo\/image\/","url":"https:\/\/thelyflabs.com\/wp-content\/uploads\/2023\/01\/cropped-LogoTheLYFLabs.png","contentUrl":"https:\/\/thelyflabs.com\/wp-content\/uploads\/2023\/01\/cropped-LogoTheLYFLabs.png","width":600,"height":180,"caption":"The LYF Labs"},"image":{"@id":"https:\/\/thelyflabs.com\/#\/schema\/logo\/image\/"}}]}},"_links":{"self":[{"href":"https:\/\/thelyflabs.com\/it\/wp-json\/wp\/v2\/pages\/915","targetHints":{"allow":["GET"]}}],"collection":[{"href":"https:\/\/thelyflabs.com\/it\/wp-json\/wp\/v2\/pages"}],"about":[{"href":"https:\/\/thelyflabs.com\/it\/wp-json\/wp\/v2\/types\/page"}],"author":[{"embeddable":true,"href":"https:\/\/thelyflabs.com\/it\/wp-json\/wp\/v2\/users\/1"}],"replies":[{"embeddable":true,"href":"https:\/\/thelyflabs.com\/it\/wp-json\/wp\/v2\/comments?post=915"}],"version-history":[{"count":4,"href":"https:\/\/thelyflabs.com\/it\/wp-json\/wp\/v2\/pages\/915\/revisions"}],"predecessor-version":[{"id":1862,"href":"https:\/\/thelyflabs.com\/it\/wp-json\/wp\/v2\/pages\/915\/revisions\/1862"}],"wp:attachment":[{"href":"https:\/\/thelyflabs.com\/it\/wp-json\/wp\/v2\/media?parent=915"}],"curies":[{"name":"parola chiave","href":"https:\/\/api.w.org\/{rel}","templated":true}]}}