{"id":921,"date":"2023-02-10T21:06:34","date_gmt":"2023-02-10T21:06:34","guid":{"rendered":"https:\/\/thelyflabs.com\/?page_id=921"},"modified":"2026-03-25T09:30:00","modified_gmt":"2026-03-25T08:30:00","slug":"terminos-y-condiciones","status":"publish","type":"page","link":"https:\/\/thelyflabs.com\/it\/terminos-y-condiciones","title":{"rendered":"Termini e Condizioni"},"content":{"rendered":"<p><strong>Condizioni legali generali<\/strong><\/p>\n\n\n\n<p>Le Condizioni Legali Generali comprendono le seguenti clausole insieme alle Condizioni Legali sulla Privacy e sui Cookie (di seguito, le &quot;Condizioni d&#039;Uso&quot;) che regolano, tra l&#039;altro, l&#039;accesso e l&#039;uso del sito web contenuto nel dominio thelyflabs.com (di seguito, il &quot;Sito Web&quot;).<\/p>\n\n\n\n<p>L&#039;accesso e l&#039;utilizzo del Sito Web implicano l&#039;accettazione senza riserve, in qualit\u00e0 di UTENTE, delle Condizioni d&#039;uso.<\/p>\n\n\n\n<p><strong>1.IDENTIFICAZIONE<\/strong><\/p>\n\n\n\n<p>En cumplimiento con el deber de informaci\u00f3n establecido en la normativa aplicable, a continuaci\u00f3n se reflejan los siguientes datos: la empresa titular de la Web es Aura Works s.r.o. (en adelante, \u00abThe LYF Labs\u00bb), con N\u00famero de Identificaci\u00f3n Fiscal (VAT) CZ23934352, con domicilio social en \u0160umavsk\u00e1 1094\/3, Vinohrady, 120 00 Praga 2, Rep\u00fablica Checa, y correo electr\u00f3nico de contacto: contacto@thelyflabs.com. La sociedad se encuentra debidamente inscrita en el Registro Mercantil del Tribunal Municipal de Praga, secci\u00f3n C, expediente 435441, con n\u00famero de identificaci\u00f3n 239 34 352.<\/p>\n\n\n\n<p><strong>2.UTENTE<\/strong><\/p>\n\n\n\n<p>L&#039;accesso e\/o l&#039;utilizzo del Sito Web conferisce a chiunque lo status di &quot;UTENTE&quot;, il quale accetta espressamente e integralmente tutte le Condizioni d&#039;Uso, comprese quelle stabilite per determinate promozioni, nonch\u00e9 l&#039;Informativa sulla Privacy e sui Cookie, relative alle finalit\u00e0 del trattamento dei dati personali forniti dall&#039;UTENTE. Si prega di leggerle attentamente.<\/p>\n\n\n\n<p>Per accedere e\/o utilizzare il Sito Web, l&#039;UTENTE dichiara di essere maggiorenne e\/o di avere la capacit\u00e0 giuridica di agire in conformit\u00e0 con la propria legislazione nazionale.<\/p>\n\n\n\n<p>Accettando le presenti Condizioni d&#039;Uso, l&#039;UTENTE accetta espressamente di:<\/p>\n\n\n\n<ol class=\"wp-block-list\">\n<li>Non intraprendere alcuna azione volta a danneggiare, bloccare, danneggiare, disabilitare o sovraccaricare, temporaneamente o permanentemente, le funzionalit\u00e0, gli strumenti, i contenuti e\/o l&#039;infrastruttura del Sito Web in modo tale da impedirne il normale utilizzo.<\/li>\n\n\n\n<li>Non introdurre o creare contenuti ingiuriosi o diffamatori, n\u00e9 di altri UTENTI n\u00e9 di societ\u00e0 terze estranee a The LYF Labs. Non utilizzare alcun materiale e informazione contenuti in questo Sito Web per scopi illegali o espressamente vietati dalle presenti Condizioni d&#039;Uso, nonch\u00e9 dalle condizioni specifiche che, ove applicabili, sono stabilite per determinate applicazioni e\/o utilit\u00e0 e che sono contrari ai diritti e agli interessi di The LYF Labs, dei suoi utenti e\/o di terze parti.<\/li>\n\n\n\n<li>Non offrire o distribuire prodotti e servizi, n\u00e9 effettuare pubblicit\u00e0 o comunicazioni commerciali non richieste ad altri utenti o a terze parti.<\/li>\n<\/ol>\n\n\n\n<p>L&#039;UTENTE sar\u00e0 responsabile per tutti i danni di qualsiasi natura che The LYF Labs o terzi dovessero subire a seguito della violazione di uno qualsiasi degli obblighi a cui l&#039;UTENTE \u00e8 soggetto in virt\u00f9 delle presenti Condizioni d&#039;uso o della Legge.<\/p>\n\n\n\n<ol start=\"3\" class=\"wp-block-list\">\n<li><strong>PROTEZIONE DEI DATI<\/strong><\/li>\n<\/ol>\n\n\n\n<p>The LYF Labs cumple con lo dispuesto en el Reglamento (UE) 2016\/679 (RGPD), as\u00ed como con la Ley Org\u00e1nica 3\/2018 de Protecci\u00f3n de Datos Personales y garant\u00eda de los derechos digitales, cuando resulte de aplicaci\u00f3n, y vela por garantizar un correcto uso y tratamiento de los datos personales del USUARIO.<\/p>\n\n\n\n<p>Para ello, junto a cada formulario de recogida de datos de car\u00e1cter personal del USUARIO, The LYF Labs informar\u00e1 sobre la finalidad, base legal y tratamiento de los datos personales, as\u00ed como la forma de ejercer sus derechos.<\/p>\n\n\n\n<p>Allo stesso modo, The LYF Labs informa che richieder\u00e0 il consenso di ciascun UTENTE in merito all&#039;archiviazione e al trattamento dei suoi dati personali per scopi commerciali.<\/p>\n\n\n\n<ol start=\"4\" class=\"wp-block-list\">\n<li><strong>USO DEL WEB<\/strong><\/li>\n<\/ol>\n\n\n\n<p>thelyflabs.com fornisce accesso a una moltitudine di informazioni su prodotti e\/o servizi, programmi o dati su Internet.<\/p>\n\n\n\n<p>L&#039;UTENTE si assume la responsabilit\u00e0 dell&#039;utilizzo del portale, che si estende alla registrazione richiesta per accedere a determinati servizi o contenuti. Durante tale registrazione, l&#039;UTENTE sar\u00e0 responsabile di fornire informazioni veritiere e legittime. A seguito di tale registrazione, l&#039;UTENTE potrebbe fornire una password che The LYF Labs non conoscer\u00e0 e di cui sar\u00e0 responsabile. L&#039;UTENTE si impegna a utilizzarla con diligenza e riservatezza.<\/p>\n\n\n\n<p>L&#039;UTENTE si impegna a fare un uso appropriato dei contenuti e dei servizi che The LYF Labs pu\u00f2 offrire tramite il proprio sito web e, a titolo esemplificativo ma non esaustivo, a non utilizzarli per (i) intraprendere attivit\u00e0 illecite, illegali o contrarie alla buona fede e all&#039;ordine pubblico; (ii) causare danni ai sistemi di The LYF Labs, dei suoi fornitori o di terzi, introdurre o diffondere virus informatici o qualsiasi altro sistema fisico o logico che possa causare i suddetti danni; (iii) tentare di accedere e, se del caso, utilizzare gli account di posta elettronica di altri utenti e modificare o manipolare i loro messaggi.<\/p>\n\n\n\n<p>In caso di inadempimento totale o parziale da parte dell&#039;UTENTE delle presenti Condizioni d&#039;Uso, The LYF Labs si riserva il diritto di negare l&#039;accesso senza alcun preavviso all&#039;UTENTE.<\/p>\n\n\n\n<ol start=\"5\" class=\"wp-block-list\">\n<li><strong>PROPRIET\u00c0 INTELLETTUALE E INDUSTRIALE<\/strong><\/li>\n<\/ol>\n\n\n\n<p>The LYF Labs por s\u00ed o como cesionaria\/licenciataria en exclusiva, es titular de todos los derechos de propiedad intelectual e industrial de esta Web.<\/p>\n\n\n\n<ol start=\"10\" class=\"wp-block-list\">\n<li><strong>LEGISLAZIONE APPLICABILE E GIURISDIZIONE<\/strong><\/li>\n<\/ol>\n\n\n\n<p>The LYF Labs se reserva la facultad de presentar las acciones civiles o penales que considere oportunas.<\/p>\n\n\n\n<p>La relaci\u00f3n entre The LYF Labs y el USUARIO se regir\u00e1 por la normativa de la Uni\u00f3n Europea y la legislaci\u00f3n aplicable. En caso de consumidores, se aplicar\u00e1 la normativa correspondiente a su pa\u00eds de residencia.<\/p>","protected":false},"excerpt":{"rendered":"<p>Condiciones Legales Generales Las Condiciones Legales Generales comprenden las siguientes cl\u00e1usulas en conjunci\u00f3n con las Condiciones Legales de Privacidad y de Cookies (en adelante, las \u00abCondiciones de Uso\u00bb) que rigen, entre otros, el acceso y uso al sitio web contenido en el dominio thelyflabs.com (en adelante, la \u00abWeb\u00bb). El acceso y uso a la Web [&hellip;]<\/p>\n","protected":false},"author":1,"featured_media":0,"parent":0,"menu_order":0,"comment_status":"closed","ping_status":"closed","template":"","meta":{"_acf_changed":false,"site-sidebar-layout":"default","site-content-layout":"","ast-site-content-layout":"default","site-content-style":"default","site-sidebar-style":"default","ast-global-header-display":"","ast-banner-title-visibility":"","ast-main-header-display":"","ast-hfb-above-header-display":"","ast-hfb-below-header-display":"","ast-hfb-mobile-header-display":"","site-post-title":"","ast-breadcrumbs-content":"","ast-featured-img":"","footer-sml-layout":"","theme-transparent-header-meta":"","adv-header-id-meta":"","stick-header-meta":"","header-above-stick-meta":"","header-main-stick-meta":"","header-below-stick-meta":"","astra-migrate-meta-layouts":"set","ast-page-background-enabled":"default","ast-page-background-meta":{"desktop":{"background-color":"var(--ast-global-color-4)","background-image":"","background-repeat":"repeat","background-position":"center center","background-size":"auto","background-attachment":"scroll","background-type":"","background-media":"","overlay-type":"","overlay-color":"","overlay-opacity":"","overlay-gradient":""},"tablet":{"background-color":"","background-image":"","background-repeat":"repeat","background-position":"center center","background-size":"auto","background-attachment":"scroll","background-type":"","background-media":"","overlay-type":"","overlay-color":"","overlay-opacity":"","overlay-gradient":""},"mobile":{"background-color":"","background-image":"","background-repeat":"repeat","background-position":"center center","background-size":"auto","background-attachment":"scroll","background-type":"","background-media":"","overlay-type":"","overlay-color":"","overlay-opacity":"","overlay-gradient":""}},"ast-content-background-meta":{"desktop":{"background-color":"var(--ast-global-color-5)","background-image":"","background-repeat":"repeat","background-position":"center center","background-size":"auto","background-attachment":"scroll","background-type":"","background-media":"","overlay-type":"","overlay-color":"","overlay-opacity":"","overlay-gradient":""},"tablet":{"background-color":"var(--ast-global-color-5)","background-image":"","background-repeat":"repeat","background-position":"center center","background-size":"auto","background-attachment":"scroll","background-type":"","background-media":"","overlay-type":"","overlay-color":"","overlay-opacity":"","overlay-gradient":""},"mobile":{"background-color":"var(--ast-global-color-5)","background-image":"","background-repeat":"repeat","background-position":"center center","background-size":"auto","background-attachment":"scroll","background-type":"","background-media":"","overlay-type":"","overlay-color":"","overlay-opacity":"","overlay-gradient":""}},"footnotes":""},"class_list":["post-921","page","type-page","status-publish","hentry"],"acf":[],"yoast_head":"<!-- This site is optimized with the Yoast SEO plugin v27.4 - https:\/\/yoast.com\/product\/yoast-seo-wordpress\/ -->\n<title>T\u00e9rminos y condiciones - THE LYF LABS<\/title>\n<meta name=\"robots\" content=\"index, follow, max-snippet:-1, max-image-preview:large, max-video-preview:-1\" \/>\n<link rel=\"canonical\" href=\"https:\/\/thelyflabs.com\/it\/terminos-y-condiciones\/\" \/>\n<meta property=\"og:locale\" content=\"it_IT\" \/>\n<meta property=\"og:type\" content=\"article\" \/>\n<meta property=\"og:title\" content=\"T\u00e9rminos y condiciones - THE LYF LABS\" \/>\n<meta property=\"og:description\" content=\"Condiciones Legales Generales Las Condiciones Legales Generales comprenden las siguientes cl\u00e1usulas en conjunci\u00f3n con las Condiciones Legales de Privacidad y de Cookies (en adelante, las \u00abCondiciones de Uso\u00bb) que rigen, entre otros, el acceso y uso al sitio web contenido en el dominio thelyflabs.com (en adelante, la \u00abWeb\u00bb). El acceso y uso a la Web [&hellip;]\" \/>\n<meta property=\"og:url\" content=\"https:\/\/thelyflabs.com\/it\/terminos-y-condiciones\/\" \/>\n<meta property=\"og:site_name\" content=\"THE LYF LABS\" \/>\n<meta property=\"article:modified_time\" content=\"2026-03-25T08:30:00+00:00\" \/>\n<meta name=\"twitter:card\" content=\"summary_large_image\" \/>\n<meta name=\"twitter:label1\" content=\"Tempo di lettura stimato\" \/>\n\t<meta name=\"twitter:data1\" content=\"5 minuti\" \/>\n<script type=\"application\/ld+json\" class=\"yoast-schema-graph\">{\"@context\":\"https:\\\/\\\/schema.org\",\"@graph\":[{\"@type\":\"WebPage\",\"@id\":\"https:\\\/\\\/thelyflabs.com\\\/terminos-y-condiciones\",\"url\":\"https:\\\/\\\/thelyflabs.com\\\/terminos-y-condiciones\",\"name\":\"T\u00e9rminos y condiciones - THE LYF LABS\",\"isPartOf\":{\"@id\":\"https:\\\/\\\/thelyflabs.com\\\/#website\"},\"datePublished\":\"2023-02-10T21:06:34+00:00\",\"dateModified\":\"2026-03-25T08:30:00+00:00\",\"breadcrumb\":{\"@id\":\"https:\\\/\\\/thelyflabs.com\\\/terminos-y-condiciones#breadcrumb\"},\"inLanguage\":\"it-IT\",\"potentialAction\":[{\"@type\":\"ReadAction\",\"target\":[\"https:\\\/\\\/thelyflabs.com\\\/terminos-y-condiciones\"]}]},{\"@type\":\"BreadcrumbList\",\"@id\":\"https:\\\/\\\/thelyflabs.com\\\/terminos-y-condiciones#breadcrumb\",\"itemListElement\":[{\"@type\":\"ListItem\",\"position\":1,\"name\":\"Portada\",\"item\":\"https:\\\/\\\/thelyflabs.com\\\/\"},{\"@type\":\"ListItem\",\"position\":2,\"name\":\"T\u00e9rminos y condiciones\"}]},{\"@type\":\"WebSite\",\"@id\":\"https:\\\/\\\/thelyflabs.com\\\/#website\",\"url\":\"https:\\\/\\\/thelyflabs.com\\\/\",\"name\":\"The LYF Labs\",\"description\":\"CBD al por mayor\",\"publisher\":{\"@id\":\"https:\\\/\\\/thelyflabs.com\\\/#organization\"},\"potentialAction\":[{\"@type\":\"SearchAction\",\"target\":{\"@type\":\"EntryPoint\",\"urlTemplate\":\"https:\\\/\\\/thelyflabs.com\\\/?s={search_term_string}\"},\"query-input\":{\"@type\":\"PropertyValueSpecification\",\"valueRequired\":true,\"valueName\":\"search_term_string\"}}],\"inLanguage\":\"it-IT\"},{\"@type\":\"Organization\",\"@id\":\"https:\\\/\\\/thelyflabs.com\\\/#organization\",\"name\":\"The LYF Labs\",\"url\":\"https:\\\/\\\/thelyflabs.com\\\/\",\"logo\":{\"@type\":\"ImageObject\",\"inLanguage\":\"it-IT\",\"@id\":\"https:\\\/\\\/thelyflabs.com\\\/#\\\/schema\\\/logo\\\/image\\\/\",\"url\":\"https:\\\/\\\/thelyflabs.com\\\/wp-content\\\/uploads\\\/2023\\\/01\\\/cropped-LogoTheLYFLabs.png\",\"contentUrl\":\"https:\\\/\\\/thelyflabs.com\\\/wp-content\\\/uploads\\\/2023\\\/01\\\/cropped-LogoTheLYFLabs.png\",\"width\":600,\"height\":180,\"caption\":\"The LYF Labs\"},\"image\":{\"@id\":\"https:\\\/\\\/thelyflabs.com\\\/#\\\/schema\\\/logo\\\/image\\\/\"}}]}<\/script>\n<!-- \/ Yoast SEO plugin. -->","yoast_head_json":{"title":"Termini e condizioni - THE LYF LABS","robots":{"index":"index","follow":"follow","max-snippet":"max-snippet:-1","max-image-preview":"max-image-preview:large","max-video-preview":"max-video-preview:-1"},"canonical":"https:\/\/thelyflabs.com\/it\/terminos-y-condiciones\/","og_locale":"it_IT","og_type":"article","og_title":"T\u00e9rminos y condiciones - THE LYF LABS","og_description":"Condiciones Legales Generales Las Condiciones Legales Generales comprenden las siguientes cl\u00e1usulas en conjunci\u00f3n con las Condiciones Legales de Privacidad y de Cookies (en adelante, las \u00abCondiciones de Uso\u00bb) que rigen, entre otros, el acceso y uso al sitio web contenido en el dominio thelyflabs.com (en adelante, la \u00abWeb\u00bb). El acceso y uso a la Web [&hellip;]","og_url":"https:\/\/thelyflabs.com\/it\/terminos-y-condiciones\/","og_site_name":"THE LYF LABS","article_modified_time":"2026-03-25T08:30:00+00:00","twitter_card":"summary_large_image","twitter_misc":{"Tempo di lettura stimato":"5 minuti"},"schema":{"@context":"https:\/\/schema.org","@graph":[{"@type":"WebPage","@id":"https:\/\/thelyflabs.com\/terminos-y-condiciones","url":"https:\/\/thelyflabs.com\/terminos-y-condiciones","name":"Termini e condizioni - THE LYF LABS","isPartOf":{"@id":"https:\/\/thelyflabs.com\/#website"},"datePublished":"2023-02-10T21:06:34+00:00","dateModified":"2026-03-25T08:30:00+00:00","breadcrumb":{"@id":"https:\/\/thelyflabs.com\/terminos-y-condiciones#breadcrumb"},"inLanguage":"it-IT","potentialAction":[{"@type":"ReadAction","target":["https:\/\/thelyflabs.com\/terminos-y-condiciones"]}]},{"@type":"BreadcrumbList","@id":"https:\/\/thelyflabs.com\/terminos-y-condiciones#breadcrumb","itemListElement":[{"@type":"ListItem","position":1,"name":"Portada","item":"https:\/\/thelyflabs.com\/"},{"@type":"ListItem","position":2,"name":"T\u00e9rminos y condiciones"}]},{"@type":"WebSite","@id":"https:\/\/thelyflabs.com\/#website","url":"https:\/\/thelyflabs.com\/","name":"I laboratori LYF","description":"CBD all&#039;ingrosso","publisher":{"@id":"https:\/\/thelyflabs.com\/#organization"},"potentialAction":[{"@type":"SearchAction","target":{"@type":"EntryPoint","urlTemplate":"https:\/\/thelyflabs.com\/?s={search_term_string}"},"query-input":{"@type":"PropertyValueSpecification","valueRequired":true,"valueName":"search_term_string"}}],"inLanguage":"it-IT"},{"@type":"Organization","@id":"https:\/\/thelyflabs.com\/#organization","name":"I laboratori LYF","url":"https:\/\/thelyflabs.com\/","logo":{"@type":"ImageObject","inLanguage":"it-IT","@id":"https:\/\/thelyflabs.com\/#\/schema\/logo\/image\/","url":"https:\/\/thelyflabs.com\/wp-content\/uploads\/2023\/01\/cropped-LogoTheLYFLabs.png","contentUrl":"https:\/\/thelyflabs.com\/wp-content\/uploads\/2023\/01\/cropped-LogoTheLYFLabs.png","width":600,"height":180,"caption":"The LYF Labs"},"image":{"@id":"https:\/\/thelyflabs.com\/#\/schema\/logo\/image\/"}}]}},"_links":{"self":[{"href":"https:\/\/thelyflabs.com\/it\/wp-json\/wp\/v2\/pages\/921","targetHints":{"allow":["GET"]}}],"collection":[{"href":"https:\/\/thelyflabs.com\/it\/wp-json\/wp\/v2\/pages"}],"about":[{"href":"https:\/\/thelyflabs.com\/it\/wp-json\/wp\/v2\/types\/page"}],"author":[{"embeddable":true,"href":"https:\/\/thelyflabs.com\/it\/wp-json\/wp\/v2\/users\/1"}],"replies":[{"embeddable":true,"href":"https:\/\/thelyflabs.com\/it\/wp-json\/wp\/v2\/comments?post=921"}],"version-history":[{"count":3,"href":"https:\/\/thelyflabs.com\/it\/wp-json\/wp\/v2\/pages\/921\/revisions"}],"predecessor-version":[{"id":17636,"href":"https:\/\/thelyflabs.com\/it\/wp-json\/wp\/v2\/pages\/921\/revisions\/17636"}],"wp:attachment":[{"href":"https:\/\/thelyflabs.com\/it\/wp-json\/wp\/v2\/media?parent=921"}],"curies":[{"name":"parola chiave","href":"https:\/\/api.w.org\/{rel}","templated":true}]}}